{"id":32264,"date":"2022-06-29T12:03:26","date_gmt":"2022-06-29T12:03:26","guid":{"rendered":"https:\/\/yoestudiosalud.es\/producto\/batea-rinonera-de-acero\/"},"modified":"2025-06-17T20:19:34","modified_gmt":"2025-06-17T18:19:34","slug":"batea-rinonera-de-acero","status":"publish","type":"product","link":"https:\/\/yoestudiosalud.es\/fr\/produit\/batea-rinonera-de-acero\/","title":{"rendered":"BASSINE REIN EN ACIER"},"content":{"rendered":"<p>La Batea rein en acier est un contenant ou r\u00e9cipient indispensable pour le stockage de mat\u00e9riel clinique en m\u00e9decine, soins infirmiers ou v\u00e9t\u00e9rinaire. Il est tr\u00e8s utile pendant les interventions, que ce soit pour le placement d\u2019instruments chirurgicaux ou comme r\u00e9cipient pour compresses, liquides et autres.<\/p>\n<p>Elle pr\u00e9sente une grande durabilit\u00e9 et r\u00e9sistance.<\/p>\n<p>&nbsp;<\/p>\n<p>&nbsp;<\/p>\n","protected":false},"excerpt":{"rendered":"<p>La Batea rein en acier est un contenant ou r\u00e9cipient indispensable pour le stockage de mat\u00e9riel clinique en m\u00e9decine, soins infirmiers ou v\u00e9t\u00e9rinaire. Fabriqu\u00e9e en acier inoxydable, elle permet une st\u00e9rilisation compl\u00e8te. Elle est tr\u00e8s utile lors des interventions, que ce soit pour le placement d\u2019instruments chirurgicaux ou comme r\u00e9cipient pour compresses, liquides et autres.<\/p>\n<p>Elle pr\u00e9sente une grande durabilit\u00e9 et r\u00e9sistance.<\/p>\n<p>Caract\u00e9ristiques :<\/p>\n<ul>\n<li>Taille 20 cm pour contenir environ 300 ml.<\/li>\n<li>Fabriqu\u00e9e en acier inoxydable<\/li>\n<li>St\u00e9rilisable<\/li>\n<\/ul>\n","protected":false},"featured_media":32265,"template":"","meta":[],"product_brand":[],"product_cat":[722,718,719,720],"product_tag":[],"class_list":{"0":"post-32264","1":"product","2":"type-product","3":"status-publish","4":"has-post-thumbnail","6":"product_cat-instrumentalm-fr","7":"product_cat-medicine-fr","8":"product_cat-veterinaire-fr","9":"product_cat-instrumentalv-fr","10":"pa_formacion-veterinaria-fr","11":"pa_formacion-medicina-fr","13":"first","14":"onbackorder","15":"sale","16":"taxable","17":"shipping-taxable","18":"purchasable","19":"product-type-simple"},"yoast_head":"<!-- This site is optimized with the Yoast SEO Premium plugin v27.0 (Yoast SEO v27.2) - https:\/\/yoast.com\/product\/yoast-seo-premium-wordpress\/ -->\n<title>BASSINE REIN EN ACIER - Tienda del estudianteYoEstudioSalud.es<\/title>\n<meta name=\"description\" content=\"Batea ri\u00f1onera de acero inoxidable esterilizable indispensable como recipiente de material clinico. C\u00f3mpralo online en YoEstudioSalud.es\" \/>\n<meta name=\"robots\" content=\"index, follow, max-snippet:-1, max-image-preview:large, max-video-preview:-1\" \/>\n<link rel=\"canonical\" href=\"https:\/\/yoestudiosalud.es\/fr\/produit\/batea-rinonera-de-acero\/\" \/>\n<meta property=\"og:locale\" content=\"fr_FR\" \/>\n<meta property=\"og:type\" content=\"article\" \/>\n<meta property=\"og:title\" content=\"BASSINE REIN EN ACIER\" \/>\n<meta property=\"og:description\" content=\"Batea ri\u00f1onera de acero inoxidable esterilizable indispensable como recipiente de material clinico. C\u00f3mpralo online en YoEstudioSalud.es\" \/>\n<meta property=\"og:url\" content=\"https:\/\/yoestudiosalud.es\/fr\/produit\/batea-rinonera-de-acero\/\" \/>\n<meta property=\"og:site_name\" content=\"yoestudiosalud.es\" \/>\n<meta property=\"article:modified_time\" content=\"2025-06-17T18:19:34+00:00\" \/>\n<meta property=\"og:image\" content=\"https:\/\/yoestudiosalud.es\/wp-content\/uploads\/2022\/06\/003905.jpg\" \/>\n\t<meta property=\"og:image:width\" content=\"650\" \/>\n\t<meta property=\"og:image:height\" content=\"650\" \/>\n\t<meta property=\"og:image:type\" content=\"image\/jpeg\" \/>\n<meta name=\"twitter:card\" content=\"summary_large_image\" \/>\n<script type=\"application\/ld+json\" class=\"yoast-schema-graph\">{\"@context\":\"https:\/\/schema.org\",\"@graph\":[{\"@type\":\"WebPage\",\"@id\":\"https:\/\/yoestudiosalud.es\/fr\/produit\/batea-rinonera-de-acero\/\",\"url\":\"https:\/\/yoestudiosalud.es\/fr\/produit\/batea-rinonera-de-acero\/\",\"name\":\"BASSINE REIN EN ACIER - Tienda del estudianteYoEstudioSalud.es\",\"isPartOf\":{\"@id\":\"https:\/\/yoestudiosalud.es\/en\/#website\"},\"primaryImageOfPage\":{\"@id\":\"https:\/\/yoestudiosalud.es\/fr\/produit\/batea-rinonera-de-acero\/#primaryimage\"},\"image\":{\"@id\":\"https:\/\/yoestudiosalud.es\/fr\/produit\/batea-rinonera-de-acero\/#primaryimage\"},\"thumbnailUrl\":\"https:\/\/yoestudiosalud.es\/wp-content\/uploads\/2022\/06\/003905.jpg\",\"datePublished\":\"2022-06-29T12:03:26+00:00\",\"dateModified\":\"2025-06-17T18:19:34+00:00\",\"description\":\"Batea ri\u00f1onera de acero inoxidable esterilizable indispensable como recipiente de material clinico. C\u00f3mpralo online en YoEstudioSalud.es\",\"breadcrumb\":{\"@id\":\"https:\/\/yoestudiosalud.es\/fr\/produit\/batea-rinonera-de-acero\/#breadcrumb\"},\"inLanguage\":\"fr-FR\",\"potentialAction\":[{\"@type\":\"ReadAction\",\"target\":[\"https:\/\/yoestudiosalud.es\/fr\/produit\/batea-rinonera-de-acero\/\"]}]},{\"@type\":\"ImageObject\",\"inLanguage\":\"fr-FR\",\"@id\":\"https:\/\/yoestudiosalud.es\/fr\/produit\/batea-rinonera-de-acero\/#primaryimage\",\"url\":\"https:\/\/yoestudiosalud.es\/wp-content\/uploads\/2022\/06\/003905.jpg\",\"contentUrl\":\"https:\/\/yoestudiosalud.es\/wp-content\/uploads\/2022\/06\/003905.jpg\",\"width\":650,\"height\":650,\"caption\":\"BATEA RI\u00d1ONERA DE ACERO\"},{\"@type\":\"BreadcrumbList\",\"@id\":\"https:\/\/yoestudiosalud.es\/fr\/produit\/batea-rinonera-de-acero\/#breadcrumb\",\"itemListElement\":[{\"@type\":\"ListItem\",\"position\":1,\"name\":\"Portada\",\"item\":\"https:\/\/yoestudiosalud.es\/fr\/\"},{\"@type\":\"ListItem\",\"position\":2,\"name\":\"Boutique\",\"item\":\"https:\/\/yoestudiosalud.es\/fr\/boutique\/\"},{\"@type\":\"ListItem\",\"position\":3,\"name\":\"BASSINE REIN EN ACIER\"}]},{\"@type\":\"WebSite\",\"@id\":\"https:\/\/yoestudiosalud.es\/en\/#website\",\"url\":\"https:\/\/yoestudiosalud.es\/en\/\",\"name\":\"yoestudiosalud.es\",\"description\":\"Material para estudiantes del sector salud\",\"publisher\":{\"@id\":\"https:\/\/yoestudiosalud.es\/en\/#organization\"},\"potentialAction\":[{\"@type\":\"SearchAction\",\"target\":{\"@type\":\"EntryPoint\",\"urlTemplate\":\"https:\/\/yoestudiosalud.es\/en\/?s={search_term_string}\"},\"query-input\":{\"@type\":\"PropertyValueSpecification\",\"valueRequired\":true,\"valueName\":\"search_term_string\"}}],\"inLanguage\":\"fr-FR\"},{\"@type\":\"Organization\",\"@id\":\"https:\/\/yoestudiosalud.es\/en\/#organization\",\"name\":\"yoestudiosalud.es\",\"url\":\"https:\/\/yoestudiosalud.es\/en\/\",\"logo\":{\"@type\":\"ImageObject\",\"inLanguage\":\"fr-FR\",\"@id\":\"https:\/\/yoestudiosalud.es\/en\/#\/schema\/logo\/image\/\",\"url\":\"https:\/\/yoestudiosalud.es\/wp-content\/uploads\/2020\/04\/logonew-e1698080827687.png\",\"contentUrl\":\"https:\/\/yoestudiosalud.es\/wp-content\/uploads\/2020\/04\/logonew-e1698080827687.png\",\"width\":421,\"height\":393,\"caption\":\"yoestudiosalud.es\"},\"image\":{\"@id\":\"https:\/\/yoestudiosalud.es\/en\/#\/schema\/logo\/image\/\"}}]}<\/script>\n<!-- \/ Yoast SEO Premium plugin. -->","yoast_head_json":{"title":"BASSINE REIN EN ACIER - Tienda del estudianteYoEstudioSalud.es","description":"Batea ri\u00f1onera de acero inoxidable esterilizable indispensable como recipiente de material clinico. C\u00f3mpralo online en YoEstudioSalud.es","robots":{"index":"index","follow":"follow","max-snippet":"max-snippet:-1","max-image-preview":"max-image-preview:large","max-video-preview":"max-video-preview:-1"},"canonical":"https:\/\/yoestudiosalud.es\/fr\/produit\/batea-rinonera-de-acero\/","og_locale":"fr_FR","og_type":"article","og_title":"BASSINE REIN EN ACIER","og_description":"Batea ri\u00f1onera de acero inoxidable esterilizable indispensable como recipiente de material clinico. C\u00f3mpralo online en YoEstudioSalud.es","og_url":"https:\/\/yoestudiosalud.es\/fr\/produit\/batea-rinonera-de-acero\/","og_site_name":"yoestudiosalud.es","article_modified_time":"2025-06-17T18:19:34+00:00","og_image":[{"width":650,"height":650,"url":"https:\/\/yoestudiosalud.es\/wp-content\/uploads\/2022\/06\/003905.jpg","type":"image\/jpeg"}],"twitter_card":"summary_large_image","schema":{"@context":"https:\/\/schema.org","@graph":[{"@type":"WebPage","@id":"https:\/\/yoestudiosalud.es\/fr\/produit\/batea-rinonera-de-acero\/","url":"https:\/\/yoestudiosalud.es\/fr\/produit\/batea-rinonera-de-acero\/","name":"BASSINE REIN EN ACIER - Tienda del estudianteYoEstudioSalud.es","isPartOf":{"@id":"https:\/\/yoestudiosalud.es\/en\/#website"},"primaryImageOfPage":{"@id":"https:\/\/yoestudiosalud.es\/fr\/produit\/batea-rinonera-de-acero\/#primaryimage"},"image":{"@id":"https:\/\/yoestudiosalud.es\/fr\/produit\/batea-rinonera-de-acero\/#primaryimage"},"thumbnailUrl":"https:\/\/yoestudiosalud.es\/wp-content\/uploads\/2022\/06\/003905.jpg","datePublished":"2022-06-29T12:03:26+00:00","dateModified":"2025-06-17T18:19:34+00:00","description":"Batea ri\u00f1onera de acero inoxidable esterilizable indispensable como recipiente de material clinico. C\u00f3mpralo online en YoEstudioSalud.es","breadcrumb":{"@id":"https:\/\/yoestudiosalud.es\/fr\/produit\/batea-rinonera-de-acero\/#breadcrumb"},"inLanguage":"fr-FR","potentialAction":[{"@type":"ReadAction","target":["https:\/\/yoestudiosalud.es\/fr\/produit\/batea-rinonera-de-acero\/"]}]},{"@type":"ImageObject","inLanguage":"fr-FR","@id":"https:\/\/yoestudiosalud.es\/fr\/produit\/batea-rinonera-de-acero\/#primaryimage","url":"https:\/\/yoestudiosalud.es\/wp-content\/uploads\/2022\/06\/003905.jpg","contentUrl":"https:\/\/yoestudiosalud.es\/wp-content\/uploads\/2022\/06\/003905.jpg","width":650,"height":650,"caption":"BATEA RI\u00d1ONERA DE ACERO"},{"@type":"BreadcrumbList","@id":"https:\/\/yoestudiosalud.es\/fr\/produit\/batea-rinonera-de-acero\/#breadcrumb","itemListElement":[{"@type":"ListItem","position":1,"name":"Portada","item":"https:\/\/yoestudiosalud.es\/fr\/"},{"@type":"ListItem","position":2,"name":"Boutique","item":"https:\/\/yoestudiosalud.es\/fr\/boutique\/"},{"@type":"ListItem","position":3,"name":"BASSINE REIN EN ACIER"}]},{"@type":"WebSite","@id":"https:\/\/yoestudiosalud.es\/en\/#website","url":"https:\/\/yoestudiosalud.es\/en\/","name":"yoestudiosalud.es","description":"Material para estudiantes del sector salud","publisher":{"@id":"https:\/\/yoestudiosalud.es\/en\/#organization"},"potentialAction":[{"@type":"SearchAction","target":{"@type":"EntryPoint","urlTemplate":"https:\/\/yoestudiosalud.es\/en\/?s={search_term_string}"},"query-input":{"@type":"PropertyValueSpecification","valueRequired":true,"valueName":"search_term_string"}}],"inLanguage":"fr-FR"},{"@type":"Organization","@id":"https:\/\/yoestudiosalud.es\/en\/#organization","name":"yoestudiosalud.es","url":"https:\/\/yoestudiosalud.es\/en\/","logo":{"@type":"ImageObject","inLanguage":"fr-FR","@id":"https:\/\/yoestudiosalud.es\/en\/#\/schema\/logo\/image\/","url":"https:\/\/yoestudiosalud.es\/wp-content\/uploads\/2020\/04\/logonew-e1698080827687.png","contentUrl":"https:\/\/yoestudiosalud.es\/wp-content\/uploads\/2020\/04\/logonew-e1698080827687.png","width":421,"height":393,"caption":"yoestudiosalud.es"},"image":{"@id":"https:\/\/yoestudiosalud.es\/en\/#\/schema\/logo\/image\/"}}]}},"_links":{"self":[{"href":"https:\/\/yoestudiosalud.es\/fr\/wp-json\/wp\/v2\/product\/32264","targetHints":{"allow":["GET"]}}],"collection":[{"href":"https:\/\/yoestudiosalud.es\/fr\/wp-json\/wp\/v2\/product"}],"about":[{"href":"https:\/\/yoestudiosalud.es\/fr\/wp-json\/wp\/v2\/types\/product"}],"wp:featuredmedia":[{"embeddable":true,"href":"https:\/\/yoestudiosalud.es\/fr\/wp-json\/wp\/v2\/media\/32265"}],"wp:attachment":[{"href":"https:\/\/yoestudiosalud.es\/fr\/wp-json\/wp\/v2\/media?parent=32264"}],"wp:term":[{"taxonomy":"product_brand","embeddable":true,"href":"https:\/\/yoestudiosalud.es\/fr\/wp-json\/wp\/v2\/product_brand?post=32264"},{"taxonomy":"product_cat","embeddable":true,"href":"https:\/\/yoestudiosalud.es\/fr\/wp-json\/wp\/v2\/product_cat?post=32264"},{"taxonomy":"product_tag","embeddable":true,"href":"https:\/\/yoestudiosalud.es\/fr\/wp-json\/wp\/v2\/product_tag?post=32264"}],"curies":[{"name":"wp","href":"https:\/\/api.w.org\/{rel}","templated":true}]}}