{"id":32262,"date":"2022-06-29T12:42:59","date_gmt":"2022-06-29T12:42:59","guid":{"rendered":"https:\/\/yoestudiosalud.es\/producto\/caja-inox-para-instrumental\/"},"modified":"2025-06-17T20:20:27","modified_gmt":"2025-06-17T18:20:27","slug":"caja-inox-para-instrumental","status":"publish","type":"product","link":"https:\/\/yoestudiosalud.es\/fr\/produit\/caja-inox-para-instrumental\/","title":{"rendered":"BO\u00ceTE INOX POUR INSTRUMENTS"},"content":{"rendered":"<p>La bo\u00eete inox pour instruments est un r\u00e9cipient utile et pratique pour la st\u00e9rilisation des instruments chirurgicaux et pour conserver de mani\u00e8re aseptique le mat\u00e9riel st\u00e9rile.<\/p>\n","protected":false},"excerpt":{"rendered":"<p>La bo\u00eete inox pour instruments est un r\u00e9cipient utile et pratique pour la st\u00e9rilisation des instruments chirurgicaux et pour conserver de mani\u00e8re aseptique le mat\u00e9riel st\u00e9rile. Id\u00e9ale pour ranger l\u2019\u00e9quipement de chirurgie mineure : ciseaux, porte-aiguille, scalpel, pince de dissection, pince h\u00e9mostatique\u2026etc.<\/p>\n<p>Caract\u00e9ristiques :<\/p>\n<ul>\n<li>Bo\u00eete avec couvercle.<\/li>\n<li>Fabriqu\u00e9e en acier inoxydable.<\/li>\n<li>St\u00e9rilisable.<\/li>\n<li>Dimensions : 20x10x4 cm<\/li>\n<\/ul>\n","protected":false},"featured_media":32263,"template":"","meta":[],"product_brand":[],"product_cat":[718,719,720,722],"product_tag":[],"class_list":{"0":"post-32262","1":"product","2":"type-product","3":"status-publish","4":"has-post-thumbnail","6":"product_cat-medicine-fr","7":"product_cat-veterinaire-fr","8":"product_cat-instrumentalv-fr","9":"product_cat-instrumentalm-fr","10":"pa_formacion-medicina-fr","11":"pa_formacion-veterinaria-fr","13":"first","14":"onbackorder","15":"sale","16":"taxable","17":"shipping-taxable","18":"purchasable","19":"product-type-simple"},"yoast_head":"<!-- This site is optimized with the Yoast SEO Premium plugin v27.0 (Yoast SEO v27.4) - https:\/\/yoast.com\/product\/yoast-seo-premium-wordpress\/ -->\n<title>BO\u00ceTE INOX POUR INSTRUMENTS - yoestudiosalud.es C\u00f3mpralo online!<\/title>\n<meta name=\"description\" content=\"La caja inox para instrumental es un recipiente \u00fatil y pr\u00e1ctico para guardar \u00f3 esterilizarinstrumentos quir\u00fargicos. C\u00f3mpralo online !\" \/>\n<meta name=\"robots\" content=\"index, follow, max-snippet:-1, max-image-preview:large, max-video-preview:-1\" \/>\n<link rel=\"canonical\" href=\"https:\/\/yoestudiosalud.es\/fr\/produit\/caja-inox-para-instrumental\/\" \/>\n<meta property=\"og:locale\" content=\"fr_FR\" \/>\n<meta property=\"og:type\" content=\"article\" \/>\n<meta property=\"og:title\" content=\"BO\u00ceTE INOX POUR INSTRUMENTS\" \/>\n<meta property=\"og:description\" content=\"La caja inox para instrumental es un recipiente \u00fatil y pr\u00e1ctico para guardar \u00f3 esterilizarinstrumentos quir\u00fargicos. C\u00f3mpralo online !\" \/>\n<meta property=\"og:url\" content=\"https:\/\/yoestudiosalud.es\/fr\/produit\/caja-inox-para-instrumental\/\" \/>\n<meta property=\"og:site_name\" content=\"yoestudiosalud.es\" \/>\n<meta property=\"article:modified_time\" content=\"2025-06-17T18:20:27+00:00\" \/>\n<meta property=\"og:image\" content=\"https:\/\/yoestudiosalud.es\/wp-content\/uploads\/2022\/06\/001750.jpg\" \/>\n\t<meta property=\"og:image:width\" content=\"650\" \/>\n\t<meta property=\"og:image:height\" content=\"650\" \/>\n\t<meta property=\"og:image:type\" content=\"image\/jpeg\" \/>\n<meta name=\"twitter:card\" content=\"summary_large_image\" \/>\n<script type=\"application\/ld+json\" class=\"yoast-schema-graph\">{\"@context\":\"https:\\\/\\\/schema.org\",\"@graph\":[{\"@type\":\"WebPage\",\"@id\":\"https:\\\/\\\/yoestudiosalud.es\\\/fr\\\/produit\\\/caja-inox-para-instrumental\\\/\",\"url\":\"https:\\\/\\\/yoestudiosalud.es\\\/fr\\\/produit\\\/caja-inox-para-instrumental\\\/\",\"name\":\"BO\u00ceTE INOX POUR INSTRUMENTS - yoestudiosalud.es C\u00f3mpralo online!\",\"isPartOf\":{\"@id\":\"https:\\\/\\\/yoestudiosalud.es\\\/en\\\/#website\"},\"primaryImageOfPage\":{\"@id\":\"https:\\\/\\\/yoestudiosalud.es\\\/fr\\\/produit\\\/caja-inox-para-instrumental\\\/#primaryimage\"},\"image\":{\"@id\":\"https:\\\/\\\/yoestudiosalud.es\\\/fr\\\/produit\\\/caja-inox-para-instrumental\\\/#primaryimage\"},\"thumbnailUrl\":\"https:\\\/\\\/yoestudiosalud.es\\\/wp-content\\\/uploads\\\/2022\\\/06\\\/001750.jpg\",\"datePublished\":\"2022-06-29T12:42:59+00:00\",\"dateModified\":\"2025-06-17T18:20:27+00:00\",\"description\":\"La caja inox para instrumental es un recipiente \u00fatil y pr\u00e1ctico para guardar \u00f3 esterilizarinstrumentos quir\u00fargicos. C\u00f3mpralo online !\",\"breadcrumb\":{\"@id\":\"https:\\\/\\\/yoestudiosalud.es\\\/fr\\\/produit\\\/caja-inox-para-instrumental\\\/#breadcrumb\"},\"inLanguage\":\"fr-FR\",\"potentialAction\":[{\"@type\":\"ReadAction\",\"target\":[\"https:\\\/\\\/yoestudiosalud.es\\\/fr\\\/produit\\\/caja-inox-para-instrumental\\\/\"]}]},{\"@type\":\"ImageObject\",\"inLanguage\":\"fr-FR\",\"@id\":\"https:\\\/\\\/yoestudiosalud.es\\\/fr\\\/produit\\\/caja-inox-para-instrumental\\\/#primaryimage\",\"url\":\"https:\\\/\\\/yoestudiosalud.es\\\/wp-content\\\/uploads\\\/2022\\\/06\\\/001750.jpg\",\"contentUrl\":\"https:\\\/\\\/yoestudiosalud.es\\\/wp-content\\\/uploads\\\/2022\\\/06\\\/001750.jpg\",\"width\":650,\"height\":650,\"caption\":\"CAJA INOX PARA INSTRUMENTAL\"},{\"@type\":\"BreadcrumbList\",\"@id\":\"https:\\\/\\\/yoestudiosalud.es\\\/fr\\\/produit\\\/caja-inox-para-instrumental\\\/#breadcrumb\",\"itemListElement\":[{\"@type\":\"ListItem\",\"position\":1,\"name\":\"Portada\",\"item\":\"https:\\\/\\\/yoestudiosalud.es\\\/fr\\\/\"},{\"@type\":\"ListItem\",\"position\":2,\"name\":\"Boutique\",\"item\":\"https:\\\/\\\/yoestudiosalud.es\\\/fr\\\/boutique\\\/\"},{\"@type\":\"ListItem\",\"position\":3,\"name\":\"BO\u00ceTE INOX POUR INSTRUMENTS\"}]},{\"@type\":\"WebSite\",\"@id\":\"https:\\\/\\\/yoestudiosalud.es\\\/en\\\/#website\",\"url\":\"https:\\\/\\\/yoestudiosalud.es\\\/en\\\/\",\"name\":\"yoestudiosalud.es\",\"description\":\"Material para estudiantes del sector salud\",\"publisher\":{\"@id\":\"https:\\\/\\\/yoestudiosalud.es\\\/en\\\/#organization\"},\"potentialAction\":[{\"@type\":\"SearchAction\",\"target\":{\"@type\":\"EntryPoint\",\"urlTemplate\":\"https:\\\/\\\/yoestudiosalud.es\\\/en\\\/?s={search_term_string}\"},\"query-input\":{\"@type\":\"PropertyValueSpecification\",\"valueRequired\":true,\"valueName\":\"search_term_string\"}}],\"inLanguage\":\"fr-FR\"},{\"@type\":\"Organization\",\"@id\":\"https:\\\/\\\/yoestudiosalud.es\\\/en\\\/#organization\",\"name\":\"yoestudiosalud.es\",\"url\":\"https:\\\/\\\/yoestudiosalud.es\\\/en\\\/\",\"logo\":{\"@type\":\"ImageObject\",\"inLanguage\":\"fr-FR\",\"@id\":\"https:\\\/\\\/yoestudiosalud.es\\\/en\\\/#\\\/schema\\\/logo\\\/image\\\/\",\"url\":\"https:\\\/\\\/yoestudiosalud.es\\\/wp-content\\\/uploads\\\/2020\\\/04\\\/logonew-e1698080827687.png\",\"contentUrl\":\"https:\\\/\\\/yoestudiosalud.es\\\/wp-content\\\/uploads\\\/2020\\\/04\\\/logonew-e1698080827687.png\",\"width\":421,\"height\":393,\"caption\":\"yoestudiosalud.es\"},\"image\":{\"@id\":\"https:\\\/\\\/yoestudiosalud.es\\\/en\\\/#\\\/schema\\\/logo\\\/image\\\/\"}}]}<\/script>\n<!-- \/ Yoast SEO Premium plugin. -->","yoast_head_json":{"title":"BO\u00ceTE INOX POUR INSTRUMENTS - yoestudiosalud.es C\u00f3mpralo online!","description":"La caja inox para instrumental es un recipiente \u00fatil y pr\u00e1ctico para guardar \u00f3 esterilizarinstrumentos quir\u00fargicos. C\u00f3mpralo online !","robots":{"index":"index","follow":"follow","max-snippet":"max-snippet:-1","max-image-preview":"max-image-preview:large","max-video-preview":"max-video-preview:-1"},"canonical":"https:\/\/yoestudiosalud.es\/fr\/produit\/caja-inox-para-instrumental\/","og_locale":"fr_FR","og_type":"article","og_title":"BO\u00ceTE INOX POUR INSTRUMENTS","og_description":"La caja inox para instrumental es un recipiente \u00fatil y pr\u00e1ctico para guardar \u00f3 esterilizarinstrumentos quir\u00fargicos. C\u00f3mpralo online !","og_url":"https:\/\/yoestudiosalud.es\/fr\/produit\/caja-inox-para-instrumental\/","og_site_name":"yoestudiosalud.es","article_modified_time":"2025-06-17T18:20:27+00:00","og_image":[{"width":650,"height":650,"url":"https:\/\/yoestudiosalud.es\/wp-content\/uploads\/2022\/06\/001750.jpg","type":"image\/jpeg"}],"twitter_card":"summary_large_image","schema":{"@context":"https:\/\/schema.org","@graph":[{"@type":"WebPage","@id":"https:\/\/yoestudiosalud.es\/fr\/produit\/caja-inox-para-instrumental\/","url":"https:\/\/yoestudiosalud.es\/fr\/produit\/caja-inox-para-instrumental\/","name":"BO\u00ceTE INOX POUR INSTRUMENTS - yoestudiosalud.es C\u00f3mpralo online!","isPartOf":{"@id":"https:\/\/yoestudiosalud.es\/en\/#website"},"primaryImageOfPage":{"@id":"https:\/\/yoestudiosalud.es\/fr\/produit\/caja-inox-para-instrumental\/#primaryimage"},"image":{"@id":"https:\/\/yoestudiosalud.es\/fr\/produit\/caja-inox-para-instrumental\/#primaryimage"},"thumbnailUrl":"https:\/\/yoestudiosalud.es\/wp-content\/uploads\/2022\/06\/001750.jpg","datePublished":"2022-06-29T12:42:59+00:00","dateModified":"2025-06-17T18:20:27+00:00","description":"La caja inox para instrumental es un recipiente \u00fatil y pr\u00e1ctico para guardar \u00f3 esterilizarinstrumentos quir\u00fargicos. C\u00f3mpralo online !","breadcrumb":{"@id":"https:\/\/yoestudiosalud.es\/fr\/produit\/caja-inox-para-instrumental\/#breadcrumb"},"inLanguage":"fr-FR","potentialAction":[{"@type":"ReadAction","target":["https:\/\/yoestudiosalud.es\/fr\/produit\/caja-inox-para-instrumental\/"]}]},{"@type":"ImageObject","inLanguage":"fr-FR","@id":"https:\/\/yoestudiosalud.es\/fr\/produit\/caja-inox-para-instrumental\/#primaryimage","url":"https:\/\/yoestudiosalud.es\/wp-content\/uploads\/2022\/06\/001750.jpg","contentUrl":"https:\/\/yoestudiosalud.es\/wp-content\/uploads\/2022\/06\/001750.jpg","width":650,"height":650,"caption":"CAJA INOX PARA INSTRUMENTAL"},{"@type":"BreadcrumbList","@id":"https:\/\/yoestudiosalud.es\/fr\/produit\/caja-inox-para-instrumental\/#breadcrumb","itemListElement":[{"@type":"ListItem","position":1,"name":"Portada","item":"https:\/\/yoestudiosalud.es\/fr\/"},{"@type":"ListItem","position":2,"name":"Boutique","item":"https:\/\/yoestudiosalud.es\/fr\/boutique\/"},{"@type":"ListItem","position":3,"name":"BO\u00ceTE INOX POUR INSTRUMENTS"}]},{"@type":"WebSite","@id":"https:\/\/yoestudiosalud.es\/en\/#website","url":"https:\/\/yoestudiosalud.es\/en\/","name":"yoestudiosalud.es","description":"Material para estudiantes del sector salud","publisher":{"@id":"https:\/\/yoestudiosalud.es\/en\/#organization"},"potentialAction":[{"@type":"SearchAction","target":{"@type":"EntryPoint","urlTemplate":"https:\/\/yoestudiosalud.es\/en\/?s={search_term_string}"},"query-input":{"@type":"PropertyValueSpecification","valueRequired":true,"valueName":"search_term_string"}}],"inLanguage":"fr-FR"},{"@type":"Organization","@id":"https:\/\/yoestudiosalud.es\/en\/#organization","name":"yoestudiosalud.es","url":"https:\/\/yoestudiosalud.es\/en\/","logo":{"@type":"ImageObject","inLanguage":"fr-FR","@id":"https:\/\/yoestudiosalud.es\/en\/#\/schema\/logo\/image\/","url":"https:\/\/yoestudiosalud.es\/wp-content\/uploads\/2020\/04\/logonew-e1698080827687.png","contentUrl":"https:\/\/yoestudiosalud.es\/wp-content\/uploads\/2020\/04\/logonew-e1698080827687.png","width":421,"height":393,"caption":"yoestudiosalud.es"},"image":{"@id":"https:\/\/yoestudiosalud.es\/en\/#\/schema\/logo\/image\/"}}]}},"_links":{"self":[{"href":"https:\/\/yoestudiosalud.es\/fr\/wp-json\/wp\/v2\/product\/32262","targetHints":{"allow":["GET"]}}],"collection":[{"href":"https:\/\/yoestudiosalud.es\/fr\/wp-json\/wp\/v2\/product"}],"about":[{"href":"https:\/\/yoestudiosalud.es\/fr\/wp-json\/wp\/v2\/types\/product"}],"wp:featuredmedia":[{"embeddable":true,"href":"https:\/\/yoestudiosalud.es\/fr\/wp-json\/wp\/v2\/media\/32263"}],"wp:attachment":[{"href":"https:\/\/yoestudiosalud.es\/fr\/wp-json\/wp\/v2\/media?parent=32262"}],"wp:term":[{"taxonomy":"product_brand","embeddable":true,"href":"https:\/\/yoestudiosalud.es\/fr\/wp-json\/wp\/v2\/product_brand?post=32262"},{"taxonomy":"product_cat","embeddable":true,"href":"https:\/\/yoestudiosalud.es\/fr\/wp-json\/wp\/v2\/product_cat?post=32262"},{"taxonomy":"product_tag","embeddable":true,"href":"https:\/\/yoestudiosalud.es\/fr\/wp-json\/wp\/v2\/product_tag?post=32262"}],"curies":[{"name":"wp","href":"https:\/\/api.w.org\/{rel}","templated":true}]}}