{"id":32260,"date":"2022-08-04T09:16:22","date_gmt":"2022-08-04T09:16:22","guid":{"rendered":"https:\/\/yoestudiosalud.es\/producto\/diapason-aluminio-256-hz\/"},"modified":"2025-06-17T20:21:27","modified_gmt":"2025-06-17T18:21:27","slug":"diapason-aluminio-256-hz","status":"publish","type":"product","link":"https:\/\/yoestudiosalud.es\/fr\/produit\/diapason-aluminio-256-hz\/","title":{"rendered":"DIAPASON EN ALUMINIUM 256 Hz"},"content":{"rendered":"<p>Le diapason en aluminium 256 Hz est utilis\u00e9 pour effectuer des tests diagnostiques de la capacit\u00e9 auditive d\u2019un patient et permet de diff\u00e9rencier les diff\u00e9rents types d\u2019hypoacousie.<\/p>\n<p>Particuli\u00e8rement utile dans les domaines de l\u2019audiologie, de l\u2019otorhinolaryngologie, de la neurologie ou de l\u2019otoneurologie. L\u2019outil est fabriqu\u00e9 en aluminium, sans sourdine.<\/p>\n<p>&nbsp;<\/p>\n<div class=\"product-images col-md-5\">\n<section id=\"content\" class=\"page-content\">\n<div class=\"images-container\">\n<div class=\"js-qv-mask mask\"><\/div>\n<\/div>\n<\/section>\n<\/div>\n<div class=\"product-texts col-md-7\">\n<div class=\"product-additional-info\">\n<div class=\"product-additional-info-inner\">\n<div class=\"product-additional-buttons\"><\/div>\n<\/div>\n<\/div>\n<div class=\"product-information\">\n<div id=\"product-description-short-8725\" class=\"product-description-short\">\n<h1 class=\"j-blog-header j-blog-headline j-blog-post--headline\"><\/h1>\n<\/div>\n<\/div>\n<\/div>\n","protected":false},"excerpt":{"rendered":"<p>Diapason fabriqu\u00e9 en aluminium et fr\u00e9quence de 256 Hz. Il est utilis\u00e9 pour effectuer des tests diagnostiques de la capacit\u00e9 auditive des patients. Le diapason est indispensable pour r\u00e9aliser l\u2019acoum\u00e9trie de Rinne et Weber, permettant le diagnostic des surdit\u00e9s de transmission et des surdit\u00e9s neurosensorielles. Pour faire sonner le diapason, il faut tenir l\u2019instrument par la tige d\u2019une main et frapper une des branches du diapason. Particuli\u00e8rement utile dans les domaines de l\u2019audiologie, de l\u2019otorhinolaryngologie, de la neurologie ou de l\u2019otoneurologie.<\/p>\n<p>Exemple d\u2019utilisation :<\/p>\n<p>Test d\u2019acoum\u00e9trie de Rinne<\/p>\n<p><img decoding=\"async\" src=\"https:\/\/image.jimcdn.com\/app\/cms\/image\/transf\/none\/path\/sa014c1f81b4024bd\/image\/i717684414f7c5ad5\/version\/1516881454\/conclusiones-obtenidas-de-la-acumetr%C3%ADa-rinne-rinne.jpg\" alt=\"Conclusions obtenues par l\u2019acoum\u00e9trie : Rinne+, Rinne-\" \/><\/p>\n<p>Test d\u2019acoum\u00e9trie de Weber<\/p>\n<p><img decoding=\"async\" src=\"https:\/\/image.jimcdn.com\/app\/cms\/image\/transf\/none\/path\/sa014c1f81b4024bd\/image\/ib7c8ad0abdd8a30e\/version\/1416228547\/conclusiones-obtenidas-de-la-acumetr%C3%ADa-lateralizaci%C3%B3n.jpg\" alt=\"Conclusions obtenues par l\u2019acoum\u00e9trie : lat\u00e9ralisation.\" \/><\/p>\n<div class=\"product-texts col-md-7\">\n<div class=\"product-additional-info\">\n<div class=\"product-additional-info-inner\">\n<div class=\"product-additional-buttons\">\n<div class=\"product-button-wishlist\"><\/div>\n<\/div>\n<\/div>\n<\/div>\n<div class=\"product-information\">\n<div id=\"product-description-short-8725\" class=\"product-description-short\">\n<p>&nbsp;<\/p>\n<p>&nbsp;<\/p>\n<h1 class=\"j-blog-header j-blog-headline j-blog-post--headline\"><\/h1>\n<\/div>\n<\/div>\n<\/div>\n","protected":false},"featured_media":32261,"template":"","meta":[],"product_brand":[],"product_cat":[718,723],"product_tag":[],"class_list":{"0":"post-32260","1":"product","2":"type-product","3":"status-publish","4":"has-post-thumbnail","6":"product_cat-medicine-fr","7":"product_cat-equipmentm-fr","8":"pa_formacion-medicina-fr","10":"first","11":"onbackorder","12":"sale","13":"taxable","14":"shipping-taxable","15":"purchasable","16":"product-type-simple"},"yoast_head":"<!-- This site is optimized with the Yoast SEO Premium plugin v27.0 (Yoast SEO v27.2) - https:\/\/yoast.com\/product\/yoast-seo-premium-wordpress\/ -->\n<title>DIAPASON EN ALUMINIUM 256 Hz - yoestudiosalud.es dep\u00f3sito<\/title>\n<meta name=\"description\" content=\"Diapas\u00f3n aluminio 256 Hz \u00fatil para realizar pruebas diagn\u00f3sticas de la capacidad auditiva de un paciente. C\u00f3mpralo online en YoEstudioSalud.es\" \/>\n<meta name=\"robots\" content=\"index, follow, max-snippet:-1, max-image-preview:large, max-video-preview:-1\" \/>\n<link rel=\"canonical\" href=\"https:\/\/yoestudiosalud.es\/fr\/produit\/diapason-aluminio-256-hz\/\" \/>\n<meta property=\"og:locale\" content=\"fr_FR\" \/>\n<meta property=\"og:type\" content=\"article\" \/>\n<meta property=\"og:title\" content=\"DIAPASON EN ALUMINIUM 256 Hz\" \/>\n<meta property=\"og:description\" content=\"Diapas\u00f3n aluminio 256 Hz \u00fatil para realizar pruebas diagn\u00f3sticas de la capacidad auditiva de un paciente. C\u00f3mpralo online en YoEstudioSalud.es\" \/>\n<meta property=\"og:url\" content=\"https:\/\/yoestudiosalud.es\/fr\/produit\/diapason-aluminio-256-hz\/\" \/>\n<meta property=\"og:site_name\" content=\"yoestudiosalud.es\" \/>\n<meta property=\"article:modified_time\" content=\"2025-06-17T18:21:27+00:00\" \/>\n<meta property=\"og:image\" content=\"https:\/\/yoestudiosalud.es\/wp-content\/uploads\/2022\/08\/003389.jpg\" \/>\n\t<meta property=\"og:image:width\" content=\"650\" \/>\n\t<meta property=\"og:image:height\" content=\"650\" \/>\n\t<meta property=\"og:image:type\" content=\"image\/jpeg\" \/>\n<meta name=\"twitter:card\" content=\"summary_large_image\" \/>\n<script type=\"application\/ld+json\" class=\"yoast-schema-graph\">{\"@context\":\"https:\/\/schema.org\",\"@graph\":[{\"@type\":\"WebPage\",\"@id\":\"https:\/\/yoestudiosalud.es\/fr\/produit\/diapason-aluminio-256-hz\/\",\"url\":\"https:\/\/yoestudiosalud.es\/fr\/produit\/diapason-aluminio-256-hz\/\",\"name\":\"DIAPASON EN ALUMINIUM 256 Hz - yoestudiosalud.es dep\u00f3sito\",\"isPartOf\":{\"@id\":\"https:\/\/yoestudiosalud.es\/en\/#website\"},\"primaryImageOfPage\":{\"@id\":\"https:\/\/yoestudiosalud.es\/fr\/produit\/diapason-aluminio-256-hz\/#primaryimage\"},\"image\":{\"@id\":\"https:\/\/yoestudiosalud.es\/fr\/produit\/diapason-aluminio-256-hz\/#primaryimage\"},\"thumbnailUrl\":\"https:\/\/yoestudiosalud.es\/wp-content\/uploads\/2022\/08\/003389.jpg\",\"datePublished\":\"2022-08-04T09:16:22+00:00\",\"dateModified\":\"2025-06-17T18:21:27+00:00\",\"description\":\"Diapas\u00f3n aluminio 256 Hz \u00fatil para realizar pruebas diagn\u00f3sticas de la capacidad auditiva de un paciente. C\u00f3mpralo online en YoEstudioSalud.es\",\"breadcrumb\":{\"@id\":\"https:\/\/yoestudiosalud.es\/fr\/produit\/diapason-aluminio-256-hz\/#breadcrumb\"},\"inLanguage\":\"fr-FR\",\"potentialAction\":[{\"@type\":\"ReadAction\",\"target\":[\"https:\/\/yoestudiosalud.es\/fr\/produit\/diapason-aluminio-256-hz\/\"]}]},{\"@type\":\"ImageObject\",\"inLanguage\":\"fr-FR\",\"@id\":\"https:\/\/yoestudiosalud.es\/fr\/produit\/diapason-aluminio-256-hz\/#primaryimage\",\"url\":\"https:\/\/yoestudiosalud.es\/wp-content\/uploads\/2022\/08\/003389.jpg\",\"contentUrl\":\"https:\/\/yoestudiosalud.es\/wp-content\/uploads\/2022\/08\/003389.jpg\",\"width\":650,\"height\":650,\"caption\":\"DIAPAS\u00d3N ALUMINIO 256 Hz\"},{\"@type\":\"BreadcrumbList\",\"@id\":\"https:\/\/yoestudiosalud.es\/fr\/produit\/diapason-aluminio-256-hz\/#breadcrumb\",\"itemListElement\":[{\"@type\":\"ListItem\",\"position\":1,\"name\":\"Portada\",\"item\":\"https:\/\/yoestudiosalud.es\/fr\/\"},{\"@type\":\"ListItem\",\"position\":2,\"name\":\"Boutique\",\"item\":\"https:\/\/yoestudiosalud.es\/fr\/boutique\/\"},{\"@type\":\"ListItem\",\"position\":3,\"name\":\"DIAPASON EN ALUMINIUM 256 Hz\"}]},{\"@type\":\"WebSite\",\"@id\":\"https:\/\/yoestudiosalud.es\/en\/#website\",\"url\":\"https:\/\/yoestudiosalud.es\/en\/\",\"name\":\"yoestudiosalud.es\",\"description\":\"Material para estudiantes del sector salud\",\"publisher\":{\"@id\":\"https:\/\/yoestudiosalud.es\/en\/#organization\"},\"potentialAction\":[{\"@type\":\"SearchAction\",\"target\":{\"@type\":\"EntryPoint\",\"urlTemplate\":\"https:\/\/yoestudiosalud.es\/en\/?s={search_term_string}\"},\"query-input\":{\"@type\":\"PropertyValueSpecification\",\"valueRequired\":true,\"valueName\":\"search_term_string\"}}],\"inLanguage\":\"fr-FR\"},{\"@type\":\"Organization\",\"@id\":\"https:\/\/yoestudiosalud.es\/en\/#organization\",\"name\":\"yoestudiosalud.es\",\"url\":\"https:\/\/yoestudiosalud.es\/en\/\",\"logo\":{\"@type\":\"ImageObject\",\"inLanguage\":\"fr-FR\",\"@id\":\"https:\/\/yoestudiosalud.es\/en\/#\/schema\/logo\/image\/\",\"url\":\"https:\/\/yoestudiosalud.es\/wp-content\/uploads\/2020\/04\/logonew-e1698080827687.png\",\"contentUrl\":\"https:\/\/yoestudiosalud.es\/wp-content\/uploads\/2020\/04\/logonew-e1698080827687.png\",\"width\":421,\"height\":393,\"caption\":\"yoestudiosalud.es\"},\"image\":{\"@id\":\"https:\/\/yoestudiosalud.es\/en\/#\/schema\/logo\/image\/\"}}]}<\/script>\n<!-- \/ Yoast SEO Premium plugin. -->","yoast_head_json":{"title":"DIAPASON EN ALUMINIUM 256 Hz - yoestudiosalud.es dep\u00f3sito","description":"Diapas\u00f3n aluminio 256 Hz \u00fatil para realizar pruebas diagn\u00f3sticas de la capacidad auditiva de un paciente. C\u00f3mpralo online en YoEstudioSalud.es","robots":{"index":"index","follow":"follow","max-snippet":"max-snippet:-1","max-image-preview":"max-image-preview:large","max-video-preview":"max-video-preview:-1"},"canonical":"https:\/\/yoestudiosalud.es\/fr\/produit\/diapason-aluminio-256-hz\/","og_locale":"fr_FR","og_type":"article","og_title":"DIAPASON EN ALUMINIUM 256 Hz","og_description":"Diapas\u00f3n aluminio 256 Hz \u00fatil para realizar pruebas diagn\u00f3sticas de la capacidad auditiva de un paciente. C\u00f3mpralo online en YoEstudioSalud.es","og_url":"https:\/\/yoestudiosalud.es\/fr\/produit\/diapason-aluminio-256-hz\/","og_site_name":"yoestudiosalud.es","article_modified_time":"2025-06-17T18:21:27+00:00","og_image":[{"width":650,"height":650,"url":"https:\/\/yoestudiosalud.es\/wp-content\/uploads\/2022\/08\/003389.jpg","type":"image\/jpeg"}],"twitter_card":"summary_large_image","schema":{"@context":"https:\/\/schema.org","@graph":[{"@type":"WebPage","@id":"https:\/\/yoestudiosalud.es\/fr\/produit\/diapason-aluminio-256-hz\/","url":"https:\/\/yoestudiosalud.es\/fr\/produit\/diapason-aluminio-256-hz\/","name":"DIAPASON EN ALUMINIUM 256 Hz - yoestudiosalud.es dep\u00f3sito","isPartOf":{"@id":"https:\/\/yoestudiosalud.es\/en\/#website"},"primaryImageOfPage":{"@id":"https:\/\/yoestudiosalud.es\/fr\/produit\/diapason-aluminio-256-hz\/#primaryimage"},"image":{"@id":"https:\/\/yoestudiosalud.es\/fr\/produit\/diapason-aluminio-256-hz\/#primaryimage"},"thumbnailUrl":"https:\/\/yoestudiosalud.es\/wp-content\/uploads\/2022\/08\/003389.jpg","datePublished":"2022-08-04T09:16:22+00:00","dateModified":"2025-06-17T18:21:27+00:00","description":"Diapas\u00f3n aluminio 256 Hz \u00fatil para realizar pruebas diagn\u00f3sticas de la capacidad auditiva de un paciente. C\u00f3mpralo online en YoEstudioSalud.es","breadcrumb":{"@id":"https:\/\/yoestudiosalud.es\/fr\/produit\/diapason-aluminio-256-hz\/#breadcrumb"},"inLanguage":"fr-FR","potentialAction":[{"@type":"ReadAction","target":["https:\/\/yoestudiosalud.es\/fr\/produit\/diapason-aluminio-256-hz\/"]}]},{"@type":"ImageObject","inLanguage":"fr-FR","@id":"https:\/\/yoestudiosalud.es\/fr\/produit\/diapason-aluminio-256-hz\/#primaryimage","url":"https:\/\/yoestudiosalud.es\/wp-content\/uploads\/2022\/08\/003389.jpg","contentUrl":"https:\/\/yoestudiosalud.es\/wp-content\/uploads\/2022\/08\/003389.jpg","width":650,"height":650,"caption":"DIAPAS\u00d3N ALUMINIO 256 Hz"},{"@type":"BreadcrumbList","@id":"https:\/\/yoestudiosalud.es\/fr\/produit\/diapason-aluminio-256-hz\/#breadcrumb","itemListElement":[{"@type":"ListItem","position":1,"name":"Portada","item":"https:\/\/yoestudiosalud.es\/fr\/"},{"@type":"ListItem","position":2,"name":"Boutique","item":"https:\/\/yoestudiosalud.es\/fr\/boutique\/"},{"@type":"ListItem","position":3,"name":"DIAPASON EN ALUMINIUM 256 Hz"}]},{"@type":"WebSite","@id":"https:\/\/yoestudiosalud.es\/en\/#website","url":"https:\/\/yoestudiosalud.es\/en\/","name":"yoestudiosalud.es","description":"Material para estudiantes del sector salud","publisher":{"@id":"https:\/\/yoestudiosalud.es\/en\/#organization"},"potentialAction":[{"@type":"SearchAction","target":{"@type":"EntryPoint","urlTemplate":"https:\/\/yoestudiosalud.es\/en\/?s={search_term_string}"},"query-input":{"@type":"PropertyValueSpecification","valueRequired":true,"valueName":"search_term_string"}}],"inLanguage":"fr-FR"},{"@type":"Organization","@id":"https:\/\/yoestudiosalud.es\/en\/#organization","name":"yoestudiosalud.es","url":"https:\/\/yoestudiosalud.es\/en\/","logo":{"@type":"ImageObject","inLanguage":"fr-FR","@id":"https:\/\/yoestudiosalud.es\/en\/#\/schema\/logo\/image\/","url":"https:\/\/yoestudiosalud.es\/wp-content\/uploads\/2020\/04\/logonew-e1698080827687.png","contentUrl":"https:\/\/yoestudiosalud.es\/wp-content\/uploads\/2020\/04\/logonew-e1698080827687.png","width":421,"height":393,"caption":"yoestudiosalud.es"},"image":{"@id":"https:\/\/yoestudiosalud.es\/en\/#\/schema\/logo\/image\/"}}]}},"_links":{"self":[{"href":"https:\/\/yoestudiosalud.es\/fr\/wp-json\/wp\/v2\/product\/32260","targetHints":{"allow":["GET"]}}],"collection":[{"href":"https:\/\/yoestudiosalud.es\/fr\/wp-json\/wp\/v2\/product"}],"about":[{"href":"https:\/\/yoestudiosalud.es\/fr\/wp-json\/wp\/v2\/types\/product"}],"wp:featuredmedia":[{"embeddable":true,"href":"https:\/\/yoestudiosalud.es\/fr\/wp-json\/wp\/v2\/media\/32261"}],"wp:attachment":[{"href":"https:\/\/yoestudiosalud.es\/fr\/wp-json\/wp\/v2\/media?parent=32260"}],"wp:term":[{"taxonomy":"product_brand","embeddable":true,"href":"https:\/\/yoestudiosalud.es\/fr\/wp-json\/wp\/v2\/product_brand?post=32260"},{"taxonomy":"product_cat","embeddable":true,"href":"https:\/\/yoestudiosalud.es\/fr\/wp-json\/wp\/v2\/product_cat?post=32260"},{"taxonomy":"product_tag","embeddable":true,"href":"https:\/\/yoestudiosalud.es\/fr\/wp-json\/wp\/v2\/product_tag?post=32260"}],"curies":[{"name":"wp","href":"https:\/\/api.w.org\/{rel}","templated":true}]}}