{"id":32256,"date":"2022-09-07T15:29:16","date_gmt":"2022-09-07T15:29:16","guid":{"rendered":"https:\/\/yoestudiosalud.es\/producto\/bienair-estuche-friburg-unifix-estudiantes\/"},"modified":"2025-07-02T14:46:17","modified_gmt":"2025-07-02T12:46:17","slug":"bienair-estuche-friburg-unifix-estudiantes","status":"publish","type":"product","link":"https:\/\/yoestudiosalud.es\/fr\/produit\/bienair-estuche-friburg-unifix-estudiantes\/","title":{"rendered":"BIENAIR ROTATEUR KIT <br>FRIBURG UNIFIX"},"content":{"rendered":"<p>Mallette Friburg pour les \u00e9tudiants en m\u00e9decine dentaire BienAir. <strong>Le set de rotateurs comprend :<\/strong><\/p>\n<ul>\n<li><strong>Turbine BORA 2 LED + connexion UNIFIX 4<\/strong>. Fiabilit\u00e9 iconique et performances am\u00e9lior\u00e9es 20 W. Lumi\u00e8re LED. 3 800 tr\/min, syst\u00e8me Accu-Spry Quattro Mix, bouton Cool Touch, valve anti-retour et t\u00eate scell\u00e9e pour r\u00e9duire la contamination crois\u00e9e. Raccord pivotant UNIFIX \u00e0 4 trous et clapet anti-retour sur l&#8217;\u00e9chappement d&#8217;air.<\/li>\n<li><strong>CONTRE-ANGLE<\/strong> \u00e0 entra\u00eenement direct (1:1), avec irrigation \u00e0 3 jets et mouvement de forage ultra-pr\u00e9cis Accu-Chuck, r\u00e9glage par bouton-poussoir, tige d&#8217;instrument de \u00d82,35 mm et clapet anti-retour.<\/li>\n<li><strong>HANDPIECE<\/strong> avec transmission direct (1:1) et pr\u00e9cision in\u00e9gal\u00e9e, avec spray interne, r\u00e9glage par bague, pour tige d&#8217;instrument \u00d82,35 mm.<\/li>\n<li><strong>MICROMOTEUR MC AQUILON 830<\/strong> moteur pneumatique haute performance \u00e0 longue dur\u00e9e de vie. 5.000 &#8211; 20.000 rpm. spray interne, accouplement type E selon ISO 3964, accouplement rapide et pivotant type UNIFIX.<\/li>\n<\/ul>\n<p><strong>Gratuit :<\/strong><\/p>\n<ul>\n<li>Garantie compl\u00e8te sur les pi\u00e8ces jusqu&#8217;\u00e0 la fin de la formation.<\/li>\n<li>R\u00e9vision gratuite de tous les instruments \u00e0 la fin du cours.<\/li>\n<li>Caisse<\/li>\n<li>Bouteille de lubrifiant<\/li>\n<\/ul>\n<div class=\"video-shortcode\"><iframe title=\"Maintenance of Bien Air oral surgery and implantology handpieces\" width=\"1468\" height=\"826\" src=\"https:\/\/www.youtube.com\/embed\/0E5iuGN1-jc?feature=oembed\" frameborder=\"0\" allow=\"accelerometer; autoplay; clipboard-write; encrypted-media; gyroscope; picture-in-picture; web-share\" referrerpolicy=\"strict-origin-when-cross-origin\" allowfullscreen><\/iframe><\/div>\n","protected":false},"excerpt":{"rendered":"<p>Mallette Friburg pour les \u00e9tudiants en m\u00e9decine dentaire BienAir. <strong>Le set de rotateurs comprend :<\/strong><\/p>\n<ul>\n<li><strong>Turbine BORA 2 LED + connexion UNIFIX 4<\/strong>.<\/li>\n<li><strong>CONTRE-ANGLE<\/strong><\/li>\n<li><strong>HANDPIECE<\/strong><\/li>\n<li><strong>MICROMOTEUR MC AQUILON 830<\/strong><\/li>\n<\/ul>\n","protected":false},"featured_media":32257,"template":"","meta":[],"product_brand":[],"product_cat":[710,713],"product_tag":[679,764,769],"class_list":{"0":"post-32256","1":"product","2":"type-product","3":"status-publish","4":"has-post-thumbnail","6":"product_cat-odontologie-fr","7":"product_cat-rotatif-fr","8":"product_tag-ceusp2-fr","9":"product_tag-uevr","10":"product_tag-ceur","11":"pa_formacion-odontologia-fr","12":"pa_universidades-universidad-de-granada-fr","14":"first","15":"instock","16":"taxable","17":"shipping-taxable","18":"purchasable","19":"product-type-simple"},"yoast_head":"<!-- This site is optimized with the Yoast SEO Premium plugin v27.0 (Yoast SEO v27.4) - https:\/\/yoast.com\/product\/yoast-seo-premium-wordpress\/ -->\n<title>BIENAIR ROTATEUR KIT FRIBURG UNIFIX - yoestudiosalud.es<\/title>\n<meta name=\"description\" content=\"BIENAIR FRIBURG UNIFIX ROTARY KIT FOR STUDENTS cet \u00e9quipement contient tous les instruments rotatifs n\u00e9cessaires \u00e0 la dentisterie.\" \/>\n<meta name=\"robots\" content=\"index, follow, max-snippet:-1, max-image-preview:large, max-video-preview:-1\" \/>\n<link rel=\"canonical\" href=\"https:\/\/yoestudiosalud.es\/produit\/bienair-estuche-friburg-unifix-estudiantes-2\/\" \/>\n<meta property=\"og:locale\" content=\"fr_FR\" \/>\n<meta property=\"og:type\" content=\"article\" \/>\n<meta property=\"og:title\" content=\"BIENAIR ROTATEUR KIT FRIBURG UNIFIX\" \/>\n<meta property=\"og:description\" content=\"BIENAIR FRIBURG UNIFIX ROTARY KIT FOR STUDENTS cet \u00e9quipement contient tous les instruments rotatifs n\u00e9cessaires \u00e0 la dentisterie.\" \/>\n<meta property=\"og:url\" content=\"https:\/\/yoestudiosalud.es\/produit\/bienair-estuche-friburg-unifix-estudiantes-2\/\" \/>\n<meta property=\"og:site_name\" content=\"yoestudiosalud.es\" \/>\n<meta property=\"article:modified_time\" content=\"2025-07-02T12:46:17+00:00\" \/>\n<meta property=\"og:image\" content=\"https:\/\/yoestudiosalud.es\/wp-content\/uploads\/2022\/09\/001259.jpg\" \/>\n\t<meta property=\"og:image:width\" content=\"650\" \/>\n\t<meta property=\"og:image:height\" content=\"650\" \/>\n\t<meta property=\"og:image:type\" content=\"image\/jpeg\" \/>\n<meta name=\"twitter:card\" content=\"summary_large_image\" \/>\n<meta name=\"twitter:label1\" content=\"Dur\u00e9e de lecture estim\u00e9e\" \/>\n\t<meta name=\"twitter:data1\" content=\"1 minute\" \/>\n<script type=\"application\/ld+json\" class=\"yoast-schema-graph\">{\"@context\":\"https:\\\/\\\/schema.org\",\"@graph\":[{\"@type\":\"WebPage\",\"@id\":\"https:\\\/\\\/yoestudiosalud.es\\\/produit\\\/bienair-estuche-friburg-unifix-estudiantes-2\\\/\",\"url\":\"https:\\\/\\\/yoestudiosalud.es\\\/produit\\\/bienair-estuche-friburg-unifix-estudiantes-2\\\/\",\"name\":\"BIENAIR ROTATEUR KIT FRIBURG UNIFIX - yoestudiosalud.es\",\"isPartOf\":{\"@id\":\"https:\\\/\\\/yoestudiosalud.es\\\/en\\\/#website\"},\"primaryImageOfPage\":{\"@id\":\"https:\\\/\\\/yoestudiosalud.es\\\/produit\\\/bienair-estuche-friburg-unifix-estudiantes-2\\\/#primaryimage\"},\"image\":{\"@id\":\"https:\\\/\\\/yoestudiosalud.es\\\/produit\\\/bienair-estuche-friburg-unifix-estudiantes-2\\\/#primaryimage\"},\"thumbnailUrl\":\"https:\\\/\\\/yoestudiosalud.es\\\/wp-content\\\/uploads\\\/2022\\\/09\\\/001259.jpg\",\"datePublished\":\"2022-09-07T15:29:16+00:00\",\"dateModified\":\"2025-07-02T12:46:17+00:00\",\"description\":\"BIENAIR FRIBURG UNIFIX ROTARY KIT FOR STUDENTS cet \u00e9quipement contient tous les instruments rotatifs n\u00e9cessaires \u00e0 la dentisterie.\",\"breadcrumb\":{\"@id\":\"https:\\\/\\\/yoestudiosalud.es\\\/produit\\\/bienair-estuche-friburg-unifix-estudiantes-2\\\/#breadcrumb\"},\"inLanguage\":\"fr-FR\",\"potentialAction\":[{\"@type\":\"ReadAction\",\"target\":[\"https:\\\/\\\/yoestudiosalud.es\\\/produit\\\/bienair-estuche-friburg-unifix-estudiantes-2\\\/\"]}]},{\"@type\":\"ImageObject\",\"inLanguage\":\"fr-FR\",\"@id\":\"https:\\\/\\\/yoestudiosalud.es\\\/produit\\\/bienair-estuche-friburg-unifix-estudiantes-2\\\/#primaryimage\",\"url\":\"https:\\\/\\\/yoestudiosalud.es\\\/wp-content\\\/uploads\\\/2022\\\/09\\\/001259.jpg\",\"contentUrl\":\"https:\\\/\\\/yoestudiosalud.es\\\/wp-content\\\/uploads\\\/2022\\\/09\\\/001259.jpg\",\"width\":650,\"height\":650,\"caption\":\"BIENAIR ROTATEUR KIT FRIBURG UNIFIX\"},{\"@type\":\"BreadcrumbList\",\"@id\":\"https:\\\/\\\/yoestudiosalud.es\\\/produit\\\/bienair-estuche-friburg-unifix-estudiantes-2\\\/#breadcrumb\",\"itemListElement\":[{\"@type\":\"ListItem\",\"position\":1,\"name\":\"Portada\",\"item\":\"https:\\\/\\\/yoestudiosalud.es\\\/fr\\\/\"},{\"@type\":\"ListItem\",\"position\":2,\"name\":\"Boutique\",\"item\":\"https:\\\/\\\/yoestudiosalud.es\\\/fr\\\/boutique\\\/\"},{\"@type\":\"ListItem\",\"position\":3,\"name\":\"BIENAIR ROTATEUR KIT FRIBURG UNIFIX\"}]},{\"@type\":\"WebSite\",\"@id\":\"https:\\\/\\\/yoestudiosalud.es\\\/en\\\/#website\",\"url\":\"https:\\\/\\\/yoestudiosalud.es\\\/en\\\/\",\"name\":\"yoestudiosalud.es\",\"description\":\"Material para estudiantes del sector salud\",\"publisher\":{\"@id\":\"https:\\\/\\\/yoestudiosalud.es\\\/en\\\/#organization\"},\"potentialAction\":[{\"@type\":\"SearchAction\",\"target\":{\"@type\":\"EntryPoint\",\"urlTemplate\":\"https:\\\/\\\/yoestudiosalud.es\\\/en\\\/?s={search_term_string}\"},\"query-input\":{\"@type\":\"PropertyValueSpecification\",\"valueRequired\":true,\"valueName\":\"search_term_string\"}}],\"inLanguage\":\"fr-FR\"},{\"@type\":\"Organization\",\"@id\":\"https:\\\/\\\/yoestudiosalud.es\\\/en\\\/#organization\",\"name\":\"yoestudiosalud.es\",\"url\":\"https:\\\/\\\/yoestudiosalud.es\\\/en\\\/\",\"logo\":{\"@type\":\"ImageObject\",\"inLanguage\":\"fr-FR\",\"@id\":\"https:\\\/\\\/yoestudiosalud.es\\\/en\\\/#\\\/schema\\\/logo\\\/image\\\/\",\"url\":\"https:\\\/\\\/yoestudiosalud.es\\\/wp-content\\\/uploads\\\/2020\\\/04\\\/logonew-e1698080827687.png\",\"contentUrl\":\"https:\\\/\\\/yoestudiosalud.es\\\/wp-content\\\/uploads\\\/2020\\\/04\\\/logonew-e1698080827687.png\",\"width\":421,\"height\":393,\"caption\":\"yoestudiosalud.es\"},\"image\":{\"@id\":\"https:\\\/\\\/yoestudiosalud.es\\\/en\\\/#\\\/schema\\\/logo\\\/image\\\/\"}}]}<\/script>\n<!-- \/ Yoast SEO Premium plugin. -->","yoast_head_json":{"title":"BIENAIR ROTATEUR KIT FRIBURG UNIFIX - yoestudiosalud.es","description":"BIENAIR FRIBURG UNIFIX ROTARY KIT FOR STUDENTS cet \u00e9quipement contient tous les instruments rotatifs n\u00e9cessaires \u00e0 la dentisterie.","robots":{"index":"index","follow":"follow","max-snippet":"max-snippet:-1","max-image-preview":"max-image-preview:large","max-video-preview":"max-video-preview:-1"},"canonical":"https:\/\/yoestudiosalud.es\/produit\/bienair-estuche-friburg-unifix-estudiantes-2\/","og_locale":"fr_FR","og_type":"article","og_title":"BIENAIR ROTATEUR KIT FRIBURG UNIFIX","og_description":"BIENAIR FRIBURG UNIFIX ROTARY KIT FOR STUDENTS cet \u00e9quipement contient tous les instruments rotatifs n\u00e9cessaires \u00e0 la dentisterie.","og_url":"https:\/\/yoestudiosalud.es\/produit\/bienair-estuche-friburg-unifix-estudiantes-2\/","og_site_name":"yoestudiosalud.es","article_modified_time":"2025-07-02T12:46:17+00:00","og_image":[{"width":650,"height":650,"url":"https:\/\/yoestudiosalud.es\/wp-content\/uploads\/2022\/09\/001259.jpg","type":"image\/jpeg"}],"twitter_card":"summary_large_image","twitter_misc":{"Dur\u00e9e de lecture estim\u00e9e":"1 minute"},"schema":{"@context":"https:\/\/schema.org","@graph":[{"@type":"WebPage","@id":"https:\/\/yoestudiosalud.es\/produit\/bienair-estuche-friburg-unifix-estudiantes-2\/","url":"https:\/\/yoestudiosalud.es\/produit\/bienair-estuche-friburg-unifix-estudiantes-2\/","name":"BIENAIR ROTATEUR KIT FRIBURG UNIFIX - yoestudiosalud.es","isPartOf":{"@id":"https:\/\/yoestudiosalud.es\/en\/#website"},"primaryImageOfPage":{"@id":"https:\/\/yoestudiosalud.es\/produit\/bienair-estuche-friburg-unifix-estudiantes-2\/#primaryimage"},"image":{"@id":"https:\/\/yoestudiosalud.es\/produit\/bienair-estuche-friburg-unifix-estudiantes-2\/#primaryimage"},"thumbnailUrl":"https:\/\/yoestudiosalud.es\/wp-content\/uploads\/2022\/09\/001259.jpg","datePublished":"2022-09-07T15:29:16+00:00","dateModified":"2025-07-02T12:46:17+00:00","description":"BIENAIR FRIBURG UNIFIX ROTARY KIT FOR STUDENTS cet \u00e9quipement contient tous les instruments rotatifs n\u00e9cessaires \u00e0 la dentisterie.","breadcrumb":{"@id":"https:\/\/yoestudiosalud.es\/produit\/bienair-estuche-friburg-unifix-estudiantes-2\/#breadcrumb"},"inLanguage":"fr-FR","potentialAction":[{"@type":"ReadAction","target":["https:\/\/yoestudiosalud.es\/produit\/bienair-estuche-friburg-unifix-estudiantes-2\/"]}]},{"@type":"ImageObject","inLanguage":"fr-FR","@id":"https:\/\/yoestudiosalud.es\/produit\/bienair-estuche-friburg-unifix-estudiantes-2\/#primaryimage","url":"https:\/\/yoestudiosalud.es\/wp-content\/uploads\/2022\/09\/001259.jpg","contentUrl":"https:\/\/yoestudiosalud.es\/wp-content\/uploads\/2022\/09\/001259.jpg","width":650,"height":650,"caption":"BIENAIR ROTATEUR KIT FRIBURG UNIFIX"},{"@type":"BreadcrumbList","@id":"https:\/\/yoestudiosalud.es\/produit\/bienair-estuche-friburg-unifix-estudiantes-2\/#breadcrumb","itemListElement":[{"@type":"ListItem","position":1,"name":"Portada","item":"https:\/\/yoestudiosalud.es\/fr\/"},{"@type":"ListItem","position":2,"name":"Boutique","item":"https:\/\/yoestudiosalud.es\/fr\/boutique\/"},{"@type":"ListItem","position":3,"name":"BIENAIR ROTATEUR KIT FRIBURG UNIFIX"}]},{"@type":"WebSite","@id":"https:\/\/yoestudiosalud.es\/en\/#website","url":"https:\/\/yoestudiosalud.es\/en\/","name":"yoestudiosalud.es","description":"Material para estudiantes del sector salud","publisher":{"@id":"https:\/\/yoestudiosalud.es\/en\/#organization"},"potentialAction":[{"@type":"SearchAction","target":{"@type":"EntryPoint","urlTemplate":"https:\/\/yoestudiosalud.es\/en\/?s={search_term_string}"},"query-input":{"@type":"PropertyValueSpecification","valueRequired":true,"valueName":"search_term_string"}}],"inLanguage":"fr-FR"},{"@type":"Organization","@id":"https:\/\/yoestudiosalud.es\/en\/#organization","name":"yoestudiosalud.es","url":"https:\/\/yoestudiosalud.es\/en\/","logo":{"@type":"ImageObject","inLanguage":"fr-FR","@id":"https:\/\/yoestudiosalud.es\/en\/#\/schema\/logo\/image\/","url":"https:\/\/yoestudiosalud.es\/wp-content\/uploads\/2020\/04\/logonew-e1698080827687.png","contentUrl":"https:\/\/yoestudiosalud.es\/wp-content\/uploads\/2020\/04\/logonew-e1698080827687.png","width":421,"height":393,"caption":"yoestudiosalud.es"},"image":{"@id":"https:\/\/yoestudiosalud.es\/en\/#\/schema\/logo\/image\/"}}]}},"_links":{"self":[{"href":"https:\/\/yoestudiosalud.es\/fr\/wp-json\/wp\/v2\/product\/32256","targetHints":{"allow":["GET"]}}],"collection":[{"href":"https:\/\/yoestudiosalud.es\/fr\/wp-json\/wp\/v2\/product"}],"about":[{"href":"https:\/\/yoestudiosalud.es\/fr\/wp-json\/wp\/v2\/types\/product"}],"wp:featuredmedia":[{"embeddable":true,"href":"https:\/\/yoestudiosalud.es\/fr\/wp-json\/wp\/v2\/media\/32257"}],"wp:attachment":[{"href":"https:\/\/yoestudiosalud.es\/fr\/wp-json\/wp\/v2\/media?parent=32256"}],"wp:term":[{"taxonomy":"product_brand","embeddable":true,"href":"https:\/\/yoestudiosalud.es\/fr\/wp-json\/wp\/v2\/product_brand?post=32256"},{"taxonomy":"product_cat","embeddable":true,"href":"https:\/\/yoestudiosalud.es\/fr\/wp-json\/wp\/v2\/product_cat?post=32256"},{"taxonomy":"product_tag","embeddable":true,"href":"https:\/\/yoestudiosalud.es\/fr\/wp-json\/wp\/v2\/product_tag?post=32256"}],"curies":[{"name":"wp","href":"https:\/\/api.w.org\/{rel}","templated":true}]}}