{"id":32254,"date":"2022-09-22T17:42:27","date_gmt":"2022-09-22T17:42:27","guid":{"rendered":"https:\/\/yoestudiosalud.es\/producto\/jeringa-de-irrigacion-con-aguja\/"},"modified":"2025-07-02T14:51:38","modified_gmt":"2025-07-02T12:51:38","slug":"jeringa-de-irrigacion-con-aguja","status":"publish","type":"product","link":"https:\/\/yoestudiosalud.es\/fr\/produit\/jeringa-de-irrigacion-con-aguja\/","title":{"rendered":"SERINGUES DE 2,5 CC AVEC AIGUILLE \u00c9MOUSS\u00c9E"},"content":{"rendered":"<p>Seringue d&#8217;irrigation en plastique avec aiguille \u00e0 pointe \u00e9mouss\u00e9e, d&#8217;un volume de 2,5 cc et d&#8217;une \u00e9paisseur de pointe de 25 G.<\/p>\n<p>Ce type de seringue est con\u00e7u pour l&#8217;endodontie, o\u00f9 l&#8217;embout \u00e9mouss\u00e9 et la coupe lat\u00e9rale permettent d&#8217;obtenir un effet de pulv\u00e9risation qui aide \u00e0 \u00e9viter d&#8217;endommager l&#8217;apex de la dent lors des traitements d&#8217;irrigation, les poches parodontales et le transport des solutions vers les gencives et les zones avoisinantes.<\/p>\n<p>Elles sont livr\u00e9es dans un emballage unitaire st\u00e9rile pour faciliter l&#8217;utilisation et l&#8217;\u00e9limination de la seringue.<\/p>\n<p>&nbsp;<\/p>\n","protected":false},"excerpt":{"rendered":"<p>Seringue d&#8217;irrigation en plastique avec aiguille \u00e0 pointe \u00e9mouss\u00e9e, d&#8217;un volume de 2,5 cc et d&#8217;une \u00e9paisseur de pointe de 25 G.<\/p>\n","protected":false},"featured_media":32255,"template":"","meta":[],"product_brand":[],"product_cat":[667],"product_tag":[907,673,679,684,687,689,766],"class_list":{"0":"post-32254","1":"product","2":"type-product","3":"status-publish","4":"has-post-thumbnail","6":"product_cat-uncategorized-fr","7":"product_tag-ceusp4-fr","8":"product_tag-uv3","9":"product_tag-ceusp2-fr","10":"product_tag-uemc_cns","11":"product_tag-uem2-fr","12":"product_tag-ucv3","13":"product_tag-ufporto3-fr","14":"pa_formacion-odontologia-fr","16":"first","17":"instock","18":"taxable","19":"shipping-taxable","20":"purchasable","21":"product-type-simple"},"yoast_head":"<!-- This site is optimized with the Yoast SEO Premium plugin v27.0 (Yoast SEO v27.4) - https:\/\/yoast.com\/product\/yoast-seo-premium-wordpress\/ -->\n<title>SERINGUES DE 2,5 CC AVEC AIGUILLE \u00c9MOUSS\u00c9E - yoestudiosalud.es<\/title>\n<meta name=\"description\" content=\"Seringue d&#039;irrigation en plastique avec aiguille \u00e0 pointe \u00e9mouss\u00e9e, d&#039;un volume de 2,5 cc et d&#039;une \u00e9paisseur de pointe de 25 G.\" \/>\n<meta name=\"robots\" content=\"index, follow, max-snippet:-1, max-image-preview:large, max-video-preview:-1\" \/>\n<link rel=\"canonical\" href=\"https:\/\/yoestudiosalud.es\/fr\/produit\/jeringa-de-irrigacion-con-aguja\/\" \/>\n<meta property=\"og:locale\" content=\"fr_FR\" \/>\n<meta property=\"og:type\" content=\"article\" \/>\n<meta property=\"og:title\" content=\"SERINGUES DE 2,5 CC AVEC AIGUILLE \u00c9MOUSS\u00c9E\" \/>\n<meta property=\"og:description\" content=\"Seringue d&#039;irrigation en plastique avec aiguille \u00e0 pointe \u00e9mouss\u00e9e, d&#039;un volume de 2,5 cc et d&#039;une \u00e9paisseur de pointe de 25 G.\" \/>\n<meta property=\"og:url\" content=\"https:\/\/yoestudiosalud.es\/fr\/produit\/jeringa-de-irrigacion-con-aguja\/\" \/>\n<meta property=\"og:site_name\" content=\"yoestudiosalud.es\" \/>\n<meta property=\"article:modified_time\" content=\"2025-07-02T12:51:38+00:00\" \/>\n<meta property=\"og:image\" content=\"https:\/\/yoestudiosalud.es\/wp-content\/uploads\/2022\/09\/003896.jpg\" \/>\n\t<meta property=\"og:image:width\" content=\"650\" \/>\n\t<meta property=\"og:image:height\" content=\"650\" \/>\n\t<meta property=\"og:image:type\" content=\"image\/jpeg\" \/>\n<meta name=\"twitter:card\" content=\"summary_large_image\" \/>\n<meta name=\"twitter:label1\" content=\"Dur\u00e9e de lecture estim\u00e9e\" \/>\n\t<meta name=\"twitter:data1\" content=\"1 minute\" \/>\n<script type=\"application\/ld+json\" class=\"yoast-schema-graph\">{\"@context\":\"https:\\\/\\\/schema.org\",\"@graph\":[{\"@type\":\"WebPage\",\"@id\":\"https:\\\/\\\/yoestudiosalud.es\\\/fr\\\/produit\\\/jeringa-de-irrigacion-con-aguja\\\/\",\"url\":\"https:\\\/\\\/yoestudiosalud.es\\\/fr\\\/produit\\\/jeringa-de-irrigacion-con-aguja\\\/\",\"name\":\"SERINGUES DE 2,5 CC AVEC AIGUILLE \u00c9MOUSS\u00c9E - yoestudiosalud.es\",\"isPartOf\":{\"@id\":\"https:\\\/\\\/yoestudiosalud.es\\\/en\\\/#website\"},\"primaryImageOfPage\":{\"@id\":\"https:\\\/\\\/yoestudiosalud.es\\\/fr\\\/produit\\\/jeringa-de-irrigacion-con-aguja\\\/#primaryimage\"},\"image\":{\"@id\":\"https:\\\/\\\/yoestudiosalud.es\\\/fr\\\/produit\\\/jeringa-de-irrigacion-con-aguja\\\/#primaryimage\"},\"thumbnailUrl\":\"https:\\\/\\\/yoestudiosalud.es\\\/wp-content\\\/uploads\\\/2022\\\/09\\\/003896.jpg\",\"datePublished\":\"2022-09-22T17:42:27+00:00\",\"dateModified\":\"2025-07-02T12:51:38+00:00\",\"description\":\"Seringue d'irrigation en plastique avec aiguille \u00e0 pointe \u00e9mouss\u00e9e, d'un volume de 2,5 cc et d'une \u00e9paisseur de pointe de 25 G.\",\"breadcrumb\":{\"@id\":\"https:\\\/\\\/yoestudiosalud.es\\\/fr\\\/produit\\\/jeringa-de-irrigacion-con-aguja\\\/#breadcrumb\"},\"inLanguage\":\"fr-FR\",\"potentialAction\":[{\"@type\":\"ReadAction\",\"target\":[\"https:\\\/\\\/yoestudiosalud.es\\\/fr\\\/produit\\\/jeringa-de-irrigacion-con-aguja\\\/\"]}]},{\"@type\":\"ImageObject\",\"inLanguage\":\"fr-FR\",\"@id\":\"https:\\\/\\\/yoestudiosalud.es\\\/fr\\\/produit\\\/jeringa-de-irrigacion-con-aguja\\\/#primaryimage\",\"url\":\"https:\\\/\\\/yoestudiosalud.es\\\/wp-content\\\/uploads\\\/2022\\\/09\\\/003896.jpg\",\"contentUrl\":\"https:\\\/\\\/yoestudiosalud.es\\\/wp-content\\\/uploads\\\/2022\\\/09\\\/003896.jpg\",\"width\":650,\"height\":650},{\"@type\":\"BreadcrumbList\",\"@id\":\"https:\\\/\\\/yoestudiosalud.es\\\/fr\\\/produit\\\/jeringa-de-irrigacion-con-aguja\\\/#breadcrumb\",\"itemListElement\":[{\"@type\":\"ListItem\",\"position\":1,\"name\":\"Portada\",\"item\":\"https:\\\/\\\/yoestudiosalud.es\\\/fr\\\/\"},{\"@type\":\"ListItem\",\"position\":2,\"name\":\"Boutique\",\"item\":\"https:\\\/\\\/yoestudiosalud.es\\\/fr\\\/boutique\\\/\"},{\"@type\":\"ListItem\",\"position\":3,\"name\":\"SERINGUES DE 2,5 CC AVEC AIGUILLE \u00c9MOUSS\u00c9E\"}]},{\"@type\":\"WebSite\",\"@id\":\"https:\\\/\\\/yoestudiosalud.es\\\/en\\\/#website\",\"url\":\"https:\\\/\\\/yoestudiosalud.es\\\/en\\\/\",\"name\":\"yoestudiosalud.es\",\"description\":\"Material para estudiantes del sector salud\",\"publisher\":{\"@id\":\"https:\\\/\\\/yoestudiosalud.es\\\/en\\\/#organization\"},\"potentialAction\":[{\"@type\":\"SearchAction\",\"target\":{\"@type\":\"EntryPoint\",\"urlTemplate\":\"https:\\\/\\\/yoestudiosalud.es\\\/en\\\/?s={search_term_string}\"},\"query-input\":{\"@type\":\"PropertyValueSpecification\",\"valueRequired\":true,\"valueName\":\"search_term_string\"}}],\"inLanguage\":\"fr-FR\"},{\"@type\":\"Organization\",\"@id\":\"https:\\\/\\\/yoestudiosalud.es\\\/en\\\/#organization\",\"name\":\"yoestudiosalud.es\",\"url\":\"https:\\\/\\\/yoestudiosalud.es\\\/en\\\/\",\"logo\":{\"@type\":\"ImageObject\",\"inLanguage\":\"fr-FR\",\"@id\":\"https:\\\/\\\/yoestudiosalud.es\\\/en\\\/#\\\/schema\\\/logo\\\/image\\\/\",\"url\":\"https:\\\/\\\/yoestudiosalud.es\\\/wp-content\\\/uploads\\\/2020\\\/04\\\/logonew-e1698080827687.png\",\"contentUrl\":\"https:\\\/\\\/yoestudiosalud.es\\\/wp-content\\\/uploads\\\/2020\\\/04\\\/logonew-e1698080827687.png\",\"width\":421,\"height\":393,\"caption\":\"yoestudiosalud.es\"},\"image\":{\"@id\":\"https:\\\/\\\/yoestudiosalud.es\\\/en\\\/#\\\/schema\\\/logo\\\/image\\\/\"}}]}<\/script>\n<!-- \/ Yoast SEO Premium plugin. -->","yoast_head_json":{"title":"SERINGUES DE 2,5 CC AVEC AIGUILLE \u00c9MOUSS\u00c9E - yoestudiosalud.es","description":"Seringue d'irrigation en plastique avec aiguille \u00e0 pointe \u00e9mouss\u00e9e, d'un volume de 2,5 cc et d'une \u00e9paisseur de pointe de 25 G.","robots":{"index":"index","follow":"follow","max-snippet":"max-snippet:-1","max-image-preview":"max-image-preview:large","max-video-preview":"max-video-preview:-1"},"canonical":"https:\/\/yoestudiosalud.es\/fr\/produit\/jeringa-de-irrigacion-con-aguja\/","og_locale":"fr_FR","og_type":"article","og_title":"SERINGUES DE 2,5 CC AVEC AIGUILLE \u00c9MOUSS\u00c9E","og_description":"Seringue d'irrigation en plastique avec aiguille \u00e0 pointe \u00e9mouss\u00e9e, d'un volume de 2,5 cc et d'une \u00e9paisseur de pointe de 25 G.","og_url":"https:\/\/yoestudiosalud.es\/fr\/produit\/jeringa-de-irrigacion-con-aguja\/","og_site_name":"yoestudiosalud.es","article_modified_time":"2025-07-02T12:51:38+00:00","og_image":[{"width":650,"height":650,"url":"https:\/\/yoestudiosalud.es\/wp-content\/uploads\/2022\/09\/003896.jpg","type":"image\/jpeg"}],"twitter_card":"summary_large_image","twitter_misc":{"Dur\u00e9e de lecture estim\u00e9e":"1 minute"},"schema":{"@context":"https:\/\/schema.org","@graph":[{"@type":"WebPage","@id":"https:\/\/yoestudiosalud.es\/fr\/produit\/jeringa-de-irrigacion-con-aguja\/","url":"https:\/\/yoestudiosalud.es\/fr\/produit\/jeringa-de-irrigacion-con-aguja\/","name":"SERINGUES DE 2,5 CC AVEC AIGUILLE \u00c9MOUSS\u00c9E - yoestudiosalud.es","isPartOf":{"@id":"https:\/\/yoestudiosalud.es\/en\/#website"},"primaryImageOfPage":{"@id":"https:\/\/yoestudiosalud.es\/fr\/produit\/jeringa-de-irrigacion-con-aguja\/#primaryimage"},"image":{"@id":"https:\/\/yoestudiosalud.es\/fr\/produit\/jeringa-de-irrigacion-con-aguja\/#primaryimage"},"thumbnailUrl":"https:\/\/yoestudiosalud.es\/wp-content\/uploads\/2022\/09\/003896.jpg","datePublished":"2022-09-22T17:42:27+00:00","dateModified":"2025-07-02T12:51:38+00:00","description":"Seringue d'irrigation en plastique avec aiguille \u00e0 pointe \u00e9mouss\u00e9e, d'un volume de 2,5 cc et d'une \u00e9paisseur de pointe de 25 G.","breadcrumb":{"@id":"https:\/\/yoestudiosalud.es\/fr\/produit\/jeringa-de-irrigacion-con-aguja\/#breadcrumb"},"inLanguage":"fr-FR","potentialAction":[{"@type":"ReadAction","target":["https:\/\/yoestudiosalud.es\/fr\/produit\/jeringa-de-irrigacion-con-aguja\/"]}]},{"@type":"ImageObject","inLanguage":"fr-FR","@id":"https:\/\/yoestudiosalud.es\/fr\/produit\/jeringa-de-irrigacion-con-aguja\/#primaryimage","url":"https:\/\/yoestudiosalud.es\/wp-content\/uploads\/2022\/09\/003896.jpg","contentUrl":"https:\/\/yoestudiosalud.es\/wp-content\/uploads\/2022\/09\/003896.jpg","width":650,"height":650},{"@type":"BreadcrumbList","@id":"https:\/\/yoestudiosalud.es\/fr\/produit\/jeringa-de-irrigacion-con-aguja\/#breadcrumb","itemListElement":[{"@type":"ListItem","position":1,"name":"Portada","item":"https:\/\/yoestudiosalud.es\/fr\/"},{"@type":"ListItem","position":2,"name":"Boutique","item":"https:\/\/yoestudiosalud.es\/fr\/boutique\/"},{"@type":"ListItem","position":3,"name":"SERINGUES DE 2,5 CC AVEC AIGUILLE \u00c9MOUSS\u00c9E"}]},{"@type":"WebSite","@id":"https:\/\/yoestudiosalud.es\/en\/#website","url":"https:\/\/yoestudiosalud.es\/en\/","name":"yoestudiosalud.es","description":"Material para estudiantes del sector salud","publisher":{"@id":"https:\/\/yoestudiosalud.es\/en\/#organization"},"potentialAction":[{"@type":"SearchAction","target":{"@type":"EntryPoint","urlTemplate":"https:\/\/yoestudiosalud.es\/en\/?s={search_term_string}"},"query-input":{"@type":"PropertyValueSpecification","valueRequired":true,"valueName":"search_term_string"}}],"inLanguage":"fr-FR"},{"@type":"Organization","@id":"https:\/\/yoestudiosalud.es\/en\/#organization","name":"yoestudiosalud.es","url":"https:\/\/yoestudiosalud.es\/en\/","logo":{"@type":"ImageObject","inLanguage":"fr-FR","@id":"https:\/\/yoestudiosalud.es\/en\/#\/schema\/logo\/image\/","url":"https:\/\/yoestudiosalud.es\/wp-content\/uploads\/2020\/04\/logonew-e1698080827687.png","contentUrl":"https:\/\/yoestudiosalud.es\/wp-content\/uploads\/2020\/04\/logonew-e1698080827687.png","width":421,"height":393,"caption":"yoestudiosalud.es"},"image":{"@id":"https:\/\/yoestudiosalud.es\/en\/#\/schema\/logo\/image\/"}}]}},"_links":{"self":[{"href":"https:\/\/yoestudiosalud.es\/fr\/wp-json\/wp\/v2\/product\/32254","targetHints":{"allow":["GET"]}}],"collection":[{"href":"https:\/\/yoestudiosalud.es\/fr\/wp-json\/wp\/v2\/product"}],"about":[{"href":"https:\/\/yoestudiosalud.es\/fr\/wp-json\/wp\/v2\/types\/product"}],"wp:featuredmedia":[{"embeddable":true,"href":"https:\/\/yoestudiosalud.es\/fr\/wp-json\/wp\/v2\/media\/32255"}],"wp:attachment":[{"href":"https:\/\/yoestudiosalud.es\/fr\/wp-json\/wp\/v2\/media?parent=32254"}],"wp:term":[{"taxonomy":"product_brand","embeddable":true,"href":"https:\/\/yoestudiosalud.es\/fr\/wp-json\/wp\/v2\/product_brand?post=32254"},{"taxonomy":"product_cat","embeddable":true,"href":"https:\/\/yoestudiosalud.es\/fr\/wp-json\/wp\/v2\/product_cat?post=32254"},{"taxonomy":"product_tag","embeddable":true,"href":"https:\/\/yoestudiosalud.es\/fr\/wp-json\/wp\/v2\/product_tag?post=32254"}],"curies":[{"name":"wp","href":"https:\/\/api.w.org\/{rel}","templated":true}]}}