{"id":32242,"date":"2022-10-04T17:12:31","date_gmt":"2022-10-04T17:12:31","guid":{"rendered":"https:\/\/yoestudiosalud.es\/producto\/endoset-ucv-basic\/"},"modified":"2025-08-09T13:43:39","modified_gmt":"2025-08-09T11:43:39","slug":"endoset-ucv-basic","status":"publish","type":"product","link":"https:\/\/yoestudiosalud.es\/fr\/produit\/endoset-ucv-basic\/","title":{"rendered":"ENDOSET UCV BASIC"},"content":{"rendered":"<p>Endoset basic type pour l&#8217;Universit\u00e9 Catholique de Valence (ucv), avec un total de 15 pi\u00e8ces, contient tous les \u00e9l\u00e9ments pour la pratique et l&#8217;\u00e9tude de l&#8217;endodontie.<\/p>\n<p><strong>Ce set est compos\u00e9 de :<\/strong><\/p>\n<ul>\n<li>ENSEMBLE DE POINTES DE PAPIER ASSORTIES 15-40 (type : 15\/20\/25\/30\/35\/40)<\/li>\n<li>ENSEMBLE DE POINTES DE PAPIER ASSORTIES 45-80 ( type : 45\/50\/55\/60\/70\/80)<\/li>\n<li>ASSORTIES SPREADERS 25mm #15-#40 (type:15\/20\/25\/30\/35\/40)<\/li>\n<li>ASSORTIES SPREADERS 25mm A-B-C-D<\/li>\n<li>ENDOBLOCK<\/li>\n<li>K FILE LIMES 25mm-008 (bo\u00eete compl\u00e8te, 5 dossiers)<\/li>\n<li>K FILE LIMES 25mm-010 files (bo\u00eete compl\u00e8te, 5 dossiers)<\/li>\n<li>K FILE LIMES 25mm (type : 15\/20\/25\/30\/35\/40)<\/li>\n<li>K FILE LIMES 25mm (type : 45\/50\/55\/60\/70\/80)<\/li>\n<li>K FILE LIMES 31mm-008 (bo\u00eete compl\u00e8te, 5 fiches)<\/li>\n<li>K FILE LIMES 31mm-010 (bo\u00eete compl\u00e8te, 5 dossiers)<\/li>\n<li>K FILE LIMES (type : 15\/20\/25\/30\/35\/40)<\/li>\n<li>K FILE FILE LIMES 31mm (type : 45\/50\/55\/60\/70\/80)<\/li>\n<li>SET GUTTAPERCHA BITS (type : 15\/20\/25\/30\/35\/40)<\/li>\n<li>SET GUTTAPERCHA BITS (type : 45\/50\/55\/60\/70\/80)<\/li>\n<li>ANNEAU DE MESURE POUR LIMES<\/li>\n<li>SUPPORT PROPRE POUR LES LIMES<\/li>\n<\/ul>\n<p>Ce kit est parfait pour la mati\u00e8re Pathologie et th\u00e9rapeutique dentaire II (PTD II) de l&#8217;Universit\u00e9 catholique de Valence. Avec ses mat\u00e9riaux vari\u00e9s et sa collection de limes, l&#8217;Endoset Basic dispose du mat\u00e9riel minimum n\u00e9cessaire pour les pratiques.<\/p>\n<p>Si vous souhaitez compl\u00e9ter le mat\u00e9riel ou apporter des modifications au kit, veuillez nous contacter \u00e0 l&#8217;adresse \u00e9lectronique info@yoestudiosalud.es ou par t\u00e9l\u00e9phone au +34 963 01 50 25.<\/p>\n<p>L&#8217;ENDOSET UCV BASIC est n\u00e9cessaire pour les universit\u00e9s suivantes :<\/p>\n<p>UCV UNIVERSIDAD CAT\u00d3LICA VALENCIA pour la troisi\u00e8me ann\u00e9e de dentisterie.<\/p>\n","protected":false},"excerpt":{"rendered":"<p>Endoset basic pour l&#8217;Universit\u00e9 Catolica de Valencia (ucv), avec un total de 15 pi\u00e8ces, poss\u00e8de tous les \u00e9l\u00e9ments pour la pratique et l&#8217;\u00e9tude de l&#8217;endodontie.<\/p>\n","protected":false},"featured_media":33600,"template":"","meta":[],"product_brand":[],"product_cat":[680],"product_tag":[689],"class_list":{"0":"post-32242","1":"product","2":"type-product","3":"status-publish","4":"has-post-thumbnail","6":"product_cat-endodontie-fr","7":"product_tag-ucv3","8":"pa_formacion-odontologia-fr","10":"first","11":"onbackorder","12":"taxable","13":"shipping-taxable","14":"purchasable","15":"product-type-simple"},"yoast_head":"<!-- This site is optimized with the Yoast SEO Premium plugin v27.0 (Yoast SEO v27.2) - https:\/\/yoast.com\/product\/yoast-seo-premium-wordpress\/ -->\n<title>ENDOSET UCV BASIC - yoestudiosalud.es<\/title>\n<meta name=\"description\" content=\"Endoset basic pour l&#039;Universit\u00e9 Catolica de Valencia (ucv), avec un total de 15 pi\u00e8ces, poss\u00e8de tous les \u00e9l\u00e9ments pour la pratique et l&#039;\u00e9tude de l&#039;endodontie.\" \/>\n<meta name=\"robots\" content=\"index, follow, max-snippet:-1, max-image-preview:large, max-video-preview:-1\" \/>\n<link rel=\"canonical\" href=\"https:\/\/yoestudiosalud.es\/produit\/endoset-ucv-basic\/\" \/>\n<meta property=\"og:locale\" content=\"fr_FR\" \/>\n<meta property=\"og:type\" content=\"article\" \/>\n<meta property=\"og:title\" content=\"ENDOSET UCV BASIC\" \/>\n<meta property=\"og:description\" content=\"Endoset basic pour l&#039;Universit\u00e9 Catolica de Valencia (ucv), avec un total de 15 pi\u00e8ces, poss\u00e8de tous les \u00e9l\u00e9ments pour la pratique et l&#039;\u00e9tude de l&#039;endodontie.\" \/>\n<meta property=\"og:url\" content=\"https:\/\/yoestudiosalud.es\/produit\/endoset-ucv-basic\/\" \/>\n<meta property=\"og:site_name\" content=\"yoestudiosalud.es\" \/>\n<meta property=\"article:modified_time\" content=\"2025-08-09T11:43:39+00:00\" \/>\n<meta property=\"og:image\" content=\"https:\/\/yoestudiosalud.es\/wp-content\/uploads\/2022\/10\/0039562025.jpg\" \/>\n\t<meta property=\"og:image:width\" content=\"650\" \/>\n\t<meta property=\"og:image:height\" content=\"650\" \/>\n\t<meta property=\"og:image:type\" content=\"image\/jpeg\" \/>\n<meta name=\"twitter:card\" content=\"summary_large_image\" \/>\n<meta name=\"twitter:label1\" content=\"Dur\u00e9e de lecture estim\u00e9e\" \/>\n\t<meta name=\"twitter:data1\" content=\"1 minute\" \/>\n<script type=\"application\/ld+json\" class=\"yoast-schema-graph\">{\"@context\":\"https:\/\/schema.org\",\"@graph\":[{\"@type\":\"WebPage\",\"@id\":\"https:\/\/yoestudiosalud.es\/produit\/endoset-ucv-basic\/\",\"url\":\"https:\/\/yoestudiosalud.es\/produit\/endoset-ucv-basic\/\",\"name\":\"ENDOSET UCV BASIC - yoestudiosalud.es\",\"isPartOf\":{\"@id\":\"https:\/\/yoestudiosalud.es\/en\/#website\"},\"primaryImageOfPage\":{\"@id\":\"https:\/\/yoestudiosalud.es\/produit\/endoset-ucv-basic\/#primaryimage\"},\"image\":{\"@id\":\"https:\/\/yoestudiosalud.es\/produit\/endoset-ucv-basic\/#primaryimage\"},\"thumbnailUrl\":\"https:\/\/yoestudiosalud.es\/wp-content\/uploads\/2022\/10\/0039562025.jpg\",\"datePublished\":\"2022-10-04T17:12:31+00:00\",\"dateModified\":\"2025-08-09T11:43:39+00:00\",\"description\":\"Endoset basic pour l'Universit\u00e9 Catolica de Valencia (ucv), avec un total de 15 pi\u00e8ces, poss\u00e8de tous les \u00e9l\u00e9ments pour la pratique et l'\u00e9tude de l'endodontie.\",\"breadcrumb\":{\"@id\":\"https:\/\/yoestudiosalud.es\/produit\/endoset-ucv-basic\/#breadcrumb\"},\"inLanguage\":\"fr-FR\",\"potentialAction\":[{\"@type\":\"ReadAction\",\"target\":[\"https:\/\/yoestudiosalud.es\/produit\/endoset-ucv-basic\/\"]}]},{\"@type\":\"ImageObject\",\"inLanguage\":\"fr-FR\",\"@id\":\"https:\/\/yoestudiosalud.es\/produit\/endoset-ucv-basic\/#primaryimage\",\"url\":\"https:\/\/yoestudiosalud.es\/wp-content\/uploads\/2022\/10\/0039562025.jpg\",\"contentUrl\":\"https:\/\/yoestudiosalud.es\/wp-content\/uploads\/2022\/10\/0039562025.jpg\",\"width\":650,\"height\":650},{\"@type\":\"BreadcrumbList\",\"@id\":\"https:\/\/yoestudiosalud.es\/produit\/endoset-ucv-basic\/#breadcrumb\",\"itemListElement\":[{\"@type\":\"ListItem\",\"position\":1,\"name\":\"Portada\",\"item\":\"https:\/\/yoestudiosalud.es\/fr\/\"},{\"@type\":\"ListItem\",\"position\":2,\"name\":\"Boutique\",\"item\":\"https:\/\/yoestudiosalud.es\/fr\/boutique\/\"},{\"@type\":\"ListItem\",\"position\":3,\"name\":\"ENDOSET UCV BASIC\"}]},{\"@type\":\"WebSite\",\"@id\":\"https:\/\/yoestudiosalud.es\/en\/#website\",\"url\":\"https:\/\/yoestudiosalud.es\/en\/\",\"name\":\"yoestudiosalud.es\",\"description\":\"Material para estudiantes del sector salud\",\"publisher\":{\"@id\":\"https:\/\/yoestudiosalud.es\/en\/#organization\"},\"potentialAction\":[{\"@type\":\"SearchAction\",\"target\":{\"@type\":\"EntryPoint\",\"urlTemplate\":\"https:\/\/yoestudiosalud.es\/en\/?s={search_term_string}\"},\"query-input\":{\"@type\":\"PropertyValueSpecification\",\"valueRequired\":true,\"valueName\":\"search_term_string\"}}],\"inLanguage\":\"fr-FR\"},{\"@type\":\"Organization\",\"@id\":\"https:\/\/yoestudiosalud.es\/en\/#organization\",\"name\":\"yoestudiosalud.es\",\"url\":\"https:\/\/yoestudiosalud.es\/en\/\",\"logo\":{\"@type\":\"ImageObject\",\"inLanguage\":\"fr-FR\",\"@id\":\"https:\/\/yoestudiosalud.es\/en\/#\/schema\/logo\/image\/\",\"url\":\"https:\/\/yoestudiosalud.es\/wp-content\/uploads\/2020\/04\/logonew-e1698080827687.png\",\"contentUrl\":\"https:\/\/yoestudiosalud.es\/wp-content\/uploads\/2020\/04\/logonew-e1698080827687.png\",\"width\":421,\"height\":393,\"caption\":\"yoestudiosalud.es\"},\"image\":{\"@id\":\"https:\/\/yoestudiosalud.es\/en\/#\/schema\/logo\/image\/\"}}]}<\/script>\n<!-- \/ Yoast SEO Premium plugin. -->","yoast_head_json":{"title":"ENDOSET UCV BASIC - yoestudiosalud.es","description":"Endoset basic pour l'Universit\u00e9 Catolica de Valencia (ucv), avec un total de 15 pi\u00e8ces, poss\u00e8de tous les \u00e9l\u00e9ments pour la pratique et l'\u00e9tude de l'endodontie.","robots":{"index":"index","follow":"follow","max-snippet":"max-snippet:-1","max-image-preview":"max-image-preview:large","max-video-preview":"max-video-preview:-1"},"canonical":"https:\/\/yoestudiosalud.es\/produit\/endoset-ucv-basic\/","og_locale":"fr_FR","og_type":"article","og_title":"ENDOSET UCV BASIC","og_description":"Endoset basic pour l'Universit\u00e9 Catolica de Valencia (ucv), avec un total de 15 pi\u00e8ces, poss\u00e8de tous les \u00e9l\u00e9ments pour la pratique et l'\u00e9tude de l'endodontie.","og_url":"https:\/\/yoestudiosalud.es\/produit\/endoset-ucv-basic\/","og_site_name":"yoestudiosalud.es","article_modified_time":"2025-08-09T11:43:39+00:00","og_image":[{"width":650,"height":650,"url":"https:\/\/yoestudiosalud.es\/wp-content\/uploads\/2022\/10\/0039562025.jpg","type":"image\/jpeg"}],"twitter_card":"summary_large_image","twitter_misc":{"Dur\u00e9e de lecture estim\u00e9e":"1 minute"},"schema":{"@context":"https:\/\/schema.org","@graph":[{"@type":"WebPage","@id":"https:\/\/yoestudiosalud.es\/produit\/endoset-ucv-basic\/","url":"https:\/\/yoestudiosalud.es\/produit\/endoset-ucv-basic\/","name":"ENDOSET UCV BASIC - yoestudiosalud.es","isPartOf":{"@id":"https:\/\/yoestudiosalud.es\/en\/#website"},"primaryImageOfPage":{"@id":"https:\/\/yoestudiosalud.es\/produit\/endoset-ucv-basic\/#primaryimage"},"image":{"@id":"https:\/\/yoestudiosalud.es\/produit\/endoset-ucv-basic\/#primaryimage"},"thumbnailUrl":"https:\/\/yoestudiosalud.es\/wp-content\/uploads\/2022\/10\/0039562025.jpg","datePublished":"2022-10-04T17:12:31+00:00","dateModified":"2025-08-09T11:43:39+00:00","description":"Endoset basic pour l'Universit\u00e9 Catolica de Valencia (ucv), avec un total de 15 pi\u00e8ces, poss\u00e8de tous les \u00e9l\u00e9ments pour la pratique et l'\u00e9tude de l'endodontie.","breadcrumb":{"@id":"https:\/\/yoestudiosalud.es\/produit\/endoset-ucv-basic\/#breadcrumb"},"inLanguage":"fr-FR","potentialAction":[{"@type":"ReadAction","target":["https:\/\/yoestudiosalud.es\/produit\/endoset-ucv-basic\/"]}]},{"@type":"ImageObject","inLanguage":"fr-FR","@id":"https:\/\/yoestudiosalud.es\/produit\/endoset-ucv-basic\/#primaryimage","url":"https:\/\/yoestudiosalud.es\/wp-content\/uploads\/2022\/10\/0039562025.jpg","contentUrl":"https:\/\/yoestudiosalud.es\/wp-content\/uploads\/2022\/10\/0039562025.jpg","width":650,"height":650},{"@type":"BreadcrumbList","@id":"https:\/\/yoestudiosalud.es\/produit\/endoset-ucv-basic\/#breadcrumb","itemListElement":[{"@type":"ListItem","position":1,"name":"Portada","item":"https:\/\/yoestudiosalud.es\/fr\/"},{"@type":"ListItem","position":2,"name":"Boutique","item":"https:\/\/yoestudiosalud.es\/fr\/boutique\/"},{"@type":"ListItem","position":3,"name":"ENDOSET UCV BASIC"}]},{"@type":"WebSite","@id":"https:\/\/yoestudiosalud.es\/en\/#website","url":"https:\/\/yoestudiosalud.es\/en\/","name":"yoestudiosalud.es","description":"Material para estudiantes del sector salud","publisher":{"@id":"https:\/\/yoestudiosalud.es\/en\/#organization"},"potentialAction":[{"@type":"SearchAction","target":{"@type":"EntryPoint","urlTemplate":"https:\/\/yoestudiosalud.es\/en\/?s={search_term_string}"},"query-input":{"@type":"PropertyValueSpecification","valueRequired":true,"valueName":"search_term_string"}}],"inLanguage":"fr-FR"},{"@type":"Organization","@id":"https:\/\/yoestudiosalud.es\/en\/#organization","name":"yoestudiosalud.es","url":"https:\/\/yoestudiosalud.es\/en\/","logo":{"@type":"ImageObject","inLanguage":"fr-FR","@id":"https:\/\/yoestudiosalud.es\/en\/#\/schema\/logo\/image\/","url":"https:\/\/yoestudiosalud.es\/wp-content\/uploads\/2020\/04\/logonew-e1698080827687.png","contentUrl":"https:\/\/yoestudiosalud.es\/wp-content\/uploads\/2020\/04\/logonew-e1698080827687.png","width":421,"height":393,"caption":"yoestudiosalud.es"},"image":{"@id":"https:\/\/yoestudiosalud.es\/en\/#\/schema\/logo\/image\/"}}]}},"_links":{"self":[{"href":"https:\/\/yoestudiosalud.es\/fr\/wp-json\/wp\/v2\/product\/32242","targetHints":{"allow":["GET"]}}],"collection":[{"href":"https:\/\/yoestudiosalud.es\/fr\/wp-json\/wp\/v2\/product"}],"about":[{"href":"https:\/\/yoestudiosalud.es\/fr\/wp-json\/wp\/v2\/types\/product"}],"wp:featuredmedia":[{"embeddable":true,"href":"https:\/\/yoestudiosalud.es\/fr\/wp-json\/wp\/v2\/media\/33600"}],"wp:attachment":[{"href":"https:\/\/yoestudiosalud.es\/fr\/wp-json\/wp\/v2\/media?parent=32242"}],"wp:term":[{"taxonomy":"product_brand","embeddable":true,"href":"https:\/\/yoestudiosalud.es\/fr\/wp-json\/wp\/v2\/product_brand?post=32242"},{"taxonomy":"product_cat","embeddable":true,"href":"https:\/\/yoestudiosalud.es\/fr\/wp-json\/wp\/v2\/product_cat?post=32242"},{"taxonomy":"product_tag","embeddable":true,"href":"https:\/\/yoestudiosalud.es\/fr\/wp-json\/wp\/v2\/product_tag?post=32242"}],"curies":[{"name":"wp","href":"https:\/\/api.w.org\/{rel}","templated":true}]}}