{"id":32240,"date":"2022-10-05T13:10:29","date_gmt":"2022-10-05T13:10:29","guid":{"rendered":"https:\/\/yoestudiosalud.es\/producto\/fresas-laboratorio-uemc\/"},"modified":"2025-07-02T15:43:40","modified_gmt":"2025-07-02T13:43:40","slug":"fresas-laboratorio-uemc","status":"publish","type":"product","link":"https:\/\/yoestudiosalud.es\/fr\/produit\/fresas-laboratorio-uemc\/","title":{"rendered":"FORETS DE LABORATOIRE DE L&#8217;UEMC"},"content":{"rendered":"<p>Set de 3 fraises adapt\u00e9 \u00e0 la demande de l&#8217;Universit\u00e9 europ\u00e9enne Miguel de Cervantes (UEMC). Le kit comprend 2 fraises en carbure de tungst\u00e8ne de code 5410.06y (marque g\u00e9n\u00e9rique) 6410.031 (marque EDENTA) et un polisseur pour acrylique de la s\u00e9rie Acrylic Polisher de code 0644 (marque EDENTA). Les codes correspondent au catalogue du laboratoire EDENTA<\/p>\n","protected":false},"excerpt":{"rendered":"<p>Set de 3 fraises adapt\u00e9 \u00e0 la demande de l&#8217;Universit\u00e9 europ\u00e9enne Miguel de Cervantes (UEMC).<\/p>\n","protected":false},"featured_media":32241,"template":"","meta":[],"product_brand":[],"product_cat":[710,715],"product_tag":[],"class_list":{"0":"post-32240","1":"product","2":"type-product","3":"status-publish","4":"has-post-thumbnail","6":"product_cat-odontologie-fr","7":"product_cat-fraises-fr","8":"pa_formacion-odontologia-fr","10":"first","11":"onbackorder","12":"taxable","13":"shipping-taxable","14":"purchasable","15":"product-type-simple"},"yoast_head":"<!-- This site is optimized with the Yoast SEO Premium plugin v27.0 (Yoast SEO v27.4) - https:\/\/yoast.com\/product\/yoast-seo-premium-wordpress\/ -->\n<title>FORETS DE LABORATOIRE DE L&#039;UEMC - yoestudiosalud.es tienda online<\/title>\n<meta name=\"description\" content=\"Set de 3 fraises adapt\u00e9 \u00e0 la demande de l&#039;Universit\u00e9 europ\u00e9enne Miguel de Cervantes (UEMC).\" \/>\n<meta name=\"robots\" content=\"index, follow, max-snippet:-1, max-image-preview:large, max-video-preview:-1\" \/>\n<link rel=\"canonical\" href=\"https:\/\/yoestudiosalud.es\/fr\/produit\/fresas-laboratorio-uemc\/\" \/>\n<meta property=\"og:locale\" content=\"fr_FR\" \/>\n<meta property=\"og:type\" content=\"article\" \/>\n<meta property=\"og:title\" content=\"FORETS DE LABORATOIRE DE L&#039;UEMC\" \/>\n<meta property=\"og:description\" content=\"Set de 3 fraises adapt\u00e9 \u00e0 la demande de l&#039;Universit\u00e9 europ\u00e9enne Miguel de Cervantes (UEMC).\" \/>\n<meta property=\"og:url\" content=\"https:\/\/yoestudiosalud.es\/fr\/produit\/fresas-laboratorio-uemc\/\" \/>\n<meta property=\"og:site_name\" content=\"yoestudiosalud.es\" \/>\n<meta property=\"article:modified_time\" content=\"2025-07-02T13:43:40+00:00\" \/>\n<meta property=\"og:image\" content=\"https:\/\/yoestudiosalud.es\/wp-content\/uploads\/2022\/10\/UEMC_BUR01.jpg\" \/>\n\t<meta property=\"og:image:width\" content=\"650\" \/>\n\t<meta property=\"og:image:height\" content=\"650\" \/>\n\t<meta property=\"og:image:type\" content=\"image\/jpeg\" \/>\n<meta name=\"twitter:card\" content=\"summary_large_image\" \/>\n<script type=\"application\/ld+json\" class=\"yoast-schema-graph\">{\"@context\":\"https:\\\/\\\/schema.org\",\"@graph\":[{\"@type\":\"WebPage\",\"@id\":\"https:\\\/\\\/yoestudiosalud.es\\\/fr\\\/produit\\\/fresas-laboratorio-uemc\\\/\",\"url\":\"https:\\\/\\\/yoestudiosalud.es\\\/fr\\\/produit\\\/fresas-laboratorio-uemc\\\/\",\"name\":\"FORETS DE LABORATOIRE DE L'UEMC - yoestudiosalud.es tienda online\",\"isPartOf\":{\"@id\":\"https:\\\/\\\/yoestudiosalud.es\\\/en\\\/#website\"},\"primaryImageOfPage\":{\"@id\":\"https:\\\/\\\/yoestudiosalud.es\\\/fr\\\/produit\\\/fresas-laboratorio-uemc\\\/#primaryimage\"},\"image\":{\"@id\":\"https:\\\/\\\/yoestudiosalud.es\\\/fr\\\/produit\\\/fresas-laboratorio-uemc\\\/#primaryimage\"},\"thumbnailUrl\":\"https:\\\/\\\/yoestudiosalud.es\\\/wp-content\\\/uploads\\\/2022\\\/10\\\/UEMC_BUR01.jpg\",\"datePublished\":\"2022-10-05T13:10:29+00:00\",\"dateModified\":\"2025-07-02T13:43:40+00:00\",\"description\":\"Set de 3 fraises adapt\u00e9 \u00e0 la demande de l'Universit\u00e9 europ\u00e9enne Miguel de Cervantes (UEMC).\",\"breadcrumb\":{\"@id\":\"https:\\\/\\\/yoestudiosalud.es\\\/fr\\\/produit\\\/fresas-laboratorio-uemc\\\/#breadcrumb\"},\"inLanguage\":\"fr-FR\",\"potentialAction\":[{\"@type\":\"ReadAction\",\"target\":[\"https:\\\/\\\/yoestudiosalud.es\\\/fr\\\/produit\\\/fresas-laboratorio-uemc\\\/\"]}]},{\"@type\":\"ImageObject\",\"inLanguage\":\"fr-FR\",\"@id\":\"https:\\\/\\\/yoestudiosalud.es\\\/fr\\\/produit\\\/fresas-laboratorio-uemc\\\/#primaryimage\",\"url\":\"https:\\\/\\\/yoestudiosalud.es\\\/wp-content\\\/uploads\\\/2022\\\/10\\\/UEMC_BUR01.jpg\",\"contentUrl\":\"https:\\\/\\\/yoestudiosalud.es\\\/wp-content\\\/uploads\\\/2022\\\/10\\\/UEMC_BUR01.jpg\",\"width\":650,\"height\":650,\"caption\":\"FORETS DE LABORATOIRE DE L'UEMC\"},{\"@type\":\"BreadcrumbList\",\"@id\":\"https:\\\/\\\/yoestudiosalud.es\\\/fr\\\/produit\\\/fresas-laboratorio-uemc\\\/#breadcrumb\",\"itemListElement\":[{\"@type\":\"ListItem\",\"position\":1,\"name\":\"Portada\",\"item\":\"https:\\\/\\\/yoestudiosalud.es\\\/fr\\\/\"},{\"@type\":\"ListItem\",\"position\":2,\"name\":\"Boutique\",\"item\":\"https:\\\/\\\/yoestudiosalud.es\\\/fr\\\/boutique\\\/\"},{\"@type\":\"ListItem\",\"position\":3,\"name\":\"FORETS DE LABORATOIRE DE L&rsquo;UEMC\"}]},{\"@type\":\"WebSite\",\"@id\":\"https:\\\/\\\/yoestudiosalud.es\\\/en\\\/#website\",\"url\":\"https:\\\/\\\/yoestudiosalud.es\\\/en\\\/\",\"name\":\"yoestudiosalud.es\",\"description\":\"Material para estudiantes del sector salud\",\"publisher\":{\"@id\":\"https:\\\/\\\/yoestudiosalud.es\\\/en\\\/#organization\"},\"potentialAction\":[{\"@type\":\"SearchAction\",\"target\":{\"@type\":\"EntryPoint\",\"urlTemplate\":\"https:\\\/\\\/yoestudiosalud.es\\\/en\\\/?s={search_term_string}\"},\"query-input\":{\"@type\":\"PropertyValueSpecification\",\"valueRequired\":true,\"valueName\":\"search_term_string\"}}],\"inLanguage\":\"fr-FR\"},{\"@type\":\"Organization\",\"@id\":\"https:\\\/\\\/yoestudiosalud.es\\\/en\\\/#organization\",\"name\":\"yoestudiosalud.es\",\"url\":\"https:\\\/\\\/yoestudiosalud.es\\\/en\\\/\",\"logo\":{\"@type\":\"ImageObject\",\"inLanguage\":\"fr-FR\",\"@id\":\"https:\\\/\\\/yoestudiosalud.es\\\/en\\\/#\\\/schema\\\/logo\\\/image\\\/\",\"url\":\"https:\\\/\\\/yoestudiosalud.es\\\/wp-content\\\/uploads\\\/2020\\\/04\\\/logonew-e1698080827687.png\",\"contentUrl\":\"https:\\\/\\\/yoestudiosalud.es\\\/wp-content\\\/uploads\\\/2020\\\/04\\\/logonew-e1698080827687.png\",\"width\":421,\"height\":393,\"caption\":\"yoestudiosalud.es\"},\"image\":{\"@id\":\"https:\\\/\\\/yoestudiosalud.es\\\/en\\\/#\\\/schema\\\/logo\\\/image\\\/\"}}]}<\/script>\n<!-- \/ Yoast SEO Premium plugin. -->","yoast_head_json":{"title":"FORETS DE LABORATOIRE DE L'UEMC - yoestudiosalud.es tienda online","description":"Set de 3 fraises adapt\u00e9 \u00e0 la demande de l'Universit\u00e9 europ\u00e9enne Miguel de Cervantes (UEMC).","robots":{"index":"index","follow":"follow","max-snippet":"max-snippet:-1","max-image-preview":"max-image-preview:large","max-video-preview":"max-video-preview:-1"},"canonical":"https:\/\/yoestudiosalud.es\/fr\/produit\/fresas-laboratorio-uemc\/","og_locale":"fr_FR","og_type":"article","og_title":"FORETS DE LABORATOIRE DE L'UEMC","og_description":"Set de 3 fraises adapt\u00e9 \u00e0 la demande de l'Universit\u00e9 europ\u00e9enne Miguel de Cervantes (UEMC).","og_url":"https:\/\/yoestudiosalud.es\/fr\/produit\/fresas-laboratorio-uemc\/","og_site_name":"yoestudiosalud.es","article_modified_time":"2025-07-02T13:43:40+00:00","og_image":[{"width":650,"height":650,"url":"https:\/\/yoestudiosalud.es\/wp-content\/uploads\/2022\/10\/UEMC_BUR01.jpg","type":"image\/jpeg"}],"twitter_card":"summary_large_image","schema":{"@context":"https:\/\/schema.org","@graph":[{"@type":"WebPage","@id":"https:\/\/yoestudiosalud.es\/fr\/produit\/fresas-laboratorio-uemc\/","url":"https:\/\/yoestudiosalud.es\/fr\/produit\/fresas-laboratorio-uemc\/","name":"FORETS DE LABORATOIRE DE L'UEMC - yoestudiosalud.es tienda online","isPartOf":{"@id":"https:\/\/yoestudiosalud.es\/en\/#website"},"primaryImageOfPage":{"@id":"https:\/\/yoestudiosalud.es\/fr\/produit\/fresas-laboratorio-uemc\/#primaryimage"},"image":{"@id":"https:\/\/yoestudiosalud.es\/fr\/produit\/fresas-laboratorio-uemc\/#primaryimage"},"thumbnailUrl":"https:\/\/yoestudiosalud.es\/wp-content\/uploads\/2022\/10\/UEMC_BUR01.jpg","datePublished":"2022-10-05T13:10:29+00:00","dateModified":"2025-07-02T13:43:40+00:00","description":"Set de 3 fraises adapt\u00e9 \u00e0 la demande de l'Universit\u00e9 europ\u00e9enne Miguel de Cervantes (UEMC).","breadcrumb":{"@id":"https:\/\/yoestudiosalud.es\/fr\/produit\/fresas-laboratorio-uemc\/#breadcrumb"},"inLanguage":"fr-FR","potentialAction":[{"@type":"ReadAction","target":["https:\/\/yoestudiosalud.es\/fr\/produit\/fresas-laboratorio-uemc\/"]}]},{"@type":"ImageObject","inLanguage":"fr-FR","@id":"https:\/\/yoestudiosalud.es\/fr\/produit\/fresas-laboratorio-uemc\/#primaryimage","url":"https:\/\/yoestudiosalud.es\/wp-content\/uploads\/2022\/10\/UEMC_BUR01.jpg","contentUrl":"https:\/\/yoestudiosalud.es\/wp-content\/uploads\/2022\/10\/UEMC_BUR01.jpg","width":650,"height":650,"caption":"FORETS DE LABORATOIRE DE L'UEMC"},{"@type":"BreadcrumbList","@id":"https:\/\/yoestudiosalud.es\/fr\/produit\/fresas-laboratorio-uemc\/#breadcrumb","itemListElement":[{"@type":"ListItem","position":1,"name":"Portada","item":"https:\/\/yoestudiosalud.es\/fr\/"},{"@type":"ListItem","position":2,"name":"Boutique","item":"https:\/\/yoestudiosalud.es\/fr\/boutique\/"},{"@type":"ListItem","position":3,"name":"FORETS DE LABORATOIRE DE L&rsquo;UEMC"}]},{"@type":"WebSite","@id":"https:\/\/yoestudiosalud.es\/en\/#website","url":"https:\/\/yoestudiosalud.es\/en\/","name":"yoestudiosalud.es","description":"Material para estudiantes del sector salud","publisher":{"@id":"https:\/\/yoestudiosalud.es\/en\/#organization"},"potentialAction":[{"@type":"SearchAction","target":{"@type":"EntryPoint","urlTemplate":"https:\/\/yoestudiosalud.es\/en\/?s={search_term_string}"},"query-input":{"@type":"PropertyValueSpecification","valueRequired":true,"valueName":"search_term_string"}}],"inLanguage":"fr-FR"},{"@type":"Organization","@id":"https:\/\/yoestudiosalud.es\/en\/#organization","name":"yoestudiosalud.es","url":"https:\/\/yoestudiosalud.es\/en\/","logo":{"@type":"ImageObject","inLanguage":"fr-FR","@id":"https:\/\/yoestudiosalud.es\/en\/#\/schema\/logo\/image\/","url":"https:\/\/yoestudiosalud.es\/wp-content\/uploads\/2020\/04\/logonew-e1698080827687.png","contentUrl":"https:\/\/yoestudiosalud.es\/wp-content\/uploads\/2020\/04\/logonew-e1698080827687.png","width":421,"height":393,"caption":"yoestudiosalud.es"},"image":{"@id":"https:\/\/yoestudiosalud.es\/en\/#\/schema\/logo\/image\/"}}]}},"_links":{"self":[{"href":"https:\/\/yoestudiosalud.es\/fr\/wp-json\/wp\/v2\/product\/32240","targetHints":{"allow":["GET"]}}],"collection":[{"href":"https:\/\/yoestudiosalud.es\/fr\/wp-json\/wp\/v2\/product"}],"about":[{"href":"https:\/\/yoestudiosalud.es\/fr\/wp-json\/wp\/v2\/types\/product"}],"wp:featuredmedia":[{"embeddable":true,"href":"https:\/\/yoestudiosalud.es\/fr\/wp-json\/wp\/v2\/media\/32241"}],"wp:attachment":[{"href":"https:\/\/yoestudiosalud.es\/fr\/wp-json\/wp\/v2\/media?parent=32240"}],"wp:term":[{"taxonomy":"product_brand","embeddable":true,"href":"https:\/\/yoestudiosalud.es\/fr\/wp-json\/wp\/v2\/product_brand?post=32240"},{"taxonomy":"product_cat","embeddable":true,"href":"https:\/\/yoestudiosalud.es\/fr\/wp-json\/wp\/v2\/product_cat?post=32240"},{"taxonomy":"product_tag","embeddable":true,"href":"https:\/\/yoestudiosalud.es\/fr\/wp-json\/wp\/v2\/product_tag?post=32240"}],"curies":[{"name":"wp","href":"https:\/\/api.w.org\/{rel}","templated":true}]}}