{"id":32233,"date":"2022-10-07T17:13:13","date_gmt":"2022-10-07T17:13:13","guid":{"rendered":"https:\/\/yoestudiosalud.es\/producto\/bayeta-de-limpieza\/"},"modified":"2025-06-17T20:27:51","modified_gmt":"2025-06-17T18:27:51","slug":"bayeta-de-limpieza","status":"publish","type":"product","link":"https:\/\/yoestudiosalud.es\/fr\/produit\/bayeta-de-limpieza\/","title":{"rendered":"Chiffon de nettoyage"},"content":{"rendered":"<p>Chiffon de nettoyage multisurfaces.<\/p>\n<p>Id\u00e9al pour maintenir un environnement et des instruments propres, adapt\u00e9s aux interventions m\u00e9dicales et odontologiques.<\/p>\n<p>Disponible en couleurs Rose, Bleu et Jaune.<\/p>\n<p>Le <strong>CHIFFON DE NETTOYAGE<\/strong> est n\u00e9cessaire pour les universit\u00e9s suivantes :<\/p>\n<ul>\n<li><strong>UCV UNIVERSIDAD CAT\u00d3LICA DE VALENCIA<\/strong> pour la troisi\u00e8me ann\u00e9e du cursus d\u2019odontologie<\/li>\n<li><strong>UCM UNIVERSIDAD COMPLUTENSE DE MADRID<\/strong> pour la deuxi\u00e8me ann\u00e9e du cursus d\u2019odontologie<\/li>\n<\/ul>\n","protected":false},"excerpt":{"rendered":"<p>Chiffon de nettoyage multisurfaces. Id\u00e9al pour maintenir un environnement et  [&#8230;]<\/p>\n","protected":false},"featured_media":32234,"template":"","meta":[],"product_brand":[],"product_cat":[667],"product_tag":[689,706],"class_list":{"0":"post-32233","1":"product","2":"type-product","3":"status-publish","4":"has-post-thumbnail","6":"product_cat-uncategorized-fr","7":"product_tag-ucv3","8":"product_tag-ucm2-fr","10":"first","11":"onbackorder","12":"taxable","13":"shipping-taxable","14":"purchasable","15":"product-type-simple"},"yoast_head":"<!-- This site is optimized with the Yoast SEO Premium plugin v27.0 (Yoast SEO v27.4) - https:\/\/yoast.com\/product\/yoast-seo-premium-wordpress\/ -->\n<title>Chiffon de nettoyage - yoestudiosalud.es<\/title>\n<meta name=\"description\" content=\"Bayeta de limpieza multisuperficies.Ideal para mantener un entorno e instrumental limpio y apropiados para la actuaci\u00f3n m\u00e9dica y odontol\u00f3gica.La BAYETA DE LIMPIEZA ,\u00a0 son necesarias para las siguientes universidades:UCV UNIVERSIDAD CAT\u00d3LICA DE VALENCIA\u00a0para el tercer a\u00f1o de carrera de odontolog\u00eda\" \/>\n<meta name=\"robots\" content=\"index, follow, max-snippet:-1, max-image-preview:large, max-video-preview:-1\" \/>\n<link rel=\"canonical\" href=\"https:\/\/yoestudiosalud.es\/produit\/bayeta-de-limpieza\/\" \/>\n<meta property=\"og:locale\" content=\"fr_FR\" \/>\n<meta property=\"og:type\" content=\"article\" \/>\n<meta property=\"og:title\" content=\"Chiffon de nettoyage\" \/>\n<meta property=\"og:description\" content=\"Bayeta de limpieza multisuperficies.Ideal para mantener un entorno e instrumental limpio y apropiados para la actuaci\u00f3n m\u00e9dica y odontol\u00f3gica.La BAYETA DE LIMPIEZA ,\u00a0 son necesarias para las siguientes universidades:UCV UNIVERSIDAD CAT\u00d3LICA DE VALENCIA\u00a0para el tercer a\u00f1o de carrera de odontolog\u00eda\" \/>\n<meta property=\"og:url\" content=\"https:\/\/yoestudiosalud.es\/produit\/bayeta-de-limpieza\/\" \/>\n<meta property=\"og:site_name\" content=\"yoestudiosalud.es\" \/>\n<meta property=\"article:modified_time\" content=\"2025-06-17T18:27:51+00:00\" \/>\n<meta property=\"og:image\" content=\"https:\/\/yoestudiosalud.es\/wp-content\/uploads\/2022\/10\/Adobe_20221007_185850-1.jpg\" \/>\n\t<meta property=\"og:image:width\" content=\"650\" \/>\n\t<meta property=\"og:image:height\" content=\"650\" \/>\n\t<meta property=\"og:image:type\" content=\"image\/jpeg\" \/>\n<meta name=\"twitter:card\" content=\"summary_large_image\" \/>\n<script type=\"application\/ld+json\" class=\"yoast-schema-graph\">{\"@context\":\"https:\\\/\\\/schema.org\",\"@graph\":[{\"@type\":\"WebPage\",\"@id\":\"https:\\\/\\\/yoestudiosalud.es\\\/produit\\\/bayeta-de-limpieza\\\/\",\"url\":\"https:\\\/\\\/yoestudiosalud.es\\\/produit\\\/bayeta-de-limpieza\\\/\",\"name\":\"Chiffon de nettoyage - yoestudiosalud.es\",\"isPartOf\":{\"@id\":\"https:\\\/\\\/yoestudiosalud.es\\\/en\\\/#website\"},\"primaryImageOfPage\":{\"@id\":\"https:\\\/\\\/yoestudiosalud.es\\\/produit\\\/bayeta-de-limpieza\\\/#primaryimage\"},\"image\":{\"@id\":\"https:\\\/\\\/yoestudiosalud.es\\\/produit\\\/bayeta-de-limpieza\\\/#primaryimage\"},\"thumbnailUrl\":\"https:\\\/\\\/yoestudiosalud.es\\\/wp-content\\\/uploads\\\/2022\\\/10\\\/Adobe_20221007_185850-1.jpg\",\"datePublished\":\"2022-10-07T17:13:13+00:00\",\"dateModified\":\"2025-06-17T18:27:51+00:00\",\"description\":\"Bayeta de limpieza multisuperficies.Ideal para mantener un entorno e instrumental limpio y apropiados para la actuaci\u00f3n m\u00e9dica y odontol\u00f3gica.La BAYETA DE LIMPIEZA ,\u00a0 son necesarias para las siguientes universidades:UCV UNIVERSIDAD CAT\u00d3LICA DE VALENCIA\u00a0para el tercer a\u00f1o de carrera de odontolog\u00eda\",\"breadcrumb\":{\"@id\":\"https:\\\/\\\/yoestudiosalud.es\\\/produit\\\/bayeta-de-limpieza\\\/#breadcrumb\"},\"inLanguage\":\"fr-FR\",\"potentialAction\":[{\"@type\":\"ReadAction\",\"target\":[\"https:\\\/\\\/yoestudiosalud.es\\\/produit\\\/bayeta-de-limpieza\\\/\"]}]},{\"@type\":\"ImageObject\",\"inLanguage\":\"fr-FR\",\"@id\":\"https:\\\/\\\/yoestudiosalud.es\\\/produit\\\/bayeta-de-limpieza\\\/#primaryimage\",\"url\":\"https:\\\/\\\/yoestudiosalud.es\\\/wp-content\\\/uploads\\\/2022\\\/10\\\/Adobe_20221007_185850-1.jpg\",\"contentUrl\":\"https:\\\/\\\/yoestudiosalud.es\\\/wp-content\\\/uploads\\\/2022\\\/10\\\/Adobe_20221007_185850-1.jpg\",\"width\":650,\"height\":650},{\"@type\":\"BreadcrumbList\",\"@id\":\"https:\\\/\\\/yoestudiosalud.es\\\/produit\\\/bayeta-de-limpieza\\\/#breadcrumb\",\"itemListElement\":[{\"@type\":\"ListItem\",\"position\":1,\"name\":\"Portada\",\"item\":\"https:\\\/\\\/yoestudiosalud.es\\\/fr\\\/\"},{\"@type\":\"ListItem\",\"position\":2,\"name\":\"Boutique\",\"item\":\"https:\\\/\\\/yoestudiosalud.es\\\/fr\\\/boutique\\\/\"},{\"@type\":\"ListItem\",\"position\":3,\"name\":\"Chiffon de nettoyage\"}]},{\"@type\":\"WebSite\",\"@id\":\"https:\\\/\\\/yoestudiosalud.es\\\/en\\\/#website\",\"url\":\"https:\\\/\\\/yoestudiosalud.es\\\/en\\\/\",\"name\":\"yoestudiosalud.es\",\"description\":\"Material para estudiantes del sector salud\",\"publisher\":{\"@id\":\"https:\\\/\\\/yoestudiosalud.es\\\/en\\\/#organization\"},\"potentialAction\":[{\"@type\":\"SearchAction\",\"target\":{\"@type\":\"EntryPoint\",\"urlTemplate\":\"https:\\\/\\\/yoestudiosalud.es\\\/en\\\/?s={search_term_string}\"},\"query-input\":{\"@type\":\"PropertyValueSpecification\",\"valueRequired\":true,\"valueName\":\"search_term_string\"}}],\"inLanguage\":\"fr-FR\"},{\"@type\":\"Organization\",\"@id\":\"https:\\\/\\\/yoestudiosalud.es\\\/en\\\/#organization\",\"name\":\"yoestudiosalud.es\",\"url\":\"https:\\\/\\\/yoestudiosalud.es\\\/en\\\/\",\"logo\":{\"@type\":\"ImageObject\",\"inLanguage\":\"fr-FR\",\"@id\":\"https:\\\/\\\/yoestudiosalud.es\\\/en\\\/#\\\/schema\\\/logo\\\/image\\\/\",\"url\":\"https:\\\/\\\/yoestudiosalud.es\\\/wp-content\\\/uploads\\\/2020\\\/04\\\/logonew-e1698080827687.png\",\"contentUrl\":\"https:\\\/\\\/yoestudiosalud.es\\\/wp-content\\\/uploads\\\/2020\\\/04\\\/logonew-e1698080827687.png\",\"width\":421,\"height\":393,\"caption\":\"yoestudiosalud.es\"},\"image\":{\"@id\":\"https:\\\/\\\/yoestudiosalud.es\\\/en\\\/#\\\/schema\\\/logo\\\/image\\\/\"}}]}<\/script>\n<!-- \/ Yoast SEO Premium plugin. -->","yoast_head_json":{"title":"Chiffon de nettoyage - yoestudiosalud.es","description":"Bayeta de limpieza multisuperficies.Ideal para mantener un entorno e instrumental limpio y apropiados para la actuaci\u00f3n m\u00e9dica y odontol\u00f3gica.La BAYETA DE LIMPIEZA ,\u00a0 son necesarias para las siguientes universidades:UCV UNIVERSIDAD CAT\u00d3LICA DE VALENCIA\u00a0para el tercer a\u00f1o de carrera de odontolog\u00eda","robots":{"index":"index","follow":"follow","max-snippet":"max-snippet:-1","max-image-preview":"max-image-preview:large","max-video-preview":"max-video-preview:-1"},"canonical":"https:\/\/yoestudiosalud.es\/produit\/bayeta-de-limpieza\/","og_locale":"fr_FR","og_type":"article","og_title":"Chiffon de nettoyage","og_description":"Bayeta de limpieza multisuperficies.Ideal para mantener un entorno e instrumental limpio y apropiados para la actuaci\u00f3n m\u00e9dica y odontol\u00f3gica.La BAYETA DE LIMPIEZA ,\u00a0 son necesarias para las siguientes universidades:UCV UNIVERSIDAD CAT\u00d3LICA DE VALENCIA\u00a0para el tercer a\u00f1o de carrera de odontolog\u00eda","og_url":"https:\/\/yoestudiosalud.es\/produit\/bayeta-de-limpieza\/","og_site_name":"yoestudiosalud.es","article_modified_time":"2025-06-17T18:27:51+00:00","og_image":[{"width":650,"height":650,"url":"https:\/\/yoestudiosalud.es\/wp-content\/uploads\/2022\/10\/Adobe_20221007_185850-1.jpg","type":"image\/jpeg"}],"twitter_card":"summary_large_image","schema":{"@context":"https:\/\/schema.org","@graph":[{"@type":"WebPage","@id":"https:\/\/yoestudiosalud.es\/produit\/bayeta-de-limpieza\/","url":"https:\/\/yoestudiosalud.es\/produit\/bayeta-de-limpieza\/","name":"Chiffon de nettoyage - yoestudiosalud.es","isPartOf":{"@id":"https:\/\/yoestudiosalud.es\/en\/#website"},"primaryImageOfPage":{"@id":"https:\/\/yoestudiosalud.es\/produit\/bayeta-de-limpieza\/#primaryimage"},"image":{"@id":"https:\/\/yoestudiosalud.es\/produit\/bayeta-de-limpieza\/#primaryimage"},"thumbnailUrl":"https:\/\/yoestudiosalud.es\/wp-content\/uploads\/2022\/10\/Adobe_20221007_185850-1.jpg","datePublished":"2022-10-07T17:13:13+00:00","dateModified":"2025-06-17T18:27:51+00:00","description":"Bayeta de limpieza multisuperficies.Ideal para mantener un entorno e instrumental limpio y apropiados para la actuaci\u00f3n m\u00e9dica y odontol\u00f3gica.La BAYETA DE LIMPIEZA ,\u00a0 son necesarias para las siguientes universidades:UCV UNIVERSIDAD CAT\u00d3LICA DE VALENCIA\u00a0para el tercer a\u00f1o de carrera de odontolog\u00eda","breadcrumb":{"@id":"https:\/\/yoestudiosalud.es\/produit\/bayeta-de-limpieza\/#breadcrumb"},"inLanguage":"fr-FR","potentialAction":[{"@type":"ReadAction","target":["https:\/\/yoestudiosalud.es\/produit\/bayeta-de-limpieza\/"]}]},{"@type":"ImageObject","inLanguage":"fr-FR","@id":"https:\/\/yoestudiosalud.es\/produit\/bayeta-de-limpieza\/#primaryimage","url":"https:\/\/yoestudiosalud.es\/wp-content\/uploads\/2022\/10\/Adobe_20221007_185850-1.jpg","contentUrl":"https:\/\/yoestudiosalud.es\/wp-content\/uploads\/2022\/10\/Adobe_20221007_185850-1.jpg","width":650,"height":650},{"@type":"BreadcrumbList","@id":"https:\/\/yoestudiosalud.es\/produit\/bayeta-de-limpieza\/#breadcrumb","itemListElement":[{"@type":"ListItem","position":1,"name":"Portada","item":"https:\/\/yoestudiosalud.es\/fr\/"},{"@type":"ListItem","position":2,"name":"Boutique","item":"https:\/\/yoestudiosalud.es\/fr\/boutique\/"},{"@type":"ListItem","position":3,"name":"Chiffon de nettoyage"}]},{"@type":"WebSite","@id":"https:\/\/yoestudiosalud.es\/en\/#website","url":"https:\/\/yoestudiosalud.es\/en\/","name":"yoestudiosalud.es","description":"Material para estudiantes del sector salud","publisher":{"@id":"https:\/\/yoestudiosalud.es\/en\/#organization"},"potentialAction":[{"@type":"SearchAction","target":{"@type":"EntryPoint","urlTemplate":"https:\/\/yoestudiosalud.es\/en\/?s={search_term_string}"},"query-input":{"@type":"PropertyValueSpecification","valueRequired":true,"valueName":"search_term_string"}}],"inLanguage":"fr-FR"},{"@type":"Organization","@id":"https:\/\/yoestudiosalud.es\/en\/#organization","name":"yoestudiosalud.es","url":"https:\/\/yoestudiosalud.es\/en\/","logo":{"@type":"ImageObject","inLanguage":"fr-FR","@id":"https:\/\/yoestudiosalud.es\/en\/#\/schema\/logo\/image\/","url":"https:\/\/yoestudiosalud.es\/wp-content\/uploads\/2020\/04\/logonew-e1698080827687.png","contentUrl":"https:\/\/yoestudiosalud.es\/wp-content\/uploads\/2020\/04\/logonew-e1698080827687.png","width":421,"height":393,"caption":"yoestudiosalud.es"},"image":{"@id":"https:\/\/yoestudiosalud.es\/en\/#\/schema\/logo\/image\/"}}]}},"_links":{"self":[{"href":"https:\/\/yoestudiosalud.es\/fr\/wp-json\/wp\/v2\/product\/32233","targetHints":{"allow":["GET"]}}],"collection":[{"href":"https:\/\/yoestudiosalud.es\/fr\/wp-json\/wp\/v2\/product"}],"about":[{"href":"https:\/\/yoestudiosalud.es\/fr\/wp-json\/wp\/v2\/types\/product"}],"wp:featuredmedia":[{"embeddable":true,"href":"https:\/\/yoestudiosalud.es\/fr\/wp-json\/wp\/v2\/media\/32234"}],"wp:attachment":[{"href":"https:\/\/yoestudiosalud.es\/fr\/wp-json\/wp\/v2\/media?parent=32233"}],"wp:term":[{"taxonomy":"product_brand","embeddable":true,"href":"https:\/\/yoestudiosalud.es\/fr\/wp-json\/wp\/v2\/product_brand?post=32233"},{"taxonomy":"product_cat","embeddable":true,"href":"https:\/\/yoestudiosalud.es\/fr\/wp-json\/wp\/v2\/product_cat?post=32233"},{"taxonomy":"product_tag","embeddable":true,"href":"https:\/\/yoestudiosalud.es\/fr\/wp-json\/wp\/v2\/product_tag?post=32233"}],"curies":[{"name":"wp","href":"https:\/\/api.w.org\/{rel}","templated":true}]}}