{"id":32227,"date":"2022-10-25T13:42:46","date_gmt":"2022-10-25T13:42:46","guid":{"rendered":"https:\/\/yoestudiosalud.es\/producto\/bata-impermeable-calidad-superior\/"},"modified":"2025-07-02T16:03:56","modified_gmt":"2025-07-02T14:03:56","slug":"bata-impermeable-calidad-superior","status":"publish","type":"product","link":"https:\/\/yoestudiosalud.es\/fr\/produit\/bata-impermeable-calidad-superior\/","title":{"rendered":"BLOUSE IMPERM\u00c9ABLE DE QUALIT\u00c9 SUP\u00c9RIEURE"},"content":{"rendered":"<p>Blouse imperm\u00e9able de premi\u00e8re qualit\u00e9 \u00e0 manches longues et poignets \u00e9lastiques, r\u00e9glable par des sangles \u00e0 la taille. Sa qualit\u00e9 sup\u00e9rieure la rend tr\u00e8s r\u00e9sistante \u00e0 la traction et, \u00e9tant hydrophobe, elle repousse les \u00e9claboussures et les grands volumes de liquides.<\/p>\n<p><strong>Caract\u00e9ristiques de la blouse imperm\u00e9able de qualit\u00e9 sup\u00e9rieure :<\/strong><\/p>\n<ul>\n<li>Int\u00e9rieur 85gr.\/m2 100% PES (Polyester).<\/li>\n<li>Ext\u00e9rieur 30gr.\/m2 100% PU (Polyur\u00e9thane).<\/li>\n<li>Lavage 60-70\u00ba. R\u00e9siste \u00e0 40 lavages.<\/li>\n<li>Peut \u00eatre lav\u00e9e en machine \u00e0 40\u00ba.<\/li>\n<li>Imperm\u00e9able.<\/li>\n<li>Coutures \u00e9tanches.<\/li>\n<li>R\u00e9utilisable.<\/li>\n<li>Taille unique<\/li>\n<\/ul>\n","protected":false},"excerpt":{"rendered":"<p>Blouse imperm\u00e9able de premi\u00e8re qualit\u00e9 \u00e0 manches longues et poignets \u00e9lastiques, r\u00e9glable par des sangles \u00e0 la taille.<\/p>\n","protected":false},"featured_media":32228,"template":"","meta":[],"product_brand":[],"product_cat":[700,701,702],"product_tag":[],"class_list":{"0":"post-32227","1":"product","2":"type-product","3":"status-publish","4":"has-post-thumbnail","6":"product_cat-vetements-fr","7":"product_cat-vetementsm-fr","8":"product_cat-vetementsv-fr","9":"pa_formacion-odontologia-fr","10":"pa_formacion-veterinaria-fr","11":"pa_formacion-medicina-fr","13":"first","14":"instock","15":"sale","16":"taxable","17":"shipping-taxable","18":"purchasable","19":"product-type-simple"},"yoast_head":"<!-- This site is optimized with the Yoast SEO Premium plugin v27.0 (Yoast SEO v27.4) - https:\/\/yoast.com\/product\/yoast-seo-premium-wordpress\/ -->\n<title>BLOUSE IMPERM\u00c9ABLE DE QUALIT\u00c9 SUP\u00c9RIEURE -yoestudiosalud.es<\/title>\n<meta name=\"description\" content=\"Blouse imperm\u00e9able de premi\u00e8re qualit\u00e9 \u00e0 manches longues et poignets \u00e9lastiques, r\u00e9glable par des sangles \u00e0 la taille.\" \/>\n<meta name=\"robots\" content=\"index, follow, max-snippet:-1, max-image-preview:large, max-video-preview:-1\" \/>\n<link rel=\"canonical\" href=\"https:\/\/yoestudiosalud.es\/fr\/produit\/bata-impermeable-calidad-superior\/\" \/>\n<meta property=\"og:locale\" content=\"fr_FR\" \/>\n<meta property=\"og:type\" content=\"article\" \/>\n<meta property=\"og:title\" content=\"BLOUSE IMPERM\u00c9ABLE DE QUALIT\u00c9 SUP\u00c9RIEURE\" \/>\n<meta property=\"og:description\" content=\"Blouse imperm\u00e9able de premi\u00e8re qualit\u00e9 \u00e0 manches longues et poignets \u00e9lastiques, r\u00e9glable par des sangles \u00e0 la taille.\" \/>\n<meta property=\"og:url\" content=\"https:\/\/yoestudiosalud.es\/fr\/produit\/bata-impermeable-calidad-superior\/\" \/>\n<meta property=\"og:site_name\" content=\"yoestudiosalud.es\" \/>\n<meta property=\"article:modified_time\" content=\"2025-07-02T14:03:56+00:00\" \/>\n<meta property=\"og:image\" content=\"https:\/\/yoestudiosalud.es\/wp-content\/uploads\/2022\/10\/003521.CS_.jpg\" \/>\n\t<meta property=\"og:image:width\" content=\"650\" \/>\n\t<meta property=\"og:image:height\" content=\"650\" \/>\n\t<meta property=\"og:image:type\" content=\"image\/jpeg\" \/>\n<meta name=\"twitter:card\" content=\"summary_large_image\" \/>\n<meta name=\"twitter:label1\" content=\"Dur\u00e9e de lecture estim\u00e9e\" \/>\n\t<meta name=\"twitter:data1\" content=\"1 minute\" \/>\n<script type=\"application\/ld+json\" class=\"yoast-schema-graph\">{\"@context\":\"https:\\\/\\\/schema.org\",\"@graph\":[{\"@type\":\"WebPage\",\"@id\":\"https:\\\/\\\/yoestudiosalud.es\\\/fr\\\/produit\\\/bata-impermeable-calidad-superior\\\/\",\"url\":\"https:\\\/\\\/yoestudiosalud.es\\\/fr\\\/produit\\\/bata-impermeable-calidad-superior\\\/\",\"name\":\"BLOUSE IMPERM\u00c9ABLE DE QUALIT\u00c9 SUP\u00c9RIEURE -yoestudiosalud.es\",\"isPartOf\":{\"@id\":\"https:\\\/\\\/yoestudiosalud.es\\\/en\\\/#website\"},\"primaryImageOfPage\":{\"@id\":\"https:\\\/\\\/yoestudiosalud.es\\\/fr\\\/produit\\\/bata-impermeable-calidad-superior\\\/#primaryimage\"},\"image\":{\"@id\":\"https:\\\/\\\/yoestudiosalud.es\\\/fr\\\/produit\\\/bata-impermeable-calidad-superior\\\/#primaryimage\"},\"thumbnailUrl\":\"https:\\\/\\\/yoestudiosalud.es\\\/wp-content\\\/uploads\\\/2022\\\/10\\\/003521.CS_.jpg\",\"datePublished\":\"2022-10-25T13:42:46+00:00\",\"dateModified\":\"2025-07-02T14:03:56+00:00\",\"description\":\"Blouse imperm\u00e9able de premi\u00e8re qualit\u00e9 \u00e0 manches longues et poignets \u00e9lastiques, r\u00e9glable par des sangles \u00e0 la taille.\",\"breadcrumb\":{\"@id\":\"https:\\\/\\\/yoestudiosalud.es\\\/fr\\\/produit\\\/bata-impermeable-calidad-superior\\\/#breadcrumb\"},\"inLanguage\":\"fr-FR\",\"potentialAction\":[{\"@type\":\"ReadAction\",\"target\":[\"https:\\\/\\\/yoestudiosalud.es\\\/fr\\\/produit\\\/bata-impermeable-calidad-superior\\\/\"]}]},{\"@type\":\"ImageObject\",\"inLanguage\":\"fr-FR\",\"@id\":\"https:\\\/\\\/yoestudiosalud.es\\\/fr\\\/produit\\\/bata-impermeable-calidad-superior\\\/#primaryimage\",\"url\":\"https:\\\/\\\/yoestudiosalud.es\\\/wp-content\\\/uploads\\\/2022\\\/10\\\/003521.CS_.jpg\",\"contentUrl\":\"https:\\\/\\\/yoestudiosalud.es\\\/wp-content\\\/uploads\\\/2022\\\/10\\\/003521.CS_.jpg\",\"width\":650,\"height\":650,\"caption\":\"BLOUSE IMPERM\u00c9ABLE DE QUALIT\u00c9 SUP\u00c9RIEURE\"},{\"@type\":\"BreadcrumbList\",\"@id\":\"https:\\\/\\\/yoestudiosalud.es\\\/fr\\\/produit\\\/bata-impermeable-calidad-superior\\\/#breadcrumb\",\"itemListElement\":[{\"@type\":\"ListItem\",\"position\":1,\"name\":\"Portada\",\"item\":\"https:\\\/\\\/yoestudiosalud.es\\\/fr\\\/\"},{\"@type\":\"ListItem\",\"position\":2,\"name\":\"Boutique\",\"item\":\"https:\\\/\\\/yoestudiosalud.es\\\/fr\\\/boutique\\\/\"},{\"@type\":\"ListItem\",\"position\":3,\"name\":\"BLOUSE IMPERM\u00c9ABLE DE QUALIT\u00c9 SUP\u00c9RIEURE\"}]},{\"@type\":\"WebSite\",\"@id\":\"https:\\\/\\\/yoestudiosalud.es\\\/en\\\/#website\",\"url\":\"https:\\\/\\\/yoestudiosalud.es\\\/en\\\/\",\"name\":\"yoestudiosalud.es\",\"description\":\"Material para estudiantes del sector salud\",\"publisher\":{\"@id\":\"https:\\\/\\\/yoestudiosalud.es\\\/en\\\/#organization\"},\"potentialAction\":[{\"@type\":\"SearchAction\",\"target\":{\"@type\":\"EntryPoint\",\"urlTemplate\":\"https:\\\/\\\/yoestudiosalud.es\\\/en\\\/?s={search_term_string}\"},\"query-input\":{\"@type\":\"PropertyValueSpecification\",\"valueRequired\":true,\"valueName\":\"search_term_string\"}}],\"inLanguage\":\"fr-FR\"},{\"@type\":\"Organization\",\"@id\":\"https:\\\/\\\/yoestudiosalud.es\\\/en\\\/#organization\",\"name\":\"yoestudiosalud.es\",\"url\":\"https:\\\/\\\/yoestudiosalud.es\\\/en\\\/\",\"logo\":{\"@type\":\"ImageObject\",\"inLanguage\":\"fr-FR\",\"@id\":\"https:\\\/\\\/yoestudiosalud.es\\\/en\\\/#\\\/schema\\\/logo\\\/image\\\/\",\"url\":\"https:\\\/\\\/yoestudiosalud.es\\\/wp-content\\\/uploads\\\/2020\\\/04\\\/logonew-e1698080827687.png\",\"contentUrl\":\"https:\\\/\\\/yoestudiosalud.es\\\/wp-content\\\/uploads\\\/2020\\\/04\\\/logonew-e1698080827687.png\",\"width\":421,\"height\":393,\"caption\":\"yoestudiosalud.es\"},\"image\":{\"@id\":\"https:\\\/\\\/yoestudiosalud.es\\\/en\\\/#\\\/schema\\\/logo\\\/image\\\/\"}}]}<\/script>\n<!-- \/ Yoast SEO Premium plugin. -->","yoast_head_json":{"title":"BLOUSE IMPERM\u00c9ABLE DE QUALIT\u00c9 SUP\u00c9RIEURE -yoestudiosalud.es","description":"Blouse imperm\u00e9able de premi\u00e8re qualit\u00e9 \u00e0 manches longues et poignets \u00e9lastiques, r\u00e9glable par des sangles \u00e0 la taille.","robots":{"index":"index","follow":"follow","max-snippet":"max-snippet:-1","max-image-preview":"max-image-preview:large","max-video-preview":"max-video-preview:-1"},"canonical":"https:\/\/yoestudiosalud.es\/fr\/produit\/bata-impermeable-calidad-superior\/","og_locale":"fr_FR","og_type":"article","og_title":"BLOUSE IMPERM\u00c9ABLE DE QUALIT\u00c9 SUP\u00c9RIEURE","og_description":"Blouse imperm\u00e9able de premi\u00e8re qualit\u00e9 \u00e0 manches longues et poignets \u00e9lastiques, r\u00e9glable par des sangles \u00e0 la taille.","og_url":"https:\/\/yoestudiosalud.es\/fr\/produit\/bata-impermeable-calidad-superior\/","og_site_name":"yoestudiosalud.es","article_modified_time":"2025-07-02T14:03:56+00:00","og_image":[{"width":650,"height":650,"url":"https:\/\/yoestudiosalud.es\/wp-content\/uploads\/2022\/10\/003521.CS_.jpg","type":"image\/jpeg"}],"twitter_card":"summary_large_image","twitter_misc":{"Dur\u00e9e de lecture estim\u00e9e":"1 minute"},"schema":{"@context":"https:\/\/schema.org","@graph":[{"@type":"WebPage","@id":"https:\/\/yoestudiosalud.es\/fr\/produit\/bata-impermeable-calidad-superior\/","url":"https:\/\/yoestudiosalud.es\/fr\/produit\/bata-impermeable-calidad-superior\/","name":"BLOUSE IMPERM\u00c9ABLE DE QUALIT\u00c9 SUP\u00c9RIEURE -yoestudiosalud.es","isPartOf":{"@id":"https:\/\/yoestudiosalud.es\/en\/#website"},"primaryImageOfPage":{"@id":"https:\/\/yoestudiosalud.es\/fr\/produit\/bata-impermeable-calidad-superior\/#primaryimage"},"image":{"@id":"https:\/\/yoestudiosalud.es\/fr\/produit\/bata-impermeable-calidad-superior\/#primaryimage"},"thumbnailUrl":"https:\/\/yoestudiosalud.es\/wp-content\/uploads\/2022\/10\/003521.CS_.jpg","datePublished":"2022-10-25T13:42:46+00:00","dateModified":"2025-07-02T14:03:56+00:00","description":"Blouse imperm\u00e9able de premi\u00e8re qualit\u00e9 \u00e0 manches longues et poignets \u00e9lastiques, r\u00e9glable par des sangles \u00e0 la taille.","breadcrumb":{"@id":"https:\/\/yoestudiosalud.es\/fr\/produit\/bata-impermeable-calidad-superior\/#breadcrumb"},"inLanguage":"fr-FR","potentialAction":[{"@type":"ReadAction","target":["https:\/\/yoestudiosalud.es\/fr\/produit\/bata-impermeable-calidad-superior\/"]}]},{"@type":"ImageObject","inLanguage":"fr-FR","@id":"https:\/\/yoestudiosalud.es\/fr\/produit\/bata-impermeable-calidad-superior\/#primaryimage","url":"https:\/\/yoestudiosalud.es\/wp-content\/uploads\/2022\/10\/003521.CS_.jpg","contentUrl":"https:\/\/yoestudiosalud.es\/wp-content\/uploads\/2022\/10\/003521.CS_.jpg","width":650,"height":650,"caption":"BLOUSE IMPERM\u00c9ABLE DE QUALIT\u00c9 SUP\u00c9RIEURE"},{"@type":"BreadcrumbList","@id":"https:\/\/yoestudiosalud.es\/fr\/produit\/bata-impermeable-calidad-superior\/#breadcrumb","itemListElement":[{"@type":"ListItem","position":1,"name":"Portada","item":"https:\/\/yoestudiosalud.es\/fr\/"},{"@type":"ListItem","position":2,"name":"Boutique","item":"https:\/\/yoestudiosalud.es\/fr\/boutique\/"},{"@type":"ListItem","position":3,"name":"BLOUSE IMPERM\u00c9ABLE DE QUALIT\u00c9 SUP\u00c9RIEURE"}]},{"@type":"WebSite","@id":"https:\/\/yoestudiosalud.es\/en\/#website","url":"https:\/\/yoestudiosalud.es\/en\/","name":"yoestudiosalud.es","description":"Material para estudiantes del sector salud","publisher":{"@id":"https:\/\/yoestudiosalud.es\/en\/#organization"},"potentialAction":[{"@type":"SearchAction","target":{"@type":"EntryPoint","urlTemplate":"https:\/\/yoestudiosalud.es\/en\/?s={search_term_string}"},"query-input":{"@type":"PropertyValueSpecification","valueRequired":true,"valueName":"search_term_string"}}],"inLanguage":"fr-FR"},{"@type":"Organization","@id":"https:\/\/yoestudiosalud.es\/en\/#organization","name":"yoestudiosalud.es","url":"https:\/\/yoestudiosalud.es\/en\/","logo":{"@type":"ImageObject","inLanguage":"fr-FR","@id":"https:\/\/yoestudiosalud.es\/en\/#\/schema\/logo\/image\/","url":"https:\/\/yoestudiosalud.es\/wp-content\/uploads\/2020\/04\/logonew-e1698080827687.png","contentUrl":"https:\/\/yoestudiosalud.es\/wp-content\/uploads\/2020\/04\/logonew-e1698080827687.png","width":421,"height":393,"caption":"yoestudiosalud.es"},"image":{"@id":"https:\/\/yoestudiosalud.es\/en\/#\/schema\/logo\/image\/"}}]}},"_links":{"self":[{"href":"https:\/\/yoestudiosalud.es\/fr\/wp-json\/wp\/v2\/product\/32227","targetHints":{"allow":["GET"]}}],"collection":[{"href":"https:\/\/yoestudiosalud.es\/fr\/wp-json\/wp\/v2\/product"}],"about":[{"href":"https:\/\/yoestudiosalud.es\/fr\/wp-json\/wp\/v2\/types\/product"}],"wp:featuredmedia":[{"embeddable":true,"href":"https:\/\/yoestudiosalud.es\/fr\/wp-json\/wp\/v2\/media\/32228"}],"wp:attachment":[{"href":"https:\/\/yoestudiosalud.es\/fr\/wp-json\/wp\/v2\/media?parent=32227"}],"wp:term":[{"taxonomy":"product_brand","embeddable":true,"href":"https:\/\/yoestudiosalud.es\/fr\/wp-json\/wp\/v2\/product_brand?post=32227"},{"taxonomy":"product_cat","embeddable":true,"href":"https:\/\/yoestudiosalud.es\/fr\/wp-json\/wp\/v2\/product_cat?post=32227"},{"taxonomy":"product_tag","embeddable":true,"href":"https:\/\/yoestudiosalud.es\/fr\/wp-json\/wp\/v2\/product_tag?post=32227"}],"curies":[{"name":"wp","href":"https:\/\/api.w.org\/{rel}","templated":true}]}}