{"id":32219,"date":"2022-11-17T14:28:17","date_gmt":"2022-11-17T14:28:17","guid":{"rendered":"https:\/\/yoestudiosalud.es\/producto\/kit-aislamiento-tipo-ivory\/"},"modified":"2025-06-17T20:29:54","modified_gmt":"2025-06-17T18:29:54","slug":"kit-aislamiento-tipo-ivory","status":"publish","type":"product","link":"https:\/\/yoestudiosalud.es\/fr\/produit\/kit-aislamiento-tipo-ivory\/","title":{"rendered":"KIT D\u2019ISOLATION TYPE IVORY"},"content":{"rendered":"<p>Le kit d\u2019isolation type Ivory contient le mat\u00e9riel indispensable pour isoler et s\u00e9parer le champ chirurgical du reste de la cavit\u00e9 buccale, permettant une meilleure visibilit\u00e9 du champ op\u00e9ratoire et \u00e9vitant sa contamination.<\/p>\n<p>Il est pr\u00e9sent\u00e9 dans une mallette qui comprend :<\/p>\n<ul>\n<li>Perforateur de digue mod\u00e8le Ivory<\/li>\n<li>Porta-clamp mod\u00e8le Ivory<\/li>\n<li>Arc de Young 13 cm<\/li>\n<li>8 clamps : 0, 2, 7, 8a, 9, 14 et 14A<\/li>\n<\/ul>\n<p>&nbsp;<\/p>\n","protected":false},"excerpt":{"rendered":"<p>Le kit d\u2019isolation type Ivory contient le mat\u00e9riel indispensable pour isoler et s\u00e9parer le champ chirurgical du reste de la cavit\u00e9 buccale, permettant une meilleure visibilit\u00e9 du champ op\u00e9ratoire et \u00e9vitant sa contamination.<\/p>\n<p>Il est pr\u00e9sent\u00e9 dans une mallette qui comprend :<\/p>\n<ul>\n<li><strong>Perforateur de digue mod\u00e8le Ivory<\/strong> : instrument permettant de r\u00e9aliser des d\u00e9coupes circulaires de diff\u00e9rents diam\u00e8tres dans la digue en caoutchouc.<\/li>\n<li><strong>Porta-clamp mod\u00e8le Ivory<\/strong> : pince destin\u00e9e \u00e0 la pose et au retrait des clamps.<\/li>\n<li><strong>8 clamps : 0, 2, 7, 8a, 9, 14 et 14A<\/strong> : les clamps, agrafes ou attaches m\u00e9talliques, serrent la zone cervicale de la couronne dentaire pour maintenir la digue en caoutchouc pendant l\u2019isolation.<\/li>\n<li><strong>Arc de Young<\/strong>.<\/li>\n<\/ul>\n","protected":false},"featured_media":28251,"template":"","meta":[],"product_brand":[],"product_cat":[680],"product_tag":[682,690,907],"class_list":{"0":"post-32219","1":"product","2":"type-product","3":"status-publish","4":"has-post-thumbnail","6":"product_cat-endodontie-fr","7":"product_tag-ucv2","8":"product_tag-uem3-fr","9":"product_tag-ceusp4-fr","10":"pa_formacion-odontologia-fr","12":"first","13":"instock","14":"sale","15":"taxable","16":"shipping-taxable","17":"purchasable","18":"product-type-simple"},"yoast_head":"<!-- This site is optimized with the Yoast SEO Premium plugin v27.0 (Yoast SEO v27.2) - https:\/\/yoast.com\/product\/yoast-seo-premium-wordpress\/ -->\n<title>KIT D\u2019ISOLATION TYPE IVORY - yoestudiosalud.es<\/title>\n<meta name=\"description\" content=\"El kit aislamiento tipo Ivory es indispensable en cirug\u00eda para aislar y separar el campo quir\u00fargico del resto de la cavidad oral. C\u00f3mpralo online !\" \/>\n<meta name=\"robots\" content=\"index, follow, max-snippet:-1, max-image-preview:large, max-video-preview:-1\" \/>\n<link rel=\"canonical\" href=\"https:\/\/yoestudiosalud.es\/fr\/produit\/kit-aislamiento-tipo-ivory\/\" \/>\n<meta property=\"og:locale\" content=\"fr_FR\" \/>\n<meta property=\"og:type\" content=\"article\" \/>\n<meta property=\"og:title\" content=\"KIT D\u2019ISOLATION TYPE IVORY\" \/>\n<meta property=\"og:description\" content=\"El kit aislamiento tipo Ivory es indispensable en cirug\u00eda para aislar y separar el campo quir\u00fargico del resto de la cavidad oral. C\u00f3mpralo online !\" \/>\n<meta property=\"og:url\" content=\"https:\/\/yoestudiosalud.es\/fr\/produit\/kit-aislamiento-tipo-ivory\/\" \/>\n<meta property=\"og:site_name\" content=\"yoestudiosalud.es\" \/>\n<meta property=\"article:modified_time\" content=\"2025-06-17T18:29:54+00:00\" \/>\n<meta property=\"og:image\" content=\"https:\/\/yoestudiosalud.es\/wp-content\/uploads\/2022\/11\/Foto3.jpg\" \/>\n\t<meta property=\"og:image:width\" content=\"800\" \/>\n\t<meta property=\"og:image:height\" content=\"800\" \/>\n\t<meta property=\"og:image:type\" content=\"image\/jpeg\" \/>\n<meta name=\"twitter:card\" content=\"summary_large_image\" \/>\n<script type=\"application\/ld+json\" class=\"yoast-schema-graph\">{\"@context\":\"https:\/\/schema.org\",\"@graph\":[{\"@type\":\"WebPage\",\"@id\":\"https:\/\/yoestudiosalud.es\/fr\/produit\/kit-aislamiento-tipo-ivory\/\",\"url\":\"https:\/\/yoestudiosalud.es\/fr\/produit\/kit-aislamiento-tipo-ivory\/\",\"name\":\"KIT D\u2019ISOLATION TYPE IVORY - yoestudiosalud.es\",\"isPartOf\":{\"@id\":\"https:\/\/yoestudiosalud.es\/en\/#website\"},\"primaryImageOfPage\":{\"@id\":\"https:\/\/yoestudiosalud.es\/fr\/produit\/kit-aislamiento-tipo-ivory\/#primaryimage\"},\"image\":{\"@id\":\"https:\/\/yoestudiosalud.es\/fr\/produit\/kit-aislamiento-tipo-ivory\/#primaryimage\"},\"thumbnailUrl\":\"https:\/\/yoestudiosalud.es\/wp-content\/uploads\/2022\/11\/Foto3.jpg\",\"datePublished\":\"2022-11-17T14:28:17+00:00\",\"dateModified\":\"2025-06-17T18:29:54+00:00\",\"description\":\"El kit aislamiento tipo Ivory es indispensable en cirug\u00eda para aislar y separar el campo quir\u00fargico del resto de la cavidad oral. C\u00f3mpralo online !\",\"breadcrumb\":{\"@id\":\"https:\/\/yoestudiosalud.es\/fr\/produit\/kit-aislamiento-tipo-ivory\/#breadcrumb\"},\"inLanguage\":\"fr-FR\",\"potentialAction\":[{\"@type\":\"ReadAction\",\"target\":[\"https:\/\/yoestudiosalud.es\/fr\/produit\/kit-aislamiento-tipo-ivory\/\"]}]},{\"@type\":\"ImageObject\",\"inLanguage\":\"fr-FR\",\"@id\":\"https:\/\/yoestudiosalud.es\/fr\/produit\/kit-aislamiento-tipo-ivory\/#primaryimage\",\"url\":\"https:\/\/yoestudiosalud.es\/wp-content\/uploads\/2022\/11\/Foto3.jpg\",\"contentUrl\":\"https:\/\/yoestudiosalud.es\/wp-content\/uploads\/2022\/11\/Foto3.jpg\",\"width\":800,\"height\":800,\"caption\":\"003785.SOS\"},{\"@type\":\"BreadcrumbList\",\"@id\":\"https:\/\/yoestudiosalud.es\/fr\/produit\/kit-aislamiento-tipo-ivory\/#breadcrumb\",\"itemListElement\":[{\"@type\":\"ListItem\",\"position\":1,\"name\":\"Portada\",\"item\":\"https:\/\/yoestudiosalud.es\/fr\/\"},{\"@type\":\"ListItem\",\"position\":2,\"name\":\"Boutique\",\"item\":\"https:\/\/yoestudiosalud.es\/fr\/boutique\/\"},{\"@type\":\"ListItem\",\"position\":3,\"name\":\"KIT D\u2019ISOLATION TYPE IVORY\"}]},{\"@type\":\"WebSite\",\"@id\":\"https:\/\/yoestudiosalud.es\/en\/#website\",\"url\":\"https:\/\/yoestudiosalud.es\/en\/\",\"name\":\"yoestudiosalud.es\",\"description\":\"Material para estudiantes del sector salud\",\"publisher\":{\"@id\":\"https:\/\/yoestudiosalud.es\/en\/#organization\"},\"potentialAction\":[{\"@type\":\"SearchAction\",\"target\":{\"@type\":\"EntryPoint\",\"urlTemplate\":\"https:\/\/yoestudiosalud.es\/en\/?s={search_term_string}\"},\"query-input\":{\"@type\":\"PropertyValueSpecification\",\"valueRequired\":true,\"valueName\":\"search_term_string\"}}],\"inLanguage\":\"fr-FR\"},{\"@type\":\"Organization\",\"@id\":\"https:\/\/yoestudiosalud.es\/en\/#organization\",\"name\":\"yoestudiosalud.es\",\"url\":\"https:\/\/yoestudiosalud.es\/en\/\",\"logo\":{\"@type\":\"ImageObject\",\"inLanguage\":\"fr-FR\",\"@id\":\"https:\/\/yoestudiosalud.es\/en\/#\/schema\/logo\/image\/\",\"url\":\"https:\/\/yoestudiosalud.es\/wp-content\/uploads\/2020\/04\/logonew-e1698080827687.png\",\"contentUrl\":\"https:\/\/yoestudiosalud.es\/wp-content\/uploads\/2020\/04\/logonew-e1698080827687.png\",\"width\":421,\"height\":393,\"caption\":\"yoestudiosalud.es\"},\"image\":{\"@id\":\"https:\/\/yoestudiosalud.es\/en\/#\/schema\/logo\/image\/\"}}]}<\/script>\n<!-- \/ Yoast SEO Premium plugin. -->","yoast_head_json":{"title":"KIT D\u2019ISOLATION TYPE IVORY - yoestudiosalud.es","description":"El kit aislamiento tipo Ivory es indispensable en cirug\u00eda para aislar y separar el campo quir\u00fargico del resto de la cavidad oral. C\u00f3mpralo online !","robots":{"index":"index","follow":"follow","max-snippet":"max-snippet:-1","max-image-preview":"max-image-preview:large","max-video-preview":"max-video-preview:-1"},"canonical":"https:\/\/yoestudiosalud.es\/fr\/produit\/kit-aislamiento-tipo-ivory\/","og_locale":"fr_FR","og_type":"article","og_title":"KIT D\u2019ISOLATION TYPE IVORY","og_description":"El kit aislamiento tipo Ivory es indispensable en cirug\u00eda para aislar y separar el campo quir\u00fargico del resto de la cavidad oral. C\u00f3mpralo online !","og_url":"https:\/\/yoestudiosalud.es\/fr\/produit\/kit-aislamiento-tipo-ivory\/","og_site_name":"yoestudiosalud.es","article_modified_time":"2025-06-17T18:29:54+00:00","og_image":[{"width":800,"height":800,"url":"https:\/\/yoestudiosalud.es\/wp-content\/uploads\/2022\/11\/Foto3.jpg","type":"image\/jpeg"}],"twitter_card":"summary_large_image","schema":{"@context":"https:\/\/schema.org","@graph":[{"@type":"WebPage","@id":"https:\/\/yoestudiosalud.es\/fr\/produit\/kit-aislamiento-tipo-ivory\/","url":"https:\/\/yoestudiosalud.es\/fr\/produit\/kit-aislamiento-tipo-ivory\/","name":"KIT D\u2019ISOLATION TYPE IVORY - yoestudiosalud.es","isPartOf":{"@id":"https:\/\/yoestudiosalud.es\/en\/#website"},"primaryImageOfPage":{"@id":"https:\/\/yoestudiosalud.es\/fr\/produit\/kit-aislamiento-tipo-ivory\/#primaryimage"},"image":{"@id":"https:\/\/yoestudiosalud.es\/fr\/produit\/kit-aislamiento-tipo-ivory\/#primaryimage"},"thumbnailUrl":"https:\/\/yoestudiosalud.es\/wp-content\/uploads\/2022\/11\/Foto3.jpg","datePublished":"2022-11-17T14:28:17+00:00","dateModified":"2025-06-17T18:29:54+00:00","description":"El kit aislamiento tipo Ivory es indispensable en cirug\u00eda para aislar y separar el campo quir\u00fargico del resto de la cavidad oral. C\u00f3mpralo online !","breadcrumb":{"@id":"https:\/\/yoestudiosalud.es\/fr\/produit\/kit-aislamiento-tipo-ivory\/#breadcrumb"},"inLanguage":"fr-FR","potentialAction":[{"@type":"ReadAction","target":["https:\/\/yoestudiosalud.es\/fr\/produit\/kit-aislamiento-tipo-ivory\/"]}]},{"@type":"ImageObject","inLanguage":"fr-FR","@id":"https:\/\/yoestudiosalud.es\/fr\/produit\/kit-aislamiento-tipo-ivory\/#primaryimage","url":"https:\/\/yoestudiosalud.es\/wp-content\/uploads\/2022\/11\/Foto3.jpg","contentUrl":"https:\/\/yoestudiosalud.es\/wp-content\/uploads\/2022\/11\/Foto3.jpg","width":800,"height":800,"caption":"003785.SOS"},{"@type":"BreadcrumbList","@id":"https:\/\/yoestudiosalud.es\/fr\/produit\/kit-aislamiento-tipo-ivory\/#breadcrumb","itemListElement":[{"@type":"ListItem","position":1,"name":"Portada","item":"https:\/\/yoestudiosalud.es\/fr\/"},{"@type":"ListItem","position":2,"name":"Boutique","item":"https:\/\/yoestudiosalud.es\/fr\/boutique\/"},{"@type":"ListItem","position":3,"name":"KIT D\u2019ISOLATION TYPE IVORY"}]},{"@type":"WebSite","@id":"https:\/\/yoestudiosalud.es\/en\/#website","url":"https:\/\/yoestudiosalud.es\/en\/","name":"yoestudiosalud.es","description":"Material para estudiantes del sector salud","publisher":{"@id":"https:\/\/yoestudiosalud.es\/en\/#organization"},"potentialAction":[{"@type":"SearchAction","target":{"@type":"EntryPoint","urlTemplate":"https:\/\/yoestudiosalud.es\/en\/?s={search_term_string}"},"query-input":{"@type":"PropertyValueSpecification","valueRequired":true,"valueName":"search_term_string"}}],"inLanguage":"fr-FR"},{"@type":"Organization","@id":"https:\/\/yoestudiosalud.es\/en\/#organization","name":"yoestudiosalud.es","url":"https:\/\/yoestudiosalud.es\/en\/","logo":{"@type":"ImageObject","inLanguage":"fr-FR","@id":"https:\/\/yoestudiosalud.es\/en\/#\/schema\/logo\/image\/","url":"https:\/\/yoestudiosalud.es\/wp-content\/uploads\/2020\/04\/logonew-e1698080827687.png","contentUrl":"https:\/\/yoestudiosalud.es\/wp-content\/uploads\/2020\/04\/logonew-e1698080827687.png","width":421,"height":393,"caption":"yoestudiosalud.es"},"image":{"@id":"https:\/\/yoestudiosalud.es\/en\/#\/schema\/logo\/image\/"}}]}},"_links":{"self":[{"href":"https:\/\/yoestudiosalud.es\/fr\/wp-json\/wp\/v2\/product\/32219","targetHints":{"allow":["GET"]}}],"collection":[{"href":"https:\/\/yoestudiosalud.es\/fr\/wp-json\/wp\/v2\/product"}],"about":[{"href":"https:\/\/yoestudiosalud.es\/fr\/wp-json\/wp\/v2\/types\/product"}],"wp:featuredmedia":[{"embeddable":true,"href":"https:\/\/yoestudiosalud.es\/fr\/wp-json\/wp\/v2\/media\/28251"}],"wp:attachment":[{"href":"https:\/\/yoestudiosalud.es\/fr\/wp-json\/wp\/v2\/media?parent=32219"}],"wp:term":[{"taxonomy":"product_brand","embeddable":true,"href":"https:\/\/yoestudiosalud.es\/fr\/wp-json\/wp\/v2\/product_brand?post=32219"},{"taxonomy":"product_cat","embeddable":true,"href":"https:\/\/yoestudiosalud.es\/fr\/wp-json\/wp\/v2\/product_cat?post=32219"},{"taxonomy":"product_tag","embeddable":true,"href":"https:\/\/yoestudiosalud.es\/fr\/wp-json\/wp\/v2\/product_tag?post=32219"}],"curies":[{"name":"wp","href":"https:\/\/api.w.org\/{rel}","templated":true}]}}