{"id":32215,"date":"2022-11-17T14:39:23","date_gmt":"2022-11-17T14:39:23","guid":{"rendered":"https:\/\/yoestudiosalud.es\/producto\/edenta-lindemann-h162-016-ra\/"},"modified":"2025-07-02T16:14:58","modified_gmt":"2025-07-02T14:14:58","slug":"edenta-lindemann-h162-016-ra","status":"publish","type":"product","link":"https:\/\/yoestudiosalud.es\/fr\/produit\/edenta-lindemann-h162-016-ra\/","title":{"rendered":"EDENTA LINDEMANN H162-016 RA"},"content":{"rendered":"<p>Le foret Edenta Lindemann H162-016 \u00e0 contre-angle (RA) est un foret chirurgical sp\u00e9cialement adapt\u00e9 au travail dans la structure osseuse. Des coupes transversales fines et une profondeur de goujure optimale garantissent une coupe efficace des tissus durs ou des tissus osseux et l&#8217;\u00e9jection des d\u00e9chets. Carbure de haute qualit\u00e9 \u00e0 grain fin pour une performance uniforme et sans vibration.<\/p>\n<p>Sp\u00e9cialement adapt\u00e9 au travail dans la structure osseuse.<br \/>\nTr\u00e8s efficace<br \/>\nAngles de coupe uniques de la lame<br \/>\nSyst\u00e8me d&#8217;\u00e9vacuation des d\u00e9bris<br \/>\nLa fraise Lindemann est con\u00e7ue pour une coupe agressive de la structure osseuse.<br \/>\nAutres proc\u00e9dures telles que l&#8217;ost\u00e9otomie, l&#8217;apicoectomie, la kystectomie, l&#8217;h\u00e9misectomie et la chirurgie pr\u00e9-proth\u00e9tique.<\/p>\n","protected":false},"excerpt":{"rendered":"<p>Le foret Edenta Lindemann H162-016 \u00e0 contre-angle (RA) est un foret chirurgical sp\u00e9cialement adapt\u00e9 au travail dans la structure osseuse.<\/p>\n","protected":false},"featured_media":32216,"template":"","meta":[],"product_brand":[],"product_cat":[681],"product_tag":[],"class_list":{"0":"post-32215","1":"product","2":"type-product","3":"status-publish","4":"has-post-thumbnail","6":"product_cat-chirurgie-fr","7":"pa_formacion-odontologia-fr","9":"first","10":"onbackorder","11":"sale","12":"taxable","13":"shipping-taxable","14":"purchasable","15":"product-type-simple"},"yoast_head":"<!-- This site is optimized with the Yoast SEO Premium plugin v27.0 (Yoast SEO v27.2) - https:\/\/yoast.com\/product\/yoast-seo-premium-wordpress\/ -->\n<title>EDENTA LINDEMANN H162-016 RA - yoestudiosalud.es online<\/title>\n<meta name=\"description\" content=\"Le foret Edenta Lindemann H162-016 \u00e0 contre-angle (RA) est un foret chirurgical sp\u00e9cialement adapt\u00e9 au travail dans la structure osseuse.\" \/>\n<meta name=\"robots\" content=\"index, follow, max-snippet:-1, max-image-preview:large, max-video-preview:-1\" \/>\n<link rel=\"canonical\" href=\"https:\/\/yoestudiosalud.es\/produit\/edenta-lindemann-h162-016-ra\/\" \/>\n<meta property=\"og:locale\" content=\"fr_FR\" \/>\n<meta property=\"og:type\" content=\"article\" \/>\n<meta property=\"og:title\" content=\"EDENTA LINDEMANN H162-016 RA\" \/>\n<meta property=\"og:description\" content=\"Le foret Edenta Lindemann H162-016 \u00e0 contre-angle (RA) est un foret chirurgical sp\u00e9cialement adapt\u00e9 au travail dans la structure osseuse.\" \/>\n<meta property=\"og:url\" content=\"https:\/\/yoestudiosalud.es\/produit\/edenta-lindemann-h162-016-ra\/\" \/>\n<meta property=\"og:site_name\" content=\"yoestudiosalud.es\" \/>\n<meta property=\"article:modified_time\" content=\"2025-07-02T14:14:58+00:00\" \/>\n<meta property=\"og:image\" content=\"https:\/\/yoestudiosalud.es\/wp-content\/uploads\/2022\/11\/003951.016.jpg\" \/>\n\t<meta property=\"og:image:width\" content=\"650\" \/>\n\t<meta property=\"og:image:height\" content=\"650\" \/>\n\t<meta property=\"og:image:type\" content=\"image\/jpeg\" \/>\n<meta name=\"twitter:card\" content=\"summary_large_image\" \/>\n<meta name=\"twitter:label1\" content=\"Dur\u00e9e de lecture estim\u00e9e\" \/>\n\t<meta name=\"twitter:data1\" content=\"1 minute\" \/>\n<script type=\"application\/ld+json\" class=\"yoast-schema-graph\">{\"@context\":\"https:\/\/schema.org\",\"@graph\":[{\"@type\":\"WebPage\",\"@id\":\"https:\/\/yoestudiosalud.es\/produit\/edenta-lindemann-h162-016-ra\/\",\"url\":\"https:\/\/yoestudiosalud.es\/produit\/edenta-lindemann-h162-016-ra\/\",\"name\":\"EDENTA LINDEMANN H162-016 RA - yoestudiosalud.es online\",\"isPartOf\":{\"@id\":\"https:\/\/yoestudiosalud.es\/en\/#website\"},\"primaryImageOfPage\":{\"@id\":\"https:\/\/yoestudiosalud.es\/produit\/edenta-lindemann-h162-016-ra\/#primaryimage\"},\"image\":{\"@id\":\"https:\/\/yoestudiosalud.es\/produit\/edenta-lindemann-h162-016-ra\/#primaryimage\"},\"thumbnailUrl\":\"https:\/\/yoestudiosalud.es\/wp-content\/uploads\/2022\/11\/003951.016.jpg\",\"datePublished\":\"2022-11-17T14:39:23+00:00\",\"dateModified\":\"2025-07-02T14:14:58+00:00\",\"description\":\"Le foret Edenta Lindemann H162-016 \u00e0 contre-angle (RA) est un foret chirurgical sp\u00e9cialement adapt\u00e9 au travail dans la structure osseuse.\",\"breadcrumb\":{\"@id\":\"https:\/\/yoestudiosalud.es\/produit\/edenta-lindemann-h162-016-ra\/#breadcrumb\"},\"inLanguage\":\"fr-FR\",\"potentialAction\":[{\"@type\":\"ReadAction\",\"target\":[\"https:\/\/yoestudiosalud.es\/produit\/edenta-lindemann-h162-016-ra\/\"]}]},{\"@type\":\"ImageObject\",\"inLanguage\":\"fr-FR\",\"@id\":\"https:\/\/yoestudiosalud.es\/produit\/edenta-lindemann-h162-016-ra\/#primaryimage\",\"url\":\"https:\/\/yoestudiosalud.es\/wp-content\/uploads\/2022\/11\/003951.016.jpg\",\"contentUrl\":\"https:\/\/yoestudiosalud.es\/wp-content\/uploads\/2022\/11\/003951.016.jpg\",\"width\":650,\"height\":650,\"caption\":\"EDENTA LINDEMANN H162-016 FG\"},{\"@type\":\"BreadcrumbList\",\"@id\":\"https:\/\/yoestudiosalud.es\/produit\/edenta-lindemann-h162-016-ra\/#breadcrumb\",\"itemListElement\":[{\"@type\":\"ListItem\",\"position\":1,\"name\":\"Portada\",\"item\":\"https:\/\/yoestudiosalud.es\/fr\/\"},{\"@type\":\"ListItem\",\"position\":2,\"name\":\"Boutique\",\"item\":\"https:\/\/yoestudiosalud.es\/fr\/boutique\/\"},{\"@type\":\"ListItem\",\"position\":3,\"name\":\"EDENTA LINDEMANN H162-016 RA\"}]},{\"@type\":\"WebSite\",\"@id\":\"https:\/\/yoestudiosalud.es\/en\/#website\",\"url\":\"https:\/\/yoestudiosalud.es\/en\/\",\"name\":\"yoestudiosalud.es\",\"description\":\"Material para estudiantes del sector salud\",\"publisher\":{\"@id\":\"https:\/\/yoestudiosalud.es\/en\/#organization\"},\"potentialAction\":[{\"@type\":\"SearchAction\",\"target\":{\"@type\":\"EntryPoint\",\"urlTemplate\":\"https:\/\/yoestudiosalud.es\/en\/?s={search_term_string}\"},\"query-input\":{\"@type\":\"PropertyValueSpecification\",\"valueRequired\":true,\"valueName\":\"search_term_string\"}}],\"inLanguage\":\"fr-FR\"},{\"@type\":\"Organization\",\"@id\":\"https:\/\/yoestudiosalud.es\/en\/#organization\",\"name\":\"yoestudiosalud.es\",\"url\":\"https:\/\/yoestudiosalud.es\/en\/\",\"logo\":{\"@type\":\"ImageObject\",\"inLanguage\":\"fr-FR\",\"@id\":\"https:\/\/yoestudiosalud.es\/en\/#\/schema\/logo\/image\/\",\"url\":\"https:\/\/yoestudiosalud.es\/wp-content\/uploads\/2020\/04\/logonew-e1698080827687.png\",\"contentUrl\":\"https:\/\/yoestudiosalud.es\/wp-content\/uploads\/2020\/04\/logonew-e1698080827687.png\",\"width\":421,\"height\":393,\"caption\":\"yoestudiosalud.es\"},\"image\":{\"@id\":\"https:\/\/yoestudiosalud.es\/en\/#\/schema\/logo\/image\/\"}}]}<\/script>\n<!-- \/ Yoast SEO Premium plugin. -->","yoast_head_json":{"title":"EDENTA LINDEMANN H162-016 RA - yoestudiosalud.es online","description":"Le foret Edenta Lindemann H162-016 \u00e0 contre-angle (RA) est un foret chirurgical sp\u00e9cialement adapt\u00e9 au travail dans la structure osseuse.","robots":{"index":"index","follow":"follow","max-snippet":"max-snippet:-1","max-image-preview":"max-image-preview:large","max-video-preview":"max-video-preview:-1"},"canonical":"https:\/\/yoestudiosalud.es\/produit\/edenta-lindemann-h162-016-ra\/","og_locale":"fr_FR","og_type":"article","og_title":"EDENTA LINDEMANN H162-016 RA","og_description":"Le foret Edenta Lindemann H162-016 \u00e0 contre-angle (RA) est un foret chirurgical sp\u00e9cialement adapt\u00e9 au travail dans la structure osseuse.","og_url":"https:\/\/yoestudiosalud.es\/produit\/edenta-lindemann-h162-016-ra\/","og_site_name":"yoestudiosalud.es","article_modified_time":"2025-07-02T14:14:58+00:00","og_image":[{"width":650,"height":650,"url":"https:\/\/yoestudiosalud.es\/wp-content\/uploads\/2022\/11\/003951.016.jpg","type":"image\/jpeg"}],"twitter_card":"summary_large_image","twitter_misc":{"Dur\u00e9e de lecture estim\u00e9e":"1 minute"},"schema":{"@context":"https:\/\/schema.org","@graph":[{"@type":"WebPage","@id":"https:\/\/yoestudiosalud.es\/produit\/edenta-lindemann-h162-016-ra\/","url":"https:\/\/yoestudiosalud.es\/produit\/edenta-lindemann-h162-016-ra\/","name":"EDENTA LINDEMANN H162-016 RA - yoestudiosalud.es online","isPartOf":{"@id":"https:\/\/yoestudiosalud.es\/en\/#website"},"primaryImageOfPage":{"@id":"https:\/\/yoestudiosalud.es\/produit\/edenta-lindemann-h162-016-ra\/#primaryimage"},"image":{"@id":"https:\/\/yoestudiosalud.es\/produit\/edenta-lindemann-h162-016-ra\/#primaryimage"},"thumbnailUrl":"https:\/\/yoestudiosalud.es\/wp-content\/uploads\/2022\/11\/003951.016.jpg","datePublished":"2022-11-17T14:39:23+00:00","dateModified":"2025-07-02T14:14:58+00:00","description":"Le foret Edenta Lindemann H162-016 \u00e0 contre-angle (RA) est un foret chirurgical sp\u00e9cialement adapt\u00e9 au travail dans la structure osseuse.","breadcrumb":{"@id":"https:\/\/yoestudiosalud.es\/produit\/edenta-lindemann-h162-016-ra\/#breadcrumb"},"inLanguage":"fr-FR","potentialAction":[{"@type":"ReadAction","target":["https:\/\/yoestudiosalud.es\/produit\/edenta-lindemann-h162-016-ra\/"]}]},{"@type":"ImageObject","inLanguage":"fr-FR","@id":"https:\/\/yoestudiosalud.es\/produit\/edenta-lindemann-h162-016-ra\/#primaryimage","url":"https:\/\/yoestudiosalud.es\/wp-content\/uploads\/2022\/11\/003951.016.jpg","contentUrl":"https:\/\/yoestudiosalud.es\/wp-content\/uploads\/2022\/11\/003951.016.jpg","width":650,"height":650,"caption":"EDENTA LINDEMANN H162-016 FG"},{"@type":"BreadcrumbList","@id":"https:\/\/yoestudiosalud.es\/produit\/edenta-lindemann-h162-016-ra\/#breadcrumb","itemListElement":[{"@type":"ListItem","position":1,"name":"Portada","item":"https:\/\/yoestudiosalud.es\/fr\/"},{"@type":"ListItem","position":2,"name":"Boutique","item":"https:\/\/yoestudiosalud.es\/fr\/boutique\/"},{"@type":"ListItem","position":3,"name":"EDENTA LINDEMANN H162-016 RA"}]},{"@type":"WebSite","@id":"https:\/\/yoestudiosalud.es\/en\/#website","url":"https:\/\/yoestudiosalud.es\/en\/","name":"yoestudiosalud.es","description":"Material para estudiantes del sector salud","publisher":{"@id":"https:\/\/yoestudiosalud.es\/en\/#organization"},"potentialAction":[{"@type":"SearchAction","target":{"@type":"EntryPoint","urlTemplate":"https:\/\/yoestudiosalud.es\/en\/?s={search_term_string}"},"query-input":{"@type":"PropertyValueSpecification","valueRequired":true,"valueName":"search_term_string"}}],"inLanguage":"fr-FR"},{"@type":"Organization","@id":"https:\/\/yoestudiosalud.es\/en\/#organization","name":"yoestudiosalud.es","url":"https:\/\/yoestudiosalud.es\/en\/","logo":{"@type":"ImageObject","inLanguage":"fr-FR","@id":"https:\/\/yoestudiosalud.es\/en\/#\/schema\/logo\/image\/","url":"https:\/\/yoestudiosalud.es\/wp-content\/uploads\/2020\/04\/logonew-e1698080827687.png","contentUrl":"https:\/\/yoestudiosalud.es\/wp-content\/uploads\/2020\/04\/logonew-e1698080827687.png","width":421,"height":393,"caption":"yoestudiosalud.es"},"image":{"@id":"https:\/\/yoestudiosalud.es\/en\/#\/schema\/logo\/image\/"}}]}},"_links":{"self":[{"href":"https:\/\/yoestudiosalud.es\/fr\/wp-json\/wp\/v2\/product\/32215","targetHints":{"allow":["GET"]}}],"collection":[{"href":"https:\/\/yoestudiosalud.es\/fr\/wp-json\/wp\/v2\/product"}],"about":[{"href":"https:\/\/yoestudiosalud.es\/fr\/wp-json\/wp\/v2\/types\/product"}],"wp:featuredmedia":[{"embeddable":true,"href":"https:\/\/yoestudiosalud.es\/fr\/wp-json\/wp\/v2\/media\/32216"}],"wp:attachment":[{"href":"https:\/\/yoestudiosalud.es\/fr\/wp-json\/wp\/v2\/media?parent=32215"}],"wp:term":[{"taxonomy":"product_brand","embeddable":true,"href":"https:\/\/yoestudiosalud.es\/fr\/wp-json\/wp\/v2\/product_brand?post=32215"},{"taxonomy":"product_cat","embeddable":true,"href":"https:\/\/yoestudiosalud.es\/fr\/wp-json\/wp\/v2\/product_cat?post=32215"},{"taxonomy":"product_tag","embeddable":true,"href":"https:\/\/yoestudiosalud.es\/fr\/wp-json\/wp\/v2\/product_tag?post=32215"}],"curies":[{"name":"wp","href":"https:\/\/api.w.org\/{rel}","templated":true}]}}