{"id":32213,"date":"2022-11-18T13:16:38","date_gmt":"2022-11-18T13:16:38","guid":{"rendered":"https:\/\/yoestudiosalud.es\/producto\/fresero-inox-universal-12fresas\/"},"modified":"2025-07-02T16:18:37","modified_gmt":"2025-07-02T14:18:37","slug":"fresero-inox-universal-12fresas","status":"publish","type":"product","link":"https:\/\/yoestudiosalud.es\/fr\/produit\/fresero-inox-universal-12fresas\/","title":{"rendered":"PORTE-FRAISE INOX UNIVERSAL 12 FRESAS"},"content":{"rendered":"<p>Le porte-fraises universel en acier inoxydable 12 fraises est un porte-fraises polyvalent qui permet de placer, d&#8217;organiser et de st\u00e9riliser les fraises de contre-angle, les fraises de pi\u00e8ce \u00e0 main, les inserts, les implants, etc.<\/p>\n<p>Les douze trous sont \u00e9quip\u00e9s de pinces en silicone qui bloquent les fraises et garantissent qu&#8217;elles restent en place.<\/p>\n<p>Fabriqu\u00e9 en acier inoxydable, autoclavable \u00e0 160\u00ba, il mesure 10,5&#215;4,5&#215;4,8cm.<\/p>\n<div id=\"page\" class=\"clearfix\">\n<div class=\"white_wrapper white_wrapper_top \">\n<div id=\"columns\" class=\"clearfix\">\n<div class=\"fixed_width\">\n<div id=\"column_wrapp\">\n<div id=\"more_info_ref\" class=\"row clear clearfix\">\n<div class=\" left\">\n<div id=\"more_info_block\" class=\"clear\">\n<div id=\"more_info_sheets\" class=\"sheets align_justify\">\n<div id=\"idTab1\" class=\"rte\"><\/div>\n<\/div>\n<\/div>\n<\/div>\n<\/div>\n<p class=\"alert alert-info\">\n<\/div>\n<\/div>\n<\/div>\n<\/div>\n<\/div>\n<footer id=\"footer\" class=\" clearfix\">\n<div class=\"fixed_width footer_border\">\n<div class=\"row-fluid\">\n<div id=\"lgcookieslaw_banner\" class=\"lgcookieslaw-banner A2O4W8X6IK\" title=\"Blocked (class): lgcookieslaw-banner\">\n<div class=\"container\">\n<div class=\"lgcookieslaw-message\">\n<p>&nbsp;<\/p>\n<\/div>\n<\/div>\n<\/div>\n<\/div>\n<\/div>\n<\/footer>\n","protected":false},"excerpt":{"rendered":"<p>Le porte-fraises universel en acier inoxydable 12 fraises est un porte-fraises polyvalent qui permet de placer, d&#8217;organiser et de st\u00e9riliser les fraises<\/p>\n<p>Los doce orificios est\u00e1n provistos de gomas de silicona que aseguran que la fresa se mantenga en su sitio .<\/p>\n<p>Fabricado en acero inoxidable , autoclavable a 160\u00ba y medidas 10,5&#215;4,5x 4,8cm<\/p>\n","protected":false},"featured_media":32214,"template":"","meta":[],"product_brand":[],"product_cat":[698],"product_tag":[],"class_list":{"0":"post-32213","1":"product","2":"type-product","3":"status-publish","4":"has-post-thumbnail","6":"product_cat-organisation-fr","7":"pa_formacion-odontologia-fr","9":"first","10":"instock","11":"taxable","12":"shipping-taxable","13":"purchasable","14":"product-type-simple"},"yoast_head":"<!-- This site is optimized with the Yoast SEO Premium plugin v27.0 (Yoast SEO v27.4) - https:\/\/yoast.com\/product\/yoast-seo-premium-wordpress\/ -->\n<title>PORTE-FRAISE INOX UNIVERSAL 12 FRESAS - yoestudiosalud.es<\/title>\n<meta name=\"description\" content=\"Le porte-fraises universel en acier inoxydable 12 fraises est un porte-fraises polyvalent qui permet de placer, d&#039;organiser et de st\u00e9riliser les fraises\" \/>\n<meta name=\"robots\" content=\"index, follow, max-snippet:-1, max-image-preview:large, max-video-preview:-1\" \/>\n<link rel=\"canonical\" href=\"https:\/\/yoestudiosalud.es\/produit\/fresero-inox-universal-12fresas\/\" \/>\n<meta property=\"og:locale\" content=\"fr_FR\" \/>\n<meta property=\"og:type\" content=\"article\" \/>\n<meta property=\"og:title\" content=\"PORTE-FRAISE INOX UNIVERSAL 12 FRESAS\" \/>\n<meta property=\"og:description\" content=\"Le porte-fraises universel en acier inoxydable 12 fraises est un porte-fraises polyvalent qui permet de placer, d&#039;organiser et de st\u00e9riliser les fraises\" \/>\n<meta property=\"og:url\" content=\"https:\/\/yoestudiosalud.es\/produit\/fresero-inox-universal-12fresas\/\" \/>\n<meta property=\"og:site_name\" content=\"yoestudiosalud.es\" \/>\n<meta property=\"article:modified_time\" content=\"2025-07-02T14:18:37+00:00\" \/>\n<meta property=\"og:image\" content=\"https:\/\/yoestudiosalud.es\/wp-content\/uploads\/2022\/11\/003070.12.jpg\" \/>\n\t<meta property=\"og:image:width\" content=\"650\" \/>\n\t<meta property=\"og:image:height\" content=\"650\" \/>\n\t<meta property=\"og:image:type\" content=\"image\/jpeg\" \/>\n<meta name=\"twitter:card\" content=\"summary_large_image\" \/>\n<script type=\"application\/ld+json\" class=\"yoast-schema-graph\">{\"@context\":\"https:\\\/\\\/schema.org\",\"@graph\":[{\"@type\":\"WebPage\",\"@id\":\"https:\\\/\\\/yoestudiosalud.es\\\/produit\\\/fresero-inox-universal-12fresas\\\/\",\"url\":\"https:\\\/\\\/yoestudiosalud.es\\\/produit\\\/fresero-inox-universal-12fresas\\\/\",\"name\":\"PORTE-FRAISE INOX UNIVERSAL 12 FRESAS - yoestudiosalud.es\",\"isPartOf\":{\"@id\":\"https:\\\/\\\/yoestudiosalud.es\\\/en\\\/#website\"},\"primaryImageOfPage\":{\"@id\":\"https:\\\/\\\/yoestudiosalud.es\\\/produit\\\/fresero-inox-universal-12fresas\\\/#primaryimage\"},\"image\":{\"@id\":\"https:\\\/\\\/yoestudiosalud.es\\\/produit\\\/fresero-inox-universal-12fresas\\\/#primaryimage\"},\"thumbnailUrl\":\"https:\\\/\\\/yoestudiosalud.es\\\/wp-content\\\/uploads\\\/2022\\\/11\\\/003070.12.jpg\",\"datePublished\":\"2022-11-18T13:16:38+00:00\",\"dateModified\":\"2025-07-02T14:18:37+00:00\",\"description\":\"Le porte-fraises universel en acier inoxydable 12 fraises est un porte-fraises polyvalent qui permet de placer, d'organiser et de st\u00e9riliser les fraises\",\"breadcrumb\":{\"@id\":\"https:\\\/\\\/yoestudiosalud.es\\\/produit\\\/fresero-inox-universal-12fresas\\\/#breadcrumb\"},\"inLanguage\":\"fr-FR\",\"potentialAction\":[{\"@type\":\"ReadAction\",\"target\":[\"https:\\\/\\\/yoestudiosalud.es\\\/produit\\\/fresero-inox-universal-12fresas\\\/\"]}]},{\"@type\":\"ImageObject\",\"inLanguage\":\"fr-FR\",\"@id\":\"https:\\\/\\\/yoestudiosalud.es\\\/produit\\\/fresero-inox-universal-12fresas\\\/#primaryimage\",\"url\":\"https:\\\/\\\/yoestudiosalud.es\\\/wp-content\\\/uploads\\\/2022\\\/11\\\/003070.12.jpg\",\"contentUrl\":\"https:\\\/\\\/yoestudiosalud.es\\\/wp-content\\\/uploads\\\/2022\\\/11\\\/003070.12.jpg\",\"width\":650,\"height\":650},{\"@type\":\"BreadcrumbList\",\"@id\":\"https:\\\/\\\/yoestudiosalud.es\\\/produit\\\/fresero-inox-universal-12fresas\\\/#breadcrumb\",\"itemListElement\":[{\"@type\":\"ListItem\",\"position\":1,\"name\":\"Portada\",\"item\":\"https:\\\/\\\/yoestudiosalud.es\\\/fr\\\/\"},{\"@type\":\"ListItem\",\"position\":2,\"name\":\"Boutique\",\"item\":\"https:\\\/\\\/yoestudiosalud.es\\\/fr\\\/boutique\\\/\"},{\"@type\":\"ListItem\",\"position\":3,\"name\":\"PORTE-FRAISE INOX UNIVERSAL 12 FRESAS\"}]},{\"@type\":\"WebSite\",\"@id\":\"https:\\\/\\\/yoestudiosalud.es\\\/en\\\/#website\",\"url\":\"https:\\\/\\\/yoestudiosalud.es\\\/en\\\/\",\"name\":\"yoestudiosalud.es\",\"description\":\"Material para estudiantes del sector salud\",\"publisher\":{\"@id\":\"https:\\\/\\\/yoestudiosalud.es\\\/en\\\/#organization\"},\"potentialAction\":[{\"@type\":\"SearchAction\",\"target\":{\"@type\":\"EntryPoint\",\"urlTemplate\":\"https:\\\/\\\/yoestudiosalud.es\\\/en\\\/?s={search_term_string}\"},\"query-input\":{\"@type\":\"PropertyValueSpecification\",\"valueRequired\":true,\"valueName\":\"search_term_string\"}}],\"inLanguage\":\"fr-FR\"},{\"@type\":\"Organization\",\"@id\":\"https:\\\/\\\/yoestudiosalud.es\\\/en\\\/#organization\",\"name\":\"yoestudiosalud.es\",\"url\":\"https:\\\/\\\/yoestudiosalud.es\\\/en\\\/\",\"logo\":{\"@type\":\"ImageObject\",\"inLanguage\":\"fr-FR\",\"@id\":\"https:\\\/\\\/yoestudiosalud.es\\\/en\\\/#\\\/schema\\\/logo\\\/image\\\/\",\"url\":\"https:\\\/\\\/yoestudiosalud.es\\\/wp-content\\\/uploads\\\/2020\\\/04\\\/logonew-e1698080827687.png\",\"contentUrl\":\"https:\\\/\\\/yoestudiosalud.es\\\/wp-content\\\/uploads\\\/2020\\\/04\\\/logonew-e1698080827687.png\",\"width\":421,\"height\":393,\"caption\":\"yoestudiosalud.es\"},\"image\":{\"@id\":\"https:\\\/\\\/yoestudiosalud.es\\\/en\\\/#\\\/schema\\\/logo\\\/image\\\/\"}}]}<\/script>\n<!-- \/ Yoast SEO Premium plugin. -->","yoast_head_json":{"title":"PORTE-FRAISE INOX UNIVERSAL 12 FRESAS - yoestudiosalud.es","description":"Le porte-fraises universel en acier inoxydable 12 fraises est un porte-fraises polyvalent qui permet de placer, d'organiser et de st\u00e9riliser les fraises","robots":{"index":"index","follow":"follow","max-snippet":"max-snippet:-1","max-image-preview":"max-image-preview:large","max-video-preview":"max-video-preview:-1"},"canonical":"https:\/\/yoestudiosalud.es\/produit\/fresero-inox-universal-12fresas\/","og_locale":"fr_FR","og_type":"article","og_title":"PORTE-FRAISE INOX UNIVERSAL 12 FRESAS","og_description":"Le porte-fraises universel en acier inoxydable 12 fraises est un porte-fraises polyvalent qui permet de placer, d'organiser et de st\u00e9riliser les fraises","og_url":"https:\/\/yoestudiosalud.es\/produit\/fresero-inox-universal-12fresas\/","og_site_name":"yoestudiosalud.es","article_modified_time":"2025-07-02T14:18:37+00:00","og_image":[{"width":650,"height":650,"url":"https:\/\/yoestudiosalud.es\/wp-content\/uploads\/2022\/11\/003070.12.jpg","type":"image\/jpeg"}],"twitter_card":"summary_large_image","schema":{"@context":"https:\/\/schema.org","@graph":[{"@type":"WebPage","@id":"https:\/\/yoestudiosalud.es\/produit\/fresero-inox-universal-12fresas\/","url":"https:\/\/yoestudiosalud.es\/produit\/fresero-inox-universal-12fresas\/","name":"PORTE-FRAISE INOX UNIVERSAL 12 FRESAS - yoestudiosalud.es","isPartOf":{"@id":"https:\/\/yoestudiosalud.es\/en\/#website"},"primaryImageOfPage":{"@id":"https:\/\/yoestudiosalud.es\/produit\/fresero-inox-universal-12fresas\/#primaryimage"},"image":{"@id":"https:\/\/yoestudiosalud.es\/produit\/fresero-inox-universal-12fresas\/#primaryimage"},"thumbnailUrl":"https:\/\/yoestudiosalud.es\/wp-content\/uploads\/2022\/11\/003070.12.jpg","datePublished":"2022-11-18T13:16:38+00:00","dateModified":"2025-07-02T14:18:37+00:00","description":"Le porte-fraises universel en acier inoxydable 12 fraises est un porte-fraises polyvalent qui permet de placer, d'organiser et de st\u00e9riliser les fraises","breadcrumb":{"@id":"https:\/\/yoestudiosalud.es\/produit\/fresero-inox-universal-12fresas\/#breadcrumb"},"inLanguage":"fr-FR","potentialAction":[{"@type":"ReadAction","target":["https:\/\/yoestudiosalud.es\/produit\/fresero-inox-universal-12fresas\/"]}]},{"@type":"ImageObject","inLanguage":"fr-FR","@id":"https:\/\/yoestudiosalud.es\/produit\/fresero-inox-universal-12fresas\/#primaryimage","url":"https:\/\/yoestudiosalud.es\/wp-content\/uploads\/2022\/11\/003070.12.jpg","contentUrl":"https:\/\/yoestudiosalud.es\/wp-content\/uploads\/2022\/11\/003070.12.jpg","width":650,"height":650},{"@type":"BreadcrumbList","@id":"https:\/\/yoestudiosalud.es\/produit\/fresero-inox-universal-12fresas\/#breadcrumb","itemListElement":[{"@type":"ListItem","position":1,"name":"Portada","item":"https:\/\/yoestudiosalud.es\/fr\/"},{"@type":"ListItem","position":2,"name":"Boutique","item":"https:\/\/yoestudiosalud.es\/fr\/boutique\/"},{"@type":"ListItem","position":3,"name":"PORTE-FRAISE INOX UNIVERSAL 12 FRESAS"}]},{"@type":"WebSite","@id":"https:\/\/yoestudiosalud.es\/en\/#website","url":"https:\/\/yoestudiosalud.es\/en\/","name":"yoestudiosalud.es","description":"Material para estudiantes del sector salud","publisher":{"@id":"https:\/\/yoestudiosalud.es\/en\/#organization"},"potentialAction":[{"@type":"SearchAction","target":{"@type":"EntryPoint","urlTemplate":"https:\/\/yoestudiosalud.es\/en\/?s={search_term_string}"},"query-input":{"@type":"PropertyValueSpecification","valueRequired":true,"valueName":"search_term_string"}}],"inLanguage":"fr-FR"},{"@type":"Organization","@id":"https:\/\/yoestudiosalud.es\/en\/#organization","name":"yoestudiosalud.es","url":"https:\/\/yoestudiosalud.es\/en\/","logo":{"@type":"ImageObject","inLanguage":"fr-FR","@id":"https:\/\/yoestudiosalud.es\/en\/#\/schema\/logo\/image\/","url":"https:\/\/yoestudiosalud.es\/wp-content\/uploads\/2020\/04\/logonew-e1698080827687.png","contentUrl":"https:\/\/yoestudiosalud.es\/wp-content\/uploads\/2020\/04\/logonew-e1698080827687.png","width":421,"height":393,"caption":"yoestudiosalud.es"},"image":{"@id":"https:\/\/yoestudiosalud.es\/en\/#\/schema\/logo\/image\/"}}]}},"_links":{"self":[{"href":"https:\/\/yoestudiosalud.es\/fr\/wp-json\/wp\/v2\/product\/32213","targetHints":{"allow":["GET"]}}],"collection":[{"href":"https:\/\/yoestudiosalud.es\/fr\/wp-json\/wp\/v2\/product"}],"about":[{"href":"https:\/\/yoestudiosalud.es\/fr\/wp-json\/wp\/v2\/types\/product"}],"wp:featuredmedia":[{"embeddable":true,"href":"https:\/\/yoestudiosalud.es\/fr\/wp-json\/wp\/v2\/media\/32214"}],"wp:attachment":[{"href":"https:\/\/yoestudiosalud.es\/fr\/wp-json\/wp\/v2\/media?parent=32213"}],"wp:term":[{"taxonomy":"product_brand","embeddable":true,"href":"https:\/\/yoestudiosalud.es\/fr\/wp-json\/wp\/v2\/product_brand?post=32213"},{"taxonomy":"product_cat","embeddable":true,"href":"https:\/\/yoestudiosalud.es\/fr\/wp-json\/wp\/v2\/product_cat?post=32213"},{"taxonomy":"product_tag","embeddable":true,"href":"https:\/\/yoestudiosalud.es\/fr\/wp-json\/wp\/v2\/product_tag?post=32213"}],"curies":[{"name":"wp","href":"https:\/\/api.w.org\/{rel}","templated":true}]}}