{"id":32211,"date":"2022-11-21T11:49:12","date_gmt":"2022-11-21T11:49:12","guid":{"rendered":"https:\/\/yoestudiosalud.es\/producto\/endobox-plastico-redondo\/"},"modified":"2025-07-02T16:31:44","modified_gmt":"2025-07-02T14:31:44","slug":"endobox-plastico-redondo","status":"publish","type":"product","link":"https:\/\/yoestudiosalud.es\/fr\/produit\/endobox-plastico-redondo\/","title":{"rendered":"ENDOBOX PLASTIQUE ROND"},"content":{"rendered":"<p>Endobox rond en plastique autoclavable compos\u00e9 d&#8217;un couvercle et d&#8217;une base pour les instruments et les c\u00f4nes de gutta-percha. Capacit\u00e9 : 84 limes et 8 gobelets de gutta-percha.<\/p>\n<p>Couleur : beige et vert fonc\u00e9. Dimensions : diam\u00e8tre 130 mm et hauteur 35 mm.<\/p>\n<p>Marque Larident.<\/p>\n<ul>\n<li><strong>Capacit\u00e9 :<\/strong> 84 limes et 8 cupules de gutta-percha<\/li>\n<li><strong>Diam\u00e8tre :<\/strong> 130 mm<\/li>\n<li><strong>Hauteur :<\/strong> 35 mm<\/li>\n<li><strong>Couleur :<\/strong> beige et vert<\/li>\n<li><strong>Marque :<\/strong> Larident<\/li>\n<\/ul>\n","protected":false},"excerpt":{"rendered":"<p>Endobox rond en plastique autoclavable compos\u00e9 d&#8217;un couvercle et d&#8217;une base pour les instruments et les c\u00f4nes de gutta-percha. Capacit\u00e9 : 84 limes et 8 gobelets de gutta-percha.<\/p>\n<p>&nbsp;<\/p>\n","protected":false},"featured_media":32212,"template":"","meta":[],"product_brand":[],"product_cat":[680],"product_tag":[],"class_list":{"0":"post-32211","1":"product","2":"type-product","3":"status-publish","4":"has-post-thumbnail","6":"product_cat-endodontie-fr","7":"pa_formacion-odontologia-fr","9":"first","10":"instock","11":"sale","12":"taxable","13":"shipping-taxable","14":"purchasable","15":"product-type-simple"},"yoast_head":"<!-- This site is optimized with the Yoast SEO Premium plugin v27.0 (Yoast SEO v27.2) - https:\/\/yoast.com\/product\/yoast-seo-premium-wordpress\/ -->\n<title>ENDOBOX PLASTIQUE ROND - yoestudiosalud.es El dep\u00f3sito<\/title>\n<meta name=\"description\" content=\"Bo\u00eete d&#039;extr\u00e9mit\u00e9 ronde en plastique autoclavable. Capacit\u00e9 84 dossiers et 8 gobelets guttapercha. Marque Larident. Achetez-le en ligne dans la boutique.\" \/>\n<meta name=\"robots\" content=\"index, follow, max-snippet:-1, max-image-preview:large, max-video-preview:-1\" \/>\n<link rel=\"canonical\" href=\"https:\/\/yoestudiosalud.es\/fr\/produit\/endobox-plastico-redondo\/\" \/>\n<meta property=\"og:locale\" content=\"fr_FR\" \/>\n<meta property=\"og:type\" content=\"article\" \/>\n<meta property=\"og:title\" content=\"ENDOBOX PLASTIQUE ROND\" \/>\n<meta property=\"og:description\" content=\"Bo\u00eete d&#039;extr\u00e9mit\u00e9 ronde en plastique autoclavable. Capacit\u00e9 84 dossiers et 8 gobelets guttapercha. Marque Larident. Achetez-le en ligne dans la boutique.\" \/>\n<meta property=\"og:url\" content=\"https:\/\/yoestudiosalud.es\/fr\/produit\/endobox-plastico-redondo\/\" \/>\n<meta property=\"og:site_name\" content=\"yoestudiosalud.es\" \/>\n<meta property=\"article:modified_time\" content=\"2025-07-02T14:31:44+00:00\" \/>\n<meta property=\"og:image\" content=\"https:\/\/yoestudiosalud.es\/wp-content\/uploads\/2022\/11\/001939.jpg\" \/>\n\t<meta property=\"og:image:width\" content=\"650\" \/>\n\t<meta property=\"og:image:height\" content=\"650\" \/>\n\t<meta property=\"og:image:type\" content=\"image\/jpeg\" \/>\n<meta name=\"twitter:card\" content=\"summary_large_image\" \/>\n<script type=\"application\/ld+json\" class=\"yoast-schema-graph\">{\"@context\":\"https:\/\/schema.org\",\"@graph\":[{\"@type\":\"WebPage\",\"@id\":\"https:\/\/yoestudiosalud.es\/fr\/produit\/endobox-plastico-redondo\/\",\"url\":\"https:\/\/yoestudiosalud.es\/fr\/produit\/endobox-plastico-redondo\/\",\"name\":\"ENDOBOX PLASTIQUE ROND - yoestudiosalud.es El dep\u00f3sito\",\"isPartOf\":{\"@id\":\"https:\/\/yoestudiosalud.es\/en\/#website\"},\"primaryImageOfPage\":{\"@id\":\"https:\/\/yoestudiosalud.es\/fr\/produit\/endobox-plastico-redondo\/#primaryimage\"},\"image\":{\"@id\":\"https:\/\/yoestudiosalud.es\/fr\/produit\/endobox-plastico-redondo\/#primaryimage\"},\"thumbnailUrl\":\"https:\/\/yoestudiosalud.es\/wp-content\/uploads\/2022\/11\/001939.jpg\",\"datePublished\":\"2022-11-21T11:49:12+00:00\",\"dateModified\":\"2025-07-02T14:31:44+00:00\",\"description\":\"Bo\u00eete d'extr\u00e9mit\u00e9 ronde en plastique autoclavable. Capacit\u00e9 84 dossiers et 8 gobelets guttapercha. Marque Larident. Achetez-le en ligne dans la boutique.\",\"breadcrumb\":{\"@id\":\"https:\/\/yoestudiosalud.es\/fr\/produit\/endobox-plastico-redondo\/#breadcrumb\"},\"inLanguage\":\"fr-FR\",\"potentialAction\":[{\"@type\":\"ReadAction\",\"target\":[\"https:\/\/yoestudiosalud.es\/fr\/produit\/endobox-plastico-redondo\/\"]}]},{\"@type\":\"ImageObject\",\"inLanguage\":\"fr-FR\",\"@id\":\"https:\/\/yoestudiosalud.es\/fr\/produit\/endobox-plastico-redondo\/#primaryimage\",\"url\":\"https:\/\/yoestudiosalud.es\/wp-content\/uploads\/2022\/11\/001939.jpg\",\"contentUrl\":\"https:\/\/yoestudiosalud.es\/wp-content\/uploads\/2022\/11\/001939.jpg\",\"width\":650,\"height\":650},{\"@type\":\"BreadcrumbList\",\"@id\":\"https:\/\/yoestudiosalud.es\/fr\/produit\/endobox-plastico-redondo\/#breadcrumb\",\"itemListElement\":[{\"@type\":\"ListItem\",\"position\":1,\"name\":\"Portada\",\"item\":\"https:\/\/yoestudiosalud.es\/fr\/\"},{\"@type\":\"ListItem\",\"position\":2,\"name\":\"Boutique\",\"item\":\"https:\/\/yoestudiosalud.es\/fr\/boutique\/\"},{\"@type\":\"ListItem\",\"position\":3,\"name\":\"ENDOBOX PLASTIQUE ROND\"}]},{\"@type\":\"WebSite\",\"@id\":\"https:\/\/yoestudiosalud.es\/en\/#website\",\"url\":\"https:\/\/yoestudiosalud.es\/en\/\",\"name\":\"yoestudiosalud.es\",\"description\":\"Material para estudiantes del sector salud\",\"publisher\":{\"@id\":\"https:\/\/yoestudiosalud.es\/en\/#organization\"},\"potentialAction\":[{\"@type\":\"SearchAction\",\"target\":{\"@type\":\"EntryPoint\",\"urlTemplate\":\"https:\/\/yoestudiosalud.es\/en\/?s={search_term_string}\"},\"query-input\":{\"@type\":\"PropertyValueSpecification\",\"valueRequired\":true,\"valueName\":\"search_term_string\"}}],\"inLanguage\":\"fr-FR\"},{\"@type\":\"Organization\",\"@id\":\"https:\/\/yoestudiosalud.es\/en\/#organization\",\"name\":\"yoestudiosalud.es\",\"url\":\"https:\/\/yoestudiosalud.es\/en\/\",\"logo\":{\"@type\":\"ImageObject\",\"inLanguage\":\"fr-FR\",\"@id\":\"https:\/\/yoestudiosalud.es\/en\/#\/schema\/logo\/image\/\",\"url\":\"https:\/\/yoestudiosalud.es\/wp-content\/uploads\/2020\/04\/logonew-e1698080827687.png\",\"contentUrl\":\"https:\/\/yoestudiosalud.es\/wp-content\/uploads\/2020\/04\/logonew-e1698080827687.png\",\"width\":421,\"height\":393,\"caption\":\"yoestudiosalud.es\"},\"image\":{\"@id\":\"https:\/\/yoestudiosalud.es\/en\/#\/schema\/logo\/image\/\"}}]}<\/script>\n<!-- \/ Yoast SEO Premium plugin. -->","yoast_head_json":{"title":"ENDOBOX PLASTIQUE ROND - yoestudiosalud.es El dep\u00f3sito","description":"Bo\u00eete d'extr\u00e9mit\u00e9 ronde en plastique autoclavable. Capacit\u00e9 84 dossiers et 8 gobelets guttapercha. Marque Larident. Achetez-le en ligne dans la boutique.","robots":{"index":"index","follow":"follow","max-snippet":"max-snippet:-1","max-image-preview":"max-image-preview:large","max-video-preview":"max-video-preview:-1"},"canonical":"https:\/\/yoestudiosalud.es\/fr\/produit\/endobox-plastico-redondo\/","og_locale":"fr_FR","og_type":"article","og_title":"ENDOBOX PLASTIQUE ROND","og_description":"Bo\u00eete d'extr\u00e9mit\u00e9 ronde en plastique autoclavable. Capacit\u00e9 84 dossiers et 8 gobelets guttapercha. Marque Larident. Achetez-le en ligne dans la boutique.","og_url":"https:\/\/yoestudiosalud.es\/fr\/produit\/endobox-plastico-redondo\/","og_site_name":"yoestudiosalud.es","article_modified_time":"2025-07-02T14:31:44+00:00","og_image":[{"width":650,"height":650,"url":"https:\/\/yoestudiosalud.es\/wp-content\/uploads\/2022\/11\/001939.jpg","type":"image\/jpeg"}],"twitter_card":"summary_large_image","schema":{"@context":"https:\/\/schema.org","@graph":[{"@type":"WebPage","@id":"https:\/\/yoestudiosalud.es\/fr\/produit\/endobox-plastico-redondo\/","url":"https:\/\/yoestudiosalud.es\/fr\/produit\/endobox-plastico-redondo\/","name":"ENDOBOX PLASTIQUE ROND - yoestudiosalud.es El dep\u00f3sito","isPartOf":{"@id":"https:\/\/yoestudiosalud.es\/en\/#website"},"primaryImageOfPage":{"@id":"https:\/\/yoestudiosalud.es\/fr\/produit\/endobox-plastico-redondo\/#primaryimage"},"image":{"@id":"https:\/\/yoestudiosalud.es\/fr\/produit\/endobox-plastico-redondo\/#primaryimage"},"thumbnailUrl":"https:\/\/yoestudiosalud.es\/wp-content\/uploads\/2022\/11\/001939.jpg","datePublished":"2022-11-21T11:49:12+00:00","dateModified":"2025-07-02T14:31:44+00:00","description":"Bo\u00eete d'extr\u00e9mit\u00e9 ronde en plastique autoclavable. Capacit\u00e9 84 dossiers et 8 gobelets guttapercha. Marque Larident. Achetez-le en ligne dans la boutique.","breadcrumb":{"@id":"https:\/\/yoestudiosalud.es\/fr\/produit\/endobox-plastico-redondo\/#breadcrumb"},"inLanguage":"fr-FR","potentialAction":[{"@type":"ReadAction","target":["https:\/\/yoestudiosalud.es\/fr\/produit\/endobox-plastico-redondo\/"]}]},{"@type":"ImageObject","inLanguage":"fr-FR","@id":"https:\/\/yoestudiosalud.es\/fr\/produit\/endobox-plastico-redondo\/#primaryimage","url":"https:\/\/yoestudiosalud.es\/wp-content\/uploads\/2022\/11\/001939.jpg","contentUrl":"https:\/\/yoestudiosalud.es\/wp-content\/uploads\/2022\/11\/001939.jpg","width":650,"height":650},{"@type":"BreadcrumbList","@id":"https:\/\/yoestudiosalud.es\/fr\/produit\/endobox-plastico-redondo\/#breadcrumb","itemListElement":[{"@type":"ListItem","position":1,"name":"Portada","item":"https:\/\/yoestudiosalud.es\/fr\/"},{"@type":"ListItem","position":2,"name":"Boutique","item":"https:\/\/yoestudiosalud.es\/fr\/boutique\/"},{"@type":"ListItem","position":3,"name":"ENDOBOX PLASTIQUE ROND"}]},{"@type":"WebSite","@id":"https:\/\/yoestudiosalud.es\/en\/#website","url":"https:\/\/yoestudiosalud.es\/en\/","name":"yoestudiosalud.es","description":"Material para estudiantes del sector salud","publisher":{"@id":"https:\/\/yoestudiosalud.es\/en\/#organization"},"potentialAction":[{"@type":"SearchAction","target":{"@type":"EntryPoint","urlTemplate":"https:\/\/yoestudiosalud.es\/en\/?s={search_term_string}"},"query-input":{"@type":"PropertyValueSpecification","valueRequired":true,"valueName":"search_term_string"}}],"inLanguage":"fr-FR"},{"@type":"Organization","@id":"https:\/\/yoestudiosalud.es\/en\/#organization","name":"yoestudiosalud.es","url":"https:\/\/yoestudiosalud.es\/en\/","logo":{"@type":"ImageObject","inLanguage":"fr-FR","@id":"https:\/\/yoestudiosalud.es\/en\/#\/schema\/logo\/image\/","url":"https:\/\/yoestudiosalud.es\/wp-content\/uploads\/2020\/04\/logonew-e1698080827687.png","contentUrl":"https:\/\/yoestudiosalud.es\/wp-content\/uploads\/2020\/04\/logonew-e1698080827687.png","width":421,"height":393,"caption":"yoestudiosalud.es"},"image":{"@id":"https:\/\/yoestudiosalud.es\/en\/#\/schema\/logo\/image\/"}}]}},"_links":{"self":[{"href":"https:\/\/yoestudiosalud.es\/fr\/wp-json\/wp\/v2\/product\/32211","targetHints":{"allow":["GET"]}}],"collection":[{"href":"https:\/\/yoestudiosalud.es\/fr\/wp-json\/wp\/v2\/product"}],"about":[{"href":"https:\/\/yoestudiosalud.es\/fr\/wp-json\/wp\/v2\/types\/product"}],"wp:featuredmedia":[{"embeddable":true,"href":"https:\/\/yoestudiosalud.es\/fr\/wp-json\/wp\/v2\/media\/32212"}],"wp:attachment":[{"href":"https:\/\/yoestudiosalud.es\/fr\/wp-json\/wp\/v2\/media?parent=32211"}],"wp:term":[{"taxonomy":"product_brand","embeddable":true,"href":"https:\/\/yoestudiosalud.es\/fr\/wp-json\/wp\/v2\/product_brand?post=32211"},{"taxonomy":"product_cat","embeddable":true,"href":"https:\/\/yoestudiosalud.es\/fr\/wp-json\/wp\/v2\/product_cat?post=32211"},{"taxonomy":"product_tag","embeddable":true,"href":"https:\/\/yoestudiosalud.es\/fr\/wp-json\/wp\/v2\/product_tag?post=32211"}],"curies":[{"name":"wp","href":"https:\/\/api.w.org\/{rel}","templated":true}]}}