{"id":32203,"date":"2022-12-14T13:02:52","date_gmt":"2022-12-14T13:02:52","guid":{"rendered":"https:\/\/yoestudiosalud.es\/producto\/el-periostotomo-goldman-fox-es-un-instrumento-utilizado-en-periodoncia-odontologica-y-esta-disenado-para-reflejar-desprender-y-retraer-el-mucoperiostio\/"},"modified":"2025-07-02T17:13:59","modified_gmt":"2025-07-02T15:13:59","slug":"el-periostotomo-goldman-fox-es-un-instrumento-utilizado-en-periodoncia-odontologica-y-esta-disenado-para-reflejar-desprender-y-retraer-el-mucoperiostio","status":"publish","type":"product","link":"https:\/\/yoestudiosalud.es\/fr\/produit\/el-periostotomo-goldman-fox-es-un-instrumento-utilizado-en-periodoncia-odontologica-y-esta-disenado-para-reflejar-desprender-y-retraer-el-mucoperiostio\/","title":{"rendered":"P\u00c9RIOSTOME GOLDMAN-FOX"},"content":{"rendered":"<p>Le p\u00e9riostome de Goldman-Fox est un instrument utilis\u00e9 en dentisterie parodontale et con\u00e7u pour refl\u00e9ter, d\u00e9tacher et r\u00e9tracter le mucop\u00e9rioste apr\u00e8s des incisions dans le tissu gingival. De cette fa\u00e7on, en tenant et en d\u00e9tachant le lambeau, on obtient un champ de vision ad\u00e9quat.<\/p>\n<p>Le bistouri p\u00e9riost\u00e9 est un instrument essentiel dans l&#8217;\u00e9quipement de base de la chirurgie dentaire.<\/p>\n<p>Fabriqu\u00e9 en acier inoxydable par Master Surgical.<\/p>\n<p>Le bistouri p\u00e9riost\u00e9 GOLDMAN-FOX est n\u00e9cessaire pour les universit\u00e9s suivantes :<\/p>\n<p>UCV UNIVERSIDAD CAT\u00d3LICA VALENCIA pour la quatri\u00e8me ann\u00e9e de dentisterie.<\/p>\n","protected":false},"excerpt":{"rendered":"<p>Le p\u00e9riostome de Goldman-Fox est un instrument utilis\u00e9 en dentisterie parodontale et con\u00e7u pour refl\u00e9ter<\/p>\n","protected":false},"featured_media":32204,"template":"","meta":[],"product_brand":[],"product_cat":[681],"product_tag":[732],"class_list":{"0":"post-32203","1":"product","2":"type-product","3":"status-publish","4":"has-post-thumbnail","6":"product_cat-chirurgie-fr","7":"product_tag-ucv4","8":"pa_formacion-odontologia-fr","10":"first","11":"onbackorder","12":"sale","13":"taxable","14":"shipping-taxable","15":"purchasable","16":"product-type-simple"},"yoast_head":"<!-- This site is optimized with the Yoast SEO Premium plugin v27.0 (Yoast SEO v27.2) - https:\/\/yoast.com\/product\/yoast-seo-premium-wordpress\/ -->\n<title>P\u00c9RIOSTOME GOLDMAN-FOX - yoestudiosalud.es<\/title>\n<meta name=\"description\" content=\"Le p\u00e9riostome de Goldman-Fox est un instrument utilis\u00e9 en dentisterie parodontale et con\u00e7u pour refl\u00e9ter\" \/>\n<meta name=\"robots\" content=\"index, follow, max-snippet:-1, max-image-preview:large, max-video-preview:-1\" \/>\n<link rel=\"canonical\" href=\"https:\/\/yoestudiosalud.es\/produit\/el-periostotomo-goldman-fox-es-un-instrumento-utilizado-en-periodoncia-odontologica-y-esta-disenado-para-reflejar-desprender-y-retraer-el-mucoperiostio\/\" \/>\n<meta property=\"og:locale\" content=\"fr_FR\" \/>\n<meta property=\"og:type\" content=\"article\" \/>\n<meta property=\"og:title\" content=\"P\u00c9RIOSTOME GOLDMAN-FOX\" \/>\n<meta property=\"og:description\" content=\"Le p\u00e9riostome de Goldman-Fox est un instrument utilis\u00e9 en dentisterie parodontale et con\u00e7u pour refl\u00e9ter\" \/>\n<meta property=\"og:url\" content=\"https:\/\/yoestudiosalud.es\/produit\/el-periostotomo-goldman-fox-es-un-instrumento-utilizado-en-periodoncia-odontologica-y-esta-disenado-para-reflejar-desprender-y-retraer-el-mucoperiostio\/\" \/>\n<meta property=\"og:site_name\" content=\"yoestudiosalud.es\" \/>\n<meta property=\"article:modified_time\" content=\"2025-07-02T15:13:59+00:00\" \/>\n<meta property=\"og:image\" content=\"https:\/\/yoestudiosalud.es\/wp-content\/uploads\/2022\/12\/Adobe_20221214_133330-1.jpg\" \/>\n\t<meta property=\"og:image:width\" content=\"650\" \/>\n\t<meta property=\"og:image:height\" content=\"650\" \/>\n\t<meta property=\"og:image:type\" content=\"image\/jpeg\" \/>\n<meta name=\"twitter:card\" content=\"summary_large_image\" \/>\n<meta name=\"twitter:label1\" content=\"Dur\u00e9e de lecture estim\u00e9e\" \/>\n\t<meta name=\"twitter:data1\" content=\"1 minute\" \/>\n<script type=\"application\/ld+json\" class=\"yoast-schema-graph\">{\"@context\":\"https:\/\/schema.org\",\"@graph\":[{\"@type\":\"WebPage\",\"@id\":\"https:\/\/yoestudiosalud.es\/produit\/el-periostotomo-goldman-fox-es-un-instrumento-utilizado-en-periodoncia-odontologica-y-esta-disenado-para-reflejar-desprender-y-retraer-el-mucoperiostio\/\",\"url\":\"https:\/\/yoestudiosalud.es\/produit\/el-periostotomo-goldman-fox-es-un-instrumento-utilizado-en-periodoncia-odontologica-y-esta-disenado-para-reflejar-desprender-y-retraer-el-mucoperiostio\/\",\"name\":\"P\u00c9RIOSTOME GOLDMAN-FOX - yoestudiosalud.es\",\"isPartOf\":{\"@id\":\"https:\/\/yoestudiosalud.es\/en\/#website\"},\"primaryImageOfPage\":{\"@id\":\"https:\/\/yoestudiosalud.es\/produit\/el-periostotomo-goldman-fox-es-un-instrumento-utilizado-en-periodoncia-odontologica-y-esta-disenado-para-reflejar-desprender-y-retraer-el-mucoperiostio\/#primaryimage\"},\"image\":{\"@id\":\"https:\/\/yoestudiosalud.es\/produit\/el-periostotomo-goldman-fox-es-un-instrumento-utilizado-en-periodoncia-odontologica-y-esta-disenado-para-reflejar-desprender-y-retraer-el-mucoperiostio\/#primaryimage\"},\"thumbnailUrl\":\"https:\/\/yoestudiosalud.es\/wp-content\/uploads\/2022\/12\/Adobe_20221214_133330-1.jpg\",\"datePublished\":\"2022-12-14T13:02:52+00:00\",\"dateModified\":\"2025-07-02T15:13:59+00:00\",\"description\":\"Le p\u00e9riostome de Goldman-Fox est un instrument utilis\u00e9 en dentisterie parodontale et con\u00e7u pour refl\u00e9ter\",\"breadcrumb\":{\"@id\":\"https:\/\/yoestudiosalud.es\/produit\/el-periostotomo-goldman-fox-es-un-instrumento-utilizado-en-periodoncia-odontologica-y-esta-disenado-para-reflejar-desprender-y-retraer-el-mucoperiostio\/#breadcrumb\"},\"inLanguage\":\"fr-FR\",\"potentialAction\":[{\"@type\":\"ReadAction\",\"target\":[\"https:\/\/yoestudiosalud.es\/produit\/el-periostotomo-goldman-fox-es-un-instrumento-utilizado-en-periodoncia-odontologica-y-esta-disenado-para-reflejar-desprender-y-retraer-el-mucoperiostio\/\"]}]},{\"@type\":\"ImageObject\",\"inLanguage\":\"fr-FR\",\"@id\":\"https:\/\/yoestudiosalud.es\/produit\/el-periostotomo-goldman-fox-es-un-instrumento-utilizado-en-periodoncia-odontologica-y-esta-disenado-para-reflejar-desprender-y-retraer-el-mucoperiostio\/#primaryimage\",\"url\":\"https:\/\/yoestudiosalud.es\/wp-content\/uploads\/2022\/12\/Adobe_20221214_133330-1.jpg\",\"contentUrl\":\"https:\/\/yoestudiosalud.es\/wp-content\/uploads\/2022\/12\/Adobe_20221214_133330-1.jpg\",\"width\":650,\"height\":650},{\"@type\":\"BreadcrumbList\",\"@id\":\"https:\/\/yoestudiosalud.es\/produit\/el-periostotomo-goldman-fox-es-un-instrumento-utilizado-en-periodoncia-odontologica-y-esta-disenado-para-reflejar-desprender-y-retraer-el-mucoperiostio\/#breadcrumb\",\"itemListElement\":[{\"@type\":\"ListItem\",\"position\":1,\"name\":\"Portada\",\"item\":\"https:\/\/yoestudiosalud.es\/fr\/\"},{\"@type\":\"ListItem\",\"position\":2,\"name\":\"Boutique\",\"item\":\"https:\/\/yoestudiosalud.es\/fr\/boutique\/\"},{\"@type\":\"ListItem\",\"position\":3,\"name\":\"P\u00c9RIOSTOME GOLDMAN-FOX\"}]},{\"@type\":\"WebSite\",\"@id\":\"https:\/\/yoestudiosalud.es\/en\/#website\",\"url\":\"https:\/\/yoestudiosalud.es\/en\/\",\"name\":\"yoestudiosalud.es\",\"description\":\"Material para estudiantes del sector salud\",\"publisher\":{\"@id\":\"https:\/\/yoestudiosalud.es\/en\/#organization\"},\"potentialAction\":[{\"@type\":\"SearchAction\",\"target\":{\"@type\":\"EntryPoint\",\"urlTemplate\":\"https:\/\/yoestudiosalud.es\/en\/?s={search_term_string}\"},\"query-input\":{\"@type\":\"PropertyValueSpecification\",\"valueRequired\":true,\"valueName\":\"search_term_string\"}}],\"inLanguage\":\"fr-FR\"},{\"@type\":\"Organization\",\"@id\":\"https:\/\/yoestudiosalud.es\/en\/#organization\",\"name\":\"yoestudiosalud.es\",\"url\":\"https:\/\/yoestudiosalud.es\/en\/\",\"logo\":{\"@type\":\"ImageObject\",\"inLanguage\":\"fr-FR\",\"@id\":\"https:\/\/yoestudiosalud.es\/en\/#\/schema\/logo\/image\/\",\"url\":\"https:\/\/yoestudiosalud.es\/wp-content\/uploads\/2020\/04\/logonew-e1698080827687.png\",\"contentUrl\":\"https:\/\/yoestudiosalud.es\/wp-content\/uploads\/2020\/04\/logonew-e1698080827687.png\",\"width\":421,\"height\":393,\"caption\":\"yoestudiosalud.es\"},\"image\":{\"@id\":\"https:\/\/yoestudiosalud.es\/en\/#\/schema\/logo\/image\/\"}}]}<\/script>\n<!-- \/ Yoast SEO Premium plugin. -->","yoast_head_json":{"title":"P\u00c9RIOSTOME GOLDMAN-FOX - yoestudiosalud.es","description":"Le p\u00e9riostome de Goldman-Fox est un instrument utilis\u00e9 en dentisterie parodontale et con\u00e7u pour refl\u00e9ter","robots":{"index":"index","follow":"follow","max-snippet":"max-snippet:-1","max-image-preview":"max-image-preview:large","max-video-preview":"max-video-preview:-1"},"canonical":"https:\/\/yoestudiosalud.es\/produit\/el-periostotomo-goldman-fox-es-un-instrumento-utilizado-en-periodoncia-odontologica-y-esta-disenado-para-reflejar-desprender-y-retraer-el-mucoperiostio\/","og_locale":"fr_FR","og_type":"article","og_title":"P\u00c9RIOSTOME GOLDMAN-FOX","og_description":"Le p\u00e9riostome de Goldman-Fox est un instrument utilis\u00e9 en dentisterie parodontale et con\u00e7u pour refl\u00e9ter","og_url":"https:\/\/yoestudiosalud.es\/produit\/el-periostotomo-goldman-fox-es-un-instrumento-utilizado-en-periodoncia-odontologica-y-esta-disenado-para-reflejar-desprender-y-retraer-el-mucoperiostio\/","og_site_name":"yoestudiosalud.es","article_modified_time":"2025-07-02T15:13:59+00:00","og_image":[{"width":650,"height":650,"url":"https:\/\/yoestudiosalud.es\/wp-content\/uploads\/2022\/12\/Adobe_20221214_133330-1.jpg","type":"image\/jpeg"}],"twitter_card":"summary_large_image","twitter_misc":{"Dur\u00e9e de lecture estim\u00e9e":"1 minute"},"schema":{"@context":"https:\/\/schema.org","@graph":[{"@type":"WebPage","@id":"https:\/\/yoestudiosalud.es\/produit\/el-periostotomo-goldman-fox-es-un-instrumento-utilizado-en-periodoncia-odontologica-y-esta-disenado-para-reflejar-desprender-y-retraer-el-mucoperiostio\/","url":"https:\/\/yoestudiosalud.es\/produit\/el-periostotomo-goldman-fox-es-un-instrumento-utilizado-en-periodoncia-odontologica-y-esta-disenado-para-reflejar-desprender-y-retraer-el-mucoperiostio\/","name":"P\u00c9RIOSTOME GOLDMAN-FOX - yoestudiosalud.es","isPartOf":{"@id":"https:\/\/yoestudiosalud.es\/en\/#website"},"primaryImageOfPage":{"@id":"https:\/\/yoestudiosalud.es\/produit\/el-periostotomo-goldman-fox-es-un-instrumento-utilizado-en-periodoncia-odontologica-y-esta-disenado-para-reflejar-desprender-y-retraer-el-mucoperiostio\/#primaryimage"},"image":{"@id":"https:\/\/yoestudiosalud.es\/produit\/el-periostotomo-goldman-fox-es-un-instrumento-utilizado-en-periodoncia-odontologica-y-esta-disenado-para-reflejar-desprender-y-retraer-el-mucoperiostio\/#primaryimage"},"thumbnailUrl":"https:\/\/yoestudiosalud.es\/wp-content\/uploads\/2022\/12\/Adobe_20221214_133330-1.jpg","datePublished":"2022-12-14T13:02:52+00:00","dateModified":"2025-07-02T15:13:59+00:00","description":"Le p\u00e9riostome de Goldman-Fox est un instrument utilis\u00e9 en dentisterie parodontale et con\u00e7u pour refl\u00e9ter","breadcrumb":{"@id":"https:\/\/yoestudiosalud.es\/produit\/el-periostotomo-goldman-fox-es-un-instrumento-utilizado-en-periodoncia-odontologica-y-esta-disenado-para-reflejar-desprender-y-retraer-el-mucoperiostio\/#breadcrumb"},"inLanguage":"fr-FR","potentialAction":[{"@type":"ReadAction","target":["https:\/\/yoestudiosalud.es\/produit\/el-periostotomo-goldman-fox-es-un-instrumento-utilizado-en-periodoncia-odontologica-y-esta-disenado-para-reflejar-desprender-y-retraer-el-mucoperiostio\/"]}]},{"@type":"ImageObject","inLanguage":"fr-FR","@id":"https:\/\/yoestudiosalud.es\/produit\/el-periostotomo-goldman-fox-es-un-instrumento-utilizado-en-periodoncia-odontologica-y-esta-disenado-para-reflejar-desprender-y-retraer-el-mucoperiostio\/#primaryimage","url":"https:\/\/yoestudiosalud.es\/wp-content\/uploads\/2022\/12\/Adobe_20221214_133330-1.jpg","contentUrl":"https:\/\/yoestudiosalud.es\/wp-content\/uploads\/2022\/12\/Adobe_20221214_133330-1.jpg","width":650,"height":650},{"@type":"BreadcrumbList","@id":"https:\/\/yoestudiosalud.es\/produit\/el-periostotomo-goldman-fox-es-un-instrumento-utilizado-en-periodoncia-odontologica-y-esta-disenado-para-reflejar-desprender-y-retraer-el-mucoperiostio\/#breadcrumb","itemListElement":[{"@type":"ListItem","position":1,"name":"Portada","item":"https:\/\/yoestudiosalud.es\/fr\/"},{"@type":"ListItem","position":2,"name":"Boutique","item":"https:\/\/yoestudiosalud.es\/fr\/boutique\/"},{"@type":"ListItem","position":3,"name":"P\u00c9RIOSTOME GOLDMAN-FOX"}]},{"@type":"WebSite","@id":"https:\/\/yoestudiosalud.es\/en\/#website","url":"https:\/\/yoestudiosalud.es\/en\/","name":"yoestudiosalud.es","description":"Material para estudiantes del sector salud","publisher":{"@id":"https:\/\/yoestudiosalud.es\/en\/#organization"},"potentialAction":[{"@type":"SearchAction","target":{"@type":"EntryPoint","urlTemplate":"https:\/\/yoestudiosalud.es\/en\/?s={search_term_string}"},"query-input":{"@type":"PropertyValueSpecification","valueRequired":true,"valueName":"search_term_string"}}],"inLanguage":"fr-FR"},{"@type":"Organization","@id":"https:\/\/yoestudiosalud.es\/en\/#organization","name":"yoestudiosalud.es","url":"https:\/\/yoestudiosalud.es\/en\/","logo":{"@type":"ImageObject","inLanguage":"fr-FR","@id":"https:\/\/yoestudiosalud.es\/en\/#\/schema\/logo\/image\/","url":"https:\/\/yoestudiosalud.es\/wp-content\/uploads\/2020\/04\/logonew-e1698080827687.png","contentUrl":"https:\/\/yoestudiosalud.es\/wp-content\/uploads\/2020\/04\/logonew-e1698080827687.png","width":421,"height":393,"caption":"yoestudiosalud.es"},"image":{"@id":"https:\/\/yoestudiosalud.es\/en\/#\/schema\/logo\/image\/"}}]}},"_links":{"self":[{"href":"https:\/\/yoestudiosalud.es\/fr\/wp-json\/wp\/v2\/product\/32203","targetHints":{"allow":["GET"]}}],"collection":[{"href":"https:\/\/yoestudiosalud.es\/fr\/wp-json\/wp\/v2\/product"}],"about":[{"href":"https:\/\/yoestudiosalud.es\/fr\/wp-json\/wp\/v2\/types\/product"}],"wp:featuredmedia":[{"embeddable":true,"href":"https:\/\/yoestudiosalud.es\/fr\/wp-json\/wp\/v2\/media\/32204"}],"wp:attachment":[{"href":"https:\/\/yoestudiosalud.es\/fr\/wp-json\/wp\/v2\/media?parent=32203"}],"wp:term":[{"taxonomy":"product_brand","embeddable":true,"href":"https:\/\/yoestudiosalud.es\/fr\/wp-json\/wp\/v2\/product_brand?post=32203"},{"taxonomy":"product_cat","embeddable":true,"href":"https:\/\/yoestudiosalud.es\/fr\/wp-json\/wp\/v2\/product_cat?post=32203"},{"taxonomy":"product_tag","embeddable":true,"href":"https:\/\/yoestudiosalud.es\/fr\/wp-json\/wp\/v2\/product_tag?post=32203"}],"curies":[{"name":"wp","href":"https:\/\/api.w.org\/{rel}","templated":true}]}}