{"id":32197,"date":"2023-02-17T16:31:42","date_gmt":"2023-02-17T16:31:42","guid":{"rendered":"https:\/\/yoestudiosalud.es\/producto\/frasacodiente-infantilzpuw-55\/"},"modified":"2025-09-29T21:27:26","modified_gmt":"2025-09-29T19:27:26","slug":"frasacodiente-infantilzpuw-55","status":"publish","type":"product","link":"https:\/\/yoestudiosalud.es\/fr\/produit\/frasacodiente-infantilzpuw-55\/","title":{"rendered":"FRASACO<BR>DENT INFANTILE<BR>ZPUW 55"},"content":{"rendered":"<div id=\"chat-history\" class=\"chat-history-scroll-container\">\n<div id=\"af1ff0ec27f72e7b\" class=\"conversation-container message-actions-hover-boundary ng-star-inserted\">\n<div>\n<div class=\"response-container ng-tns-c1804364523-63 response-container-with-gpi ng-star-inserted response-container-has-multiple-responses\">\n<div class=\"presented-response-container ng-tns-c1804364523-63\">\n<div class=\"response-container-content ng-tns-c1804364523-63\">\n<div class=\"response-content ng-tns-c1804364523-63\">\n<div id=\"model-response-message-contentr_af1ff0ec27f72e7b\" class=\"markdown markdown-main-panel enable-updated-hr-color\" dir=\"ltr\">\n<h2 data-sourcepos=\"3:1-3:50\">Dent infantile Frasaco ZPUW 55 pour pulpectomie<\/h2>\n<p data-sourcepos=\"5:1-5:291\">Ces <strong>dents de mod\u00e8le caduques<\/strong> poss\u00e8dent une <strong>chambre pulpaire remplie de cire rouge<\/strong> pour les exercices de pulpectomie. Elles sont compatibles avec les <strong>mod\u00e8les dentaires AK-6\/2 et AK-6<\/strong>, et se montent \u00e0 l&#8217;aide de vis. Il s&#8217;agit de la dent <strong>maxillaire #55<\/strong>. R\u00e9f\u00e9rence : AK-6\/2 ZPUW.<\/p>\n<p data-sourcepos=\"7:1-7:346\">La dent infantile Frasaco ZPUW est un <strong>outil p\u00e9dagogique indispensable<\/strong> pour les professionnels de l&#8217;odontologie qui souhaitent am\u00e9liorer leurs comp\u00e9tences en mati\u00e8re de pulpectomie sur les dents de lait. La pulpectomie est une proc\u00e9dure courante effectu\u00e9e sur les dents de lait lorsqu&#8217;une carie avanc\u00e9e a infect\u00e9 ou enflamm\u00e9 le tissu pulpaire.<\/p>\n<p data-sourcepos=\"9:1-9:359\">La <strong>structure d\u00e9taill\u00e9e et r\u00e9aliste<\/strong> de la dent infantile Frasaco ZPUW est id\u00e9ale pour l&#8217;enseignement et la pratique de la technique de pulpectomie dans un environnement contr\u00f4l\u00e9 et s\u00fbr. Fabriqu\u00e9e \u00e0 partir d&#8217;une combinaison de <strong>r\u00e9sine et de fibre de verre<\/strong>, la dent infantile Frasaco ZPUW imite la densit\u00e9, la duret\u00e9 et la r\u00e9sistance des dents naturelles.<\/p>\n<p data-sourcepos=\"11:1-11:493\">L&#8217;importance des dents infantiles Frasaco ZPUW dans l&#8217;enseignement et la pratique de la pulpectomie sur les dents de lait r\u00e9side dans les avantages qu&#8217;elles offrent. Premi\u00e8rement, ces dents permettent aux \u00e9tudiants et aux professionnels de l&#8217;odontologie de se familiariser avec l&#8217;anatomie des dents de lait et la mani\u00e8re dont elles diff\u00e8rent des dents permanentes. Ceci est crucial pour une <strong>identification pr\u00e9cise des caries avanc\u00e9es<\/strong> et un traitement efficace et pr\u00e9coce de ces affections.<\/p>\n<p data-sourcepos=\"13:1-13:315\">De plus, la dent infantile Frasaco ZPUW 55 permet aux \u00e9tudiants de pratiquer la technique de pulpectomie dans une <strong>situation clinique r\u00e9aliste et s\u00fbre<\/strong>. En s&#8217;entra\u00eenant sur un mod\u00e8le r\u00e9aliste, les \u00e9tudiants peuvent d\u00e9velopper leurs comp\u00e9tences et leur confiance avant d&#8217;effectuer la proc\u00e9dure sur un patient r\u00e9el.<\/p>\n<p data-sourcepos=\"15:1-15:396\">Un autre avantage important des dents infantiles Frasaco ZPUW est qu&#8217;elles peuvent aider les \u00e9tudiants et les professionnels de l&#8217;odontologie \u00e0 <strong>am\u00e9liorer leur capacit\u00e9 \u00e0 identifier et diagnostiquer les caries avanc\u00e9es<\/strong> sur les dents de lait. Une identification pr\u00e9coce et pr\u00e9cise est fondamentale pour un traitement efficace de ces affections et la pr\u00e9vention de complications suppl\u00e9mentaires.<\/p>\n<p data-sourcepos=\"17:1-17:376\">L&#8217;utilisation des dents infantiles Frasaco ZPUW peut \u00e9galement contribuer \u00e0 <strong>am\u00e9liorer l&#8217;efficacit\u00e9 et la pr\u00e9cision des proc\u00e9dures<\/strong> en permettant une planification et une simulation pr\u00e9alables. En pratiquant les proc\u00e9dures sur un mod\u00e8le r\u00e9aliste et s\u00fbr, les \u00e9tudiants peuvent d\u00e9velopper leurs comp\u00e9tences et leur confiance avant d&#8217;effectuer la proc\u00e9dure sur un patient r\u00e9el.<\/p>\n<p data-sourcepos=\"19:1-19:374\">En conclusion, la dent infantile Frasaco ZPUW est un <strong>outil p\u00e9dagogique tr\u00e8s efficace et pratique<\/strong> pour la pratique et l&#8217;enseignement des proc\u00e9dures de pulpectomie sur les dents de lait. Gr\u00e2ce \u00e0 sa structure d\u00e9taill\u00e9e, sa r\u00e9sistance et sa durabilit\u00e9, ces dents sont une option rentable et s\u00fbre pour la pratique des proc\u00e9dures de pulpectomie dans un environnement contr\u00f4l\u00e9.<\/p>\n<hr data-sourcepos=\"21:1-21:3\" \/>\n<p data-sourcepos=\"23:1-23:122\">\u00c9galement disponible pour les maxillaires 53 (AK-6\/2 ZPUW 53) et 54 (AK-6\/2 ZPUW 54), et la mandibule 85 (AK-6\/2 ZPUW 85).<\/p>\n<\/div>\n<\/div>\n<\/div>\n<\/div>\n<\/div>\n<\/div>\n<\/div>\n<\/div>\n<div class=\"input-area-container ng-star-inserted\">\n<div class=\"input-area ng-tns-c1617954008-3 with-toolbox-drawer\" data-node-type=\"input-area\">\n<div class=\"text-input-field ng-tns-c1617954008-3 with-toolbox-drawer height-expanded-past-single-line\">\n<div class=\"trailing-actions-wrapper ng-tns-c1617954008-3\">\n<div class=\"input-buttons-wrapper-bottom ng-tns-c1617954008-3\">\n<div class=\"mic-button-container ng-tns-c1617954008-3 ng-trigger ng-trigger-slide ng-star-inserted\">\n<div><\/div>\n<\/div>\n<div class=\"mat-mdc-tooltip-trigger send-button-container ng-tns-c1617954008-3 inner ng-star-inserted disabled mat-mdc-tooltip-disabled\"><\/div>\n<\/div>\n<\/div>\n<\/div>\n<\/div>\n<\/div>\n<div class=\"capabilities-disclaimer\">\n<p class=\"gds-label-m-alt desktop-spacing ng-star-inserted\" data-test-id=\"highly-regulated-disclaimer\">\n<\/div>\n","protected":false},"excerpt":{"rendered":"<p>Dent infantile Frasaco ZPUW 55 pour pulpectomie Ces dents de  [&#8230;]<\/p>\n","protected":false},"featured_media":32198,"template":"","meta":[],"product_brand":[],"product_cat":[714],"product_tag":[690,763],"class_list":{"0":"post-32197","1":"product","2":"type-product","3":"status-publish","4":"has-post-thumbnail","6":"product_cat-modeles-fr","7":"product_tag-uem3-fr","8":"product_tag-uev3","9":"pa_formacion-odontologia-fr","11":"first","12":"instock","13":"sale","14":"taxable","15":"shipping-taxable","16":"purchasable","17":"product-type-simple"},"yoast_head":"<!-- This site is optimized with the Yoast SEO Premium plugin v27.0 (Yoast SEO v27.2) - https:\/\/yoast.com\/product\/yoast-seo-premium-wordpress\/ -->\n<title>FRASACO DENT ZPUW 55 - yoestudiosalud.es<\/title>\n<meta name=\"description\" content=\"Dent infantile Frasaco AK-6\/2 ZPUW 55 pour pulpectomie Dents infantiles adapt\u00e9es aux mod\u00e8les dentaires AK-6\/2 et AK-6, montables par vis.\" \/>\n<meta name=\"robots\" content=\"index, follow, max-snippet:-1, max-image-preview:large, max-video-preview:-1\" \/>\n<link rel=\"canonical\" href=\"https:\/\/yoestudiosalud.es\/fr\/produit\/frasacodiente-infantilzpuw-55\/\" \/>\n<meta property=\"og:locale\" content=\"fr_FR\" \/>\n<meta property=\"og:type\" content=\"article\" \/>\n<meta property=\"og:title\" content=\"FRASACODENT INFANTILEZPUW 55\" \/>\n<meta property=\"og:description\" content=\"Dent infantile Frasaco AK-6\/2 ZPUW 55 pour pulpectomie Dents infantiles adapt\u00e9es aux mod\u00e8les dentaires AK-6\/2 et AK-6, montables par vis.\" \/>\n<meta property=\"og:url\" content=\"https:\/\/yoestudiosalud.es\/fr\/produit\/frasacodiente-infantilzpuw-55\/\" \/>\n<meta property=\"og:site_name\" content=\"yoestudiosalud.es\" \/>\n<meta property=\"article:modified_time\" content=\"2025-09-29T19:27:26+00:00\" \/>\n<meta property=\"og:image\" content=\"https:\/\/yoestudiosalud.es\/wp-content\/uploads\/2023\/02\/001376.55.jpg\" \/>\n\t<meta property=\"og:image:width\" content=\"650\" \/>\n\t<meta property=\"og:image:height\" content=\"650\" \/>\n\t<meta property=\"og:image:type\" content=\"image\/jpeg\" \/>\n<meta name=\"twitter:card\" content=\"summary_large_image\" \/>\n<meta name=\"twitter:label1\" content=\"Dur\u00e9e de lecture estim\u00e9e\" \/>\n\t<meta name=\"twitter:data1\" content=\"3 minutes\" \/>\n<script type=\"application\/ld+json\" class=\"yoast-schema-graph\">{\"@context\":\"https:\/\/schema.org\",\"@graph\":[{\"@type\":\"WebPage\",\"@id\":\"https:\/\/yoestudiosalud.es\/fr\/produit\/frasacodiente-infantilzpuw-55\/\",\"url\":\"https:\/\/yoestudiosalud.es\/fr\/produit\/frasacodiente-infantilzpuw-55\/\",\"name\":\"FRASACO DENT ZPUW 55 - yoestudiosalud.es\",\"isPartOf\":{\"@id\":\"https:\/\/yoestudiosalud.es\/en\/#website\"},\"primaryImageOfPage\":{\"@id\":\"https:\/\/yoestudiosalud.es\/fr\/produit\/frasacodiente-infantilzpuw-55\/#primaryimage\"},\"image\":{\"@id\":\"https:\/\/yoestudiosalud.es\/fr\/produit\/frasacodiente-infantilzpuw-55\/#primaryimage\"},\"thumbnailUrl\":\"https:\/\/yoestudiosalud.es\/wp-content\/uploads\/2023\/02\/001376.55.jpg\",\"datePublished\":\"2023-02-17T16:31:42+00:00\",\"dateModified\":\"2025-09-29T19:27:26+00:00\",\"description\":\"Dent infantile Frasaco AK-6\/2 ZPUW 55 pour pulpectomie Dents infantiles adapt\u00e9es aux mod\u00e8les dentaires AK-6\/2 et AK-6, montables par vis.\",\"breadcrumb\":{\"@id\":\"https:\/\/yoestudiosalud.es\/fr\/produit\/frasacodiente-infantilzpuw-55\/#breadcrumb\"},\"inLanguage\":\"fr-FR\",\"potentialAction\":[{\"@type\":\"ReadAction\",\"target\":[\"https:\/\/yoestudiosalud.es\/fr\/produit\/frasacodiente-infantilzpuw-55\/\"]}]},{\"@type\":\"ImageObject\",\"inLanguage\":\"fr-FR\",\"@id\":\"https:\/\/yoestudiosalud.es\/fr\/produit\/frasacodiente-infantilzpuw-55\/#primaryimage\",\"url\":\"https:\/\/yoestudiosalud.es\/wp-content\/uploads\/2023\/02\/001376.55.jpg\",\"contentUrl\":\"https:\/\/yoestudiosalud.es\/wp-content\/uploads\/2023\/02\/001376.55.jpg\",\"width\":650,\"height\":650,\"caption\":\"FRASACO DENT INFANTILE ZPUW 55\"},{\"@type\":\"BreadcrumbList\",\"@id\":\"https:\/\/yoestudiosalud.es\/fr\/produit\/frasacodiente-infantilzpuw-55\/#breadcrumb\",\"itemListElement\":[{\"@type\":\"ListItem\",\"position\":1,\"name\":\"Portada\",\"item\":\"https:\/\/yoestudiosalud.es\/fr\/\"},{\"@type\":\"ListItem\",\"position\":2,\"name\":\"Boutique\",\"item\":\"https:\/\/yoestudiosalud.es\/fr\/boutique\/\"},{\"@type\":\"ListItem\",\"position\":3,\"name\":\"FRASACODENT INFANTILEZPUW 55\"}]},{\"@type\":\"WebSite\",\"@id\":\"https:\/\/yoestudiosalud.es\/en\/#website\",\"url\":\"https:\/\/yoestudiosalud.es\/en\/\",\"name\":\"yoestudiosalud.es\",\"description\":\"Material para estudiantes del sector salud\",\"publisher\":{\"@id\":\"https:\/\/yoestudiosalud.es\/en\/#organization\"},\"potentialAction\":[{\"@type\":\"SearchAction\",\"target\":{\"@type\":\"EntryPoint\",\"urlTemplate\":\"https:\/\/yoestudiosalud.es\/en\/?s={search_term_string}\"},\"query-input\":{\"@type\":\"PropertyValueSpecification\",\"valueRequired\":true,\"valueName\":\"search_term_string\"}}],\"inLanguage\":\"fr-FR\"},{\"@type\":\"Organization\",\"@id\":\"https:\/\/yoestudiosalud.es\/en\/#organization\",\"name\":\"yoestudiosalud.es\",\"url\":\"https:\/\/yoestudiosalud.es\/en\/\",\"logo\":{\"@type\":\"ImageObject\",\"inLanguage\":\"fr-FR\",\"@id\":\"https:\/\/yoestudiosalud.es\/en\/#\/schema\/logo\/image\/\",\"url\":\"https:\/\/yoestudiosalud.es\/wp-content\/uploads\/2020\/04\/logonew-e1698080827687.png\",\"contentUrl\":\"https:\/\/yoestudiosalud.es\/wp-content\/uploads\/2020\/04\/logonew-e1698080827687.png\",\"width\":421,\"height\":393,\"caption\":\"yoestudiosalud.es\"},\"image\":{\"@id\":\"https:\/\/yoestudiosalud.es\/en\/#\/schema\/logo\/image\/\"}}]}<\/script>\n<!-- \/ Yoast SEO Premium plugin. -->","yoast_head_json":{"title":"FRASACO DENT ZPUW 55 - yoestudiosalud.es","description":"Dent infantile Frasaco AK-6\/2 ZPUW 55 pour pulpectomie Dents infantiles adapt\u00e9es aux mod\u00e8les dentaires AK-6\/2 et AK-6, montables par vis.","robots":{"index":"index","follow":"follow","max-snippet":"max-snippet:-1","max-image-preview":"max-image-preview:large","max-video-preview":"max-video-preview:-1"},"canonical":"https:\/\/yoestudiosalud.es\/fr\/produit\/frasacodiente-infantilzpuw-55\/","og_locale":"fr_FR","og_type":"article","og_title":"FRASACODENT INFANTILEZPUW 55","og_description":"Dent infantile Frasaco AK-6\/2 ZPUW 55 pour pulpectomie Dents infantiles adapt\u00e9es aux mod\u00e8les dentaires AK-6\/2 et AK-6, montables par vis.","og_url":"https:\/\/yoestudiosalud.es\/fr\/produit\/frasacodiente-infantilzpuw-55\/","og_site_name":"yoestudiosalud.es","article_modified_time":"2025-09-29T19:27:26+00:00","og_image":[{"width":650,"height":650,"url":"https:\/\/yoestudiosalud.es\/wp-content\/uploads\/2023\/02\/001376.55.jpg","type":"image\/jpeg"}],"twitter_card":"summary_large_image","twitter_misc":{"Dur\u00e9e de lecture estim\u00e9e":"3 minutes"},"schema":{"@context":"https:\/\/schema.org","@graph":[{"@type":"WebPage","@id":"https:\/\/yoestudiosalud.es\/fr\/produit\/frasacodiente-infantilzpuw-55\/","url":"https:\/\/yoestudiosalud.es\/fr\/produit\/frasacodiente-infantilzpuw-55\/","name":"FRASACO DENT ZPUW 55 - yoestudiosalud.es","isPartOf":{"@id":"https:\/\/yoestudiosalud.es\/en\/#website"},"primaryImageOfPage":{"@id":"https:\/\/yoestudiosalud.es\/fr\/produit\/frasacodiente-infantilzpuw-55\/#primaryimage"},"image":{"@id":"https:\/\/yoestudiosalud.es\/fr\/produit\/frasacodiente-infantilzpuw-55\/#primaryimage"},"thumbnailUrl":"https:\/\/yoestudiosalud.es\/wp-content\/uploads\/2023\/02\/001376.55.jpg","datePublished":"2023-02-17T16:31:42+00:00","dateModified":"2025-09-29T19:27:26+00:00","description":"Dent infantile Frasaco AK-6\/2 ZPUW 55 pour pulpectomie Dents infantiles adapt\u00e9es aux mod\u00e8les dentaires AK-6\/2 et AK-6, montables par vis.","breadcrumb":{"@id":"https:\/\/yoestudiosalud.es\/fr\/produit\/frasacodiente-infantilzpuw-55\/#breadcrumb"},"inLanguage":"fr-FR","potentialAction":[{"@type":"ReadAction","target":["https:\/\/yoestudiosalud.es\/fr\/produit\/frasacodiente-infantilzpuw-55\/"]}]},{"@type":"ImageObject","inLanguage":"fr-FR","@id":"https:\/\/yoestudiosalud.es\/fr\/produit\/frasacodiente-infantilzpuw-55\/#primaryimage","url":"https:\/\/yoestudiosalud.es\/wp-content\/uploads\/2023\/02\/001376.55.jpg","contentUrl":"https:\/\/yoestudiosalud.es\/wp-content\/uploads\/2023\/02\/001376.55.jpg","width":650,"height":650,"caption":"FRASACO DENT INFANTILE ZPUW 55"},{"@type":"BreadcrumbList","@id":"https:\/\/yoestudiosalud.es\/fr\/produit\/frasacodiente-infantilzpuw-55\/#breadcrumb","itemListElement":[{"@type":"ListItem","position":1,"name":"Portada","item":"https:\/\/yoestudiosalud.es\/fr\/"},{"@type":"ListItem","position":2,"name":"Boutique","item":"https:\/\/yoestudiosalud.es\/fr\/boutique\/"},{"@type":"ListItem","position":3,"name":"FRASACODENT INFANTILEZPUW 55"}]},{"@type":"WebSite","@id":"https:\/\/yoestudiosalud.es\/en\/#website","url":"https:\/\/yoestudiosalud.es\/en\/","name":"yoestudiosalud.es","description":"Material para estudiantes del sector salud","publisher":{"@id":"https:\/\/yoestudiosalud.es\/en\/#organization"},"potentialAction":[{"@type":"SearchAction","target":{"@type":"EntryPoint","urlTemplate":"https:\/\/yoestudiosalud.es\/en\/?s={search_term_string}"},"query-input":{"@type":"PropertyValueSpecification","valueRequired":true,"valueName":"search_term_string"}}],"inLanguage":"fr-FR"},{"@type":"Organization","@id":"https:\/\/yoestudiosalud.es\/en\/#organization","name":"yoestudiosalud.es","url":"https:\/\/yoestudiosalud.es\/en\/","logo":{"@type":"ImageObject","inLanguage":"fr-FR","@id":"https:\/\/yoestudiosalud.es\/en\/#\/schema\/logo\/image\/","url":"https:\/\/yoestudiosalud.es\/wp-content\/uploads\/2020\/04\/logonew-e1698080827687.png","contentUrl":"https:\/\/yoestudiosalud.es\/wp-content\/uploads\/2020\/04\/logonew-e1698080827687.png","width":421,"height":393,"caption":"yoestudiosalud.es"},"image":{"@id":"https:\/\/yoestudiosalud.es\/en\/#\/schema\/logo\/image\/"}}]}},"_links":{"self":[{"href":"https:\/\/yoestudiosalud.es\/fr\/wp-json\/wp\/v2\/product\/32197","targetHints":{"allow":["GET"]}}],"collection":[{"href":"https:\/\/yoestudiosalud.es\/fr\/wp-json\/wp\/v2\/product"}],"about":[{"href":"https:\/\/yoestudiosalud.es\/fr\/wp-json\/wp\/v2\/types\/product"}],"wp:featuredmedia":[{"embeddable":true,"href":"https:\/\/yoestudiosalud.es\/fr\/wp-json\/wp\/v2\/media\/32198"}],"wp:attachment":[{"href":"https:\/\/yoestudiosalud.es\/fr\/wp-json\/wp\/v2\/media?parent=32197"}],"wp:term":[{"taxonomy":"product_brand","embeddable":true,"href":"https:\/\/yoestudiosalud.es\/fr\/wp-json\/wp\/v2\/product_brand?post=32197"},{"taxonomy":"product_cat","embeddable":true,"href":"https:\/\/yoestudiosalud.es\/fr\/wp-json\/wp\/v2\/product_cat?post=32197"},{"taxonomy":"product_tag","embeddable":true,"href":"https:\/\/yoestudiosalud.es\/fr\/wp-json\/wp\/v2\/product_tag?post=32197"}],"curies":[{"name":"wp","href":"https:\/\/api.w.org\/{rel}","templated":true}]}}