{"id":32183,"date":"2023-03-13T16:25:56","date_gmt":"2023-03-13T16:25:56","guid":{"rendered":"https:\/\/yoestudiosalud.es\/producto\/fonendoscopio-riester-anestophon-4177-01\/"},"modified":"2025-07-02T17:24:51","modified_gmt":"2025-07-02T15:24:51","slug":"fonendoscopio-riester-anestophon-4177-01","status":"publish","type":"product","link":"https:\/\/yoestudiosalud.es\/fr\/produit\/fonendoscopio-riester-anestophon-4177-01\/","title":{"rendered":"<p>LE ST\u00c9THOSCOPE RIESTER<br> ANESTOPHON 4177-01<\/p>"},"content":{"rendered":"<p>Le st\u00e9thoscope Riester Anestophon 4177-01 est un appareil de diagnostic id\u00e9al pour la pratique quotidienne du personnel infirmier et auxiliaire.<\/p>\n<p>Con\u00e7u avec pr\u00e9cision et qualit\u00e9, le st\u00e9thoscope Anestophon offre des performances optimales et fournit des informations pr\u00e9cises sur les bruits du corps humain. Sa construction durable et robuste garantit un fonctionnement fiable, m\u00eame dans des environnements exigeants.<\/p>\n<p>Sa conception ergonomique et l\u00e9g\u00e8re permet une utilisation confortable pendant de longues p\u00e9riodes, ce qui est essentiel pour les professionnels qui doivent ausculter les bruits du c\u0153ur et des poumons.<\/p>\n<p>Sp\u00e9cialement con\u00e7u pour les soins infirmiers et auxiliaires, ce st\u00e9thoscope allie qualit\u00e9, pr\u00e9cision et durabilit\u00e9, ce qui en fait un instrument indispensable pour l&#8217;\u00e9valuation et le suivi des patients.<\/p>\n<p>Caract\u00e9ristiques :<\/p>\n<ul>\n<li>Partie plate et \u00e9mouss\u00e9e en aluminium pour faciliter le glissement sous le brassard du tensiom\u00e8tre.<\/li>\n<li>Membrane plate de 48 mm de diam\u00e8tre.<\/li>\n<li>Anneau de protection contre le froid.<\/li>\n<li>Cloche non incluse.<\/li>\n<li>Tube en Y en PVC renforc\u00e9 pour isoler les sons ind\u00e9sirables.<\/li>\n<li>Embouts souples qui s&#8217;ins\u00e8rent confortablement dans le conduit auditif.<\/li>\n<li>Bonne acoustique aux fr\u00e9quences pertinentes.<\/li>\n<li>Haute qualit\u00e9 \u00e0 un prix \u00e9conomique.<\/li>\n<li>Longueur totale : 77 cm.<\/li>\n<li>Sans latex.<\/li>\n<li>Couleur noire.<\/li>\n<li>Comprend une bo\u00eete en carton, une paire d&#8217;embouts et une membrane de rechange.<\/li>\n<li>Marque : Riester. Mod\u00e8le : 4177-01.<\/li>\n<\/ul>\n","protected":false},"excerpt":{"rendered":"<p>Le st\u00e9thoscope Riester Anestophon 4177-01 est un appareil de diagnostic id\u00e9al pour la pratique quotidienne du personnel infirmier et auxiliaire.<\/p>\n<p>&nbsp;<\/p>\n","protected":false},"featured_media":32184,"template":"","meta":[],"product_brand":[],"product_cat":[721,723],"product_tag":[],"class_list":{"0":"post-32183","1":"product","2":"type-product","3":"status-publish","4":"has-post-thumbnail","6":"product_cat-diagnosticv-fr","7":"product_cat-equipmentm-fr","8":"pa_formacion-veterinaria-fr","9":"pa_formacion-medicina-fr","11":"first","12":"onbackorder","13":"sale","14":"taxable","15":"shipping-taxable","16":"purchasable","17":"product-type-simple"},"yoast_head":"<!-- This site is optimized with the Yoast SEO Premium plugin v27.0 (Yoast SEO v27.2) - https:\/\/yoast.com\/product\/yoast-seo-premium-wordpress\/ -->\n<title>Le st\u00e9thoscope Riester Anestophon 4177-01 - yoestudiosalud.es<\/title>\n<meta name=\"description\" content=\"Le st\u00e9thoscope Riester Anestophon 4177-01 est un appareil de diagnostic id\u00e9al pour la pratique quotidienne du personnel infirmier et auxiliaire.\" \/>\n<meta name=\"robots\" content=\"index, follow, max-snippet:-1, max-image-preview:large, max-video-preview:-1\" \/>\n<link rel=\"canonical\" href=\"https:\/\/yoestudiosalud.es\/fr\/produit\/fonendoscopio-riester-anestophon-4177-01\/\" \/>\n<meta property=\"og:locale\" content=\"fr_FR\" \/>\n<meta property=\"og:type\" content=\"article\" \/>\n<meta property=\"og:title\" content=\"LE ST\u00c9THOSCOPE RIESTER ANESTOPHON 4177-01\" \/>\n<meta property=\"og:description\" content=\"Le st\u00e9thoscope Riester Anestophon 4177-01 est un appareil de diagnostic id\u00e9al pour la pratique quotidienne du personnel infirmier et auxiliaire.\" \/>\n<meta property=\"og:url\" content=\"https:\/\/yoestudiosalud.es\/fr\/produit\/fonendoscopio-riester-anestophon-4177-01\/\" \/>\n<meta property=\"og:site_name\" content=\"yoestudiosalud.es\" \/>\n<meta property=\"article:modified_time\" content=\"2025-07-02T15:24:51+00:00\" \/>\n<meta property=\"og:image\" content=\"https:\/\/yoestudiosalud.es\/wp-content\/uploads\/2023\/03\/003853.AN_.jpg\" \/>\n\t<meta property=\"og:image:width\" content=\"650\" \/>\n\t<meta property=\"og:image:height\" content=\"650\" \/>\n\t<meta property=\"og:image:type\" content=\"image\/jpeg\" \/>\n<meta name=\"twitter:card\" content=\"summary_large_image\" \/>\n<meta name=\"twitter:label1\" content=\"Dur\u00e9e de lecture estim\u00e9e\" \/>\n\t<meta name=\"twitter:data1\" content=\"1 minute\" \/>\n<script type=\"application\/ld+json\" class=\"yoast-schema-graph\">{\"@context\":\"https:\/\/schema.org\",\"@graph\":[{\"@type\":\"WebPage\",\"@id\":\"https:\/\/yoestudiosalud.es\/fr\/produit\/fonendoscopio-riester-anestophon-4177-01\/\",\"url\":\"https:\/\/yoestudiosalud.es\/fr\/produit\/fonendoscopio-riester-anestophon-4177-01\/\",\"name\":\"Le st\u00e9thoscope Riester Anestophon 4177-01 - yoestudiosalud.es\",\"isPartOf\":{\"@id\":\"https:\/\/yoestudiosalud.es\/en\/#website\"},\"primaryImageOfPage\":{\"@id\":\"https:\/\/yoestudiosalud.es\/fr\/produit\/fonendoscopio-riester-anestophon-4177-01\/#primaryimage\"},\"image\":{\"@id\":\"https:\/\/yoestudiosalud.es\/fr\/produit\/fonendoscopio-riester-anestophon-4177-01\/#primaryimage\"},\"thumbnailUrl\":\"https:\/\/yoestudiosalud.es\/wp-content\/uploads\/2023\/03\/003853.AN_.jpg\",\"datePublished\":\"2023-03-13T16:25:56+00:00\",\"dateModified\":\"2025-07-02T15:24:51+00:00\",\"description\":\"Le st\u00e9thoscope Riester Anestophon 4177-01 est un appareil de diagnostic id\u00e9al pour la pratique quotidienne du personnel infirmier et auxiliaire.\",\"breadcrumb\":{\"@id\":\"https:\/\/yoestudiosalud.es\/fr\/produit\/fonendoscopio-riester-anestophon-4177-01\/#breadcrumb\"},\"inLanguage\":\"fr-FR\",\"potentialAction\":[{\"@type\":\"ReadAction\",\"target\":[\"https:\/\/yoestudiosalud.es\/fr\/produit\/fonendoscopio-riester-anestophon-4177-01\/\"]}]},{\"@type\":\"ImageObject\",\"inLanguage\":\"fr-FR\",\"@id\":\"https:\/\/yoestudiosalud.es\/fr\/produit\/fonendoscopio-riester-anestophon-4177-01\/#primaryimage\",\"url\":\"https:\/\/yoestudiosalud.es\/wp-content\/uploads\/2023\/03\/003853.AN_.jpg\",\"contentUrl\":\"https:\/\/yoestudiosalud.es\/wp-content\/uploads\/2023\/03\/003853.AN_.jpg\",\"width\":650,\"height\":650,\"caption\":\"LE ST\u00c9THOSCOPE RIESTER ANESTOPHON 4177-01\"},{\"@type\":\"BreadcrumbList\",\"@id\":\"https:\/\/yoestudiosalud.es\/fr\/produit\/fonendoscopio-riester-anestophon-4177-01\/#breadcrumb\",\"itemListElement\":[{\"@type\":\"ListItem\",\"position\":1,\"name\":\"Portada\",\"item\":\"https:\/\/yoestudiosalud.es\/fr\/\"},{\"@type\":\"ListItem\",\"position\":2,\"name\":\"Boutique\",\"item\":\"https:\/\/yoestudiosalud.es\/fr\/boutique\/\"},{\"@type\":\"ListItem\",\"position\":3,\"name\":\"LE ST\u00c9THOSCOPE RIESTER ANESTOPHON 4177-01\"}]},{\"@type\":\"WebSite\",\"@id\":\"https:\/\/yoestudiosalud.es\/en\/#website\",\"url\":\"https:\/\/yoestudiosalud.es\/en\/\",\"name\":\"yoestudiosalud.es\",\"description\":\"Material para estudiantes del sector salud\",\"publisher\":{\"@id\":\"https:\/\/yoestudiosalud.es\/en\/#organization\"},\"potentialAction\":[{\"@type\":\"SearchAction\",\"target\":{\"@type\":\"EntryPoint\",\"urlTemplate\":\"https:\/\/yoestudiosalud.es\/en\/?s={search_term_string}\"},\"query-input\":{\"@type\":\"PropertyValueSpecification\",\"valueRequired\":true,\"valueName\":\"search_term_string\"}}],\"inLanguage\":\"fr-FR\"},{\"@type\":\"Organization\",\"@id\":\"https:\/\/yoestudiosalud.es\/en\/#organization\",\"name\":\"yoestudiosalud.es\",\"url\":\"https:\/\/yoestudiosalud.es\/en\/\",\"logo\":{\"@type\":\"ImageObject\",\"inLanguage\":\"fr-FR\",\"@id\":\"https:\/\/yoestudiosalud.es\/en\/#\/schema\/logo\/image\/\",\"url\":\"https:\/\/yoestudiosalud.es\/wp-content\/uploads\/2020\/04\/logonew-e1698080827687.png\",\"contentUrl\":\"https:\/\/yoestudiosalud.es\/wp-content\/uploads\/2020\/04\/logonew-e1698080827687.png\",\"width\":421,\"height\":393,\"caption\":\"yoestudiosalud.es\"},\"image\":{\"@id\":\"https:\/\/yoestudiosalud.es\/en\/#\/schema\/logo\/image\/\"}}]}<\/script>\n<!-- \/ Yoast SEO Premium plugin. -->","yoast_head_json":{"title":"Le st\u00e9thoscope Riester Anestophon 4177-01 - yoestudiosalud.es","description":"Le st\u00e9thoscope Riester Anestophon 4177-01 est un appareil de diagnostic id\u00e9al pour la pratique quotidienne du personnel infirmier et auxiliaire.","robots":{"index":"index","follow":"follow","max-snippet":"max-snippet:-1","max-image-preview":"max-image-preview:large","max-video-preview":"max-video-preview:-1"},"canonical":"https:\/\/yoestudiosalud.es\/fr\/produit\/fonendoscopio-riester-anestophon-4177-01\/","og_locale":"fr_FR","og_type":"article","og_title":"LE ST\u00c9THOSCOPE RIESTER ANESTOPHON 4177-01","og_description":"Le st\u00e9thoscope Riester Anestophon 4177-01 est un appareil de diagnostic id\u00e9al pour la pratique quotidienne du personnel infirmier et auxiliaire.","og_url":"https:\/\/yoestudiosalud.es\/fr\/produit\/fonendoscopio-riester-anestophon-4177-01\/","og_site_name":"yoestudiosalud.es","article_modified_time":"2025-07-02T15:24:51+00:00","og_image":[{"width":650,"height":650,"url":"https:\/\/yoestudiosalud.es\/wp-content\/uploads\/2023\/03\/003853.AN_.jpg","type":"image\/jpeg"}],"twitter_card":"summary_large_image","twitter_misc":{"Dur\u00e9e de lecture estim\u00e9e":"1 minute"},"schema":{"@context":"https:\/\/schema.org","@graph":[{"@type":"WebPage","@id":"https:\/\/yoestudiosalud.es\/fr\/produit\/fonendoscopio-riester-anestophon-4177-01\/","url":"https:\/\/yoestudiosalud.es\/fr\/produit\/fonendoscopio-riester-anestophon-4177-01\/","name":"Le st\u00e9thoscope Riester Anestophon 4177-01 - yoestudiosalud.es","isPartOf":{"@id":"https:\/\/yoestudiosalud.es\/en\/#website"},"primaryImageOfPage":{"@id":"https:\/\/yoestudiosalud.es\/fr\/produit\/fonendoscopio-riester-anestophon-4177-01\/#primaryimage"},"image":{"@id":"https:\/\/yoestudiosalud.es\/fr\/produit\/fonendoscopio-riester-anestophon-4177-01\/#primaryimage"},"thumbnailUrl":"https:\/\/yoestudiosalud.es\/wp-content\/uploads\/2023\/03\/003853.AN_.jpg","datePublished":"2023-03-13T16:25:56+00:00","dateModified":"2025-07-02T15:24:51+00:00","description":"Le st\u00e9thoscope Riester Anestophon 4177-01 est un appareil de diagnostic id\u00e9al pour la pratique quotidienne du personnel infirmier et auxiliaire.","breadcrumb":{"@id":"https:\/\/yoestudiosalud.es\/fr\/produit\/fonendoscopio-riester-anestophon-4177-01\/#breadcrumb"},"inLanguage":"fr-FR","potentialAction":[{"@type":"ReadAction","target":["https:\/\/yoestudiosalud.es\/fr\/produit\/fonendoscopio-riester-anestophon-4177-01\/"]}]},{"@type":"ImageObject","inLanguage":"fr-FR","@id":"https:\/\/yoestudiosalud.es\/fr\/produit\/fonendoscopio-riester-anestophon-4177-01\/#primaryimage","url":"https:\/\/yoestudiosalud.es\/wp-content\/uploads\/2023\/03\/003853.AN_.jpg","contentUrl":"https:\/\/yoestudiosalud.es\/wp-content\/uploads\/2023\/03\/003853.AN_.jpg","width":650,"height":650,"caption":"LE ST\u00c9THOSCOPE RIESTER ANESTOPHON 4177-01"},{"@type":"BreadcrumbList","@id":"https:\/\/yoestudiosalud.es\/fr\/produit\/fonendoscopio-riester-anestophon-4177-01\/#breadcrumb","itemListElement":[{"@type":"ListItem","position":1,"name":"Portada","item":"https:\/\/yoestudiosalud.es\/fr\/"},{"@type":"ListItem","position":2,"name":"Boutique","item":"https:\/\/yoestudiosalud.es\/fr\/boutique\/"},{"@type":"ListItem","position":3,"name":"LE ST\u00c9THOSCOPE RIESTER ANESTOPHON 4177-01"}]},{"@type":"WebSite","@id":"https:\/\/yoestudiosalud.es\/en\/#website","url":"https:\/\/yoestudiosalud.es\/en\/","name":"yoestudiosalud.es","description":"Material para estudiantes del sector salud","publisher":{"@id":"https:\/\/yoestudiosalud.es\/en\/#organization"},"potentialAction":[{"@type":"SearchAction","target":{"@type":"EntryPoint","urlTemplate":"https:\/\/yoestudiosalud.es\/en\/?s={search_term_string}"},"query-input":{"@type":"PropertyValueSpecification","valueRequired":true,"valueName":"search_term_string"}}],"inLanguage":"fr-FR"},{"@type":"Organization","@id":"https:\/\/yoestudiosalud.es\/en\/#organization","name":"yoestudiosalud.es","url":"https:\/\/yoestudiosalud.es\/en\/","logo":{"@type":"ImageObject","inLanguage":"fr-FR","@id":"https:\/\/yoestudiosalud.es\/en\/#\/schema\/logo\/image\/","url":"https:\/\/yoestudiosalud.es\/wp-content\/uploads\/2020\/04\/logonew-e1698080827687.png","contentUrl":"https:\/\/yoestudiosalud.es\/wp-content\/uploads\/2020\/04\/logonew-e1698080827687.png","width":421,"height":393,"caption":"yoestudiosalud.es"},"image":{"@id":"https:\/\/yoestudiosalud.es\/en\/#\/schema\/logo\/image\/"}}]}},"_links":{"self":[{"href":"https:\/\/yoestudiosalud.es\/fr\/wp-json\/wp\/v2\/product\/32183","targetHints":{"allow":["GET"]}}],"collection":[{"href":"https:\/\/yoestudiosalud.es\/fr\/wp-json\/wp\/v2\/product"}],"about":[{"href":"https:\/\/yoestudiosalud.es\/fr\/wp-json\/wp\/v2\/types\/product"}],"wp:featuredmedia":[{"embeddable":true,"href":"https:\/\/yoestudiosalud.es\/fr\/wp-json\/wp\/v2\/media\/32184"}],"wp:attachment":[{"href":"https:\/\/yoestudiosalud.es\/fr\/wp-json\/wp\/v2\/media?parent=32183"}],"wp:term":[{"taxonomy":"product_brand","embeddable":true,"href":"https:\/\/yoestudiosalud.es\/fr\/wp-json\/wp\/v2\/product_brand?post=32183"},{"taxonomy":"product_cat","embeddable":true,"href":"https:\/\/yoestudiosalud.es\/fr\/wp-json\/wp\/v2\/product_cat?post=32183"},{"taxonomy":"product_tag","embeddable":true,"href":"https:\/\/yoestudiosalud.es\/fr\/wp-json\/wp\/v2\/product_tag?post=32183"}],"curies":[{"name":"wp","href":"https:\/\/api.w.org\/{rel}","templated":true}]}}