{"id":32151,"date":"2023-05-08T16:17:01","date_gmt":"2023-05-08T16:17:01","guid":{"rendered":"https:\/\/yoestudiosalud.es\/producto\/frasaco-reposicion-dientes-ak-6-2\/"},"modified":"2025-07-02T17:37:59","modified_gmt":"2025-07-02T15:37:59","slug":"frasaco-reposicion-dientes-ak-6-2","status":"publish","type":"product","link":"https:\/\/yoestudiosalud.es\/fr\/produit\/frasaco-reposicion-dientes-ak-6-2\/","title":{"rendered":"FRASACO REMPLACEMENT DE DENTS AK-6\/2"},"content":{"rendered":"<p>Dents Frasaco de lait et permanentes individuelles en mat\u00e9riau thermodurcissable, \u00e0 monter dans un appareil typodontique Frasaco AK-6\/2 ou similaire. Montage \u00e0 l&#8217;aide de vis.<\/p>\n<p>Les dents typodontes Frasaco AK-6\/2 pour enfants sont un outil essentiel pour la pratique des proc\u00e9dures d&#8217;odontologie p\u00e9diatrique.<\/p>\n<p>En Espagne, les \u00e9tudiants en dentisterie de l&#8217;universit\u00e9 CEU Cardenal Herrera, de l&#8217;universit\u00e9 europ\u00e9enne de Valence et de l&#8217;universit\u00e9 Miguel de Cervantes utilisent les dents typodontes Frasaco pour am\u00e9liorer leurs comp\u00e9tences en mati\u00e8re de restaurations dentaires, d&#8217;extractions et de remplacements de dents.<\/p>\n<p>Dans l&#8217;entrep\u00f4t dentaire YoEstudioSalud.es, vous pouvez trouver des dents de remplacement pour les typodontes pour enfants de type Frasaco AK-6\/2. Ces dents se caract\u00e9risent par leur solidit\u00e9 et leur durabilit\u00e9, ce qui leur permet de r\u00e9sister \u00e0 la pression des proc\u00e9dures dentaires sans se d\u00e9t\u00e9riorer.<\/p>\n<p>Le choix des dents typodontes pour enfants doit \u00eatre fait avec soin, car elles doivent \u00eatre aussi semblables que possible aux dents naturelles. Les dents typodontes pour enfants Frasaco AK-6\/2 ont un aspect similaire \u00e0 celui des dents d&#8217;enfants, ce qui permet aux \u00e9tudiants en m\u00e9decine dentaire de travailler dans un environnement plus r\u00e9aliste.<\/p>\n<p>Les dents de remplacement du typodonte pour enfants Frasaco AK-6\/2 s&#8217;ins\u00e8rent parfaitement dans la base du typodonte et sont faciles \u00e0 fixer. En outre, les dents sont disponibles en diff\u00e9rentes tailles et formes pour r\u00e9pondre aux besoins de la proc\u00e9dure.<\/p>\n<p>L&#8217;utilisation de dents de remplacement dans un typodonte pour enfants permet aux \u00e9tudiants en m\u00e9decine dentaire de d\u00e9velopper leurs comp\u00e9tences en mati\u00e8re de pr\u00e9paration et de restauration dentaires dans un environnement contr\u00f4l\u00e9 et s\u00fbr. Les \u00e9tudiants peuvent ainsi pratiquer des interventions dentaires sans risquer d&#8217;endommager les dents naturelles des patients.<\/p>\n<p>En r\u00e9sum\u00e9, l&#8217;utilisation du typodonte pour enfants est fondamentale pour la formation des \u00e9tudiants en m\u00e9decine dentaire en Espagne. Les dents de remplacement typodontiques pour enfants Frasaco AK-6\/2, disponibles au d\u00e9p\u00f4t dentaire YoEstudioSalud.es, sont un outil indispensable pour am\u00e9liorer les comp\u00e9tences des \u00e9tudiants en dentisterie p\u00e9diatrique. Ces dents de clonus de haute qualit\u00e9 sont parfaitement adapt\u00e9es \u00e0 la base du typodonte et se fixent facilement. De plus, leur apparence similaire aux dents naturelles des enfants permet aux \u00e9tudiants de travailler dans un environnement plus r\u00e9aliste et plus s\u00fbr.<\/p>\n","protected":false},"excerpt":{"rendered":"<p>Dents Frasaco de lait et permanentes individuelles en mat\u00e9riau thermodurcissable, \u00e0 monter dans un appareil typodontique Frasaco AK-6\/2 ou similaire. Montage \u00e0 l&#8217;aide de vis.<\/p>\n","protected":false},"featured_media":32152,"template":"","meta":[],"product_brand":[],"product_cat":[710,714],"product_tag":[767],"class_list":{"0":"post-32151","1":"product","2":"type-product","3":"status-publish","4":"has-post-thumbnail","6":"product_cat-odontologie-fr","7":"product_cat-modeles-fr","8":"product_tag-ucam5-fr","9":"pa_formacion-odontologia-fr","11":"first","12":"outofstock","13":"sale","14":"taxable","15":"shipping-taxable","16":"purchasable","17":"product-type-variable"},"yoast_head":"<!-- This site is optimized with the Yoast SEO Premium plugin v27.0 (Yoast SEO v27.4) - https:\/\/yoast.com\/product\/yoast-seo-premium-wordpress\/ -->\n<title>FRASACO REMPLACEMENT DE DENTS AK-6\/2 - yoestudiosalud.es<\/title>\n<meta name=\"description\" content=\"dents de lait et molaires permanentes individuelles \u00e0 remplacer, en mati\u00e8re plastique thermodurcissable, pour montage sur Frasaco AK-6\/2 ou similaire.\" \/>\n<meta name=\"robots\" content=\"index, follow, max-snippet:-1, max-image-preview:large, max-video-preview:-1\" \/>\n<link rel=\"canonical\" href=\"https:\/\/yoestudiosalud.es\/fr\/produit\/frasaco-reposicion-dientes-ak-6-2\/\" \/>\n<meta property=\"og:locale\" content=\"fr_FR\" \/>\n<meta property=\"og:type\" content=\"article\" \/>\n<meta property=\"og:title\" content=\"FRASACO REMPLACEMENT DE DENTS AK-6\/2\" \/>\n<meta property=\"og:description\" content=\"dents de lait et molaires permanentes individuelles \u00e0 remplacer, en mati\u00e8re plastique thermodurcissable, pour montage sur Frasaco AK-6\/2 ou similaire.\" \/>\n<meta property=\"og:url\" content=\"https:\/\/yoestudiosalud.es\/fr\/produit\/frasaco-reposicion-dientes-ak-6-2\/\" \/>\n<meta property=\"og:site_name\" content=\"yoestudiosalud.es\" \/>\n<meta property=\"article:modified_time\" content=\"2025-07-02T15:37:59+00:00\" \/>\n<meta property=\"og:image\" content=\"https:\/\/yoestudiosalud.es\/wp-content\/uploads\/2023\/05\/001378.jpg\" \/>\n\t<meta property=\"og:image:width\" content=\"650\" \/>\n\t<meta property=\"og:image:height\" content=\"650\" \/>\n\t<meta property=\"og:image:type\" content=\"image\/jpeg\" \/>\n<meta name=\"twitter:card\" content=\"summary_large_image\" \/>\n<meta name=\"twitter:label1\" content=\"Dur\u00e9e de lecture estim\u00e9e\" \/>\n\t<meta name=\"twitter:data1\" content=\"2 minutes\" \/>\n<script type=\"application\/ld+json\" class=\"yoast-schema-graph\">{\"@context\":\"https:\\\/\\\/schema.org\",\"@graph\":[{\"@type\":\"WebPage\",\"@id\":\"https:\\\/\\\/yoestudiosalud.es\\\/fr\\\/produit\\\/frasaco-reposicion-dientes-ak-6-2\\\/\",\"url\":\"https:\\\/\\\/yoestudiosalud.es\\\/fr\\\/produit\\\/frasaco-reposicion-dientes-ak-6-2\\\/\",\"name\":\"FRASACO REMPLACEMENT DE DENTS AK-6\\\/2 - yoestudiosalud.es\",\"isPartOf\":{\"@id\":\"https:\\\/\\\/yoestudiosalud.es\\\/en\\\/#website\"},\"primaryImageOfPage\":{\"@id\":\"https:\\\/\\\/yoestudiosalud.es\\\/fr\\\/produit\\\/frasaco-reposicion-dientes-ak-6-2\\\/#primaryimage\"},\"image\":{\"@id\":\"https:\\\/\\\/yoestudiosalud.es\\\/fr\\\/produit\\\/frasaco-reposicion-dientes-ak-6-2\\\/#primaryimage\"},\"thumbnailUrl\":\"https:\\\/\\\/yoestudiosalud.es\\\/wp-content\\\/uploads\\\/2023\\\/05\\\/001378.jpg\",\"datePublished\":\"2023-05-08T16:17:01+00:00\",\"dateModified\":\"2025-07-02T15:37:59+00:00\",\"description\":\"dents de lait et molaires permanentes individuelles \u00e0 remplacer, en mati\u00e8re plastique thermodurcissable, pour montage sur Frasaco AK-6\\\/2 ou similaire.\",\"breadcrumb\":{\"@id\":\"https:\\\/\\\/yoestudiosalud.es\\\/fr\\\/produit\\\/frasaco-reposicion-dientes-ak-6-2\\\/#breadcrumb\"},\"inLanguage\":\"fr-FR\",\"potentialAction\":[{\"@type\":\"ReadAction\",\"target\":[\"https:\\\/\\\/yoestudiosalud.es\\\/fr\\\/produit\\\/frasaco-reposicion-dientes-ak-6-2\\\/\"]}]},{\"@type\":\"ImageObject\",\"inLanguage\":\"fr-FR\",\"@id\":\"https:\\\/\\\/yoestudiosalud.es\\\/fr\\\/produit\\\/frasaco-reposicion-dientes-ak-6-2\\\/#primaryimage\",\"url\":\"https:\\\/\\\/yoestudiosalud.es\\\/wp-content\\\/uploads\\\/2023\\\/05\\\/001378.jpg\",\"contentUrl\":\"https:\\\/\\\/yoestudiosalud.es\\\/wp-content\\\/uploads\\\/2023\\\/05\\\/001378.jpg\",\"width\":650,\"height\":650,\"caption\":\"FRASACO REMPLACEMENT DE DENTS AK-6\\\/2\"},{\"@type\":\"BreadcrumbList\",\"@id\":\"https:\\\/\\\/yoestudiosalud.es\\\/fr\\\/produit\\\/frasaco-reposicion-dientes-ak-6-2\\\/#breadcrumb\",\"itemListElement\":[{\"@type\":\"ListItem\",\"position\":1,\"name\":\"Portada\",\"item\":\"https:\\\/\\\/yoestudiosalud.es\\\/fr\\\/\"},{\"@type\":\"ListItem\",\"position\":2,\"name\":\"Boutique\",\"item\":\"https:\\\/\\\/yoestudiosalud.es\\\/fr\\\/boutique\\\/\"},{\"@type\":\"ListItem\",\"position\":3,\"name\":\"FRASACO REMPLACEMENT DE DENTS AK-6\\\/2\"}]},{\"@type\":\"WebSite\",\"@id\":\"https:\\\/\\\/yoestudiosalud.es\\\/en\\\/#website\",\"url\":\"https:\\\/\\\/yoestudiosalud.es\\\/en\\\/\",\"name\":\"yoestudiosalud.es\",\"description\":\"Material para estudiantes del sector salud\",\"publisher\":{\"@id\":\"https:\\\/\\\/yoestudiosalud.es\\\/en\\\/#organization\"},\"potentialAction\":[{\"@type\":\"SearchAction\",\"target\":{\"@type\":\"EntryPoint\",\"urlTemplate\":\"https:\\\/\\\/yoestudiosalud.es\\\/en\\\/?s={search_term_string}\"},\"query-input\":{\"@type\":\"PropertyValueSpecification\",\"valueRequired\":true,\"valueName\":\"search_term_string\"}}],\"inLanguage\":\"fr-FR\"},{\"@type\":\"Organization\",\"@id\":\"https:\\\/\\\/yoestudiosalud.es\\\/en\\\/#organization\",\"name\":\"yoestudiosalud.es\",\"url\":\"https:\\\/\\\/yoestudiosalud.es\\\/en\\\/\",\"logo\":{\"@type\":\"ImageObject\",\"inLanguage\":\"fr-FR\",\"@id\":\"https:\\\/\\\/yoestudiosalud.es\\\/en\\\/#\\\/schema\\\/logo\\\/image\\\/\",\"url\":\"https:\\\/\\\/yoestudiosalud.es\\\/wp-content\\\/uploads\\\/2020\\\/04\\\/logonew-e1698080827687.png\",\"contentUrl\":\"https:\\\/\\\/yoestudiosalud.es\\\/wp-content\\\/uploads\\\/2020\\\/04\\\/logonew-e1698080827687.png\",\"width\":421,\"height\":393,\"caption\":\"yoestudiosalud.es\"},\"image\":{\"@id\":\"https:\\\/\\\/yoestudiosalud.es\\\/en\\\/#\\\/schema\\\/logo\\\/image\\\/\"}}]}<\/script>\n<!-- \/ Yoast SEO Premium plugin. -->","yoast_head_json":{"title":"FRASACO REMPLACEMENT DE DENTS AK-6\/2 - yoestudiosalud.es","description":"dents de lait et molaires permanentes individuelles \u00e0 remplacer, en mati\u00e8re plastique thermodurcissable, pour montage sur Frasaco AK-6\/2 ou similaire.","robots":{"index":"index","follow":"follow","max-snippet":"max-snippet:-1","max-image-preview":"max-image-preview:large","max-video-preview":"max-video-preview:-1"},"canonical":"https:\/\/yoestudiosalud.es\/fr\/produit\/frasaco-reposicion-dientes-ak-6-2\/","og_locale":"fr_FR","og_type":"article","og_title":"FRASACO REMPLACEMENT DE DENTS AK-6\/2","og_description":"dents de lait et molaires permanentes individuelles \u00e0 remplacer, en mati\u00e8re plastique thermodurcissable, pour montage sur Frasaco AK-6\/2 ou similaire.","og_url":"https:\/\/yoestudiosalud.es\/fr\/produit\/frasaco-reposicion-dientes-ak-6-2\/","og_site_name":"yoestudiosalud.es","article_modified_time":"2025-07-02T15:37:59+00:00","og_image":[{"width":650,"height":650,"url":"https:\/\/yoestudiosalud.es\/wp-content\/uploads\/2023\/05\/001378.jpg","type":"image\/jpeg"}],"twitter_card":"summary_large_image","twitter_misc":{"Dur\u00e9e de lecture estim\u00e9e":"2 minutes"},"schema":{"@context":"https:\/\/schema.org","@graph":[{"@type":"WebPage","@id":"https:\/\/yoestudiosalud.es\/fr\/produit\/frasaco-reposicion-dientes-ak-6-2\/","url":"https:\/\/yoestudiosalud.es\/fr\/produit\/frasaco-reposicion-dientes-ak-6-2\/","name":"FRASACO REMPLACEMENT DE DENTS AK-6\/2 - yoestudiosalud.es","isPartOf":{"@id":"https:\/\/yoestudiosalud.es\/en\/#website"},"primaryImageOfPage":{"@id":"https:\/\/yoestudiosalud.es\/fr\/produit\/frasaco-reposicion-dientes-ak-6-2\/#primaryimage"},"image":{"@id":"https:\/\/yoestudiosalud.es\/fr\/produit\/frasaco-reposicion-dientes-ak-6-2\/#primaryimage"},"thumbnailUrl":"https:\/\/yoestudiosalud.es\/wp-content\/uploads\/2023\/05\/001378.jpg","datePublished":"2023-05-08T16:17:01+00:00","dateModified":"2025-07-02T15:37:59+00:00","description":"dents de lait et molaires permanentes individuelles \u00e0 remplacer, en mati\u00e8re plastique thermodurcissable, pour montage sur Frasaco AK-6\/2 ou similaire.","breadcrumb":{"@id":"https:\/\/yoestudiosalud.es\/fr\/produit\/frasaco-reposicion-dientes-ak-6-2\/#breadcrumb"},"inLanguage":"fr-FR","potentialAction":[{"@type":"ReadAction","target":["https:\/\/yoestudiosalud.es\/fr\/produit\/frasaco-reposicion-dientes-ak-6-2\/"]}]},{"@type":"ImageObject","inLanguage":"fr-FR","@id":"https:\/\/yoestudiosalud.es\/fr\/produit\/frasaco-reposicion-dientes-ak-6-2\/#primaryimage","url":"https:\/\/yoestudiosalud.es\/wp-content\/uploads\/2023\/05\/001378.jpg","contentUrl":"https:\/\/yoestudiosalud.es\/wp-content\/uploads\/2023\/05\/001378.jpg","width":650,"height":650,"caption":"FRASACO REMPLACEMENT DE DENTS AK-6\/2"},{"@type":"BreadcrumbList","@id":"https:\/\/yoestudiosalud.es\/fr\/produit\/frasaco-reposicion-dientes-ak-6-2\/#breadcrumb","itemListElement":[{"@type":"ListItem","position":1,"name":"Portada","item":"https:\/\/yoestudiosalud.es\/fr\/"},{"@type":"ListItem","position":2,"name":"Boutique","item":"https:\/\/yoestudiosalud.es\/fr\/boutique\/"},{"@type":"ListItem","position":3,"name":"FRASACO REMPLACEMENT DE DENTS AK-6\/2"}]},{"@type":"WebSite","@id":"https:\/\/yoestudiosalud.es\/en\/#website","url":"https:\/\/yoestudiosalud.es\/en\/","name":"yoestudiosalud.es","description":"Material para estudiantes del sector salud","publisher":{"@id":"https:\/\/yoestudiosalud.es\/en\/#organization"},"potentialAction":[{"@type":"SearchAction","target":{"@type":"EntryPoint","urlTemplate":"https:\/\/yoestudiosalud.es\/en\/?s={search_term_string}"},"query-input":{"@type":"PropertyValueSpecification","valueRequired":true,"valueName":"search_term_string"}}],"inLanguage":"fr-FR"},{"@type":"Organization","@id":"https:\/\/yoestudiosalud.es\/en\/#organization","name":"yoestudiosalud.es","url":"https:\/\/yoestudiosalud.es\/en\/","logo":{"@type":"ImageObject","inLanguage":"fr-FR","@id":"https:\/\/yoestudiosalud.es\/en\/#\/schema\/logo\/image\/","url":"https:\/\/yoestudiosalud.es\/wp-content\/uploads\/2020\/04\/logonew-e1698080827687.png","contentUrl":"https:\/\/yoestudiosalud.es\/wp-content\/uploads\/2020\/04\/logonew-e1698080827687.png","width":421,"height":393,"caption":"yoestudiosalud.es"},"image":{"@id":"https:\/\/yoestudiosalud.es\/en\/#\/schema\/logo\/image\/"}}]}},"_links":{"self":[{"href":"https:\/\/yoestudiosalud.es\/fr\/wp-json\/wp\/v2\/product\/32151","targetHints":{"allow":["GET"]}}],"collection":[{"href":"https:\/\/yoestudiosalud.es\/fr\/wp-json\/wp\/v2\/product"}],"about":[{"href":"https:\/\/yoestudiosalud.es\/fr\/wp-json\/wp\/v2\/types\/product"}],"wp:featuredmedia":[{"embeddable":true,"href":"https:\/\/yoestudiosalud.es\/fr\/wp-json\/wp\/v2\/media\/32152"}],"wp:attachment":[{"href":"https:\/\/yoestudiosalud.es\/fr\/wp-json\/wp\/v2\/media?parent=32151"}],"wp:term":[{"taxonomy":"product_brand","embeddable":true,"href":"https:\/\/yoestudiosalud.es\/fr\/wp-json\/wp\/v2\/product_brand?post=32151"},{"taxonomy":"product_cat","embeddable":true,"href":"https:\/\/yoestudiosalud.es\/fr\/wp-json\/wp\/v2\/product_cat?post=32151"},{"taxonomy":"product_tag","embeddable":true,"href":"https:\/\/yoestudiosalud.es\/fr\/wp-json\/wp\/v2\/product_tag?post=32151"}],"curies":[{"name":"wp","href":"https:\/\/api.w.org\/{rel}","templated":true}]}}