{"id":32149,"date":"2023-05-16T09:43:39","date_gmt":"2023-05-16T09:43:39","guid":{"rendered":"https:\/\/yoestudiosalud.es\/producto\/abrebocas-silicona-mirahold-block\/"},"modified":"2025-06-18T15:30:49","modified_gmt":"2025-06-18T13:30:49","slug":"abrebocas-silicona-mirahold-block","status":"publish","type":"product","link":"https:\/\/yoestudiosalud.es\/fr\/produit\/abrebocas-silicona-mirahold-block\/","title":{"rendered":"\u00c9CARTEURS BUCCAUX EN SILICONE MIRAHOLD BLOCK"},"content":{"rendered":"<h2 data-sourcepos=\"2:1-2:47\">\u00c9carteurs buccaux en silicone Mirahold Block<\/h2>\n<p data-sourcepos=\"4:1-4:483\">Les <strong>\u00e9carteurs buccaux en silicone Mirahold Block<\/strong> sont des dispositifs flexibles et confortables utilis\u00e9s en odontologie pour maintenir la bouche ouverte pendant les traitements. Ils sont fabriqu\u00e9s en silicone \u00e9lastique pour un ajustement optimal \u00e0 la bouche du patient, et c&#8217;est un mat\u00e9riau s\u00fbr et adaptable. Ces \u00e9carteurs permettent un acc\u00e8s prolong\u00e9 \u00e0 la cavit\u00e9 buccale et sont utiles pour des proc\u00e9dures telles que les extractions, les obturations et les traitements de canal.<\/p>\n<p data-sourcepos=\"6:1-6:68\">Le silicone est <strong>hypoallerg\u00e9nique<\/strong> et <strong>facilement st\u00e9rilisable<\/strong>.<\/p>\n<p data-sourcepos=\"8:1-8:434\">Les professionnels les placent avec pr\u00e9cision et assurent le confort du patient. Les \u00e9carteurs facilitent la r\u00e9alisation des traitements en offrant un large acc\u00e8s aux dents et aux tissus buccaux. Il est essentiel de les utiliser correctement et de suivre les consignes de s\u00e9curit\u00e9. Ils sont \u00e9galement tr\u00e8s utiles pour les enfants et les patients anxieux qui ont plus de mal \u00e0 garder la bouche ouverte pendant les proc\u00e9dures dentaires.<\/p>\n<p data-sourcepos=\"10:1-10:735\">En r\u00e9sum\u00e9, les \u00e9carteurs buccaux dentaires en silicone sont des dispositifs s\u00fbrs et flexibles qui maintiennent confortablement la bouche ouverte pendant les traitements dentaires. Ils sont fabriqu\u00e9s en silicone adaptable, hypoallerg\u00e9nique et st\u00e9rilisable. Ils permettent un acc\u00e8s prolong\u00e9 \u00e0 la cavit\u00e9 buccale et sont utiles dans diverses proc\u00e9dures. Ils sont disponibles en diff\u00e9rentes tailles et sont plac\u00e9s avec pr\u00e9cision pour assurer le confort du patient. Ils facilitent la r\u00e9alisation des traitements en offrant un large acc\u00e8s aux dents et aux tissus buccaux. Apr\u00e8s utilisation, ils doivent \u00eatre nettoy\u00e9s avec des d\u00e9sinfectants adapt\u00e9s aux plastiques, puis rinc\u00e9s abondamment \u00e0 l&#8217;eau courante avant d&#8217;\u00eatre st\u00e9rilis\u00e9s en autoclave.<\/p>\n<p data-sourcepos=\"12:1-12:148\">Pour plus de commodit\u00e9, renseignez-vous sur la pince qui permet de fixer l&#8217;\u00e9carteur \u00e0 la joue, un accessoire compl\u00e9mentaire non inclus dans ce pack.<\/p>\n<p data-sourcepos=\"14:1-14:139\">Ils sont pr\u00e9sent\u00e9s dans un pack de la marque <strong>Hagen &amp; Werken<\/strong>, contenant deux unit\u00e9s d&#8217;\u00e9carteurs buccaux en silicone Mirahold Block :<\/p>\n<ul data-sourcepos=\"15:1-17:0\">\n<li data-sourcepos=\"15:1-15:62\">Une grande unit\u00e9 de <strong>4 cm de hauteur x 2,4 cm de largeur<\/strong>.<\/li>\n<li data-sourcepos=\"16:1-17:0\">Une unit\u00e9 plus petite de <strong>3,6 cm de hauteur x 2 cm de largeur<\/strong>.<\/li>\n<\/ul>\n<p data-sourcepos=\"18:1-18:92\">St\u00e9rilisable en autoclave \u00e0 <strong>134 \u00b0C pendant 5 minutes<\/strong> ou \u00e0 <strong>121 \u00b0C pendant 15 minutes<\/strong>.<\/p>\n<p>&nbsp;<\/p>\n","protected":false},"excerpt":{"rendered":"<p>\u00c9carteurs buccaux en silicone Mirahold Block Les \u00e9carteurs buccaux en  [&#8230;]<\/p>\n","protected":false},"featured_media":32150,"template":"","meta":[],"product_brand":[],"product_cat":[671,720],"product_tag":[707],"class_list":{"0":"post-32149","1":"product","2":"type-product","3":"status-publish","4":"has-post-thumbnail","6":"product_cat-instrumental-fr","7":"product_cat-instrumentalv-fr","8":"product_tag-uem4-fr","9":"pa_formacion-odontologia-fr","11":"first","12":"instock","13":"taxable","14":"shipping-taxable","15":"purchasable","16":"product-type-simple"},"yoast_head":"<!-- This site is optimized with the Yoast SEO Premium plugin v27.0 (Yoast SEO v27.2) - https:\/\/yoast.com\/product\/yoast-seo-premium-wordpress\/ -->\n<title>\u00c9CARTEURS BUCCAUX EN SILICONE MIRAHOLD BLOCK - yoestudiosalud.es .<\/title>\n<meta name=\"description\" content=\"Les \u00e9carteurs buccaux en silicone Mirahold Block sont utilis\u00e9s comme des dispositifs s\u00fbrs et flexibles qui maintiennent la bouche ouverte confortablement pendant les traitements dentaires.\" \/>\n<meta name=\"robots\" content=\"index, follow, max-snippet:-1, max-image-preview:large, max-video-preview:-1\" \/>\n<link rel=\"canonical\" href=\"https:\/\/yoestudiosalud.es\/produit\/abrebocas-silicona-mirahold-block\/\" \/>\n<meta property=\"og:locale\" content=\"fr_FR\" \/>\n<meta property=\"og:type\" content=\"article\" \/>\n<meta property=\"og:title\" content=\"\u00c9CARTEURS BUCCAUX EN SILICONE MIRAHOLD BLOCK\" \/>\n<meta property=\"og:description\" content=\"Les \u00e9carteurs buccaux en silicone Mirahold Block sont utilis\u00e9s comme des dispositifs s\u00fbrs et flexibles qui maintiennent la bouche ouverte confortablement pendant les traitements dentaires.\" \/>\n<meta property=\"og:url\" content=\"https:\/\/yoestudiosalud.es\/produit\/abrebocas-silicona-mirahold-block\/\" \/>\n<meta property=\"og:site_name\" content=\"yoestudiosalud.es\" \/>\n<meta property=\"article:modified_time\" content=\"2025-06-18T13:30:49+00:00\" \/>\n<meta property=\"og:image\" content=\"https:\/\/yoestudiosalud.es\/wp-content\/uploads\/2023\/05\/000979A.jpg\" \/>\n\t<meta property=\"og:image:width\" content=\"650\" \/>\n\t<meta property=\"og:image:height\" content=\"650\" \/>\n\t<meta property=\"og:image:type\" content=\"image\/jpeg\" \/>\n<meta name=\"twitter:card\" content=\"summary_large_image\" \/>\n<meta name=\"twitter:label1\" content=\"Dur\u00e9e de lecture estim\u00e9e\" \/>\n\t<meta name=\"twitter:data1\" content=\"2 minutes\" \/>\n<script type=\"application\/ld+json\" class=\"yoast-schema-graph\">{\"@context\":\"https:\/\/schema.org\",\"@graph\":[{\"@type\":\"WebPage\",\"@id\":\"https:\/\/yoestudiosalud.es\/produit\/abrebocas-silicona-mirahold-block\/\",\"url\":\"https:\/\/yoestudiosalud.es\/produit\/abrebocas-silicona-mirahold-block\/\",\"name\":\"\u00c9CARTEURS BUCCAUX EN SILICONE MIRAHOLD BLOCK - yoestudiosalud.es .\",\"isPartOf\":{\"@id\":\"https:\/\/yoestudiosalud.es\/en\/#website\"},\"primaryImageOfPage\":{\"@id\":\"https:\/\/yoestudiosalud.es\/produit\/abrebocas-silicona-mirahold-block\/#primaryimage\"},\"image\":{\"@id\":\"https:\/\/yoestudiosalud.es\/produit\/abrebocas-silicona-mirahold-block\/#primaryimage\"},\"thumbnailUrl\":\"https:\/\/yoestudiosalud.es\/wp-content\/uploads\/2023\/05\/000979A.jpg\",\"datePublished\":\"2023-05-16T09:43:39+00:00\",\"dateModified\":\"2025-06-18T13:30:49+00:00\",\"description\":\"Les \u00e9carteurs buccaux en silicone Mirahold Block sont utilis\u00e9s comme des dispositifs s\u00fbrs et flexibles qui maintiennent la bouche ouverte confortablement pendant les traitements dentaires.\",\"breadcrumb\":{\"@id\":\"https:\/\/yoestudiosalud.es\/produit\/abrebocas-silicona-mirahold-block\/#breadcrumb\"},\"inLanguage\":\"fr-FR\",\"potentialAction\":[{\"@type\":\"ReadAction\",\"target\":[\"https:\/\/yoestudiosalud.es\/produit\/abrebocas-silicona-mirahold-block\/\"]}]},{\"@type\":\"ImageObject\",\"inLanguage\":\"fr-FR\",\"@id\":\"https:\/\/yoestudiosalud.es\/produit\/abrebocas-silicona-mirahold-block\/#primaryimage\",\"url\":\"https:\/\/yoestudiosalud.es\/wp-content\/uploads\/2023\/05\/000979A.jpg\",\"contentUrl\":\"https:\/\/yoestudiosalud.es\/wp-content\/uploads\/2023\/05\/000979A.jpg\",\"width\":650,\"height\":650,\"caption\":\"\u00c9CARTEURS BUCCAUX EN SILICONE MIRAHOLD BLOCK\"},{\"@type\":\"BreadcrumbList\",\"@id\":\"https:\/\/yoestudiosalud.es\/produit\/abrebocas-silicona-mirahold-block\/#breadcrumb\",\"itemListElement\":[{\"@type\":\"ListItem\",\"position\":1,\"name\":\"Portada\",\"item\":\"https:\/\/yoestudiosalud.es\/fr\/\"},{\"@type\":\"ListItem\",\"position\":2,\"name\":\"Boutique\",\"item\":\"https:\/\/yoestudiosalud.es\/fr\/boutique\/\"},{\"@type\":\"ListItem\",\"position\":3,\"name\":\"\u00c9CARTEURS BUCCAUX EN SILICONE MIRAHOLD BLOCK\"}]},{\"@type\":\"WebSite\",\"@id\":\"https:\/\/yoestudiosalud.es\/en\/#website\",\"url\":\"https:\/\/yoestudiosalud.es\/en\/\",\"name\":\"yoestudiosalud.es\",\"description\":\"Material para estudiantes del sector salud\",\"publisher\":{\"@id\":\"https:\/\/yoestudiosalud.es\/en\/#organization\"},\"potentialAction\":[{\"@type\":\"SearchAction\",\"target\":{\"@type\":\"EntryPoint\",\"urlTemplate\":\"https:\/\/yoestudiosalud.es\/en\/?s={search_term_string}\"},\"query-input\":{\"@type\":\"PropertyValueSpecification\",\"valueRequired\":true,\"valueName\":\"search_term_string\"}}],\"inLanguage\":\"fr-FR\"},{\"@type\":\"Organization\",\"@id\":\"https:\/\/yoestudiosalud.es\/en\/#organization\",\"name\":\"yoestudiosalud.es\",\"url\":\"https:\/\/yoestudiosalud.es\/en\/\",\"logo\":{\"@type\":\"ImageObject\",\"inLanguage\":\"fr-FR\",\"@id\":\"https:\/\/yoestudiosalud.es\/en\/#\/schema\/logo\/image\/\",\"url\":\"https:\/\/yoestudiosalud.es\/wp-content\/uploads\/2020\/04\/logonew-e1698080827687.png\",\"contentUrl\":\"https:\/\/yoestudiosalud.es\/wp-content\/uploads\/2020\/04\/logonew-e1698080827687.png\",\"width\":421,\"height\":393,\"caption\":\"yoestudiosalud.es\"},\"image\":{\"@id\":\"https:\/\/yoestudiosalud.es\/en\/#\/schema\/logo\/image\/\"}}]}<\/script>\n<!-- \/ Yoast SEO Premium plugin. -->","yoast_head_json":{"title":"\u00c9CARTEURS BUCCAUX EN SILICONE MIRAHOLD BLOCK - yoestudiosalud.es .","description":"Les \u00e9carteurs buccaux en silicone Mirahold Block sont utilis\u00e9s comme des dispositifs s\u00fbrs et flexibles qui maintiennent la bouche ouverte confortablement pendant les traitements dentaires.","robots":{"index":"index","follow":"follow","max-snippet":"max-snippet:-1","max-image-preview":"max-image-preview:large","max-video-preview":"max-video-preview:-1"},"canonical":"https:\/\/yoestudiosalud.es\/produit\/abrebocas-silicona-mirahold-block\/","og_locale":"fr_FR","og_type":"article","og_title":"\u00c9CARTEURS BUCCAUX EN SILICONE MIRAHOLD BLOCK","og_description":"Les \u00e9carteurs buccaux en silicone Mirahold Block sont utilis\u00e9s comme des dispositifs s\u00fbrs et flexibles qui maintiennent la bouche ouverte confortablement pendant les traitements dentaires.","og_url":"https:\/\/yoestudiosalud.es\/produit\/abrebocas-silicona-mirahold-block\/","og_site_name":"yoestudiosalud.es","article_modified_time":"2025-06-18T13:30:49+00:00","og_image":[{"width":650,"height":650,"url":"https:\/\/yoestudiosalud.es\/wp-content\/uploads\/2023\/05\/000979A.jpg","type":"image\/jpeg"}],"twitter_card":"summary_large_image","twitter_misc":{"Dur\u00e9e de lecture estim\u00e9e":"2 minutes"},"schema":{"@context":"https:\/\/schema.org","@graph":[{"@type":"WebPage","@id":"https:\/\/yoestudiosalud.es\/produit\/abrebocas-silicona-mirahold-block\/","url":"https:\/\/yoestudiosalud.es\/produit\/abrebocas-silicona-mirahold-block\/","name":"\u00c9CARTEURS BUCCAUX EN SILICONE MIRAHOLD BLOCK - yoestudiosalud.es .","isPartOf":{"@id":"https:\/\/yoestudiosalud.es\/en\/#website"},"primaryImageOfPage":{"@id":"https:\/\/yoestudiosalud.es\/produit\/abrebocas-silicona-mirahold-block\/#primaryimage"},"image":{"@id":"https:\/\/yoestudiosalud.es\/produit\/abrebocas-silicona-mirahold-block\/#primaryimage"},"thumbnailUrl":"https:\/\/yoestudiosalud.es\/wp-content\/uploads\/2023\/05\/000979A.jpg","datePublished":"2023-05-16T09:43:39+00:00","dateModified":"2025-06-18T13:30:49+00:00","description":"Les \u00e9carteurs buccaux en silicone Mirahold Block sont utilis\u00e9s comme des dispositifs s\u00fbrs et flexibles qui maintiennent la bouche ouverte confortablement pendant les traitements dentaires.","breadcrumb":{"@id":"https:\/\/yoestudiosalud.es\/produit\/abrebocas-silicona-mirahold-block\/#breadcrumb"},"inLanguage":"fr-FR","potentialAction":[{"@type":"ReadAction","target":["https:\/\/yoestudiosalud.es\/produit\/abrebocas-silicona-mirahold-block\/"]}]},{"@type":"ImageObject","inLanguage":"fr-FR","@id":"https:\/\/yoestudiosalud.es\/produit\/abrebocas-silicona-mirahold-block\/#primaryimage","url":"https:\/\/yoestudiosalud.es\/wp-content\/uploads\/2023\/05\/000979A.jpg","contentUrl":"https:\/\/yoestudiosalud.es\/wp-content\/uploads\/2023\/05\/000979A.jpg","width":650,"height":650,"caption":"\u00c9CARTEURS BUCCAUX EN SILICONE MIRAHOLD BLOCK"},{"@type":"BreadcrumbList","@id":"https:\/\/yoestudiosalud.es\/produit\/abrebocas-silicona-mirahold-block\/#breadcrumb","itemListElement":[{"@type":"ListItem","position":1,"name":"Portada","item":"https:\/\/yoestudiosalud.es\/fr\/"},{"@type":"ListItem","position":2,"name":"Boutique","item":"https:\/\/yoestudiosalud.es\/fr\/boutique\/"},{"@type":"ListItem","position":3,"name":"\u00c9CARTEURS BUCCAUX EN SILICONE MIRAHOLD BLOCK"}]},{"@type":"WebSite","@id":"https:\/\/yoestudiosalud.es\/en\/#website","url":"https:\/\/yoestudiosalud.es\/en\/","name":"yoestudiosalud.es","description":"Material para estudiantes del sector salud","publisher":{"@id":"https:\/\/yoestudiosalud.es\/en\/#organization"},"potentialAction":[{"@type":"SearchAction","target":{"@type":"EntryPoint","urlTemplate":"https:\/\/yoestudiosalud.es\/en\/?s={search_term_string}"},"query-input":{"@type":"PropertyValueSpecification","valueRequired":true,"valueName":"search_term_string"}}],"inLanguage":"fr-FR"},{"@type":"Organization","@id":"https:\/\/yoestudiosalud.es\/en\/#organization","name":"yoestudiosalud.es","url":"https:\/\/yoestudiosalud.es\/en\/","logo":{"@type":"ImageObject","inLanguage":"fr-FR","@id":"https:\/\/yoestudiosalud.es\/en\/#\/schema\/logo\/image\/","url":"https:\/\/yoestudiosalud.es\/wp-content\/uploads\/2020\/04\/logonew-e1698080827687.png","contentUrl":"https:\/\/yoestudiosalud.es\/wp-content\/uploads\/2020\/04\/logonew-e1698080827687.png","width":421,"height":393,"caption":"yoestudiosalud.es"},"image":{"@id":"https:\/\/yoestudiosalud.es\/en\/#\/schema\/logo\/image\/"}}]}},"_links":{"self":[{"href":"https:\/\/yoestudiosalud.es\/fr\/wp-json\/wp\/v2\/product\/32149","targetHints":{"allow":["GET"]}}],"collection":[{"href":"https:\/\/yoestudiosalud.es\/fr\/wp-json\/wp\/v2\/product"}],"about":[{"href":"https:\/\/yoestudiosalud.es\/fr\/wp-json\/wp\/v2\/types\/product"}],"wp:featuredmedia":[{"embeddable":true,"href":"https:\/\/yoestudiosalud.es\/fr\/wp-json\/wp\/v2\/media\/32150"}],"wp:attachment":[{"href":"https:\/\/yoestudiosalud.es\/fr\/wp-json\/wp\/v2\/media?parent=32149"}],"wp:term":[{"taxonomy":"product_brand","embeddable":true,"href":"https:\/\/yoestudiosalud.es\/fr\/wp-json\/wp\/v2\/product_brand?post=32149"},{"taxonomy":"product_cat","embeddable":true,"href":"https:\/\/yoestudiosalud.es\/fr\/wp-json\/wp\/v2\/product_cat?post=32149"},{"taxonomy":"product_tag","embeddable":true,"href":"https:\/\/yoestudiosalud.es\/fr\/wp-json\/wp\/v2\/product_tag?post=32149"}],"curies":[{"name":"wp","href":"https:\/\/api.w.org\/{rel}","templated":true}]}}