{"id":32140,"date":"2023-05-17T13:53:40","date_gmt":"2023-05-17T13:53:40","guid":{"rendered":"https:\/\/yoestudiosalud.es\/producto\/cureta-gracey-mini-five-everedge\/"},"modified":"2025-07-02T17:46:32","modified_gmt":"2025-07-02T15:46:32","slug":"cureta-gracey-mini-five-everedge","status":"publish","type":"product","link":"https:\/\/yoestudiosalud.es\/fr\/produit\/cureta-gracey-mini-five-everedge\/","title":{"rendered":"CURETTE GRACEY<br>MINI FIVE EVEREDGE"},"content":{"rendered":"<p>La curette Hu-Friedy Gracey mini five everedge est un instrument dentaire utilis\u00e9 pour le d\u00e9tartrage et le surfa\u00e7age des dents. Sa forme et sa taille permettent un meilleur acc\u00e8s et une meilleure adaptation \u00e0 la surface de la racine.<\/p>\n<p>Tige terminale allong\u00e9e de 3 mm pour acc\u00e9der aux poches parodontales profondes et aux surfaces radiculaires de 5 mm ou plus.<br \/>\nLame r\u00e9duite, deux fois moins longue que l&#8217;After Five\u00ae ou le Gracey standard, pour une meilleure adaptation aux poches \u00e9troites et aux furcations.<br \/>\nLa lame est 10 % plus fine que celle du Gracey standard pour faciliter l&#8217;insertion gingivale et r\u00e9duire la distension des tissus.<br \/>\nLa conception de la zone sp\u00e9cifique model\u00e9e sur la norme Gracey offre une adaptation et un contr\u00f4le exacts.<br \/>\nDisponible en version rigide pour une plus grande r\u00e9sistance en cas de besoin.<\/p>\n<p>La technologie EverEdge de Hu-Friedy appliqu\u00e9e \u00e0 la curette Gracey mini five, une innovation dans la fabrication d&#8217;instruments dentaires. La technologie EverEdge est ax\u00e9e sur la durabilit\u00e9 et les performances des curettes et des d\u00e9tartreurs. Bas\u00e9e sur un processus de traitement thermique qui augmente la duret\u00e9 de l&#8217;acier inoxydable utilis\u00e9 pour fabriquer les instruments, elle les rend plus r\u00e9sistants et plus durables.<\/p>\n<p>La technologie EverEdge implique \u00e9galement une s\u00e9rie de processus de fabrication, notamment le forgeage, la trempe et le durcissement, afin de produire un tranchant de haute qualit\u00e9 sur les curettes et les d\u00e9tartreurs. Les instruments conservent ainsi leur tranchant plus longtemps.<\/p>\n<p>La technologie EverEdge a \u00e9galement \u00e9t\u00e9 d\u00e9velopp\u00e9e pour offrir aux professionnels dentaires une meilleure sensation tactile lors de l&#8217;utilisation des instruments. L&#8217;embout de la curette est plus souple et la transition avec le manche de l&#8217;instrument est plus douce. Cela permet \u00e0 l&#8217;utilisateur de se sentir plus \u00e0 l&#8217;aise dans sa main et de travailler avec plus de pr\u00e9cision.<\/p>\n<p>En outre, les instruments dot\u00e9s de la technologie EverEdge sont plus r\u00e9sistants \u00e0 la corrosion et \u00e0 l&#8217;oxydation, ce qui prolonge leur dur\u00e9e de vie et leur capacit\u00e9 \u00e0 fournir des performances sup\u00e9rieures. En r\u00e9sum\u00e9, la technologie EverEdge de Hu-Friedy offre un certain nombre d&#8217;avantages significatifs aux professionnels dentaires qui cherchent \u00e0 am\u00e9liorer leur qualit\u00e9 de travail et leur efficacit\u00e9 en mati\u00e8re de nettoyage dentaire.<\/p>\n","protected":false},"excerpt":{"rendered":"<p>La curette Hu-Friedy Gracey mini five everedge est un instrument dentaire utilis\u00e9 pour le d\u00e9tartrage et le surfa\u00e7age des dents. Sa forme et sa taille permettent un meilleur acc\u00e8s et une meilleure adaptation \u00e0 la surface de la racine.<\/p>\n","protected":false},"featured_media":27054,"template":"","meta":[],"product_brand":[],"product_cat":[712],"product_tag":[],"class_list":{"0":"post-32140","1":"product","2":"type-product","3":"status-publish","4":"has-post-thumbnail","6":"product_cat-periodontie-fr","7":"pa_formacion-odontologia-fr","9":"first","10":"instock","11":"taxable","12":"shipping-taxable","13":"purchasable","14":"product-type-variable"},"yoast_head":"<!-- This site is optimized with the Yoast SEO Premium plugin v27.0 (Yoast SEO v27.2) - https:\/\/yoast.com\/product\/yoast-seo-premium-wordpress\/ -->\n<title>CURETTE GRACEYMINI FIVE EVEREDGE - yoestudiosalud.es<\/title>\n<meta name=\"description\" content=\"La curette Hu-Friedy Gracey mini five everedge est un instrument dentaire utilis\u00e9 pour le d\u00e9tartrage et le surfa\u00e7age des dents. Sa forme et sa taille permettent un meilleur acc\u00e8s et une meilleure adaptation \u00e0 la surface de la racine.\" \/>\n<meta name=\"robots\" content=\"index, follow, max-snippet:-1, max-image-preview:large, max-video-preview:-1\" \/>\n<link rel=\"canonical\" href=\"https:\/\/yoestudiosalud.es\/produit\/cureta-gracey-mini-five-everedge\/\" \/>\n<meta property=\"og:locale\" content=\"fr_FR\" \/>\n<meta property=\"og:type\" content=\"article\" \/>\n<meta property=\"og:title\" content=\"CURETTE GRACEYMINI FIVE EVEREDGE\" \/>\n<meta property=\"og:description\" content=\"La curette Hu-Friedy Gracey mini five everedge est un instrument dentaire utilis\u00e9 pour le d\u00e9tartrage et le surfa\u00e7age des dents. Sa forme et sa taille permettent un meilleur acc\u00e8s et une meilleure adaptation \u00e0 la surface de la racine.\" \/>\n<meta property=\"og:url\" content=\"https:\/\/yoestudiosalud.es\/produit\/cureta-gracey-mini-five-everedge\/\" \/>\n<meta property=\"og:site_name\" content=\"yoestudiosalud.es\" \/>\n<meta property=\"article:modified_time\" content=\"2025-07-02T15:46:32+00:00\" \/>\n<meta property=\"og:image\" content=\"https:\/\/yoestudiosalud.es\/wp-content\/uploads\/2018\/07\/000682B.jpg\" \/>\n\t<meta property=\"og:image:width\" content=\"650\" \/>\n\t<meta property=\"og:image:height\" content=\"650\" \/>\n\t<meta property=\"og:image:type\" content=\"image\/jpeg\" \/>\n<meta name=\"twitter:card\" content=\"summary_large_image\" \/>\n<meta name=\"twitter:label1\" content=\"Dur\u00e9e de lecture estim\u00e9e\" \/>\n\t<meta name=\"twitter:data1\" content=\"2 minutes\" \/>\n<script type=\"application\/ld+json\" class=\"yoast-schema-graph\">{\"@context\":\"https:\/\/schema.org\",\"@graph\":[{\"@type\":\"WebPage\",\"@id\":\"https:\/\/yoestudiosalud.es\/produit\/cureta-gracey-mini-five-everedge\/\",\"url\":\"https:\/\/yoestudiosalud.es\/produit\/cureta-gracey-mini-five-everedge\/\",\"name\":\"CURETTE GRACEY MINI FIVE EVEREDGE - yoestudiosalud.es\",\"isPartOf\":{\"@id\":\"https:\/\/yoestudiosalud.es\/en\/#website\"},\"primaryImageOfPage\":{\"@id\":\"https:\/\/yoestudiosalud.es\/produit\/cureta-gracey-mini-five-everedge\/#primaryimage\"},\"image\":{\"@id\":\"https:\/\/yoestudiosalud.es\/produit\/cureta-gracey-mini-five-everedge\/#primaryimage\"},\"thumbnailUrl\":\"https:\/\/yoestudiosalud.es\/wp-content\/uploads\/2018\/07\/000682B.jpg\",\"datePublished\":\"2023-05-17T13:53:40+00:00\",\"dateModified\":\"2025-07-02T15:46:32+00:00\",\"description\":\"La curette Hu-Friedy Gracey mini five everedge est un instrument dentaire utilis\u00e9 pour le d\u00e9tartrage et le surfa\u00e7age des dents. Sa forme et sa taille permettent un meilleur acc\u00e8s et une meilleure adaptation \u00e0 la surface de la racine.\",\"breadcrumb\":{\"@id\":\"https:\/\/yoestudiosalud.es\/produit\/cureta-gracey-mini-five-everedge\/#breadcrumb\"},\"inLanguage\":\"fr-FR\",\"potentialAction\":[{\"@type\":\"ReadAction\",\"target\":[\"https:\/\/yoestudiosalud.es\/produit\/cureta-gracey-mini-five-everedge\/\"]}]},{\"@type\":\"ImageObject\",\"inLanguage\":\"fr-FR\",\"@id\":\"https:\/\/yoestudiosalud.es\/produit\/cureta-gracey-mini-five-everedge\/#primaryimage\",\"url\":\"https:\/\/yoestudiosalud.es\/wp-content\/uploads\/2018\/07\/000682B.jpg\",\"contentUrl\":\"https:\/\/yoestudiosalud.es\/wp-content\/uploads\/2018\/07\/000682B.jpg\",\"width\":650,\"height\":650},{\"@type\":\"BreadcrumbList\",\"@id\":\"https:\/\/yoestudiosalud.es\/produit\/cureta-gracey-mini-five-everedge\/#breadcrumb\",\"itemListElement\":[{\"@type\":\"ListItem\",\"position\":1,\"name\":\"Portada\",\"item\":\"https:\/\/yoestudiosalud.es\/fr\/\"},{\"@type\":\"ListItem\",\"position\":2,\"name\":\"Boutique\",\"item\":\"https:\/\/yoestudiosalud.es\/fr\/boutique\/\"},{\"@type\":\"ListItem\",\"position\":3,\"name\":\"CURETTE GRACEYMINI FIVE EVEREDGE\"}]},{\"@type\":\"WebSite\",\"@id\":\"https:\/\/yoestudiosalud.es\/en\/#website\",\"url\":\"https:\/\/yoestudiosalud.es\/en\/\",\"name\":\"yoestudiosalud.es\",\"description\":\"Material para estudiantes del sector salud\",\"publisher\":{\"@id\":\"https:\/\/yoestudiosalud.es\/en\/#organization\"},\"potentialAction\":[{\"@type\":\"SearchAction\",\"target\":{\"@type\":\"EntryPoint\",\"urlTemplate\":\"https:\/\/yoestudiosalud.es\/en\/?s={search_term_string}\"},\"query-input\":{\"@type\":\"PropertyValueSpecification\",\"valueRequired\":true,\"valueName\":\"search_term_string\"}}],\"inLanguage\":\"fr-FR\"},{\"@type\":\"Organization\",\"@id\":\"https:\/\/yoestudiosalud.es\/en\/#organization\",\"name\":\"yoestudiosalud.es\",\"url\":\"https:\/\/yoestudiosalud.es\/en\/\",\"logo\":{\"@type\":\"ImageObject\",\"inLanguage\":\"fr-FR\",\"@id\":\"https:\/\/yoestudiosalud.es\/en\/#\/schema\/logo\/image\/\",\"url\":\"https:\/\/yoestudiosalud.es\/wp-content\/uploads\/2020\/04\/logonew-e1698080827687.png\",\"contentUrl\":\"https:\/\/yoestudiosalud.es\/wp-content\/uploads\/2020\/04\/logonew-e1698080827687.png\",\"width\":421,\"height\":393,\"caption\":\"yoestudiosalud.es\"},\"image\":{\"@id\":\"https:\/\/yoestudiosalud.es\/en\/#\/schema\/logo\/image\/\"}}]}<\/script>\n<!-- \/ Yoast SEO Premium plugin. -->","yoast_head_json":{"title":"CURETTE GRACEYMINI FIVE EVEREDGE - yoestudiosalud.es","description":"La curette Hu-Friedy Gracey mini five everedge est un instrument dentaire utilis\u00e9 pour le d\u00e9tartrage et le surfa\u00e7age des dents. Sa forme et sa taille permettent un meilleur acc\u00e8s et une meilleure adaptation \u00e0 la surface de la racine.","robots":{"index":"index","follow":"follow","max-snippet":"max-snippet:-1","max-image-preview":"max-image-preview:large","max-video-preview":"max-video-preview:-1"},"canonical":"https:\/\/yoestudiosalud.es\/produit\/cureta-gracey-mini-five-everedge\/","og_locale":"fr_FR","og_type":"article","og_title":"CURETTE GRACEYMINI FIVE EVEREDGE","og_description":"La curette Hu-Friedy Gracey mini five everedge est un instrument dentaire utilis\u00e9 pour le d\u00e9tartrage et le surfa\u00e7age des dents. Sa forme et sa taille permettent un meilleur acc\u00e8s et une meilleure adaptation \u00e0 la surface de la racine.","og_url":"https:\/\/yoestudiosalud.es\/produit\/cureta-gracey-mini-five-everedge\/","og_site_name":"yoestudiosalud.es","article_modified_time":"2025-07-02T15:46:32+00:00","og_image":[{"width":650,"height":650,"url":"https:\/\/yoestudiosalud.es\/wp-content\/uploads\/2018\/07\/000682B.jpg","type":"image\/jpeg"}],"twitter_card":"summary_large_image","twitter_misc":{"Dur\u00e9e de lecture estim\u00e9e":"2 minutes"},"schema":{"@context":"https:\/\/schema.org","@graph":[{"@type":"WebPage","@id":"https:\/\/yoestudiosalud.es\/produit\/cureta-gracey-mini-five-everedge\/","url":"https:\/\/yoestudiosalud.es\/produit\/cureta-gracey-mini-five-everedge\/","name":"CURETTE GRACEY MINI FIVE EVEREDGE - yoestudiosalud.es","isPartOf":{"@id":"https:\/\/yoestudiosalud.es\/en\/#website"},"primaryImageOfPage":{"@id":"https:\/\/yoestudiosalud.es\/produit\/cureta-gracey-mini-five-everedge\/#primaryimage"},"image":{"@id":"https:\/\/yoestudiosalud.es\/produit\/cureta-gracey-mini-five-everedge\/#primaryimage"},"thumbnailUrl":"https:\/\/yoestudiosalud.es\/wp-content\/uploads\/2018\/07\/000682B.jpg","datePublished":"2023-05-17T13:53:40+00:00","dateModified":"2025-07-02T15:46:32+00:00","description":"La curette Hu-Friedy Gracey mini five everedge est un instrument dentaire utilis\u00e9 pour le d\u00e9tartrage et le surfa\u00e7age des dents. Sa forme et sa taille permettent un meilleur acc\u00e8s et une meilleure adaptation \u00e0 la surface de la racine.","breadcrumb":{"@id":"https:\/\/yoestudiosalud.es\/produit\/cureta-gracey-mini-five-everedge\/#breadcrumb"},"inLanguage":"fr-FR","potentialAction":[{"@type":"ReadAction","target":["https:\/\/yoestudiosalud.es\/produit\/cureta-gracey-mini-five-everedge\/"]}]},{"@type":"ImageObject","inLanguage":"fr-FR","@id":"https:\/\/yoestudiosalud.es\/produit\/cureta-gracey-mini-five-everedge\/#primaryimage","url":"https:\/\/yoestudiosalud.es\/wp-content\/uploads\/2018\/07\/000682B.jpg","contentUrl":"https:\/\/yoestudiosalud.es\/wp-content\/uploads\/2018\/07\/000682B.jpg","width":650,"height":650},{"@type":"BreadcrumbList","@id":"https:\/\/yoestudiosalud.es\/produit\/cureta-gracey-mini-five-everedge\/#breadcrumb","itemListElement":[{"@type":"ListItem","position":1,"name":"Portada","item":"https:\/\/yoestudiosalud.es\/fr\/"},{"@type":"ListItem","position":2,"name":"Boutique","item":"https:\/\/yoestudiosalud.es\/fr\/boutique\/"},{"@type":"ListItem","position":3,"name":"CURETTE GRACEYMINI FIVE EVEREDGE"}]},{"@type":"WebSite","@id":"https:\/\/yoestudiosalud.es\/en\/#website","url":"https:\/\/yoestudiosalud.es\/en\/","name":"yoestudiosalud.es","description":"Material para estudiantes del sector salud","publisher":{"@id":"https:\/\/yoestudiosalud.es\/en\/#organization"},"potentialAction":[{"@type":"SearchAction","target":{"@type":"EntryPoint","urlTemplate":"https:\/\/yoestudiosalud.es\/en\/?s={search_term_string}"},"query-input":{"@type":"PropertyValueSpecification","valueRequired":true,"valueName":"search_term_string"}}],"inLanguage":"fr-FR"},{"@type":"Organization","@id":"https:\/\/yoestudiosalud.es\/en\/#organization","name":"yoestudiosalud.es","url":"https:\/\/yoestudiosalud.es\/en\/","logo":{"@type":"ImageObject","inLanguage":"fr-FR","@id":"https:\/\/yoestudiosalud.es\/en\/#\/schema\/logo\/image\/","url":"https:\/\/yoestudiosalud.es\/wp-content\/uploads\/2020\/04\/logonew-e1698080827687.png","contentUrl":"https:\/\/yoestudiosalud.es\/wp-content\/uploads\/2020\/04\/logonew-e1698080827687.png","width":421,"height":393,"caption":"yoestudiosalud.es"},"image":{"@id":"https:\/\/yoestudiosalud.es\/en\/#\/schema\/logo\/image\/"}}]}},"_links":{"self":[{"href":"https:\/\/yoestudiosalud.es\/fr\/wp-json\/wp\/v2\/product\/32140","targetHints":{"allow":["GET"]}}],"collection":[{"href":"https:\/\/yoestudiosalud.es\/fr\/wp-json\/wp\/v2\/product"}],"about":[{"href":"https:\/\/yoestudiosalud.es\/fr\/wp-json\/wp\/v2\/types\/product"}],"wp:featuredmedia":[{"embeddable":true,"href":"https:\/\/yoestudiosalud.es\/fr\/wp-json\/wp\/v2\/media\/27054"}],"wp:attachment":[{"href":"https:\/\/yoestudiosalud.es\/fr\/wp-json\/wp\/v2\/media?parent=32140"}],"wp:term":[{"taxonomy":"product_brand","embeddable":true,"href":"https:\/\/yoestudiosalud.es\/fr\/wp-json\/wp\/v2\/product_brand?post=32140"},{"taxonomy":"product_cat","embeddable":true,"href":"https:\/\/yoestudiosalud.es\/fr\/wp-json\/wp\/v2\/product_cat?post=32140"},{"taxonomy":"product_tag","embeddable":true,"href":"https:\/\/yoestudiosalud.es\/fr\/wp-json\/wp\/v2\/product_tag?post=32140"}],"curies":[{"name":"wp","href":"https:\/\/api.w.org\/{rel}","templated":true}]}}