{"id":32126,"date":"2023-05-22T12:00:33","date_gmt":"2023-05-22T12:00:33","guid":{"rendered":"https:\/\/yoestudiosalud.es\/producto\/curetas-graceyeveredge-hu-friedy\/"},"modified":"2025-07-02T17:54:15","modified_gmt":"2025-07-02T15:54:15","slug":"curetas-graceyeveredge-hu-friedy","status":"publish","type":"product","link":"https:\/\/yoestudiosalud.es\/fr\/produit\/curetas-graceyeveredge-hu-friedy\/","title":{"rendered":"CURETTES GRACEY<br>EVEREDGE HU-FRIEDY"},"content":{"rendered":"<p>Curettes Gracey EverEdge de Hu-Friedy pour le d\u00e9tartrage et le surfa\u00e7age radiculaire des dents, de haute qualit\u00e9 et dot\u00e9es d&#8217;un tranchant de haute pr\u00e9cision pour une coupe parfaite.<\/p>\n<p>Les curettes Gracey ont \u00e9t\u00e9 con\u00e7ues dans les ann\u00e9es 1940 par le Dr Clayton Gracey, d&#8217;o\u00f9 leur nom. Avec la conception innovante de ces curettes, le Dr Gracey recherchait :<\/p>\n<p>Une conception sp\u00e9cifique pour des zones sp\u00e9cifiques de l&#8217;arcade dentaire.<br \/>\nLa disponibilit\u00e9 d&#8217;un tranchant sp\u00e9cifique sur chacune des lames.<br \/>\nUne coupe angulaire pour faciliter l&#8217;acc\u00e8s et la visibilit\u00e9.<br \/>\nCourbure dans les deux plans.<br \/>\nDes conceptions qui s&#8217;adaptent parfaitement \u00e0 la surface de la racine.<\/p>\n<p>Les diff\u00e9rentes curettes Gracey se distinguent par leur polyvalence. Cependant, il existe 18 types de curettes et chaque type est sp\u00e9cifique \u00e0 une zone dentaire particuli\u00e8re. Chaque curette Gracey a un angle de pointe et une longueur de tige diff\u00e9rents. Cela permet d&#8217;obtenir les angles optimaux requis pour chaque intervention lors des man\u0153uvres de curetage et de d\u00e9tartrage. Les nomenclatures suivantes sont disponibles pour les curettes Gracey :<\/p>\n<p>1\/2 , 3\/4 Pour les dents ant\u00e9rieures.<br \/>\n5 \/6 Pour les dents ant\u00e9rieures et les pr\u00e9molaires.<br \/>\n7 \/8 , 9 \/10 Pour les faces vestubulaires et linguales des pr\u00e9molaires et molaires.<br \/>\n11\/12 Pour les faces m\u00e9siales des pr\u00e9molaires et des molaires.<br \/>\n13 \/14 Pour les faces distales des pr\u00e9molaires et des molaires.<br \/>\n15 \/16 M\u00eame courbure que la curette 13\/14, mais la lame est con\u00e7ue pour atteindre les surfaces m\u00e9siales post\u00e9rieures.<br \/>\n17\/18 Avec des angles accentu\u00e9s pour am\u00e9liorer l&#8217;acc\u00e8s aux surfaces distales post\u00e9rieures.\u00a0 Lame plus petite et l\u00e9g\u00e8rement plus longue.<br \/>\nCARACT\u00c9RISTIQUES DE LA TECHNOLOGIE EVEREDGE<\/p>\n<p>CONSERVE L&#8217;AR\u00caTE DE COUPE PLUS LONGTEMPS<br \/>\nL&#8217;alliage r\u00e9volutionnaire d&#8217;acier inoxydable est extr\u00eamement durable et conserve son tranchant plus longtemps. Cela permet au sp\u00e9cialiste de passer moins de temps \u00e0 l&#8217;aff\u00fbtage.<\/p>\n<p>TRAITEMENT EXCLUSIF<br \/>\nNotre traitement unique du mat\u00e9riau garantit que les excellentes caract\u00e9ristiques de r\u00e9tention du tranchant et de r\u00e9sistance \u00e0 l&#8217;usure de la technologie EverEdge durent pendant toute la dur\u00e9e de vie de l&#8217;instrument. EverEdge n&#8217;\u00e9tant pas un rev\u00eatement de surface, les instruments peuvent \u00eatre r\u00e9aff\u00fbt\u00e9s comme n&#8217;importe quel autre grattoir.<\/p>\n<p>RELIEF RHOMBO\u00cfDAL<br \/>\nLe manche de grand diam\u00e8tre est dot\u00e9 d&#8217;un relief rhombo\u00efdal unique qui assure une prise en main confortable et s\u00fbre. De plus, le poids du manche EverEdge #9 est optimis\u00e9 pour r\u00e9duire la fatigue de la main.<\/p>\n<p>C\u00d4NE DE LA ZONE DE CONFORT AVEC ANNEAU DE LA S\u00c9RIE SIGNATURE<br \/>\nL&#8217;anneau souple offre une transition en douceur et un confort accru. Gr\u00e2ce aux anneaux bleu clair, les grattoirs EverEdge sont facilement identifiables dans une trousse d&#8217;instruments.<\/p>\n<p>FINITION PARFAITE<br \/>\nLes grattoirs EverEdge sont finis \u00e0 la main par les artisans de Hu-Friedy. Cette caract\u00e9ristique permet de pr\u00e9server efficacement le tranchant et d&#8217;obtenir un grattage parfait.<\/p>\n<p>Fabriqu\u00e9s par la grande marque d&#8217;instruments dentaires Hu-Friedy, il s&#8217;agit d&#8217;un mat\u00e9riel de qualit\u00e9 professionnelle recommand\u00e9 aux \u00e9tudiants \u00e0 la recherche d&#8217;une curette haut de gamme.<\/p>\n","protected":false},"excerpt":{"rendered":"<p>Curettes Gracey EverEdge de Hu-Friedy pour le d\u00e9tartrage et le surfa\u00e7age radiculaire des dents, de haute qualit\u00e9 et dot\u00e9es d&#8217;un tranchant de haute pr\u00e9cision pour une coupe parfaite.<\/p>\n","protected":false},"featured_media":32127,"template":"","meta":[],"product_brand":[],"product_cat":[712],"product_tag":[],"class_list":{"0":"post-32126","1":"product","2":"type-product","3":"status-publish","4":"has-post-thumbnail","6":"product_cat-periodontie-fr","7":"pa_formacion-odontologia-fr","9":"first","10":"instock","11":"sale","12":"taxable","13":"shipping-taxable","14":"purchasable","15":"product-type-variable"},"yoast_head":"<!-- This site is optimized with the Yoast SEO Premium plugin v27.0 (Yoast SEO v27.4) - https:\/\/yoast.com\/product\/yoast-seo-premium-wordpress\/ -->\n<title>CURETTES GRACEYEVEREDGE HU-FRIEDY - yoestudiosalud.es<\/title>\n<meta name=\"description\" content=\"Curettes Hu-Friedy Gracey EverEdge pour le d\u00e9tartrage et le surfa\u00e7age radiculaire des dents avec un tranchant de haute pr\u00e9cision pour une coupe parfaite.\" \/>\n<meta name=\"robots\" content=\"index, follow, max-snippet:-1, max-image-preview:large, max-video-preview:-1\" \/>\n<link rel=\"canonical\" href=\"https:\/\/yoestudiosalud.es\/produit\/curetas-graceyeveredge-hu-friedy\/\" \/>\n<meta property=\"og:locale\" content=\"fr_FR\" \/>\n<meta property=\"og:type\" content=\"article\" \/>\n<meta property=\"og:title\" content=\"CURETTES GRACEYEVEREDGE HU-FRIEDY\" \/>\n<meta property=\"og:description\" content=\"Curettes Hu-Friedy Gracey EverEdge pour le d\u00e9tartrage et le surfa\u00e7age radiculaire des dents avec un tranchant de haute pr\u00e9cision pour une coupe parfaite.\" \/>\n<meta property=\"og:url\" content=\"https:\/\/yoestudiosalud.es\/produit\/curetas-graceyeveredge-hu-friedy\/\" \/>\n<meta property=\"og:site_name\" content=\"yoestudiosalud.es\" \/>\n<meta property=\"article:modified_time\" content=\"2025-07-02T15:54:15+00:00\" \/>\n<meta property=\"og:image\" content=\"https:\/\/yoestudiosalud.es\/wp-content\/uploads\/2023\/05\/GraceyEE.jpg\" \/>\n\t<meta property=\"og:image:width\" content=\"650\" \/>\n\t<meta property=\"og:image:height\" content=\"650\" \/>\n\t<meta property=\"og:image:type\" content=\"image\/jpeg\" \/>\n<meta name=\"twitter:card\" content=\"summary_large_image\" \/>\n<meta name=\"twitter:label1\" content=\"Dur\u00e9e de lecture estim\u00e9e\" \/>\n\t<meta name=\"twitter:data1\" content=\"3 minutes\" \/>\n<script type=\"application\/ld+json\" class=\"yoast-schema-graph\">{\"@context\":\"https:\\\/\\\/schema.org\",\"@graph\":[{\"@type\":\"WebPage\",\"@id\":\"https:\\\/\\\/yoestudiosalud.es\\\/produit\\\/curetas-graceyeveredge-hu-friedy\\\/\",\"url\":\"https:\\\/\\\/yoestudiosalud.es\\\/produit\\\/curetas-graceyeveredge-hu-friedy\\\/\",\"name\":\"CURETTES GRACEY EVEREDGE HU-FRIEDY - yoestudiosalud.es\",\"isPartOf\":{\"@id\":\"https:\\\/\\\/yoestudiosalud.es\\\/en\\\/#website\"},\"primaryImageOfPage\":{\"@id\":\"https:\\\/\\\/yoestudiosalud.es\\\/produit\\\/curetas-graceyeveredge-hu-friedy\\\/#primaryimage\"},\"image\":{\"@id\":\"https:\\\/\\\/yoestudiosalud.es\\\/produit\\\/curetas-graceyeveredge-hu-friedy\\\/#primaryimage\"},\"thumbnailUrl\":\"https:\\\/\\\/yoestudiosalud.es\\\/wp-content\\\/uploads\\\/2023\\\/05\\\/GraceyEE.jpg\",\"datePublished\":\"2023-05-22T12:00:33+00:00\",\"dateModified\":\"2025-07-02T15:54:15+00:00\",\"description\":\"Curettes Hu-Friedy Gracey EverEdge pour le d\u00e9tartrage et le surfa\u00e7age radiculaire des dents avec un tranchant de haute pr\u00e9cision pour une coupe parfaite.\",\"breadcrumb\":{\"@id\":\"https:\\\/\\\/yoestudiosalud.es\\\/produit\\\/curetas-graceyeveredge-hu-friedy\\\/#breadcrumb\"},\"inLanguage\":\"fr-FR\",\"potentialAction\":[{\"@type\":\"ReadAction\",\"target\":[\"https:\\\/\\\/yoestudiosalud.es\\\/produit\\\/curetas-graceyeveredge-hu-friedy\\\/\"]}]},{\"@type\":\"ImageObject\",\"inLanguage\":\"fr-FR\",\"@id\":\"https:\\\/\\\/yoestudiosalud.es\\\/produit\\\/curetas-graceyeveredge-hu-friedy\\\/#primaryimage\",\"url\":\"https:\\\/\\\/yoestudiosalud.es\\\/wp-content\\\/uploads\\\/2023\\\/05\\\/GraceyEE.jpg\",\"contentUrl\":\"https:\\\/\\\/yoestudiosalud.es\\\/wp-content\\\/uploads\\\/2023\\\/05\\\/GraceyEE.jpg\",\"width\":650,\"height\":650,\"caption\":\"CURETTES GRACEY EVEREDGE HU-FRIEDY\"},{\"@type\":\"BreadcrumbList\",\"@id\":\"https:\\\/\\\/yoestudiosalud.es\\\/produit\\\/curetas-graceyeveredge-hu-friedy\\\/#breadcrumb\",\"itemListElement\":[{\"@type\":\"ListItem\",\"position\":1,\"name\":\"Portada\",\"item\":\"https:\\\/\\\/yoestudiosalud.es\\\/fr\\\/\"},{\"@type\":\"ListItem\",\"position\":2,\"name\":\"Boutique\",\"item\":\"https:\\\/\\\/yoestudiosalud.es\\\/fr\\\/boutique\\\/\"},{\"@type\":\"ListItem\",\"position\":3,\"name\":\"CURETTES GRACEYEVEREDGE HU-FRIEDY\"}]},{\"@type\":\"WebSite\",\"@id\":\"https:\\\/\\\/yoestudiosalud.es\\\/en\\\/#website\",\"url\":\"https:\\\/\\\/yoestudiosalud.es\\\/en\\\/\",\"name\":\"yoestudiosalud.es\",\"description\":\"Material para estudiantes del sector salud\",\"publisher\":{\"@id\":\"https:\\\/\\\/yoestudiosalud.es\\\/en\\\/#organization\"},\"potentialAction\":[{\"@type\":\"SearchAction\",\"target\":{\"@type\":\"EntryPoint\",\"urlTemplate\":\"https:\\\/\\\/yoestudiosalud.es\\\/en\\\/?s={search_term_string}\"},\"query-input\":{\"@type\":\"PropertyValueSpecification\",\"valueRequired\":true,\"valueName\":\"search_term_string\"}}],\"inLanguage\":\"fr-FR\"},{\"@type\":\"Organization\",\"@id\":\"https:\\\/\\\/yoestudiosalud.es\\\/en\\\/#organization\",\"name\":\"yoestudiosalud.es\",\"url\":\"https:\\\/\\\/yoestudiosalud.es\\\/en\\\/\",\"logo\":{\"@type\":\"ImageObject\",\"inLanguage\":\"fr-FR\",\"@id\":\"https:\\\/\\\/yoestudiosalud.es\\\/en\\\/#\\\/schema\\\/logo\\\/image\\\/\",\"url\":\"https:\\\/\\\/yoestudiosalud.es\\\/wp-content\\\/uploads\\\/2020\\\/04\\\/logonew-e1698080827687.png\",\"contentUrl\":\"https:\\\/\\\/yoestudiosalud.es\\\/wp-content\\\/uploads\\\/2020\\\/04\\\/logonew-e1698080827687.png\",\"width\":421,\"height\":393,\"caption\":\"yoestudiosalud.es\"},\"image\":{\"@id\":\"https:\\\/\\\/yoestudiosalud.es\\\/en\\\/#\\\/schema\\\/logo\\\/image\\\/\"}}]}<\/script>\n<!-- \/ Yoast SEO Premium plugin. -->","yoast_head_json":{"title":"CURETTES GRACEYEVEREDGE HU-FRIEDY - yoestudiosalud.es","description":"Curettes Hu-Friedy Gracey EverEdge pour le d\u00e9tartrage et le surfa\u00e7age radiculaire des dents avec un tranchant de haute pr\u00e9cision pour une coupe parfaite.","robots":{"index":"index","follow":"follow","max-snippet":"max-snippet:-1","max-image-preview":"max-image-preview:large","max-video-preview":"max-video-preview:-1"},"canonical":"https:\/\/yoestudiosalud.es\/produit\/curetas-graceyeveredge-hu-friedy\/","og_locale":"fr_FR","og_type":"article","og_title":"CURETTES GRACEYEVEREDGE HU-FRIEDY","og_description":"Curettes Hu-Friedy Gracey EverEdge pour le d\u00e9tartrage et le surfa\u00e7age radiculaire des dents avec un tranchant de haute pr\u00e9cision pour une coupe parfaite.","og_url":"https:\/\/yoestudiosalud.es\/produit\/curetas-graceyeveredge-hu-friedy\/","og_site_name":"yoestudiosalud.es","article_modified_time":"2025-07-02T15:54:15+00:00","og_image":[{"width":650,"height":650,"url":"https:\/\/yoestudiosalud.es\/wp-content\/uploads\/2023\/05\/GraceyEE.jpg","type":"image\/jpeg"}],"twitter_card":"summary_large_image","twitter_misc":{"Dur\u00e9e de lecture estim\u00e9e":"3 minutes"},"schema":{"@context":"https:\/\/schema.org","@graph":[{"@type":"WebPage","@id":"https:\/\/yoestudiosalud.es\/produit\/curetas-graceyeveredge-hu-friedy\/","url":"https:\/\/yoestudiosalud.es\/produit\/curetas-graceyeveredge-hu-friedy\/","name":"CURETTES GRACEY EVEREDGE HU-FRIEDY - yoestudiosalud.es","isPartOf":{"@id":"https:\/\/yoestudiosalud.es\/en\/#website"},"primaryImageOfPage":{"@id":"https:\/\/yoestudiosalud.es\/produit\/curetas-graceyeveredge-hu-friedy\/#primaryimage"},"image":{"@id":"https:\/\/yoestudiosalud.es\/produit\/curetas-graceyeveredge-hu-friedy\/#primaryimage"},"thumbnailUrl":"https:\/\/yoestudiosalud.es\/wp-content\/uploads\/2023\/05\/GraceyEE.jpg","datePublished":"2023-05-22T12:00:33+00:00","dateModified":"2025-07-02T15:54:15+00:00","description":"Curettes Hu-Friedy Gracey EverEdge pour le d\u00e9tartrage et le surfa\u00e7age radiculaire des dents avec un tranchant de haute pr\u00e9cision pour une coupe parfaite.","breadcrumb":{"@id":"https:\/\/yoestudiosalud.es\/produit\/curetas-graceyeveredge-hu-friedy\/#breadcrumb"},"inLanguage":"fr-FR","potentialAction":[{"@type":"ReadAction","target":["https:\/\/yoestudiosalud.es\/produit\/curetas-graceyeveredge-hu-friedy\/"]}]},{"@type":"ImageObject","inLanguage":"fr-FR","@id":"https:\/\/yoestudiosalud.es\/produit\/curetas-graceyeveredge-hu-friedy\/#primaryimage","url":"https:\/\/yoestudiosalud.es\/wp-content\/uploads\/2023\/05\/GraceyEE.jpg","contentUrl":"https:\/\/yoestudiosalud.es\/wp-content\/uploads\/2023\/05\/GraceyEE.jpg","width":650,"height":650,"caption":"CURETTES GRACEY EVEREDGE HU-FRIEDY"},{"@type":"BreadcrumbList","@id":"https:\/\/yoestudiosalud.es\/produit\/curetas-graceyeveredge-hu-friedy\/#breadcrumb","itemListElement":[{"@type":"ListItem","position":1,"name":"Portada","item":"https:\/\/yoestudiosalud.es\/fr\/"},{"@type":"ListItem","position":2,"name":"Boutique","item":"https:\/\/yoestudiosalud.es\/fr\/boutique\/"},{"@type":"ListItem","position":3,"name":"CURETTES GRACEYEVEREDGE HU-FRIEDY"}]},{"@type":"WebSite","@id":"https:\/\/yoestudiosalud.es\/en\/#website","url":"https:\/\/yoestudiosalud.es\/en\/","name":"yoestudiosalud.es","description":"Material para estudiantes del sector salud","publisher":{"@id":"https:\/\/yoestudiosalud.es\/en\/#organization"},"potentialAction":[{"@type":"SearchAction","target":{"@type":"EntryPoint","urlTemplate":"https:\/\/yoestudiosalud.es\/en\/?s={search_term_string}"},"query-input":{"@type":"PropertyValueSpecification","valueRequired":true,"valueName":"search_term_string"}}],"inLanguage":"fr-FR"},{"@type":"Organization","@id":"https:\/\/yoestudiosalud.es\/en\/#organization","name":"yoestudiosalud.es","url":"https:\/\/yoestudiosalud.es\/en\/","logo":{"@type":"ImageObject","inLanguage":"fr-FR","@id":"https:\/\/yoestudiosalud.es\/en\/#\/schema\/logo\/image\/","url":"https:\/\/yoestudiosalud.es\/wp-content\/uploads\/2020\/04\/logonew-e1698080827687.png","contentUrl":"https:\/\/yoestudiosalud.es\/wp-content\/uploads\/2020\/04\/logonew-e1698080827687.png","width":421,"height":393,"caption":"yoestudiosalud.es"},"image":{"@id":"https:\/\/yoestudiosalud.es\/en\/#\/schema\/logo\/image\/"}}]}},"_links":{"self":[{"href":"https:\/\/yoestudiosalud.es\/fr\/wp-json\/wp\/v2\/product\/32126","targetHints":{"allow":["GET"]}}],"collection":[{"href":"https:\/\/yoestudiosalud.es\/fr\/wp-json\/wp\/v2\/product"}],"about":[{"href":"https:\/\/yoestudiosalud.es\/fr\/wp-json\/wp\/v2\/types\/product"}],"wp:featuredmedia":[{"embeddable":true,"href":"https:\/\/yoestudiosalud.es\/fr\/wp-json\/wp\/v2\/media\/32127"}],"wp:attachment":[{"href":"https:\/\/yoestudiosalud.es\/fr\/wp-json\/wp\/v2\/media?parent=32126"}],"wp:term":[{"taxonomy":"product_brand","embeddable":true,"href":"https:\/\/yoestudiosalud.es\/fr\/wp-json\/wp\/v2\/product_brand?post=32126"},{"taxonomy":"product_cat","embeddable":true,"href":"https:\/\/yoestudiosalud.es\/fr\/wp-json\/wp\/v2\/product_cat?post=32126"},{"taxonomy":"product_tag","embeddable":true,"href":"https:\/\/yoestudiosalud.es\/fr\/wp-json\/wp\/v2\/product_tag?post=32126"}],"curies":[{"name":"wp","href":"https:\/\/api.w.org\/{rel}","templated":true}]}}