{"id":32124,"date":"2023-05-22T16:23:07","date_gmt":"2023-05-22T16:23:07","guid":{"rendered":"https:\/\/yoestudiosalud.es\/producto\/espatula-composite-doble-1-8mm\/"},"modified":"2025-07-02T17:55:53","modified_gmt":"2025-07-02T15:55:53","slug":"espatula-composite-doble-1-8mm","status":"publish","type":"product","link":"https:\/\/yoestudiosalud.es\/fr\/produit\/espatula-composite-doble-1-8mm\/","title":{"rendered":"SPATULE COMPOSITE DOUBLE 1.8MM"},"content":{"rendered":"<p>Spatule composite double de 1,8 mm. Il s&#8217;agit d&#8217;une spatule flexible \u00e0 deux lames pour le travail des composites. Les lames de 1,8 mm de large sont align\u00e9es dans des plans perpendiculaires.<\/p>\n<p>Les spatules \u00e0 double composite sont des instruments dentaires tr\u00e8s utiles dans le domaine de la dentisterie esth\u00e9tique et restauratrice. Ces spatules ont une conception unique qui leur permet d&#8217;\u00eatre polyvalentes et pratiques pour diverses techniques et applications dans le travail du composite.<\/p>\n<p>Ces instruments ont deux extr\u00e9mit\u00e9s de formes et de tailles diff\u00e9rentes, ce qui facilite leur utilisation dans diff\u00e9rentes situations. D&#8217;une part, l&#8217;une des extr\u00e9mit\u00e9s peut avoir une pointe plate en forme de spatule, id\u00e9ale pour m\u00e9langer et charger le composite. D&#8217;autre part, l&#8217;autre extr\u00e9mit\u00e9 peut avoir un embout en forme de c\u00f4ne ou de boule, ou une autre spatule ou un attaquant qui permettra de fa\u00e7onner et de sculpter le composite dans des zones plus petites et plus d\u00e9taill\u00e9es.<\/p>\n<p>L&#8217;avantage d&#8217;avoir deux embouts de formes diff\u00e9rentes est la polyvalence et l&#8217;efficacit\u00e9 qu&#8217;ils apportent pendant la proc\u00e9dure. Le dentiste peut utiliser l&#8217;extr\u00e9mit\u00e9 plate de la spatule pour m\u00e9langer avec pr\u00e9cision le composite, en assurant une distribution uniforme des composants. Il peut ensuite passer \u00e0 l&#8217;extr\u00e9mit\u00e9 conique ou sph\u00e9rique pour appliquer et sculpter le composite dans les zones souhait\u00e9es.<\/p>\n<p>Ces doubles spatules sont \u00e9galement fabriqu\u00e9es en acier inoxydable de haute qualit\u00e9, ce qui les rend solides et durables. Cet aspect est crucial, car les spatules sont en contact permanent avec le composite et doivent r\u00e9sister \u00e0 la pression et \u00e0 la manipulation pendant la proc\u00e9dure.<\/p>\n<p>Outre leur utilisation pour l&#8217;application et la manipulation des composites, les spatules doubles sont \u00e9galement efficaces pour retirer l&#8217;exc\u00e8s de composite afin d&#8217;obtenir une finition lisse et esth\u00e9tique. L&#8217;extr\u00e9mit\u00e9 plate de la spatule peut \u00eatre utilis\u00e9e pour lisser et fa\u00e7onner les surfaces de composite, en \u00e9liminant tout exc\u00e8s ou irr\u00e9gularit\u00e9.<\/p>\n<p>Il est important de mentionner que les doubles spatules pour composite doivent \u00eatre correctement nettoy\u00e9es et st\u00e9rilis\u00e9es apr\u00e8s chaque utilisation afin de garantir l&#8217;hygi\u00e8ne et d&#8217;\u00e9viter toute contamination crois\u00e9e. Un nettoyage et une st\u00e9rilisation appropri\u00e9s prolongeront la dur\u00e9e de vie des spatules et garantiront un environnement de travail s\u00fbr pour le dentiste et le patient.<\/p>\n<p>En r\u00e9sum\u00e9, la spatule en composite \u00e0 double extr\u00e9mit\u00e9 de 1,8 mm est un instrument indispensable en dentisterie esth\u00e9tique et restauratrice. Leur conception \u00e0 double extr\u00e9mit\u00e9, avec diff\u00e9rentes formes et tailles, les rend polyvalentes et pratiques pour m\u00e9langer, charger, appliquer et sculpter le composite. En outre, leur construction en acier inoxydable garantit leur durabilit\u00e9 et leur solidit\u00e9. En utilisant ces spatules, les dentistes peuvent obtenir des r\u00e9sultats esth\u00e9tiques et pr\u00e9cis lorsqu&#8217;ils travaillent avec du composite, am\u00e9liorant ainsi la sant\u00e9 et l&#8217;apparence des dents de leurs patients.<\/p>\n","protected":false},"excerpt":{"rendered":"<p>Spatule composite double de 1,8 mm. Il s&#8217;agit d&#8217;une spatule flexible \u00e0 deux lames pour le travail des composites. Lames de 1,8 mm de large align\u00e9es dans des plans perpendiculaires.<\/p>\n","protected":false},"featured_media":32125,"template":"","meta":[],"product_brand":[],"product_cat":[669],"product_tag":[687,699,928],"class_list":{"0":"post-32124","1":"product","2":"type-product","3":"status-publish","4":"has-post-thumbnail","6":"product_cat-general-fr","7":"product_tag-uem2-fr","8":"product_tag-ceu4","9":"product_tag-ceuelche4","10":"pa_formacion-odontologia-fr","12":"first","13":"instock","14":"taxable","15":"shipping-taxable","16":"purchasable","17":"product-type-simple"},"yoast_head":"<!-- This site is optimized with the Yoast SEO Premium plugin v27.0 (Yoast SEO v27.2) - https:\/\/yoast.com\/product\/yoast-seo-premium-wordpress\/ -->\n<title>SPATULE COMPOSITE DOUBLE 1.8MM - yoestudiosalud.es<\/title>\n<meta name=\"description\" content=\"Spatule composite \u00e0 double lame de 1,8 mm. Sp\u00e9cialement con\u00e7ue pour la manipulation et la mise en place des composites. Retrouvez-la sur YoEstudioSalud.es\" \/>\n<meta name=\"robots\" content=\"index, follow, max-snippet:-1, max-image-preview:large, max-video-preview:-1\" \/>\n<link rel=\"canonical\" href=\"https:\/\/yoestudiosalud.es\/fr\/produit\/espatula-composite-doble-1-8mm\/\" \/>\n<meta property=\"og:locale\" content=\"fr_FR\" \/>\n<meta property=\"og:type\" content=\"article\" \/>\n<meta property=\"og:title\" content=\"SPATULE COMPOSITE DOUBLE 1.8MM\" \/>\n<meta property=\"og:description\" content=\"Spatule composite \u00e0 double lame de 1,8 mm. Sp\u00e9cialement con\u00e7ue pour la manipulation et la mise en place des composites. Retrouvez-la sur YoEstudioSalud.es\" \/>\n<meta property=\"og:url\" content=\"https:\/\/yoestudiosalud.es\/fr\/produit\/espatula-composite-doble-1-8mm\/\" \/>\n<meta property=\"og:site_name\" content=\"yoestudiosalud.es\" \/>\n<meta property=\"article:modified_time\" content=\"2025-07-02T15:55:53+00:00\" \/>\n<meta property=\"og:image\" content=\"https:\/\/yoestudiosalud.es\/wp-content\/uploads\/2023\/05\/003771.jpg\" \/>\n\t<meta property=\"og:image:width\" content=\"650\" \/>\n\t<meta property=\"og:image:height\" content=\"650\" \/>\n\t<meta property=\"og:image:type\" content=\"image\/jpeg\" \/>\n<meta name=\"twitter:card\" content=\"summary_large_image\" \/>\n<meta name=\"twitter:label1\" content=\"Dur\u00e9e de lecture estim\u00e9e\" \/>\n\t<meta name=\"twitter:data1\" content=\"2 minutes\" \/>\n<script type=\"application\/ld+json\" class=\"yoast-schema-graph\">{\"@context\":\"https:\/\/schema.org\",\"@graph\":[{\"@type\":\"WebPage\",\"@id\":\"https:\/\/yoestudiosalud.es\/fr\/produit\/espatula-composite-doble-1-8mm\/\",\"url\":\"https:\/\/yoestudiosalud.es\/fr\/produit\/espatula-composite-doble-1-8mm\/\",\"name\":\"SPATULE COMPOSITE DOUBLE 1.8MM - yoestudiosalud.es\",\"isPartOf\":{\"@id\":\"https:\/\/yoestudiosalud.es\/en\/#website\"},\"primaryImageOfPage\":{\"@id\":\"https:\/\/yoestudiosalud.es\/fr\/produit\/espatula-composite-doble-1-8mm\/#primaryimage\"},\"image\":{\"@id\":\"https:\/\/yoestudiosalud.es\/fr\/produit\/espatula-composite-doble-1-8mm\/#primaryimage\"},\"thumbnailUrl\":\"https:\/\/yoestudiosalud.es\/wp-content\/uploads\/2023\/05\/003771.jpg\",\"datePublished\":\"2023-05-22T16:23:07+00:00\",\"dateModified\":\"2025-07-02T15:55:53+00:00\",\"description\":\"Spatule composite \u00e0 double lame de 1,8 mm. Sp\u00e9cialement con\u00e7ue pour la manipulation et la mise en place des composites. Retrouvez-la sur YoEstudioSalud.es\",\"breadcrumb\":{\"@id\":\"https:\/\/yoestudiosalud.es\/fr\/produit\/espatula-composite-doble-1-8mm\/#breadcrumb\"},\"inLanguage\":\"fr-FR\",\"potentialAction\":[{\"@type\":\"ReadAction\",\"target\":[\"https:\/\/yoestudiosalud.es\/fr\/produit\/espatula-composite-doble-1-8mm\/\"]}]},{\"@type\":\"ImageObject\",\"inLanguage\":\"fr-FR\",\"@id\":\"https:\/\/yoestudiosalud.es\/fr\/produit\/espatula-composite-doble-1-8mm\/#primaryimage\",\"url\":\"https:\/\/yoestudiosalud.es\/wp-content\/uploads\/2023\/05\/003771.jpg\",\"contentUrl\":\"https:\/\/yoestudiosalud.es\/wp-content\/uploads\/2023\/05\/003771.jpg\",\"width\":650,\"height\":650,\"caption\":\"SPATULE COMPOSITE DOUBLE 1.8MM\"},{\"@type\":\"BreadcrumbList\",\"@id\":\"https:\/\/yoestudiosalud.es\/fr\/produit\/espatula-composite-doble-1-8mm\/#breadcrumb\",\"itemListElement\":[{\"@type\":\"ListItem\",\"position\":1,\"name\":\"Portada\",\"item\":\"https:\/\/yoestudiosalud.es\/fr\/\"},{\"@type\":\"ListItem\",\"position\":2,\"name\":\"Boutique\",\"item\":\"https:\/\/yoestudiosalud.es\/fr\/boutique\/\"},{\"@type\":\"ListItem\",\"position\":3,\"name\":\"SPATULE COMPOSITE DOUBLE 1.8MM\"}]},{\"@type\":\"WebSite\",\"@id\":\"https:\/\/yoestudiosalud.es\/en\/#website\",\"url\":\"https:\/\/yoestudiosalud.es\/en\/\",\"name\":\"yoestudiosalud.es\",\"description\":\"Material para estudiantes del sector salud\",\"publisher\":{\"@id\":\"https:\/\/yoestudiosalud.es\/en\/#organization\"},\"potentialAction\":[{\"@type\":\"SearchAction\",\"target\":{\"@type\":\"EntryPoint\",\"urlTemplate\":\"https:\/\/yoestudiosalud.es\/en\/?s={search_term_string}\"},\"query-input\":{\"@type\":\"PropertyValueSpecification\",\"valueRequired\":true,\"valueName\":\"search_term_string\"}}],\"inLanguage\":\"fr-FR\"},{\"@type\":\"Organization\",\"@id\":\"https:\/\/yoestudiosalud.es\/en\/#organization\",\"name\":\"yoestudiosalud.es\",\"url\":\"https:\/\/yoestudiosalud.es\/en\/\",\"logo\":{\"@type\":\"ImageObject\",\"inLanguage\":\"fr-FR\",\"@id\":\"https:\/\/yoestudiosalud.es\/en\/#\/schema\/logo\/image\/\",\"url\":\"https:\/\/yoestudiosalud.es\/wp-content\/uploads\/2020\/04\/logonew-e1698080827687.png\",\"contentUrl\":\"https:\/\/yoestudiosalud.es\/wp-content\/uploads\/2020\/04\/logonew-e1698080827687.png\",\"width\":421,\"height\":393,\"caption\":\"yoestudiosalud.es\"},\"image\":{\"@id\":\"https:\/\/yoestudiosalud.es\/en\/#\/schema\/logo\/image\/\"}}]}<\/script>\n<!-- \/ Yoast SEO Premium plugin. -->","yoast_head_json":{"title":"SPATULE COMPOSITE DOUBLE 1.8MM - yoestudiosalud.es","description":"Spatule composite \u00e0 double lame de 1,8 mm. Sp\u00e9cialement con\u00e7ue pour la manipulation et la mise en place des composites. Retrouvez-la sur YoEstudioSalud.es","robots":{"index":"index","follow":"follow","max-snippet":"max-snippet:-1","max-image-preview":"max-image-preview:large","max-video-preview":"max-video-preview:-1"},"canonical":"https:\/\/yoestudiosalud.es\/fr\/produit\/espatula-composite-doble-1-8mm\/","og_locale":"fr_FR","og_type":"article","og_title":"SPATULE COMPOSITE DOUBLE 1.8MM","og_description":"Spatule composite \u00e0 double lame de 1,8 mm. Sp\u00e9cialement con\u00e7ue pour la manipulation et la mise en place des composites. Retrouvez-la sur YoEstudioSalud.es","og_url":"https:\/\/yoestudiosalud.es\/fr\/produit\/espatula-composite-doble-1-8mm\/","og_site_name":"yoestudiosalud.es","article_modified_time":"2025-07-02T15:55:53+00:00","og_image":[{"width":650,"height":650,"url":"https:\/\/yoestudiosalud.es\/wp-content\/uploads\/2023\/05\/003771.jpg","type":"image\/jpeg"}],"twitter_card":"summary_large_image","twitter_misc":{"Dur\u00e9e de lecture estim\u00e9e":"2 minutes"},"schema":{"@context":"https:\/\/schema.org","@graph":[{"@type":"WebPage","@id":"https:\/\/yoestudiosalud.es\/fr\/produit\/espatula-composite-doble-1-8mm\/","url":"https:\/\/yoestudiosalud.es\/fr\/produit\/espatula-composite-doble-1-8mm\/","name":"SPATULE COMPOSITE DOUBLE 1.8MM - yoestudiosalud.es","isPartOf":{"@id":"https:\/\/yoestudiosalud.es\/en\/#website"},"primaryImageOfPage":{"@id":"https:\/\/yoestudiosalud.es\/fr\/produit\/espatula-composite-doble-1-8mm\/#primaryimage"},"image":{"@id":"https:\/\/yoestudiosalud.es\/fr\/produit\/espatula-composite-doble-1-8mm\/#primaryimage"},"thumbnailUrl":"https:\/\/yoestudiosalud.es\/wp-content\/uploads\/2023\/05\/003771.jpg","datePublished":"2023-05-22T16:23:07+00:00","dateModified":"2025-07-02T15:55:53+00:00","description":"Spatule composite \u00e0 double lame de 1,8 mm. Sp\u00e9cialement con\u00e7ue pour la manipulation et la mise en place des composites. Retrouvez-la sur YoEstudioSalud.es","breadcrumb":{"@id":"https:\/\/yoestudiosalud.es\/fr\/produit\/espatula-composite-doble-1-8mm\/#breadcrumb"},"inLanguage":"fr-FR","potentialAction":[{"@type":"ReadAction","target":["https:\/\/yoestudiosalud.es\/fr\/produit\/espatula-composite-doble-1-8mm\/"]}]},{"@type":"ImageObject","inLanguage":"fr-FR","@id":"https:\/\/yoestudiosalud.es\/fr\/produit\/espatula-composite-doble-1-8mm\/#primaryimage","url":"https:\/\/yoestudiosalud.es\/wp-content\/uploads\/2023\/05\/003771.jpg","contentUrl":"https:\/\/yoestudiosalud.es\/wp-content\/uploads\/2023\/05\/003771.jpg","width":650,"height":650,"caption":"SPATULE COMPOSITE DOUBLE 1.8MM"},{"@type":"BreadcrumbList","@id":"https:\/\/yoestudiosalud.es\/fr\/produit\/espatula-composite-doble-1-8mm\/#breadcrumb","itemListElement":[{"@type":"ListItem","position":1,"name":"Portada","item":"https:\/\/yoestudiosalud.es\/fr\/"},{"@type":"ListItem","position":2,"name":"Boutique","item":"https:\/\/yoestudiosalud.es\/fr\/boutique\/"},{"@type":"ListItem","position":3,"name":"SPATULE COMPOSITE DOUBLE 1.8MM"}]},{"@type":"WebSite","@id":"https:\/\/yoestudiosalud.es\/en\/#website","url":"https:\/\/yoestudiosalud.es\/en\/","name":"yoestudiosalud.es","description":"Material para estudiantes del sector salud","publisher":{"@id":"https:\/\/yoestudiosalud.es\/en\/#organization"},"potentialAction":[{"@type":"SearchAction","target":{"@type":"EntryPoint","urlTemplate":"https:\/\/yoestudiosalud.es\/en\/?s={search_term_string}"},"query-input":{"@type":"PropertyValueSpecification","valueRequired":true,"valueName":"search_term_string"}}],"inLanguage":"fr-FR"},{"@type":"Organization","@id":"https:\/\/yoestudiosalud.es\/en\/#organization","name":"yoestudiosalud.es","url":"https:\/\/yoestudiosalud.es\/en\/","logo":{"@type":"ImageObject","inLanguage":"fr-FR","@id":"https:\/\/yoestudiosalud.es\/en\/#\/schema\/logo\/image\/","url":"https:\/\/yoestudiosalud.es\/wp-content\/uploads\/2020\/04\/logonew-e1698080827687.png","contentUrl":"https:\/\/yoestudiosalud.es\/wp-content\/uploads\/2020\/04\/logonew-e1698080827687.png","width":421,"height":393,"caption":"yoestudiosalud.es"},"image":{"@id":"https:\/\/yoestudiosalud.es\/en\/#\/schema\/logo\/image\/"}}]}},"_links":{"self":[{"href":"https:\/\/yoestudiosalud.es\/fr\/wp-json\/wp\/v2\/product\/32124","targetHints":{"allow":["GET"]}}],"collection":[{"href":"https:\/\/yoestudiosalud.es\/fr\/wp-json\/wp\/v2\/product"}],"about":[{"href":"https:\/\/yoestudiosalud.es\/fr\/wp-json\/wp\/v2\/types\/product"}],"wp:featuredmedia":[{"embeddable":true,"href":"https:\/\/yoestudiosalud.es\/fr\/wp-json\/wp\/v2\/media\/32125"}],"wp:attachment":[{"href":"https:\/\/yoestudiosalud.es\/fr\/wp-json\/wp\/v2\/media?parent=32124"}],"wp:term":[{"taxonomy":"product_brand","embeddable":true,"href":"https:\/\/yoestudiosalud.es\/fr\/wp-json\/wp\/v2\/product_brand?post=32124"},{"taxonomy":"product_cat","embeddable":true,"href":"https:\/\/yoestudiosalud.es\/fr\/wp-json\/wp\/v2\/product_cat?post=32124"},{"taxonomy":"product_tag","embeddable":true,"href":"https:\/\/yoestudiosalud.es\/fr\/wp-json\/wp\/v2\/product_tag?post=32124"}],"curies":[{"name":"wp","href":"https:\/\/api.w.org\/{rel}","templated":true}]}}