{"id":32122,"date":"2023-05-25T13:18:27","date_gmt":"2023-05-25T13:18:27","guid":{"rendered":"https:\/\/yoestudiosalud.es\/producto\/atacador-composite-estriado-2\/"},"modified":"2025-07-02T18:01:07","modified_gmt":"2025-07-02T16:01:07","slug":"atacador-composite-estriado-2","status":"publish","type":"product","link":"https:\/\/yoestudiosalud.es\/fr\/produit\/atacador-composite-estriado-2\/","title":{"rendered":"BRUNISSOIR COMPOSITE RAINUR\u00c9E #2"},"content":{"rendered":"<p>Le brunissoir composite \u00e0 pointe molet\u00e9e #2 est couramment utilis\u00e9 par les professionnels de la dentisterie esth\u00e9tique pour effectuer des proc\u00e9dures pr\u00e9cises et efficaces dans le traitement des facettes et des restaurations en composite.<\/p>\n<p>Les attaquants en composite \u00e0 pointe molet\u00e9e sont fabriqu\u00e9s avec des mat\u00e9riaux de haute qualit\u00e9 pour garantir leur durabilit\u00e9 et leur r\u00e9sistance \u00e0 la corrosion.\u00a0 En outre, l&#8217;embout molet\u00e9 assure une prise s\u00fbre et ferme sur le composite, ce qui permet au dentiste de sculpter et de fa\u00e7onner le mat\u00e9riau avec pr\u00e9cision. Il comporte deux parties actives de tailles diff\u00e9rentes (1,3 mm-1,6 mm), qui permettent d&#8217;adapter l&#8217;attachement au travail effectu\u00e9.<\/p>\n<p>L&#8217;un des principaux avantages de l&#8217;attaquant composite #2 \u00e0 pointe molet\u00e9e est qu&#8217;il permet d&#8217;obtenir des r\u00e9sultats esth\u00e9tiques exceptionnels. Gr\u00e2ce \u00e0 leur conception ergonomique et \u00e0 leur pointe cannel\u00e9e, ces attaquants permettent au dentiste de cr\u00e9er des textures naturelles et des effets de stratification dans les restaurations en composite. Ceci est particuli\u00e8rement important en dentisterie esth\u00e9tique, o\u00f9 l&#8217;on cherche \u00e0 obtenir une ressemblance maximale avec les dents naturelles.<\/p>\n<p>Un autre avantage important des attachements en composite \u00e0 embout cannel\u00e9 est leur conception ergonomique et l\u00e9g\u00e8re, qui assure le confort du dentiste pendant de longues p\u00e9riodes de travail. En outre, l&#8217;embout cannel\u00e9 facilite le contr\u00f4le du mat\u00e9riau, ce qui se traduit par une pr\u00e9cision et une efficacit\u00e9 accrues dans le processus de sculpture.<\/p>\n<p>Outre leur utilit\u00e9 en dentisterie esth\u00e9tique, les attachements en composite \u00e0 embout cannel\u00e9 sont \u00e9galement largement utilis\u00e9s en dentisterie restauratrice. Ce sont des outils qui permettent au dentiste de sculpter et de fa\u00e7onner le composite pour obtenir une forme et une fonction optimales, garantissant ainsi des r\u00e9sultats durables et satisfaisants pour le patient.<\/p>\n<p>En r\u00e9sum\u00e9, l&#8217;attaquant composite cannel\u00e9 n\u00b0 2 est indispensable en dentisterie esth\u00e9tique et restauratrice. Sa conception ergonomique, sa durabilit\u00e9 et sa capacit\u00e9 \u00e0 obtenir des r\u00e9sultats esth\u00e9tiques exceptionnels en font un choix privil\u00e9gi\u00e9 pour les professionnels dentaires. Gr\u00e2ce \u00e0 ces attaquants, les dentistes peuvent r\u00e9aliser des restaurations en composite de haute qualit\u00e9 qui ressemblent aux dents naturelles, tant au niveau de l&#8217;apparence que de la fonction.<\/p>\n","protected":false},"excerpt":{"rendered":"<p>Le brunissoir composite \u00e0 pointe molet\u00e9e #2 est couramment utilis\u00e9 par les professionnels de la dentisterie esth\u00e9tique pour effectuer des proc\u00e9dures pr\u00e9cises et efficaces dans le traitement des facettes et des restaurations en composite.<\/p>\n","protected":false},"featured_media":32123,"template":"","meta":[],"product_brand":[],"product_cat":[669],"product_tag":[],"class_list":{"0":"post-32122","1":"product","2":"type-product","3":"status-publish","4":"has-post-thumbnail","6":"product_cat-general-fr","7":"pa_formacion-odontologia-fr","9":"first","10":"instock","11":"sale","12":"taxable","13":"shipping-taxable","14":"purchasable","15":"product-type-simple"},"yoast_head":"<!-- This site is optimized with the Yoast SEO Premium plugin v27.0 (Yoast SEO v27.2) - https:\/\/yoast.com\/product\/yoast-seo-premium-wordpress\/ -->\n<title>BRUNISSOIR COMPOSITE RAINUR\u00c9E #2 - yoestudiosalud.es<\/title>\n<meta name=\"description\" content=\"Le brunissoir composite \u00e0 pointe molet\u00e9e #2 est couramment utilis\u00e9 par les professionnels de la dentisterie esth\u00e9tique pour effectuer des proc\u00e9dures pr\u00e9cises et efficaces dans le traitement des facettes et des restaurations en composite.\" \/>\n<meta name=\"robots\" content=\"index, follow, max-snippet:-1, max-image-preview:large, max-video-preview:-1\" \/>\n<link rel=\"canonical\" href=\"https:\/\/yoestudiosalud.es\/fr\/produit\/atacador-composite-estriado-2\/\" \/>\n<meta property=\"og:locale\" content=\"fr_FR\" \/>\n<meta property=\"og:type\" content=\"article\" \/>\n<meta property=\"og:title\" content=\"BRUNISSOIR COMPOSITE RAINUR\u00c9E #2\" \/>\n<meta property=\"og:description\" content=\"Le brunissoir composite \u00e0 pointe molet\u00e9e #2 est couramment utilis\u00e9 par les professionnels de la dentisterie esth\u00e9tique pour effectuer des proc\u00e9dures pr\u00e9cises et efficaces dans le traitement des facettes et des restaurations en composite.\" \/>\n<meta property=\"og:url\" content=\"https:\/\/yoestudiosalud.es\/fr\/produit\/atacador-composite-estriado-2\/\" \/>\n<meta property=\"og:site_name\" content=\"yoestudiosalud.es\" \/>\n<meta property=\"article:modified_time\" content=\"2025-07-02T16:01:07+00:00\" \/>\n<meta property=\"og:image\" content=\"https:\/\/yoestudiosalud.es\/wp-content\/uploads\/2023\/05\/001170D.jpg\" \/>\n\t<meta property=\"og:image:width\" content=\"650\" \/>\n\t<meta property=\"og:image:height\" content=\"650\" \/>\n\t<meta property=\"og:image:type\" content=\"image\/jpeg\" \/>\n<meta name=\"twitter:card\" content=\"summary_large_image\" \/>\n<meta name=\"twitter:label1\" content=\"Dur\u00e9e de lecture estim\u00e9e\" \/>\n\t<meta name=\"twitter:data1\" content=\"2 minutes\" \/>\n<script type=\"application\/ld+json\" class=\"yoast-schema-graph\">{\"@context\":\"https:\/\/schema.org\",\"@graph\":[{\"@type\":\"WebPage\",\"@id\":\"https:\/\/yoestudiosalud.es\/fr\/produit\/atacador-composite-estriado-2\/\",\"url\":\"https:\/\/yoestudiosalud.es\/fr\/produit\/atacador-composite-estriado-2\/\",\"name\":\"BRUNISSOIR COMPOSITE RAINUR\u00c9E #2 - yoestudiosalud.es\",\"isPartOf\":{\"@id\":\"https:\/\/yoestudiosalud.es\/en\/#website\"},\"primaryImageOfPage\":{\"@id\":\"https:\/\/yoestudiosalud.es\/fr\/produit\/atacador-composite-estriado-2\/#primaryimage\"},\"image\":{\"@id\":\"https:\/\/yoestudiosalud.es\/fr\/produit\/atacador-composite-estriado-2\/#primaryimage\"},\"thumbnailUrl\":\"https:\/\/yoestudiosalud.es\/wp-content\/uploads\/2023\/05\/001170D.jpg\",\"datePublished\":\"2023-05-25T13:18:27+00:00\",\"dateModified\":\"2025-07-02T16:01:07+00:00\",\"description\":\"Le brunissoir composite \u00e0 pointe molet\u00e9e #2 est couramment utilis\u00e9 par les professionnels de la dentisterie esth\u00e9tique pour effectuer des proc\u00e9dures pr\u00e9cises et efficaces dans le traitement des facettes et des restaurations en composite.\",\"breadcrumb\":{\"@id\":\"https:\/\/yoestudiosalud.es\/fr\/produit\/atacador-composite-estriado-2\/#breadcrumb\"},\"inLanguage\":\"fr-FR\",\"potentialAction\":[{\"@type\":\"ReadAction\",\"target\":[\"https:\/\/yoestudiosalud.es\/fr\/produit\/atacador-composite-estriado-2\/\"]}]},{\"@type\":\"ImageObject\",\"inLanguage\":\"fr-FR\",\"@id\":\"https:\/\/yoestudiosalud.es\/fr\/produit\/atacador-composite-estriado-2\/#primaryimage\",\"url\":\"https:\/\/yoestudiosalud.es\/wp-content\/uploads\/2023\/05\/001170D.jpg\",\"contentUrl\":\"https:\/\/yoestudiosalud.es\/wp-content\/uploads\/2023\/05\/001170D.jpg\",\"width\":650,\"height\":650,\"caption\":\"BRUNISSOIR COMPOSITE RAINUR\u00c9E #2\"},{\"@type\":\"BreadcrumbList\",\"@id\":\"https:\/\/yoestudiosalud.es\/fr\/produit\/atacador-composite-estriado-2\/#breadcrumb\",\"itemListElement\":[{\"@type\":\"ListItem\",\"position\":1,\"name\":\"Portada\",\"item\":\"https:\/\/yoestudiosalud.es\/fr\/\"},{\"@type\":\"ListItem\",\"position\":2,\"name\":\"Boutique\",\"item\":\"https:\/\/yoestudiosalud.es\/fr\/boutique\/\"},{\"@type\":\"ListItem\",\"position\":3,\"name\":\"BRUNISSOIR COMPOSITE RAINUR\u00c9E #2\"}]},{\"@type\":\"WebSite\",\"@id\":\"https:\/\/yoestudiosalud.es\/en\/#website\",\"url\":\"https:\/\/yoestudiosalud.es\/en\/\",\"name\":\"yoestudiosalud.es\",\"description\":\"Material para estudiantes del sector salud\",\"publisher\":{\"@id\":\"https:\/\/yoestudiosalud.es\/en\/#organization\"},\"potentialAction\":[{\"@type\":\"SearchAction\",\"target\":{\"@type\":\"EntryPoint\",\"urlTemplate\":\"https:\/\/yoestudiosalud.es\/en\/?s={search_term_string}\"},\"query-input\":{\"@type\":\"PropertyValueSpecification\",\"valueRequired\":true,\"valueName\":\"search_term_string\"}}],\"inLanguage\":\"fr-FR\"},{\"@type\":\"Organization\",\"@id\":\"https:\/\/yoestudiosalud.es\/en\/#organization\",\"name\":\"yoestudiosalud.es\",\"url\":\"https:\/\/yoestudiosalud.es\/en\/\",\"logo\":{\"@type\":\"ImageObject\",\"inLanguage\":\"fr-FR\",\"@id\":\"https:\/\/yoestudiosalud.es\/en\/#\/schema\/logo\/image\/\",\"url\":\"https:\/\/yoestudiosalud.es\/wp-content\/uploads\/2020\/04\/logonew-e1698080827687.png\",\"contentUrl\":\"https:\/\/yoestudiosalud.es\/wp-content\/uploads\/2020\/04\/logonew-e1698080827687.png\",\"width\":421,\"height\":393,\"caption\":\"yoestudiosalud.es\"},\"image\":{\"@id\":\"https:\/\/yoestudiosalud.es\/en\/#\/schema\/logo\/image\/\"}}]}<\/script>\n<!-- \/ Yoast SEO Premium plugin. -->","yoast_head_json":{"title":"BRUNISSOIR COMPOSITE RAINUR\u00c9E #2 - yoestudiosalud.es","description":"Le brunissoir composite \u00e0 pointe molet\u00e9e #2 est couramment utilis\u00e9 par les professionnels de la dentisterie esth\u00e9tique pour effectuer des proc\u00e9dures pr\u00e9cises et efficaces dans le traitement des facettes et des restaurations en composite.","robots":{"index":"index","follow":"follow","max-snippet":"max-snippet:-1","max-image-preview":"max-image-preview:large","max-video-preview":"max-video-preview:-1"},"canonical":"https:\/\/yoestudiosalud.es\/fr\/produit\/atacador-composite-estriado-2\/","og_locale":"fr_FR","og_type":"article","og_title":"BRUNISSOIR COMPOSITE RAINUR\u00c9E #2","og_description":"Le brunissoir composite \u00e0 pointe molet\u00e9e #2 est couramment utilis\u00e9 par les professionnels de la dentisterie esth\u00e9tique pour effectuer des proc\u00e9dures pr\u00e9cises et efficaces dans le traitement des facettes et des restaurations en composite.","og_url":"https:\/\/yoestudiosalud.es\/fr\/produit\/atacador-composite-estriado-2\/","og_site_name":"yoestudiosalud.es","article_modified_time":"2025-07-02T16:01:07+00:00","og_image":[{"width":650,"height":650,"url":"https:\/\/yoestudiosalud.es\/wp-content\/uploads\/2023\/05\/001170D.jpg","type":"image\/jpeg"}],"twitter_card":"summary_large_image","twitter_misc":{"Dur\u00e9e de lecture estim\u00e9e":"2 minutes"},"schema":{"@context":"https:\/\/schema.org","@graph":[{"@type":"WebPage","@id":"https:\/\/yoestudiosalud.es\/fr\/produit\/atacador-composite-estriado-2\/","url":"https:\/\/yoestudiosalud.es\/fr\/produit\/atacador-composite-estriado-2\/","name":"BRUNISSOIR COMPOSITE RAINUR\u00c9E #2 - yoestudiosalud.es","isPartOf":{"@id":"https:\/\/yoestudiosalud.es\/en\/#website"},"primaryImageOfPage":{"@id":"https:\/\/yoestudiosalud.es\/fr\/produit\/atacador-composite-estriado-2\/#primaryimage"},"image":{"@id":"https:\/\/yoestudiosalud.es\/fr\/produit\/atacador-composite-estriado-2\/#primaryimage"},"thumbnailUrl":"https:\/\/yoestudiosalud.es\/wp-content\/uploads\/2023\/05\/001170D.jpg","datePublished":"2023-05-25T13:18:27+00:00","dateModified":"2025-07-02T16:01:07+00:00","description":"Le brunissoir composite \u00e0 pointe molet\u00e9e #2 est couramment utilis\u00e9 par les professionnels de la dentisterie esth\u00e9tique pour effectuer des proc\u00e9dures pr\u00e9cises et efficaces dans le traitement des facettes et des restaurations en composite.","breadcrumb":{"@id":"https:\/\/yoestudiosalud.es\/fr\/produit\/atacador-composite-estriado-2\/#breadcrumb"},"inLanguage":"fr-FR","potentialAction":[{"@type":"ReadAction","target":["https:\/\/yoestudiosalud.es\/fr\/produit\/atacador-composite-estriado-2\/"]}]},{"@type":"ImageObject","inLanguage":"fr-FR","@id":"https:\/\/yoestudiosalud.es\/fr\/produit\/atacador-composite-estriado-2\/#primaryimage","url":"https:\/\/yoestudiosalud.es\/wp-content\/uploads\/2023\/05\/001170D.jpg","contentUrl":"https:\/\/yoestudiosalud.es\/wp-content\/uploads\/2023\/05\/001170D.jpg","width":650,"height":650,"caption":"BRUNISSOIR COMPOSITE RAINUR\u00c9E #2"},{"@type":"BreadcrumbList","@id":"https:\/\/yoestudiosalud.es\/fr\/produit\/atacador-composite-estriado-2\/#breadcrumb","itemListElement":[{"@type":"ListItem","position":1,"name":"Portada","item":"https:\/\/yoestudiosalud.es\/fr\/"},{"@type":"ListItem","position":2,"name":"Boutique","item":"https:\/\/yoestudiosalud.es\/fr\/boutique\/"},{"@type":"ListItem","position":3,"name":"BRUNISSOIR COMPOSITE RAINUR\u00c9E #2"}]},{"@type":"WebSite","@id":"https:\/\/yoestudiosalud.es\/en\/#website","url":"https:\/\/yoestudiosalud.es\/en\/","name":"yoestudiosalud.es","description":"Material para estudiantes del sector salud","publisher":{"@id":"https:\/\/yoestudiosalud.es\/en\/#organization"},"potentialAction":[{"@type":"SearchAction","target":{"@type":"EntryPoint","urlTemplate":"https:\/\/yoestudiosalud.es\/en\/?s={search_term_string}"},"query-input":{"@type":"PropertyValueSpecification","valueRequired":true,"valueName":"search_term_string"}}],"inLanguage":"fr-FR"},{"@type":"Organization","@id":"https:\/\/yoestudiosalud.es\/en\/#organization","name":"yoestudiosalud.es","url":"https:\/\/yoestudiosalud.es\/en\/","logo":{"@type":"ImageObject","inLanguage":"fr-FR","@id":"https:\/\/yoestudiosalud.es\/en\/#\/schema\/logo\/image\/","url":"https:\/\/yoestudiosalud.es\/wp-content\/uploads\/2020\/04\/logonew-e1698080827687.png","contentUrl":"https:\/\/yoestudiosalud.es\/wp-content\/uploads\/2020\/04\/logonew-e1698080827687.png","width":421,"height":393,"caption":"yoestudiosalud.es"},"image":{"@id":"https:\/\/yoestudiosalud.es\/en\/#\/schema\/logo\/image\/"}}]}},"_links":{"self":[{"href":"https:\/\/yoestudiosalud.es\/fr\/wp-json\/wp\/v2\/product\/32122","targetHints":{"allow":["GET"]}}],"collection":[{"href":"https:\/\/yoestudiosalud.es\/fr\/wp-json\/wp\/v2\/product"}],"about":[{"href":"https:\/\/yoestudiosalud.es\/fr\/wp-json\/wp\/v2\/types\/product"}],"wp:featuredmedia":[{"embeddable":true,"href":"https:\/\/yoestudiosalud.es\/fr\/wp-json\/wp\/v2\/media\/32123"}],"wp:attachment":[{"href":"https:\/\/yoestudiosalud.es\/fr\/wp-json\/wp\/v2\/media?parent=32122"}],"wp:term":[{"taxonomy":"product_brand","embeddable":true,"href":"https:\/\/yoestudiosalud.es\/fr\/wp-json\/wp\/v2\/product_brand?post=32122"},{"taxonomy":"product_cat","embeddable":true,"href":"https:\/\/yoestudiosalud.es\/fr\/wp-json\/wp\/v2\/product_cat?post=32122"},{"taxonomy":"product_tag","embeddable":true,"href":"https:\/\/yoestudiosalud.es\/fr\/wp-json\/wp\/v2\/product_tag?post=32122"}],"curies":[{"name":"wp","href":"https:\/\/api.w.org\/{rel}","templated":true}]}}