{"id":32120,"date":"2023-05-26T12:39:53","date_gmt":"2023-05-26T12:39:53","guid":{"rendered":"https:\/\/yoestudiosalud.es\/producto\/plantilla-impresa-para-dique\/"},"modified":"2025-07-02T18:08:43","modified_gmt":"2025-07-02T16:08:43","slug":"plantilla-impresa-para-dique","status":"publish","type":"product","link":"https:\/\/yoestudiosalud.es\/fr\/produit\/plantilla-impresa-para-dique\/","title":{"rendered":"GABARIT IMPRIM\u00c9 POUR LA DIGUE"},"content":{"rendered":"<p>Le gabarit de digue en caoutchouc imprim\u00e9 utilis\u00e9 dans les proc\u00e9dures dentaires facilite le marquage pr\u00e9cis des trous dans la digue dentaire. Ce gabarit est con\u00e7u pour s&#8217;adapter parfaitement \u00e0 la digue et fournir des indications claires pendant le processus de marquage.<\/p>\n<p>Lors de l&#8217;utilisation d&#8217;une digue en caoutchouc dans le cadre d&#8217;une proc\u00e9dure dentaire, nous marquons la position des trous dans la digue afin de permettre le passage des dents \u00e0 traiter, et c&#8217;est l\u00e0 que les gabarits imprim\u00e9s entrent en jeu. En pla\u00e7ant la digue sur le gabarit, on obtient un alignement pr\u00e9cis et on peut marquer les points exacts o\u00f9 les trous doivent \u00eatre perc\u00e9s.<\/p>\n<p>L&#8217;utilisation du gabarit imprim\u00e9 apporte de nombreux avantages \u00e0 ce processus :<\/p>\n<p>Tout d&#8217;abord, il garantit la coh\u00e9rence et la pr\u00e9cision du marquage des trous, en \u00e9vitant les erreurs ou les d\u00e9viations qui pourraient compromettre le succ\u00e8s de la proc\u00e9dure. C&#8217;est particuli\u00e8rement important dans les cas o\u00f9 l&#8217;alignement exact des trous est n\u00e9cessaire, comme dans les traitements endodontiques ou les restaurations dentaires.<br \/>\nDeuxi\u00e8mement, le mod\u00e8le imprim\u00e9 de digue en caoutchouc rationalise le processus de marquage, ce qui fait gagner du temps au dentiste et au patient.<br \/>\nAutre point fort, ces gabarits am\u00e9liorent le confort du patient et du praticien. Un guidage pr\u00e9cis minimise la n\u00e9cessit\u00e9 de manipuler \u00e0 plusieurs reprises la digue pour trouver la position correcte des trous, ce qui r\u00e9duit le risque d&#8217;inconfort ou de blessure pour le patient. En outre, le dentiste peut travailler avec plus d&#8217;efficacit\u00e9 et de pr\u00e9cision, pour un traitement plus s\u00fbr et plus efficace.<\/p>\n<p>En conclusion, le gabarit de digue en caoutchouc imprim\u00e9 ou le gabarit de marquage par tampon en caoutchouc est une aide pr\u00e9cieuse dans les proc\u00e9dures dentaires, car il permet de marquer avec pr\u00e9cision les trous de la digue dentaire. Son utilisation garantit la coh\u00e9rence, la pr\u00e9cision et l&#8217;efficacit\u00e9 du processus de marquage, am\u00e9liorant ainsi l&#8217;exp\u00e9rience du praticien et du patient. En investissant dans ce gabarit, les dentistes peuvent effectuer des proc\u00e9dures plus efficaces et plus s\u00fbres, garantissant des r\u00e9sultats optimaux dans le traitement dentaire.<\/p>\n<p>Fabricant : Hygenic<\/p>\n<p>Dimensions : 152&#215;152 mm<\/p>\n<p>Contient 1 unit\u00e9<\/p>\n","protected":false},"excerpt":{"rendered":"<p>Le gabarit de digue en caoutchouc imprim\u00e9 utilis\u00e9 dans les proc\u00e9dures dentaires facilite le marquage pr\u00e9cis des trous dans la digue dentaire.<\/p>\n","protected":false},"featured_media":32121,"template":"","meta":[],"product_brand":[],"product_cat":[680,710],"product_tag":[],"class_list":{"0":"post-32120","1":"product","2":"type-product","3":"status-publish","4":"has-post-thumbnail","6":"product_cat-endodontie-fr","7":"product_cat-odontologie-fr","8":"pa_formacion-odontologia-fr","10":"first","11":"instock","12":"sale","13":"taxable","14":"shipping-taxable","15":"purchasable","16":"product-type-simple"},"yoast_head":"<!-- This site is optimized with the Yoast SEO Premium plugin v27.0 (Yoast SEO v27.4) - https:\/\/yoast.com\/product\/yoast-seo-premium-wordpress\/ -->\n<title>GABARIT IMPRIM\u00c9 POUR LA DIGUE - yoestudiosalud.es<\/title>\n<meta name=\"description\" content=\"Le mod\u00e8le de digue imprim\u00e9 sert de guide pour marquer la position des trous dans la digue dentaire. La digue est plac\u00e9e sur le gabarit et marqu\u00e9e.\" \/>\n<meta name=\"robots\" content=\"index, follow, max-snippet:-1, max-image-preview:large, max-video-preview:-1\" \/>\n<link rel=\"canonical\" href=\"https:\/\/yoestudiosalud.es\/produit\/plantilla-impresa-para-dique\/\" \/>\n<meta property=\"og:locale\" content=\"fr_FR\" \/>\n<meta property=\"og:type\" content=\"article\" \/>\n<meta property=\"og:title\" content=\"GABARIT IMPRIM\u00c9 POUR LA DIGUE\" \/>\n<meta property=\"og:description\" content=\"Le mod\u00e8le de digue imprim\u00e9 sert de guide pour marquer la position des trous dans la digue dentaire. La digue est plac\u00e9e sur le gabarit et marqu\u00e9e.\" \/>\n<meta property=\"og:url\" content=\"https:\/\/yoestudiosalud.es\/produit\/plantilla-impresa-para-dique\/\" \/>\n<meta property=\"og:site_name\" content=\"yoestudiosalud.es\" \/>\n<meta property=\"article:modified_time\" content=\"2025-07-02T16:08:43+00:00\" \/>\n<meta property=\"og:image\" content=\"https:\/\/yoestudiosalud.es\/wp-content\/uploads\/2023\/05\/004033.jpg\" \/>\n\t<meta property=\"og:image:width\" content=\"650\" \/>\n\t<meta property=\"og:image:height\" content=\"650\" \/>\n\t<meta property=\"og:image:type\" content=\"image\/jpeg\" \/>\n<meta name=\"twitter:card\" content=\"summary_large_image\" \/>\n<meta name=\"twitter:label1\" content=\"Dur\u00e9e de lecture estim\u00e9e\" \/>\n\t<meta name=\"twitter:data1\" content=\"2 minutes\" \/>\n<script type=\"application\/ld+json\" class=\"yoast-schema-graph\">{\"@context\":\"https:\\\/\\\/schema.org\",\"@graph\":[{\"@type\":\"WebPage\",\"@id\":\"https:\\\/\\\/yoestudiosalud.es\\\/produit\\\/plantilla-impresa-para-dique\\\/\",\"url\":\"https:\\\/\\\/yoestudiosalud.es\\\/produit\\\/plantilla-impresa-para-dique\\\/\",\"name\":\"GABARIT IMPRIM\u00c9 POUR LA DIGUE - yoestudiosalud.es\",\"isPartOf\":{\"@id\":\"https:\\\/\\\/yoestudiosalud.es\\\/en\\\/#website\"},\"primaryImageOfPage\":{\"@id\":\"https:\\\/\\\/yoestudiosalud.es\\\/produit\\\/plantilla-impresa-para-dique\\\/#primaryimage\"},\"image\":{\"@id\":\"https:\\\/\\\/yoestudiosalud.es\\\/produit\\\/plantilla-impresa-para-dique\\\/#primaryimage\"},\"thumbnailUrl\":\"https:\\\/\\\/yoestudiosalud.es\\\/wp-content\\\/uploads\\\/2023\\\/05\\\/004033.jpg\",\"datePublished\":\"2023-05-26T12:39:53+00:00\",\"dateModified\":\"2025-07-02T16:08:43+00:00\",\"description\":\"Le mod\u00e8le de digue imprim\u00e9 sert de guide pour marquer la position des trous dans la digue dentaire. La digue est plac\u00e9e sur le gabarit et marqu\u00e9e.\",\"breadcrumb\":{\"@id\":\"https:\\\/\\\/yoestudiosalud.es\\\/produit\\\/plantilla-impresa-para-dique\\\/#breadcrumb\"},\"inLanguage\":\"fr-FR\",\"potentialAction\":[{\"@type\":\"ReadAction\",\"target\":[\"https:\\\/\\\/yoestudiosalud.es\\\/produit\\\/plantilla-impresa-para-dique\\\/\"]}]},{\"@type\":\"ImageObject\",\"inLanguage\":\"fr-FR\",\"@id\":\"https:\\\/\\\/yoestudiosalud.es\\\/produit\\\/plantilla-impresa-para-dique\\\/#primaryimage\",\"url\":\"https:\\\/\\\/yoestudiosalud.es\\\/wp-content\\\/uploads\\\/2023\\\/05\\\/004033.jpg\",\"contentUrl\":\"https:\\\/\\\/yoestudiosalud.es\\\/wp-content\\\/uploads\\\/2023\\\/05\\\/004033.jpg\",\"width\":650,\"height\":650,\"caption\":\"GABARIT IMPRIM\u00c9 POUR LA DIGUE\"},{\"@type\":\"BreadcrumbList\",\"@id\":\"https:\\\/\\\/yoestudiosalud.es\\\/produit\\\/plantilla-impresa-para-dique\\\/#breadcrumb\",\"itemListElement\":[{\"@type\":\"ListItem\",\"position\":1,\"name\":\"Portada\",\"item\":\"https:\\\/\\\/yoestudiosalud.es\\\/fr\\\/\"},{\"@type\":\"ListItem\",\"position\":2,\"name\":\"Boutique\",\"item\":\"https:\\\/\\\/yoestudiosalud.es\\\/fr\\\/boutique\\\/\"},{\"@type\":\"ListItem\",\"position\":3,\"name\":\"GABARIT IMPRIM\u00c9 POUR LA DIGUE\"}]},{\"@type\":\"WebSite\",\"@id\":\"https:\\\/\\\/yoestudiosalud.es\\\/en\\\/#website\",\"url\":\"https:\\\/\\\/yoestudiosalud.es\\\/en\\\/\",\"name\":\"yoestudiosalud.es\",\"description\":\"Material para estudiantes del sector salud\",\"publisher\":{\"@id\":\"https:\\\/\\\/yoestudiosalud.es\\\/en\\\/#organization\"},\"potentialAction\":[{\"@type\":\"SearchAction\",\"target\":{\"@type\":\"EntryPoint\",\"urlTemplate\":\"https:\\\/\\\/yoestudiosalud.es\\\/en\\\/?s={search_term_string}\"},\"query-input\":{\"@type\":\"PropertyValueSpecification\",\"valueRequired\":true,\"valueName\":\"search_term_string\"}}],\"inLanguage\":\"fr-FR\"},{\"@type\":\"Organization\",\"@id\":\"https:\\\/\\\/yoestudiosalud.es\\\/en\\\/#organization\",\"name\":\"yoestudiosalud.es\",\"url\":\"https:\\\/\\\/yoestudiosalud.es\\\/en\\\/\",\"logo\":{\"@type\":\"ImageObject\",\"inLanguage\":\"fr-FR\",\"@id\":\"https:\\\/\\\/yoestudiosalud.es\\\/en\\\/#\\\/schema\\\/logo\\\/image\\\/\",\"url\":\"https:\\\/\\\/yoestudiosalud.es\\\/wp-content\\\/uploads\\\/2020\\\/04\\\/logonew-e1698080827687.png\",\"contentUrl\":\"https:\\\/\\\/yoestudiosalud.es\\\/wp-content\\\/uploads\\\/2020\\\/04\\\/logonew-e1698080827687.png\",\"width\":421,\"height\":393,\"caption\":\"yoestudiosalud.es\"},\"image\":{\"@id\":\"https:\\\/\\\/yoestudiosalud.es\\\/en\\\/#\\\/schema\\\/logo\\\/image\\\/\"}}]}<\/script>\n<!-- \/ Yoast SEO Premium plugin. -->","yoast_head_json":{"title":"GABARIT IMPRIM\u00c9 POUR LA DIGUE - yoestudiosalud.es","description":"Le mod\u00e8le de digue imprim\u00e9 sert de guide pour marquer la position des trous dans la digue dentaire. La digue est plac\u00e9e sur le gabarit et marqu\u00e9e.","robots":{"index":"index","follow":"follow","max-snippet":"max-snippet:-1","max-image-preview":"max-image-preview:large","max-video-preview":"max-video-preview:-1"},"canonical":"https:\/\/yoestudiosalud.es\/produit\/plantilla-impresa-para-dique\/","og_locale":"fr_FR","og_type":"article","og_title":"GABARIT IMPRIM\u00c9 POUR LA DIGUE","og_description":"Le mod\u00e8le de digue imprim\u00e9 sert de guide pour marquer la position des trous dans la digue dentaire. La digue est plac\u00e9e sur le gabarit et marqu\u00e9e.","og_url":"https:\/\/yoestudiosalud.es\/produit\/plantilla-impresa-para-dique\/","og_site_name":"yoestudiosalud.es","article_modified_time":"2025-07-02T16:08:43+00:00","og_image":[{"width":650,"height":650,"url":"https:\/\/yoestudiosalud.es\/wp-content\/uploads\/2023\/05\/004033.jpg","type":"image\/jpeg"}],"twitter_card":"summary_large_image","twitter_misc":{"Dur\u00e9e de lecture estim\u00e9e":"2 minutes"},"schema":{"@context":"https:\/\/schema.org","@graph":[{"@type":"WebPage","@id":"https:\/\/yoestudiosalud.es\/produit\/plantilla-impresa-para-dique\/","url":"https:\/\/yoestudiosalud.es\/produit\/plantilla-impresa-para-dique\/","name":"GABARIT IMPRIM\u00c9 POUR LA DIGUE - yoestudiosalud.es","isPartOf":{"@id":"https:\/\/yoestudiosalud.es\/en\/#website"},"primaryImageOfPage":{"@id":"https:\/\/yoestudiosalud.es\/produit\/plantilla-impresa-para-dique\/#primaryimage"},"image":{"@id":"https:\/\/yoestudiosalud.es\/produit\/plantilla-impresa-para-dique\/#primaryimage"},"thumbnailUrl":"https:\/\/yoestudiosalud.es\/wp-content\/uploads\/2023\/05\/004033.jpg","datePublished":"2023-05-26T12:39:53+00:00","dateModified":"2025-07-02T16:08:43+00:00","description":"Le mod\u00e8le de digue imprim\u00e9 sert de guide pour marquer la position des trous dans la digue dentaire. La digue est plac\u00e9e sur le gabarit et marqu\u00e9e.","breadcrumb":{"@id":"https:\/\/yoestudiosalud.es\/produit\/plantilla-impresa-para-dique\/#breadcrumb"},"inLanguage":"fr-FR","potentialAction":[{"@type":"ReadAction","target":["https:\/\/yoestudiosalud.es\/produit\/plantilla-impresa-para-dique\/"]}]},{"@type":"ImageObject","inLanguage":"fr-FR","@id":"https:\/\/yoestudiosalud.es\/produit\/plantilla-impresa-para-dique\/#primaryimage","url":"https:\/\/yoestudiosalud.es\/wp-content\/uploads\/2023\/05\/004033.jpg","contentUrl":"https:\/\/yoestudiosalud.es\/wp-content\/uploads\/2023\/05\/004033.jpg","width":650,"height":650,"caption":"GABARIT IMPRIM\u00c9 POUR LA DIGUE"},{"@type":"BreadcrumbList","@id":"https:\/\/yoestudiosalud.es\/produit\/plantilla-impresa-para-dique\/#breadcrumb","itemListElement":[{"@type":"ListItem","position":1,"name":"Portada","item":"https:\/\/yoestudiosalud.es\/fr\/"},{"@type":"ListItem","position":2,"name":"Boutique","item":"https:\/\/yoestudiosalud.es\/fr\/boutique\/"},{"@type":"ListItem","position":3,"name":"GABARIT IMPRIM\u00c9 POUR LA DIGUE"}]},{"@type":"WebSite","@id":"https:\/\/yoestudiosalud.es\/en\/#website","url":"https:\/\/yoestudiosalud.es\/en\/","name":"yoestudiosalud.es","description":"Material para estudiantes del sector salud","publisher":{"@id":"https:\/\/yoestudiosalud.es\/en\/#organization"},"potentialAction":[{"@type":"SearchAction","target":{"@type":"EntryPoint","urlTemplate":"https:\/\/yoestudiosalud.es\/en\/?s={search_term_string}"},"query-input":{"@type":"PropertyValueSpecification","valueRequired":true,"valueName":"search_term_string"}}],"inLanguage":"fr-FR"},{"@type":"Organization","@id":"https:\/\/yoestudiosalud.es\/en\/#organization","name":"yoestudiosalud.es","url":"https:\/\/yoestudiosalud.es\/en\/","logo":{"@type":"ImageObject","inLanguage":"fr-FR","@id":"https:\/\/yoestudiosalud.es\/en\/#\/schema\/logo\/image\/","url":"https:\/\/yoestudiosalud.es\/wp-content\/uploads\/2020\/04\/logonew-e1698080827687.png","contentUrl":"https:\/\/yoestudiosalud.es\/wp-content\/uploads\/2020\/04\/logonew-e1698080827687.png","width":421,"height":393,"caption":"yoestudiosalud.es"},"image":{"@id":"https:\/\/yoestudiosalud.es\/en\/#\/schema\/logo\/image\/"}}]}},"_links":{"self":[{"href":"https:\/\/yoestudiosalud.es\/fr\/wp-json\/wp\/v2\/product\/32120","targetHints":{"allow":["GET"]}}],"collection":[{"href":"https:\/\/yoestudiosalud.es\/fr\/wp-json\/wp\/v2\/product"}],"about":[{"href":"https:\/\/yoestudiosalud.es\/fr\/wp-json\/wp\/v2\/types\/product"}],"wp:featuredmedia":[{"embeddable":true,"href":"https:\/\/yoestudiosalud.es\/fr\/wp-json\/wp\/v2\/media\/32121"}],"wp:attachment":[{"href":"https:\/\/yoestudiosalud.es\/fr\/wp-json\/wp\/v2\/media?parent=32120"}],"wp:term":[{"taxonomy":"product_brand","embeddable":true,"href":"https:\/\/yoestudiosalud.es\/fr\/wp-json\/wp\/v2\/product_brand?post=32120"},{"taxonomy":"product_cat","embeddable":true,"href":"https:\/\/yoestudiosalud.es\/fr\/wp-json\/wp\/v2\/product_cat?post=32120"},{"taxonomy":"product_tag","embeddable":true,"href":"https:\/\/yoestudiosalud.es\/fr\/wp-json\/wp\/v2\/product_tag?post=32120"}],"curies":[{"name":"wp","href":"https:\/\/api.w.org\/{rel}","templated":true}]}}