{"id":32100,"date":"2023-07-06T13:14:09","date_gmt":"2023-07-06T13:14:09","guid":{"rendered":"https:\/\/yoestudiosalud.es\/producto\/otoscopio-pen-scope-vacuum\/"},"modified":"2025-07-02T18:26:38","modified_gmt":"2025-07-02T16:26:38","slug":"otoscopio-pen-scope-vacuum","status":"publish","type":"product","link":"https:\/\/yoestudiosalud.es\/fr\/produit\/otoscopio-pen-scope-vacuum\/","title":{"rendered":"OTOSCOPE<br>PEN-SCOPE VACCUM"},"content":{"rendered":"<p>L&#8217;otoscope pen-scope vaccum est un \u00e9quipement largement utilis\u00e9 en m\u00e9decine.<\/p>\n<p>L&#8217;otoscope sert \u00e0 \u00e9clairer et \u00e0 explorer le conduit auditif, ce qui permet un diagnostic fiable des maladies de l&#8217;oreille.<\/p>\n<p>L&#8217;\u00e9clairage direct permet de r\u00e9duire au minimum les reflets et d&#8217;am\u00e9liorer l&#8217;\u00e9clairage,<\/p>\n<p>L&#8217;otoscope \u00e0 vide pen-scope est \u00e9quip\u00e9 d&#8217;une lampe \u00e0 vide qui fournit un \u00e9clairage optimal pour l&#8217;examen du conduit auditif et du tympan.<\/p>\n<p>Cette technologie d&#8217;\u00e9clairage garantit une visualisation claire et d\u00e9taill\u00e9e des structures de l&#8217;oreille, facilitant ainsi un diagnostic pr\u00e9cis.<\/p>\n<p>L&#8217;un des principaux avantages de l&#8217;otoscope \u00e0 vide pen-scope est sa conception ergonomique et portable.<\/p>\n<p>Gr\u00e2ce \u00e0 sa taille compacte et \u00e0 son poids l\u00e9ger, cet appareil est facile \u00e0 transporter et \u00e0 manipuler, ce qui le rend pratique pour les professionnels de la sant\u00e9 en milieu clinique et hospitalier.<\/p>\n<p>L&#8217;otoscope \u00e0 vide pen-scope est d\u00e9velopp\u00e9 et fabriqu\u00e9 en Allemagne avec d&#8217;excellents mat\u00e9riaux pour garantir une grande fiabilit\u00e9 dans tous les examens.<\/p>\n<p>C&#8217;est le choix pr\u00e9f\u00e9r\u00e9 des professionnels de la sant\u00e9 qui recherchent un outil fiable et efficace pour le diagnostic et le traitement des troubles de l&#8217;oreille.<\/p>\n<p><strong>Caract\u00e9ristiques de l&#8217;otoscope \u00e0 vide pen-scope :<\/strong><\/p>\n<ul>\n<li>\u00c9clairage direct ad\u00e9quat et puissant de 2,7 V.<\/li>\n<li>Loupe amovible \u00e0 grossissement 2,5x pour faciliter<\/li>\n<li>le nettoyage et l&#8217;insertion d&#8217;instruments externes.<\/li>\n<li>Anneau de r\u00e9glage robuste pour placer la t\u00eate dans la position id\u00e9ale par rapport au manche.<\/li>\n<li>Permet l&#8217;otoscopie pneumatique.<\/li>\n<li>Bo\u00eetier en plastique renforc\u00e9 de fibres de verre extr\u00eamement robuste.<\/li>\n<li>Changement facile de l&#8217;ampoule en d\u00e9vissant l&#8217;entr\u00e9e du sp\u00e9culum.<\/li>\n<li>Compatible avec les sp\u00e9culums d&#8217;autres fabricants.<\/li>\n<li>Disponible en noir<\/li>\n<li>\u00c9clairage direct \u00e0 vide de 2,7 V ( Vacuum )<\/li>\n<li>Utilise 2 piles AA (non incluses).<\/li>\n<li>Livr\u00e9 dans un sac en nylon rembourr\u00e9 avec<\/li>\n<li>fermeture Velcro et passant de ceinture.<\/li>\n<li>Comprend 5 sp\u00e9culums r\u00e9utilisables.<\/li>\n<li>MARQUE RIESTER \/ MOD\u00c8LE 2056-200<\/li>\n<\/ul>\n","protected":false},"excerpt":{"rendered":"<p>L&#8217;otoscope pen-scope vaccum est un \u00e9quipement largement utilis\u00e9 en m\u00e9decine.<\/p>\n<p>L&#8217;otoscope sert \u00e0 \u00e9clairer et \u00e0 explorer le conduit auditif, ce qui permet un diagnostic fiable des maladies de l&#8217;oreille.<\/p>\n","protected":false},"featured_media":32101,"template":"","meta":[],"product_brand":[],"product_cat":[721,723],"product_tag":[],"class_list":{"0":"post-32100","1":"product","2":"type-product","3":"status-publish","4":"has-post-thumbnail","6":"product_cat-diagnosticv-fr","7":"product_cat-equipmentm-fr","8":"pa_formacion-veterinaria-fr","9":"pa_formacion-medicina-fr","11":"first","12":"onbackorder","13":"sale","14":"taxable","15":"shipping-taxable","16":"purchasable","17":"product-type-simple"},"yoast_head":"<!-- This site is optimized with the Yoast SEO Premium plugin v27.0 (Yoast SEO v27.4) - https:\/\/yoast.com\/product\/yoast-seo-premium-wordpress\/ -->\n<title>OTOSCOPEPEN-SCOPE VACCUM - yoestudiosalud.es<\/title>\n<meta name=\"description\" content=\"L&#039;otoscope pen-scope vaccum est un \u00e9quipement largement utilis\u00e9 en m\u00e9decine.\" \/>\n<meta name=\"robots\" content=\"index, follow, max-snippet:-1, max-image-preview:large, max-video-preview:-1\" \/>\n<link rel=\"canonical\" href=\"https:\/\/yoestudiosalud.es\/produit\/otoscopio-pen-scope-vacuum\/\" \/>\n<meta property=\"og:locale\" content=\"fr_FR\" \/>\n<meta property=\"og:type\" content=\"article\" \/>\n<meta property=\"og:title\" content=\"OTOSCOPEPEN-SCOPE VACCUM\" \/>\n<meta property=\"og:description\" content=\"L&#039;otoscope pen-scope vaccum est un \u00e9quipement largement utilis\u00e9 en m\u00e9decine.\" \/>\n<meta property=\"og:url\" content=\"https:\/\/yoestudiosalud.es\/produit\/otoscopio-pen-scope-vacuum\/\" \/>\n<meta property=\"og:site_name\" content=\"yoestudiosalud.es\" \/>\n<meta property=\"article:modified_time\" content=\"2025-07-02T16:26:38+00:00\" \/>\n<meta property=\"og:image\" content=\"https:\/\/yoestudiosalud.es\/wp-content\/uploads\/2023\/07\/003852.jpg\" \/>\n\t<meta property=\"og:image:width\" content=\"650\" \/>\n\t<meta property=\"og:image:height\" content=\"650\" \/>\n\t<meta property=\"og:image:type\" content=\"image\/jpeg\" \/>\n<meta name=\"twitter:card\" content=\"summary_large_image\" \/>\n<meta name=\"twitter:label1\" content=\"Dur\u00e9e de lecture estim\u00e9e\" \/>\n\t<meta name=\"twitter:data1\" content=\"2 minutes\" \/>\n<script type=\"application\/ld+json\" class=\"yoast-schema-graph\">{\"@context\":\"https:\\\/\\\/schema.org\",\"@graph\":[{\"@type\":\"WebPage\",\"@id\":\"https:\\\/\\\/yoestudiosalud.es\\\/produit\\\/otoscopio-pen-scope-vacuum\\\/\",\"url\":\"https:\\\/\\\/yoestudiosalud.es\\\/produit\\\/otoscopio-pen-scope-vacuum\\\/\",\"name\":\"OTOSCOPE PEN-SCOPE VACCUM - yoestudiosalud.es\",\"isPartOf\":{\"@id\":\"https:\\\/\\\/yoestudiosalud.es\\\/en\\\/#website\"},\"primaryImageOfPage\":{\"@id\":\"https:\\\/\\\/yoestudiosalud.es\\\/produit\\\/otoscopio-pen-scope-vacuum\\\/#primaryimage\"},\"image\":{\"@id\":\"https:\\\/\\\/yoestudiosalud.es\\\/produit\\\/otoscopio-pen-scope-vacuum\\\/#primaryimage\"},\"thumbnailUrl\":\"https:\\\/\\\/yoestudiosalud.es\\\/wp-content\\\/uploads\\\/2023\\\/07\\\/003852.jpg\",\"datePublished\":\"2023-07-06T13:14:09+00:00\",\"dateModified\":\"2025-07-02T16:26:38+00:00\",\"description\":\"L'otoscope pen-scope vaccum est un \u00e9quipement largement utilis\u00e9 en m\u00e9decine.\",\"breadcrumb\":{\"@id\":\"https:\\\/\\\/yoestudiosalud.es\\\/produit\\\/otoscopio-pen-scope-vacuum\\\/#breadcrumb\"},\"inLanguage\":\"fr-FR\",\"potentialAction\":[{\"@type\":\"ReadAction\",\"target\":[\"https:\\\/\\\/yoestudiosalud.es\\\/produit\\\/otoscopio-pen-scope-vacuum\\\/\"]}]},{\"@type\":\"ImageObject\",\"inLanguage\":\"fr-FR\",\"@id\":\"https:\\\/\\\/yoestudiosalud.es\\\/produit\\\/otoscopio-pen-scope-vacuum\\\/#primaryimage\",\"url\":\"https:\\\/\\\/yoestudiosalud.es\\\/wp-content\\\/uploads\\\/2023\\\/07\\\/003852.jpg\",\"contentUrl\":\"https:\\\/\\\/yoestudiosalud.es\\\/wp-content\\\/uploads\\\/2023\\\/07\\\/003852.jpg\",\"width\":650,\"height\":650,\"caption\":\"OTOSCOPE PEN-SCOPE VACCUM\"},{\"@type\":\"BreadcrumbList\",\"@id\":\"https:\\\/\\\/yoestudiosalud.es\\\/produit\\\/otoscopio-pen-scope-vacuum\\\/#breadcrumb\",\"itemListElement\":[{\"@type\":\"ListItem\",\"position\":1,\"name\":\"Portada\",\"item\":\"https:\\\/\\\/yoestudiosalud.es\\\/fr\\\/\"},{\"@type\":\"ListItem\",\"position\":2,\"name\":\"Boutique\",\"item\":\"https:\\\/\\\/yoestudiosalud.es\\\/fr\\\/boutique\\\/\"},{\"@type\":\"ListItem\",\"position\":3,\"name\":\"OTOSCOPEPEN-SCOPE VACCUM\"}]},{\"@type\":\"WebSite\",\"@id\":\"https:\\\/\\\/yoestudiosalud.es\\\/en\\\/#website\",\"url\":\"https:\\\/\\\/yoestudiosalud.es\\\/en\\\/\",\"name\":\"yoestudiosalud.es\",\"description\":\"Material para estudiantes del sector salud\",\"publisher\":{\"@id\":\"https:\\\/\\\/yoestudiosalud.es\\\/en\\\/#organization\"},\"potentialAction\":[{\"@type\":\"SearchAction\",\"target\":{\"@type\":\"EntryPoint\",\"urlTemplate\":\"https:\\\/\\\/yoestudiosalud.es\\\/en\\\/?s={search_term_string}\"},\"query-input\":{\"@type\":\"PropertyValueSpecification\",\"valueRequired\":true,\"valueName\":\"search_term_string\"}}],\"inLanguage\":\"fr-FR\"},{\"@type\":\"Organization\",\"@id\":\"https:\\\/\\\/yoestudiosalud.es\\\/en\\\/#organization\",\"name\":\"yoestudiosalud.es\",\"url\":\"https:\\\/\\\/yoestudiosalud.es\\\/en\\\/\",\"logo\":{\"@type\":\"ImageObject\",\"inLanguage\":\"fr-FR\",\"@id\":\"https:\\\/\\\/yoestudiosalud.es\\\/en\\\/#\\\/schema\\\/logo\\\/image\\\/\",\"url\":\"https:\\\/\\\/yoestudiosalud.es\\\/wp-content\\\/uploads\\\/2020\\\/04\\\/logonew-e1698080827687.png\",\"contentUrl\":\"https:\\\/\\\/yoestudiosalud.es\\\/wp-content\\\/uploads\\\/2020\\\/04\\\/logonew-e1698080827687.png\",\"width\":421,\"height\":393,\"caption\":\"yoestudiosalud.es\"},\"image\":{\"@id\":\"https:\\\/\\\/yoestudiosalud.es\\\/en\\\/#\\\/schema\\\/logo\\\/image\\\/\"}}]}<\/script>\n<!-- \/ Yoast SEO Premium plugin. -->","yoast_head_json":{"title":"OTOSCOPEPEN-SCOPE VACCUM - yoestudiosalud.es","description":"L'otoscope pen-scope vaccum est un \u00e9quipement largement utilis\u00e9 en m\u00e9decine.","robots":{"index":"index","follow":"follow","max-snippet":"max-snippet:-1","max-image-preview":"max-image-preview:large","max-video-preview":"max-video-preview:-1"},"canonical":"https:\/\/yoestudiosalud.es\/produit\/otoscopio-pen-scope-vacuum\/","og_locale":"fr_FR","og_type":"article","og_title":"OTOSCOPEPEN-SCOPE VACCUM","og_description":"L'otoscope pen-scope vaccum est un \u00e9quipement largement utilis\u00e9 en m\u00e9decine.","og_url":"https:\/\/yoestudiosalud.es\/produit\/otoscopio-pen-scope-vacuum\/","og_site_name":"yoestudiosalud.es","article_modified_time":"2025-07-02T16:26:38+00:00","og_image":[{"width":650,"height":650,"url":"https:\/\/yoestudiosalud.es\/wp-content\/uploads\/2023\/07\/003852.jpg","type":"image\/jpeg"}],"twitter_card":"summary_large_image","twitter_misc":{"Dur\u00e9e de lecture estim\u00e9e":"2 minutes"},"schema":{"@context":"https:\/\/schema.org","@graph":[{"@type":"WebPage","@id":"https:\/\/yoestudiosalud.es\/produit\/otoscopio-pen-scope-vacuum\/","url":"https:\/\/yoestudiosalud.es\/produit\/otoscopio-pen-scope-vacuum\/","name":"OTOSCOPE PEN-SCOPE VACCUM - yoestudiosalud.es","isPartOf":{"@id":"https:\/\/yoestudiosalud.es\/en\/#website"},"primaryImageOfPage":{"@id":"https:\/\/yoestudiosalud.es\/produit\/otoscopio-pen-scope-vacuum\/#primaryimage"},"image":{"@id":"https:\/\/yoestudiosalud.es\/produit\/otoscopio-pen-scope-vacuum\/#primaryimage"},"thumbnailUrl":"https:\/\/yoestudiosalud.es\/wp-content\/uploads\/2023\/07\/003852.jpg","datePublished":"2023-07-06T13:14:09+00:00","dateModified":"2025-07-02T16:26:38+00:00","description":"L'otoscope pen-scope vaccum est un \u00e9quipement largement utilis\u00e9 en m\u00e9decine.","breadcrumb":{"@id":"https:\/\/yoestudiosalud.es\/produit\/otoscopio-pen-scope-vacuum\/#breadcrumb"},"inLanguage":"fr-FR","potentialAction":[{"@type":"ReadAction","target":["https:\/\/yoestudiosalud.es\/produit\/otoscopio-pen-scope-vacuum\/"]}]},{"@type":"ImageObject","inLanguage":"fr-FR","@id":"https:\/\/yoestudiosalud.es\/produit\/otoscopio-pen-scope-vacuum\/#primaryimage","url":"https:\/\/yoestudiosalud.es\/wp-content\/uploads\/2023\/07\/003852.jpg","contentUrl":"https:\/\/yoestudiosalud.es\/wp-content\/uploads\/2023\/07\/003852.jpg","width":650,"height":650,"caption":"OTOSCOPE PEN-SCOPE VACCUM"},{"@type":"BreadcrumbList","@id":"https:\/\/yoestudiosalud.es\/produit\/otoscopio-pen-scope-vacuum\/#breadcrumb","itemListElement":[{"@type":"ListItem","position":1,"name":"Portada","item":"https:\/\/yoestudiosalud.es\/fr\/"},{"@type":"ListItem","position":2,"name":"Boutique","item":"https:\/\/yoestudiosalud.es\/fr\/boutique\/"},{"@type":"ListItem","position":3,"name":"OTOSCOPEPEN-SCOPE VACCUM"}]},{"@type":"WebSite","@id":"https:\/\/yoestudiosalud.es\/en\/#website","url":"https:\/\/yoestudiosalud.es\/en\/","name":"yoestudiosalud.es","description":"Material para estudiantes del sector salud","publisher":{"@id":"https:\/\/yoestudiosalud.es\/en\/#organization"},"potentialAction":[{"@type":"SearchAction","target":{"@type":"EntryPoint","urlTemplate":"https:\/\/yoestudiosalud.es\/en\/?s={search_term_string}"},"query-input":{"@type":"PropertyValueSpecification","valueRequired":true,"valueName":"search_term_string"}}],"inLanguage":"fr-FR"},{"@type":"Organization","@id":"https:\/\/yoestudiosalud.es\/en\/#organization","name":"yoestudiosalud.es","url":"https:\/\/yoestudiosalud.es\/en\/","logo":{"@type":"ImageObject","inLanguage":"fr-FR","@id":"https:\/\/yoestudiosalud.es\/en\/#\/schema\/logo\/image\/","url":"https:\/\/yoestudiosalud.es\/wp-content\/uploads\/2020\/04\/logonew-e1698080827687.png","contentUrl":"https:\/\/yoestudiosalud.es\/wp-content\/uploads\/2020\/04\/logonew-e1698080827687.png","width":421,"height":393,"caption":"yoestudiosalud.es"},"image":{"@id":"https:\/\/yoestudiosalud.es\/en\/#\/schema\/logo\/image\/"}}]}},"_links":{"self":[{"href":"https:\/\/yoestudiosalud.es\/fr\/wp-json\/wp\/v2\/product\/32100","targetHints":{"allow":["GET"]}}],"collection":[{"href":"https:\/\/yoestudiosalud.es\/fr\/wp-json\/wp\/v2\/product"}],"about":[{"href":"https:\/\/yoestudiosalud.es\/fr\/wp-json\/wp\/v2\/types\/product"}],"wp:featuredmedia":[{"embeddable":true,"href":"https:\/\/yoestudiosalud.es\/fr\/wp-json\/wp\/v2\/media\/32101"}],"wp:attachment":[{"href":"https:\/\/yoestudiosalud.es\/fr\/wp-json\/wp\/v2\/media?parent=32100"}],"wp:term":[{"taxonomy":"product_brand","embeddable":true,"href":"https:\/\/yoestudiosalud.es\/fr\/wp-json\/wp\/v2\/product_brand?post=32100"},{"taxonomy":"product_cat","embeddable":true,"href":"https:\/\/yoestudiosalud.es\/fr\/wp-json\/wp\/v2\/product_cat?post=32100"},{"taxonomy":"product_tag","embeddable":true,"href":"https:\/\/yoestudiosalud.es\/fr\/wp-json\/wp\/v2\/product_tag?post=32100"}],"curies":[{"name":"wp","href":"https:\/\/api.w.org\/{rel}","templated":true}]}}