{"id":32099,"date":"2023-07-13T11:13:12","date_gmt":"2023-07-13T11:13:12","guid":{"rendered":"https:\/\/yoestudiosalud.es\/producto\/apoyo-nasal-stratos-300\/"},"modified":"2025-07-02T18:30:11","modified_gmt":"2025-07-02T16:30:11","slug":"apoyo-nasal-stratos-300","status":"publish","type":"product","link":"https:\/\/yoestudiosalud.es\/fr\/produit\/apoyo-nasal-stratos-300\/","title":{"rendered":"SUPPORT NASAL<br>STRATOS 300"},"content":{"rendered":"<p>Stratos 300 support nasal, pi\u00e8ces fondamentales pour l&#8217;utilisation de l&#8217;arc facial.<\/p>\n<p>Ces pi\u00e8ces permettent de d\u00e9terminer le point de r\u00e9f\u00e9rence ant\u00e9rieur et le plan axio-orbitaire.<\/p>\n<p>L&#8217;arc facial est un compl\u00e9ment indispensable aux articulateurs semi-r\u00e9glables ou enti\u00e8rement r\u00e9glables, car il permet de monter le mod\u00e8le sup\u00e9rieur sur la branche sup\u00e9rieure de l&#8217;articulateur dans la m\u00eame position que le maxillaire par rapport au cr\u00e2ne.<\/p>\n<p>L&#8217;enregistrement de l&#8217;arc facial permet de r\u00e9aliser l&#8217;assemblage en reproduisant la position tridimensionnelle du maxillaire par rapport au cr\u00e2ne et de d\u00e9terminer arbitrairement :<\/p>\n<p>a.- Un axe de rotation mandibulaire ou axe de charni\u00e8re.<\/p>\n<p>b.- Un plan de r\u00e9f\u00e9rence appel\u00e9 plan axio-orbitaire (avec l&#8217;appui nasal Stratos 300).<\/p>\n<p>L&#8217;arc facial utilise 3 points de r\u00e9f\u00e9rence : 2 post\u00e9rieurs et 1 ant\u00e9rieur.<\/p>\n<p>Les points de r\u00e9f\u00e9rence post\u00e9rieurs correspondent aux axes de rotation (ou charni\u00e8re) de chaque condyle, qui se trouvent dans le conduit auditif externe par l&#8217;interm\u00e9diaire des olives de l&#8217;arc.<\/p>\n<p>Le point de r\u00e9f\u00e9rence ant\u00e9rieur, dont la terminaison est \u00e9galement arbitraire, est d\u00e9termin\u00e9 \u00e0 une distance sp\u00e9cifique de l&#8217;ar\u00eate nasale \u00e0 l&#8217;aide du positionneur nasal, c&#8217;est-\u00e0-dire la barre d&#8217;appui nasal Stratos 300.<\/p>\n<p>Composants de l&#8217;appui nasal Stratos 300 :<br \/>\nBarre d&#8217;appui nasal qui, une fois en place, doit s&#8217;adapter parfaitement \u00e0 l&#8217;ar\u00eate du nez.<br \/>\nColonne verticale avec vis de fixation, qui a pour fonction de soutenir la barre nasale et de r\u00e9gler sa position ant\u00e9ro-post\u00e9rieure par le biais de la vis et de relier l&#8217;appui nasal \u00e0 la barre transversale de l&#8217;arc facial.<\/p>\n<p>En conclusion, le support nasal Stratos 300 est l&#8217;une des pi\u00e8ces n\u00e9cessaires \u00e0 un enregistrement rapide et pr\u00e9cis. Le transfert de l&#8217;enregistrement du patient est effectu\u00e9 en fixant l&#8217;arc facial complet \u00e0 l&#8217;articulateur Stratos 300.<\/p>\n<p><strong>Caract\u00e9ristiques :<\/strong><\/p>\n<ul>\n<li>Fourni dans une bo\u00eete avec les deux parties : la barre avec le support et la partie d&#8217;ancrage de l&#8217;arc facial.<\/li>\n<li>Produit par Ivoclar Vivadent.<\/li>\n<li>R\u00e9f\u00e9rence du fabricant : #561262<\/li>\n<\/ul>\n","protected":false},"excerpt":{"rendered":"<p>Stratos 300 support nasal, pi\u00e8ces fondamentales pour l&#8217;utilisation de l&#8217;arc facial.<\/p>\n<p>Ces pi\u00e8ces permettent de d\u00e9terminer le point de r\u00e9f\u00e9rence ant\u00e9rieur et le plan axio-orbitaire.<\/p>\n","protected":false},"featured_media":26441,"template":"","meta":[],"product_brand":[],"product_cat":[717],"product_tag":[],"class_list":{"0":"post-32099","1":"product","2":"type-product","3":"status-publish","4":"has-post-thumbnail","6":"product_cat-articulateurs-fr","7":"pa_formacion-odontologia-fr","9":"first","10":"instock","11":"sale","12":"taxable","13":"shipping-taxable","14":"purchasable","15":"product-type-simple"},"yoast_head":"<!-- This site is optimized with the Yoast SEO Premium plugin v27.0 (Yoast SEO v27.2) - https:\/\/yoast.com\/product\/yoast-seo-premium-wordpress\/ -->\n<title>SUPPORT NASALSTRATOS 300 - yoestudiosalud.es dep\u00f3sito dental<\/title>\n<meta name=\"description\" content=\"Stratos 300 support nasal, pi\u00e8ces fondamentales pour l&#039;utilisation de l&#039;arc facial.\" \/>\n<meta name=\"robots\" content=\"index, follow, max-snippet:-1, max-image-preview:large, max-video-preview:-1\" \/>\n<link rel=\"canonical\" href=\"https:\/\/yoestudiosalud.es\/fr\/produit\/apoyo-nasal-stratos-300\/\" \/>\n<meta property=\"og:locale\" content=\"fr_FR\" \/>\n<meta property=\"og:type\" content=\"article\" \/>\n<meta property=\"og:title\" content=\"SUPPORT NASALSTRATOS 300\" \/>\n<meta property=\"og:description\" content=\"Stratos 300 support nasal, pi\u00e8ces fondamentales pour l&#039;utilisation de l&#039;arc facial.\" \/>\n<meta property=\"og:url\" content=\"https:\/\/yoestudiosalud.es\/fr\/produit\/apoyo-nasal-stratos-300\/\" \/>\n<meta property=\"og:site_name\" content=\"yoestudiosalud.es\" \/>\n<meta property=\"article:modified_time\" content=\"2025-07-02T16:30:11+00:00\" \/>\n<meta property=\"og:image\" content=\"https:\/\/yoestudiosalud.es\/wp-content\/uploads\/2023\/07\/004048.jpg\" \/>\n\t<meta property=\"og:image:width\" content=\"650\" \/>\n\t<meta property=\"og:image:height\" content=\"650\" \/>\n\t<meta property=\"og:image:type\" content=\"image\/jpeg\" \/>\n<meta name=\"twitter:card\" content=\"summary_large_image\" \/>\n<meta name=\"twitter:label1\" content=\"Dur\u00e9e de lecture estim\u00e9e\" \/>\n\t<meta name=\"twitter:data1\" content=\"2 minutes\" \/>\n<script type=\"application\/ld+json\" class=\"yoast-schema-graph\">{\"@context\":\"https:\/\/schema.org\",\"@graph\":[{\"@type\":\"WebPage\",\"@id\":\"https:\/\/yoestudiosalud.es\/fr\/produit\/apoyo-nasal-stratos-300\/\",\"url\":\"https:\/\/yoestudiosalud.es\/fr\/produit\/apoyo-nasal-stratos-300\/\",\"name\":\"SUPPORT NASAL STRATOS 300 - yoestudiosalud.es dep\u00f3sito dental\",\"isPartOf\":{\"@id\":\"https:\/\/yoestudiosalud.es\/en\/#website\"},\"primaryImageOfPage\":{\"@id\":\"https:\/\/yoestudiosalud.es\/fr\/produit\/apoyo-nasal-stratos-300\/#primaryimage\"},\"image\":{\"@id\":\"https:\/\/yoestudiosalud.es\/fr\/produit\/apoyo-nasal-stratos-300\/#primaryimage\"},\"thumbnailUrl\":\"https:\/\/yoestudiosalud.es\/wp-content\/uploads\/2023\/07\/004048.jpg\",\"datePublished\":\"2023-07-13T11:13:12+00:00\",\"dateModified\":\"2025-07-02T16:30:11+00:00\",\"description\":\"Stratos 300 support nasal, pi\u00e8ces fondamentales pour l'utilisation de l'arc facial.\",\"breadcrumb\":{\"@id\":\"https:\/\/yoestudiosalud.es\/fr\/produit\/apoyo-nasal-stratos-300\/#breadcrumb\"},\"inLanguage\":\"fr-FR\",\"potentialAction\":[{\"@type\":\"ReadAction\",\"target\":[\"https:\/\/yoestudiosalud.es\/fr\/produit\/apoyo-nasal-stratos-300\/\"]}]},{\"@type\":\"ImageObject\",\"inLanguage\":\"fr-FR\",\"@id\":\"https:\/\/yoestudiosalud.es\/fr\/produit\/apoyo-nasal-stratos-300\/#primaryimage\",\"url\":\"https:\/\/yoestudiosalud.es\/wp-content\/uploads\/2023\/07\/004048.jpg\",\"contentUrl\":\"https:\/\/yoestudiosalud.es\/wp-content\/uploads\/2023\/07\/004048.jpg\",\"width\":650,\"height\":650,\"caption\":\"SUPPORT NASAL STRATOS 300\"},{\"@type\":\"BreadcrumbList\",\"@id\":\"https:\/\/yoestudiosalud.es\/fr\/produit\/apoyo-nasal-stratos-300\/#breadcrumb\",\"itemListElement\":[{\"@type\":\"ListItem\",\"position\":1,\"name\":\"Portada\",\"item\":\"https:\/\/yoestudiosalud.es\/fr\/\"},{\"@type\":\"ListItem\",\"position\":2,\"name\":\"Boutique\",\"item\":\"https:\/\/yoestudiosalud.es\/fr\/boutique\/\"},{\"@type\":\"ListItem\",\"position\":3,\"name\":\"SUPPORT NASALSTRATOS 300\"}]},{\"@type\":\"WebSite\",\"@id\":\"https:\/\/yoestudiosalud.es\/en\/#website\",\"url\":\"https:\/\/yoestudiosalud.es\/en\/\",\"name\":\"yoestudiosalud.es\",\"description\":\"Material para estudiantes del sector salud\",\"publisher\":{\"@id\":\"https:\/\/yoestudiosalud.es\/en\/#organization\"},\"potentialAction\":[{\"@type\":\"SearchAction\",\"target\":{\"@type\":\"EntryPoint\",\"urlTemplate\":\"https:\/\/yoestudiosalud.es\/en\/?s={search_term_string}\"},\"query-input\":{\"@type\":\"PropertyValueSpecification\",\"valueRequired\":true,\"valueName\":\"search_term_string\"}}],\"inLanguage\":\"fr-FR\"},{\"@type\":\"Organization\",\"@id\":\"https:\/\/yoestudiosalud.es\/en\/#organization\",\"name\":\"yoestudiosalud.es\",\"url\":\"https:\/\/yoestudiosalud.es\/en\/\",\"logo\":{\"@type\":\"ImageObject\",\"inLanguage\":\"fr-FR\",\"@id\":\"https:\/\/yoestudiosalud.es\/en\/#\/schema\/logo\/image\/\",\"url\":\"https:\/\/yoestudiosalud.es\/wp-content\/uploads\/2020\/04\/logonew-e1698080827687.png\",\"contentUrl\":\"https:\/\/yoestudiosalud.es\/wp-content\/uploads\/2020\/04\/logonew-e1698080827687.png\",\"width\":421,\"height\":393,\"caption\":\"yoestudiosalud.es\"},\"image\":{\"@id\":\"https:\/\/yoestudiosalud.es\/en\/#\/schema\/logo\/image\/\"}}]}<\/script>\n<!-- \/ Yoast SEO Premium plugin. -->","yoast_head_json":{"title":"SUPPORT NASALSTRATOS 300 - yoestudiosalud.es dep\u00f3sito dental","description":"Stratos 300 support nasal, pi\u00e8ces fondamentales pour l'utilisation de l'arc facial.","robots":{"index":"index","follow":"follow","max-snippet":"max-snippet:-1","max-image-preview":"max-image-preview:large","max-video-preview":"max-video-preview:-1"},"canonical":"https:\/\/yoestudiosalud.es\/fr\/produit\/apoyo-nasal-stratos-300\/","og_locale":"fr_FR","og_type":"article","og_title":"SUPPORT NASALSTRATOS 300","og_description":"Stratos 300 support nasal, pi\u00e8ces fondamentales pour l'utilisation de l'arc facial.","og_url":"https:\/\/yoestudiosalud.es\/fr\/produit\/apoyo-nasal-stratos-300\/","og_site_name":"yoestudiosalud.es","article_modified_time":"2025-07-02T16:30:11+00:00","og_image":[{"width":650,"height":650,"url":"https:\/\/yoestudiosalud.es\/wp-content\/uploads\/2023\/07\/004048.jpg","type":"image\/jpeg"}],"twitter_card":"summary_large_image","twitter_misc":{"Dur\u00e9e de lecture estim\u00e9e":"2 minutes"},"schema":{"@context":"https:\/\/schema.org","@graph":[{"@type":"WebPage","@id":"https:\/\/yoestudiosalud.es\/fr\/produit\/apoyo-nasal-stratos-300\/","url":"https:\/\/yoestudiosalud.es\/fr\/produit\/apoyo-nasal-stratos-300\/","name":"SUPPORT NASAL STRATOS 300 - yoestudiosalud.es dep\u00f3sito dental","isPartOf":{"@id":"https:\/\/yoestudiosalud.es\/en\/#website"},"primaryImageOfPage":{"@id":"https:\/\/yoestudiosalud.es\/fr\/produit\/apoyo-nasal-stratos-300\/#primaryimage"},"image":{"@id":"https:\/\/yoestudiosalud.es\/fr\/produit\/apoyo-nasal-stratos-300\/#primaryimage"},"thumbnailUrl":"https:\/\/yoestudiosalud.es\/wp-content\/uploads\/2023\/07\/004048.jpg","datePublished":"2023-07-13T11:13:12+00:00","dateModified":"2025-07-02T16:30:11+00:00","description":"Stratos 300 support nasal, pi\u00e8ces fondamentales pour l'utilisation de l'arc facial.","breadcrumb":{"@id":"https:\/\/yoestudiosalud.es\/fr\/produit\/apoyo-nasal-stratos-300\/#breadcrumb"},"inLanguage":"fr-FR","potentialAction":[{"@type":"ReadAction","target":["https:\/\/yoestudiosalud.es\/fr\/produit\/apoyo-nasal-stratos-300\/"]}]},{"@type":"ImageObject","inLanguage":"fr-FR","@id":"https:\/\/yoestudiosalud.es\/fr\/produit\/apoyo-nasal-stratos-300\/#primaryimage","url":"https:\/\/yoestudiosalud.es\/wp-content\/uploads\/2023\/07\/004048.jpg","contentUrl":"https:\/\/yoestudiosalud.es\/wp-content\/uploads\/2023\/07\/004048.jpg","width":650,"height":650,"caption":"SUPPORT NASAL STRATOS 300"},{"@type":"BreadcrumbList","@id":"https:\/\/yoestudiosalud.es\/fr\/produit\/apoyo-nasal-stratos-300\/#breadcrumb","itemListElement":[{"@type":"ListItem","position":1,"name":"Portada","item":"https:\/\/yoestudiosalud.es\/fr\/"},{"@type":"ListItem","position":2,"name":"Boutique","item":"https:\/\/yoestudiosalud.es\/fr\/boutique\/"},{"@type":"ListItem","position":3,"name":"SUPPORT NASALSTRATOS 300"}]},{"@type":"WebSite","@id":"https:\/\/yoestudiosalud.es\/en\/#website","url":"https:\/\/yoestudiosalud.es\/en\/","name":"yoestudiosalud.es","description":"Material para estudiantes del sector salud","publisher":{"@id":"https:\/\/yoestudiosalud.es\/en\/#organization"},"potentialAction":[{"@type":"SearchAction","target":{"@type":"EntryPoint","urlTemplate":"https:\/\/yoestudiosalud.es\/en\/?s={search_term_string}"},"query-input":{"@type":"PropertyValueSpecification","valueRequired":true,"valueName":"search_term_string"}}],"inLanguage":"fr-FR"},{"@type":"Organization","@id":"https:\/\/yoestudiosalud.es\/en\/#organization","name":"yoestudiosalud.es","url":"https:\/\/yoestudiosalud.es\/en\/","logo":{"@type":"ImageObject","inLanguage":"fr-FR","@id":"https:\/\/yoestudiosalud.es\/en\/#\/schema\/logo\/image\/","url":"https:\/\/yoestudiosalud.es\/wp-content\/uploads\/2020\/04\/logonew-e1698080827687.png","contentUrl":"https:\/\/yoestudiosalud.es\/wp-content\/uploads\/2020\/04\/logonew-e1698080827687.png","width":421,"height":393,"caption":"yoestudiosalud.es"},"image":{"@id":"https:\/\/yoestudiosalud.es\/en\/#\/schema\/logo\/image\/"}}]}},"_links":{"self":[{"href":"https:\/\/yoestudiosalud.es\/fr\/wp-json\/wp\/v2\/product\/32099","targetHints":{"allow":["GET"]}}],"collection":[{"href":"https:\/\/yoestudiosalud.es\/fr\/wp-json\/wp\/v2\/product"}],"about":[{"href":"https:\/\/yoestudiosalud.es\/fr\/wp-json\/wp\/v2\/types\/product"}],"wp:featuredmedia":[{"embeddable":true,"href":"https:\/\/yoestudiosalud.es\/fr\/wp-json\/wp\/v2\/media\/26441"}],"wp:attachment":[{"href":"https:\/\/yoestudiosalud.es\/fr\/wp-json\/wp\/v2\/media?parent=32099"}],"wp:term":[{"taxonomy":"product_brand","embeddable":true,"href":"https:\/\/yoestudiosalud.es\/fr\/wp-json\/wp\/v2\/product_brand?post=32099"},{"taxonomy":"product_cat","embeddable":true,"href":"https:\/\/yoestudiosalud.es\/fr\/wp-json\/wp\/v2\/product_cat?post=32099"},{"taxonomy":"product_tag","embeddable":true,"href":"https:\/\/yoestudiosalud.es\/fr\/wp-json\/wp\/v2\/product_tag?post=32099"}],"curies":[{"name":"wp","href":"https:\/\/api.w.org\/{rel}","templated":true}]}}