{"id":32095,"date":"2023-07-19T16:08:43","date_gmt":"2023-07-19T16:08:43","guid":{"rendered":"https:\/\/yoestudiosalud.es\/producto\/cureta-lucas-86\/"},"modified":"2025-07-02T18:32:10","modified_gmt":"2025-07-02T16:32:10","slug":"cureta-lucas-86","status":"publish","type":"product","link":"https:\/\/yoestudiosalud.es\/fr\/produit\/cureta-lucas-86\/","title":{"rendered":"CURETTE LUCAS #86"},"content":{"rendered":"<div class=\"flex-1 overflow-hidden\">\n<div class=\"react-scroll-to-bottom--css-vasgb-79elbk h-full dark:bg-gray-800\">\n<div class=\"react-scroll-to-bottom--css-vasgb-1n7m0yu\">\n<div class=\"flex flex-col text-sm dark:bg-gray-800\">\n<div class=\"group w-full text-gray-800 dark:text-gray-100 border-b border-black\/10 dark:border-gray-900\/50 bg-gray-50 dark:bg-[#444654]\">\n<div class=\"flex p-4 gap-4 text-base md:gap-6 md:max-w-2xl lg:max-w-[38rem] xl:max-w-3xl md:py-6 lg:px-0 m-auto\">\n<div class=\"relative flex w-[calc(100%-50px)] flex-col gap-1 md:gap-3 lg:w-[calc(100%-115px)]\">\n<div class=\"flex flex-grow flex-col gap-3\">\n<div class=\"min-h-[20px] flex items-start overflow-x-auto whitespace-pre-wrap break-words flex-col gap-4\">\n<div class=\"markdown prose w-full break-words dark:prose-invert light\">\n<p>La curette Lucas #86 est utilis\u00e9e en dentisterie pour retirer avec pr\u00e9cision des tissus ou des excroissances de l&#8217;alv\u00e9ole.<\/p>\n<p>Avec sa forme caract\u00e9ristique de cuill\u00e8re aux deux extr\u00e9mit\u00e9s, cet outil s&#8217;av\u00e8re tr\u00e8s efficace et polyvalent dans diverses interventions dentaires.<\/p>\n<p>En particulier, les curettes sont d&#8217;une importance vitale pour r\u00e9aliser le parage alv\u00e9olaire, une proc\u00e9dure qui implique l&#8217;\u00e9limination s\u00e9lective du tissu osseux de l&#8217;alv\u00e9ole.<\/p>\n<p>Cette technique est essentielle dans les cas o\u00f9 un remodelage ou une pr\u00e9paration sp\u00e9cifique de la zone est n\u00e9cessaire pour les proth\u00e8ses dentaires, les implants ou d&#8217;autres interventions.<\/p>\n<p>En outre, la curette Lucas #85 excelle dans l&#8217;\u00e9limination des tissus kystiques, en particulier dans les cas de granulomes apicaux.<\/p>\n<p>Ces kystes peuvent constituer une complication grave et, par cons\u00e9quent, une instrumentation efficace est essentielle pour assurer l&#8217;\u00e9limination compl\u00e8te et s\u00fbre du tissu affect\u00e9.<\/p>\n<p>En outre, la curette Lucas #86 est utile pour contr\u00f4ler le tissu de granulation dans l&#8217;alv\u00e9ole.<\/p>\n<p>Le tissu de granulation est une r\u00e9ponse naturelle de l&#8217;organisme \u00e0 l&#8217;inflammation ou \u00e0 l&#8217;irritation et doit \u00eatre \u00e9limin\u00e9 pour favoriser une bonne cicatrisation.<\/p>\n<p>La conception ergonomique et le mat\u00e9riau de haute qualit\u00e9, g\u00e9n\u00e9ralement de l&#8217;acier inoxydable, garantissent que la curette Lucas #85 conserve son tranchant et sa solidit\u00e9 au fil du temps, ce qui permet une utilisation prolong\u00e9e et des r\u00e9sultats constants \u00e0 chaque proc\u00e9dure.<\/p>\n<p>En r\u00e9sum\u00e9, la curette Lucas #85 est un outil essentiel en dentisterie pour l&#8217;\u00e9limination adroite et pr\u00e9cise des tissus ou des excroissances alv\u00e9olaires.<\/p>\n<p>Sa polyvalence excelle dans le parage alv\u00e9olaire pour le remodelage osseux, ainsi que dans l&#8217;\u00e9limination des tissus kystiques et des tissus de granulation.<\/p>\n<p><strong>Caract\u00e9ristiques : <\/strong><\/p>\n<ul>\n<li>Fabriqu\u00e9 en acier inoxydable.<\/li>\n<li>Marque : M\u00e1ster Surgical<\/li>\n<li>R\u00e9f\u00e9rence du fabricant : 882<\/li>\n<li>3 mm dans ses parties actives.<\/li>\n<li>St\u00e9rilisable en autoclave.<\/li>\n<\/ul>\n<\/div>\n<\/div>\n<\/div>\n<\/div>\n<\/div>\n<\/div>\n<\/div>\n<\/div>\n<\/div>\n<\/div>\n","protected":false},"excerpt":{"rendered":"<p>La curette Lucas #86 est utilis\u00e9e en dentisterie pour retirer avec pr\u00e9cision des tissus ou des excroissances de l&#8217;alv\u00e9ole.<\/p>\n<p>Avec sa forme caract\u00e9ristique de cuill\u00e8re aux deux extr\u00e9mit\u00e9s, cet outil s&#8217;av\u00e8re tr\u00e8s efficace et polyvalent dans diverses interventions dentaires.<\/p>\n","protected":false},"featured_media":32096,"template":"","meta":[],"product_brand":[],"product_cat":[671,681,712],"product_tag":[688,763],"class_list":{"0":"post-32095","1":"product","2":"type-product","3":"status-publish","4":"has-post-thumbnail","6":"product_cat-instrumental-fr","7":"product_cat-chirurgie-fr","8":"product_cat-periodontie-fr","9":"product_tag-ceu3","10":"product_tag-uev3","11":"pa_formacion-odontologia-fr","13":"first","14":"instock","15":"sale","16":"taxable","17":"shipping-taxable","18":"purchasable","19":"product-type-simple"},"yoast_head":"<!-- This site is optimized with the Yoast SEO Premium plugin v27.0 (Yoast SEO v27.2) - https:\/\/yoast.com\/product\/yoast-seo-premium-wordpress\/ -->\n<title>CURETTE LUCAS #86 - yoestudiosalud.es<\/title>\n<meta name=\"description\" content=\"La curette Lucas #86 est utilis\u00e9e en dentisterie pour retirer avec pr\u00e9cision des tissus ou des excroissances de l&#039;alv\u00e9ole.\" \/>\n<meta name=\"robots\" content=\"index, follow, max-snippet:-1, max-image-preview:large, max-video-preview:-1\" \/>\n<link rel=\"canonical\" href=\"https:\/\/yoestudiosalud.es\/produit\/cureta-lucas-86\/\" \/>\n<meta property=\"og:locale\" content=\"fr_FR\" \/>\n<meta property=\"og:type\" content=\"article\" \/>\n<meta property=\"og:title\" content=\"CURETTE LUCAS #86\" \/>\n<meta property=\"og:description\" content=\"La curette Lucas #86 est utilis\u00e9e en dentisterie pour retirer avec pr\u00e9cision des tissus ou des excroissances de l&#039;alv\u00e9ole.\" \/>\n<meta property=\"og:url\" content=\"https:\/\/yoestudiosalud.es\/produit\/cureta-lucas-86\/\" \/>\n<meta property=\"og:site_name\" content=\"yoestudiosalud.es\" \/>\n<meta property=\"article:modified_time\" content=\"2025-07-02T16:32:10+00:00\" \/>\n<meta property=\"og:image\" content=\"https:\/\/yoestudiosalud.es\/wp-content\/uploads\/2023\/07\/001602.jpg\" \/>\n\t<meta property=\"og:image:width\" content=\"650\" \/>\n\t<meta property=\"og:image:height\" content=\"650\" \/>\n\t<meta property=\"og:image:type\" content=\"image\/jpeg\" \/>\n<meta name=\"twitter:card\" content=\"summary_large_image\" \/>\n<meta name=\"twitter:label1\" content=\"Dur\u00e9e de lecture estim\u00e9e\" \/>\n\t<meta name=\"twitter:data1\" content=\"2 minutes\" \/>\n<script type=\"application\/ld+json\" class=\"yoast-schema-graph\">{\"@context\":\"https:\/\/schema.org\",\"@graph\":[{\"@type\":\"WebPage\",\"@id\":\"https:\/\/yoestudiosalud.es\/produit\/cureta-lucas-86\/\",\"url\":\"https:\/\/yoestudiosalud.es\/produit\/cureta-lucas-86\/\",\"name\":\"CURETTE LUCAS #86 - yoestudiosalud.es\",\"isPartOf\":{\"@id\":\"https:\/\/yoestudiosalud.es\/en\/#website\"},\"primaryImageOfPage\":{\"@id\":\"https:\/\/yoestudiosalud.es\/produit\/cureta-lucas-86\/#primaryimage\"},\"image\":{\"@id\":\"https:\/\/yoestudiosalud.es\/produit\/cureta-lucas-86\/#primaryimage\"},\"thumbnailUrl\":\"https:\/\/yoestudiosalud.es\/wp-content\/uploads\/2023\/07\/001602.jpg\",\"datePublished\":\"2023-07-19T16:08:43+00:00\",\"dateModified\":\"2025-07-02T16:32:10+00:00\",\"description\":\"La curette Lucas #86 est utilis\u00e9e en dentisterie pour retirer avec pr\u00e9cision des tissus ou des excroissances de l'alv\u00e9ole.\",\"breadcrumb\":{\"@id\":\"https:\/\/yoestudiosalud.es\/produit\/cureta-lucas-86\/#breadcrumb\"},\"inLanguage\":\"fr-FR\",\"potentialAction\":[{\"@type\":\"ReadAction\",\"target\":[\"https:\/\/yoestudiosalud.es\/produit\/cureta-lucas-86\/\"]}]},{\"@type\":\"ImageObject\",\"inLanguage\":\"fr-FR\",\"@id\":\"https:\/\/yoestudiosalud.es\/produit\/cureta-lucas-86\/#primaryimage\",\"url\":\"https:\/\/yoestudiosalud.es\/wp-content\/uploads\/2023\/07\/001602.jpg\",\"contentUrl\":\"https:\/\/yoestudiosalud.es\/wp-content\/uploads\/2023\/07\/001602.jpg\",\"width\":650,\"height\":650,\"caption\":\"CURETTE LUCAS #86\"},{\"@type\":\"BreadcrumbList\",\"@id\":\"https:\/\/yoestudiosalud.es\/produit\/cureta-lucas-86\/#breadcrumb\",\"itemListElement\":[{\"@type\":\"ListItem\",\"position\":1,\"name\":\"Portada\",\"item\":\"https:\/\/yoestudiosalud.es\/fr\/\"},{\"@type\":\"ListItem\",\"position\":2,\"name\":\"Boutique\",\"item\":\"https:\/\/yoestudiosalud.es\/fr\/boutique\/\"},{\"@type\":\"ListItem\",\"position\":3,\"name\":\"CURETTE LUCAS #86\"}]},{\"@type\":\"WebSite\",\"@id\":\"https:\/\/yoestudiosalud.es\/en\/#website\",\"url\":\"https:\/\/yoestudiosalud.es\/en\/\",\"name\":\"yoestudiosalud.es\",\"description\":\"Material para estudiantes del sector salud\",\"publisher\":{\"@id\":\"https:\/\/yoestudiosalud.es\/en\/#organization\"},\"potentialAction\":[{\"@type\":\"SearchAction\",\"target\":{\"@type\":\"EntryPoint\",\"urlTemplate\":\"https:\/\/yoestudiosalud.es\/en\/?s={search_term_string}\"},\"query-input\":{\"@type\":\"PropertyValueSpecification\",\"valueRequired\":true,\"valueName\":\"search_term_string\"}}],\"inLanguage\":\"fr-FR\"},{\"@type\":\"Organization\",\"@id\":\"https:\/\/yoestudiosalud.es\/en\/#organization\",\"name\":\"yoestudiosalud.es\",\"url\":\"https:\/\/yoestudiosalud.es\/en\/\",\"logo\":{\"@type\":\"ImageObject\",\"inLanguage\":\"fr-FR\",\"@id\":\"https:\/\/yoestudiosalud.es\/en\/#\/schema\/logo\/image\/\",\"url\":\"https:\/\/yoestudiosalud.es\/wp-content\/uploads\/2020\/04\/logonew-e1698080827687.png\",\"contentUrl\":\"https:\/\/yoestudiosalud.es\/wp-content\/uploads\/2020\/04\/logonew-e1698080827687.png\",\"width\":421,\"height\":393,\"caption\":\"yoestudiosalud.es\"},\"image\":{\"@id\":\"https:\/\/yoestudiosalud.es\/en\/#\/schema\/logo\/image\/\"}}]}<\/script>\n<!-- \/ Yoast SEO Premium plugin. -->","yoast_head_json":{"title":"CURETTE LUCAS #86 - yoestudiosalud.es","description":"La curette Lucas #86 est utilis\u00e9e en dentisterie pour retirer avec pr\u00e9cision des tissus ou des excroissances de l'alv\u00e9ole.","robots":{"index":"index","follow":"follow","max-snippet":"max-snippet:-1","max-image-preview":"max-image-preview:large","max-video-preview":"max-video-preview:-1"},"canonical":"https:\/\/yoestudiosalud.es\/produit\/cureta-lucas-86\/","og_locale":"fr_FR","og_type":"article","og_title":"CURETTE LUCAS #86","og_description":"La curette Lucas #86 est utilis\u00e9e en dentisterie pour retirer avec pr\u00e9cision des tissus ou des excroissances de l'alv\u00e9ole.","og_url":"https:\/\/yoestudiosalud.es\/produit\/cureta-lucas-86\/","og_site_name":"yoestudiosalud.es","article_modified_time":"2025-07-02T16:32:10+00:00","og_image":[{"width":650,"height":650,"url":"https:\/\/yoestudiosalud.es\/wp-content\/uploads\/2023\/07\/001602.jpg","type":"image\/jpeg"}],"twitter_card":"summary_large_image","twitter_misc":{"Dur\u00e9e de lecture estim\u00e9e":"2 minutes"},"schema":{"@context":"https:\/\/schema.org","@graph":[{"@type":"WebPage","@id":"https:\/\/yoestudiosalud.es\/produit\/cureta-lucas-86\/","url":"https:\/\/yoestudiosalud.es\/produit\/cureta-lucas-86\/","name":"CURETTE LUCAS #86 - yoestudiosalud.es","isPartOf":{"@id":"https:\/\/yoestudiosalud.es\/en\/#website"},"primaryImageOfPage":{"@id":"https:\/\/yoestudiosalud.es\/produit\/cureta-lucas-86\/#primaryimage"},"image":{"@id":"https:\/\/yoestudiosalud.es\/produit\/cureta-lucas-86\/#primaryimage"},"thumbnailUrl":"https:\/\/yoestudiosalud.es\/wp-content\/uploads\/2023\/07\/001602.jpg","datePublished":"2023-07-19T16:08:43+00:00","dateModified":"2025-07-02T16:32:10+00:00","description":"La curette Lucas #86 est utilis\u00e9e en dentisterie pour retirer avec pr\u00e9cision des tissus ou des excroissances de l'alv\u00e9ole.","breadcrumb":{"@id":"https:\/\/yoestudiosalud.es\/produit\/cureta-lucas-86\/#breadcrumb"},"inLanguage":"fr-FR","potentialAction":[{"@type":"ReadAction","target":["https:\/\/yoestudiosalud.es\/produit\/cureta-lucas-86\/"]}]},{"@type":"ImageObject","inLanguage":"fr-FR","@id":"https:\/\/yoestudiosalud.es\/produit\/cureta-lucas-86\/#primaryimage","url":"https:\/\/yoestudiosalud.es\/wp-content\/uploads\/2023\/07\/001602.jpg","contentUrl":"https:\/\/yoestudiosalud.es\/wp-content\/uploads\/2023\/07\/001602.jpg","width":650,"height":650,"caption":"CURETTE LUCAS #86"},{"@type":"BreadcrumbList","@id":"https:\/\/yoestudiosalud.es\/produit\/cureta-lucas-86\/#breadcrumb","itemListElement":[{"@type":"ListItem","position":1,"name":"Portada","item":"https:\/\/yoestudiosalud.es\/fr\/"},{"@type":"ListItem","position":2,"name":"Boutique","item":"https:\/\/yoestudiosalud.es\/fr\/boutique\/"},{"@type":"ListItem","position":3,"name":"CURETTE LUCAS #86"}]},{"@type":"WebSite","@id":"https:\/\/yoestudiosalud.es\/en\/#website","url":"https:\/\/yoestudiosalud.es\/en\/","name":"yoestudiosalud.es","description":"Material para estudiantes del sector salud","publisher":{"@id":"https:\/\/yoestudiosalud.es\/en\/#organization"},"potentialAction":[{"@type":"SearchAction","target":{"@type":"EntryPoint","urlTemplate":"https:\/\/yoestudiosalud.es\/en\/?s={search_term_string}"},"query-input":{"@type":"PropertyValueSpecification","valueRequired":true,"valueName":"search_term_string"}}],"inLanguage":"fr-FR"},{"@type":"Organization","@id":"https:\/\/yoestudiosalud.es\/en\/#organization","name":"yoestudiosalud.es","url":"https:\/\/yoestudiosalud.es\/en\/","logo":{"@type":"ImageObject","inLanguage":"fr-FR","@id":"https:\/\/yoestudiosalud.es\/en\/#\/schema\/logo\/image\/","url":"https:\/\/yoestudiosalud.es\/wp-content\/uploads\/2020\/04\/logonew-e1698080827687.png","contentUrl":"https:\/\/yoestudiosalud.es\/wp-content\/uploads\/2020\/04\/logonew-e1698080827687.png","width":421,"height":393,"caption":"yoestudiosalud.es"},"image":{"@id":"https:\/\/yoestudiosalud.es\/en\/#\/schema\/logo\/image\/"}}]}},"_links":{"self":[{"href":"https:\/\/yoestudiosalud.es\/fr\/wp-json\/wp\/v2\/product\/32095","targetHints":{"allow":["GET"]}}],"collection":[{"href":"https:\/\/yoestudiosalud.es\/fr\/wp-json\/wp\/v2\/product"}],"about":[{"href":"https:\/\/yoestudiosalud.es\/fr\/wp-json\/wp\/v2\/types\/product"}],"wp:featuredmedia":[{"embeddable":true,"href":"https:\/\/yoestudiosalud.es\/fr\/wp-json\/wp\/v2\/media\/32096"}],"wp:attachment":[{"href":"https:\/\/yoestudiosalud.es\/fr\/wp-json\/wp\/v2\/media?parent=32095"}],"wp:term":[{"taxonomy":"product_brand","embeddable":true,"href":"https:\/\/yoestudiosalud.es\/fr\/wp-json\/wp\/v2\/product_brand?post=32095"},{"taxonomy":"product_cat","embeddable":true,"href":"https:\/\/yoestudiosalud.es\/fr\/wp-json\/wp\/v2\/product_cat?post=32095"},{"taxonomy":"product_tag","embeddable":true,"href":"https:\/\/yoestudiosalud.es\/fr\/wp-json\/wp\/v2\/product_tag?post=32095"}],"curies":[{"name":"wp","href":"https:\/\/api.w.org\/{rel}","templated":true}]}}