{"id":32081,"date":"2023-11-28T15:42:13","date_gmt":"2023-11-28T15:42:13","guid":{"rendered":"https:\/\/yoestudiosalud.es\/producto\/asa-dental-oclusor-charnela-5001\/"},"modified":"2025-07-02T18:50:43","modified_gmt":"2025-07-02T16:50:43","slug":"asa-dental-oclusor-charnela-5001","status":"publish","type":"product","link":"https:\/\/yoestudiosalud.es\/fr\/produit\/asa-dental-oclusor-charnela-5001\/","title":{"rendered":"ASA DENTAL L\u00b4OCCLUSIF CHARNELA 5001"},"content":{"rendered":"<p>L&#8217;occlusif Charnela 5001 d&#8217;Asa Dental est une alternative solide et pr\u00e9cise pour votre travail proth\u00e9tique et votre pratique de laboratoire.<\/p>\n<p>Fabriqu\u00e9 en m\u00e9tal particuli\u00e8rement r\u00e9sistant. Con\u00e7u par Asa Dental, l&#8217;occluseur Charnela 5001 fonctionne en harmonie avec le reste des articulateurs de la m\u00eame marque.<\/p>\n","protected":false},"excerpt":{"rendered":"<p>L&#8217;occlusif Charnela 5001 d&#8217;Asa Dental est une alternative solide et pr\u00e9cise pour votre travail proth\u00e9tique et votre pratique de laboratoire.<\/p>\n","protected":false},"featured_media":32082,"template":"","meta":[],"product_brand":[],"product_cat":[717],"product_tag":[757],"class_list":{"0":"post-32081","1":"product","2":"type-product","3":"status-publish","4":"has-post-thumbnail","6":"product_cat-articulateurs-fr","7":"product_tag-prot-fp-folguera-fr","8":"pa_formacion-odontologia-fr","10":"first","11":"onbackorder","12":"taxable","13":"shipping-taxable","14":"purchasable","15":"product-type-simple"},"yoast_head":"<!-- This site is optimized with the Yoast SEO Premium plugin v27.0 (Yoast SEO v27.2) - https:\/\/yoast.com\/product\/yoast-seo-premium-wordpress\/ -->\n<title>ASA DENTAL L\u00b4OCCLUSIF CHARNELA 5001 - yoestudiosalud.es<\/title>\n<meta name=\"robots\" content=\"index, follow, max-snippet:-1, max-image-preview:large, max-video-preview:-1\" \/>\n<link rel=\"canonical\" href=\"https:\/\/yoestudiosalud.es\/produit\/asa-dental-oclusor-charnela-5001\/\" \/>\n<meta property=\"og:locale\" content=\"fr_FR\" \/>\n<meta property=\"og:type\" content=\"article\" \/>\n<meta property=\"og:title\" content=\"ASA DENTAL L\u00b4OCCLUSIF CHARNELA 5001\" \/>\n<meta property=\"og:description\" content=\"L&#039;occlusif Charnela 5001 d&#039;Asa Dental est une alternative solide et pr\u00e9cise pour votre travail proth\u00e9tique et votre pratique de laboratoire.\" \/>\n<meta property=\"og:url\" content=\"https:\/\/yoestudiosalud.es\/produit\/asa-dental-oclusor-charnela-5001\/\" \/>\n<meta property=\"og:site_name\" content=\"yoestudiosalud.es\" \/>\n<meta property=\"article:modified_time\" content=\"2025-07-02T16:50:43+00:00\" \/>\n<meta property=\"og:image\" content=\"https:\/\/yoestudiosalud.es\/wp-content\/uploads\/2023\/11\/asa5001.jpg\" \/>\n\t<meta property=\"og:image:width\" content=\"650\" \/>\n\t<meta property=\"og:image:height\" content=\"650\" \/>\n\t<meta property=\"og:image:type\" content=\"image\/jpeg\" \/>\n<meta name=\"twitter:card\" content=\"summary_large_image\" \/>\n<script type=\"application\/ld+json\" class=\"yoast-schema-graph\">{\"@context\":\"https:\/\/schema.org\",\"@graph\":[{\"@type\":\"WebPage\",\"@id\":\"https:\/\/yoestudiosalud.es\/produit\/asa-dental-oclusor-charnela-5001\/\",\"url\":\"https:\/\/yoestudiosalud.es\/produit\/asa-dental-oclusor-charnela-5001\/\",\"name\":\"ASA DENTAL L\u00b4OCCLUSIF CHARNELA 5001 - yoestudiosalud.es\",\"isPartOf\":{\"@id\":\"https:\/\/yoestudiosalud.es\/en\/#website\"},\"primaryImageOfPage\":{\"@id\":\"https:\/\/yoestudiosalud.es\/produit\/asa-dental-oclusor-charnela-5001\/#primaryimage\"},\"image\":{\"@id\":\"https:\/\/yoestudiosalud.es\/produit\/asa-dental-oclusor-charnela-5001\/#primaryimage\"},\"thumbnailUrl\":\"https:\/\/yoestudiosalud.es\/wp-content\/uploads\/2023\/11\/asa5001.jpg\",\"datePublished\":\"2023-11-28T15:42:13+00:00\",\"dateModified\":\"2025-07-02T16:50:43+00:00\",\"breadcrumb\":{\"@id\":\"https:\/\/yoestudiosalud.es\/produit\/asa-dental-oclusor-charnela-5001\/#breadcrumb\"},\"inLanguage\":\"fr-FR\",\"potentialAction\":[{\"@type\":\"ReadAction\",\"target\":[\"https:\/\/yoestudiosalud.es\/produit\/asa-dental-oclusor-charnela-5001\/\"]}]},{\"@type\":\"ImageObject\",\"inLanguage\":\"fr-FR\",\"@id\":\"https:\/\/yoestudiosalud.es\/produit\/asa-dental-oclusor-charnela-5001\/#primaryimage\",\"url\":\"https:\/\/yoestudiosalud.es\/wp-content\/uploads\/2023\/11\/asa5001.jpg\",\"contentUrl\":\"https:\/\/yoestudiosalud.es\/wp-content\/uploads\/2023\/11\/asa5001.jpg\",\"width\":650,\"height\":650},{\"@type\":\"BreadcrumbList\",\"@id\":\"https:\/\/yoestudiosalud.es\/produit\/asa-dental-oclusor-charnela-5001\/#breadcrumb\",\"itemListElement\":[{\"@type\":\"ListItem\",\"position\":1,\"name\":\"Portada\",\"item\":\"https:\/\/yoestudiosalud.es\/fr\/\"},{\"@type\":\"ListItem\",\"position\":2,\"name\":\"Boutique\",\"item\":\"https:\/\/yoestudiosalud.es\/fr\/boutique\/\"},{\"@type\":\"ListItem\",\"position\":3,\"name\":\"ASA DENTAL L\u00b4OCCLUSIF CHARNELA 5001\"}]},{\"@type\":\"WebSite\",\"@id\":\"https:\/\/yoestudiosalud.es\/en\/#website\",\"url\":\"https:\/\/yoestudiosalud.es\/en\/\",\"name\":\"yoestudiosalud.es\",\"description\":\"Material para estudiantes del sector salud\",\"publisher\":{\"@id\":\"https:\/\/yoestudiosalud.es\/en\/#organization\"},\"potentialAction\":[{\"@type\":\"SearchAction\",\"target\":{\"@type\":\"EntryPoint\",\"urlTemplate\":\"https:\/\/yoestudiosalud.es\/en\/?s={search_term_string}\"},\"query-input\":{\"@type\":\"PropertyValueSpecification\",\"valueRequired\":true,\"valueName\":\"search_term_string\"}}],\"inLanguage\":\"fr-FR\"},{\"@type\":\"Organization\",\"@id\":\"https:\/\/yoestudiosalud.es\/en\/#organization\",\"name\":\"yoestudiosalud.es\",\"url\":\"https:\/\/yoestudiosalud.es\/en\/\",\"logo\":{\"@type\":\"ImageObject\",\"inLanguage\":\"fr-FR\",\"@id\":\"https:\/\/yoestudiosalud.es\/en\/#\/schema\/logo\/image\/\",\"url\":\"https:\/\/yoestudiosalud.es\/wp-content\/uploads\/2020\/04\/logonew-e1698080827687.png\",\"contentUrl\":\"https:\/\/yoestudiosalud.es\/wp-content\/uploads\/2020\/04\/logonew-e1698080827687.png\",\"width\":421,\"height\":393,\"caption\":\"yoestudiosalud.es\"},\"image\":{\"@id\":\"https:\/\/yoestudiosalud.es\/en\/#\/schema\/logo\/image\/\"}}]}<\/script>\n<!-- \/ Yoast SEO Premium plugin. -->","yoast_head_json":{"title":"ASA DENTAL L\u00b4OCCLUSIF CHARNELA 5001 - yoestudiosalud.es","robots":{"index":"index","follow":"follow","max-snippet":"max-snippet:-1","max-image-preview":"max-image-preview:large","max-video-preview":"max-video-preview:-1"},"canonical":"https:\/\/yoestudiosalud.es\/produit\/asa-dental-oclusor-charnela-5001\/","og_locale":"fr_FR","og_type":"article","og_title":"ASA DENTAL L\u00b4OCCLUSIF CHARNELA 5001","og_description":"L'occlusif Charnela 5001 d'Asa Dental est une alternative solide et pr\u00e9cise pour votre travail proth\u00e9tique et votre pratique de laboratoire.","og_url":"https:\/\/yoestudiosalud.es\/produit\/asa-dental-oclusor-charnela-5001\/","og_site_name":"yoestudiosalud.es","article_modified_time":"2025-07-02T16:50:43+00:00","og_image":[{"width":650,"height":650,"url":"https:\/\/yoestudiosalud.es\/wp-content\/uploads\/2023\/11\/asa5001.jpg","type":"image\/jpeg"}],"twitter_card":"summary_large_image","schema":{"@context":"https:\/\/schema.org","@graph":[{"@type":"WebPage","@id":"https:\/\/yoestudiosalud.es\/produit\/asa-dental-oclusor-charnela-5001\/","url":"https:\/\/yoestudiosalud.es\/produit\/asa-dental-oclusor-charnela-5001\/","name":"ASA DENTAL L\u00b4OCCLUSIF CHARNELA 5001 - yoestudiosalud.es","isPartOf":{"@id":"https:\/\/yoestudiosalud.es\/en\/#website"},"primaryImageOfPage":{"@id":"https:\/\/yoestudiosalud.es\/produit\/asa-dental-oclusor-charnela-5001\/#primaryimage"},"image":{"@id":"https:\/\/yoestudiosalud.es\/produit\/asa-dental-oclusor-charnela-5001\/#primaryimage"},"thumbnailUrl":"https:\/\/yoestudiosalud.es\/wp-content\/uploads\/2023\/11\/asa5001.jpg","datePublished":"2023-11-28T15:42:13+00:00","dateModified":"2025-07-02T16:50:43+00:00","breadcrumb":{"@id":"https:\/\/yoestudiosalud.es\/produit\/asa-dental-oclusor-charnela-5001\/#breadcrumb"},"inLanguage":"fr-FR","potentialAction":[{"@type":"ReadAction","target":["https:\/\/yoestudiosalud.es\/produit\/asa-dental-oclusor-charnela-5001\/"]}]},{"@type":"ImageObject","inLanguage":"fr-FR","@id":"https:\/\/yoestudiosalud.es\/produit\/asa-dental-oclusor-charnela-5001\/#primaryimage","url":"https:\/\/yoestudiosalud.es\/wp-content\/uploads\/2023\/11\/asa5001.jpg","contentUrl":"https:\/\/yoestudiosalud.es\/wp-content\/uploads\/2023\/11\/asa5001.jpg","width":650,"height":650},{"@type":"BreadcrumbList","@id":"https:\/\/yoestudiosalud.es\/produit\/asa-dental-oclusor-charnela-5001\/#breadcrumb","itemListElement":[{"@type":"ListItem","position":1,"name":"Portada","item":"https:\/\/yoestudiosalud.es\/fr\/"},{"@type":"ListItem","position":2,"name":"Boutique","item":"https:\/\/yoestudiosalud.es\/fr\/boutique\/"},{"@type":"ListItem","position":3,"name":"ASA DENTAL L\u00b4OCCLUSIF CHARNELA 5001"}]},{"@type":"WebSite","@id":"https:\/\/yoestudiosalud.es\/en\/#website","url":"https:\/\/yoestudiosalud.es\/en\/","name":"yoestudiosalud.es","description":"Material para estudiantes del sector salud","publisher":{"@id":"https:\/\/yoestudiosalud.es\/en\/#organization"},"potentialAction":[{"@type":"SearchAction","target":{"@type":"EntryPoint","urlTemplate":"https:\/\/yoestudiosalud.es\/en\/?s={search_term_string}"},"query-input":{"@type":"PropertyValueSpecification","valueRequired":true,"valueName":"search_term_string"}}],"inLanguage":"fr-FR"},{"@type":"Organization","@id":"https:\/\/yoestudiosalud.es\/en\/#organization","name":"yoestudiosalud.es","url":"https:\/\/yoestudiosalud.es\/en\/","logo":{"@type":"ImageObject","inLanguage":"fr-FR","@id":"https:\/\/yoestudiosalud.es\/en\/#\/schema\/logo\/image\/","url":"https:\/\/yoestudiosalud.es\/wp-content\/uploads\/2020\/04\/logonew-e1698080827687.png","contentUrl":"https:\/\/yoestudiosalud.es\/wp-content\/uploads\/2020\/04\/logonew-e1698080827687.png","width":421,"height":393,"caption":"yoestudiosalud.es"},"image":{"@id":"https:\/\/yoestudiosalud.es\/en\/#\/schema\/logo\/image\/"}}]}},"_links":{"self":[{"href":"https:\/\/yoestudiosalud.es\/fr\/wp-json\/wp\/v2\/product\/32081","targetHints":{"allow":["GET"]}}],"collection":[{"href":"https:\/\/yoestudiosalud.es\/fr\/wp-json\/wp\/v2\/product"}],"about":[{"href":"https:\/\/yoestudiosalud.es\/fr\/wp-json\/wp\/v2\/types\/product"}],"wp:featuredmedia":[{"embeddable":true,"href":"https:\/\/yoestudiosalud.es\/fr\/wp-json\/wp\/v2\/media\/32082"}],"wp:attachment":[{"href":"https:\/\/yoestudiosalud.es\/fr\/wp-json\/wp\/v2\/media?parent=32081"}],"wp:term":[{"taxonomy":"product_brand","embeddable":true,"href":"https:\/\/yoestudiosalud.es\/fr\/wp-json\/wp\/v2\/product_brand?post=32081"},{"taxonomy":"product_cat","embeddable":true,"href":"https:\/\/yoestudiosalud.es\/fr\/wp-json\/wp\/v2\/product_cat?post=32081"},{"taxonomy":"product_tag","embeddable":true,"href":"https:\/\/yoestudiosalud.es\/fr\/wp-json\/wp\/v2\/product_tag?post=32081"}],"curies":[{"name":"wp","href":"https:\/\/api.w.org\/{rel}","templated":true}]}}