{"id":32079,"date":"2023-11-28T15:56:13","date_gmt":"2023-11-28T15:56:13","guid":{"rendered":"https:\/\/yoestudiosalud.es\/producto\/articulador-asa-5050\/"},"modified":"2025-07-02T18:51:45","modified_gmt":"2025-07-02T16:51:45","slug":"articulador-asa-5050","status":"publish","type":"product","link":"https:\/\/yoestudiosalud.es\/fr\/produit\/articulador-asa-5050\/","title":{"rendered":"ARTICULATEUR ASA 5050"},"content":{"rendered":"<p>L&#8217;articulateur Asa 5050 est un appareil utilis\u00e9 en dentisterie pour simuler les mouvements de la m\u00e2choire et aider \u00e0 la fabrication de proth\u00e8ses dentaires, telles que les couronnes, les bridges et les dentiers. Cet instrument est essentiel pour obtenir une occlusion correcte, c&#8217;est-\u00e0-dire l&#8217;ajustement ad\u00e9quat des dents sup\u00e9rieures et inf\u00e9rieures.<\/p>\n<p>Fabriqu\u00e9 en m\u00e9tal robuste et de couleur rouge embl\u00e9matique, l&#8217;Articulateur Asa 5050 est un choix incroyablement \u00e9conomique pour les \u00e9tudes proth\u00e9tiques et la pratique g\u00e9n\u00e9rale du laboratoire dentaire.<\/p>\n","protected":false},"excerpt":{"rendered":"<p>L&#8217;articulateur Asa 5050 est un appareil utilis\u00e9 en dentisterie pour simuler les mouvements de la m\u00e2choire et aider \u00e0 la fabrication de proth\u00e8ses dentaires, telles que les couronnes, les bridges et les dentiers. Cet instrument est essentiel pour obtenir une occlusion correcte, c&#8217;est-\u00e0-dire l&#8217;ajustement ad\u00e9quat des dents sup\u00e9rieures et inf\u00e9rieures.<\/p>\n","protected":false},"featured_media":36912,"template":"","meta":[],"product_brand":[],"product_cat":[717],"product_tag":[757],"class_list":{"0":"post-32079","1":"product","2":"type-product","3":"status-publish","4":"has-post-thumbnail","6":"product_cat-articulateurs-fr","7":"product_tag-prot-fp-folguera-fr","8":"pa_formacion-odontologia-fr","10":"first","11":"instock","12":"sale","13":"taxable","14":"shipping-taxable","15":"purchasable","16":"product-type-simple"},"yoast_head":"<!-- This site is optimized with the Yoast SEO Premium plugin v27.0 (Yoast SEO v27.2) - https:\/\/yoast.com\/product\/yoast-seo-premium-wordpress\/ -->\n<title>ARTICULATEUR ASA 5050 - yoestudiosalud.es<\/title>\n<meta name=\"robots\" content=\"index, follow, max-snippet:-1, max-image-preview:large, max-video-preview:-1\" \/>\n<link rel=\"canonical\" href=\"https:\/\/yoestudiosalud.es\/fr\/produit\/articulador-asa-5050\/\" \/>\n<meta property=\"og:locale\" content=\"fr_FR\" \/>\n<meta property=\"og:type\" content=\"article\" \/>\n<meta property=\"og:title\" content=\"ARTICULATEUR ASA 5050\" \/>\n<meta property=\"og:description\" content=\"L&#039;articulateur Asa 5050 est un appareil utilis\u00e9 en dentisterie pour simuler les mouvements de la m\u00e2choire et aider \u00e0 la fabrication de proth\u00e8ses dentaires, telles que les couronnes, les bridges et les dentiers. Cet instrument est essentiel pour obtenir une occlusion correcte, c&#039;est-\u00e0-dire l&#039;ajustement ad\u00e9quat des dents sup\u00e9rieures et inf\u00e9rieures.\" \/>\n<meta property=\"og:url\" content=\"https:\/\/yoestudiosalud.es\/fr\/produit\/articulador-asa-5050\/\" \/>\n<meta property=\"og:site_name\" content=\"yoestudiosalud.es\" \/>\n<meta property=\"article:modified_time\" content=\"2025-07-02T16:51:45+00:00\" \/>\n<meta property=\"og:image\" content=\"https:\/\/yoestudiosalud.es\/wp-content\/uploads\/2023\/11\/asa5050.jpg\" \/>\n\t<meta property=\"og:image:width\" content=\"650\" \/>\n\t<meta property=\"og:image:height\" content=\"650\" \/>\n\t<meta property=\"og:image:type\" content=\"image\/jpeg\" \/>\n<meta name=\"twitter:card\" content=\"summary_large_image\" \/>\n<script type=\"application\/ld+json\" class=\"yoast-schema-graph\">{\"@context\":\"https:\/\/schema.org\",\"@graph\":[{\"@type\":\"WebPage\",\"@id\":\"https:\/\/yoestudiosalud.es\/fr\/produit\/articulador-asa-5050\/\",\"url\":\"https:\/\/yoestudiosalud.es\/fr\/produit\/articulador-asa-5050\/\",\"name\":\"ARTICULATEUR ASA 5050 - yoestudiosalud.es\",\"isPartOf\":{\"@id\":\"https:\/\/yoestudiosalud.es\/en\/#website\"},\"primaryImageOfPage\":{\"@id\":\"https:\/\/yoestudiosalud.es\/fr\/produit\/articulador-asa-5050\/#primaryimage\"},\"image\":{\"@id\":\"https:\/\/yoestudiosalud.es\/fr\/produit\/articulador-asa-5050\/#primaryimage\"},\"thumbnailUrl\":\"https:\/\/yoestudiosalud.es\/wp-content\/uploads\/2023\/11\/001152.webp\",\"datePublished\":\"2023-11-28T15:56:13+00:00\",\"dateModified\":\"2025-07-02T16:51:45+00:00\",\"breadcrumb\":{\"@id\":\"https:\/\/yoestudiosalud.es\/fr\/produit\/articulador-asa-5050\/#breadcrumb\"},\"inLanguage\":\"fr-FR\",\"potentialAction\":[{\"@type\":\"ReadAction\",\"target\":[\"https:\/\/yoestudiosalud.es\/fr\/produit\/articulador-asa-5050\/\"]}]},{\"@type\":\"ImageObject\",\"inLanguage\":\"fr-FR\",\"@id\":\"https:\/\/yoestudiosalud.es\/fr\/produit\/articulador-asa-5050\/#primaryimage\",\"url\":\"https:\/\/yoestudiosalud.es\/wp-content\/uploads\/2023\/11\/001152.webp\",\"contentUrl\":\"https:\/\/yoestudiosalud.es\/wp-content\/uploads\/2023\/11\/001152.webp\",\"width\":650,\"height\":650,\"caption\":\"ARTICULADOR ASA 5050\"},{\"@type\":\"BreadcrumbList\",\"@id\":\"https:\/\/yoestudiosalud.es\/fr\/produit\/articulador-asa-5050\/#breadcrumb\",\"itemListElement\":[{\"@type\":\"ListItem\",\"position\":1,\"name\":\"Portada\",\"item\":\"https:\/\/yoestudiosalud.es\/fr\/\"},{\"@type\":\"ListItem\",\"position\":2,\"name\":\"Boutique\",\"item\":\"https:\/\/yoestudiosalud.es\/fr\/boutique\/\"},{\"@type\":\"ListItem\",\"position\":3,\"name\":\"ARTICULATEUR ASA 5050\"}]},{\"@type\":\"WebSite\",\"@id\":\"https:\/\/yoestudiosalud.es\/en\/#website\",\"url\":\"https:\/\/yoestudiosalud.es\/en\/\",\"name\":\"yoestudiosalud.es\",\"description\":\"Material para estudiantes del sector salud\",\"publisher\":{\"@id\":\"https:\/\/yoestudiosalud.es\/en\/#organization\"},\"potentialAction\":[{\"@type\":\"SearchAction\",\"target\":{\"@type\":\"EntryPoint\",\"urlTemplate\":\"https:\/\/yoestudiosalud.es\/en\/?s={search_term_string}\"},\"query-input\":{\"@type\":\"PropertyValueSpecification\",\"valueRequired\":true,\"valueName\":\"search_term_string\"}}],\"inLanguage\":\"fr-FR\"},{\"@type\":\"Organization\",\"@id\":\"https:\/\/yoestudiosalud.es\/en\/#organization\",\"name\":\"yoestudiosalud.es\",\"url\":\"https:\/\/yoestudiosalud.es\/en\/\",\"logo\":{\"@type\":\"ImageObject\",\"inLanguage\":\"fr-FR\",\"@id\":\"https:\/\/yoestudiosalud.es\/en\/#\/schema\/logo\/image\/\",\"url\":\"https:\/\/yoestudiosalud.es\/wp-content\/uploads\/2020\/04\/logonew-e1698080827687.png\",\"contentUrl\":\"https:\/\/yoestudiosalud.es\/wp-content\/uploads\/2020\/04\/logonew-e1698080827687.png\",\"width\":421,\"height\":393,\"caption\":\"yoestudiosalud.es\"},\"image\":{\"@id\":\"https:\/\/yoestudiosalud.es\/en\/#\/schema\/logo\/image\/\"}}]}<\/script>\n<!-- \/ Yoast SEO Premium plugin. -->","yoast_head_json":{"title":"ARTICULATEUR ASA 5050 - yoestudiosalud.es","robots":{"index":"index","follow":"follow","max-snippet":"max-snippet:-1","max-image-preview":"max-image-preview:large","max-video-preview":"max-video-preview:-1"},"canonical":"https:\/\/yoestudiosalud.es\/fr\/produit\/articulador-asa-5050\/","og_locale":"fr_FR","og_type":"article","og_title":"ARTICULATEUR ASA 5050","og_description":"L'articulateur Asa 5050 est un appareil utilis\u00e9 en dentisterie pour simuler les mouvements de la m\u00e2choire et aider \u00e0 la fabrication de proth\u00e8ses dentaires, telles que les couronnes, les bridges et les dentiers. Cet instrument est essentiel pour obtenir une occlusion correcte, c'est-\u00e0-dire l'ajustement ad\u00e9quat des dents sup\u00e9rieures et inf\u00e9rieures.","og_url":"https:\/\/yoestudiosalud.es\/fr\/produit\/articulador-asa-5050\/","og_site_name":"yoestudiosalud.es","article_modified_time":"2025-07-02T16:51:45+00:00","og_image":[{"width":650,"height":650,"url":"https:\/\/yoestudiosalud.es\/wp-content\/uploads\/2023\/11\/asa5050.jpg","type":"image\/jpeg"}],"twitter_card":"summary_large_image","schema":{"@context":"https:\/\/schema.org","@graph":[{"@type":"WebPage","@id":"https:\/\/yoestudiosalud.es\/fr\/produit\/articulador-asa-5050\/","url":"https:\/\/yoestudiosalud.es\/fr\/produit\/articulador-asa-5050\/","name":"ARTICULATEUR ASA 5050 - yoestudiosalud.es","isPartOf":{"@id":"https:\/\/yoestudiosalud.es\/en\/#website"},"primaryImageOfPage":{"@id":"https:\/\/yoestudiosalud.es\/fr\/produit\/articulador-asa-5050\/#primaryimage"},"image":{"@id":"https:\/\/yoestudiosalud.es\/fr\/produit\/articulador-asa-5050\/#primaryimage"},"thumbnailUrl":"https:\/\/yoestudiosalud.es\/wp-content\/uploads\/2023\/11\/001152.webp","datePublished":"2023-11-28T15:56:13+00:00","dateModified":"2025-07-02T16:51:45+00:00","breadcrumb":{"@id":"https:\/\/yoestudiosalud.es\/fr\/produit\/articulador-asa-5050\/#breadcrumb"},"inLanguage":"fr-FR","potentialAction":[{"@type":"ReadAction","target":["https:\/\/yoestudiosalud.es\/fr\/produit\/articulador-asa-5050\/"]}]},{"@type":"ImageObject","inLanguage":"fr-FR","@id":"https:\/\/yoestudiosalud.es\/fr\/produit\/articulador-asa-5050\/#primaryimage","url":"https:\/\/yoestudiosalud.es\/wp-content\/uploads\/2023\/11\/001152.webp","contentUrl":"https:\/\/yoestudiosalud.es\/wp-content\/uploads\/2023\/11\/001152.webp","width":650,"height":650,"caption":"ARTICULADOR ASA 5050"},{"@type":"BreadcrumbList","@id":"https:\/\/yoestudiosalud.es\/fr\/produit\/articulador-asa-5050\/#breadcrumb","itemListElement":[{"@type":"ListItem","position":1,"name":"Portada","item":"https:\/\/yoestudiosalud.es\/fr\/"},{"@type":"ListItem","position":2,"name":"Boutique","item":"https:\/\/yoestudiosalud.es\/fr\/boutique\/"},{"@type":"ListItem","position":3,"name":"ARTICULATEUR ASA 5050"}]},{"@type":"WebSite","@id":"https:\/\/yoestudiosalud.es\/en\/#website","url":"https:\/\/yoestudiosalud.es\/en\/","name":"yoestudiosalud.es","description":"Material para estudiantes del sector salud","publisher":{"@id":"https:\/\/yoestudiosalud.es\/en\/#organization"},"potentialAction":[{"@type":"SearchAction","target":{"@type":"EntryPoint","urlTemplate":"https:\/\/yoestudiosalud.es\/en\/?s={search_term_string}"},"query-input":{"@type":"PropertyValueSpecification","valueRequired":true,"valueName":"search_term_string"}}],"inLanguage":"fr-FR"},{"@type":"Organization","@id":"https:\/\/yoestudiosalud.es\/en\/#organization","name":"yoestudiosalud.es","url":"https:\/\/yoestudiosalud.es\/en\/","logo":{"@type":"ImageObject","inLanguage":"fr-FR","@id":"https:\/\/yoestudiosalud.es\/en\/#\/schema\/logo\/image\/","url":"https:\/\/yoestudiosalud.es\/wp-content\/uploads\/2020\/04\/logonew-e1698080827687.png","contentUrl":"https:\/\/yoestudiosalud.es\/wp-content\/uploads\/2020\/04\/logonew-e1698080827687.png","width":421,"height":393,"caption":"yoestudiosalud.es"},"image":{"@id":"https:\/\/yoestudiosalud.es\/en\/#\/schema\/logo\/image\/"}}]}},"_links":{"self":[{"href":"https:\/\/yoestudiosalud.es\/fr\/wp-json\/wp\/v2\/product\/32079","targetHints":{"allow":["GET"]}}],"collection":[{"href":"https:\/\/yoestudiosalud.es\/fr\/wp-json\/wp\/v2\/product"}],"about":[{"href":"https:\/\/yoestudiosalud.es\/fr\/wp-json\/wp\/v2\/types\/product"}],"wp:featuredmedia":[{"embeddable":true,"href":"https:\/\/yoestudiosalud.es\/fr\/wp-json\/wp\/v2\/media\/36912"}],"wp:attachment":[{"href":"https:\/\/yoestudiosalud.es\/fr\/wp-json\/wp\/v2\/media?parent=32079"}],"wp:term":[{"taxonomy":"product_brand","embeddable":true,"href":"https:\/\/yoestudiosalud.es\/fr\/wp-json\/wp\/v2\/product_brand?post=32079"},{"taxonomy":"product_cat","embeddable":true,"href":"https:\/\/yoestudiosalud.es\/fr\/wp-json\/wp\/v2\/product_cat?post=32079"},{"taxonomy":"product_tag","embeddable":true,"href":"https:\/\/yoestudiosalud.es\/fr\/wp-json\/wp\/v2\/product_tag?post=32079"}],"curies":[{"name":"wp","href":"https:\/\/api.w.org\/{rel}","templated":true}]}}