{"id":32076,"date":"2024-04-04T10:17:57","date_gmt":"2024-04-04T10:17:57","guid":{"rendered":"https:\/\/yoestudiosalud.es\/producto\/articulador-bio-art-a7-plus-e-protrusal-elite\/"},"modified":"2026-03-03T16:14:25","modified_gmt":"2026-03-03T15:14:25","slug":"articulador-bio-art-a7-plus-e-protrusal-elite","status":"publish","type":"product","link":"https:\/\/yoestudiosalud.es\/fr\/produit\/articulador-bio-art-a7-plus-e-protrusal-elite\/","title":{"rendered":"ARTICULATEUR BIO-ART A7 PLUS-E AVEC ARC FACIAL STD"},"content":{"rendered":"<p><strong>L\u2019articulateur Bio-Art A7 PLUS-E Protrusal avec Arc STD.<\/strong>\u00a0est l\u2019ensemble id\u00e9al pour les pratiques de proth\u00e8ses des \u00e9tudiants universitaires en odontologie. Il inclut une bo\u00eete de transport pour l\u2019articulateur.<\/p>\n<p>Le <strong>Bio Art A7-PLUS-E<\/strong> est un appareil semi-ajustable utilis\u00e9 en odontologie pour reproduire les positions maxillo-mandibulaires. Voici un r\u00e9sum\u00e9 de cet articulateur et de sa compatibilit\u00e9 avec l\u2019arc facial Elite :<\/p>\n<ol>\n<li><strong>Caract\u00e9ristiques de l\u2019articulateur A7 PLUS-E Protrusal<\/strong> :\n<ul>\n<li><strong>Type Arcon<\/strong> : Le A7 PLUS-E Protrusal suit le design traditionnel des articulateurs semi-ajustables. Sa structure en aluminium garantit durabilit\u00e9 et grande stabilit\u00e9.<\/li>\n<li><strong>Reproduction des positions<\/strong> : Il permet de reproduire les positions maxillo-mandibulaires, essentielles pour la planification des traitements dentaires.<\/li>\n<li><strong>Stabilisation<\/strong> : Il dispose d\u2019un syst\u00e8me de stabilisation am\u00e9liorant la pr\u00e9cision des mouvements d\u2019articulation.<\/li>\n<li><strong>Guide condylien courbe<\/strong> : Ce guide assure une occlusion correcte et une r\u00e9partition uniforme des forces masticatoires.<\/li>\n<li><strong>Angle de Bennet r\u00e9glable<\/strong> : L\u2019angle de Bennet peut \u00eatre ajust\u00e9 selon les besoins du patient.<\/li>\n<\/ul>\n<\/li>\n<li><strong>Compatibilit\u00e9 avec les arcs faciaux<\/strong> :\n<ul>\n<li>L\u2019articulateur A7 PLUS-E Protrusal est compatible avec les arcs faciaux de type <strong>Standard<\/strong> et <strong>Elite<\/strong>.<\/li>\n<li><strong>Arc facial Elite<\/strong> : Cet arc facial poss\u00e8de un syst\u00e8me d\u2019articulation et de fixation de la fourchette qui permet un enregistrement rapide et confortable pour le professionnel et le patient. Il \u00e9limine aussi la n\u00e9cessit\u00e9 de l\u2019arc lors du montage des mod\u00e8les sur l\u2019articulateur, ce qui le rend plus pratique et stable.<\/li>\n<\/ul>\n<\/li>\n<\/ol>\n<p>En r\u00e9sum\u00e9, l\u2019<strong>articulateur A7 PLUS-E Protrusal<\/strong> de <strong>Bio Art<\/strong> est un outil fiable pour la reproduction pr\u00e9cise des relations maxillo-mandibulaires en odontologie. Sa compatibilit\u00e9 avec l\u2019arc facial Elite en fait une option polyvalente pour les professionnels recherchant une planification pr\u00e9cise et efficace des traitements dentaires.<\/p>\n<p>Tout cela fait de l\u2019ensemble articulateur et arc Elite Bio-Art 4000s l\u2019outil id\u00e9al pour les pratiques de laboratoire en universit\u00e9.<\/p>\n<p>L\u2019<strong>articulateur Bio-Art A7 PLUS-E Protrusal<\/strong> est requis pour les universit\u00e9s suivantes :<\/p>\n<ul>\n<li>UCAM &#8211; Universidad Cat\u00f3lica de Murcia, pour la troisi\u00e8me ann\u00e9e du cursus d\u2019odontologie<\/li>\n<\/ul>\n","protected":false},"excerpt":{"rendered":"<p>L\u2019articulateur Bio-Art A7 PLUS-E Protrusal avec Arc STD.\u00a0est l\u2019ensemble id\u00e9al  [&#8230;]<\/p>\n","protected":false},"featured_media":36891,"template":"","meta":[],"product_brand":[],"product_cat":[717],"product_tag":[755],"class_list":{"0":"post-32076","1":"product","2":"type-product","3":"status-publish","4":"has-post-thumbnail","6":"product_cat-articulateurs-fr","7":"product_tag-ucam3-fr","8":"pa_formacion-odontologia-fr","10":"first","11":"instock","12":"taxable","13":"shipping-taxable","14":"purchasable","15":"product-type-simple"},"yoast_head":"<!-- This site is optimized with the Yoast SEO Premium plugin v27.0 (Yoast SEO v27.4) - https:\/\/yoast.com\/product\/yoast-seo-premium-wordpress\/ -->\n<title>ARTICULATEUR BIO-ART A7 PLUS-E AVEC ARC FACIAL STD<\/title>\n<meta name=\"description\" content=\"Le kit id\u00e9al pour les travaux pratiques de proth\u00e8se des \u00e9tudiants en odontologie. L&#039;articulateur Bio-Art A7 Protrusal est requis pour l&#039;UCAM.\" \/>\n<meta name=\"robots\" content=\"index, follow, max-snippet:-1, max-image-preview:large, max-video-preview:-1\" \/>\n<link rel=\"canonical\" href=\"https:\/\/yoestudiosalud.es\/producto\/articulador-bio-art-a7-plus-e-con-arco-std\/\" \/>\n<meta property=\"og:locale\" content=\"fr_FR\" \/>\n<meta property=\"og:type\" content=\"article\" \/>\n<meta property=\"og:title\" content=\"ARTICULATEUR BIO-ART A7 PLUS-E AVEC ARC FACIAL STD\" \/>\n<meta property=\"og:description\" content=\"Le kit id\u00e9al pour les travaux pratiques de proth\u00e8se des \u00e9tudiants en odontologie. L&#039;articulateur Bio-Art A7 Protrusal est requis pour l&#039;UCAM.\" \/>\n<meta property=\"og:url\" content=\"https:\/\/yoestudiosalud.es\/producto\/articulador-bio-art-a7-plus-e-con-arco-std\/\" \/>\n<meta property=\"og:site_name\" content=\"yoestudiosalud.es\" \/>\n<meta property=\"article:modified_time\" content=\"2026-03-03T15:14:25+00:00\" \/>\n<meta property=\"og:image\" content=\"https:\/\/yoestudiosalud.es\/wp-content\/uploads\/2024\/04\/005027A.webp\" \/>\n\t<meta property=\"og:image:width\" content=\"650\" \/>\n\t<meta property=\"og:image:height\" content=\"650\" \/>\n\t<meta property=\"og:image:type\" content=\"image\/webp\" \/>\n<meta name=\"twitter:card\" content=\"summary_large_image\" \/>\n<meta name=\"twitter:label1\" content=\"Dur\u00e9e de lecture estim\u00e9e\" \/>\n\t<meta name=\"twitter:data1\" content=\"2 minutes\" \/>\n<script type=\"application\/ld+json\" class=\"yoast-schema-graph\">{\"@context\":\"https:\\\/\\\/schema.org\",\"@graph\":[{\"@type\":\"WebPage\",\"@id\":\"https:\\\/\\\/yoestudiosalud.es\\\/producto\\\/articulador-bio-art-a7-plus-e-con-arco-std\\\/\",\"url\":\"https:\\\/\\\/yoestudiosalud.es\\\/producto\\\/articulador-bio-art-a7-plus-e-con-arco-std\\\/\",\"name\":\"ARTICULATEUR BIO-ART A7 PLUS-E AVEC ARC FACIAL STD\",\"isPartOf\":{\"@id\":\"https:\\\/\\\/yoestudiosalud.es\\\/en\\\/#website\"},\"primaryImageOfPage\":{\"@id\":\"https:\\\/\\\/yoestudiosalud.es\\\/producto\\\/articulador-bio-art-a7-plus-e-con-arco-std\\\/#primaryimage\"},\"image\":{\"@id\":\"https:\\\/\\\/yoestudiosalud.es\\\/producto\\\/articulador-bio-art-a7-plus-e-con-arco-std\\\/#primaryimage\"},\"thumbnailUrl\":\"https:\\\/\\\/yoestudiosalud.es\\\/wp-content\\\/uploads\\\/2024\\\/04\\\/005027A.webp\",\"datePublished\":\"2024-04-04T10:17:57+00:00\",\"dateModified\":\"2026-03-03T15:14:25+00:00\",\"description\":\"Le kit id\u00e9al pour les travaux pratiques de proth\u00e8se des \u00e9tudiants en odontologie. L'articulateur Bio-Art A7 Protrusal est requis pour l'UCAM.\",\"breadcrumb\":{\"@id\":\"https:\\\/\\\/yoestudiosalud.es\\\/producto\\\/articulador-bio-art-a7-plus-e-con-arco-std\\\/#breadcrumb\"},\"inLanguage\":\"fr-FR\",\"potentialAction\":[{\"@type\":\"ReadAction\",\"target\":[\"https:\\\/\\\/yoestudiosalud.es\\\/producto\\\/articulador-bio-art-a7-plus-e-con-arco-std\\\/\"]}]},{\"@type\":\"ImageObject\",\"inLanguage\":\"fr-FR\",\"@id\":\"https:\\\/\\\/yoestudiosalud.es\\\/producto\\\/articulador-bio-art-a7-plus-e-con-arco-std\\\/#primaryimage\",\"url\":\"https:\\\/\\\/yoestudiosalud.es\\\/wp-content\\\/uploads\\\/2024\\\/04\\\/005027A.webp\",\"contentUrl\":\"https:\\\/\\\/yoestudiosalud.es\\\/wp-content\\\/uploads\\\/2024\\\/04\\\/005027A.webp\",\"width\":650,\"height\":650,\"caption\":\"ARTICULATEUR BIO-ART A7 PLUS-E AVEC ARC FACIAL STD\"},{\"@type\":\"BreadcrumbList\",\"@id\":\"https:\\\/\\\/yoestudiosalud.es\\\/producto\\\/articulador-bio-art-a7-plus-e-con-arco-std\\\/#breadcrumb\",\"itemListElement\":[{\"@type\":\"ListItem\",\"position\":1,\"name\":\"Portada\",\"item\":\"https:\\\/\\\/yoestudiosalud.es\\\/fr\\\/\"},{\"@type\":\"ListItem\",\"position\":2,\"name\":\"Boutique\",\"item\":\"https:\\\/\\\/yoestudiosalud.es\\\/fr\\\/boutique\\\/\"},{\"@type\":\"ListItem\",\"position\":3,\"name\":\"ARTICULATEUR BIO-ART A7 PLUS-E AVEC ARC FACIAL STD\"}]},{\"@type\":\"WebSite\",\"@id\":\"https:\\\/\\\/yoestudiosalud.es\\\/en\\\/#website\",\"url\":\"https:\\\/\\\/yoestudiosalud.es\\\/en\\\/\",\"name\":\"yoestudiosalud.es\",\"description\":\"Material para estudiantes del sector salud\",\"publisher\":{\"@id\":\"https:\\\/\\\/yoestudiosalud.es\\\/en\\\/#organization\"},\"potentialAction\":[{\"@type\":\"SearchAction\",\"target\":{\"@type\":\"EntryPoint\",\"urlTemplate\":\"https:\\\/\\\/yoestudiosalud.es\\\/en\\\/?s={search_term_string}\"},\"query-input\":{\"@type\":\"PropertyValueSpecification\",\"valueRequired\":true,\"valueName\":\"search_term_string\"}}],\"inLanguage\":\"fr-FR\"},{\"@type\":\"Organization\",\"@id\":\"https:\\\/\\\/yoestudiosalud.es\\\/en\\\/#organization\",\"name\":\"yoestudiosalud.es\",\"url\":\"https:\\\/\\\/yoestudiosalud.es\\\/en\\\/\",\"logo\":{\"@type\":\"ImageObject\",\"inLanguage\":\"fr-FR\",\"@id\":\"https:\\\/\\\/yoestudiosalud.es\\\/en\\\/#\\\/schema\\\/logo\\\/image\\\/\",\"url\":\"https:\\\/\\\/yoestudiosalud.es\\\/wp-content\\\/uploads\\\/2020\\\/04\\\/logonew-e1698080827687.png\",\"contentUrl\":\"https:\\\/\\\/yoestudiosalud.es\\\/wp-content\\\/uploads\\\/2020\\\/04\\\/logonew-e1698080827687.png\",\"width\":421,\"height\":393,\"caption\":\"yoestudiosalud.es\"},\"image\":{\"@id\":\"https:\\\/\\\/yoestudiosalud.es\\\/en\\\/#\\\/schema\\\/logo\\\/image\\\/\"}}]}<\/script>\n<!-- \/ Yoast SEO Premium plugin. -->","yoast_head_json":{"title":"ARTICULATEUR BIO-ART A7 PLUS-E AVEC ARC FACIAL STD","description":"Le kit id\u00e9al pour les travaux pratiques de proth\u00e8se des \u00e9tudiants en odontologie. L'articulateur Bio-Art A7 Protrusal est requis pour l'UCAM.","robots":{"index":"index","follow":"follow","max-snippet":"max-snippet:-1","max-image-preview":"max-image-preview:large","max-video-preview":"max-video-preview:-1"},"canonical":"https:\/\/yoestudiosalud.es\/producto\/articulador-bio-art-a7-plus-e-con-arco-std\/","og_locale":"fr_FR","og_type":"article","og_title":"ARTICULATEUR BIO-ART A7 PLUS-E AVEC ARC FACIAL STD","og_description":"Le kit id\u00e9al pour les travaux pratiques de proth\u00e8se des \u00e9tudiants en odontologie. L'articulateur Bio-Art A7 Protrusal est requis pour l'UCAM.","og_url":"https:\/\/yoestudiosalud.es\/producto\/articulador-bio-art-a7-plus-e-con-arco-std\/","og_site_name":"yoestudiosalud.es","article_modified_time":"2026-03-03T15:14:25+00:00","og_image":[{"width":650,"height":650,"url":"https:\/\/yoestudiosalud.es\/wp-content\/uploads\/2024\/04\/005027A.webp","type":"image\/webp"}],"twitter_card":"summary_large_image","twitter_misc":{"Dur\u00e9e de lecture estim\u00e9e":"2 minutes"},"schema":{"@context":"https:\/\/schema.org","@graph":[{"@type":"WebPage","@id":"https:\/\/yoestudiosalud.es\/producto\/articulador-bio-art-a7-plus-e-con-arco-std\/","url":"https:\/\/yoestudiosalud.es\/producto\/articulador-bio-art-a7-plus-e-con-arco-std\/","name":"ARTICULATEUR BIO-ART A7 PLUS-E AVEC ARC FACIAL STD","isPartOf":{"@id":"https:\/\/yoestudiosalud.es\/en\/#website"},"primaryImageOfPage":{"@id":"https:\/\/yoestudiosalud.es\/producto\/articulador-bio-art-a7-plus-e-con-arco-std\/#primaryimage"},"image":{"@id":"https:\/\/yoestudiosalud.es\/producto\/articulador-bio-art-a7-plus-e-con-arco-std\/#primaryimage"},"thumbnailUrl":"https:\/\/yoestudiosalud.es\/wp-content\/uploads\/2024\/04\/005027A.webp","datePublished":"2024-04-04T10:17:57+00:00","dateModified":"2026-03-03T15:14:25+00:00","description":"Le kit id\u00e9al pour les travaux pratiques de proth\u00e8se des \u00e9tudiants en odontologie. L'articulateur Bio-Art A7 Protrusal est requis pour l'UCAM.","breadcrumb":{"@id":"https:\/\/yoestudiosalud.es\/producto\/articulador-bio-art-a7-plus-e-con-arco-std\/#breadcrumb"},"inLanguage":"fr-FR","potentialAction":[{"@type":"ReadAction","target":["https:\/\/yoestudiosalud.es\/producto\/articulador-bio-art-a7-plus-e-con-arco-std\/"]}]},{"@type":"ImageObject","inLanguage":"fr-FR","@id":"https:\/\/yoestudiosalud.es\/producto\/articulador-bio-art-a7-plus-e-con-arco-std\/#primaryimage","url":"https:\/\/yoestudiosalud.es\/wp-content\/uploads\/2024\/04\/005027A.webp","contentUrl":"https:\/\/yoestudiosalud.es\/wp-content\/uploads\/2024\/04\/005027A.webp","width":650,"height":650,"caption":"ARTICULATEUR BIO-ART A7 PLUS-E AVEC ARC FACIAL STD"},{"@type":"BreadcrumbList","@id":"https:\/\/yoestudiosalud.es\/producto\/articulador-bio-art-a7-plus-e-con-arco-std\/#breadcrumb","itemListElement":[{"@type":"ListItem","position":1,"name":"Portada","item":"https:\/\/yoestudiosalud.es\/fr\/"},{"@type":"ListItem","position":2,"name":"Boutique","item":"https:\/\/yoestudiosalud.es\/fr\/boutique\/"},{"@type":"ListItem","position":3,"name":"ARTICULATEUR BIO-ART A7 PLUS-E AVEC ARC FACIAL STD"}]},{"@type":"WebSite","@id":"https:\/\/yoestudiosalud.es\/en\/#website","url":"https:\/\/yoestudiosalud.es\/en\/","name":"yoestudiosalud.es","description":"Material para estudiantes del sector salud","publisher":{"@id":"https:\/\/yoestudiosalud.es\/en\/#organization"},"potentialAction":[{"@type":"SearchAction","target":{"@type":"EntryPoint","urlTemplate":"https:\/\/yoestudiosalud.es\/en\/?s={search_term_string}"},"query-input":{"@type":"PropertyValueSpecification","valueRequired":true,"valueName":"search_term_string"}}],"inLanguage":"fr-FR"},{"@type":"Organization","@id":"https:\/\/yoestudiosalud.es\/en\/#organization","name":"yoestudiosalud.es","url":"https:\/\/yoestudiosalud.es\/en\/","logo":{"@type":"ImageObject","inLanguage":"fr-FR","@id":"https:\/\/yoestudiosalud.es\/en\/#\/schema\/logo\/image\/","url":"https:\/\/yoestudiosalud.es\/wp-content\/uploads\/2020\/04\/logonew-e1698080827687.png","contentUrl":"https:\/\/yoestudiosalud.es\/wp-content\/uploads\/2020\/04\/logonew-e1698080827687.png","width":421,"height":393,"caption":"yoestudiosalud.es"},"image":{"@id":"https:\/\/yoestudiosalud.es\/en\/#\/schema\/logo\/image\/"}}]}},"_links":{"self":[{"href":"https:\/\/yoestudiosalud.es\/fr\/wp-json\/wp\/v2\/product\/32076","targetHints":{"allow":["GET"]}}],"collection":[{"href":"https:\/\/yoestudiosalud.es\/fr\/wp-json\/wp\/v2\/product"}],"about":[{"href":"https:\/\/yoestudiosalud.es\/fr\/wp-json\/wp\/v2\/types\/product"}],"wp:featuredmedia":[{"embeddable":true,"href":"https:\/\/yoestudiosalud.es\/fr\/wp-json\/wp\/v2\/media\/36891"}],"wp:attachment":[{"href":"https:\/\/yoestudiosalud.es\/fr\/wp-json\/wp\/v2\/media?parent=32076"}],"wp:term":[{"taxonomy":"product_brand","embeddable":true,"href":"https:\/\/yoestudiosalud.es\/fr\/wp-json\/wp\/v2\/product_brand?post=32076"},{"taxonomy":"product_cat","embeddable":true,"href":"https:\/\/yoestudiosalud.es\/fr\/wp-json\/wp\/v2\/product_cat?post=32076"},{"taxonomy":"product_tag","embeddable":true,"href":"https:\/\/yoestudiosalud.es\/fr\/wp-json\/wp\/v2\/product_tag?post=32076"}],"curies":[{"name":"wp","href":"https:\/\/api.w.org\/{rel}","templated":true}]}}