{"id":32075,"date":"2024-04-04T12:11:25","date_gmt":"2024-04-04T12:11:25","guid":{"rendered":"https:\/\/yoestudiosalud.es\/producto\/altimetro-posicionador-de-brackets\/"},"modified":"2025-06-17T22:07:54","modified_gmt":"2025-06-17T20:07:54","slug":"altimetro-posicionador-de-brackets","status":"publish","type":"product","link":"https:\/\/yoestudiosalud.es\/fr\/produit\/altimetro-posicionador-de-brackets\/","title":{"rendered":"Positionneur d\u2019altim\u00e8tre pour brackets"},"content":{"rendered":"<p>Le positionneur altim\u00e8tre pour brackets est un outil en acier dot\u00e9 de deux pointes pour l\u2019ajustement et l\u2019installation correcte des brackets.<\/p>\n<p>Il comprend deux pointes avec quatre mesures :<\/p>\n<ul>\n<li>3,5<\/li>\n<li>4,0<\/li>\n<li>4,5<\/li>\n<li>5,0<\/li>\n<\/ul>\n<p>Parfait pour les pratiques d\u2019orthodontie, le positionneur altim\u00e8tre pour brackets est un \u00e9l\u00e9ment indispensable dans plusieurs universit\u00e9s.<\/p>\n","protected":false},"excerpt":{"rendered":"<p>Le positionneur altim\u00e8tre pour brackets est un outil en acier  [&#8230;]<\/p>\n","protected":false},"featured_media":27732,"template":"","meta":[],"product_brand":[],"product_cat":[711],"product_tag":[763,907],"class_list":{"0":"post-32075","1":"product","2":"type-product","3":"status-publish","4":"has-post-thumbnail","6":"product_cat-orthodontie-fr","7":"product_tag-uev3","8":"product_tag-ceusp4-fr","9":"pa_formacion-odontologia-fr","11":"first","12":"instock","13":"sale","14":"taxable","15":"shipping-taxable","16":"purchasable","17":"product-type-simple"},"yoast_head":"<!-- This site is optimized with the Yoast SEO Premium plugin v27.0 (Yoast SEO v27.4) - https:\/\/yoast.com\/product\/yoast-seo-premium-wordpress\/ -->\n<title>Positionneur d\u2019altim\u00e8tre pour brackets - yoestudiosalud.es<\/title>\n<meta name=\"description\" content=\"El Alt\u00edmetro Posicionador de Brackets es una herramienta de acero con dos puntas para el ajuste e instalaci\u00f3n correcta de los Brackets\u00a0Consta de dos puntas con cuatro medidas\" \/>\n<meta name=\"robots\" content=\"index, follow, max-snippet:-1, max-image-preview:large, max-video-preview:-1\" \/>\n<link rel=\"canonical\" href=\"https:\/\/yoestudiosalud.es\/fr\/produit\/altimetro-posicionador-de-brackets\/\" \/>\n<meta property=\"og:locale\" content=\"fr_FR\" \/>\n<meta property=\"og:type\" content=\"article\" \/>\n<meta property=\"og:title\" content=\"Positionneur d\u2019altim\u00e8tre pour brackets\" \/>\n<meta property=\"og:description\" content=\"El Alt\u00edmetro Posicionador de Brackets es una herramienta de acero con dos puntas para el ajuste e instalaci\u00f3n correcta de los Brackets\u00a0Consta de dos puntas con cuatro medidas\" \/>\n<meta property=\"og:url\" content=\"https:\/\/yoestudiosalud.es\/fr\/produit\/altimetro-posicionador-de-brackets\/\" \/>\n<meta property=\"og:site_name\" content=\"yoestudiosalud.es\" \/>\n<meta property=\"article:modified_time\" content=\"2025-06-17T20:07:54+00:00\" \/>\n<meta property=\"og:image\" content=\"https:\/\/yoestudiosalud.es\/wp-content\/uploads\/2024\/04\/003794.jpg\" \/>\n\t<meta property=\"og:image:width\" content=\"650\" \/>\n\t<meta property=\"og:image:height\" content=\"650\" \/>\n\t<meta property=\"og:image:type\" content=\"image\/jpeg\" \/>\n<meta name=\"twitter:card\" content=\"summary_large_image\" \/>\n<meta name=\"twitter:label1\" content=\"Dur\u00e9e de lecture estim\u00e9e\" \/>\n\t<meta name=\"twitter:data1\" content=\"1 minute\" \/>\n<script type=\"application\/ld+json\" class=\"yoast-schema-graph\">{\"@context\":\"https:\\\/\\\/schema.org\",\"@graph\":[{\"@type\":\"WebPage\",\"@id\":\"https:\\\/\\\/yoestudiosalud.es\\\/fr\\\/produit\\\/altimetro-posicionador-de-brackets\\\/\",\"url\":\"https:\\\/\\\/yoestudiosalud.es\\\/fr\\\/produit\\\/altimetro-posicionador-de-brackets\\\/\",\"name\":\"Positionneur d\u2019altim\u00e8tre pour brackets - yoestudiosalud.es\",\"isPartOf\":{\"@id\":\"https:\\\/\\\/yoestudiosalud.es\\\/en\\\/#website\"},\"primaryImageOfPage\":{\"@id\":\"https:\\\/\\\/yoestudiosalud.es\\\/fr\\\/produit\\\/altimetro-posicionador-de-brackets\\\/#primaryimage\"},\"image\":{\"@id\":\"https:\\\/\\\/yoestudiosalud.es\\\/fr\\\/produit\\\/altimetro-posicionador-de-brackets\\\/#primaryimage\"},\"thumbnailUrl\":\"https:\\\/\\\/yoestudiosalud.es\\\/wp-content\\\/uploads\\\/2024\\\/04\\\/003794.jpg\",\"datePublished\":\"2024-04-04T12:11:25+00:00\",\"dateModified\":\"2025-06-17T20:07:54+00:00\",\"description\":\"El Alt\u00edmetro Posicionador de Brackets es una herramienta de acero con dos puntas para el ajuste e instalaci\u00f3n correcta de los Brackets\u00a0Consta de dos puntas con cuatro medidas\",\"breadcrumb\":{\"@id\":\"https:\\\/\\\/yoestudiosalud.es\\\/fr\\\/produit\\\/altimetro-posicionador-de-brackets\\\/#breadcrumb\"},\"inLanguage\":\"fr-FR\",\"potentialAction\":[{\"@type\":\"ReadAction\",\"target\":[\"https:\\\/\\\/yoestudiosalud.es\\\/fr\\\/produit\\\/altimetro-posicionador-de-brackets\\\/\"]}]},{\"@type\":\"ImageObject\",\"inLanguage\":\"fr-FR\",\"@id\":\"https:\\\/\\\/yoestudiosalud.es\\\/fr\\\/produit\\\/altimetro-posicionador-de-brackets\\\/#primaryimage\",\"url\":\"https:\\\/\\\/yoestudiosalud.es\\\/wp-content\\\/uploads\\\/2024\\\/04\\\/003794.jpg\",\"contentUrl\":\"https:\\\/\\\/yoestudiosalud.es\\\/wp-content\\\/uploads\\\/2024\\\/04\\\/003794.jpg\",\"width\":650,\"height\":650},{\"@type\":\"BreadcrumbList\",\"@id\":\"https:\\\/\\\/yoestudiosalud.es\\\/fr\\\/produit\\\/altimetro-posicionador-de-brackets\\\/#breadcrumb\",\"itemListElement\":[{\"@type\":\"ListItem\",\"position\":1,\"name\":\"Portada\",\"item\":\"https:\\\/\\\/yoestudiosalud.es\\\/fr\\\/\"},{\"@type\":\"ListItem\",\"position\":2,\"name\":\"Boutique\",\"item\":\"https:\\\/\\\/yoestudiosalud.es\\\/fr\\\/boutique\\\/\"},{\"@type\":\"ListItem\",\"position\":3,\"name\":\"Positionneur d\u2019altim\u00e8tre pour brackets\"}]},{\"@type\":\"WebSite\",\"@id\":\"https:\\\/\\\/yoestudiosalud.es\\\/en\\\/#website\",\"url\":\"https:\\\/\\\/yoestudiosalud.es\\\/en\\\/\",\"name\":\"yoestudiosalud.es\",\"description\":\"Material para estudiantes del sector salud\",\"publisher\":{\"@id\":\"https:\\\/\\\/yoestudiosalud.es\\\/en\\\/#organization\"},\"potentialAction\":[{\"@type\":\"SearchAction\",\"target\":{\"@type\":\"EntryPoint\",\"urlTemplate\":\"https:\\\/\\\/yoestudiosalud.es\\\/en\\\/?s={search_term_string}\"},\"query-input\":{\"@type\":\"PropertyValueSpecification\",\"valueRequired\":true,\"valueName\":\"search_term_string\"}}],\"inLanguage\":\"fr-FR\"},{\"@type\":\"Organization\",\"@id\":\"https:\\\/\\\/yoestudiosalud.es\\\/en\\\/#organization\",\"name\":\"yoestudiosalud.es\",\"url\":\"https:\\\/\\\/yoestudiosalud.es\\\/en\\\/\",\"logo\":{\"@type\":\"ImageObject\",\"inLanguage\":\"fr-FR\",\"@id\":\"https:\\\/\\\/yoestudiosalud.es\\\/en\\\/#\\\/schema\\\/logo\\\/image\\\/\",\"url\":\"https:\\\/\\\/yoestudiosalud.es\\\/wp-content\\\/uploads\\\/2020\\\/04\\\/logonew-e1698080827687.png\",\"contentUrl\":\"https:\\\/\\\/yoestudiosalud.es\\\/wp-content\\\/uploads\\\/2020\\\/04\\\/logonew-e1698080827687.png\",\"width\":421,\"height\":393,\"caption\":\"yoestudiosalud.es\"},\"image\":{\"@id\":\"https:\\\/\\\/yoestudiosalud.es\\\/en\\\/#\\\/schema\\\/logo\\\/image\\\/\"}}]}<\/script>\n<!-- \/ Yoast SEO Premium plugin. -->","yoast_head_json":{"title":"Positionneur d\u2019altim\u00e8tre pour brackets - yoestudiosalud.es","description":"El Alt\u00edmetro Posicionador de Brackets es una herramienta de acero con dos puntas para el ajuste e instalaci\u00f3n correcta de los Brackets\u00a0Consta de dos puntas con cuatro medidas","robots":{"index":"index","follow":"follow","max-snippet":"max-snippet:-1","max-image-preview":"max-image-preview:large","max-video-preview":"max-video-preview:-1"},"canonical":"https:\/\/yoestudiosalud.es\/fr\/produit\/altimetro-posicionador-de-brackets\/","og_locale":"fr_FR","og_type":"article","og_title":"Positionneur d\u2019altim\u00e8tre pour brackets","og_description":"El Alt\u00edmetro Posicionador de Brackets es una herramienta de acero con dos puntas para el ajuste e instalaci\u00f3n correcta de los Brackets\u00a0Consta de dos puntas con cuatro medidas","og_url":"https:\/\/yoestudiosalud.es\/fr\/produit\/altimetro-posicionador-de-brackets\/","og_site_name":"yoestudiosalud.es","article_modified_time":"2025-06-17T20:07:54+00:00","og_image":[{"width":650,"height":650,"url":"https:\/\/yoestudiosalud.es\/wp-content\/uploads\/2024\/04\/003794.jpg","type":"image\/jpeg"}],"twitter_card":"summary_large_image","twitter_misc":{"Dur\u00e9e de lecture estim\u00e9e":"1 minute"},"schema":{"@context":"https:\/\/schema.org","@graph":[{"@type":"WebPage","@id":"https:\/\/yoestudiosalud.es\/fr\/produit\/altimetro-posicionador-de-brackets\/","url":"https:\/\/yoestudiosalud.es\/fr\/produit\/altimetro-posicionador-de-brackets\/","name":"Positionneur d\u2019altim\u00e8tre pour brackets - yoestudiosalud.es","isPartOf":{"@id":"https:\/\/yoestudiosalud.es\/en\/#website"},"primaryImageOfPage":{"@id":"https:\/\/yoestudiosalud.es\/fr\/produit\/altimetro-posicionador-de-brackets\/#primaryimage"},"image":{"@id":"https:\/\/yoestudiosalud.es\/fr\/produit\/altimetro-posicionador-de-brackets\/#primaryimage"},"thumbnailUrl":"https:\/\/yoestudiosalud.es\/wp-content\/uploads\/2024\/04\/003794.jpg","datePublished":"2024-04-04T12:11:25+00:00","dateModified":"2025-06-17T20:07:54+00:00","description":"El Alt\u00edmetro Posicionador de Brackets es una herramienta de acero con dos puntas para el ajuste e instalaci\u00f3n correcta de los Brackets\u00a0Consta de dos puntas con cuatro medidas","breadcrumb":{"@id":"https:\/\/yoestudiosalud.es\/fr\/produit\/altimetro-posicionador-de-brackets\/#breadcrumb"},"inLanguage":"fr-FR","potentialAction":[{"@type":"ReadAction","target":["https:\/\/yoestudiosalud.es\/fr\/produit\/altimetro-posicionador-de-brackets\/"]}]},{"@type":"ImageObject","inLanguage":"fr-FR","@id":"https:\/\/yoestudiosalud.es\/fr\/produit\/altimetro-posicionador-de-brackets\/#primaryimage","url":"https:\/\/yoestudiosalud.es\/wp-content\/uploads\/2024\/04\/003794.jpg","contentUrl":"https:\/\/yoestudiosalud.es\/wp-content\/uploads\/2024\/04\/003794.jpg","width":650,"height":650},{"@type":"BreadcrumbList","@id":"https:\/\/yoestudiosalud.es\/fr\/produit\/altimetro-posicionador-de-brackets\/#breadcrumb","itemListElement":[{"@type":"ListItem","position":1,"name":"Portada","item":"https:\/\/yoestudiosalud.es\/fr\/"},{"@type":"ListItem","position":2,"name":"Boutique","item":"https:\/\/yoestudiosalud.es\/fr\/boutique\/"},{"@type":"ListItem","position":3,"name":"Positionneur d\u2019altim\u00e8tre pour brackets"}]},{"@type":"WebSite","@id":"https:\/\/yoestudiosalud.es\/en\/#website","url":"https:\/\/yoestudiosalud.es\/en\/","name":"yoestudiosalud.es","description":"Material para estudiantes del sector salud","publisher":{"@id":"https:\/\/yoestudiosalud.es\/en\/#organization"},"potentialAction":[{"@type":"SearchAction","target":{"@type":"EntryPoint","urlTemplate":"https:\/\/yoestudiosalud.es\/en\/?s={search_term_string}"},"query-input":{"@type":"PropertyValueSpecification","valueRequired":true,"valueName":"search_term_string"}}],"inLanguage":"fr-FR"},{"@type":"Organization","@id":"https:\/\/yoestudiosalud.es\/en\/#organization","name":"yoestudiosalud.es","url":"https:\/\/yoestudiosalud.es\/en\/","logo":{"@type":"ImageObject","inLanguage":"fr-FR","@id":"https:\/\/yoestudiosalud.es\/en\/#\/schema\/logo\/image\/","url":"https:\/\/yoestudiosalud.es\/wp-content\/uploads\/2020\/04\/logonew-e1698080827687.png","contentUrl":"https:\/\/yoestudiosalud.es\/wp-content\/uploads\/2020\/04\/logonew-e1698080827687.png","width":421,"height":393,"caption":"yoestudiosalud.es"},"image":{"@id":"https:\/\/yoestudiosalud.es\/en\/#\/schema\/logo\/image\/"}}]}},"_links":{"self":[{"href":"https:\/\/yoestudiosalud.es\/fr\/wp-json\/wp\/v2\/product\/32075","targetHints":{"allow":["GET"]}}],"collection":[{"href":"https:\/\/yoestudiosalud.es\/fr\/wp-json\/wp\/v2\/product"}],"about":[{"href":"https:\/\/yoestudiosalud.es\/fr\/wp-json\/wp\/v2\/types\/product"}],"wp:featuredmedia":[{"embeddable":true,"href":"https:\/\/yoestudiosalud.es\/fr\/wp-json\/wp\/v2\/media\/27732"}],"wp:attachment":[{"href":"https:\/\/yoestudiosalud.es\/fr\/wp-json\/wp\/v2\/media?parent=32075"}],"wp:term":[{"taxonomy":"product_brand","embeddable":true,"href":"https:\/\/yoestudiosalud.es\/fr\/wp-json\/wp\/v2\/product_brand?post=32075"},{"taxonomy":"product_cat","embeddable":true,"href":"https:\/\/yoestudiosalud.es\/fr\/wp-json\/wp\/v2\/product_cat?post=32075"},{"taxonomy":"product_tag","embeddable":true,"href":"https:\/\/yoestudiosalud.es\/fr\/wp-json\/wp\/v2\/product_tag?post=32075"}],"curies":[{"name":"wp","href":"https:\/\/api.w.org\/{rel}","templated":true}]}}