{"id":32069,"date":"2024-04-10T15:28:17","date_gmt":"2024-04-10T15:28:17","guid":{"rendered":"https:\/\/yoestudiosalud.es\/producto\/ms-arte-condensa\/"},"modified":"2025-07-02T19:14:49","modified_gmt":"2025-07-02T17:14:49","slug":"ms-arte-condensa","status":"publish","type":"product","link":"https:\/\/yoestudiosalud.es\/fr\/produit\/ms-arte-condensa\/","title":{"rendered":"MS ARTE CONDENSA"},"content":{"rendered":"<p>Le MS ARTE CONDENSA est un instrument d\u00e9di\u00e9 \u00e0 la restauration esth\u00e9tique et au modelage du composite.<\/p>\n<p>Il se compose de deux parties actives en forme de pointe cylindrique \u00e9mouss\u00e9e pour une utilisation douce \u00e0 l\u2019int\u00e9rieur des cavit\u00e9s dentaires. Chaque pointe de l\u2019instrument a une taille diff\u00e9rente (1,50 mm et 0,90 mm), assurant un fonctionnement parfait dans une grande vari\u00e9t\u00e9 de cas.<\/p>\n<p>Fabriqu\u00e9 par la marque Master Surgical S.L., le MS ARTE CONDENSA est r\u00e9alis\u00e9 en acier inoxydable de haute qualit\u00e9 avec des manches ergonomiques en silicone pour un usage confortable. De plus, cet instrument ainsi que d\u2019autres mat\u00e9riaux de la gamme MS-ARTE font partie du kit MS-ARTE DE MODELAGE DU COMPOSITE.<\/p>\n<p>Similaire au LM-ARTE CONDENSA, ce produit est de la meilleure qualit\u00e9 et constitue une option parfaite pour les travaux de modelage du composite.<\/p>\n","protected":false},"excerpt":{"rendered":"<p>Le MS ARTE CONDENSA est un instrument d\u00e9di\u00e9 \u00e0 la restauration esth\u00e9tique et au modelage du composite.<\/p>\n<p>Il se compose de deux parties actives en forme de pointe cylindrique \u00e9mouss\u00e9e pour une utilisation douce \u00e0 l\u2019int\u00e9rieur des cavit\u00e9s dentaires. Chaque pointe de l\u2019instrument a une taille diff\u00e9rente (1,50 mm et 0,90 mm), assurant un fonctionnement parfait dans une grande vari\u00e9t\u00e9 de cas.<\/p>\n","protected":false},"featured_media":27914,"template":"","meta":[],"product_brand":[],"product_cat":[671],"product_tag":[755],"class_list":{"0":"post-32069","1":"product","2":"type-product","3":"status-publish","4":"has-post-thumbnail","6":"product_cat-instrumental-fr","7":"product_tag-ucam3-fr","8":"pa_formacion-odontologia-fr","10":"first","11":"instock","12":"sale","13":"taxable","14":"shipping-taxable","15":"purchasable","16":"product-type-simple"},"yoast_head":"<!-- This site is optimized with the Yoast SEO Premium plugin v27.0 (Yoast SEO v27.2) - https:\/\/yoast.com\/product\/yoast-seo-premium-wordpress\/ -->\n<title>MS ARTE CONDENSA - yoestudiosalud.es<\/title>\n<meta name=\"description\" content=\"Le MS ARTE CONDENSA est un instrument d\u00e9di\u00e9 \u00e0 la restauration esth\u00e9tique et au modelage du composite.\" \/>\n<meta name=\"robots\" content=\"index, follow, max-snippet:-1, max-image-preview:large, max-video-preview:-1\" \/>\n<link rel=\"canonical\" href=\"https:\/\/yoestudiosalud.es\/fr\/produit\/ms-arte-condensa\/\" \/>\n<meta property=\"og:locale\" content=\"fr_FR\" \/>\n<meta property=\"og:type\" content=\"article\" \/>\n<meta property=\"og:title\" content=\"MS ARTE CONDENSA\" \/>\n<meta property=\"og:description\" content=\"Le MS ARTE CONDENSA est un instrument d\u00e9di\u00e9 \u00e0 la restauration esth\u00e9tique et au modelage du composite.\" \/>\n<meta property=\"og:url\" content=\"https:\/\/yoestudiosalud.es\/fr\/produit\/ms-arte-condensa\/\" \/>\n<meta property=\"og:site_name\" content=\"yoestudiosalud.es\" \/>\n<meta property=\"article:modified_time\" content=\"2025-07-02T17:14:49+00:00\" \/>\n<meta property=\"og:image\" content=\"https:\/\/yoestudiosalud.es\/wp-content\/uploads\/2024\/04\/005035.jpg\" \/>\n\t<meta property=\"og:image:width\" content=\"650\" \/>\n\t<meta property=\"og:image:height\" content=\"650\" \/>\n\t<meta property=\"og:image:type\" content=\"image\/jpeg\" \/>\n<meta name=\"twitter:card\" content=\"summary_large_image\" \/>\n<meta name=\"twitter:label1\" content=\"Dur\u00e9e de lecture estim\u00e9e\" \/>\n\t<meta name=\"twitter:data1\" content=\"1 minute\" \/>\n<script type=\"application\/ld+json\" class=\"yoast-schema-graph\">{\"@context\":\"https:\/\/schema.org\",\"@graph\":[{\"@type\":\"WebPage\",\"@id\":\"https:\/\/yoestudiosalud.es\/fr\/produit\/ms-arte-condensa\/\",\"url\":\"https:\/\/yoestudiosalud.es\/fr\/produit\/ms-arte-condensa\/\",\"name\":\"MS ARTE CONDENSA - yoestudiosalud.es\",\"isPartOf\":{\"@id\":\"https:\/\/yoestudiosalud.es\/en\/#website\"},\"primaryImageOfPage\":{\"@id\":\"https:\/\/yoestudiosalud.es\/fr\/produit\/ms-arte-condensa\/#primaryimage\"},\"image\":{\"@id\":\"https:\/\/yoestudiosalud.es\/fr\/produit\/ms-arte-condensa\/#primaryimage\"},\"thumbnailUrl\":\"https:\/\/yoestudiosalud.es\/wp-content\/uploads\/2024\/04\/005035.jpg\",\"datePublished\":\"2024-04-10T15:28:17+00:00\",\"dateModified\":\"2025-07-02T17:14:49+00:00\",\"description\":\"Le MS ARTE CONDENSA est un instrument d\u00e9di\u00e9 \u00e0 la restauration esth\u00e9tique et au modelage du composite.\",\"breadcrumb\":{\"@id\":\"https:\/\/yoestudiosalud.es\/fr\/produit\/ms-arte-condensa\/#breadcrumb\"},\"inLanguage\":\"fr-FR\",\"potentialAction\":[{\"@type\":\"ReadAction\",\"target\":[\"https:\/\/yoestudiosalud.es\/fr\/produit\/ms-arte-condensa\/\"]}]},{\"@type\":\"ImageObject\",\"inLanguage\":\"fr-FR\",\"@id\":\"https:\/\/yoestudiosalud.es\/fr\/produit\/ms-arte-condensa\/#primaryimage\",\"url\":\"https:\/\/yoestudiosalud.es\/wp-content\/uploads\/2024\/04\/005035.jpg\",\"contentUrl\":\"https:\/\/yoestudiosalud.es\/wp-content\/uploads\/2024\/04\/005035.jpg\",\"width\":650,\"height\":650,\"caption\":\"MS ARTE CONDENSA\"},{\"@type\":\"BreadcrumbList\",\"@id\":\"https:\/\/yoestudiosalud.es\/fr\/produit\/ms-arte-condensa\/#breadcrumb\",\"itemListElement\":[{\"@type\":\"ListItem\",\"position\":1,\"name\":\"Portada\",\"item\":\"https:\/\/yoestudiosalud.es\/fr\/\"},{\"@type\":\"ListItem\",\"position\":2,\"name\":\"Boutique\",\"item\":\"https:\/\/yoestudiosalud.es\/fr\/boutique\/\"},{\"@type\":\"ListItem\",\"position\":3,\"name\":\"MS ARTE CONDENSA\"}]},{\"@type\":\"WebSite\",\"@id\":\"https:\/\/yoestudiosalud.es\/en\/#website\",\"url\":\"https:\/\/yoestudiosalud.es\/en\/\",\"name\":\"yoestudiosalud.es\",\"description\":\"Material para estudiantes del sector salud\",\"publisher\":{\"@id\":\"https:\/\/yoestudiosalud.es\/en\/#organization\"},\"potentialAction\":[{\"@type\":\"SearchAction\",\"target\":{\"@type\":\"EntryPoint\",\"urlTemplate\":\"https:\/\/yoestudiosalud.es\/en\/?s={search_term_string}\"},\"query-input\":{\"@type\":\"PropertyValueSpecification\",\"valueRequired\":true,\"valueName\":\"search_term_string\"}}],\"inLanguage\":\"fr-FR\"},{\"@type\":\"Organization\",\"@id\":\"https:\/\/yoestudiosalud.es\/en\/#organization\",\"name\":\"yoestudiosalud.es\",\"url\":\"https:\/\/yoestudiosalud.es\/en\/\",\"logo\":{\"@type\":\"ImageObject\",\"inLanguage\":\"fr-FR\",\"@id\":\"https:\/\/yoestudiosalud.es\/en\/#\/schema\/logo\/image\/\",\"url\":\"https:\/\/yoestudiosalud.es\/wp-content\/uploads\/2020\/04\/logonew-e1698080827687.png\",\"contentUrl\":\"https:\/\/yoestudiosalud.es\/wp-content\/uploads\/2020\/04\/logonew-e1698080827687.png\",\"width\":421,\"height\":393,\"caption\":\"yoestudiosalud.es\"},\"image\":{\"@id\":\"https:\/\/yoestudiosalud.es\/en\/#\/schema\/logo\/image\/\"}}]}<\/script>\n<!-- \/ Yoast SEO Premium plugin. -->","yoast_head_json":{"title":"MS ARTE CONDENSA - yoestudiosalud.es","description":"Le MS ARTE CONDENSA est un instrument d\u00e9di\u00e9 \u00e0 la restauration esth\u00e9tique et au modelage du composite.","robots":{"index":"index","follow":"follow","max-snippet":"max-snippet:-1","max-image-preview":"max-image-preview:large","max-video-preview":"max-video-preview:-1"},"canonical":"https:\/\/yoestudiosalud.es\/fr\/produit\/ms-arte-condensa\/","og_locale":"fr_FR","og_type":"article","og_title":"MS ARTE CONDENSA","og_description":"Le MS ARTE CONDENSA est un instrument d\u00e9di\u00e9 \u00e0 la restauration esth\u00e9tique et au modelage du composite.","og_url":"https:\/\/yoestudiosalud.es\/fr\/produit\/ms-arte-condensa\/","og_site_name":"yoestudiosalud.es","article_modified_time":"2025-07-02T17:14:49+00:00","og_image":[{"width":650,"height":650,"url":"https:\/\/yoestudiosalud.es\/wp-content\/uploads\/2024\/04\/005035.jpg","type":"image\/jpeg"}],"twitter_card":"summary_large_image","twitter_misc":{"Dur\u00e9e de lecture estim\u00e9e":"1 minute"},"schema":{"@context":"https:\/\/schema.org","@graph":[{"@type":"WebPage","@id":"https:\/\/yoestudiosalud.es\/fr\/produit\/ms-arte-condensa\/","url":"https:\/\/yoestudiosalud.es\/fr\/produit\/ms-arte-condensa\/","name":"MS ARTE CONDENSA - yoestudiosalud.es","isPartOf":{"@id":"https:\/\/yoestudiosalud.es\/en\/#website"},"primaryImageOfPage":{"@id":"https:\/\/yoestudiosalud.es\/fr\/produit\/ms-arte-condensa\/#primaryimage"},"image":{"@id":"https:\/\/yoestudiosalud.es\/fr\/produit\/ms-arte-condensa\/#primaryimage"},"thumbnailUrl":"https:\/\/yoestudiosalud.es\/wp-content\/uploads\/2024\/04\/005035.jpg","datePublished":"2024-04-10T15:28:17+00:00","dateModified":"2025-07-02T17:14:49+00:00","description":"Le MS ARTE CONDENSA est un instrument d\u00e9di\u00e9 \u00e0 la restauration esth\u00e9tique et au modelage du composite.","breadcrumb":{"@id":"https:\/\/yoestudiosalud.es\/fr\/produit\/ms-arte-condensa\/#breadcrumb"},"inLanguage":"fr-FR","potentialAction":[{"@type":"ReadAction","target":["https:\/\/yoestudiosalud.es\/fr\/produit\/ms-arte-condensa\/"]}]},{"@type":"ImageObject","inLanguage":"fr-FR","@id":"https:\/\/yoestudiosalud.es\/fr\/produit\/ms-arte-condensa\/#primaryimage","url":"https:\/\/yoestudiosalud.es\/wp-content\/uploads\/2024\/04\/005035.jpg","contentUrl":"https:\/\/yoestudiosalud.es\/wp-content\/uploads\/2024\/04\/005035.jpg","width":650,"height":650,"caption":"MS ARTE CONDENSA"},{"@type":"BreadcrumbList","@id":"https:\/\/yoestudiosalud.es\/fr\/produit\/ms-arte-condensa\/#breadcrumb","itemListElement":[{"@type":"ListItem","position":1,"name":"Portada","item":"https:\/\/yoestudiosalud.es\/fr\/"},{"@type":"ListItem","position":2,"name":"Boutique","item":"https:\/\/yoestudiosalud.es\/fr\/boutique\/"},{"@type":"ListItem","position":3,"name":"MS ARTE CONDENSA"}]},{"@type":"WebSite","@id":"https:\/\/yoestudiosalud.es\/en\/#website","url":"https:\/\/yoestudiosalud.es\/en\/","name":"yoestudiosalud.es","description":"Material para estudiantes del sector salud","publisher":{"@id":"https:\/\/yoestudiosalud.es\/en\/#organization"},"potentialAction":[{"@type":"SearchAction","target":{"@type":"EntryPoint","urlTemplate":"https:\/\/yoestudiosalud.es\/en\/?s={search_term_string}"},"query-input":{"@type":"PropertyValueSpecification","valueRequired":true,"valueName":"search_term_string"}}],"inLanguage":"fr-FR"},{"@type":"Organization","@id":"https:\/\/yoestudiosalud.es\/en\/#organization","name":"yoestudiosalud.es","url":"https:\/\/yoestudiosalud.es\/en\/","logo":{"@type":"ImageObject","inLanguage":"fr-FR","@id":"https:\/\/yoestudiosalud.es\/en\/#\/schema\/logo\/image\/","url":"https:\/\/yoestudiosalud.es\/wp-content\/uploads\/2020\/04\/logonew-e1698080827687.png","contentUrl":"https:\/\/yoestudiosalud.es\/wp-content\/uploads\/2020\/04\/logonew-e1698080827687.png","width":421,"height":393,"caption":"yoestudiosalud.es"},"image":{"@id":"https:\/\/yoestudiosalud.es\/en\/#\/schema\/logo\/image\/"}}]}},"_links":{"self":[{"href":"https:\/\/yoestudiosalud.es\/fr\/wp-json\/wp\/v2\/product\/32069","targetHints":{"allow":["GET"]}}],"collection":[{"href":"https:\/\/yoestudiosalud.es\/fr\/wp-json\/wp\/v2\/product"}],"about":[{"href":"https:\/\/yoestudiosalud.es\/fr\/wp-json\/wp\/v2\/types\/product"}],"wp:featuredmedia":[{"embeddable":true,"href":"https:\/\/yoestudiosalud.es\/fr\/wp-json\/wp\/v2\/media\/27914"}],"wp:attachment":[{"href":"https:\/\/yoestudiosalud.es\/fr\/wp-json\/wp\/v2\/media?parent=32069"}],"wp:term":[{"taxonomy":"product_brand","embeddable":true,"href":"https:\/\/yoestudiosalud.es\/fr\/wp-json\/wp\/v2\/product_brand?post=32069"},{"taxonomy":"product_cat","embeddable":true,"href":"https:\/\/yoestudiosalud.es\/fr\/wp-json\/wp\/v2\/product_cat?post=32069"},{"taxonomy":"product_tag","embeddable":true,"href":"https:\/\/yoestudiosalud.es\/fr\/wp-json\/wp\/v2\/product_tag?post=32069"}],"curies":[{"name":"wp","href":"https:\/\/api.w.org\/{rel}","templated":true}]}}