{"id":32068,"date":"2024-04-10T15:57:22","date_gmt":"2024-04-10T15:57:22","guid":{"rendered":"https:\/\/yoestudiosalud.es\/producto\/ms-arte-applica\/"},"modified":"2025-06-17T22:13:49","modified_gmt":"2025-06-17T20:13:49","slug":"ms-arte-applica","status":"publish","type":"product","link":"https:\/\/yoestudiosalud.es\/fr\/produit\/ms-arte-applica\/","title":{"rendered":"MS ARTE APPLICA"},"content":{"rendered":"<p>Le MS ARTE APPLICA est un instrument d\u00e9di\u00e9 \u00e0 la restauration esth\u00e9tique et au modelage du composite.<\/p>\n<p>Il comprend deux parties actives en forme de spatule pour le transport et l\u2019application lors du modelage du composite. Chaque extr\u00e9mit\u00e9 de l\u2019instrument mesure 4 mm, avec une orientation oppos\u00e9e \u00e0 l\u2019autre pointe.<\/p>\n<p>Fabriqu\u00e9 par la marque Master Surgical S.L., le MS ARTE APPLICA est con\u00e7u en m\u00e9tal inoxydable de haute qualit\u00e9 avec des manches ergonomiques en silicone pour un usage confortable. De plus, cet instrument et d\u2019autres produits de la gamme MS-ARTE font partie du <strong>kit MS-ARTE DE MODELAGE DU COMPOSITE<\/strong>.<\/p>\n<p>Similaire au LM-ARTE MODELLA, ce produit est de la meilleure qualit\u00e9 et constitue une option parfaite pour les travaux de modelage du composite.<\/p>\n","protected":false},"excerpt":{"rendered":"<p>Le MS ARTE APPLICA est un instrument d\u00e9di\u00e9 \u00e0 la  [&#8230;]<\/p>\n","protected":false},"featured_media":27919,"template":"","meta":[],"product_brand":[],"product_cat":[681],"product_tag":[755],"class_list":{"0":"post-32068","1":"product","2":"type-product","3":"status-publish","4":"has-post-thumbnail","6":"product_cat-chirurgie-fr","7":"product_tag-ucam3-fr","8":"pa_formacion-odontologia-fr","10":"first","11":"instock","12":"sale","13":"taxable","14":"shipping-taxable","15":"purchasable","16":"product-type-simple"},"yoast_head":"<!-- This site is optimized with the Yoast SEO Premium plugin v27.0 (Yoast SEO v27.4) - https:\/\/yoast.com\/product\/yoast-seo-premium-wordpress\/ -->\n<title>MS ARTE APPLICA - yoestudiosalud.es<\/title>\n<meta name=\"description\" content=\"El MS ARTE APPLICA es un instrumental dedicado la restauraci\u00f3n est\u00e9tica y el modelado de composite. Consta de dos partes activas en forma de esp\u00e1tual.\" \/>\n<meta name=\"robots\" content=\"index, follow, max-snippet:-1, max-image-preview:large, max-video-preview:-1\" \/>\n<link rel=\"canonical\" href=\"https:\/\/yoestudiosalud.es\/produit\/ms-arte-applica\/\" \/>\n<meta property=\"og:locale\" content=\"fr_FR\" \/>\n<meta property=\"og:type\" content=\"article\" \/>\n<meta property=\"og:title\" content=\"MS ARTE APPLICA\" \/>\n<meta property=\"og:description\" content=\"El MS ARTE APPLICA es un instrumental dedicado la restauraci\u00f3n est\u00e9tica y el modelado de composite. Consta de dos partes activas en forma de esp\u00e1tual.\" \/>\n<meta property=\"og:url\" content=\"https:\/\/yoestudiosalud.es\/produit\/ms-arte-applica\/\" \/>\n<meta property=\"og:site_name\" content=\"yoestudiosalud.es\" \/>\n<meta property=\"article:modified_time\" content=\"2025-06-17T20:13:49+00:00\" \/>\n<meta property=\"og:image\" content=\"https:\/\/yoestudiosalud.es\/wp-content\/uploads\/2024\/04\/005034.jpg\" \/>\n\t<meta property=\"og:image:width\" content=\"650\" \/>\n\t<meta property=\"og:image:height\" content=\"650\" \/>\n\t<meta property=\"og:image:type\" content=\"image\/jpeg\" \/>\n<meta name=\"twitter:card\" content=\"summary_large_image\" \/>\n<meta name=\"twitter:label1\" content=\"Dur\u00e9e de lecture estim\u00e9e\" \/>\n\t<meta name=\"twitter:data1\" content=\"1 minute\" \/>\n<script type=\"application\/ld+json\" class=\"yoast-schema-graph\">{\"@context\":\"https:\\\/\\\/schema.org\",\"@graph\":[{\"@type\":\"WebPage\",\"@id\":\"https:\\\/\\\/yoestudiosalud.es\\\/produit\\\/ms-arte-applica\\\/\",\"url\":\"https:\\\/\\\/yoestudiosalud.es\\\/produit\\\/ms-arte-applica\\\/\",\"name\":\"MS ARTE APPLICA - yoestudiosalud.es\",\"isPartOf\":{\"@id\":\"https:\\\/\\\/yoestudiosalud.es\\\/en\\\/#website\"},\"primaryImageOfPage\":{\"@id\":\"https:\\\/\\\/yoestudiosalud.es\\\/produit\\\/ms-arte-applica\\\/#primaryimage\"},\"image\":{\"@id\":\"https:\\\/\\\/yoestudiosalud.es\\\/produit\\\/ms-arte-applica\\\/#primaryimage\"},\"thumbnailUrl\":\"https:\\\/\\\/yoestudiosalud.es\\\/wp-content\\\/uploads\\\/2024\\\/04\\\/005034.jpg\",\"datePublished\":\"2024-04-10T15:57:22+00:00\",\"dateModified\":\"2025-06-17T20:13:49+00:00\",\"description\":\"El MS ARTE APPLICA es un instrumental dedicado la restauraci\u00f3n est\u00e9tica y el modelado de composite. Consta de dos partes activas en forma de esp\u00e1tual.\",\"breadcrumb\":{\"@id\":\"https:\\\/\\\/yoestudiosalud.es\\\/produit\\\/ms-arte-applica\\\/#breadcrumb\"},\"inLanguage\":\"fr-FR\",\"potentialAction\":[{\"@type\":\"ReadAction\",\"target\":[\"https:\\\/\\\/yoestudiosalud.es\\\/produit\\\/ms-arte-applica\\\/\"]}]},{\"@type\":\"ImageObject\",\"inLanguage\":\"fr-FR\",\"@id\":\"https:\\\/\\\/yoestudiosalud.es\\\/produit\\\/ms-arte-applica\\\/#primaryimage\",\"url\":\"https:\\\/\\\/yoestudiosalud.es\\\/wp-content\\\/uploads\\\/2024\\\/04\\\/005034.jpg\",\"contentUrl\":\"https:\\\/\\\/yoestudiosalud.es\\\/wp-content\\\/uploads\\\/2024\\\/04\\\/005034.jpg\",\"width\":650,\"height\":650,\"caption\":\"MS APPLICA\"},{\"@type\":\"BreadcrumbList\",\"@id\":\"https:\\\/\\\/yoestudiosalud.es\\\/produit\\\/ms-arte-applica\\\/#breadcrumb\",\"itemListElement\":[{\"@type\":\"ListItem\",\"position\":1,\"name\":\"Portada\",\"item\":\"https:\\\/\\\/yoestudiosalud.es\\\/fr\\\/\"},{\"@type\":\"ListItem\",\"position\":2,\"name\":\"Boutique\",\"item\":\"https:\\\/\\\/yoestudiosalud.es\\\/fr\\\/boutique\\\/\"},{\"@type\":\"ListItem\",\"position\":3,\"name\":\"MS ARTE APPLICA\"}]},{\"@type\":\"WebSite\",\"@id\":\"https:\\\/\\\/yoestudiosalud.es\\\/en\\\/#website\",\"url\":\"https:\\\/\\\/yoestudiosalud.es\\\/en\\\/\",\"name\":\"yoestudiosalud.es\",\"description\":\"Material para estudiantes del sector salud\",\"publisher\":{\"@id\":\"https:\\\/\\\/yoestudiosalud.es\\\/en\\\/#organization\"},\"potentialAction\":[{\"@type\":\"SearchAction\",\"target\":{\"@type\":\"EntryPoint\",\"urlTemplate\":\"https:\\\/\\\/yoestudiosalud.es\\\/en\\\/?s={search_term_string}\"},\"query-input\":{\"@type\":\"PropertyValueSpecification\",\"valueRequired\":true,\"valueName\":\"search_term_string\"}}],\"inLanguage\":\"fr-FR\"},{\"@type\":\"Organization\",\"@id\":\"https:\\\/\\\/yoestudiosalud.es\\\/en\\\/#organization\",\"name\":\"yoestudiosalud.es\",\"url\":\"https:\\\/\\\/yoestudiosalud.es\\\/en\\\/\",\"logo\":{\"@type\":\"ImageObject\",\"inLanguage\":\"fr-FR\",\"@id\":\"https:\\\/\\\/yoestudiosalud.es\\\/en\\\/#\\\/schema\\\/logo\\\/image\\\/\",\"url\":\"https:\\\/\\\/yoestudiosalud.es\\\/wp-content\\\/uploads\\\/2020\\\/04\\\/logonew-e1698080827687.png\",\"contentUrl\":\"https:\\\/\\\/yoestudiosalud.es\\\/wp-content\\\/uploads\\\/2020\\\/04\\\/logonew-e1698080827687.png\",\"width\":421,\"height\":393,\"caption\":\"yoestudiosalud.es\"},\"image\":{\"@id\":\"https:\\\/\\\/yoestudiosalud.es\\\/en\\\/#\\\/schema\\\/logo\\\/image\\\/\"}}]}<\/script>\n<!-- \/ Yoast SEO Premium plugin. -->","yoast_head_json":{"title":"MS ARTE APPLICA - yoestudiosalud.es","description":"El MS ARTE APPLICA es un instrumental dedicado la restauraci\u00f3n est\u00e9tica y el modelado de composite. Consta de dos partes activas en forma de esp\u00e1tual.","robots":{"index":"index","follow":"follow","max-snippet":"max-snippet:-1","max-image-preview":"max-image-preview:large","max-video-preview":"max-video-preview:-1"},"canonical":"https:\/\/yoestudiosalud.es\/produit\/ms-arte-applica\/","og_locale":"fr_FR","og_type":"article","og_title":"MS ARTE APPLICA","og_description":"El MS ARTE APPLICA es un instrumental dedicado la restauraci\u00f3n est\u00e9tica y el modelado de composite. Consta de dos partes activas en forma de esp\u00e1tual.","og_url":"https:\/\/yoestudiosalud.es\/produit\/ms-arte-applica\/","og_site_name":"yoestudiosalud.es","article_modified_time":"2025-06-17T20:13:49+00:00","og_image":[{"width":650,"height":650,"url":"https:\/\/yoestudiosalud.es\/wp-content\/uploads\/2024\/04\/005034.jpg","type":"image\/jpeg"}],"twitter_card":"summary_large_image","twitter_misc":{"Dur\u00e9e de lecture estim\u00e9e":"1 minute"},"schema":{"@context":"https:\/\/schema.org","@graph":[{"@type":"WebPage","@id":"https:\/\/yoestudiosalud.es\/produit\/ms-arte-applica\/","url":"https:\/\/yoestudiosalud.es\/produit\/ms-arte-applica\/","name":"MS ARTE APPLICA - yoestudiosalud.es","isPartOf":{"@id":"https:\/\/yoestudiosalud.es\/en\/#website"},"primaryImageOfPage":{"@id":"https:\/\/yoestudiosalud.es\/produit\/ms-arte-applica\/#primaryimage"},"image":{"@id":"https:\/\/yoestudiosalud.es\/produit\/ms-arte-applica\/#primaryimage"},"thumbnailUrl":"https:\/\/yoestudiosalud.es\/wp-content\/uploads\/2024\/04\/005034.jpg","datePublished":"2024-04-10T15:57:22+00:00","dateModified":"2025-06-17T20:13:49+00:00","description":"El MS ARTE APPLICA es un instrumental dedicado la restauraci\u00f3n est\u00e9tica y el modelado de composite. Consta de dos partes activas en forma de esp\u00e1tual.","breadcrumb":{"@id":"https:\/\/yoestudiosalud.es\/produit\/ms-arte-applica\/#breadcrumb"},"inLanguage":"fr-FR","potentialAction":[{"@type":"ReadAction","target":["https:\/\/yoestudiosalud.es\/produit\/ms-arte-applica\/"]}]},{"@type":"ImageObject","inLanguage":"fr-FR","@id":"https:\/\/yoestudiosalud.es\/produit\/ms-arte-applica\/#primaryimage","url":"https:\/\/yoestudiosalud.es\/wp-content\/uploads\/2024\/04\/005034.jpg","contentUrl":"https:\/\/yoestudiosalud.es\/wp-content\/uploads\/2024\/04\/005034.jpg","width":650,"height":650,"caption":"MS APPLICA"},{"@type":"BreadcrumbList","@id":"https:\/\/yoestudiosalud.es\/produit\/ms-arte-applica\/#breadcrumb","itemListElement":[{"@type":"ListItem","position":1,"name":"Portada","item":"https:\/\/yoestudiosalud.es\/fr\/"},{"@type":"ListItem","position":2,"name":"Boutique","item":"https:\/\/yoestudiosalud.es\/fr\/boutique\/"},{"@type":"ListItem","position":3,"name":"MS ARTE APPLICA"}]},{"@type":"WebSite","@id":"https:\/\/yoestudiosalud.es\/en\/#website","url":"https:\/\/yoestudiosalud.es\/en\/","name":"yoestudiosalud.es","description":"Material para estudiantes del sector salud","publisher":{"@id":"https:\/\/yoestudiosalud.es\/en\/#organization"},"potentialAction":[{"@type":"SearchAction","target":{"@type":"EntryPoint","urlTemplate":"https:\/\/yoestudiosalud.es\/en\/?s={search_term_string}"},"query-input":{"@type":"PropertyValueSpecification","valueRequired":true,"valueName":"search_term_string"}}],"inLanguage":"fr-FR"},{"@type":"Organization","@id":"https:\/\/yoestudiosalud.es\/en\/#organization","name":"yoestudiosalud.es","url":"https:\/\/yoestudiosalud.es\/en\/","logo":{"@type":"ImageObject","inLanguage":"fr-FR","@id":"https:\/\/yoestudiosalud.es\/en\/#\/schema\/logo\/image\/","url":"https:\/\/yoestudiosalud.es\/wp-content\/uploads\/2020\/04\/logonew-e1698080827687.png","contentUrl":"https:\/\/yoestudiosalud.es\/wp-content\/uploads\/2020\/04\/logonew-e1698080827687.png","width":421,"height":393,"caption":"yoestudiosalud.es"},"image":{"@id":"https:\/\/yoestudiosalud.es\/en\/#\/schema\/logo\/image\/"}}]}},"_links":{"self":[{"href":"https:\/\/yoestudiosalud.es\/fr\/wp-json\/wp\/v2\/product\/32068","targetHints":{"allow":["GET"]}}],"collection":[{"href":"https:\/\/yoestudiosalud.es\/fr\/wp-json\/wp\/v2\/product"}],"about":[{"href":"https:\/\/yoestudiosalud.es\/fr\/wp-json\/wp\/v2\/types\/product"}],"wp:featuredmedia":[{"embeddable":true,"href":"https:\/\/yoestudiosalud.es\/fr\/wp-json\/wp\/v2\/media\/27919"}],"wp:attachment":[{"href":"https:\/\/yoestudiosalud.es\/fr\/wp-json\/wp\/v2\/media?parent=32068"}],"wp:term":[{"taxonomy":"product_brand","embeddable":true,"href":"https:\/\/yoestudiosalud.es\/fr\/wp-json\/wp\/v2\/product_brand?post=32068"},{"taxonomy":"product_cat","embeddable":true,"href":"https:\/\/yoestudiosalud.es\/fr\/wp-json\/wp\/v2\/product_cat?post=32068"},{"taxonomy":"product_tag","embeddable":true,"href":"https:\/\/yoestudiosalud.es\/fr\/wp-json\/wp\/v2\/product_tag?post=32068"}],"curies":[{"name":"wp","href":"https:\/\/api.w.org\/{rel}","templated":true}]}}