{"id":32066,"date":"2024-04-10T16:24:15","date_gmt":"2024-04-10T16:24:15","guid":{"rendered":"https:\/\/yoestudiosalud.es\/producto\/ms-arte-eccesso\/"},"modified":"2025-06-17T22:15:50","modified_gmt":"2025-06-17T20:15:50","slug":"ms-arte-eccesso","status":"publish","type":"product","link":"https:\/\/yoestudiosalud.es\/fr\/produit\/ms-arte-eccesso\/","title":{"rendered":"MS ARTE ECCESSO"},"content":{"rendered":"<p>Le MS ARTE ECCESSO est un instrument d\u00e9di\u00e9 \u00e0 la restauration esth\u00e9tique et au modelage du composite.<\/p>\n<p>Il comprend deux parties actives en forme de pointes angul\u00e9es pour enlever les exc\u00e8s dans les zones molaires.<\/p>\n<p>Fabriqu\u00e9 par la marque Master Surgical S.L., le MS ARTE ECCESSO est r\u00e9alis\u00e9 en acier inoxydable de haute qualit\u00e9 avec des manches ergonomiques en silicone pour un usage confortable. De plus, cet instrument ainsi que d\u2019autres produits de la gamme MS-ARTE font partie du <strong>kit MS-ARTE DE MODELAGE DU COMPOSITE<\/strong>.<\/p>\n<p>Similaire au LM-ARTE ECCESSO, ce produit est de la meilleure qualit\u00e9 et constitue une option parfaite pour les travaux de modelage du composite.<\/p>\n","protected":false},"excerpt":{"rendered":"<p>Le MS ARTE ECCESSO est un instrument d\u00e9di\u00e9 \u00e0 la  [&#8230;]<\/p>\n","protected":false},"featured_media":27930,"template":"","meta":[],"product_brand":[],"product_cat":[671],"product_tag":[],"class_list":{"0":"post-32066","1":"product","2":"type-product","3":"status-publish","4":"has-post-thumbnail","6":"product_cat-instrumental-fr","7":"pa_formacion-odontologia-fr","9":"first","10":"onbackorder","11":"taxable","12":"shipping-taxable","13":"purchasable","14":"product-type-simple"},"yoast_head":"<!-- This site is optimized with the Yoast SEO Premium plugin v27.0 (Yoast SEO v27.4) - https:\/\/yoast.com\/product\/yoast-seo-premium-wordpress\/ -->\n<title>MS ARTE ECCESSO - yoestudiosalud.es<\/title>\n<meta name=\"description\" content=\"El MS ARTE ECCESSO es un instrumental dedicado la restauraci\u00f3n est\u00e9tica y el modelado de compositeConsta de dos partes activas en forma de puntas anguladas.\" \/>\n<meta name=\"robots\" content=\"index, follow, max-snippet:-1, max-image-preview:large, max-video-preview:-1\" \/>\n<link rel=\"canonical\" href=\"https:\/\/yoestudiosalud.es\/produit\/ms-arte-eccesso\/\" \/>\n<meta property=\"og:locale\" content=\"fr_FR\" \/>\n<meta property=\"og:type\" content=\"article\" \/>\n<meta property=\"og:title\" content=\"MS ARTE ECCESSO\" \/>\n<meta property=\"og:description\" content=\"El MS ARTE ECCESSO es un instrumental dedicado la restauraci\u00f3n est\u00e9tica y el modelado de compositeConsta de dos partes activas en forma de puntas anguladas.\" \/>\n<meta property=\"og:url\" content=\"https:\/\/yoestudiosalud.es\/produit\/ms-arte-eccesso\/\" \/>\n<meta property=\"og:site_name\" content=\"yoestudiosalud.es\" \/>\n<meta property=\"article:modified_time\" content=\"2025-06-17T20:15:50+00:00\" \/>\n<meta property=\"og:image\" content=\"https:\/\/yoestudiosalud.es\/wp-content\/uploads\/2024\/04\/005037.jpg\" \/>\n\t<meta property=\"og:image:width\" content=\"650\" \/>\n\t<meta property=\"og:image:height\" content=\"650\" \/>\n\t<meta property=\"og:image:type\" content=\"image\/jpeg\" \/>\n<meta name=\"twitter:card\" content=\"summary_large_image\" \/>\n<meta name=\"twitter:label1\" content=\"Dur\u00e9e de lecture estim\u00e9e\" \/>\n\t<meta name=\"twitter:data1\" content=\"1 minute\" \/>\n<script type=\"application\/ld+json\" class=\"yoast-schema-graph\">{\"@context\":\"https:\\\/\\\/schema.org\",\"@graph\":[{\"@type\":\"WebPage\",\"@id\":\"https:\\\/\\\/yoestudiosalud.es\\\/produit\\\/ms-arte-eccesso\\\/\",\"url\":\"https:\\\/\\\/yoestudiosalud.es\\\/produit\\\/ms-arte-eccesso\\\/\",\"name\":\"MS ARTE ECCESSO - yoestudiosalud.es\",\"isPartOf\":{\"@id\":\"https:\\\/\\\/yoestudiosalud.es\\\/en\\\/#website\"},\"primaryImageOfPage\":{\"@id\":\"https:\\\/\\\/yoestudiosalud.es\\\/produit\\\/ms-arte-eccesso\\\/#primaryimage\"},\"image\":{\"@id\":\"https:\\\/\\\/yoestudiosalud.es\\\/produit\\\/ms-arte-eccesso\\\/#primaryimage\"},\"thumbnailUrl\":\"https:\\\/\\\/yoestudiosalud.es\\\/wp-content\\\/uploads\\\/2024\\\/04\\\/005037.jpg\",\"datePublished\":\"2024-04-10T16:24:15+00:00\",\"dateModified\":\"2025-06-17T20:15:50+00:00\",\"description\":\"El MS ARTE ECCESSO es un instrumental dedicado la restauraci\u00f3n est\u00e9tica y el modelado de compositeConsta de dos partes activas en forma de puntas anguladas.\",\"breadcrumb\":{\"@id\":\"https:\\\/\\\/yoestudiosalud.es\\\/produit\\\/ms-arte-eccesso\\\/#breadcrumb\"},\"inLanguage\":\"fr-FR\",\"potentialAction\":[{\"@type\":\"ReadAction\",\"target\":[\"https:\\\/\\\/yoestudiosalud.es\\\/produit\\\/ms-arte-eccesso\\\/\"]}]},{\"@type\":\"ImageObject\",\"inLanguage\":\"fr-FR\",\"@id\":\"https:\\\/\\\/yoestudiosalud.es\\\/produit\\\/ms-arte-eccesso\\\/#primaryimage\",\"url\":\"https:\\\/\\\/yoestudiosalud.es\\\/wp-content\\\/uploads\\\/2024\\\/04\\\/005037.jpg\",\"contentUrl\":\"https:\\\/\\\/yoestudiosalud.es\\\/wp-content\\\/uploads\\\/2024\\\/04\\\/005037.jpg\",\"width\":650,\"height\":650,\"caption\":\"MS-ARTE ECCESSO\"},{\"@type\":\"BreadcrumbList\",\"@id\":\"https:\\\/\\\/yoestudiosalud.es\\\/produit\\\/ms-arte-eccesso\\\/#breadcrumb\",\"itemListElement\":[{\"@type\":\"ListItem\",\"position\":1,\"name\":\"Portada\",\"item\":\"https:\\\/\\\/yoestudiosalud.es\\\/fr\\\/\"},{\"@type\":\"ListItem\",\"position\":2,\"name\":\"Boutique\",\"item\":\"https:\\\/\\\/yoestudiosalud.es\\\/fr\\\/boutique\\\/\"},{\"@type\":\"ListItem\",\"position\":3,\"name\":\"MS ARTE ECCESSO\"}]},{\"@type\":\"WebSite\",\"@id\":\"https:\\\/\\\/yoestudiosalud.es\\\/en\\\/#website\",\"url\":\"https:\\\/\\\/yoestudiosalud.es\\\/en\\\/\",\"name\":\"yoestudiosalud.es\",\"description\":\"Material para estudiantes del sector salud\",\"publisher\":{\"@id\":\"https:\\\/\\\/yoestudiosalud.es\\\/en\\\/#organization\"},\"potentialAction\":[{\"@type\":\"SearchAction\",\"target\":{\"@type\":\"EntryPoint\",\"urlTemplate\":\"https:\\\/\\\/yoestudiosalud.es\\\/en\\\/?s={search_term_string}\"},\"query-input\":{\"@type\":\"PropertyValueSpecification\",\"valueRequired\":true,\"valueName\":\"search_term_string\"}}],\"inLanguage\":\"fr-FR\"},{\"@type\":\"Organization\",\"@id\":\"https:\\\/\\\/yoestudiosalud.es\\\/en\\\/#organization\",\"name\":\"yoestudiosalud.es\",\"url\":\"https:\\\/\\\/yoestudiosalud.es\\\/en\\\/\",\"logo\":{\"@type\":\"ImageObject\",\"inLanguage\":\"fr-FR\",\"@id\":\"https:\\\/\\\/yoestudiosalud.es\\\/en\\\/#\\\/schema\\\/logo\\\/image\\\/\",\"url\":\"https:\\\/\\\/yoestudiosalud.es\\\/wp-content\\\/uploads\\\/2020\\\/04\\\/logonew-e1698080827687.png\",\"contentUrl\":\"https:\\\/\\\/yoestudiosalud.es\\\/wp-content\\\/uploads\\\/2020\\\/04\\\/logonew-e1698080827687.png\",\"width\":421,\"height\":393,\"caption\":\"yoestudiosalud.es\"},\"image\":{\"@id\":\"https:\\\/\\\/yoestudiosalud.es\\\/en\\\/#\\\/schema\\\/logo\\\/image\\\/\"}}]}<\/script>\n<!-- \/ Yoast SEO Premium plugin. -->","yoast_head_json":{"title":"MS ARTE ECCESSO - yoestudiosalud.es","description":"El MS ARTE ECCESSO es un instrumental dedicado la restauraci\u00f3n est\u00e9tica y el modelado de compositeConsta de dos partes activas en forma de puntas anguladas.","robots":{"index":"index","follow":"follow","max-snippet":"max-snippet:-1","max-image-preview":"max-image-preview:large","max-video-preview":"max-video-preview:-1"},"canonical":"https:\/\/yoestudiosalud.es\/produit\/ms-arte-eccesso\/","og_locale":"fr_FR","og_type":"article","og_title":"MS ARTE ECCESSO","og_description":"El MS ARTE ECCESSO es un instrumental dedicado la restauraci\u00f3n est\u00e9tica y el modelado de compositeConsta de dos partes activas en forma de puntas anguladas.","og_url":"https:\/\/yoestudiosalud.es\/produit\/ms-arte-eccesso\/","og_site_name":"yoestudiosalud.es","article_modified_time":"2025-06-17T20:15:50+00:00","og_image":[{"width":650,"height":650,"url":"https:\/\/yoestudiosalud.es\/wp-content\/uploads\/2024\/04\/005037.jpg","type":"image\/jpeg"}],"twitter_card":"summary_large_image","twitter_misc":{"Dur\u00e9e de lecture estim\u00e9e":"1 minute"},"schema":{"@context":"https:\/\/schema.org","@graph":[{"@type":"WebPage","@id":"https:\/\/yoestudiosalud.es\/produit\/ms-arte-eccesso\/","url":"https:\/\/yoestudiosalud.es\/produit\/ms-arte-eccesso\/","name":"MS ARTE ECCESSO - yoestudiosalud.es","isPartOf":{"@id":"https:\/\/yoestudiosalud.es\/en\/#website"},"primaryImageOfPage":{"@id":"https:\/\/yoestudiosalud.es\/produit\/ms-arte-eccesso\/#primaryimage"},"image":{"@id":"https:\/\/yoestudiosalud.es\/produit\/ms-arte-eccesso\/#primaryimage"},"thumbnailUrl":"https:\/\/yoestudiosalud.es\/wp-content\/uploads\/2024\/04\/005037.jpg","datePublished":"2024-04-10T16:24:15+00:00","dateModified":"2025-06-17T20:15:50+00:00","description":"El MS ARTE ECCESSO es un instrumental dedicado la restauraci\u00f3n est\u00e9tica y el modelado de compositeConsta de dos partes activas en forma de puntas anguladas.","breadcrumb":{"@id":"https:\/\/yoestudiosalud.es\/produit\/ms-arte-eccesso\/#breadcrumb"},"inLanguage":"fr-FR","potentialAction":[{"@type":"ReadAction","target":["https:\/\/yoestudiosalud.es\/produit\/ms-arte-eccesso\/"]}]},{"@type":"ImageObject","inLanguage":"fr-FR","@id":"https:\/\/yoestudiosalud.es\/produit\/ms-arte-eccesso\/#primaryimage","url":"https:\/\/yoestudiosalud.es\/wp-content\/uploads\/2024\/04\/005037.jpg","contentUrl":"https:\/\/yoestudiosalud.es\/wp-content\/uploads\/2024\/04\/005037.jpg","width":650,"height":650,"caption":"MS-ARTE ECCESSO"},{"@type":"BreadcrumbList","@id":"https:\/\/yoestudiosalud.es\/produit\/ms-arte-eccesso\/#breadcrumb","itemListElement":[{"@type":"ListItem","position":1,"name":"Portada","item":"https:\/\/yoestudiosalud.es\/fr\/"},{"@type":"ListItem","position":2,"name":"Boutique","item":"https:\/\/yoestudiosalud.es\/fr\/boutique\/"},{"@type":"ListItem","position":3,"name":"MS ARTE ECCESSO"}]},{"@type":"WebSite","@id":"https:\/\/yoestudiosalud.es\/en\/#website","url":"https:\/\/yoestudiosalud.es\/en\/","name":"yoestudiosalud.es","description":"Material para estudiantes del sector salud","publisher":{"@id":"https:\/\/yoestudiosalud.es\/en\/#organization"},"potentialAction":[{"@type":"SearchAction","target":{"@type":"EntryPoint","urlTemplate":"https:\/\/yoestudiosalud.es\/en\/?s={search_term_string}"},"query-input":{"@type":"PropertyValueSpecification","valueRequired":true,"valueName":"search_term_string"}}],"inLanguage":"fr-FR"},{"@type":"Organization","@id":"https:\/\/yoestudiosalud.es\/en\/#organization","name":"yoestudiosalud.es","url":"https:\/\/yoestudiosalud.es\/en\/","logo":{"@type":"ImageObject","inLanguage":"fr-FR","@id":"https:\/\/yoestudiosalud.es\/en\/#\/schema\/logo\/image\/","url":"https:\/\/yoestudiosalud.es\/wp-content\/uploads\/2020\/04\/logonew-e1698080827687.png","contentUrl":"https:\/\/yoestudiosalud.es\/wp-content\/uploads\/2020\/04\/logonew-e1698080827687.png","width":421,"height":393,"caption":"yoestudiosalud.es"},"image":{"@id":"https:\/\/yoestudiosalud.es\/en\/#\/schema\/logo\/image\/"}}]}},"_links":{"self":[{"href":"https:\/\/yoestudiosalud.es\/fr\/wp-json\/wp\/v2\/product\/32066","targetHints":{"allow":["GET"]}}],"collection":[{"href":"https:\/\/yoestudiosalud.es\/fr\/wp-json\/wp\/v2\/product"}],"about":[{"href":"https:\/\/yoestudiosalud.es\/fr\/wp-json\/wp\/v2\/types\/product"}],"wp:featuredmedia":[{"embeddable":true,"href":"https:\/\/yoestudiosalud.es\/fr\/wp-json\/wp\/v2\/media\/27930"}],"wp:attachment":[{"href":"https:\/\/yoestudiosalud.es\/fr\/wp-json\/wp\/v2\/media?parent=32066"}],"wp:term":[{"taxonomy":"product_brand","embeddable":true,"href":"https:\/\/yoestudiosalud.es\/fr\/wp-json\/wp\/v2\/product_brand?post=32066"},{"taxonomy":"product_cat","embeddable":true,"href":"https:\/\/yoestudiosalud.es\/fr\/wp-json\/wp\/v2\/product_cat?post=32066"},{"taxonomy":"product_tag","embeddable":true,"href":"https:\/\/yoestudiosalud.es\/fr\/wp-json\/wp\/v2\/product_tag?post=32066"}],"curies":[{"name":"wp","href":"https:\/\/api.w.org\/{rel}","templated":true}]}}