{"id":32065,"date":"2024-05-07T13:37:13","date_gmt":"2024-05-07T13:37:13","guid":{"rendered":"https:\/\/yoestudiosalud.es\/producto\/juego-8-cubetas-desdentados\/"},"modified":"2025-07-02T19:21:41","modified_gmt":"2025-07-02T17:21:41","slug":"juego-8-cubetas-desdentados","status":"publish","type":"product","link":"https:\/\/yoestudiosalud.es\/fr\/produit\/juego-8-cubetas-desdentados\/","title":{"rendered":"ENSEMBLE DE 8 PLATEAUX \u00c9DENT\u00c9S"},"content":{"rendered":"<p>Le jeu de 10 goutti\u00e8res \u00e9dent\u00e9es MASTER contient 4 tailles de goutti\u00e8res (xs, s, L et M) pour chaque arcade. Fabriqu\u00e9 en acier inoxydable.<\/p>\n","protected":false},"excerpt":{"rendered":"<p>Plateaux \u00e9dent\u00e9s tailles XS, S, M et L<\/p>\n","protected":false},"featured_media":28105,"template":"","meta":[],"product_brand":[],"product_cat":[669],"product_tag":[682,688,763,930],"class_list":{"0":"post-32065","1":"product","2":"type-product","3":"status-publish","4":"has-post-thumbnail","6":"product_cat-general-fr","7":"product_tag-ucv2","8":"product_tag-ceu3","9":"product_tag-uev3","10":"product_tag-ceuelche3","11":"pa_formacion-odontologia-fr","13":"first","14":"instock","15":"taxable","16":"shipping-taxable","17":"purchasable","18":"product-type-simple"},"yoast_head":"<!-- This site is optimized with the Yoast SEO Premium plugin v27.0 (Yoast SEO v27.2) - https:\/\/yoast.com\/product\/yoast-seo-premium-wordpress\/ -->\n<title>ENSEMBLE DE 8 PLATEAUX \u00c9DENT\u00c9S - yoestudiosalud.es El dep\u00f3sito del estudiante<\/title>\n<meta name=\"description\" content=\"Le jeu de 10 goutti\u00e8res \u00e9dent\u00e9es MASTER contient 4 tailles de goutti\u00e8res (xs, s, L et M) pour chaque arcade. Fabriqu\u00e9 en acier inoxydable.\" \/>\n<meta name=\"robots\" content=\"index, follow, max-snippet:-1, max-image-preview:large, max-video-preview:-1\" \/>\n<link rel=\"canonical\" href=\"https:\/\/yoestudiosalud.es\/fr\/produit\/juego-8-cubetas-desdentados\/\" \/>\n<meta property=\"og:locale\" content=\"fr_FR\" \/>\n<meta property=\"og:type\" content=\"article\" \/>\n<meta property=\"og:title\" content=\"ENSEMBLE DE 8 PLATEAUX \u00c9DENT\u00c9S\" \/>\n<meta property=\"og:description\" content=\"Le jeu de 10 goutti\u00e8res \u00e9dent\u00e9es MASTER contient 4 tailles de goutti\u00e8res (xs, s, L et M) pour chaque arcade. Fabriqu\u00e9 en acier inoxydable.\" \/>\n<meta property=\"og:url\" content=\"https:\/\/yoestudiosalud.es\/fr\/produit\/juego-8-cubetas-desdentados\/\" \/>\n<meta property=\"og:site_name\" content=\"yoestudiosalud.es\" \/>\n<meta property=\"article:modified_time\" content=\"2025-07-02T17:21:41+00:00\" \/>\n<meta property=\"og:image\" content=\"https:\/\/yoestudiosalud.es\/wp-content\/uploads\/2024\/05\/003430.jpg\" \/>\n\t<meta property=\"og:image:width\" content=\"650\" \/>\n\t<meta property=\"og:image:height\" content=\"650\" \/>\n\t<meta property=\"og:image:type\" content=\"image\/jpeg\" \/>\n<meta name=\"twitter:card\" content=\"summary_large_image\" \/>\n<script type=\"application\/ld+json\" class=\"yoast-schema-graph\">{\"@context\":\"https:\/\/schema.org\",\"@graph\":[{\"@type\":\"WebPage\",\"@id\":\"https:\/\/yoestudiosalud.es\/fr\/produit\/juego-8-cubetas-desdentados\/\",\"url\":\"https:\/\/yoestudiosalud.es\/fr\/produit\/juego-8-cubetas-desdentados\/\",\"name\":\"ENSEMBLE DE 8 PLATEAUX \u00c9DENT\u00c9S - yoestudiosalud.es El dep\u00f3sito del estudiante\",\"isPartOf\":{\"@id\":\"https:\/\/yoestudiosalud.es\/en\/#website\"},\"primaryImageOfPage\":{\"@id\":\"https:\/\/yoestudiosalud.es\/fr\/produit\/juego-8-cubetas-desdentados\/#primaryimage\"},\"image\":{\"@id\":\"https:\/\/yoestudiosalud.es\/fr\/produit\/juego-8-cubetas-desdentados\/#primaryimage\"},\"thumbnailUrl\":\"https:\/\/yoestudiosalud.es\/wp-content\/uploads\/2024\/05\/003430.jpg\",\"datePublished\":\"2024-05-07T13:37:13+00:00\",\"dateModified\":\"2025-07-02T17:21:41+00:00\",\"description\":\"Le jeu de 10 goutti\u00e8res \u00e9dent\u00e9es MASTER contient 4 tailles de goutti\u00e8res (xs, s, L et M) pour chaque arcade. Fabriqu\u00e9 en acier inoxydable.\",\"breadcrumb\":{\"@id\":\"https:\/\/yoestudiosalud.es\/fr\/produit\/juego-8-cubetas-desdentados\/#breadcrumb\"},\"inLanguage\":\"fr-FR\",\"potentialAction\":[{\"@type\":\"ReadAction\",\"target\":[\"https:\/\/yoestudiosalud.es\/fr\/produit\/juego-8-cubetas-desdentados\/\"]}]},{\"@type\":\"ImageObject\",\"inLanguage\":\"fr-FR\",\"@id\":\"https:\/\/yoestudiosalud.es\/fr\/produit\/juego-8-cubetas-desdentados\/#primaryimage\",\"url\":\"https:\/\/yoestudiosalud.es\/wp-content\/uploads\/2024\/05\/003430.jpg\",\"contentUrl\":\"https:\/\/yoestudiosalud.es\/wp-content\/uploads\/2024\/05\/003430.jpg\",\"width\":650,\"height\":650,\"caption\":\"ENSEMBLE DE 8 PLATEAUX \u00c9DENT\u00c9S\"},{\"@type\":\"BreadcrumbList\",\"@id\":\"https:\/\/yoestudiosalud.es\/fr\/produit\/juego-8-cubetas-desdentados\/#breadcrumb\",\"itemListElement\":[{\"@type\":\"ListItem\",\"position\":1,\"name\":\"Portada\",\"item\":\"https:\/\/yoestudiosalud.es\/fr\/\"},{\"@type\":\"ListItem\",\"position\":2,\"name\":\"Boutique\",\"item\":\"https:\/\/yoestudiosalud.es\/fr\/boutique\/\"},{\"@type\":\"ListItem\",\"position\":3,\"name\":\"ENSEMBLE DE 8 PLATEAUX \u00c9DENT\u00c9S\"}]},{\"@type\":\"WebSite\",\"@id\":\"https:\/\/yoestudiosalud.es\/en\/#website\",\"url\":\"https:\/\/yoestudiosalud.es\/en\/\",\"name\":\"yoestudiosalud.es\",\"description\":\"Material para estudiantes del sector salud\",\"publisher\":{\"@id\":\"https:\/\/yoestudiosalud.es\/en\/#organization\"},\"potentialAction\":[{\"@type\":\"SearchAction\",\"target\":{\"@type\":\"EntryPoint\",\"urlTemplate\":\"https:\/\/yoestudiosalud.es\/en\/?s={search_term_string}\"},\"query-input\":{\"@type\":\"PropertyValueSpecification\",\"valueRequired\":true,\"valueName\":\"search_term_string\"}}],\"inLanguage\":\"fr-FR\"},{\"@type\":\"Organization\",\"@id\":\"https:\/\/yoestudiosalud.es\/en\/#organization\",\"name\":\"yoestudiosalud.es\",\"url\":\"https:\/\/yoestudiosalud.es\/en\/\",\"logo\":{\"@type\":\"ImageObject\",\"inLanguage\":\"fr-FR\",\"@id\":\"https:\/\/yoestudiosalud.es\/en\/#\/schema\/logo\/image\/\",\"url\":\"https:\/\/yoestudiosalud.es\/wp-content\/uploads\/2020\/04\/logonew-e1698080827687.png\",\"contentUrl\":\"https:\/\/yoestudiosalud.es\/wp-content\/uploads\/2020\/04\/logonew-e1698080827687.png\",\"width\":421,\"height\":393,\"caption\":\"yoestudiosalud.es\"},\"image\":{\"@id\":\"https:\/\/yoestudiosalud.es\/en\/#\/schema\/logo\/image\/\"}}]}<\/script>\n<!-- \/ Yoast SEO Premium plugin. -->","yoast_head_json":{"title":"ENSEMBLE DE 8 PLATEAUX \u00c9DENT\u00c9S - yoestudiosalud.es El dep\u00f3sito del estudiante","description":"Le jeu de 10 goutti\u00e8res \u00e9dent\u00e9es MASTER contient 4 tailles de goutti\u00e8res (xs, s, L et M) pour chaque arcade. Fabriqu\u00e9 en acier inoxydable.","robots":{"index":"index","follow":"follow","max-snippet":"max-snippet:-1","max-image-preview":"max-image-preview:large","max-video-preview":"max-video-preview:-1"},"canonical":"https:\/\/yoestudiosalud.es\/fr\/produit\/juego-8-cubetas-desdentados\/","og_locale":"fr_FR","og_type":"article","og_title":"ENSEMBLE DE 8 PLATEAUX \u00c9DENT\u00c9S","og_description":"Le jeu de 10 goutti\u00e8res \u00e9dent\u00e9es MASTER contient 4 tailles de goutti\u00e8res (xs, s, L et M) pour chaque arcade. Fabriqu\u00e9 en acier inoxydable.","og_url":"https:\/\/yoestudiosalud.es\/fr\/produit\/juego-8-cubetas-desdentados\/","og_site_name":"yoestudiosalud.es","article_modified_time":"2025-07-02T17:21:41+00:00","og_image":[{"width":650,"height":650,"url":"https:\/\/yoestudiosalud.es\/wp-content\/uploads\/2024\/05\/003430.jpg","type":"image\/jpeg"}],"twitter_card":"summary_large_image","schema":{"@context":"https:\/\/schema.org","@graph":[{"@type":"WebPage","@id":"https:\/\/yoestudiosalud.es\/fr\/produit\/juego-8-cubetas-desdentados\/","url":"https:\/\/yoestudiosalud.es\/fr\/produit\/juego-8-cubetas-desdentados\/","name":"ENSEMBLE DE 8 PLATEAUX \u00c9DENT\u00c9S - yoestudiosalud.es El dep\u00f3sito del estudiante","isPartOf":{"@id":"https:\/\/yoestudiosalud.es\/en\/#website"},"primaryImageOfPage":{"@id":"https:\/\/yoestudiosalud.es\/fr\/produit\/juego-8-cubetas-desdentados\/#primaryimage"},"image":{"@id":"https:\/\/yoestudiosalud.es\/fr\/produit\/juego-8-cubetas-desdentados\/#primaryimage"},"thumbnailUrl":"https:\/\/yoestudiosalud.es\/wp-content\/uploads\/2024\/05\/003430.jpg","datePublished":"2024-05-07T13:37:13+00:00","dateModified":"2025-07-02T17:21:41+00:00","description":"Le jeu de 10 goutti\u00e8res \u00e9dent\u00e9es MASTER contient 4 tailles de goutti\u00e8res (xs, s, L et M) pour chaque arcade. Fabriqu\u00e9 en acier inoxydable.","breadcrumb":{"@id":"https:\/\/yoestudiosalud.es\/fr\/produit\/juego-8-cubetas-desdentados\/#breadcrumb"},"inLanguage":"fr-FR","potentialAction":[{"@type":"ReadAction","target":["https:\/\/yoestudiosalud.es\/fr\/produit\/juego-8-cubetas-desdentados\/"]}]},{"@type":"ImageObject","inLanguage":"fr-FR","@id":"https:\/\/yoestudiosalud.es\/fr\/produit\/juego-8-cubetas-desdentados\/#primaryimage","url":"https:\/\/yoestudiosalud.es\/wp-content\/uploads\/2024\/05\/003430.jpg","contentUrl":"https:\/\/yoestudiosalud.es\/wp-content\/uploads\/2024\/05\/003430.jpg","width":650,"height":650,"caption":"ENSEMBLE DE 8 PLATEAUX \u00c9DENT\u00c9S"},{"@type":"BreadcrumbList","@id":"https:\/\/yoestudiosalud.es\/fr\/produit\/juego-8-cubetas-desdentados\/#breadcrumb","itemListElement":[{"@type":"ListItem","position":1,"name":"Portada","item":"https:\/\/yoestudiosalud.es\/fr\/"},{"@type":"ListItem","position":2,"name":"Boutique","item":"https:\/\/yoestudiosalud.es\/fr\/boutique\/"},{"@type":"ListItem","position":3,"name":"ENSEMBLE DE 8 PLATEAUX \u00c9DENT\u00c9S"}]},{"@type":"WebSite","@id":"https:\/\/yoestudiosalud.es\/en\/#website","url":"https:\/\/yoestudiosalud.es\/en\/","name":"yoestudiosalud.es","description":"Material para estudiantes del sector salud","publisher":{"@id":"https:\/\/yoestudiosalud.es\/en\/#organization"},"potentialAction":[{"@type":"SearchAction","target":{"@type":"EntryPoint","urlTemplate":"https:\/\/yoestudiosalud.es\/en\/?s={search_term_string}"},"query-input":{"@type":"PropertyValueSpecification","valueRequired":true,"valueName":"search_term_string"}}],"inLanguage":"fr-FR"},{"@type":"Organization","@id":"https:\/\/yoestudiosalud.es\/en\/#organization","name":"yoestudiosalud.es","url":"https:\/\/yoestudiosalud.es\/en\/","logo":{"@type":"ImageObject","inLanguage":"fr-FR","@id":"https:\/\/yoestudiosalud.es\/en\/#\/schema\/logo\/image\/","url":"https:\/\/yoestudiosalud.es\/wp-content\/uploads\/2020\/04\/logonew-e1698080827687.png","contentUrl":"https:\/\/yoestudiosalud.es\/wp-content\/uploads\/2020\/04\/logonew-e1698080827687.png","width":421,"height":393,"caption":"yoestudiosalud.es"},"image":{"@id":"https:\/\/yoestudiosalud.es\/en\/#\/schema\/logo\/image\/"}}]}},"_links":{"self":[{"href":"https:\/\/yoestudiosalud.es\/fr\/wp-json\/wp\/v2\/product\/32065","targetHints":{"allow":["GET"]}}],"collection":[{"href":"https:\/\/yoestudiosalud.es\/fr\/wp-json\/wp\/v2\/product"}],"about":[{"href":"https:\/\/yoestudiosalud.es\/fr\/wp-json\/wp\/v2\/types\/product"}],"wp:featuredmedia":[{"embeddable":true,"href":"https:\/\/yoestudiosalud.es\/fr\/wp-json\/wp\/v2\/media\/28105"}],"wp:attachment":[{"href":"https:\/\/yoestudiosalud.es\/fr\/wp-json\/wp\/v2\/media?parent=32065"}],"wp:term":[{"taxonomy":"product_brand","embeddable":true,"href":"https:\/\/yoestudiosalud.es\/fr\/wp-json\/wp\/v2\/product_brand?post=32065"},{"taxonomy":"product_cat","embeddable":true,"href":"https:\/\/yoestudiosalud.es\/fr\/wp-json\/wp\/v2\/product_cat?post=32065"},{"taxonomy":"product_tag","embeddable":true,"href":"https:\/\/yoestudiosalud.es\/fr\/wp-json\/wp\/v2\/product_tag?post=32065"}],"curies":[{"name":"wp","href":"https:\/\/api.w.org\/{rel}","templated":true}]}}