{"id":32058,"date":"2024-06-17T18:16:14","date_gmt":"2024-06-17T18:16:14","guid":{"rendered":"https:\/\/yoestudiosalud.es\/producto\/ucv-frsero-odp\/"},"modified":"2025-07-02T20:07:14","modified_gmt":"2025-07-02T18:07:14","slug":"ucv-frsero-odp","status":"publish","type":"product","link":"https:\/\/yoestudiosalud.es\/fr\/produit\/ucv-frsero-odp\/","title":{"rendered":"UCV FRAISE KIT ODP"},"content":{"rendered":"<p>Le kit de forets UCV ODP est compos\u00e9 d&#8217;un ensemble de forets sp\u00e9cialement s\u00e9lectionn\u00e9s par le personnel enseignant de l&#8217;Universit\u00e9 Catholique de Valence San Vicente Martir pour les pratiques des diff\u00e9rents cours du d\u00e9partement d&#8217;odontologie p\u00e9diatrique.<\/p>\n<p>Ce kit se compose de 19 forets dentaires diff\u00e9rents, organis\u00e9s et identifi\u00e9s par leur num\u00e9ro de r\u00e9f\u00e9rence et un croquis de leur forme. Le tout est mont\u00e9 dans une bo\u00eete en plastique pratique avec couvercle de protection.<\/p>\n<p>Le kit comprend les forets dentaires suivants :<\/p>\n<ul>\n<li>C1.204.012<\/li>\n<li>C1.204.014<\/li>\n<li>C2.204.010<\/li>\n<li>C2.204.012<\/li>\n<li>C269GK.314.014<\/li>\n<li>C7.314.008<\/li>\n<li>C7.314.010<\/li>\n<li>FG 001 006<\/li>\n<li>FG 001 010<\/li>\n<li>FG 001 014<\/li>\n<li>FG 165 010<\/li>\n<li>FG 166C010<\/li>\n<li>FG 237L 010<\/li>\n<li>FG 257 023<\/li>\n<li>FG 257C023<\/li>\n<li>FG 273 010<\/li>\n<li>FG 465 016<\/li>\n<li>W 9419 NORMAL<\/li>\n<li>W 9547 HIGH<\/li>\n<\/ul>\n<p>Le kit a \u00e9t\u00e9 soigneusement assembl\u00e9 par Horico.<\/p>\n","protected":false},"excerpt":{"rendered":"<p>Le kit comprend les forets dentaires suivants :<\/p>\n<ul>\n<li>C1.204.012<\/li>\n<li>C1.204.014<\/li>\n<li>C2.204.010<\/li>\n<li>C2.204.012<\/li>\n<li>C269GK.314.014<\/li>\n<li>C7.314.008<\/li>\n<li>C7.314.010<\/li>\n<li>FG 001 006<\/li>\n<li>FG 001 010<\/li>\n<li>FG 001 014<\/li>\n<li>FG 165 010<\/li>\n<li>FG 166C010<\/li>\n<li>FG 237L 010<\/li>\n<li>FG 257 023<\/li>\n<li>FG 257C023<\/li>\n<li>FG 273 010<\/li>\n<li>FG 465 016<\/li>\n<li>W 9419 NORMAL<\/li>\n<li>W 9547 HIGH<\/li>\n<\/ul>\n<p>Le kit a \u00e9t\u00e9 soigneusement assembl\u00e9 par Horico.<\/p>\n","protected":false},"featured_media":29096,"template":"","meta":[],"product_brand":[],"product_cat":[667],"product_tag":[732],"class_list":{"0":"post-32058","1":"product","2":"type-product","3":"status-publish","4":"has-post-thumbnail","6":"product_cat-uncategorized-fr","7":"product_tag-ucv4","8":"pa_formacion-odontologia-fr","10":"first","11":"instock","12":"sale","13":"taxable","14":"shipping-taxable","15":"purchasable","16":"product-type-simple"},"yoast_head":"<!-- This site is optimized with the Yoast SEO Premium plugin v27.0 (Yoast SEO v27.2) - https:\/\/yoast.com\/product\/yoast-seo-premium-wordpress\/ -->\n<title>UCV FRAISE KIT ODP - yoestudiosalud.es<\/title>\n<meta name=\"description\" content=\"Le kit de forets UCV ODP est compos\u00e9 d&#039;un ensemble de forets sp\u00e9cialement s\u00e9lectionn\u00e9s par le personnel enseignant de l&#039;Universit\u00e9 Catholique de Valence San Vicente Martir pour les pratiques des diff\u00e9rents cours du d\u00e9partement d&#039;odontologie p\u00e9diatrique. Ce kit se compose de 19 forets dentaires diff\u00e9rents, organis\u00e9s et identifi\u00e9s par leur num\u00e9ro de r\u00e9f\u00e9rence et un croquis de leur forme. Le tout est mont\u00e9 dans une bo\u00eete en plastique pratique avec couvercle de protection.\" \/>\n<meta name=\"robots\" content=\"index, follow, max-snippet:-1, max-image-preview:large, max-video-preview:-1\" \/>\n<link rel=\"canonical\" href=\"https:\/\/yoestudiosalud.es\/produit\/ucv-frsero-odp\/\" \/>\n<meta property=\"og:locale\" content=\"fr_FR\" \/>\n<meta property=\"og:type\" content=\"article\" \/>\n<meta property=\"og:title\" content=\"UCV FRAISE KIT ODP\" \/>\n<meta property=\"og:description\" content=\"Le kit de forets UCV ODP est compos\u00e9 d&#039;un ensemble de forets sp\u00e9cialement s\u00e9lectionn\u00e9s par le personnel enseignant de l&#039;Universit\u00e9 Catholique de Valence San Vicente Martir pour les pratiques des diff\u00e9rents cours du d\u00e9partement d&#039;odontologie p\u00e9diatrique. Ce kit se compose de 19 forets dentaires diff\u00e9rents, organis\u00e9s et identifi\u00e9s par leur num\u00e9ro de r\u00e9f\u00e9rence et un croquis de leur forme. Le tout est mont\u00e9 dans une bo\u00eete en plastique pratique avec couvercle de protection.\" \/>\n<meta property=\"og:url\" content=\"https:\/\/yoestudiosalud.es\/produit\/ucv-frsero-odp\/\" \/>\n<meta property=\"og:site_name\" content=\"yoestudiosalud.es\" \/>\n<meta property=\"article:modified_time\" content=\"2025-07-02T18:07:14+00:00\" \/>\n<meta property=\"og:image\" content=\"https:\/\/yoestudiosalud.es\/wp-content\/uploads\/2024\/06\/Horico-VA2.jpg\" \/>\n\t<meta property=\"og:image:width\" content=\"1080\" \/>\n\t<meta property=\"og:image:height\" content=\"1080\" \/>\n\t<meta property=\"og:image:type\" content=\"image\/jpeg\" \/>\n<meta name=\"twitter:card\" content=\"summary_large_image\" \/>\n<meta name=\"twitter:label1\" content=\"Dur\u00e9e de lecture estim\u00e9e\" \/>\n\t<meta name=\"twitter:data1\" content=\"1 minute\" \/>\n<script type=\"application\/ld+json\" class=\"yoast-schema-graph\">{\"@context\":\"https:\/\/schema.org\",\"@graph\":[{\"@type\":\"WebPage\",\"@id\":\"https:\/\/yoestudiosalud.es\/produit\/ucv-frsero-odp\/\",\"url\":\"https:\/\/yoestudiosalud.es\/produit\/ucv-frsero-odp\/\",\"name\":\"UCV FRAISE KIT ODP - yoestudiosalud.es\",\"isPartOf\":{\"@id\":\"https:\/\/yoestudiosalud.es\/en\/#website\"},\"primaryImageOfPage\":{\"@id\":\"https:\/\/yoestudiosalud.es\/produit\/ucv-frsero-odp\/#primaryimage\"},\"image\":{\"@id\":\"https:\/\/yoestudiosalud.es\/produit\/ucv-frsero-odp\/#primaryimage\"},\"thumbnailUrl\":\"https:\/\/yoestudiosalud.es\/wp-content\/uploads\/2024\/06\/Horico-VA2.jpg\",\"datePublished\":\"2024-06-17T18:16:14+00:00\",\"dateModified\":\"2025-07-02T18:07:14+00:00\",\"description\":\"Le kit de forets UCV ODP est compos\u00e9 d'un ensemble de forets sp\u00e9cialement s\u00e9lectionn\u00e9s par le personnel enseignant de l'Universit\u00e9 Catholique de Valence San Vicente Martir pour les pratiques des diff\u00e9rents cours du d\u00e9partement d'odontologie p\u00e9diatrique. Ce kit se compose de 19 forets dentaires diff\u00e9rents, organis\u00e9s et identifi\u00e9s par leur num\u00e9ro de r\u00e9f\u00e9rence et un croquis de leur forme. Le tout est mont\u00e9 dans une bo\u00eete en plastique pratique avec couvercle de protection.\",\"breadcrumb\":{\"@id\":\"https:\/\/yoestudiosalud.es\/produit\/ucv-frsero-odp\/#breadcrumb\"},\"inLanguage\":\"fr-FR\",\"potentialAction\":[{\"@type\":\"ReadAction\",\"target\":[\"https:\/\/yoestudiosalud.es\/produit\/ucv-frsero-odp\/\"]}]},{\"@type\":\"ImageObject\",\"inLanguage\":\"fr-FR\",\"@id\":\"https:\/\/yoestudiosalud.es\/produit\/ucv-frsero-odp\/#primaryimage\",\"url\":\"https:\/\/yoestudiosalud.es\/wp-content\/uploads\/2024\/06\/Horico-VA2.jpg\",\"contentUrl\":\"https:\/\/yoestudiosalud.es\/wp-content\/uploads\/2024\/06\/Horico-VA2.jpg\",\"width\":1080,\"height\":1080},{\"@type\":\"BreadcrumbList\",\"@id\":\"https:\/\/yoestudiosalud.es\/produit\/ucv-frsero-odp\/#breadcrumb\",\"itemListElement\":[{\"@type\":\"ListItem\",\"position\":1,\"name\":\"Portada\",\"item\":\"https:\/\/yoestudiosalud.es\/fr\/\"},{\"@type\":\"ListItem\",\"position\":2,\"name\":\"Boutique\",\"item\":\"https:\/\/yoestudiosalud.es\/fr\/boutique\/\"},{\"@type\":\"ListItem\",\"position\":3,\"name\":\"UCV FRAISE KIT ODP\"}]},{\"@type\":\"WebSite\",\"@id\":\"https:\/\/yoestudiosalud.es\/en\/#website\",\"url\":\"https:\/\/yoestudiosalud.es\/en\/\",\"name\":\"yoestudiosalud.es\",\"description\":\"Material para estudiantes del sector salud\",\"publisher\":{\"@id\":\"https:\/\/yoestudiosalud.es\/en\/#organization\"},\"potentialAction\":[{\"@type\":\"SearchAction\",\"target\":{\"@type\":\"EntryPoint\",\"urlTemplate\":\"https:\/\/yoestudiosalud.es\/en\/?s={search_term_string}\"},\"query-input\":{\"@type\":\"PropertyValueSpecification\",\"valueRequired\":true,\"valueName\":\"search_term_string\"}}],\"inLanguage\":\"fr-FR\"},{\"@type\":\"Organization\",\"@id\":\"https:\/\/yoestudiosalud.es\/en\/#organization\",\"name\":\"yoestudiosalud.es\",\"url\":\"https:\/\/yoestudiosalud.es\/en\/\",\"logo\":{\"@type\":\"ImageObject\",\"inLanguage\":\"fr-FR\",\"@id\":\"https:\/\/yoestudiosalud.es\/en\/#\/schema\/logo\/image\/\",\"url\":\"https:\/\/yoestudiosalud.es\/wp-content\/uploads\/2020\/04\/logonew-e1698080827687.png\",\"contentUrl\":\"https:\/\/yoestudiosalud.es\/wp-content\/uploads\/2020\/04\/logonew-e1698080827687.png\",\"width\":421,\"height\":393,\"caption\":\"yoestudiosalud.es\"},\"image\":{\"@id\":\"https:\/\/yoestudiosalud.es\/en\/#\/schema\/logo\/image\/\"}}]}<\/script>\n<!-- \/ Yoast SEO Premium plugin. -->","yoast_head_json":{"title":"UCV FRAISE KIT ODP - yoestudiosalud.es","description":"Le kit de forets UCV ODP est compos\u00e9 d'un ensemble de forets sp\u00e9cialement s\u00e9lectionn\u00e9s par le personnel enseignant de l'Universit\u00e9 Catholique de Valence San Vicente Martir pour les pratiques des diff\u00e9rents cours du d\u00e9partement d'odontologie p\u00e9diatrique. Ce kit se compose de 19 forets dentaires diff\u00e9rents, organis\u00e9s et identifi\u00e9s par leur num\u00e9ro de r\u00e9f\u00e9rence et un croquis de leur forme. Le tout est mont\u00e9 dans une bo\u00eete en plastique pratique avec couvercle de protection.","robots":{"index":"index","follow":"follow","max-snippet":"max-snippet:-1","max-image-preview":"max-image-preview:large","max-video-preview":"max-video-preview:-1"},"canonical":"https:\/\/yoestudiosalud.es\/produit\/ucv-frsero-odp\/","og_locale":"fr_FR","og_type":"article","og_title":"UCV FRAISE KIT ODP","og_description":"Le kit de forets UCV ODP est compos\u00e9 d'un ensemble de forets sp\u00e9cialement s\u00e9lectionn\u00e9s par le personnel enseignant de l'Universit\u00e9 Catholique de Valence San Vicente Martir pour les pratiques des diff\u00e9rents cours du d\u00e9partement d'odontologie p\u00e9diatrique. Ce kit se compose de 19 forets dentaires diff\u00e9rents, organis\u00e9s et identifi\u00e9s par leur num\u00e9ro de r\u00e9f\u00e9rence et un croquis de leur forme. Le tout est mont\u00e9 dans une bo\u00eete en plastique pratique avec couvercle de protection.","og_url":"https:\/\/yoestudiosalud.es\/produit\/ucv-frsero-odp\/","og_site_name":"yoestudiosalud.es","article_modified_time":"2025-07-02T18:07:14+00:00","og_image":[{"width":1080,"height":1080,"url":"https:\/\/yoestudiosalud.es\/wp-content\/uploads\/2024\/06\/Horico-VA2.jpg","type":"image\/jpeg"}],"twitter_card":"summary_large_image","twitter_misc":{"Dur\u00e9e de lecture estim\u00e9e":"1 minute"},"schema":{"@context":"https:\/\/schema.org","@graph":[{"@type":"WebPage","@id":"https:\/\/yoestudiosalud.es\/produit\/ucv-frsero-odp\/","url":"https:\/\/yoestudiosalud.es\/produit\/ucv-frsero-odp\/","name":"UCV FRAISE KIT ODP - yoestudiosalud.es","isPartOf":{"@id":"https:\/\/yoestudiosalud.es\/en\/#website"},"primaryImageOfPage":{"@id":"https:\/\/yoestudiosalud.es\/produit\/ucv-frsero-odp\/#primaryimage"},"image":{"@id":"https:\/\/yoestudiosalud.es\/produit\/ucv-frsero-odp\/#primaryimage"},"thumbnailUrl":"https:\/\/yoestudiosalud.es\/wp-content\/uploads\/2024\/06\/Horico-VA2.jpg","datePublished":"2024-06-17T18:16:14+00:00","dateModified":"2025-07-02T18:07:14+00:00","description":"Le kit de forets UCV ODP est compos\u00e9 d'un ensemble de forets sp\u00e9cialement s\u00e9lectionn\u00e9s par le personnel enseignant de l'Universit\u00e9 Catholique de Valence San Vicente Martir pour les pratiques des diff\u00e9rents cours du d\u00e9partement d'odontologie p\u00e9diatrique. Ce kit se compose de 19 forets dentaires diff\u00e9rents, organis\u00e9s et identifi\u00e9s par leur num\u00e9ro de r\u00e9f\u00e9rence et un croquis de leur forme. Le tout est mont\u00e9 dans une bo\u00eete en plastique pratique avec couvercle de protection.","breadcrumb":{"@id":"https:\/\/yoestudiosalud.es\/produit\/ucv-frsero-odp\/#breadcrumb"},"inLanguage":"fr-FR","potentialAction":[{"@type":"ReadAction","target":["https:\/\/yoestudiosalud.es\/produit\/ucv-frsero-odp\/"]}]},{"@type":"ImageObject","inLanguage":"fr-FR","@id":"https:\/\/yoestudiosalud.es\/produit\/ucv-frsero-odp\/#primaryimage","url":"https:\/\/yoestudiosalud.es\/wp-content\/uploads\/2024\/06\/Horico-VA2.jpg","contentUrl":"https:\/\/yoestudiosalud.es\/wp-content\/uploads\/2024\/06\/Horico-VA2.jpg","width":1080,"height":1080},{"@type":"BreadcrumbList","@id":"https:\/\/yoestudiosalud.es\/produit\/ucv-frsero-odp\/#breadcrumb","itemListElement":[{"@type":"ListItem","position":1,"name":"Portada","item":"https:\/\/yoestudiosalud.es\/fr\/"},{"@type":"ListItem","position":2,"name":"Boutique","item":"https:\/\/yoestudiosalud.es\/fr\/boutique\/"},{"@type":"ListItem","position":3,"name":"UCV FRAISE KIT ODP"}]},{"@type":"WebSite","@id":"https:\/\/yoestudiosalud.es\/en\/#website","url":"https:\/\/yoestudiosalud.es\/en\/","name":"yoestudiosalud.es","description":"Material para estudiantes del sector salud","publisher":{"@id":"https:\/\/yoestudiosalud.es\/en\/#organization"},"potentialAction":[{"@type":"SearchAction","target":{"@type":"EntryPoint","urlTemplate":"https:\/\/yoestudiosalud.es\/en\/?s={search_term_string}"},"query-input":{"@type":"PropertyValueSpecification","valueRequired":true,"valueName":"search_term_string"}}],"inLanguage":"fr-FR"},{"@type":"Organization","@id":"https:\/\/yoestudiosalud.es\/en\/#organization","name":"yoestudiosalud.es","url":"https:\/\/yoestudiosalud.es\/en\/","logo":{"@type":"ImageObject","inLanguage":"fr-FR","@id":"https:\/\/yoestudiosalud.es\/en\/#\/schema\/logo\/image\/","url":"https:\/\/yoestudiosalud.es\/wp-content\/uploads\/2020\/04\/logonew-e1698080827687.png","contentUrl":"https:\/\/yoestudiosalud.es\/wp-content\/uploads\/2020\/04\/logonew-e1698080827687.png","width":421,"height":393,"caption":"yoestudiosalud.es"},"image":{"@id":"https:\/\/yoestudiosalud.es\/en\/#\/schema\/logo\/image\/"}}]}},"_links":{"self":[{"href":"https:\/\/yoestudiosalud.es\/fr\/wp-json\/wp\/v2\/product\/32058","targetHints":{"allow":["GET"]}}],"collection":[{"href":"https:\/\/yoestudiosalud.es\/fr\/wp-json\/wp\/v2\/product"}],"about":[{"href":"https:\/\/yoestudiosalud.es\/fr\/wp-json\/wp\/v2\/types\/product"}],"wp:featuredmedia":[{"embeddable":true,"href":"https:\/\/yoestudiosalud.es\/fr\/wp-json\/wp\/v2\/media\/29096"}],"wp:attachment":[{"href":"https:\/\/yoestudiosalud.es\/fr\/wp-json\/wp\/v2\/media?parent=32058"}],"wp:term":[{"taxonomy":"product_brand","embeddable":true,"href":"https:\/\/yoestudiosalud.es\/fr\/wp-json\/wp\/v2\/product_brand?post=32058"},{"taxonomy":"product_cat","embeddable":true,"href":"https:\/\/yoestudiosalud.es\/fr\/wp-json\/wp\/v2\/product_cat?post=32058"},{"taxonomy":"product_tag","embeddable":true,"href":"https:\/\/yoestudiosalud.es\/fr\/wp-json\/wp\/v2\/product_tag?post=32058"}],"curies":[{"name":"wp","href":"https:\/\/api.w.org\/{rel}","templated":true}]}}