{"id":32057,"date":"2024-06-17T18:21:01","date_gmt":"2024-06-17T18:21:01","guid":{"rendered":"https:\/\/yoestudiosalud.es\/producto\/ucv-frsero-integral-adulto\/"},"modified":"2025-06-17T22:18:51","modified_gmt":"2025-06-17T20:18:51","slug":"ucv-frsero-integral-adulto","status":"publish","type":"product","link":"https:\/\/yoestudiosalud.es\/fr\/produit\/ucv-frsero-integral-adulto\/","title":{"rendered":"Fraiseur Int\u00e9gral Adulte UCV"},"content":{"rendered":"<p>Le porte-fraises Int\u00e9gral adulte de l\u2019UCV est compos\u00e9 d\u2019un ensemble de fraises sp\u00e9cialement s\u00e9lectionn\u00e9es par le corps professoral de l\u2019Universit\u00e9 Catholique de Valence San Vicente Martir pour les pratiques des diff\u00e9rents cours de la chaire d\u2019Odontologie Int\u00e9grale Adulte.<\/p>\n<p>Ce kit comprend 11 fraises dentaires diff\u00e9rentes, organis\u00e9es et identifi\u00e9es par leur r\u00e9f\u00e9rence ainsi qu\u2019un sch\u00e9ma de leur forme. Le tout est mont\u00e9 dans une bo\u00eete plastique pratique avec un couvercle de protection.<\/p>\n<p>Le kit inclut les fraises dentaires suivantes :<\/p>\n<ul>\n<li>C1 204 021<\/li>\n<li>FG 166 016<\/li>\n<li>FG 001G 014<\/li>\n<li>FG 697G 016<\/li>\n<li>FG 141 016<\/li>\n<li>FG 233G 010<\/li>\n<li>FG 257 016<\/li>\n<li>FG 257C 023<\/li>\n<li>FG 166C 016<\/li>\n<li>W 9547<\/li>\n<li>C269GK 314 014<\/li>\n<\/ul>\n<p>Le kit a \u00e9t\u00e9 soigneusement assembl\u00e9 par la marque Horico.<\/p>\n","protected":false},"excerpt":{"rendered":"<p>Le kit comprend les fraises dentaires suivantes :<\/p>\n<ul>\n<li>C1 204 021<\/li>\n<li>FG 166 016<\/li>\n<li>FG 001G 014<\/li>\n<li>FG 697G 016<\/li>\n<li>FG 141 016<\/li>\n<li>FG 233G 010<\/li>\n<li>FG 257 016<\/li>\n<li>FG 257C 023<\/li>\n<li>FG 166C 016<\/li>\n<li>W 9547<\/li>\n<li>C269GK 314 014<\/li>\n<\/ul>\n","protected":false},"featured_media":29104,"template":"","meta":[],"product_brand":[],"product_cat":[715],"product_tag":[],"class_list":{"0":"post-32057","1":"product","2":"type-product","3":"status-publish","4":"has-post-thumbnail","6":"product_cat-fraises-fr","7":"pa_formacion-odontologia-fr","9":"first","10":"instock","11":"taxable","12":"shipping-taxable","13":"purchasable","14":"product-type-simple"},"yoast_head":"<!-- This site is optimized with the Yoast SEO Premium plugin v27.0 (Yoast SEO v27.2) - https:\/\/yoast.com\/product\/yoast-seo-premium-wordpress\/ -->\n<title>Fraiseur Int\u00e9gral Adulte UCV - yoestudiosalud.es<\/title>\n<meta name=\"description\" content=\"El fresero de Integral adulto de la UCV est\u00e1 formado por un conjunto de fresesas seleccionadas por el docente de la Universidad Cat\u00f3lica de Valencia\" \/>\n<meta name=\"robots\" content=\"index, follow, max-snippet:-1, max-image-preview:large, max-video-preview:-1\" \/>\n<link rel=\"canonical\" href=\"https:\/\/yoestudiosalud.es\/produit\/ucv-frsero-integral-adulto\/\" \/>\n<meta property=\"og:locale\" content=\"fr_FR\" \/>\n<meta property=\"og:type\" content=\"article\" \/>\n<meta property=\"og:title\" content=\"Fraiseur Int\u00e9gral Adulte UCV\" \/>\n<meta property=\"og:description\" content=\"El fresero de Integral adulto de la UCV est\u00e1 formado por un conjunto de fresesas seleccionadas por el docente de la Universidad Cat\u00f3lica de Valencia\" \/>\n<meta property=\"og:url\" content=\"https:\/\/yoestudiosalud.es\/produit\/ucv-frsero-integral-adulto\/\" \/>\n<meta property=\"og:site_name\" content=\"yoestudiosalud.es\" \/>\n<meta property=\"article:modified_time\" content=\"2025-06-17T20:18:51+00:00\" \/>\n<meta property=\"og:image\" content=\"https:\/\/yoestudiosalud.es\/wp-content\/uploads\/2024\/06\/Horico-VA1.jpg\" \/>\n\t<meta property=\"og:image:width\" content=\"1080\" \/>\n\t<meta property=\"og:image:height\" content=\"1080\" \/>\n\t<meta property=\"og:image:type\" content=\"image\/jpeg\" \/>\n<meta name=\"twitter:card\" content=\"summary_large_image\" \/>\n<meta name=\"twitter:label1\" content=\"Dur\u00e9e de lecture estim\u00e9e\" \/>\n\t<meta name=\"twitter:data1\" content=\"1 minute\" \/>\n<script type=\"application\/ld+json\" class=\"yoast-schema-graph\">{\"@context\":\"https:\/\/schema.org\",\"@graph\":[{\"@type\":\"WebPage\",\"@id\":\"https:\/\/yoestudiosalud.es\/produit\/ucv-frsero-integral-adulto\/\",\"url\":\"https:\/\/yoestudiosalud.es\/produit\/ucv-frsero-integral-adulto\/\",\"name\":\"Fraiseur Int\u00e9gral Adulte UCV - yoestudiosalud.es\",\"isPartOf\":{\"@id\":\"https:\/\/yoestudiosalud.es\/en\/#website\"},\"primaryImageOfPage\":{\"@id\":\"https:\/\/yoestudiosalud.es\/produit\/ucv-frsero-integral-adulto\/#primaryimage\"},\"image\":{\"@id\":\"https:\/\/yoestudiosalud.es\/produit\/ucv-frsero-integral-adulto\/#primaryimage\"},\"thumbnailUrl\":\"https:\/\/yoestudiosalud.es\/wp-content\/uploads\/2024\/06\/Horico-VA1.jpg\",\"datePublished\":\"2024-06-17T18:21:01+00:00\",\"dateModified\":\"2025-06-17T20:18:51+00:00\",\"description\":\"El fresero de Integral adulto de la UCV est\u00e1 formado por un conjunto de fresesas seleccionadas por el docente de la Universidad Cat\u00f3lica de Valencia\",\"breadcrumb\":{\"@id\":\"https:\/\/yoestudiosalud.es\/produit\/ucv-frsero-integral-adulto\/#breadcrumb\"},\"inLanguage\":\"fr-FR\",\"potentialAction\":[{\"@type\":\"ReadAction\",\"target\":[\"https:\/\/yoestudiosalud.es\/produit\/ucv-frsero-integral-adulto\/\"]}]},{\"@type\":\"ImageObject\",\"inLanguage\":\"fr-FR\",\"@id\":\"https:\/\/yoestudiosalud.es\/produit\/ucv-frsero-integral-adulto\/#primaryimage\",\"url\":\"https:\/\/yoestudiosalud.es\/wp-content\/uploads\/2024\/06\/Horico-VA1.jpg\",\"contentUrl\":\"https:\/\/yoestudiosalud.es\/wp-content\/uploads\/2024\/06\/Horico-VA1.jpg\",\"width\":1080,\"height\":1080},{\"@type\":\"BreadcrumbList\",\"@id\":\"https:\/\/yoestudiosalud.es\/produit\/ucv-frsero-integral-adulto\/#breadcrumb\",\"itemListElement\":[{\"@type\":\"ListItem\",\"position\":1,\"name\":\"Portada\",\"item\":\"https:\/\/yoestudiosalud.es\/fr\/\"},{\"@type\":\"ListItem\",\"position\":2,\"name\":\"Boutique\",\"item\":\"https:\/\/yoestudiosalud.es\/fr\/boutique\/\"},{\"@type\":\"ListItem\",\"position\":3,\"name\":\"Fraiseur Int\u00e9gral Adulte UCV\"}]},{\"@type\":\"WebSite\",\"@id\":\"https:\/\/yoestudiosalud.es\/en\/#website\",\"url\":\"https:\/\/yoestudiosalud.es\/en\/\",\"name\":\"yoestudiosalud.es\",\"description\":\"Material para estudiantes del sector salud\",\"publisher\":{\"@id\":\"https:\/\/yoestudiosalud.es\/en\/#organization\"},\"potentialAction\":[{\"@type\":\"SearchAction\",\"target\":{\"@type\":\"EntryPoint\",\"urlTemplate\":\"https:\/\/yoestudiosalud.es\/en\/?s={search_term_string}\"},\"query-input\":{\"@type\":\"PropertyValueSpecification\",\"valueRequired\":true,\"valueName\":\"search_term_string\"}}],\"inLanguage\":\"fr-FR\"},{\"@type\":\"Organization\",\"@id\":\"https:\/\/yoestudiosalud.es\/en\/#organization\",\"name\":\"yoestudiosalud.es\",\"url\":\"https:\/\/yoestudiosalud.es\/en\/\",\"logo\":{\"@type\":\"ImageObject\",\"inLanguage\":\"fr-FR\",\"@id\":\"https:\/\/yoestudiosalud.es\/en\/#\/schema\/logo\/image\/\",\"url\":\"https:\/\/yoestudiosalud.es\/wp-content\/uploads\/2020\/04\/logonew-e1698080827687.png\",\"contentUrl\":\"https:\/\/yoestudiosalud.es\/wp-content\/uploads\/2020\/04\/logonew-e1698080827687.png\",\"width\":421,\"height\":393,\"caption\":\"yoestudiosalud.es\"},\"image\":{\"@id\":\"https:\/\/yoestudiosalud.es\/en\/#\/schema\/logo\/image\/\"}}]}<\/script>\n<!-- \/ Yoast SEO Premium plugin. -->","yoast_head_json":{"title":"Fraiseur Int\u00e9gral Adulte UCV - yoestudiosalud.es","description":"El fresero de Integral adulto de la UCV est\u00e1 formado por un conjunto de fresesas seleccionadas por el docente de la Universidad Cat\u00f3lica de Valencia","robots":{"index":"index","follow":"follow","max-snippet":"max-snippet:-1","max-image-preview":"max-image-preview:large","max-video-preview":"max-video-preview:-1"},"canonical":"https:\/\/yoestudiosalud.es\/produit\/ucv-frsero-integral-adulto\/","og_locale":"fr_FR","og_type":"article","og_title":"Fraiseur Int\u00e9gral Adulte UCV","og_description":"El fresero de Integral adulto de la UCV est\u00e1 formado por un conjunto de fresesas seleccionadas por el docente de la Universidad Cat\u00f3lica de Valencia","og_url":"https:\/\/yoestudiosalud.es\/produit\/ucv-frsero-integral-adulto\/","og_site_name":"yoestudiosalud.es","article_modified_time":"2025-06-17T20:18:51+00:00","og_image":[{"width":1080,"height":1080,"url":"https:\/\/yoestudiosalud.es\/wp-content\/uploads\/2024\/06\/Horico-VA1.jpg","type":"image\/jpeg"}],"twitter_card":"summary_large_image","twitter_misc":{"Dur\u00e9e de lecture estim\u00e9e":"1 minute"},"schema":{"@context":"https:\/\/schema.org","@graph":[{"@type":"WebPage","@id":"https:\/\/yoestudiosalud.es\/produit\/ucv-frsero-integral-adulto\/","url":"https:\/\/yoestudiosalud.es\/produit\/ucv-frsero-integral-adulto\/","name":"Fraiseur Int\u00e9gral Adulte UCV - yoestudiosalud.es","isPartOf":{"@id":"https:\/\/yoestudiosalud.es\/en\/#website"},"primaryImageOfPage":{"@id":"https:\/\/yoestudiosalud.es\/produit\/ucv-frsero-integral-adulto\/#primaryimage"},"image":{"@id":"https:\/\/yoestudiosalud.es\/produit\/ucv-frsero-integral-adulto\/#primaryimage"},"thumbnailUrl":"https:\/\/yoestudiosalud.es\/wp-content\/uploads\/2024\/06\/Horico-VA1.jpg","datePublished":"2024-06-17T18:21:01+00:00","dateModified":"2025-06-17T20:18:51+00:00","description":"El fresero de Integral adulto de la UCV est\u00e1 formado por un conjunto de fresesas seleccionadas por el docente de la Universidad Cat\u00f3lica de Valencia","breadcrumb":{"@id":"https:\/\/yoestudiosalud.es\/produit\/ucv-frsero-integral-adulto\/#breadcrumb"},"inLanguage":"fr-FR","potentialAction":[{"@type":"ReadAction","target":["https:\/\/yoestudiosalud.es\/produit\/ucv-frsero-integral-adulto\/"]}]},{"@type":"ImageObject","inLanguage":"fr-FR","@id":"https:\/\/yoestudiosalud.es\/produit\/ucv-frsero-integral-adulto\/#primaryimage","url":"https:\/\/yoestudiosalud.es\/wp-content\/uploads\/2024\/06\/Horico-VA1.jpg","contentUrl":"https:\/\/yoestudiosalud.es\/wp-content\/uploads\/2024\/06\/Horico-VA1.jpg","width":1080,"height":1080},{"@type":"BreadcrumbList","@id":"https:\/\/yoestudiosalud.es\/produit\/ucv-frsero-integral-adulto\/#breadcrumb","itemListElement":[{"@type":"ListItem","position":1,"name":"Portada","item":"https:\/\/yoestudiosalud.es\/fr\/"},{"@type":"ListItem","position":2,"name":"Boutique","item":"https:\/\/yoestudiosalud.es\/fr\/boutique\/"},{"@type":"ListItem","position":3,"name":"Fraiseur Int\u00e9gral Adulte UCV"}]},{"@type":"WebSite","@id":"https:\/\/yoestudiosalud.es\/en\/#website","url":"https:\/\/yoestudiosalud.es\/en\/","name":"yoestudiosalud.es","description":"Material para estudiantes del sector salud","publisher":{"@id":"https:\/\/yoestudiosalud.es\/en\/#organization"},"potentialAction":[{"@type":"SearchAction","target":{"@type":"EntryPoint","urlTemplate":"https:\/\/yoestudiosalud.es\/en\/?s={search_term_string}"},"query-input":{"@type":"PropertyValueSpecification","valueRequired":true,"valueName":"search_term_string"}}],"inLanguage":"fr-FR"},{"@type":"Organization","@id":"https:\/\/yoestudiosalud.es\/en\/#organization","name":"yoestudiosalud.es","url":"https:\/\/yoestudiosalud.es\/en\/","logo":{"@type":"ImageObject","inLanguage":"fr-FR","@id":"https:\/\/yoestudiosalud.es\/en\/#\/schema\/logo\/image\/","url":"https:\/\/yoestudiosalud.es\/wp-content\/uploads\/2020\/04\/logonew-e1698080827687.png","contentUrl":"https:\/\/yoestudiosalud.es\/wp-content\/uploads\/2020\/04\/logonew-e1698080827687.png","width":421,"height":393,"caption":"yoestudiosalud.es"},"image":{"@id":"https:\/\/yoestudiosalud.es\/en\/#\/schema\/logo\/image\/"}}]}},"_links":{"self":[{"href":"https:\/\/yoestudiosalud.es\/fr\/wp-json\/wp\/v2\/product\/32057","targetHints":{"allow":["GET"]}}],"collection":[{"href":"https:\/\/yoestudiosalud.es\/fr\/wp-json\/wp\/v2\/product"}],"about":[{"href":"https:\/\/yoestudiosalud.es\/fr\/wp-json\/wp\/v2\/types\/product"}],"wp:featuredmedia":[{"embeddable":true,"href":"https:\/\/yoestudiosalud.es\/fr\/wp-json\/wp\/v2\/media\/29104"}],"wp:attachment":[{"href":"https:\/\/yoestudiosalud.es\/fr\/wp-json\/wp\/v2\/media?parent=32057"}],"wp:term":[{"taxonomy":"product_brand","embeddable":true,"href":"https:\/\/yoestudiosalud.es\/fr\/wp-json\/wp\/v2\/product_brand?post=32057"},{"taxonomy":"product_cat","embeddable":true,"href":"https:\/\/yoestudiosalud.es\/fr\/wp-json\/wp\/v2\/product_cat?post=32057"},{"taxonomy":"product_tag","embeddable":true,"href":"https:\/\/yoestudiosalud.es\/fr\/wp-json\/wp\/v2\/product_tag?post=32057"}],"curies":[{"name":"wp","href":"https:\/\/api.w.org\/{rel}","templated":true}]}}