{"id":32056,"date":"2024-06-18T07:50:23","date_gmt":"2024-06-18T07:50:23","guid":{"rendered":"https:\/\/yoestudiosalud.es\/producto\/ucv-frsero-protesis\/"},"modified":"2025-07-02T20:11:55","modified_gmt":"2025-07-02T18:11:55","slug":"ucv-frsero-protesis","status":"publish","type":"product","link":"https:\/\/yoestudiosalud.es\/fr\/produit\/ucv-frsero-protesis\/","title":{"rendered":"UCV FORETS KIT PROSTH\u00c8SE"},"content":{"rendered":"<p>Le kit de forets pour proth\u00e8ses UCV est compos\u00e9 d&#8217;un ensemble de forets sp\u00e9cialement s\u00e9lectionn\u00e9s par le corps enseignant de l&#8217;Universit\u00e9 Catholique de Valence San Vicente Martir pour les pratiques des diff\u00e9rents cours de la chaire de proth\u00e8se.<\/p>\n<p>Ce kit est compos\u00e9 de 16 forets dentaires diff\u00e9rents organis\u00e9s et identifi\u00e9s par leur num\u00e9ro de r\u00e9f\u00e9rence et un croquis de leur forme. Le tout est mont\u00e9 dans une bo\u00eete en plastique pratique avec couvercle de protection.<\/p>\n<p>Le kit comprend les forets dentaires suivants :<\/p>\n<ul>\n<li>FG 141G014<\/li>\n<li>FG 141 016<\/li>\n<li>FG 140G012<\/li>\n<li>FG 198 012<\/li>\n<li>FG 257 023<\/li>\n<li>FG 001C014<\/li>\n<li>FG 544 025<\/li>\n<li>FG 141C014<\/li>\n<li>FG 257C023<\/li>\n<li>FG 142C016<\/li>\n<li>FG 198A016<\/li>\n<li>FG 111C014<\/li>\n<li>W9660<\/li>\n<li>W9661<\/li>\n<li>C21RAQ314 012<\/li>\n<li>AuFG 199G016<\/li>\n<\/ul>\n<p>Le kit a \u00e9t\u00e9 soigneusement assembl\u00e9 par Horico.<\/p>\n","protected":false},"excerpt":{"rendered":"<p>Le kit comprend les forets dentaires suivants :<\/p>\n<ul>\n<li>FG 141G014<\/li>\n<li>FG 141 016<\/li>\n<li>FG 140G012<\/li>\n<li>FG 198 012<\/li>\n<li>FG 257 023<\/li>\n<li>FG 001C014<\/li>\n<li>FG 544 025<\/li>\n<li>FG 141C014<\/li>\n<li>FG 257C023<\/li>\n<li>FG 142C016<\/li>\n<li>FG 198A016<\/li>\n<li>FG 111C014<\/li>\n<li>W9660<\/li>\n<li>W9661<\/li>\n<li>C21RAQ314 012<\/li>\n<li>AuFG 199G016<\/li>\n<\/ul>\n<p>El kit ha sido cuidadosamente ensamblado por la marca Horico<\/p>\n","protected":false},"featured_media":29114,"template":"","meta":[],"product_brand":[],"product_cat":[667],"product_tag":[732],"class_list":{"0":"post-32056","1":"product","2":"type-product","3":"status-publish","4":"has-post-thumbnail","6":"product_cat-uncategorized-fr","7":"product_tag-ucv4","8":"pa_formacion-odontologia-fr","9":"pa_universidades-universidad-catolica-de-valencia-fr","11":"first","12":"instock","13":"sale","14":"taxable","15":"shipping-taxable","16":"purchasable","17":"product-type-simple"},"yoast_head":"<!-- This site is optimized with the Yoast SEO Premium plugin v27.0 (Yoast SEO v27.2) - https:\/\/yoast.com\/product\/yoast-seo-premium-wordpress\/ -->\n<title>UCV FORETS KIT PROSTH\u00c8SE - yoestudiosalud.es<\/title>\n<meta name=\"description\" content=\"Le kit de forets pour proth\u00e8ses UCV est compos\u00e9 d&#039;un ensemble de forets sp\u00e9cialement s\u00e9lectionn\u00e9s par le corps enseignant de l&#039;Universit\u00e9 Catholique de Valence San Vicente Martir pour les pratiques des diff\u00e9rents cours de la chaire de proth\u00e8se.\" \/>\n<meta name=\"robots\" content=\"index, follow, max-snippet:-1, max-image-preview:large, max-video-preview:-1\" \/>\n<link rel=\"canonical\" href=\"https:\/\/yoestudiosalud.es\/fr\/produit\/ucv-frsero-protesis\/\" \/>\n<meta property=\"og:locale\" content=\"fr_FR\" \/>\n<meta property=\"og:type\" content=\"article\" \/>\n<meta property=\"og:title\" content=\"UCV FORETS KIT PROSTH\u00c8SE\" \/>\n<meta property=\"og:description\" content=\"Le kit de forets pour proth\u00e8ses UCV est compos\u00e9 d&#039;un ensemble de forets sp\u00e9cialement s\u00e9lectionn\u00e9s par le corps enseignant de l&#039;Universit\u00e9 Catholique de Valence San Vicente Martir pour les pratiques des diff\u00e9rents cours de la chaire de proth\u00e8se.\" \/>\n<meta property=\"og:url\" content=\"https:\/\/yoestudiosalud.es\/fr\/produit\/ucv-frsero-protesis\/\" \/>\n<meta property=\"og:site_name\" content=\"yoestudiosalud.es\" \/>\n<meta property=\"article:modified_time\" content=\"2025-07-02T18:11:55+00:00\" \/>\n<meta property=\"og:image\" content=\"https:\/\/yoestudiosalud.es\/wp-content\/uploads\/2024\/06\/Horico-VA3.jpg\" \/>\n\t<meta property=\"og:image:width\" content=\"1080\" \/>\n\t<meta property=\"og:image:height\" content=\"1080\" \/>\n\t<meta property=\"og:image:type\" content=\"image\/jpeg\" \/>\n<meta name=\"twitter:card\" content=\"summary_large_image\" \/>\n<meta name=\"twitter:label1\" content=\"Dur\u00e9e de lecture estim\u00e9e\" \/>\n\t<meta name=\"twitter:data1\" content=\"1 minute\" \/>\n<script type=\"application\/ld+json\" class=\"yoast-schema-graph\">{\"@context\":\"https:\/\/schema.org\",\"@graph\":[{\"@type\":\"WebPage\",\"@id\":\"https:\/\/yoestudiosalud.es\/fr\/produit\/ucv-frsero-protesis\/\",\"url\":\"https:\/\/yoestudiosalud.es\/fr\/produit\/ucv-frsero-protesis\/\",\"name\":\"UCV FORETS KIT PROSTH\u00c8SE - yoestudiosalud.es\",\"isPartOf\":{\"@id\":\"https:\/\/yoestudiosalud.es\/en\/#website\"},\"primaryImageOfPage\":{\"@id\":\"https:\/\/yoestudiosalud.es\/fr\/produit\/ucv-frsero-protesis\/#primaryimage\"},\"image\":{\"@id\":\"https:\/\/yoestudiosalud.es\/fr\/produit\/ucv-frsero-protesis\/#primaryimage\"},\"thumbnailUrl\":\"https:\/\/yoestudiosalud.es\/wp-content\/uploads\/2024\/06\/Horico-VA3.jpg\",\"datePublished\":\"2024-06-18T07:50:23+00:00\",\"dateModified\":\"2025-07-02T18:11:55+00:00\",\"description\":\"Le kit de forets pour proth\u00e8ses UCV est compos\u00e9 d'un ensemble de forets sp\u00e9cialement s\u00e9lectionn\u00e9s par le corps enseignant de l'Universit\u00e9 Catholique de Valence San Vicente Martir pour les pratiques des diff\u00e9rents cours de la chaire de proth\u00e8se.\",\"breadcrumb\":{\"@id\":\"https:\/\/yoestudiosalud.es\/fr\/produit\/ucv-frsero-protesis\/#breadcrumb\"},\"inLanguage\":\"fr-FR\",\"potentialAction\":[{\"@type\":\"ReadAction\",\"target\":[\"https:\/\/yoestudiosalud.es\/fr\/produit\/ucv-frsero-protesis\/\"]}]},{\"@type\":\"ImageObject\",\"inLanguage\":\"fr-FR\",\"@id\":\"https:\/\/yoestudiosalud.es\/fr\/produit\/ucv-frsero-protesis\/#primaryimage\",\"url\":\"https:\/\/yoestudiosalud.es\/wp-content\/uploads\/2024\/06\/Horico-VA3.jpg\",\"contentUrl\":\"https:\/\/yoestudiosalud.es\/wp-content\/uploads\/2024\/06\/Horico-VA3.jpg\",\"width\":1080,\"height\":1080},{\"@type\":\"BreadcrumbList\",\"@id\":\"https:\/\/yoestudiosalud.es\/fr\/produit\/ucv-frsero-protesis\/#breadcrumb\",\"itemListElement\":[{\"@type\":\"ListItem\",\"position\":1,\"name\":\"Portada\",\"item\":\"https:\/\/yoestudiosalud.es\/fr\/\"},{\"@type\":\"ListItem\",\"position\":2,\"name\":\"Boutique\",\"item\":\"https:\/\/yoestudiosalud.es\/fr\/boutique\/\"},{\"@type\":\"ListItem\",\"position\":3,\"name\":\"UCV FORETS KIT PROSTH\u00c8SE\"}]},{\"@type\":\"WebSite\",\"@id\":\"https:\/\/yoestudiosalud.es\/en\/#website\",\"url\":\"https:\/\/yoestudiosalud.es\/en\/\",\"name\":\"yoestudiosalud.es\",\"description\":\"Material para estudiantes del sector salud\",\"publisher\":{\"@id\":\"https:\/\/yoestudiosalud.es\/en\/#organization\"},\"potentialAction\":[{\"@type\":\"SearchAction\",\"target\":{\"@type\":\"EntryPoint\",\"urlTemplate\":\"https:\/\/yoestudiosalud.es\/en\/?s={search_term_string}\"},\"query-input\":{\"@type\":\"PropertyValueSpecification\",\"valueRequired\":true,\"valueName\":\"search_term_string\"}}],\"inLanguage\":\"fr-FR\"},{\"@type\":\"Organization\",\"@id\":\"https:\/\/yoestudiosalud.es\/en\/#organization\",\"name\":\"yoestudiosalud.es\",\"url\":\"https:\/\/yoestudiosalud.es\/en\/\",\"logo\":{\"@type\":\"ImageObject\",\"inLanguage\":\"fr-FR\",\"@id\":\"https:\/\/yoestudiosalud.es\/en\/#\/schema\/logo\/image\/\",\"url\":\"https:\/\/yoestudiosalud.es\/wp-content\/uploads\/2020\/04\/logonew-e1698080827687.png\",\"contentUrl\":\"https:\/\/yoestudiosalud.es\/wp-content\/uploads\/2020\/04\/logonew-e1698080827687.png\",\"width\":421,\"height\":393,\"caption\":\"yoestudiosalud.es\"},\"image\":{\"@id\":\"https:\/\/yoestudiosalud.es\/en\/#\/schema\/logo\/image\/\"}}]}<\/script>\n<!-- \/ Yoast SEO Premium plugin. -->","yoast_head_json":{"title":"UCV FORETS KIT PROSTH\u00c8SE - yoestudiosalud.es","description":"Le kit de forets pour proth\u00e8ses UCV est compos\u00e9 d'un ensemble de forets sp\u00e9cialement s\u00e9lectionn\u00e9s par le corps enseignant de l'Universit\u00e9 Catholique de Valence San Vicente Martir pour les pratiques des diff\u00e9rents cours de la chaire de proth\u00e8se.","robots":{"index":"index","follow":"follow","max-snippet":"max-snippet:-1","max-image-preview":"max-image-preview:large","max-video-preview":"max-video-preview:-1"},"canonical":"https:\/\/yoestudiosalud.es\/fr\/produit\/ucv-frsero-protesis\/","og_locale":"fr_FR","og_type":"article","og_title":"UCV FORETS KIT PROSTH\u00c8SE","og_description":"Le kit de forets pour proth\u00e8ses UCV est compos\u00e9 d'un ensemble de forets sp\u00e9cialement s\u00e9lectionn\u00e9s par le corps enseignant de l'Universit\u00e9 Catholique de Valence San Vicente Martir pour les pratiques des diff\u00e9rents cours de la chaire de proth\u00e8se.","og_url":"https:\/\/yoestudiosalud.es\/fr\/produit\/ucv-frsero-protesis\/","og_site_name":"yoestudiosalud.es","article_modified_time":"2025-07-02T18:11:55+00:00","og_image":[{"width":1080,"height":1080,"url":"https:\/\/yoestudiosalud.es\/wp-content\/uploads\/2024\/06\/Horico-VA3.jpg","type":"image\/jpeg"}],"twitter_card":"summary_large_image","twitter_misc":{"Dur\u00e9e de lecture estim\u00e9e":"1 minute"},"schema":{"@context":"https:\/\/schema.org","@graph":[{"@type":"WebPage","@id":"https:\/\/yoestudiosalud.es\/fr\/produit\/ucv-frsero-protesis\/","url":"https:\/\/yoestudiosalud.es\/fr\/produit\/ucv-frsero-protesis\/","name":"UCV FORETS KIT PROSTH\u00c8SE - yoestudiosalud.es","isPartOf":{"@id":"https:\/\/yoestudiosalud.es\/en\/#website"},"primaryImageOfPage":{"@id":"https:\/\/yoestudiosalud.es\/fr\/produit\/ucv-frsero-protesis\/#primaryimage"},"image":{"@id":"https:\/\/yoestudiosalud.es\/fr\/produit\/ucv-frsero-protesis\/#primaryimage"},"thumbnailUrl":"https:\/\/yoestudiosalud.es\/wp-content\/uploads\/2024\/06\/Horico-VA3.jpg","datePublished":"2024-06-18T07:50:23+00:00","dateModified":"2025-07-02T18:11:55+00:00","description":"Le kit de forets pour proth\u00e8ses UCV est compos\u00e9 d'un ensemble de forets sp\u00e9cialement s\u00e9lectionn\u00e9s par le corps enseignant de l'Universit\u00e9 Catholique de Valence San Vicente Martir pour les pratiques des diff\u00e9rents cours de la chaire de proth\u00e8se.","breadcrumb":{"@id":"https:\/\/yoestudiosalud.es\/fr\/produit\/ucv-frsero-protesis\/#breadcrumb"},"inLanguage":"fr-FR","potentialAction":[{"@type":"ReadAction","target":["https:\/\/yoestudiosalud.es\/fr\/produit\/ucv-frsero-protesis\/"]}]},{"@type":"ImageObject","inLanguage":"fr-FR","@id":"https:\/\/yoestudiosalud.es\/fr\/produit\/ucv-frsero-protesis\/#primaryimage","url":"https:\/\/yoestudiosalud.es\/wp-content\/uploads\/2024\/06\/Horico-VA3.jpg","contentUrl":"https:\/\/yoestudiosalud.es\/wp-content\/uploads\/2024\/06\/Horico-VA3.jpg","width":1080,"height":1080},{"@type":"BreadcrumbList","@id":"https:\/\/yoestudiosalud.es\/fr\/produit\/ucv-frsero-protesis\/#breadcrumb","itemListElement":[{"@type":"ListItem","position":1,"name":"Portada","item":"https:\/\/yoestudiosalud.es\/fr\/"},{"@type":"ListItem","position":2,"name":"Boutique","item":"https:\/\/yoestudiosalud.es\/fr\/boutique\/"},{"@type":"ListItem","position":3,"name":"UCV FORETS KIT PROSTH\u00c8SE"}]},{"@type":"WebSite","@id":"https:\/\/yoestudiosalud.es\/en\/#website","url":"https:\/\/yoestudiosalud.es\/en\/","name":"yoestudiosalud.es","description":"Material para estudiantes del sector salud","publisher":{"@id":"https:\/\/yoestudiosalud.es\/en\/#organization"},"potentialAction":[{"@type":"SearchAction","target":{"@type":"EntryPoint","urlTemplate":"https:\/\/yoestudiosalud.es\/en\/?s={search_term_string}"},"query-input":{"@type":"PropertyValueSpecification","valueRequired":true,"valueName":"search_term_string"}}],"inLanguage":"fr-FR"},{"@type":"Organization","@id":"https:\/\/yoestudiosalud.es\/en\/#organization","name":"yoestudiosalud.es","url":"https:\/\/yoestudiosalud.es\/en\/","logo":{"@type":"ImageObject","inLanguage":"fr-FR","@id":"https:\/\/yoestudiosalud.es\/en\/#\/schema\/logo\/image\/","url":"https:\/\/yoestudiosalud.es\/wp-content\/uploads\/2020\/04\/logonew-e1698080827687.png","contentUrl":"https:\/\/yoestudiosalud.es\/wp-content\/uploads\/2020\/04\/logonew-e1698080827687.png","width":421,"height":393,"caption":"yoestudiosalud.es"},"image":{"@id":"https:\/\/yoestudiosalud.es\/en\/#\/schema\/logo\/image\/"}}]}},"_links":{"self":[{"href":"https:\/\/yoestudiosalud.es\/fr\/wp-json\/wp\/v2\/product\/32056","targetHints":{"allow":["GET"]}}],"collection":[{"href":"https:\/\/yoestudiosalud.es\/fr\/wp-json\/wp\/v2\/product"}],"about":[{"href":"https:\/\/yoestudiosalud.es\/fr\/wp-json\/wp\/v2\/types\/product"}],"wp:featuredmedia":[{"embeddable":true,"href":"https:\/\/yoestudiosalud.es\/fr\/wp-json\/wp\/v2\/media\/29114"}],"wp:attachment":[{"href":"https:\/\/yoestudiosalud.es\/fr\/wp-json\/wp\/v2\/media?parent=32056"}],"wp:term":[{"taxonomy":"product_brand","embeddable":true,"href":"https:\/\/yoestudiosalud.es\/fr\/wp-json\/wp\/v2\/product_brand?post=32056"},{"taxonomy":"product_cat","embeddable":true,"href":"https:\/\/yoestudiosalud.es\/fr\/wp-json\/wp\/v2\/product_cat?post=32056"},{"taxonomy":"product_tag","embeddable":true,"href":"https:\/\/yoestudiosalud.es\/fr\/wp-json\/wp\/v2\/product_tag?post=32056"}],"curies":[{"name":"wp","href":"https:\/\/api.w.org\/{rel}","templated":true}]}}