{"id":32055,"date":"2024-06-18T08:36:41","date_gmt":"2024-06-18T08:36:41","guid":{"rendered":"https:\/\/yoestudiosalud.es\/producto\/ucv-frsero-ptd\/"},"modified":"2025-06-17T22:28:40","modified_gmt":"2025-06-17T20:28:40","slug":"ucv-frsero-ptd","status":"publish","type":"product","link":"https:\/\/yoestudiosalud.es\/fr\/produit\/ucv-frsero-ptd\/","title":{"rendered":"Porte-fraises PTD UCV"},"content":{"rendered":"<h2>Porte-fraises PTD UCV<\/h2>\n<p>Le porte-fraises PTD de l\u2019UCV est compos\u00e9 d\u2019un ensemble de fraises sp\u00e9cialement s\u00e9lectionn\u00e9es par le corps enseignant de l\u2019Universit\u00e9 Catholique de Valence San Vicente Martir pour les pratiques des diff\u00e9rents cours de la chaire de Pathologie et Th\u00e9rapeutique Dentaire.<\/p>\n<p>Ce kit comprend 11 fraises dentaires diff\u00e9rentes, organis\u00e9es et identifi\u00e9es par leur r\u00e9f\u00e9rence ainsi qu\u2019un sch\u00e9ma de leur forme. Le tout est mont\u00e9 dans une bo\u00eete plastique pratique avec un couvercle de protection.<\/p>\n<p>Le kit inclut les fraises dentaires suivantes :<\/p>\n<ul>\n<li>FG 233G010<\/li>\n<li>FG 697G014<\/li>\n<li>FG 166C010<\/li>\n<li>FG 257C023<\/li>\n<li>C1 204 012<\/li>\n<li>C1 204 018<\/li>\n<li>C269 314 014<\/li>\n<li>FG 001 012<\/li>\n<li>FG 001 016<\/li>\n<li>FG 233 010<\/li>\n<li>FG 233 012<\/li>\n<\/ul>\n<p>Le kit a \u00e9t\u00e9 soigneusement assembl\u00e9 par la marque Horico.<\/p>\n","protected":false},"excerpt":{"rendered":"<p>Le kit comprend les fraises dentaires suivantes :<\/p>\n<ul>\n<li>FG 233G010<\/li>\n<li>FG 697G014<\/li>\n<li>FG 166C010<\/li>\n<li>FG 257C023<\/li>\n<li>C1 204 012<\/li>\n<li>C1 204 018<\/li>\n<li>C269 314 014<\/li>\n<li>FG 001 012<\/li>\n<li>FG 001 016<\/li>\n<li>FG 233 010<\/li>\n<li>FG 233 012<\/li>\n<\/ul>\n","protected":false},"featured_media":29123,"template":"","meta":[],"product_brand":[],"product_cat":[667,669],"product_tag":[689],"class_list":{"0":"post-32055","1":"product","2":"type-product","3":"status-publish","4":"has-post-thumbnail","6":"product_cat-uncategorized-fr","7":"product_cat-general-fr","8":"product_tag-ucv3","9":"pa_formacion-odontologia-fr","11":"first","12":"instock","13":"sale","14":"taxable","15":"shipping-taxable","16":"purchasable","17":"product-type-simple"},"yoast_head":"<!-- This site is optimized with the Yoast SEO Premium plugin v27.0 (Yoast SEO v27.2) - https:\/\/yoast.com\/product\/yoast-seo-premium-wordpress\/ -->\n<title>Porte-fraises PTD UCV - yoestudiosalud.es<\/title>\n<meta name=\"description\" content=\"El fresero de PTD de la UCV est\u00e1 formado por un conjunto de fresesas seleccionadas por el docente de la Universidad Cat\u00f3lica de Valencia\" \/>\n<meta name=\"robots\" content=\"index, follow, max-snippet:-1, max-image-preview:large, max-video-preview:-1\" \/>\n<link rel=\"canonical\" href=\"https:\/\/yoestudiosalud.es\/produit\/ucv-frsero-ptd\/\" \/>\n<meta property=\"og:locale\" content=\"fr_FR\" \/>\n<meta property=\"og:type\" content=\"article\" \/>\n<meta property=\"og:title\" content=\"Porte-fraises PTD UCV\" \/>\n<meta property=\"og:description\" content=\"El fresero de PTD de la UCV est\u00e1 formado por un conjunto de fresesas seleccionadas por el docente de la Universidad Cat\u00f3lica de Valencia\" \/>\n<meta property=\"og:url\" content=\"https:\/\/yoestudiosalud.es\/produit\/ucv-frsero-ptd\/\" \/>\n<meta property=\"og:site_name\" content=\"yoestudiosalud.es\" \/>\n<meta property=\"article:modified_time\" content=\"2025-06-17T20:28:40+00:00\" \/>\n<meta property=\"og:image\" content=\"https:\/\/yoestudiosalud.es\/wp-content\/uploads\/2024\/06\/Horico-VA4.jpg\" \/>\n\t<meta property=\"og:image:width\" content=\"1080\" \/>\n\t<meta property=\"og:image:height\" content=\"1080\" \/>\n\t<meta property=\"og:image:type\" content=\"image\/jpeg\" \/>\n<meta name=\"twitter:card\" content=\"summary_large_image\" \/>\n<meta name=\"twitter:label1\" content=\"Dur\u00e9e de lecture estim\u00e9e\" \/>\n\t<meta name=\"twitter:data1\" content=\"1 minute\" \/>\n<script type=\"application\/ld+json\" class=\"yoast-schema-graph\">{\"@context\":\"https:\/\/schema.org\",\"@graph\":[{\"@type\":\"WebPage\",\"@id\":\"https:\/\/yoestudiosalud.es\/produit\/ucv-frsero-ptd\/\",\"url\":\"https:\/\/yoestudiosalud.es\/produit\/ucv-frsero-ptd\/\",\"name\":\"Porte-fraises PTD UCV - yoestudiosalud.es\",\"isPartOf\":{\"@id\":\"https:\/\/yoestudiosalud.es\/en\/#website\"},\"primaryImageOfPage\":{\"@id\":\"https:\/\/yoestudiosalud.es\/produit\/ucv-frsero-ptd\/#primaryimage\"},\"image\":{\"@id\":\"https:\/\/yoestudiosalud.es\/produit\/ucv-frsero-ptd\/#primaryimage\"},\"thumbnailUrl\":\"https:\/\/yoestudiosalud.es\/wp-content\/uploads\/2024\/06\/Horico-VA4.jpg\",\"datePublished\":\"2024-06-18T08:36:41+00:00\",\"dateModified\":\"2025-06-17T20:28:40+00:00\",\"description\":\"El fresero de PTD de la UCV est\u00e1 formado por un conjunto de fresesas seleccionadas por el docente de la Universidad Cat\u00f3lica de Valencia\",\"breadcrumb\":{\"@id\":\"https:\/\/yoestudiosalud.es\/produit\/ucv-frsero-ptd\/#breadcrumb\"},\"inLanguage\":\"fr-FR\",\"potentialAction\":[{\"@type\":\"ReadAction\",\"target\":[\"https:\/\/yoestudiosalud.es\/produit\/ucv-frsero-ptd\/\"]}]},{\"@type\":\"ImageObject\",\"inLanguage\":\"fr-FR\",\"@id\":\"https:\/\/yoestudiosalud.es\/produit\/ucv-frsero-ptd\/#primaryimage\",\"url\":\"https:\/\/yoestudiosalud.es\/wp-content\/uploads\/2024\/06\/Horico-VA4.jpg\",\"contentUrl\":\"https:\/\/yoestudiosalud.es\/wp-content\/uploads\/2024\/06\/Horico-VA4.jpg\",\"width\":1080,\"height\":1080},{\"@type\":\"BreadcrumbList\",\"@id\":\"https:\/\/yoestudiosalud.es\/produit\/ucv-frsero-ptd\/#breadcrumb\",\"itemListElement\":[{\"@type\":\"ListItem\",\"position\":1,\"name\":\"Portada\",\"item\":\"https:\/\/yoestudiosalud.es\/fr\/\"},{\"@type\":\"ListItem\",\"position\":2,\"name\":\"Boutique\",\"item\":\"https:\/\/yoestudiosalud.es\/fr\/boutique\/\"},{\"@type\":\"ListItem\",\"position\":3,\"name\":\"Porte-fraises PTD UCV\"}]},{\"@type\":\"WebSite\",\"@id\":\"https:\/\/yoestudiosalud.es\/en\/#website\",\"url\":\"https:\/\/yoestudiosalud.es\/en\/\",\"name\":\"yoestudiosalud.es\",\"description\":\"Material para estudiantes del sector salud\",\"publisher\":{\"@id\":\"https:\/\/yoestudiosalud.es\/en\/#organization\"},\"potentialAction\":[{\"@type\":\"SearchAction\",\"target\":{\"@type\":\"EntryPoint\",\"urlTemplate\":\"https:\/\/yoestudiosalud.es\/en\/?s={search_term_string}\"},\"query-input\":{\"@type\":\"PropertyValueSpecification\",\"valueRequired\":true,\"valueName\":\"search_term_string\"}}],\"inLanguage\":\"fr-FR\"},{\"@type\":\"Organization\",\"@id\":\"https:\/\/yoestudiosalud.es\/en\/#organization\",\"name\":\"yoestudiosalud.es\",\"url\":\"https:\/\/yoestudiosalud.es\/en\/\",\"logo\":{\"@type\":\"ImageObject\",\"inLanguage\":\"fr-FR\",\"@id\":\"https:\/\/yoestudiosalud.es\/en\/#\/schema\/logo\/image\/\",\"url\":\"https:\/\/yoestudiosalud.es\/wp-content\/uploads\/2020\/04\/logonew-e1698080827687.png\",\"contentUrl\":\"https:\/\/yoestudiosalud.es\/wp-content\/uploads\/2020\/04\/logonew-e1698080827687.png\",\"width\":421,\"height\":393,\"caption\":\"yoestudiosalud.es\"},\"image\":{\"@id\":\"https:\/\/yoestudiosalud.es\/en\/#\/schema\/logo\/image\/\"}}]}<\/script>\n<!-- \/ Yoast SEO Premium plugin. -->","yoast_head_json":{"title":"Porte-fraises PTD UCV - yoestudiosalud.es","description":"El fresero de PTD de la UCV est\u00e1 formado por un conjunto de fresesas seleccionadas por el docente de la Universidad Cat\u00f3lica de Valencia","robots":{"index":"index","follow":"follow","max-snippet":"max-snippet:-1","max-image-preview":"max-image-preview:large","max-video-preview":"max-video-preview:-1"},"canonical":"https:\/\/yoestudiosalud.es\/produit\/ucv-frsero-ptd\/","og_locale":"fr_FR","og_type":"article","og_title":"Porte-fraises PTD UCV","og_description":"El fresero de PTD de la UCV est\u00e1 formado por un conjunto de fresesas seleccionadas por el docente de la Universidad Cat\u00f3lica de Valencia","og_url":"https:\/\/yoestudiosalud.es\/produit\/ucv-frsero-ptd\/","og_site_name":"yoestudiosalud.es","article_modified_time":"2025-06-17T20:28:40+00:00","og_image":[{"width":1080,"height":1080,"url":"https:\/\/yoestudiosalud.es\/wp-content\/uploads\/2024\/06\/Horico-VA4.jpg","type":"image\/jpeg"}],"twitter_card":"summary_large_image","twitter_misc":{"Dur\u00e9e de lecture estim\u00e9e":"1 minute"},"schema":{"@context":"https:\/\/schema.org","@graph":[{"@type":"WebPage","@id":"https:\/\/yoestudiosalud.es\/produit\/ucv-frsero-ptd\/","url":"https:\/\/yoestudiosalud.es\/produit\/ucv-frsero-ptd\/","name":"Porte-fraises PTD UCV - yoestudiosalud.es","isPartOf":{"@id":"https:\/\/yoestudiosalud.es\/en\/#website"},"primaryImageOfPage":{"@id":"https:\/\/yoestudiosalud.es\/produit\/ucv-frsero-ptd\/#primaryimage"},"image":{"@id":"https:\/\/yoestudiosalud.es\/produit\/ucv-frsero-ptd\/#primaryimage"},"thumbnailUrl":"https:\/\/yoestudiosalud.es\/wp-content\/uploads\/2024\/06\/Horico-VA4.jpg","datePublished":"2024-06-18T08:36:41+00:00","dateModified":"2025-06-17T20:28:40+00:00","description":"El fresero de PTD de la UCV est\u00e1 formado por un conjunto de fresesas seleccionadas por el docente de la Universidad Cat\u00f3lica de Valencia","breadcrumb":{"@id":"https:\/\/yoestudiosalud.es\/produit\/ucv-frsero-ptd\/#breadcrumb"},"inLanguage":"fr-FR","potentialAction":[{"@type":"ReadAction","target":["https:\/\/yoestudiosalud.es\/produit\/ucv-frsero-ptd\/"]}]},{"@type":"ImageObject","inLanguage":"fr-FR","@id":"https:\/\/yoestudiosalud.es\/produit\/ucv-frsero-ptd\/#primaryimage","url":"https:\/\/yoestudiosalud.es\/wp-content\/uploads\/2024\/06\/Horico-VA4.jpg","contentUrl":"https:\/\/yoestudiosalud.es\/wp-content\/uploads\/2024\/06\/Horico-VA4.jpg","width":1080,"height":1080},{"@type":"BreadcrumbList","@id":"https:\/\/yoestudiosalud.es\/produit\/ucv-frsero-ptd\/#breadcrumb","itemListElement":[{"@type":"ListItem","position":1,"name":"Portada","item":"https:\/\/yoestudiosalud.es\/fr\/"},{"@type":"ListItem","position":2,"name":"Boutique","item":"https:\/\/yoestudiosalud.es\/fr\/boutique\/"},{"@type":"ListItem","position":3,"name":"Porte-fraises PTD UCV"}]},{"@type":"WebSite","@id":"https:\/\/yoestudiosalud.es\/en\/#website","url":"https:\/\/yoestudiosalud.es\/en\/","name":"yoestudiosalud.es","description":"Material para estudiantes del sector salud","publisher":{"@id":"https:\/\/yoestudiosalud.es\/en\/#organization"},"potentialAction":[{"@type":"SearchAction","target":{"@type":"EntryPoint","urlTemplate":"https:\/\/yoestudiosalud.es\/en\/?s={search_term_string}"},"query-input":{"@type":"PropertyValueSpecification","valueRequired":true,"valueName":"search_term_string"}}],"inLanguage":"fr-FR"},{"@type":"Organization","@id":"https:\/\/yoestudiosalud.es\/en\/#organization","name":"yoestudiosalud.es","url":"https:\/\/yoestudiosalud.es\/en\/","logo":{"@type":"ImageObject","inLanguage":"fr-FR","@id":"https:\/\/yoestudiosalud.es\/en\/#\/schema\/logo\/image\/","url":"https:\/\/yoestudiosalud.es\/wp-content\/uploads\/2020\/04\/logonew-e1698080827687.png","contentUrl":"https:\/\/yoestudiosalud.es\/wp-content\/uploads\/2020\/04\/logonew-e1698080827687.png","width":421,"height":393,"caption":"yoestudiosalud.es"},"image":{"@id":"https:\/\/yoestudiosalud.es\/en\/#\/schema\/logo\/image\/"}}]}},"_links":{"self":[{"href":"https:\/\/yoestudiosalud.es\/fr\/wp-json\/wp\/v2\/product\/32055","targetHints":{"allow":["GET"]}}],"collection":[{"href":"https:\/\/yoestudiosalud.es\/fr\/wp-json\/wp\/v2\/product"}],"about":[{"href":"https:\/\/yoestudiosalud.es\/fr\/wp-json\/wp\/v2\/types\/product"}],"wp:featuredmedia":[{"embeddable":true,"href":"https:\/\/yoestudiosalud.es\/fr\/wp-json\/wp\/v2\/media\/29123"}],"wp:attachment":[{"href":"https:\/\/yoestudiosalud.es\/fr\/wp-json\/wp\/v2\/media?parent=32055"}],"wp:term":[{"taxonomy":"product_brand","embeddable":true,"href":"https:\/\/yoestudiosalud.es\/fr\/wp-json\/wp\/v2\/product_brand?post=32055"},{"taxonomy":"product_cat","embeddable":true,"href":"https:\/\/yoestudiosalud.es\/fr\/wp-json\/wp\/v2\/product_cat?post=32055"},{"taxonomy":"product_tag","embeddable":true,"href":"https:\/\/yoestudiosalud.es\/fr\/wp-json\/wp\/v2\/product_tag?post=32055"}],"curies":[{"name":"wp","href":"https:\/\/api.w.org\/{rel}","templated":true}]}}