{"id":32044,"date":"2024-07-29T11:47:09","date_gmt":"2024-07-29T11:47:09","guid":{"rendered":"https:\/\/yoestudiosalud.es\/producto\/liderpapel-regla-flexible-20cm\/"},"modified":"2025-06-17T22:33:31","modified_gmt":"2025-06-17T20:33:31","slug":"liderpapel-regla-flexible-20cm","status":"publish","type":"product","link":"https:\/\/yoestudiosalud.es\/fr\/produit\/liderpapel-regla-flexible-20cm\/","title":{"rendered":"R\u00e8gle flexible 20\u202fcm LIDERPAPEL"},"content":{"rendered":"<p>La r\u00e8gle flexible Liderpapel de 20 cm est l\u2019option la plus appropri\u00e9e pour les \u00e9tudiants du secteur m\u00e9dical, car elle permet de prendre des mesures sur des formes et des objets courbes ou \u00e0 surface irr\u00e9guli\u00e8re.<\/p>\n","protected":false},"excerpt":{"rendered":"<p>La r\u00e8gle flexible Liderpapel de 20 cm est l\u2019option la  [&#8230;]<\/p>\n","protected":false},"featured_media":29385,"template":"","meta":[],"product_brand":[],"product_cat":[667],"product_tag":[689],"class_list":{"0":"post-32044","1":"product","2":"type-product","3":"status-publish","4":"has-post-thumbnail","6":"product_cat-uncategorized-fr","7":"product_tag-ucv3","9":"first","10":"instock","11":"taxable","12":"shipping-taxable","13":"purchasable","14":"product-type-simple"},"yoast_head":"<!-- This site is optimized with the Yoast SEO Premium plugin v27.0 (Yoast SEO v27.2) - https:\/\/yoast.com\/product\/yoast-seo-premium-wordpress\/ -->\n<title>R\u00e8gle flexible 20\u202fcm LIDERPAPEL - yoestudiosalud.es<\/title>\n<meta name=\"description\" content=\"Liderpapel regla flexible de 20cm es la opci\u00f3n mas apropiada para los estudiantes del sector medico ya que permite tomar mediciones en figuras\" \/>\n<meta name=\"robots\" content=\"index, follow, max-snippet:-1, max-image-preview:large, max-video-preview:-1\" \/>\n<link rel=\"canonical\" href=\"https:\/\/yoestudiosalud.es\/produit\/liderpapel-regla-flexible-20cm\/\" \/>\n<meta property=\"og:locale\" content=\"fr_FR\" \/>\n<meta property=\"og:type\" content=\"article\" \/>\n<meta property=\"og:title\" content=\"R\u00e8gle flexible 20\u202fcm LIDERPAPEL\" \/>\n<meta property=\"og:description\" content=\"Liderpapel regla flexible de 20cm es la opci\u00f3n mas apropiada para los estudiantes del sector medico ya que permite tomar mediciones en figuras\" \/>\n<meta property=\"og:url\" content=\"https:\/\/yoestudiosalud.es\/produit\/liderpapel-regla-flexible-20cm\/\" \/>\n<meta property=\"og:site_name\" content=\"yoestudiosalud.es\" \/>\n<meta property=\"article:modified_time\" content=\"2025-06-17T20:33:31+00:00\" \/>\n<meta property=\"og:image\" content=\"https:\/\/yoestudiosalud.es\/wp-content\/uploads\/2024\/07\/003911.jpg\" \/>\n\t<meta property=\"og:image:width\" content=\"650\" \/>\n\t<meta property=\"og:image:height\" content=\"650\" \/>\n\t<meta property=\"og:image:type\" content=\"image\/jpeg\" \/>\n<meta name=\"twitter:card\" content=\"summary_large_image\" \/>\n<meta name=\"twitter:label1\" content=\"Dur\u00e9e de lecture estim\u00e9e\" \/>\n\t<meta name=\"twitter:data1\" content=\"1 minute\" \/>\n<script type=\"application\/ld+json\" class=\"yoast-schema-graph\">{\"@context\":\"https:\/\/schema.org\",\"@graph\":[{\"@type\":\"WebPage\",\"@id\":\"https:\/\/yoestudiosalud.es\/produit\/liderpapel-regla-flexible-20cm\/\",\"url\":\"https:\/\/yoestudiosalud.es\/produit\/liderpapel-regla-flexible-20cm\/\",\"name\":\"R\u00e8gle flexible 20\u202fcm LIDERPAPEL - yoestudiosalud.es\",\"isPartOf\":{\"@id\":\"https:\/\/yoestudiosalud.es\/en\/#website\"},\"primaryImageOfPage\":{\"@id\":\"https:\/\/yoestudiosalud.es\/produit\/liderpapel-regla-flexible-20cm\/#primaryimage\"},\"image\":{\"@id\":\"https:\/\/yoestudiosalud.es\/produit\/liderpapel-regla-flexible-20cm\/#primaryimage\"},\"thumbnailUrl\":\"https:\/\/yoestudiosalud.es\/wp-content\/uploads\/2024\/07\/003911.jpg\",\"datePublished\":\"2024-07-29T11:47:09+00:00\",\"dateModified\":\"2025-06-17T20:33:31+00:00\",\"description\":\"Liderpapel regla flexible de 20cm es la opci\u00f3n mas apropiada para los estudiantes del sector medico ya que permite tomar mediciones en figuras\",\"breadcrumb\":{\"@id\":\"https:\/\/yoestudiosalud.es\/produit\/liderpapel-regla-flexible-20cm\/#breadcrumb\"},\"inLanguage\":\"fr-FR\",\"potentialAction\":[{\"@type\":\"ReadAction\",\"target\":[\"https:\/\/yoestudiosalud.es\/produit\/liderpapel-regla-flexible-20cm\/\"]}]},{\"@type\":\"ImageObject\",\"inLanguage\":\"fr-FR\",\"@id\":\"https:\/\/yoestudiosalud.es\/produit\/liderpapel-regla-flexible-20cm\/#primaryimage\",\"url\":\"https:\/\/yoestudiosalud.es\/wp-content\/uploads\/2024\/07\/003911.jpg\",\"contentUrl\":\"https:\/\/yoestudiosalud.es\/wp-content\/uploads\/2024\/07\/003911.jpg\",\"width\":650,\"height\":650},{\"@type\":\"BreadcrumbList\",\"@id\":\"https:\/\/yoestudiosalud.es\/produit\/liderpapel-regla-flexible-20cm\/#breadcrumb\",\"itemListElement\":[{\"@type\":\"ListItem\",\"position\":1,\"name\":\"Portada\",\"item\":\"https:\/\/yoestudiosalud.es\/fr\/\"},{\"@type\":\"ListItem\",\"position\":2,\"name\":\"Boutique\",\"item\":\"https:\/\/yoestudiosalud.es\/fr\/boutique\/\"},{\"@type\":\"ListItem\",\"position\":3,\"name\":\"R\u00e8gle flexible 20\u202fcm LIDERPAPEL\"}]},{\"@type\":\"WebSite\",\"@id\":\"https:\/\/yoestudiosalud.es\/en\/#website\",\"url\":\"https:\/\/yoestudiosalud.es\/en\/\",\"name\":\"yoestudiosalud.es\",\"description\":\"Material para estudiantes del sector salud\",\"publisher\":{\"@id\":\"https:\/\/yoestudiosalud.es\/en\/#organization\"},\"potentialAction\":[{\"@type\":\"SearchAction\",\"target\":{\"@type\":\"EntryPoint\",\"urlTemplate\":\"https:\/\/yoestudiosalud.es\/en\/?s={search_term_string}\"},\"query-input\":{\"@type\":\"PropertyValueSpecification\",\"valueRequired\":true,\"valueName\":\"search_term_string\"}}],\"inLanguage\":\"fr-FR\"},{\"@type\":\"Organization\",\"@id\":\"https:\/\/yoestudiosalud.es\/en\/#organization\",\"name\":\"yoestudiosalud.es\",\"url\":\"https:\/\/yoestudiosalud.es\/en\/\",\"logo\":{\"@type\":\"ImageObject\",\"inLanguage\":\"fr-FR\",\"@id\":\"https:\/\/yoestudiosalud.es\/en\/#\/schema\/logo\/image\/\",\"url\":\"https:\/\/yoestudiosalud.es\/wp-content\/uploads\/2020\/04\/logonew-e1698080827687.png\",\"contentUrl\":\"https:\/\/yoestudiosalud.es\/wp-content\/uploads\/2020\/04\/logonew-e1698080827687.png\",\"width\":421,\"height\":393,\"caption\":\"yoestudiosalud.es\"},\"image\":{\"@id\":\"https:\/\/yoestudiosalud.es\/en\/#\/schema\/logo\/image\/\"}}]}<\/script>\n<!-- \/ Yoast SEO Premium plugin. -->","yoast_head_json":{"title":"R\u00e8gle flexible 20\u202fcm LIDERPAPEL - yoestudiosalud.es","description":"Liderpapel regla flexible de 20cm es la opci\u00f3n mas apropiada para los estudiantes del sector medico ya que permite tomar mediciones en figuras","robots":{"index":"index","follow":"follow","max-snippet":"max-snippet:-1","max-image-preview":"max-image-preview:large","max-video-preview":"max-video-preview:-1"},"canonical":"https:\/\/yoestudiosalud.es\/produit\/liderpapel-regla-flexible-20cm\/","og_locale":"fr_FR","og_type":"article","og_title":"R\u00e8gle flexible 20\u202fcm LIDERPAPEL","og_description":"Liderpapel regla flexible de 20cm es la opci\u00f3n mas apropiada para los estudiantes del sector medico ya que permite tomar mediciones en figuras","og_url":"https:\/\/yoestudiosalud.es\/produit\/liderpapel-regla-flexible-20cm\/","og_site_name":"yoestudiosalud.es","article_modified_time":"2025-06-17T20:33:31+00:00","og_image":[{"width":650,"height":650,"url":"https:\/\/yoestudiosalud.es\/wp-content\/uploads\/2024\/07\/003911.jpg","type":"image\/jpeg"}],"twitter_card":"summary_large_image","twitter_misc":{"Dur\u00e9e de lecture estim\u00e9e":"1 minute"},"schema":{"@context":"https:\/\/schema.org","@graph":[{"@type":"WebPage","@id":"https:\/\/yoestudiosalud.es\/produit\/liderpapel-regla-flexible-20cm\/","url":"https:\/\/yoestudiosalud.es\/produit\/liderpapel-regla-flexible-20cm\/","name":"R\u00e8gle flexible 20\u202fcm LIDERPAPEL - yoestudiosalud.es","isPartOf":{"@id":"https:\/\/yoestudiosalud.es\/en\/#website"},"primaryImageOfPage":{"@id":"https:\/\/yoestudiosalud.es\/produit\/liderpapel-regla-flexible-20cm\/#primaryimage"},"image":{"@id":"https:\/\/yoestudiosalud.es\/produit\/liderpapel-regla-flexible-20cm\/#primaryimage"},"thumbnailUrl":"https:\/\/yoestudiosalud.es\/wp-content\/uploads\/2024\/07\/003911.jpg","datePublished":"2024-07-29T11:47:09+00:00","dateModified":"2025-06-17T20:33:31+00:00","description":"Liderpapel regla flexible de 20cm es la opci\u00f3n mas apropiada para los estudiantes del sector medico ya que permite tomar mediciones en figuras","breadcrumb":{"@id":"https:\/\/yoestudiosalud.es\/produit\/liderpapel-regla-flexible-20cm\/#breadcrumb"},"inLanguage":"fr-FR","potentialAction":[{"@type":"ReadAction","target":["https:\/\/yoestudiosalud.es\/produit\/liderpapel-regla-flexible-20cm\/"]}]},{"@type":"ImageObject","inLanguage":"fr-FR","@id":"https:\/\/yoestudiosalud.es\/produit\/liderpapel-regla-flexible-20cm\/#primaryimage","url":"https:\/\/yoestudiosalud.es\/wp-content\/uploads\/2024\/07\/003911.jpg","contentUrl":"https:\/\/yoestudiosalud.es\/wp-content\/uploads\/2024\/07\/003911.jpg","width":650,"height":650},{"@type":"BreadcrumbList","@id":"https:\/\/yoestudiosalud.es\/produit\/liderpapel-regla-flexible-20cm\/#breadcrumb","itemListElement":[{"@type":"ListItem","position":1,"name":"Portada","item":"https:\/\/yoestudiosalud.es\/fr\/"},{"@type":"ListItem","position":2,"name":"Boutique","item":"https:\/\/yoestudiosalud.es\/fr\/boutique\/"},{"@type":"ListItem","position":3,"name":"R\u00e8gle flexible 20\u202fcm LIDERPAPEL"}]},{"@type":"WebSite","@id":"https:\/\/yoestudiosalud.es\/en\/#website","url":"https:\/\/yoestudiosalud.es\/en\/","name":"yoestudiosalud.es","description":"Material para estudiantes del sector salud","publisher":{"@id":"https:\/\/yoestudiosalud.es\/en\/#organization"},"potentialAction":[{"@type":"SearchAction","target":{"@type":"EntryPoint","urlTemplate":"https:\/\/yoestudiosalud.es\/en\/?s={search_term_string}"},"query-input":{"@type":"PropertyValueSpecification","valueRequired":true,"valueName":"search_term_string"}}],"inLanguage":"fr-FR"},{"@type":"Organization","@id":"https:\/\/yoestudiosalud.es\/en\/#organization","name":"yoestudiosalud.es","url":"https:\/\/yoestudiosalud.es\/en\/","logo":{"@type":"ImageObject","inLanguage":"fr-FR","@id":"https:\/\/yoestudiosalud.es\/en\/#\/schema\/logo\/image\/","url":"https:\/\/yoestudiosalud.es\/wp-content\/uploads\/2020\/04\/logonew-e1698080827687.png","contentUrl":"https:\/\/yoestudiosalud.es\/wp-content\/uploads\/2020\/04\/logonew-e1698080827687.png","width":421,"height":393,"caption":"yoestudiosalud.es"},"image":{"@id":"https:\/\/yoestudiosalud.es\/en\/#\/schema\/logo\/image\/"}}]}},"_links":{"self":[{"href":"https:\/\/yoestudiosalud.es\/fr\/wp-json\/wp\/v2\/product\/32044","targetHints":{"allow":["GET"]}}],"collection":[{"href":"https:\/\/yoestudiosalud.es\/fr\/wp-json\/wp\/v2\/product"}],"about":[{"href":"https:\/\/yoestudiosalud.es\/fr\/wp-json\/wp\/v2\/types\/product"}],"wp:featuredmedia":[{"embeddable":true,"href":"https:\/\/yoestudiosalud.es\/fr\/wp-json\/wp\/v2\/media\/29385"}],"wp:attachment":[{"href":"https:\/\/yoestudiosalud.es\/fr\/wp-json\/wp\/v2\/media?parent=32044"}],"wp:term":[{"taxonomy":"product_brand","embeddable":true,"href":"https:\/\/yoestudiosalud.es\/fr\/wp-json\/wp\/v2\/product_brand?post=32044"},{"taxonomy":"product_cat","embeddable":true,"href":"https:\/\/yoestudiosalud.es\/fr\/wp-json\/wp\/v2\/product_cat?post=32044"},{"taxonomy":"product_tag","embeddable":true,"href":"https:\/\/yoestudiosalud.es\/fr\/wp-json\/wp\/v2\/product_tag?post=32044"}],"curies":[{"name":"wp","href":"https:\/\/api.w.org\/{rel}","templated":true}]}}