{"id":32035,"date":"2024-10-17T16:24:30","date_gmt":"2024-10-17T16:24:30","guid":{"rendered":"https:\/\/yoestudiosalud.es\/producto\/bien-air-black-pearl-eco-4h\/"},"modified":"2025-06-17T22:42:16","modified_gmt":"2025-06-17T20:42:16","slug":"bien-air-black-pearl-eco-4h","status":"publish","type":"product","link":"https:\/\/yoestudiosalud.es\/fr\/produit\/bien-air-black-pearl-eco-4h\/","title":{"rendered":"BIEN AIR BLACK PEARL ECO 4H"},"content":{"rendered":"<p>Turbine BIEN AIR BLACK PEARL ECO avec connexion directe 4 trous<\/p>\n<p><strong>&#8211; M\u00e9canisme de mouvement rotatif et fixation de fraise Accu-Chuck\u2122 :<\/strong> Ce syst\u00e8me de fixation de fraise et d\u2019\u00e9limination des vibrations, dont l\u2019efficacit\u00e9 est prouv\u00e9e, garantit une stabilit\u00e9 et une pr\u00e9cision optimales, quelle que soit la vitesse de rotation. Gr\u00e2ce au bouton Soft Push\u2122 de Bien-Air, le retrait de la fraise devient rapide et simple.<\/p>\n<p><strong>&#8211; Soft Push :<\/strong> M\u00e9canisme de r\u00e9glage Bien-Air avec plaquettes et bouton unique. Il suffit d\u2019exercer une l\u00e9g\u00e8re pression. Le changement d\u2019instrument est rapide et confortable. Ce proc\u00e9d\u00e9 assure un ajustement \u00e0 la fois s\u00fbr et pr\u00e9cis.<\/p>\n<p><strong>FICHE TECHNIQUE :<\/strong><\/p>\n<p>&#8211; Puissance (W) : 13<\/p>\n<p>&#8211; Sortie du spray : 2 x 1 s\u00e9par\u00e9es<\/p>\n<p>&#8211; Niveau sonore (dBA) : 62<\/p>\n<p>&#8211; Diam\u00e8tre de la t\u00eate (mm) : 12<\/p>\n<p>&#8211; Taille de la t\u00eate (mm) : 13,8 (22,5 mm avec fraise de 19 mm)<\/p>\n<p>&#8211; Vitesse de rotation (tr\/min) : 310 000<\/p>\n<p>&#8211; Roulements \u00e0 billes en c\u00e9ramique : Non<\/p>\n<p>&#8211; Poids (g) : 50<\/p>\n<p>&#8211; Connexion : 4 trous<\/p>\n<p>&#8211; Garantie : de 1 \u00e0 2 ans<\/p>\n","protected":false},"excerpt":{"rendered":"<p>Turbine BIEN AIR BLACK PEARL ECO avec connexion directe 4  [&#8230;]<\/p>\n","protected":false},"featured_media":29773,"template":"","meta":[],"product_brand":[],"product_cat":[713],"product_tag":[],"class_list":{"0":"post-32035","1":"product","2":"type-product","3":"status-publish","4":"has-post-thumbnail","6":"product_cat-rotatif-fr","7":"pa_formacion-odontologia-fr","9":"first","10":"onbackorder","11":"sale","12":"taxable","13":"shipping-taxable","14":"purchasable","15":"product-type-simple"},"yoast_head":"<!-- This site is optimized with the Yoast SEO Premium plugin v27.0 (Yoast SEO v27.4) - https:\/\/yoast.com\/product\/yoast-seo-premium-wordpress\/ -->\n<title>BIEN AIR BLACK PEARL ECO 4H - yoestudiosalud.es dep\u00f3sito dental estudiantes<\/title>\n<meta name=\"description\" content=\"Turbina Bien Air Black Pearl ECO conexi\u00f3n directa 4 orificios ( conexi\u00f3n midwest ) . Tecnolog\u00eda Suiza de gr\u00e1n calidad. Comprala online al mejor precio.\" \/>\n<meta name=\"robots\" content=\"index, follow, max-snippet:-1, max-image-preview:large, max-video-preview:-1\" \/>\n<link rel=\"canonical\" href=\"https:\/\/yoestudiosalud.es\/fr\/produit\/bien-air-black-pearl-eco-4h\/\" \/>\n<meta property=\"og:locale\" content=\"fr_FR\" \/>\n<meta property=\"og:type\" content=\"article\" \/>\n<meta property=\"og:title\" content=\"BIEN AIR BLACK PEARL ECO 4H\" \/>\n<meta property=\"og:description\" content=\"Turbina Bien Air Black Pearl ECO conexi\u00f3n directa 4 orificios ( conexi\u00f3n midwest ) . Tecnolog\u00eda Suiza de gr\u00e1n calidad. Comprala online al mejor precio.\" \/>\n<meta property=\"og:url\" content=\"https:\/\/yoestudiosalud.es\/fr\/produit\/bien-air-black-pearl-eco-4h\/\" \/>\n<meta property=\"og:site_name\" content=\"yoestudiosalud.es\" \/>\n<meta property=\"article:modified_time\" content=\"2025-06-17T20:42:16+00:00\" \/>\n<meta property=\"og:image\" content=\"https:\/\/yoestudiosalud.es\/wp-content\/uploads\/2024\/10\/005044.jpg\" \/>\n\t<meta property=\"og:image:width\" content=\"650\" \/>\n\t<meta property=\"og:image:height\" content=\"650\" \/>\n\t<meta property=\"og:image:type\" content=\"image\/jpeg\" \/>\n<meta name=\"twitter:card\" content=\"summary_large_image\" \/>\n<meta name=\"twitter:label1\" content=\"Dur\u00e9e de lecture estim\u00e9e\" \/>\n\t<meta name=\"twitter:data1\" content=\"1 minute\" \/>\n<script type=\"application\/ld+json\" class=\"yoast-schema-graph\">{\"@context\":\"https:\\\/\\\/schema.org\",\"@graph\":[{\"@type\":\"WebPage\",\"@id\":\"https:\\\/\\\/yoestudiosalud.es\\\/fr\\\/produit\\\/bien-air-black-pearl-eco-4h\\\/\",\"url\":\"https:\\\/\\\/yoestudiosalud.es\\\/fr\\\/produit\\\/bien-air-black-pearl-eco-4h\\\/\",\"name\":\"BIEN AIR BLACK PEARL ECO 4H - yoestudiosalud.es dep\u00f3sito dental estudiantes\",\"isPartOf\":{\"@id\":\"https:\\\/\\\/yoestudiosalud.es\\\/en\\\/#website\"},\"primaryImageOfPage\":{\"@id\":\"https:\\\/\\\/yoestudiosalud.es\\\/fr\\\/produit\\\/bien-air-black-pearl-eco-4h\\\/#primaryimage\"},\"image\":{\"@id\":\"https:\\\/\\\/yoestudiosalud.es\\\/fr\\\/produit\\\/bien-air-black-pearl-eco-4h\\\/#primaryimage\"},\"thumbnailUrl\":\"https:\\\/\\\/yoestudiosalud.es\\\/wp-content\\\/uploads\\\/2024\\\/10\\\/005044.jpg\",\"datePublished\":\"2024-10-17T16:24:30+00:00\",\"dateModified\":\"2025-06-17T20:42:16+00:00\",\"description\":\"Turbina Bien Air Black Pearl ECO conexi\u00f3n directa 4 orificios ( conexi\u00f3n midwest ) . Tecnolog\u00eda Suiza de gr\u00e1n calidad. Comprala online al mejor precio.\",\"breadcrumb\":{\"@id\":\"https:\\\/\\\/yoestudiosalud.es\\\/fr\\\/produit\\\/bien-air-black-pearl-eco-4h\\\/#breadcrumb\"},\"inLanguage\":\"fr-FR\",\"potentialAction\":[{\"@type\":\"ReadAction\",\"target\":[\"https:\\\/\\\/yoestudiosalud.es\\\/fr\\\/produit\\\/bien-air-black-pearl-eco-4h\\\/\"]}]},{\"@type\":\"ImageObject\",\"inLanguage\":\"fr-FR\",\"@id\":\"https:\\\/\\\/yoestudiosalud.es\\\/fr\\\/produit\\\/bien-air-black-pearl-eco-4h\\\/#primaryimage\",\"url\":\"https:\\\/\\\/yoestudiosalud.es\\\/wp-content\\\/uploads\\\/2024\\\/10\\\/005044.jpg\",\"contentUrl\":\"https:\\\/\\\/yoestudiosalud.es\\\/wp-content\\\/uploads\\\/2024\\\/10\\\/005044.jpg\",\"width\":650,\"height\":650,\"caption\":\"BIEN AIR BLACK PEARL ECO 4H\"},{\"@type\":\"BreadcrumbList\",\"@id\":\"https:\\\/\\\/yoestudiosalud.es\\\/fr\\\/produit\\\/bien-air-black-pearl-eco-4h\\\/#breadcrumb\",\"itemListElement\":[{\"@type\":\"ListItem\",\"position\":1,\"name\":\"Portada\",\"item\":\"https:\\\/\\\/yoestudiosalud.es\\\/fr\\\/\"},{\"@type\":\"ListItem\",\"position\":2,\"name\":\"Boutique\",\"item\":\"https:\\\/\\\/yoestudiosalud.es\\\/fr\\\/boutique\\\/\"},{\"@type\":\"ListItem\",\"position\":3,\"name\":\"BIEN AIR BLACK PEARL ECO 4H\"}]},{\"@type\":\"WebSite\",\"@id\":\"https:\\\/\\\/yoestudiosalud.es\\\/en\\\/#website\",\"url\":\"https:\\\/\\\/yoestudiosalud.es\\\/en\\\/\",\"name\":\"yoestudiosalud.es\",\"description\":\"Material para estudiantes del sector salud\",\"publisher\":{\"@id\":\"https:\\\/\\\/yoestudiosalud.es\\\/en\\\/#organization\"},\"potentialAction\":[{\"@type\":\"SearchAction\",\"target\":{\"@type\":\"EntryPoint\",\"urlTemplate\":\"https:\\\/\\\/yoestudiosalud.es\\\/en\\\/?s={search_term_string}\"},\"query-input\":{\"@type\":\"PropertyValueSpecification\",\"valueRequired\":true,\"valueName\":\"search_term_string\"}}],\"inLanguage\":\"fr-FR\"},{\"@type\":\"Organization\",\"@id\":\"https:\\\/\\\/yoestudiosalud.es\\\/en\\\/#organization\",\"name\":\"yoestudiosalud.es\",\"url\":\"https:\\\/\\\/yoestudiosalud.es\\\/en\\\/\",\"logo\":{\"@type\":\"ImageObject\",\"inLanguage\":\"fr-FR\",\"@id\":\"https:\\\/\\\/yoestudiosalud.es\\\/en\\\/#\\\/schema\\\/logo\\\/image\\\/\",\"url\":\"https:\\\/\\\/yoestudiosalud.es\\\/wp-content\\\/uploads\\\/2020\\\/04\\\/logonew-e1698080827687.png\",\"contentUrl\":\"https:\\\/\\\/yoestudiosalud.es\\\/wp-content\\\/uploads\\\/2020\\\/04\\\/logonew-e1698080827687.png\",\"width\":421,\"height\":393,\"caption\":\"yoestudiosalud.es\"},\"image\":{\"@id\":\"https:\\\/\\\/yoestudiosalud.es\\\/en\\\/#\\\/schema\\\/logo\\\/image\\\/\"}}]}<\/script>\n<!-- \/ Yoast SEO Premium plugin. -->","yoast_head_json":{"title":"BIEN AIR BLACK PEARL ECO 4H - yoestudiosalud.es dep\u00f3sito dental estudiantes","description":"Turbina Bien Air Black Pearl ECO conexi\u00f3n directa 4 orificios ( conexi\u00f3n midwest ) . Tecnolog\u00eda Suiza de gr\u00e1n calidad. Comprala online al mejor precio.","robots":{"index":"index","follow":"follow","max-snippet":"max-snippet:-1","max-image-preview":"max-image-preview:large","max-video-preview":"max-video-preview:-1"},"canonical":"https:\/\/yoestudiosalud.es\/fr\/produit\/bien-air-black-pearl-eco-4h\/","og_locale":"fr_FR","og_type":"article","og_title":"BIEN AIR BLACK PEARL ECO 4H","og_description":"Turbina Bien Air Black Pearl ECO conexi\u00f3n directa 4 orificios ( conexi\u00f3n midwest ) . Tecnolog\u00eda Suiza de gr\u00e1n calidad. Comprala online al mejor precio.","og_url":"https:\/\/yoestudiosalud.es\/fr\/produit\/bien-air-black-pearl-eco-4h\/","og_site_name":"yoestudiosalud.es","article_modified_time":"2025-06-17T20:42:16+00:00","og_image":[{"width":650,"height":650,"url":"https:\/\/yoestudiosalud.es\/wp-content\/uploads\/2024\/10\/005044.jpg","type":"image\/jpeg"}],"twitter_card":"summary_large_image","twitter_misc":{"Dur\u00e9e de lecture estim\u00e9e":"1 minute"},"schema":{"@context":"https:\/\/schema.org","@graph":[{"@type":"WebPage","@id":"https:\/\/yoestudiosalud.es\/fr\/produit\/bien-air-black-pearl-eco-4h\/","url":"https:\/\/yoestudiosalud.es\/fr\/produit\/bien-air-black-pearl-eco-4h\/","name":"BIEN AIR BLACK PEARL ECO 4H - yoestudiosalud.es dep\u00f3sito dental estudiantes","isPartOf":{"@id":"https:\/\/yoestudiosalud.es\/en\/#website"},"primaryImageOfPage":{"@id":"https:\/\/yoestudiosalud.es\/fr\/produit\/bien-air-black-pearl-eco-4h\/#primaryimage"},"image":{"@id":"https:\/\/yoestudiosalud.es\/fr\/produit\/bien-air-black-pearl-eco-4h\/#primaryimage"},"thumbnailUrl":"https:\/\/yoestudiosalud.es\/wp-content\/uploads\/2024\/10\/005044.jpg","datePublished":"2024-10-17T16:24:30+00:00","dateModified":"2025-06-17T20:42:16+00:00","description":"Turbina Bien Air Black Pearl ECO conexi\u00f3n directa 4 orificios ( conexi\u00f3n midwest ) . Tecnolog\u00eda Suiza de gr\u00e1n calidad. Comprala online al mejor precio.","breadcrumb":{"@id":"https:\/\/yoestudiosalud.es\/fr\/produit\/bien-air-black-pearl-eco-4h\/#breadcrumb"},"inLanguage":"fr-FR","potentialAction":[{"@type":"ReadAction","target":["https:\/\/yoestudiosalud.es\/fr\/produit\/bien-air-black-pearl-eco-4h\/"]}]},{"@type":"ImageObject","inLanguage":"fr-FR","@id":"https:\/\/yoestudiosalud.es\/fr\/produit\/bien-air-black-pearl-eco-4h\/#primaryimage","url":"https:\/\/yoestudiosalud.es\/wp-content\/uploads\/2024\/10\/005044.jpg","contentUrl":"https:\/\/yoestudiosalud.es\/wp-content\/uploads\/2024\/10\/005044.jpg","width":650,"height":650,"caption":"BIEN AIR BLACK PEARL ECO 4H"},{"@type":"BreadcrumbList","@id":"https:\/\/yoestudiosalud.es\/fr\/produit\/bien-air-black-pearl-eco-4h\/#breadcrumb","itemListElement":[{"@type":"ListItem","position":1,"name":"Portada","item":"https:\/\/yoestudiosalud.es\/fr\/"},{"@type":"ListItem","position":2,"name":"Boutique","item":"https:\/\/yoestudiosalud.es\/fr\/boutique\/"},{"@type":"ListItem","position":3,"name":"BIEN AIR BLACK PEARL ECO 4H"}]},{"@type":"WebSite","@id":"https:\/\/yoestudiosalud.es\/en\/#website","url":"https:\/\/yoestudiosalud.es\/en\/","name":"yoestudiosalud.es","description":"Material para estudiantes del sector salud","publisher":{"@id":"https:\/\/yoestudiosalud.es\/en\/#organization"},"potentialAction":[{"@type":"SearchAction","target":{"@type":"EntryPoint","urlTemplate":"https:\/\/yoestudiosalud.es\/en\/?s={search_term_string}"},"query-input":{"@type":"PropertyValueSpecification","valueRequired":true,"valueName":"search_term_string"}}],"inLanguage":"fr-FR"},{"@type":"Organization","@id":"https:\/\/yoestudiosalud.es\/en\/#organization","name":"yoestudiosalud.es","url":"https:\/\/yoestudiosalud.es\/en\/","logo":{"@type":"ImageObject","inLanguage":"fr-FR","@id":"https:\/\/yoestudiosalud.es\/en\/#\/schema\/logo\/image\/","url":"https:\/\/yoestudiosalud.es\/wp-content\/uploads\/2020\/04\/logonew-e1698080827687.png","contentUrl":"https:\/\/yoestudiosalud.es\/wp-content\/uploads\/2020\/04\/logonew-e1698080827687.png","width":421,"height":393,"caption":"yoestudiosalud.es"},"image":{"@id":"https:\/\/yoestudiosalud.es\/en\/#\/schema\/logo\/image\/"}}]}},"_links":{"self":[{"href":"https:\/\/yoestudiosalud.es\/fr\/wp-json\/wp\/v2\/product\/32035","targetHints":{"allow":["GET"]}}],"collection":[{"href":"https:\/\/yoestudiosalud.es\/fr\/wp-json\/wp\/v2\/product"}],"about":[{"href":"https:\/\/yoestudiosalud.es\/fr\/wp-json\/wp\/v2\/types\/product"}],"wp:featuredmedia":[{"embeddable":true,"href":"https:\/\/yoestudiosalud.es\/fr\/wp-json\/wp\/v2\/media\/29773"}],"wp:attachment":[{"href":"https:\/\/yoestudiosalud.es\/fr\/wp-json\/wp\/v2\/media?parent=32035"}],"wp:term":[{"taxonomy":"product_brand","embeddable":true,"href":"https:\/\/yoestudiosalud.es\/fr\/wp-json\/wp\/v2\/product_brand?post=32035"},{"taxonomy":"product_cat","embeddable":true,"href":"https:\/\/yoestudiosalud.es\/fr\/wp-json\/wp\/v2\/product_cat?post=32035"},{"taxonomy":"product_tag","embeddable":true,"href":"https:\/\/yoestudiosalud.es\/fr\/wp-json\/wp\/v2\/product_tag?post=32035"}],"curies":[{"name":"wp","href":"https:\/\/api.w.org\/{rel}","templated":true}]}}