{"id":32033,"date":"2025-01-23T14:53:22","date_gmt":"2025-01-23T14:53:22","guid":{"rendered":"https:\/\/yoestudiosalud.es\/producto\/kit-rotatorio-polaris-by-soco\/"},"modified":"2025-06-17T22:45:52","modified_gmt":"2025-06-17T20:45:52","slug":"kit-rotatorio-polaris-by-soco","status":"publish","type":"product","link":"https:\/\/yoestudiosalud.es\/fr\/produit\/kit-rotatorio-polaris-by-soco\/","title":{"rendered":"KIT ROTATIF POLARIS par SOCO"},"content":{"rendered":"<p>Le Kit Rotatoire Polaris par SOCO est le nouvel ensemble d\u2019instruments destin\u00e9 aux \u00e9tudiants universitaires en odontologie.<br \/>\nCompos\u00e9 de quatre pi\u00e8ces principales, le kit comprend :<br \/>\n&#8211; Turbine SOCO SCHF22 Midwest, avec refroidissement interne et lumi\u00e8re LED g\u00e9n\u00e9r\u00e9e par la turbine elle-m\u00eame.<br \/>\n&#8211; Contre-angle SOCO SCHD17-C 1:1, refroidissement interne.<br \/>\n&#8211; Pi\u00e8ce \u00e0 main droite SOCO SCHD17-S, refroidissement interne.<br \/>\n&#8211; Micromoteur SOCO SCHD17-M Midwest, refroidissement interne.<\/p>\n<p>Le kit comprend tous les instruments n\u00e9cessaires pour vos \u00e9tudes, en plus d\u2019une garantie couvrant toute votre formation, des r\u00e9visions et maintenances annuelles, des instructions d\u2019entretien et un support personnalis\u00e9.<\/p>\n<p>\u00c0 la fin de votre cursus en odontologie, une derni\u00e8re r\u00e9vision et maintenance vous seront offertes afin de commencer votre vie professionnelle avec un \u00e9quipement de premi\u00e8re qualit\u00e9.<\/p>\n<p>La garantie ne couvre pas une mauvaise utilisation du produit ni les dommages li\u00e9s (chocs, bosses, pi\u00e8ces coinc\u00e9es, mauvais entretien quotidien). De plus, le contr\u00f4le annuel de maintenance est obligatoire pour l\u2019extension de la garantie, avec un d\u00e9lai de 90 jours pour pr\u00e9senter l\u2019\u00e9quipement \u00e0 la r\u00e9vision annuelle.<\/p>\n","protected":false},"excerpt":{"rendered":"<p>Le Kit Rotatoire Polaris par SOCO est le nouvel ensemble  [&#8230;]<\/p>\n","protected":false},"featured_media":29894,"template":"","meta":[],"product_brand":[],"product_cat":[713],"product_tag":[764,871,930,689,763],"class_list":{"0":"post-32033","1":"product","2":"type-product","3":"status-publish","4":"has-post-thumbnail","6":"product_cat-rotatif-fr","7":"product_tag-uevr","8":"product_tag-unizar-fr","9":"product_tag-ceuelche3","10":"product_tag-ucv3","11":"product_tag-uev3","12":"pa_formacion-odontologia-fr","14":"first","15":"instock","16":"taxable","17":"shipping-taxable","18":"purchasable","19":"product-type-simple"},"yoast_head":"<!-- This site is optimized with the Yoast SEO Premium plugin v27.0 (Yoast SEO v27.2) - https:\/\/yoast.com\/product\/yoast-seo-premium-wordpress\/ -->\n<title>KIT ROTATIF POLARIS par SOCO - yoestudiosalud.es<\/title>\n<meta name=\"description\" content=\"El Kit Rotatorio Polaris by SOCO es el nuevo conjunto de piezas para lo estudiantes universitarios de Odontolog\u00eda.Compuesto por cuatro piezas principales\" \/>\n<meta name=\"robots\" content=\"index, follow, max-snippet:-1, max-image-preview:large, max-video-preview:-1\" \/>\n<link rel=\"canonical\" href=\"https:\/\/yoestudiosalud.es\/produit\/kit-rotatorio-polaris-by-soco\/\" \/>\n<meta property=\"og:locale\" content=\"fr_FR\" \/>\n<meta property=\"og:type\" content=\"article\" \/>\n<meta property=\"og:title\" content=\"KIT ROTATIF POLARIS par SOCO\" \/>\n<meta property=\"og:description\" content=\"El Kit Rotatorio Polaris by SOCO es el nuevo conjunto de piezas para lo estudiantes universitarios de Odontolog\u00eda.Compuesto por cuatro piezas principales\" \/>\n<meta property=\"og:url\" content=\"https:\/\/yoestudiosalud.es\/produit\/kit-rotatorio-polaris-by-soco\/\" \/>\n<meta property=\"og:site_name\" content=\"yoestudiosalud.es\" \/>\n<meta property=\"article:modified_time\" content=\"2025-06-17T20:45:52+00:00\" \/>\n<meta property=\"og:image\" content=\"https:\/\/yoestudiosalud.es\/wp-content\/uploads\/2025\/01\/060054.jpg\" \/>\n\t<meta property=\"og:image:width\" content=\"1080\" \/>\n\t<meta property=\"og:image:height\" content=\"1080\" \/>\n\t<meta property=\"og:image:type\" content=\"image\/jpeg\" \/>\n<meta name=\"twitter:card\" content=\"summary_large_image\" \/>\n<meta name=\"twitter:label1\" content=\"Dur\u00e9e de lecture estim\u00e9e\" \/>\n\t<meta name=\"twitter:data1\" content=\"1 minute\" \/>\n<script type=\"application\/ld+json\" class=\"yoast-schema-graph\">{\"@context\":\"https:\/\/schema.org\",\"@graph\":[{\"@type\":\"WebPage\",\"@id\":\"https:\/\/yoestudiosalud.es\/produit\/kit-rotatorio-polaris-by-soco\/\",\"url\":\"https:\/\/yoestudiosalud.es\/produit\/kit-rotatorio-polaris-by-soco\/\",\"name\":\"KIT ROTATIF POLARIS par SOCO - yoestudiosalud.es\",\"isPartOf\":{\"@id\":\"https:\/\/yoestudiosalud.es\/en\/#website\"},\"primaryImageOfPage\":{\"@id\":\"https:\/\/yoestudiosalud.es\/produit\/kit-rotatorio-polaris-by-soco\/#primaryimage\"},\"image\":{\"@id\":\"https:\/\/yoestudiosalud.es\/produit\/kit-rotatorio-polaris-by-soco\/#primaryimage\"},\"thumbnailUrl\":\"https:\/\/yoestudiosalud.es\/wp-content\/uploads\/2025\/01\/060054.jpg\",\"datePublished\":\"2025-01-23T14:53:22+00:00\",\"dateModified\":\"2025-06-17T20:45:52+00:00\",\"description\":\"El Kit Rotatorio Polaris by SOCO es el nuevo conjunto de piezas para lo estudiantes universitarios de Odontolog\u00eda.Compuesto por cuatro piezas principales\",\"breadcrumb\":{\"@id\":\"https:\/\/yoestudiosalud.es\/produit\/kit-rotatorio-polaris-by-soco\/#breadcrumb\"},\"inLanguage\":\"fr-FR\",\"potentialAction\":[{\"@type\":\"ReadAction\",\"target\":[\"https:\/\/yoestudiosalud.es\/produit\/kit-rotatorio-polaris-by-soco\/\"]}]},{\"@type\":\"ImageObject\",\"inLanguage\":\"fr-FR\",\"@id\":\"https:\/\/yoestudiosalud.es\/produit\/kit-rotatorio-polaris-by-soco\/#primaryimage\",\"url\":\"https:\/\/yoestudiosalud.es\/wp-content\/uploads\/2025\/01\/060054.jpg\",\"contentUrl\":\"https:\/\/yoestudiosalud.es\/wp-content\/uploads\/2025\/01\/060054.jpg\",\"width\":1080,\"height\":1080,\"caption\":\"KIT ROTATIF SANS LUMI\u00c8RE CYGNUS by SOCO\"},{\"@type\":\"BreadcrumbList\",\"@id\":\"https:\/\/yoestudiosalud.es\/produit\/kit-rotatorio-polaris-by-soco\/#breadcrumb\",\"itemListElement\":[{\"@type\":\"ListItem\",\"position\":1,\"name\":\"Portada\",\"item\":\"https:\/\/yoestudiosalud.es\/fr\/\"},{\"@type\":\"ListItem\",\"position\":2,\"name\":\"Boutique\",\"item\":\"https:\/\/yoestudiosalud.es\/fr\/boutique\/\"},{\"@type\":\"ListItem\",\"position\":3,\"name\":\"KIT ROTATIF POLARIS par SOCO\"}]},{\"@type\":\"WebSite\",\"@id\":\"https:\/\/yoestudiosalud.es\/en\/#website\",\"url\":\"https:\/\/yoestudiosalud.es\/en\/\",\"name\":\"yoestudiosalud.es\",\"description\":\"Material para estudiantes del sector salud\",\"publisher\":{\"@id\":\"https:\/\/yoestudiosalud.es\/en\/#organization\"},\"potentialAction\":[{\"@type\":\"SearchAction\",\"target\":{\"@type\":\"EntryPoint\",\"urlTemplate\":\"https:\/\/yoestudiosalud.es\/en\/?s={search_term_string}\"},\"query-input\":{\"@type\":\"PropertyValueSpecification\",\"valueRequired\":true,\"valueName\":\"search_term_string\"}}],\"inLanguage\":\"fr-FR\"},{\"@type\":\"Organization\",\"@id\":\"https:\/\/yoestudiosalud.es\/en\/#organization\",\"name\":\"yoestudiosalud.es\",\"url\":\"https:\/\/yoestudiosalud.es\/en\/\",\"logo\":{\"@type\":\"ImageObject\",\"inLanguage\":\"fr-FR\",\"@id\":\"https:\/\/yoestudiosalud.es\/en\/#\/schema\/logo\/image\/\",\"url\":\"https:\/\/yoestudiosalud.es\/wp-content\/uploads\/2020\/04\/logonew-e1698080827687.png\",\"contentUrl\":\"https:\/\/yoestudiosalud.es\/wp-content\/uploads\/2020\/04\/logonew-e1698080827687.png\",\"width\":421,\"height\":393,\"caption\":\"yoestudiosalud.es\"},\"image\":{\"@id\":\"https:\/\/yoestudiosalud.es\/en\/#\/schema\/logo\/image\/\"}}]}<\/script>\n<!-- \/ Yoast SEO Premium plugin. -->","yoast_head_json":{"title":"KIT ROTATIF POLARIS par SOCO - yoestudiosalud.es","description":"El Kit Rotatorio Polaris by SOCO es el nuevo conjunto de piezas para lo estudiantes universitarios de Odontolog\u00eda.Compuesto por cuatro piezas principales","robots":{"index":"index","follow":"follow","max-snippet":"max-snippet:-1","max-image-preview":"max-image-preview:large","max-video-preview":"max-video-preview:-1"},"canonical":"https:\/\/yoestudiosalud.es\/produit\/kit-rotatorio-polaris-by-soco\/","og_locale":"fr_FR","og_type":"article","og_title":"KIT ROTATIF POLARIS par SOCO","og_description":"El Kit Rotatorio Polaris by SOCO es el nuevo conjunto de piezas para lo estudiantes universitarios de Odontolog\u00eda.Compuesto por cuatro piezas principales","og_url":"https:\/\/yoestudiosalud.es\/produit\/kit-rotatorio-polaris-by-soco\/","og_site_name":"yoestudiosalud.es","article_modified_time":"2025-06-17T20:45:52+00:00","og_image":[{"width":1080,"height":1080,"url":"https:\/\/yoestudiosalud.es\/wp-content\/uploads\/2025\/01\/060054.jpg","type":"image\/jpeg"}],"twitter_card":"summary_large_image","twitter_misc":{"Dur\u00e9e de lecture estim\u00e9e":"1 minute"},"schema":{"@context":"https:\/\/schema.org","@graph":[{"@type":"WebPage","@id":"https:\/\/yoestudiosalud.es\/produit\/kit-rotatorio-polaris-by-soco\/","url":"https:\/\/yoestudiosalud.es\/produit\/kit-rotatorio-polaris-by-soco\/","name":"KIT ROTATIF POLARIS par SOCO - yoestudiosalud.es","isPartOf":{"@id":"https:\/\/yoestudiosalud.es\/en\/#website"},"primaryImageOfPage":{"@id":"https:\/\/yoestudiosalud.es\/produit\/kit-rotatorio-polaris-by-soco\/#primaryimage"},"image":{"@id":"https:\/\/yoestudiosalud.es\/produit\/kit-rotatorio-polaris-by-soco\/#primaryimage"},"thumbnailUrl":"https:\/\/yoestudiosalud.es\/wp-content\/uploads\/2025\/01\/060054.jpg","datePublished":"2025-01-23T14:53:22+00:00","dateModified":"2025-06-17T20:45:52+00:00","description":"El Kit Rotatorio Polaris by SOCO es el nuevo conjunto de piezas para lo estudiantes universitarios de Odontolog\u00eda.Compuesto por cuatro piezas principales","breadcrumb":{"@id":"https:\/\/yoestudiosalud.es\/produit\/kit-rotatorio-polaris-by-soco\/#breadcrumb"},"inLanguage":"fr-FR","potentialAction":[{"@type":"ReadAction","target":["https:\/\/yoestudiosalud.es\/produit\/kit-rotatorio-polaris-by-soco\/"]}]},{"@type":"ImageObject","inLanguage":"fr-FR","@id":"https:\/\/yoestudiosalud.es\/produit\/kit-rotatorio-polaris-by-soco\/#primaryimage","url":"https:\/\/yoestudiosalud.es\/wp-content\/uploads\/2025\/01\/060054.jpg","contentUrl":"https:\/\/yoestudiosalud.es\/wp-content\/uploads\/2025\/01\/060054.jpg","width":1080,"height":1080,"caption":"KIT ROTATIF SANS LUMI\u00c8RE CYGNUS by SOCO"},{"@type":"BreadcrumbList","@id":"https:\/\/yoestudiosalud.es\/produit\/kit-rotatorio-polaris-by-soco\/#breadcrumb","itemListElement":[{"@type":"ListItem","position":1,"name":"Portada","item":"https:\/\/yoestudiosalud.es\/fr\/"},{"@type":"ListItem","position":2,"name":"Boutique","item":"https:\/\/yoestudiosalud.es\/fr\/boutique\/"},{"@type":"ListItem","position":3,"name":"KIT ROTATIF POLARIS par SOCO"}]},{"@type":"WebSite","@id":"https:\/\/yoestudiosalud.es\/en\/#website","url":"https:\/\/yoestudiosalud.es\/en\/","name":"yoestudiosalud.es","description":"Material para estudiantes del sector salud","publisher":{"@id":"https:\/\/yoestudiosalud.es\/en\/#organization"},"potentialAction":[{"@type":"SearchAction","target":{"@type":"EntryPoint","urlTemplate":"https:\/\/yoestudiosalud.es\/en\/?s={search_term_string}"},"query-input":{"@type":"PropertyValueSpecification","valueRequired":true,"valueName":"search_term_string"}}],"inLanguage":"fr-FR"},{"@type":"Organization","@id":"https:\/\/yoestudiosalud.es\/en\/#organization","name":"yoestudiosalud.es","url":"https:\/\/yoestudiosalud.es\/en\/","logo":{"@type":"ImageObject","inLanguage":"fr-FR","@id":"https:\/\/yoestudiosalud.es\/en\/#\/schema\/logo\/image\/","url":"https:\/\/yoestudiosalud.es\/wp-content\/uploads\/2020\/04\/logonew-e1698080827687.png","contentUrl":"https:\/\/yoestudiosalud.es\/wp-content\/uploads\/2020\/04\/logonew-e1698080827687.png","width":421,"height":393,"caption":"yoestudiosalud.es"},"image":{"@id":"https:\/\/yoestudiosalud.es\/en\/#\/schema\/logo\/image\/"}}]}},"_links":{"self":[{"href":"https:\/\/yoestudiosalud.es\/fr\/wp-json\/wp\/v2\/product\/32033","targetHints":{"allow":["GET"]}}],"collection":[{"href":"https:\/\/yoestudiosalud.es\/fr\/wp-json\/wp\/v2\/product"}],"about":[{"href":"https:\/\/yoestudiosalud.es\/fr\/wp-json\/wp\/v2\/types\/product"}],"wp:featuredmedia":[{"embeddable":true,"href":"https:\/\/yoestudiosalud.es\/fr\/wp-json\/wp\/v2\/media\/29894"}],"wp:attachment":[{"href":"https:\/\/yoestudiosalud.es\/fr\/wp-json\/wp\/v2\/media?parent=32033"}],"wp:term":[{"taxonomy":"product_brand","embeddable":true,"href":"https:\/\/yoestudiosalud.es\/fr\/wp-json\/wp\/v2\/product_brand?post=32033"},{"taxonomy":"product_cat","embeddable":true,"href":"https:\/\/yoestudiosalud.es\/fr\/wp-json\/wp\/v2\/product_cat?post=32033"},{"taxonomy":"product_tag","embeddable":true,"href":"https:\/\/yoestudiosalud.es\/fr\/wp-json\/wp\/v2\/product_tag?post=32033"}],"curies":[{"name":"wp","href":"https:\/\/api.w.org\/{rel}","templated":true}]}}