{"id":32031,"date":"2025-02-13T11:43:31","date_gmt":"2025-02-13T11:43:31","guid":{"rendered":"https:\/\/yoestudiosalud.es\/producto\/vannini-alginato-cromatic\/"},"modified":"2025-07-03T10:22:35","modified_gmt":"2025-07-03T08:22:35","slug":"vannini-alginato-cromatic","status":"publish","type":"product","link":"https:\/\/yoestudiosalud.es\/fr\/produit\/vannini-alginato-cromatic\/","title":{"rendered":"VANNINI ALGINATE CROMATIC"},"content":{"rendered":"<p>L&#8217;alginate cromatic Vannini est un mat\u00e9riau largement utilis\u00e9 en dentisterie pour la prise d&#8217;empreintes dentaires en raison de sa facilit\u00e9 d&#8217;utilisation, de sa pr\u00e9cision et de ses caract\u00e9ristiques favorables \u00e0 la reproduction des d\u00e9tails anatomiques. Il s&#8217;agit d&#8217;un hydrocollo\u00efde irr\u00e9versible compos\u00e9 principalement de sels d&#8217;alginate de sodium ou de potassium qui, m\u00e9lang\u00e9 \u00e0 l&#8217;eau, forme un gel capable de reproduire fid\u00e8lement les structures dentaires et les tissus mous.<\/p>\n<p>Vannini Alginate Cromatic change de couleur \u00e0 diff\u00e9rents stades du processus de prise. Ce changement de couleur aide le praticien \u00e0 identifier le bon moment pour chaque \u00e9tape : m\u00e9lange, temps de travail et prise. Cela permet une manipulation plus pr\u00e9cise et r\u00e9duit les erreurs lors de la prise d&#8217;empreinte.<\/p>\n<p>L&#8217;alginate chromatique est largement utilis\u00e9 dans diverses sp\u00e9cialit\u00e9s dentaires. Il permet d&#8217;obtenir des mod\u00e8les d&#8217;\u00e9tude et de planifier des traitements avec des proth\u00e8ses amovibles ou fixes. En orthodontie, il permet la reproduction exacte de la structure dentaire pour la fabrication de mod\u00e8les de diagnostic et d&#8217;appareils orthodontiques.<\/p>\n<p>La formulation sp\u00e9ciale du produit \u00e9limine la poussi\u00e8re pendant l&#8217;utilisation et permet l&#8217;utilisation correcte du mat\u00e9riau sans prendre de temps de m\u00e9lange et de travail, gr\u00e2ce \u00e0 la pr\u00e9sence d&#8217;ingr\u00e9dients qui r\u00e9agissent avec une variation de couleur dans le processus de m\u00e9lange avec l&#8217;eau.<\/p>\n<p>Caract\u00e9ristiques :<\/p>\n<p>Emball\u00e9 dans un sac de 453 grammes.<br \/>\nSans poussi\u00e8re et sans gluten<br \/>\nCouleur blanche. Go\u00fbt de vanille.<br \/>\nTemps de m\u00e9lange 45&#8221;.<br \/>\nFaible co\u00fbt<\/p>\n<p>En conclusion, l&#8217;alginate chromatique Vannini est un mat\u00e9riau indispensable en dentisterie pour sa facilit\u00e9 d&#8217;utilisation, sa pr\u00e9cision et son utilit\u00e9 dans de multiples proc\u00e9dures, rendant la prise d&#8217;empreinte plus efficace et plus fiable.<\/p>\n","protected":false},"excerpt":{"rendered":"<p>L&#8217;alginate cromatique Vannini est utilis\u00e9 pour les empreintes dentaires avec indicateur de phase chromatique.<\/p>\n<p>La formulation sp\u00e9ciale du produit \u00e9limine la poussi\u00e8re pendant l&#8217;utilisation et permet l&#8217;utilisation correcte du mat\u00e9riau sans prendre de temps de m\u00e9lange et de travail, gr\u00e2ce \u00e0 la pr\u00e9sence d&#8217;ingr\u00e9dients qui r\u00e9agissent avec une variation de couleur dans le processus de m\u00e9lange avec l&#8217;eau.<\/p>\n<p>Couleur blanche. Ar\u00f4me de vanille. Temps de m\u00e9lange 45&#8221;.<\/p>\n","protected":false},"featured_media":30154,"template":"","meta":[],"product_brand":[],"product_cat":[669,711,712],"product_tag":[],"class_list":{"0":"post-32031","1":"product","2":"type-product","3":"status-publish","4":"has-post-thumbnail","6":"product_cat-general-fr","7":"product_cat-orthodontie-fr","8":"product_cat-periodontie-fr","9":"pa_formacion-odontologia-fr","11":"first","12":"instock","13":"sale","14":"taxable","15":"shipping-taxable","16":"purchasable","17":"product-type-simple"},"yoast_head":"<!-- This site is optimized with the Yoast SEO Premium plugin v27.0 (Yoast SEO v27.2) - https:\/\/yoast.com\/product\/yoast-seo-premium-wordpress\/ -->\n<title>VANNINI ALGINATE CROMATIC - yoestudiosalud.es<\/title>\n<meta name=\"description\" content=\"VANNINI ALGINATE CROMATIC L&#039;alginate cromatique Vannini est utilis\u00e9 pour les empreintes dentaires avec indicateur de phase chromatique.\" \/>\n<meta name=\"robots\" content=\"index, follow, max-snippet:-1, max-image-preview:large, max-video-preview:-1\" \/>\n<link rel=\"canonical\" href=\"https:\/\/yoestudiosalud.es\/fr\/produit\/vannini-alginato-cromatic\/\" \/>\n<meta property=\"og:locale\" content=\"fr_FR\" \/>\n<meta property=\"og:type\" content=\"article\" \/>\n<meta property=\"og:title\" content=\"VANNINI ALGINATE CROMATIC\" \/>\n<meta property=\"og:description\" content=\"VANNINI ALGINATE CROMATIC L&#039;alginate cromatique Vannini est utilis\u00e9 pour les empreintes dentaires avec indicateur de phase chromatique.\" \/>\n<meta property=\"og:url\" content=\"https:\/\/yoestudiosalud.es\/fr\/produit\/vannini-alginato-cromatic\/\" \/>\n<meta property=\"og:site_name\" content=\"yoestudiosalud.es\" \/>\n<meta property=\"article:modified_time\" content=\"2025-07-03T08:22:35+00:00\" \/>\n<meta property=\"og:image\" content=\"https:\/\/yoestudiosalud.es\/wp-content\/uploads\/2025\/02\/20250213_143929-scaled.jpg\" \/>\n\t<meta property=\"og:image:width\" content=\"2560\" \/>\n\t<meta property=\"og:image:height\" content=\"2560\" \/>\n\t<meta property=\"og:image:type\" content=\"image\/jpeg\" \/>\n<meta name=\"twitter:card\" content=\"summary_large_image\" \/>\n<meta name=\"twitter:label1\" content=\"Dur\u00e9e de lecture estim\u00e9e\" \/>\n\t<meta name=\"twitter:data1\" content=\"1 minute\" \/>\n<script type=\"application\/ld+json\" class=\"yoast-schema-graph\">{\"@context\":\"https:\/\/schema.org\",\"@graph\":[{\"@type\":\"WebPage\",\"@id\":\"https:\/\/yoestudiosalud.es\/fr\/produit\/vannini-alginato-cromatic\/\",\"url\":\"https:\/\/yoestudiosalud.es\/fr\/produit\/vannini-alginato-cromatic\/\",\"name\":\"VANNINI ALGINATE CROMATIC - yoestudiosalud.es\",\"isPartOf\":{\"@id\":\"https:\/\/yoestudiosalud.es\/en\/#website\"},\"primaryImageOfPage\":{\"@id\":\"https:\/\/yoestudiosalud.es\/fr\/produit\/vannini-alginato-cromatic\/#primaryimage\"},\"image\":{\"@id\":\"https:\/\/yoestudiosalud.es\/fr\/produit\/vannini-alginato-cromatic\/#primaryimage\"},\"thumbnailUrl\":\"https:\/\/yoestudiosalud.es\/wp-content\/uploads\/2025\/02\/20250213_143929-scaled.jpg\",\"datePublished\":\"2025-02-13T11:43:31+00:00\",\"dateModified\":\"2025-07-03T08:22:35+00:00\",\"description\":\"VANNINI ALGINATE CROMATIC L'alginate cromatique Vannini est utilis\u00e9 pour les empreintes dentaires avec indicateur de phase chromatique.\",\"breadcrumb\":{\"@id\":\"https:\/\/yoestudiosalud.es\/fr\/produit\/vannini-alginato-cromatic\/#breadcrumb\"},\"inLanguage\":\"fr-FR\",\"potentialAction\":[{\"@type\":\"ReadAction\",\"target\":[\"https:\/\/yoestudiosalud.es\/fr\/produit\/vannini-alginato-cromatic\/\"]}]},{\"@type\":\"ImageObject\",\"inLanguage\":\"fr-FR\",\"@id\":\"https:\/\/yoestudiosalud.es\/fr\/produit\/vannini-alginato-cromatic\/#primaryimage\",\"url\":\"https:\/\/yoestudiosalud.es\/wp-content\/uploads\/2025\/02\/20250213_143929-scaled.jpg\",\"contentUrl\":\"https:\/\/yoestudiosalud.es\/wp-content\/uploads\/2025\/02\/20250213_143929-scaled.jpg\",\"width\":2560,\"height\":2560},{\"@type\":\"BreadcrumbList\",\"@id\":\"https:\/\/yoestudiosalud.es\/fr\/produit\/vannini-alginato-cromatic\/#breadcrumb\",\"itemListElement\":[{\"@type\":\"ListItem\",\"position\":1,\"name\":\"Portada\",\"item\":\"https:\/\/yoestudiosalud.es\/fr\/\"},{\"@type\":\"ListItem\",\"position\":2,\"name\":\"Boutique\",\"item\":\"https:\/\/yoestudiosalud.es\/fr\/boutique\/\"},{\"@type\":\"ListItem\",\"position\":3,\"name\":\"VANNINI ALGINATE CROMATIC\"}]},{\"@type\":\"WebSite\",\"@id\":\"https:\/\/yoestudiosalud.es\/en\/#website\",\"url\":\"https:\/\/yoestudiosalud.es\/en\/\",\"name\":\"yoestudiosalud.es\",\"description\":\"Material para estudiantes del sector salud\",\"publisher\":{\"@id\":\"https:\/\/yoestudiosalud.es\/en\/#organization\"},\"potentialAction\":[{\"@type\":\"SearchAction\",\"target\":{\"@type\":\"EntryPoint\",\"urlTemplate\":\"https:\/\/yoestudiosalud.es\/en\/?s={search_term_string}\"},\"query-input\":{\"@type\":\"PropertyValueSpecification\",\"valueRequired\":true,\"valueName\":\"search_term_string\"}}],\"inLanguage\":\"fr-FR\"},{\"@type\":\"Organization\",\"@id\":\"https:\/\/yoestudiosalud.es\/en\/#organization\",\"name\":\"yoestudiosalud.es\",\"url\":\"https:\/\/yoestudiosalud.es\/en\/\",\"logo\":{\"@type\":\"ImageObject\",\"inLanguage\":\"fr-FR\",\"@id\":\"https:\/\/yoestudiosalud.es\/en\/#\/schema\/logo\/image\/\",\"url\":\"https:\/\/yoestudiosalud.es\/wp-content\/uploads\/2020\/04\/logonew-e1698080827687.png\",\"contentUrl\":\"https:\/\/yoestudiosalud.es\/wp-content\/uploads\/2020\/04\/logonew-e1698080827687.png\",\"width\":421,\"height\":393,\"caption\":\"yoestudiosalud.es\"},\"image\":{\"@id\":\"https:\/\/yoestudiosalud.es\/en\/#\/schema\/logo\/image\/\"}}]}<\/script>\n<!-- \/ Yoast SEO Premium plugin. -->","yoast_head_json":{"title":"VANNINI ALGINATE CROMATIC - yoestudiosalud.es","description":"VANNINI ALGINATE CROMATIC L'alginate cromatique Vannini est utilis\u00e9 pour les empreintes dentaires avec indicateur de phase chromatique.","robots":{"index":"index","follow":"follow","max-snippet":"max-snippet:-1","max-image-preview":"max-image-preview:large","max-video-preview":"max-video-preview:-1"},"canonical":"https:\/\/yoestudiosalud.es\/fr\/produit\/vannini-alginato-cromatic\/","og_locale":"fr_FR","og_type":"article","og_title":"VANNINI ALGINATE CROMATIC","og_description":"VANNINI ALGINATE CROMATIC L'alginate cromatique Vannini est utilis\u00e9 pour les empreintes dentaires avec indicateur de phase chromatique.","og_url":"https:\/\/yoestudiosalud.es\/fr\/produit\/vannini-alginato-cromatic\/","og_site_name":"yoestudiosalud.es","article_modified_time":"2025-07-03T08:22:35+00:00","og_image":[{"width":2560,"height":2560,"url":"https:\/\/yoestudiosalud.es\/wp-content\/uploads\/2025\/02\/20250213_143929-scaled.jpg","type":"image\/jpeg"}],"twitter_card":"summary_large_image","twitter_misc":{"Dur\u00e9e de lecture estim\u00e9e":"1 minute"},"schema":{"@context":"https:\/\/schema.org","@graph":[{"@type":"WebPage","@id":"https:\/\/yoestudiosalud.es\/fr\/produit\/vannini-alginato-cromatic\/","url":"https:\/\/yoestudiosalud.es\/fr\/produit\/vannini-alginato-cromatic\/","name":"VANNINI ALGINATE CROMATIC - yoestudiosalud.es","isPartOf":{"@id":"https:\/\/yoestudiosalud.es\/en\/#website"},"primaryImageOfPage":{"@id":"https:\/\/yoestudiosalud.es\/fr\/produit\/vannini-alginato-cromatic\/#primaryimage"},"image":{"@id":"https:\/\/yoestudiosalud.es\/fr\/produit\/vannini-alginato-cromatic\/#primaryimage"},"thumbnailUrl":"https:\/\/yoestudiosalud.es\/wp-content\/uploads\/2025\/02\/20250213_143929-scaled.jpg","datePublished":"2025-02-13T11:43:31+00:00","dateModified":"2025-07-03T08:22:35+00:00","description":"VANNINI ALGINATE CROMATIC L'alginate cromatique Vannini est utilis\u00e9 pour les empreintes dentaires avec indicateur de phase chromatique.","breadcrumb":{"@id":"https:\/\/yoestudiosalud.es\/fr\/produit\/vannini-alginato-cromatic\/#breadcrumb"},"inLanguage":"fr-FR","potentialAction":[{"@type":"ReadAction","target":["https:\/\/yoestudiosalud.es\/fr\/produit\/vannini-alginato-cromatic\/"]}]},{"@type":"ImageObject","inLanguage":"fr-FR","@id":"https:\/\/yoestudiosalud.es\/fr\/produit\/vannini-alginato-cromatic\/#primaryimage","url":"https:\/\/yoestudiosalud.es\/wp-content\/uploads\/2025\/02\/20250213_143929-scaled.jpg","contentUrl":"https:\/\/yoestudiosalud.es\/wp-content\/uploads\/2025\/02\/20250213_143929-scaled.jpg","width":2560,"height":2560},{"@type":"BreadcrumbList","@id":"https:\/\/yoestudiosalud.es\/fr\/produit\/vannini-alginato-cromatic\/#breadcrumb","itemListElement":[{"@type":"ListItem","position":1,"name":"Portada","item":"https:\/\/yoestudiosalud.es\/fr\/"},{"@type":"ListItem","position":2,"name":"Boutique","item":"https:\/\/yoestudiosalud.es\/fr\/boutique\/"},{"@type":"ListItem","position":3,"name":"VANNINI ALGINATE CROMATIC"}]},{"@type":"WebSite","@id":"https:\/\/yoestudiosalud.es\/en\/#website","url":"https:\/\/yoestudiosalud.es\/en\/","name":"yoestudiosalud.es","description":"Material para estudiantes del sector salud","publisher":{"@id":"https:\/\/yoestudiosalud.es\/en\/#organization"},"potentialAction":[{"@type":"SearchAction","target":{"@type":"EntryPoint","urlTemplate":"https:\/\/yoestudiosalud.es\/en\/?s={search_term_string}"},"query-input":{"@type":"PropertyValueSpecification","valueRequired":true,"valueName":"search_term_string"}}],"inLanguage":"fr-FR"},{"@type":"Organization","@id":"https:\/\/yoestudiosalud.es\/en\/#organization","name":"yoestudiosalud.es","url":"https:\/\/yoestudiosalud.es\/en\/","logo":{"@type":"ImageObject","inLanguage":"fr-FR","@id":"https:\/\/yoestudiosalud.es\/en\/#\/schema\/logo\/image\/","url":"https:\/\/yoestudiosalud.es\/wp-content\/uploads\/2020\/04\/logonew-e1698080827687.png","contentUrl":"https:\/\/yoestudiosalud.es\/wp-content\/uploads\/2020\/04\/logonew-e1698080827687.png","width":421,"height":393,"caption":"yoestudiosalud.es"},"image":{"@id":"https:\/\/yoestudiosalud.es\/en\/#\/schema\/logo\/image\/"}}]}},"_links":{"self":[{"href":"https:\/\/yoestudiosalud.es\/fr\/wp-json\/wp\/v2\/product\/32031","targetHints":{"allow":["GET"]}}],"collection":[{"href":"https:\/\/yoestudiosalud.es\/fr\/wp-json\/wp\/v2\/product"}],"about":[{"href":"https:\/\/yoestudiosalud.es\/fr\/wp-json\/wp\/v2\/types\/product"}],"wp:featuredmedia":[{"embeddable":true,"href":"https:\/\/yoestudiosalud.es\/fr\/wp-json\/wp\/v2\/media\/30154"}],"wp:attachment":[{"href":"https:\/\/yoestudiosalud.es\/fr\/wp-json\/wp\/v2\/media?parent=32031"}],"wp:term":[{"taxonomy":"product_brand","embeddable":true,"href":"https:\/\/yoestudiosalud.es\/fr\/wp-json\/wp\/v2\/product_brand?post=32031"},{"taxonomy":"product_cat","embeddable":true,"href":"https:\/\/yoestudiosalud.es\/fr\/wp-json\/wp\/v2\/product_cat?post=32031"},{"taxonomy":"product_tag","embeddable":true,"href":"https:\/\/yoestudiosalud.es\/fr\/wp-json\/wp\/v2\/product_tag?post=32031"}],"curies":[{"name":"wp","href":"https:\/\/api.w.org\/{rel}","templated":true}]}}