{"id":32030,"date":"2025-02-13T12:50:19","date_gmt":"2025-02-13T12:50:19","guid":{"rendered":"https:\/\/yoestudiosalud.es\/producto\/escayola-dentaria-pink-mode\/"},"modified":"2025-07-03T10:24:27","modified_gmt":"2025-07-03T08:24:27","slug":"escayola-dentaria-pink-mode","status":"publish","type":"product","link":"https:\/\/yoestudiosalud.es\/fr\/produit\/escayola-dentaria-pink-mode\/","title":{"rendered":"PL\u00c2TRE DENTAIRE PINK MODE"},"content":{"rendered":"<div class=\"flex-1 overflow-hidden @container\/thread translate-y-[2rem] -mt-[2rem] pb-[1.5rem]\">\n<div class=\"flex h-full flex-col overflow-y-auto\">\n<div class=\"flex flex-col text-sm md:pb-9\">\n<article class=\"w-full text-token-text-primary focus-visible:outline-2 focus-visible:outline-offset-[-4px]\" dir=\"auto\" data-testid=\"conversation-turn-3\" data-scroll-anchor=\"true\">\n<div class=\"m-auto text-base py-[18px] px-6\">\n<div class=\"mx-auto flex flex-1 gap-4 text-base md:gap-5 lg:gap-6 md:max-w-3xl lg:max-w-[40rem] xl:max-w-[48rem]\">\n<div class=\"group\/conversation-turn relative flex w-full min-w-0 flex-col agent-turn @xs\/thread:px-0 @sm\/thread:px-1.5 @md\/thread:px-4\">\n<div class=\"flex-col gap-1 md:gap-3\">\n<div class=\"flex max-w-full flex-col flex-grow\">\n<div class=\"min-h-8 text-message flex w-full flex-col items-end gap-2 whitespace-normal break-words text-start [.text-message+&amp;]:mt-5\" dir=\"auto\" data-message-author-role=\"assistant\" data-message-id=\"97129f75-2783-40d5-9232-ce38390b177d\" data-message-model-slug=\"gpt-4o\">\n<div class=\"flex w-full flex-col gap-1 empty:hidden first:pt-[3px]\">\n<div class=\"markdown prose w-full break-words dark:prose-invert light\">\n<p>La pierre dentaire de type IV en mode rose est un mat\u00e9riau utilis\u00e9 en dentisterie, notamment pour la fabrication de mod\u00e8les de travail de haute pr\u00e9cision. Il se caract\u00e9rise par sa grande duret\u00e9, sa r\u00e9sistance \u00e0 la compression et sa faible expansion de prise, ce qui le rend id\u00e9al pour la fabrication de proth\u00e8ses fixes, d&#8217;armatures c\u00e9ramo-m\u00e9talliques et d&#8217;autres dispositifs proth\u00e9tiques qui n\u00e9cessitent une grande pr\u00e9cision dans la reproduction des d\u00e9tails.<\/p>\n<p>Ce type de pl\u00e2tre appartient \u00e0 la cat\u00e9gorie des pl\u00e2tres extra-durs et se distingue des autres pl\u00e2tres par une porosit\u00e9 plus faible et une densit\u00e9 plus \u00e9lev\u00e9e. Gr\u00e2ce \u00e0 ces propri\u00e9t\u00e9s, il permet d&#8217;obtenir des mod\u00e8les dentaires d&#8217;une excellente stabilit\u00e9 dimensionnelle, r\u00e9duisant ainsi le risque de distorsions dans les processus de travail. Son temps de prise est mod\u00e9r\u00e9, ce qui permet de le manipuler correctement sans compromettre la pr\u00e9cision du mod\u00e8le final.<\/p>\n<p>Le pl\u00e2tre dentaire Pink mode type IV est principalement utilis\u00e9 dans les laboratoires dentaires et les cliniques dentaires pour la fabrication de ma\u00eetres-mod\u00e8les, de matrices et de structures sur lesquelles sont con\u00e7ues les proth\u00e8ses amovibles et fixes.\u00a0 Il est recommand\u00e9 de respecter les proportions indiqu\u00e9es par le fabricant lors du m\u00e9lange de la poudre avec l&#8217;eau. Une quantit\u00e9 trop importante ou trop faible de liquide peut affecter ses propri\u00e9t\u00e9s m\u00e9caniques et compromettre la qualit\u00e9 du travail.<\/p>\n<p>Caract\u00e9ristiques :<\/p>\n<p>Pl\u00e2tre gingival rose extra dur.<br \/>\nRapport eau\/poudre : 22 ml \/ 100 g.<br \/>\nTemps de m\u00e9lange sous vide : 30&#8243; Temps de m\u00e9lange \u00e0 la main : 1&#8243; Temps de travail : 8&#8243;.<br \/>\nTemps de prise (Vicat) : 10&#8217;30&#8221;.<br \/>\nExpansion de prise (2h) : 0,09 %.<br \/>\nR\u00e9sistance \u00e0 la compression (24h) : 50 MPa. Temps d&#8217;extraction : 45&#8242; Selon la norme ISO 6873.<br \/>\nPr\u00e9sent\u00e9 dans un conteneur en plastique de 1KG \u00e0 l&#8217;usage des \u00e9tudiants en m\u00e9decine dentaire.<\/p>\n<p>En conclusion, le pl\u00e2tre dentaire mode rose type IV est un mat\u00e9riau essentiel dans la dentisterie moderne, apportant pr\u00e9cision, stabilit\u00e9 et r\u00e9sistance dans l&#8217;\u00e9laboration des mod\u00e8les dentaires.<\/p>\n<\/div>\n<\/div>\n<\/div>\n<\/div>\n<\/div>\n<\/div>\n<\/div>\n<\/div>\n<\/article>\n<\/div>\n<\/div>\n<\/div>\n","protected":false},"excerpt":{"rendered":"<p>La pierre dentaire Pink mode type IV est un mat\u00e9riau utilis\u00e9 en dentisterie, notamment pour la r\u00e9alisation de mod\u00e8les de travail de haute pr\u00e9cision.<\/p>\n<p><strong>Caract\u00e9ristiques :<\/strong><\/p>\n<ul>\n<li>Pl\u00e2tre gingival rose extra dur.<\/li>\n<li>Rapport eau\/poudre : 22 ml \/ 100 g.<\/li>\n<li>Temps de m\u00e9lange sous vide : 30&#8243; Temps de<\/li>\n<li>m\u00e9lange \u00e0 la main : 1&#8243; Temps de travail : 8&#8243;.<\/li>\n<li>Temps de prise (Vicat) : 10&#8217;30&#8221;.<\/li>\n<li>Expansion de prise (2h) : 0,09 %.<\/li>\n<li>R\u00e9sistance \u00e0 la compression (24h) : 50 MPa.<\/li>\n<li>Temps d&#8217;extraction : 45&#8242; Selon la norme ISO 6873.<\/li>\n<li>Pr\u00e9sent\u00e9 dans un conteneur en plastique de 1KG \u00e0<\/li>\n<li>l&#8217;usage des \u00e9tudiants en m\u00e9decine dentaire.<\/li>\n<\/ul>\n","protected":false},"featured_media":30158,"template":"","meta":[],"product_brand":[],"product_cat":[669],"product_tag":[],"class_list":{"0":"post-32030","1":"product","2":"type-product","3":"status-publish","4":"has-post-thumbnail","6":"product_cat-general-fr","7":"pa_formacion-odontologia-fr","9":"first","10":"instock","11":"taxable","12":"shipping-taxable","13":"purchasable","14":"product-type-simple"},"yoast_head":"<!-- This site is optimized with the Yoast SEO Premium plugin v27.0 (Yoast SEO v27.2) - https:\/\/yoast.com\/product\/yoast-seo-premium-wordpress\/ -->\n<title>PL\u00c2TRE DENTAIRE PINK MODE - yoestudiosalud.es<\/title>\n<meta name=\"description\" content=\"Le pl\u00e2tre dentaire Pink mode type IV est un pl\u00e2tre gingival rose extra dur tr\u00e8s utile en dentisterie pour la r\u00e9alisation de mod\u00e8les.\" \/>\n<meta name=\"robots\" content=\"index, follow, max-snippet:-1, max-image-preview:large, max-video-preview:-1\" \/>\n<link rel=\"canonical\" href=\"https:\/\/yoestudiosalud.es\/produit\/escayola-dentaria-pink-mode\/\" \/>\n<meta property=\"og:locale\" content=\"fr_FR\" \/>\n<meta property=\"og:type\" content=\"article\" \/>\n<meta property=\"og:title\" content=\"PL\u00c2TRE DENTAIRE PINK MODE\" \/>\n<meta property=\"og:description\" content=\"Le pl\u00e2tre dentaire Pink mode type IV est un pl\u00e2tre gingival rose extra dur tr\u00e8s utile en dentisterie pour la r\u00e9alisation de mod\u00e8les.\" \/>\n<meta property=\"og:url\" content=\"https:\/\/yoestudiosalud.es\/produit\/escayola-dentaria-pink-mode\/\" \/>\n<meta property=\"og:site_name\" content=\"yoestudiosalud.es\" \/>\n<meta property=\"article:modified_time\" content=\"2025-07-03T08:24:27+00:00\" \/>\n<meta property=\"og:image\" content=\"https:\/\/yoestudiosalud.es\/wp-content\/uploads\/2025\/02\/20250213_145507-scaled.jpg\" \/>\n\t<meta property=\"og:image:width\" content=\"2560\" \/>\n\t<meta property=\"og:image:height\" content=\"2560\" \/>\n\t<meta property=\"og:image:type\" content=\"image\/jpeg\" \/>\n<meta name=\"twitter:card\" content=\"summary_large_image\" \/>\n<meta name=\"twitter:label1\" content=\"Dur\u00e9e de lecture estim\u00e9e\" \/>\n\t<meta name=\"twitter:data1\" content=\"2 minutes\" \/>\n<script type=\"application\/ld+json\" class=\"yoast-schema-graph\">{\"@context\":\"https:\/\/schema.org\",\"@graph\":[{\"@type\":\"WebPage\",\"@id\":\"https:\/\/yoestudiosalud.es\/produit\/escayola-dentaria-pink-mode\/\",\"url\":\"https:\/\/yoestudiosalud.es\/produit\/escayola-dentaria-pink-mode\/\",\"name\":\"PL\u00c2TRE DENTAIRE PINK MODE - yoestudiosalud.es\",\"isPartOf\":{\"@id\":\"https:\/\/yoestudiosalud.es\/en\/#website\"},\"primaryImageOfPage\":{\"@id\":\"https:\/\/yoestudiosalud.es\/produit\/escayola-dentaria-pink-mode\/#primaryimage\"},\"image\":{\"@id\":\"https:\/\/yoestudiosalud.es\/produit\/escayola-dentaria-pink-mode\/#primaryimage\"},\"thumbnailUrl\":\"https:\/\/yoestudiosalud.es\/wp-content\/uploads\/2025\/02\/20250213_145507-scaled.jpg\",\"datePublished\":\"2025-02-13T12:50:19+00:00\",\"dateModified\":\"2025-07-03T08:24:27+00:00\",\"description\":\"Le pl\u00e2tre dentaire Pink mode type IV est un pl\u00e2tre gingival rose extra dur tr\u00e8s utile en dentisterie pour la r\u00e9alisation de mod\u00e8les.\",\"breadcrumb\":{\"@id\":\"https:\/\/yoestudiosalud.es\/produit\/escayola-dentaria-pink-mode\/#breadcrumb\"},\"inLanguage\":\"fr-FR\",\"potentialAction\":[{\"@type\":\"ReadAction\",\"target\":[\"https:\/\/yoestudiosalud.es\/produit\/escayola-dentaria-pink-mode\/\"]}]},{\"@type\":\"ImageObject\",\"inLanguage\":\"fr-FR\",\"@id\":\"https:\/\/yoestudiosalud.es\/produit\/escayola-dentaria-pink-mode\/#primaryimage\",\"url\":\"https:\/\/yoestudiosalud.es\/wp-content\/uploads\/2025\/02\/20250213_145507-scaled.jpg\",\"contentUrl\":\"https:\/\/yoestudiosalud.es\/wp-content\/uploads\/2025\/02\/20250213_145507-scaled.jpg\",\"width\":2560,\"height\":2560},{\"@type\":\"BreadcrumbList\",\"@id\":\"https:\/\/yoestudiosalud.es\/produit\/escayola-dentaria-pink-mode\/#breadcrumb\",\"itemListElement\":[{\"@type\":\"ListItem\",\"position\":1,\"name\":\"Portada\",\"item\":\"https:\/\/yoestudiosalud.es\/fr\/\"},{\"@type\":\"ListItem\",\"position\":2,\"name\":\"Boutique\",\"item\":\"https:\/\/yoestudiosalud.es\/fr\/boutique\/\"},{\"@type\":\"ListItem\",\"position\":3,\"name\":\"PL\u00c2TRE DENTAIRE PINK MODE\"}]},{\"@type\":\"WebSite\",\"@id\":\"https:\/\/yoestudiosalud.es\/en\/#website\",\"url\":\"https:\/\/yoestudiosalud.es\/en\/\",\"name\":\"yoestudiosalud.es\",\"description\":\"Material para estudiantes del sector salud\",\"publisher\":{\"@id\":\"https:\/\/yoestudiosalud.es\/en\/#organization\"},\"potentialAction\":[{\"@type\":\"SearchAction\",\"target\":{\"@type\":\"EntryPoint\",\"urlTemplate\":\"https:\/\/yoestudiosalud.es\/en\/?s={search_term_string}\"},\"query-input\":{\"@type\":\"PropertyValueSpecification\",\"valueRequired\":true,\"valueName\":\"search_term_string\"}}],\"inLanguage\":\"fr-FR\"},{\"@type\":\"Organization\",\"@id\":\"https:\/\/yoestudiosalud.es\/en\/#organization\",\"name\":\"yoestudiosalud.es\",\"url\":\"https:\/\/yoestudiosalud.es\/en\/\",\"logo\":{\"@type\":\"ImageObject\",\"inLanguage\":\"fr-FR\",\"@id\":\"https:\/\/yoestudiosalud.es\/en\/#\/schema\/logo\/image\/\",\"url\":\"https:\/\/yoestudiosalud.es\/wp-content\/uploads\/2020\/04\/logonew-e1698080827687.png\",\"contentUrl\":\"https:\/\/yoestudiosalud.es\/wp-content\/uploads\/2020\/04\/logonew-e1698080827687.png\",\"width\":421,\"height\":393,\"caption\":\"yoestudiosalud.es\"},\"image\":{\"@id\":\"https:\/\/yoestudiosalud.es\/en\/#\/schema\/logo\/image\/\"}}]}<\/script>\n<!-- \/ Yoast SEO Premium plugin. -->","yoast_head_json":{"title":"PL\u00c2TRE DENTAIRE PINK MODE - yoestudiosalud.es","description":"Le pl\u00e2tre dentaire Pink mode type IV est un pl\u00e2tre gingival rose extra dur tr\u00e8s utile en dentisterie pour la r\u00e9alisation de mod\u00e8les.","robots":{"index":"index","follow":"follow","max-snippet":"max-snippet:-1","max-image-preview":"max-image-preview:large","max-video-preview":"max-video-preview:-1"},"canonical":"https:\/\/yoestudiosalud.es\/produit\/escayola-dentaria-pink-mode\/","og_locale":"fr_FR","og_type":"article","og_title":"PL\u00c2TRE DENTAIRE PINK MODE","og_description":"Le pl\u00e2tre dentaire Pink mode type IV est un pl\u00e2tre gingival rose extra dur tr\u00e8s utile en dentisterie pour la r\u00e9alisation de mod\u00e8les.","og_url":"https:\/\/yoestudiosalud.es\/produit\/escayola-dentaria-pink-mode\/","og_site_name":"yoestudiosalud.es","article_modified_time":"2025-07-03T08:24:27+00:00","og_image":[{"width":2560,"height":2560,"url":"https:\/\/yoestudiosalud.es\/wp-content\/uploads\/2025\/02\/20250213_145507-scaled.jpg","type":"image\/jpeg"}],"twitter_card":"summary_large_image","twitter_misc":{"Dur\u00e9e de lecture estim\u00e9e":"2 minutes"},"schema":{"@context":"https:\/\/schema.org","@graph":[{"@type":"WebPage","@id":"https:\/\/yoestudiosalud.es\/produit\/escayola-dentaria-pink-mode\/","url":"https:\/\/yoestudiosalud.es\/produit\/escayola-dentaria-pink-mode\/","name":"PL\u00c2TRE DENTAIRE PINK MODE - yoestudiosalud.es","isPartOf":{"@id":"https:\/\/yoestudiosalud.es\/en\/#website"},"primaryImageOfPage":{"@id":"https:\/\/yoestudiosalud.es\/produit\/escayola-dentaria-pink-mode\/#primaryimage"},"image":{"@id":"https:\/\/yoestudiosalud.es\/produit\/escayola-dentaria-pink-mode\/#primaryimage"},"thumbnailUrl":"https:\/\/yoestudiosalud.es\/wp-content\/uploads\/2025\/02\/20250213_145507-scaled.jpg","datePublished":"2025-02-13T12:50:19+00:00","dateModified":"2025-07-03T08:24:27+00:00","description":"Le pl\u00e2tre dentaire Pink mode type IV est un pl\u00e2tre gingival rose extra dur tr\u00e8s utile en dentisterie pour la r\u00e9alisation de mod\u00e8les.","breadcrumb":{"@id":"https:\/\/yoestudiosalud.es\/produit\/escayola-dentaria-pink-mode\/#breadcrumb"},"inLanguage":"fr-FR","potentialAction":[{"@type":"ReadAction","target":["https:\/\/yoestudiosalud.es\/produit\/escayola-dentaria-pink-mode\/"]}]},{"@type":"ImageObject","inLanguage":"fr-FR","@id":"https:\/\/yoestudiosalud.es\/produit\/escayola-dentaria-pink-mode\/#primaryimage","url":"https:\/\/yoestudiosalud.es\/wp-content\/uploads\/2025\/02\/20250213_145507-scaled.jpg","contentUrl":"https:\/\/yoestudiosalud.es\/wp-content\/uploads\/2025\/02\/20250213_145507-scaled.jpg","width":2560,"height":2560},{"@type":"BreadcrumbList","@id":"https:\/\/yoestudiosalud.es\/produit\/escayola-dentaria-pink-mode\/#breadcrumb","itemListElement":[{"@type":"ListItem","position":1,"name":"Portada","item":"https:\/\/yoestudiosalud.es\/fr\/"},{"@type":"ListItem","position":2,"name":"Boutique","item":"https:\/\/yoestudiosalud.es\/fr\/boutique\/"},{"@type":"ListItem","position":3,"name":"PL\u00c2TRE DENTAIRE PINK MODE"}]},{"@type":"WebSite","@id":"https:\/\/yoestudiosalud.es\/en\/#website","url":"https:\/\/yoestudiosalud.es\/en\/","name":"yoestudiosalud.es","description":"Material para estudiantes del sector salud","publisher":{"@id":"https:\/\/yoestudiosalud.es\/en\/#organization"},"potentialAction":[{"@type":"SearchAction","target":{"@type":"EntryPoint","urlTemplate":"https:\/\/yoestudiosalud.es\/en\/?s={search_term_string}"},"query-input":{"@type":"PropertyValueSpecification","valueRequired":true,"valueName":"search_term_string"}}],"inLanguage":"fr-FR"},{"@type":"Organization","@id":"https:\/\/yoestudiosalud.es\/en\/#organization","name":"yoestudiosalud.es","url":"https:\/\/yoestudiosalud.es\/en\/","logo":{"@type":"ImageObject","inLanguage":"fr-FR","@id":"https:\/\/yoestudiosalud.es\/en\/#\/schema\/logo\/image\/","url":"https:\/\/yoestudiosalud.es\/wp-content\/uploads\/2020\/04\/logonew-e1698080827687.png","contentUrl":"https:\/\/yoestudiosalud.es\/wp-content\/uploads\/2020\/04\/logonew-e1698080827687.png","width":421,"height":393,"caption":"yoestudiosalud.es"},"image":{"@id":"https:\/\/yoestudiosalud.es\/en\/#\/schema\/logo\/image\/"}}]}},"_links":{"self":[{"href":"https:\/\/yoestudiosalud.es\/fr\/wp-json\/wp\/v2\/product\/32030","targetHints":{"allow":["GET"]}}],"collection":[{"href":"https:\/\/yoestudiosalud.es\/fr\/wp-json\/wp\/v2\/product"}],"about":[{"href":"https:\/\/yoestudiosalud.es\/fr\/wp-json\/wp\/v2\/types\/product"}],"wp:featuredmedia":[{"embeddable":true,"href":"https:\/\/yoestudiosalud.es\/fr\/wp-json\/wp\/v2\/media\/30158"}],"wp:attachment":[{"href":"https:\/\/yoestudiosalud.es\/fr\/wp-json\/wp\/v2\/media?parent=32030"}],"wp:term":[{"taxonomy":"product_brand","embeddable":true,"href":"https:\/\/yoestudiosalud.es\/fr\/wp-json\/wp\/v2\/product_brand?post=32030"},{"taxonomy":"product_cat","embeddable":true,"href":"https:\/\/yoestudiosalud.es\/fr\/wp-json\/wp\/v2\/product_cat?post=32030"},{"taxonomy":"product_tag","embeddable":true,"href":"https:\/\/yoestudiosalud.es\/fr\/wp-json\/wp\/v2\/product_tag?post=32030"}],"curies":[{"name":"wp","href":"https:\/\/api.w.org\/{rel}","templated":true}]}}