{"id":31994,"date":"2025-06-08T12:56:27","date_gmt":"2025-06-08T10:56:27","guid":{"rendered":"https:\/\/yoestudiosalud.es\/producto\/maillefer-colorinox-lima-k-colorinox\/"},"modified":"2025-07-03T10:31:45","modified_gmt":"2025-07-03T08:31:45","slug":"maillefer-colorinox-lima-k-colorinox","status":"publish","type":"product","link":"https:\/\/yoestudiosalud.es\/fr\/produit\/maillefer-colorinox-lima-k-colorinox\/","title":{"rendered":"MAILLEFER LIME K COLORINOX"},"content":{"rendered":"<p>Limes Colorinox K, fabriqu\u00e9es en acier inoxydable de haute qualit\u00e9 par torsion, ce qui leur conf\u00e8re une grande r\u00e9sistance \u00e0 la fracture et maintient les fibres m\u00e9talliques intactes.<\/p>\n<p>Les limes Maillefer K Colorinox sont disponibles dans les tailles suivantes<\/p>\n<table style=\"height: 680px;\" width=\"800\">\n<tbody>\n<tr>\n<td>\n<p style=\"text-align: center;\"><span style=\"font-weight: 400;\">TAILLE (mm)<\/span><\/p>\n<\/td>\n<td style=\"text-align: center;\">NUM\u00c9RO<\/td>\n<td style=\"text-align: center;\"><span style=\"font-weight: 400;\">TAILLE (mm)<\/span><\/td>\n<td style=\"text-align: center;\">NUM\u00c9RO<\/td>\n<td style=\"text-align: center;\"><span style=\"font-weight: 400;\">TAILLE (mm)<\/span><\/td>\n<td style=\"text-align: center;\">NUM\u00c9RO<\/td>\n<\/tr>\n<tr>\n<td>\n<p style=\"text-align: center;\"><span style=\"font-weight: 400;\">21 mm<\/span><\/p>\n<\/td>\n<td style=\"text-align: center;\"><span style=\"font-weight: 400;\">06<\/span><\/td>\n<td style=\"text-align: center;\"><span style=\"font-weight: 400;\">25 mm<\/span><\/td>\n<td style=\"text-align: center;\"><span style=\"font-weight: 400;\">06<\/span><\/td>\n<td style=\"text-align: center;\"><span style=\"font-weight: 400;\">31 mm<\/span><\/td>\n<td>\n<p style=\"text-align: center;\"><span style=\"font-weight: 400;\">06<\/span><\/p>\n<\/td>\n<\/tr>\n<tr>\n<td>\n<p style=\"text-align: center;\"><span style=\"font-weight: 400;\">21 mm<\/span><\/p>\n<\/td>\n<td style=\"text-align: center;\"><span style=\"font-weight: 400;\">08<\/span><\/td>\n<td style=\"text-align: center;\"><span style=\"font-weight: 400;\">25 mm<\/span><\/td>\n<td style=\"text-align: center;\"><span style=\"font-weight: 400;\">08<\/span><\/td>\n<td style=\"text-align: center;\"><span style=\"font-weight: 400;\">31 mm<\/span><\/td>\n<td style=\"text-align: center;\"><span style=\"font-weight: 400;\">08<\/span><\/td>\n<\/tr>\n<tr>\n<td>\n<p style=\"text-align: center;\"><span style=\"font-weight: 400;\">21 mm<\/span><\/p>\n<\/td>\n<td style=\"text-align: center;\"><span style=\"font-weight: 400;\">10<\/span><\/td>\n<td style=\"text-align: center;\"><span style=\"font-weight: 400;\">25 mm<\/span><\/td>\n<td style=\"text-align: center;\"><span style=\"font-weight: 400;\">10<\/span><\/td>\n<td style=\"text-align: center;\"><span style=\"font-weight: 400;\">31 mm<\/span><\/td>\n<td>\n<p style=\"text-align: center;\"><span style=\"font-weight: 400;\">10<\/span><\/p>\n<\/td>\n<\/tr>\n<tr>\n<td style=\"text-align: center;\"><span style=\"font-weight: 400;\">21 mm<\/span><\/td>\n<td style=\"text-align: center;\"><span style=\"font-weight: 400;\">15<\/span><\/td>\n<td style=\"text-align: center;\"><span style=\"font-weight: 400;\">25 mm<\/span><\/td>\n<td style=\"text-align: center;\"><span style=\"font-weight: 400;\">15<\/span><\/td>\n<td style=\"text-align: center;\"><span style=\"font-weight: 400;\">31 mm<\/span><\/td>\n<td>\n<p style=\"text-align: center;\"><span style=\"font-weight: 400;\">15<\/span><\/p>\n<\/td>\n<\/tr>\n<tr>\n<td>\n<p style=\"text-align: center;\"><span style=\"font-weight: 400;\">21 mm<\/span><\/p>\n<\/td>\n<td style=\"text-align: center;\"><span style=\"font-weight: 400;\">20<\/span><\/td>\n<td style=\"text-align: center;\"><span style=\"font-weight: 400;\">25 mm<\/span><\/td>\n<td style=\"text-align: center;\"><span style=\"font-weight: 400;\">20<\/span><\/td>\n<td style=\"text-align: center;\"><span style=\"font-weight: 400;\">31 mm<\/span><\/td>\n<td>\n<p style=\"text-align: center;\"><span style=\"font-weight: 400;\">20<\/span><\/p>\n<\/td>\n<\/tr>\n<tr>\n<td>\n<p style=\"text-align: center;\"><span style=\"font-weight: 400;\">21 mm<\/span><\/p>\n<\/td>\n<td style=\"text-align: center;\"><span style=\"font-weight: 400;\">25<\/span><\/td>\n<td style=\"text-align: center;\"><span style=\"font-weight: 400;\">25 mm<\/span><\/td>\n<td style=\"text-align: center;\"><span style=\"font-weight: 400;\">25<\/span><\/td>\n<td style=\"text-align: center;\"><span style=\"font-weight: 400;\">31 mm<\/span><\/td>\n<td>\n<p style=\"text-align: center;\"><span style=\"font-weight: 400;\">25<\/span><\/p>\n<\/td>\n<\/tr>\n<tr>\n<td>\n<p style=\"text-align: center;\"><span style=\"font-weight: 400;\">21 mm<\/span><\/p>\n<\/td>\n<td style=\"text-align: center;\"><span style=\"font-weight: 400;\">30<\/span><\/td>\n<td style=\"text-align: center;\"><span style=\"font-weight: 400;\">25 mm<\/span><\/td>\n<td style=\"text-align: center;\"><span style=\"font-weight: 400;\">30<\/span><\/td>\n<td style=\"text-align: center;\"><span style=\"font-weight: 400;\">31 mm<\/span><\/td>\n<td>\n<p style=\"text-align: center;\"><span style=\"font-weight: 400;\">30<\/span><\/p>\n<\/td>\n<\/tr>\n<tr>\n<td>\n<p style=\"text-align: center;\"><span style=\"font-weight: 400;\">21 mm<\/span><\/p>\n<\/td>\n<td style=\"text-align: center;\"><span style=\"font-weight: 400;\">35<\/span><\/td>\n<td style=\"text-align: center;\"><span style=\"font-weight: 400;\">25 mm<\/span><\/td>\n<td style=\"text-align: center;\"><span style=\"font-weight: 400;\">35<\/span><\/td>\n<td style=\"text-align: center;\"><span style=\"font-weight: 400;\">31 mm<\/span><\/td>\n<td>\n<p style=\"text-align: center;\"><span style=\"font-weight: 400;\">35<\/span><\/p>\n<\/td>\n<\/tr>\n<tr>\n<td>\n<p style=\"text-align: center;\"><span style=\"font-weight: 400;\">21 mm<\/span><\/p>\n<\/td>\n<td style=\"text-align: center;\"><span style=\"font-weight: 400;\">40<\/span><\/td>\n<td style=\"text-align: center;\"><span style=\"font-weight: 400;\">25 mm<\/span><\/td>\n<td style=\"text-align: center;\"><span style=\"font-weight: 400;\">40<\/span><\/td>\n<td style=\"text-align: center;\"><span style=\"font-weight: 400;\">31 mm<\/span><\/td>\n<td>\n<p style=\"text-align: center;\"><span style=\"font-weight: 400;\">40<\/span><\/p>\n<\/td>\n<\/tr>\n<tr>\n<td>\n<p style=\"text-align: center;\"><span style=\"font-weight: 400;\">21 mm<\/span><\/p>\n<\/td>\n<td style=\"text-align: center;\"><span style=\"font-weight: 400;\">S1 (15-40)<\/span><\/td>\n<td style=\"text-align: center;\"><span style=\"font-weight: 400;\">25 mm<\/span><\/td>\n<td style=\"text-align: center;\"><span style=\"font-weight: 400;\">S1 (15-40)<\/span><\/td>\n<td style=\"text-align: center;\"><span style=\"font-weight: 400;\">31 mm<\/span><\/td>\n<td>\n<p style=\"text-align: center;\"><span style=\"font-weight: 400;\">S1 (15-40)<\/span><\/p>\n<\/td>\n<\/tr>\n<tr>\n<td style=\"text-align: center;\"><span style=\"font-weight: 400;\">21 mm<\/span><\/td>\n<td style=\"text-align: center;\"><span style=\"font-weight: 400;\">S2 (45-80)<\/span><\/td>\n<td style=\"text-align: center;\"><span style=\"font-weight: 400;\">25 mm<\/span><\/td>\n<td style=\"text-align: center;\"><span style=\"font-weight: 400;\">S2 (45-80)<\/span><\/td>\n<td style=\"text-align: center;\"><span style=\"font-weight: 400;\">31 mm<\/span><\/td>\n<td>\n<p style=\"text-align: center;\"><span style=\"font-weight: 400;\">S2 (45-80)<\/span><\/p>\n<\/td>\n<\/tr>\n<\/tbody>\n<\/table>\n","protected":false},"excerpt":{"rendered":"<p>Limes Colorinox K, fabriqu\u00e9es en acier inoxydable de haute qualit\u00e9 par torsion, ce qui leur conf\u00e8re une grande r\u00e9sistance \u00e0 la fracture et maintient les fibres m\u00e9talliques intactes.<\/p>\n","protected":false},"featured_media":31995,"template":"","meta":[],"product_brand":[],"product_cat":[680,716],"product_tag":[],"class_list":{"0":"post-31994","1":"product","2":"type-product","3":"status-publish","4":"has-post-thumbnail","6":"product_cat-endodontie-fr","7":"product_cat-consommables-fr","8":"pa_formacion-odontologia-fr","10":"first","11":"outofstock","12":"taxable","13":"shipping-taxable","14":"purchasable","15":"product-type-variable"},"yoast_head":"<!-- This site is optimized with the Yoast SEO Premium plugin v27.0 (Yoast SEO v27.4) - https:\/\/yoast.com\/product\/yoast-seo-premium-wordpress\/ -->\n<title>MAILLEFER LIME K COLORINOX | yoestudiosalud.es<\/title>\n<meta name=\"description\" content=\"Limes Colorinox K, fabriqu\u00e9es en acier inoxydable de haute qualit\u00e9 par torsion, ce qui leur conf\u00e8re une grande r\u00e9sistance \u00e0 la fracture et maintient les fibres m\u00e9talliques intactes.\" \/>\n<meta name=\"robots\" content=\"index, follow, max-snippet:-1, max-image-preview:large, max-video-preview:-1\" \/>\n<link rel=\"canonical\" href=\"https:\/\/yoestudiosalud.es\/produit\/maillefer-colorinox-lima-k-colorinox\/\" \/>\n<meta property=\"og:locale\" content=\"fr_FR\" \/>\n<meta property=\"og:type\" content=\"article\" \/>\n<meta property=\"og:title\" content=\"MAILLEFER LIME K COLORINOX\" \/>\n<meta property=\"og:description\" content=\"Limes Colorinox K, fabriqu\u00e9es en acier inoxydable de haute qualit\u00e9 par torsion, ce qui leur conf\u00e8re une grande r\u00e9sistance \u00e0 la fracture et maintient les fibres m\u00e9talliques intactes.\" \/>\n<meta property=\"og:url\" content=\"https:\/\/yoestudiosalud.es\/produit\/maillefer-colorinox-lima-k-colorinox\/\" \/>\n<meta property=\"og:site_name\" content=\"yoestudiosalud.es\" \/>\n<meta property=\"article:modified_time\" content=\"2025-07-03T08:31:45+00:00\" \/>\n<meta property=\"og:image\" content=\"https:\/\/yoestudiosalud.es\/wp-content\/uploads\/2020\/08\/000388.jpg\" \/>\n\t<meta property=\"og:image:width\" content=\"650\" \/>\n\t<meta property=\"og:image:height\" content=\"650\" \/>\n\t<meta property=\"og:image:type\" content=\"image\/jpeg\" \/>\n<meta name=\"twitter:card\" content=\"summary_large_image\" \/>\n<meta name=\"twitter:label1\" content=\"Dur\u00e9e de lecture estim\u00e9e\" \/>\n\t<meta name=\"twitter:data1\" content=\"1 minute\" \/>\n<script type=\"application\/ld+json\" class=\"yoast-schema-graph\">{\"@context\":\"https:\\\/\\\/schema.org\",\"@graph\":[{\"@type\":\"WebPage\",\"@id\":\"https:\\\/\\\/yoestudiosalud.es\\\/produit\\\/maillefer-colorinox-lima-k-colorinox\\\/\",\"url\":\"https:\\\/\\\/yoestudiosalud.es\\\/produit\\\/maillefer-colorinox-lima-k-colorinox\\\/\",\"name\":\"MAILLEFER LIME K COLORINOX | yoestudiosalud.es\",\"isPartOf\":{\"@id\":\"https:\\\/\\\/yoestudiosalud.es\\\/en\\\/#website\"},\"primaryImageOfPage\":{\"@id\":\"https:\\\/\\\/yoestudiosalud.es\\\/produit\\\/maillefer-colorinox-lima-k-colorinox\\\/#primaryimage\"},\"image\":{\"@id\":\"https:\\\/\\\/yoestudiosalud.es\\\/produit\\\/maillefer-colorinox-lima-k-colorinox\\\/#primaryimage\"},\"thumbnailUrl\":\"https:\\\/\\\/yoestudiosalud.es\\\/wp-content\\\/uploads\\\/2020\\\/08\\\/000388.jpg\",\"datePublished\":\"2025-06-08T10:56:27+00:00\",\"dateModified\":\"2025-07-03T08:31:45+00:00\",\"description\":\"Limes Colorinox K, fabriqu\u00e9es en acier inoxydable de haute qualit\u00e9 par torsion, ce qui leur conf\u00e8re une grande r\u00e9sistance \u00e0 la fracture et maintient les fibres m\u00e9talliques intactes.\",\"breadcrumb\":{\"@id\":\"https:\\\/\\\/yoestudiosalud.es\\\/produit\\\/maillefer-colorinox-lima-k-colorinox\\\/#breadcrumb\"},\"inLanguage\":\"fr-FR\",\"potentialAction\":[{\"@type\":\"ReadAction\",\"target\":[\"https:\\\/\\\/yoestudiosalud.es\\\/produit\\\/maillefer-colorinox-lima-k-colorinox\\\/\"]}]},{\"@type\":\"ImageObject\",\"inLanguage\":\"fr-FR\",\"@id\":\"https:\\\/\\\/yoestudiosalud.es\\\/produit\\\/maillefer-colorinox-lima-k-colorinox\\\/#primaryimage\",\"url\":\"https:\\\/\\\/yoestudiosalud.es\\\/wp-content\\\/uploads\\\/2020\\\/08\\\/000388.jpg\",\"contentUrl\":\"https:\\\/\\\/yoestudiosalud.es\\\/wp-content\\\/uploads\\\/2020\\\/08\\\/000388.jpg\",\"width\":650,\"height\":650,\"caption\":\"MAILLEFER LIME K COLORINOX\"},{\"@type\":\"BreadcrumbList\",\"@id\":\"https:\\\/\\\/yoestudiosalud.es\\\/produit\\\/maillefer-colorinox-lima-k-colorinox\\\/#breadcrumb\",\"itemListElement\":[{\"@type\":\"ListItem\",\"position\":1,\"name\":\"Portada\",\"item\":\"https:\\\/\\\/yoestudiosalud.es\\\/fr\\\/\"},{\"@type\":\"ListItem\",\"position\":2,\"name\":\"Boutique\",\"item\":\"https:\\\/\\\/yoestudiosalud.es\\\/fr\\\/boutique\\\/\"},{\"@type\":\"ListItem\",\"position\":3,\"name\":\"MAILLEFER LIME K COLORINOX\"}]},{\"@type\":\"WebSite\",\"@id\":\"https:\\\/\\\/yoestudiosalud.es\\\/en\\\/#website\",\"url\":\"https:\\\/\\\/yoestudiosalud.es\\\/en\\\/\",\"name\":\"yoestudiosalud.es\",\"description\":\"Material para estudiantes del sector salud\",\"publisher\":{\"@id\":\"https:\\\/\\\/yoestudiosalud.es\\\/en\\\/#organization\"},\"potentialAction\":[{\"@type\":\"SearchAction\",\"target\":{\"@type\":\"EntryPoint\",\"urlTemplate\":\"https:\\\/\\\/yoestudiosalud.es\\\/en\\\/?s={search_term_string}\"},\"query-input\":{\"@type\":\"PropertyValueSpecification\",\"valueRequired\":true,\"valueName\":\"search_term_string\"}}],\"inLanguage\":\"fr-FR\"},{\"@type\":\"Organization\",\"@id\":\"https:\\\/\\\/yoestudiosalud.es\\\/en\\\/#organization\",\"name\":\"yoestudiosalud.es\",\"url\":\"https:\\\/\\\/yoestudiosalud.es\\\/en\\\/\",\"logo\":{\"@type\":\"ImageObject\",\"inLanguage\":\"fr-FR\",\"@id\":\"https:\\\/\\\/yoestudiosalud.es\\\/en\\\/#\\\/schema\\\/logo\\\/image\\\/\",\"url\":\"https:\\\/\\\/yoestudiosalud.es\\\/wp-content\\\/uploads\\\/2020\\\/04\\\/logonew-e1698080827687.png\",\"contentUrl\":\"https:\\\/\\\/yoestudiosalud.es\\\/wp-content\\\/uploads\\\/2020\\\/04\\\/logonew-e1698080827687.png\",\"width\":421,\"height\":393,\"caption\":\"yoestudiosalud.es\"},\"image\":{\"@id\":\"https:\\\/\\\/yoestudiosalud.es\\\/en\\\/#\\\/schema\\\/logo\\\/image\\\/\"}}]}<\/script>\n<!-- \/ Yoast SEO Premium plugin. -->","yoast_head_json":{"title":"MAILLEFER LIME K COLORINOX | yoestudiosalud.es","description":"Limes Colorinox K, fabriqu\u00e9es en acier inoxydable de haute qualit\u00e9 par torsion, ce qui leur conf\u00e8re une grande r\u00e9sistance \u00e0 la fracture et maintient les fibres m\u00e9talliques intactes.","robots":{"index":"index","follow":"follow","max-snippet":"max-snippet:-1","max-image-preview":"max-image-preview:large","max-video-preview":"max-video-preview:-1"},"canonical":"https:\/\/yoestudiosalud.es\/produit\/maillefer-colorinox-lima-k-colorinox\/","og_locale":"fr_FR","og_type":"article","og_title":"MAILLEFER LIME K COLORINOX","og_description":"Limes Colorinox K, fabriqu\u00e9es en acier inoxydable de haute qualit\u00e9 par torsion, ce qui leur conf\u00e8re une grande r\u00e9sistance \u00e0 la fracture et maintient les fibres m\u00e9talliques intactes.","og_url":"https:\/\/yoestudiosalud.es\/produit\/maillefer-colorinox-lima-k-colorinox\/","og_site_name":"yoestudiosalud.es","article_modified_time":"2025-07-03T08:31:45+00:00","og_image":[{"width":650,"height":650,"url":"https:\/\/yoestudiosalud.es\/wp-content\/uploads\/2020\/08\/000388.jpg","type":"image\/jpeg"}],"twitter_card":"summary_large_image","twitter_misc":{"Dur\u00e9e de lecture estim\u00e9e":"1 minute"},"schema":{"@context":"https:\/\/schema.org","@graph":[{"@type":"WebPage","@id":"https:\/\/yoestudiosalud.es\/produit\/maillefer-colorinox-lima-k-colorinox\/","url":"https:\/\/yoestudiosalud.es\/produit\/maillefer-colorinox-lima-k-colorinox\/","name":"MAILLEFER LIME K COLORINOX | yoestudiosalud.es","isPartOf":{"@id":"https:\/\/yoestudiosalud.es\/en\/#website"},"primaryImageOfPage":{"@id":"https:\/\/yoestudiosalud.es\/produit\/maillefer-colorinox-lima-k-colorinox\/#primaryimage"},"image":{"@id":"https:\/\/yoestudiosalud.es\/produit\/maillefer-colorinox-lima-k-colorinox\/#primaryimage"},"thumbnailUrl":"https:\/\/yoestudiosalud.es\/wp-content\/uploads\/2020\/08\/000388.jpg","datePublished":"2025-06-08T10:56:27+00:00","dateModified":"2025-07-03T08:31:45+00:00","description":"Limes Colorinox K, fabriqu\u00e9es en acier inoxydable de haute qualit\u00e9 par torsion, ce qui leur conf\u00e8re une grande r\u00e9sistance \u00e0 la fracture et maintient les fibres m\u00e9talliques intactes.","breadcrumb":{"@id":"https:\/\/yoestudiosalud.es\/produit\/maillefer-colorinox-lima-k-colorinox\/#breadcrumb"},"inLanguage":"fr-FR","potentialAction":[{"@type":"ReadAction","target":["https:\/\/yoestudiosalud.es\/produit\/maillefer-colorinox-lima-k-colorinox\/"]}]},{"@type":"ImageObject","inLanguage":"fr-FR","@id":"https:\/\/yoestudiosalud.es\/produit\/maillefer-colorinox-lima-k-colorinox\/#primaryimage","url":"https:\/\/yoestudiosalud.es\/wp-content\/uploads\/2020\/08\/000388.jpg","contentUrl":"https:\/\/yoestudiosalud.es\/wp-content\/uploads\/2020\/08\/000388.jpg","width":650,"height":650,"caption":"MAILLEFER LIME K COLORINOX"},{"@type":"BreadcrumbList","@id":"https:\/\/yoestudiosalud.es\/produit\/maillefer-colorinox-lima-k-colorinox\/#breadcrumb","itemListElement":[{"@type":"ListItem","position":1,"name":"Portada","item":"https:\/\/yoestudiosalud.es\/fr\/"},{"@type":"ListItem","position":2,"name":"Boutique","item":"https:\/\/yoestudiosalud.es\/fr\/boutique\/"},{"@type":"ListItem","position":3,"name":"MAILLEFER LIME K COLORINOX"}]},{"@type":"WebSite","@id":"https:\/\/yoestudiosalud.es\/en\/#website","url":"https:\/\/yoestudiosalud.es\/en\/","name":"yoestudiosalud.es","description":"Material para estudiantes del sector salud","publisher":{"@id":"https:\/\/yoestudiosalud.es\/en\/#organization"},"potentialAction":[{"@type":"SearchAction","target":{"@type":"EntryPoint","urlTemplate":"https:\/\/yoestudiosalud.es\/en\/?s={search_term_string}"},"query-input":{"@type":"PropertyValueSpecification","valueRequired":true,"valueName":"search_term_string"}}],"inLanguage":"fr-FR"},{"@type":"Organization","@id":"https:\/\/yoestudiosalud.es\/en\/#organization","name":"yoestudiosalud.es","url":"https:\/\/yoestudiosalud.es\/en\/","logo":{"@type":"ImageObject","inLanguage":"fr-FR","@id":"https:\/\/yoestudiosalud.es\/en\/#\/schema\/logo\/image\/","url":"https:\/\/yoestudiosalud.es\/wp-content\/uploads\/2020\/04\/logonew-e1698080827687.png","contentUrl":"https:\/\/yoestudiosalud.es\/wp-content\/uploads\/2020\/04\/logonew-e1698080827687.png","width":421,"height":393,"caption":"yoestudiosalud.es"},"image":{"@id":"https:\/\/yoestudiosalud.es\/en\/#\/schema\/logo\/image\/"}}]}},"_links":{"self":[{"href":"https:\/\/yoestudiosalud.es\/fr\/wp-json\/wp\/v2\/product\/31994","targetHints":{"allow":["GET"]}}],"collection":[{"href":"https:\/\/yoestudiosalud.es\/fr\/wp-json\/wp\/v2\/product"}],"about":[{"href":"https:\/\/yoestudiosalud.es\/fr\/wp-json\/wp\/v2\/types\/product"}],"wp:featuredmedia":[{"embeddable":true,"href":"https:\/\/yoestudiosalud.es\/fr\/wp-json\/wp\/v2\/media\/31995"}],"wp:attachment":[{"href":"https:\/\/yoestudiosalud.es\/fr\/wp-json\/wp\/v2\/media?parent=31994"}],"wp:term":[{"taxonomy":"product_brand","embeddable":true,"href":"https:\/\/yoestudiosalud.es\/fr\/wp-json\/wp\/v2\/product_brand?post=31994"},{"taxonomy":"product_cat","embeddable":true,"href":"https:\/\/yoestudiosalud.es\/fr\/wp-json\/wp\/v2\/product_cat?post=31994"},{"taxonomy":"product_tag","embeddable":true,"href":"https:\/\/yoestudiosalud.es\/fr\/wp-json\/wp\/v2\/product_tag?post=31994"}],"curies":[{"name":"wp","href":"https:\/\/api.w.org\/{rel}","templated":true}]}}