{"id":31991,"date":"2025-06-12T13:01:03","date_gmt":"2025-06-12T11:01:03","guid":{"rendered":"https:\/\/yoestudiosalud.es\/producto\/set-pinceles-siliconados-5-und\/"},"modified":"2025-06-17T22:52:01","modified_gmt":"2025-06-17T20:52:01","slug":"set-pinceles-siliconados-5-und","status":"publish","type":"product","link":"https:\/\/yoestudiosalud.es\/fr\/produit\/set-pinceles-siliconados-5-und\/","title":{"rendered":"SET PINCEAUX EN SILICONE (5 UNIT\u00c9S)"},"content":{"rendered":"<p><strong>SET PINCEAUX EN SILICONE (5 UNIT\u00c9S)<\/strong><\/p>\n<p>Am\u00e9liorez la pr\u00e9cision de vos proc\u00e9dures avec ce <strong>set de pinceaux en silicone<\/strong> de haute qualit\u00e9. Chaque pinceau poss\u00e8de une <strong>pointe solide en silicone<\/strong>, id\u00e9ale pour modeler, sculpter et appliquer des mat\u00e9riaux composites en traitements dentaires. Ce jeu comprend <strong>5 unit\u00e9s<\/strong>, con\u00e7ues pour offrir contr\u00f4le et exactitude dans les travaux esth\u00e9tiques dentaires.<\/p>\n<p>Parfaits pour la <strong>dentisterie restauratrice<\/strong>, l\u2019esth\u00e9tique dentaire et les techniques de modelage des r\u00e9sines, ces pinceaux sont faciles \u00e0 nettoyer, durables et r\u00e9sistants \u00e0 l\u2019usure.<\/p>\n<ul>\n<li><strong>Pointes fermes en silicone m\u00e9dical<\/strong><\/li>\n<li><strong>Haute pr\u00e9cision dans l\u2019application des r\u00e9sines composites<\/strong><\/li>\n<li><strong>Usage professionnel en cliniques et laboratoires dentaires<\/strong><\/li>\n<li><strong>R\u00e9utilisables et faciles \u00e0 st\u00e9riliser<\/strong><\/li>\n<\/ul>\n<p>Faites que chaque d\u00e9tail compte dans vos restaurations avec ce complet <strong>set de pinceaux pour dentisterie esth\u00e9tique<\/strong>.<\/p>\n","protected":false},"excerpt":{"rendered":"<p><strong>ENSEMBLE DE PINCEAUX EN SILICONE (5 UNIT\u00c9S)<\/strong><\/p>\n<p>Am\u00e9liorez la pr\u00e9cision de vos proc\u00e9dures avec cet <strong>ensemble de pinceaux en silicone<\/strong> de haute qualit\u00e9. Chaque pinceau poss\u00e8de une <strong>pointe solide en silicone<\/strong>, id\u00e9ale pour modeler, sculpter et appliquer des mat\u00e9riaux composites en traitements dentaires. Ce set comprend <strong>5 unit\u00e9s<\/strong>, con\u00e7ues pour offrir contr\u00f4le et exactitude dans les travaux esth\u00e9tiques dentaires.<\/p>\n","protected":false},"featured_media":31703,"template":"","meta":[],"product_brand":[],"product_cat":[671],"product_tag":[763],"class_list":{"0":"post-31991","1":"product","2":"type-product","3":"status-publish","4":"has-post-thumbnail","6":"product_cat-instrumental-fr","7":"product_tag-uev3","8":"pa_formacion-odontologia-fr","10":"first","11":"instock","12":"taxable","13":"shipping-taxable","14":"purchasable","15":"product-type-simple"},"yoast_head":"<!-- This site is optimized with the Yoast SEO Premium plugin v27.0 (Yoast SEO v27.2) - https:\/\/yoast.com\/product\/yoast-seo-premium-wordpress\/ -->\n<title>SET PINCEAUX EN SILICONE (5 UNIT\u00c9S) - yoestudiosalud.es<\/title>\n<meta name=\"robots\" content=\"index, follow, max-snippet:-1, max-image-preview:large, max-video-preview:-1\" \/>\n<link rel=\"canonical\" href=\"https:\/\/yoestudiosalud.es\/produit\/set-pinceles-siliconados-5-und\/\" \/>\n<meta property=\"og:locale\" content=\"fr_FR\" \/>\n<meta property=\"og:type\" content=\"article\" \/>\n<meta property=\"og:title\" content=\"SET PINCEAUX EN SILICONE (5 UNIT\u00c9S)\" \/>\n<meta property=\"og:description\" content=\"ENSEMBLE DE PINCEAUX EN SILICONE (5 UNIT\u00c9S) Am\u00e9liorez la pr\u00e9cision de vos proc\u00e9dures avec cet ensemble de pinceaux en silicone de haute qualit\u00e9. Chaque pinceau poss\u00e8de une pointe solide en silicone, id\u00e9ale pour modeler, sculpter et appliquer des mat\u00e9riaux composites en traitements dentaires. Ce set comprend 5 unit\u00e9s, con\u00e7ues pour offrir contr\u00f4le et exactitude dans les travaux esth\u00e9tiques dentaires.\" \/>\n<meta property=\"og:url\" content=\"https:\/\/yoestudiosalud.es\/produit\/set-pinceles-siliconados-5-und\/\" \/>\n<meta property=\"og:site_name\" content=\"yoestudiosalud.es\" \/>\n<meta property=\"article:modified_time\" content=\"2025-06-17T20:52:01+00:00\" \/>\n<meta property=\"og:image\" content=\"https:\/\/yoestudiosalud.es\/wp-content\/uploads\/2025\/06\/060068.jpg\" \/>\n\t<meta property=\"og:image:width\" content=\"650\" \/>\n\t<meta property=\"og:image:height\" content=\"650\" \/>\n\t<meta property=\"og:image:type\" content=\"image\/jpeg\" \/>\n<meta name=\"twitter:card\" content=\"summary_large_image\" \/>\n<meta name=\"twitter:label1\" content=\"Dur\u00e9e de lecture estim\u00e9e\" \/>\n\t<meta name=\"twitter:data1\" content=\"1 minute\" \/>\n<script type=\"application\/ld+json\" class=\"yoast-schema-graph\">{\"@context\":\"https:\/\/schema.org\",\"@graph\":[{\"@type\":\"WebPage\",\"@id\":\"https:\/\/yoestudiosalud.es\/produit\/set-pinceles-siliconados-5-und\/\",\"url\":\"https:\/\/yoestudiosalud.es\/produit\/set-pinceles-siliconados-5-und\/\",\"name\":\"SET PINCEAUX EN SILICONE (5 UNIT\u00c9S) - yoestudiosalud.es\",\"isPartOf\":{\"@id\":\"https:\/\/yoestudiosalud.es\/en\/#website\"},\"primaryImageOfPage\":{\"@id\":\"https:\/\/yoestudiosalud.es\/produit\/set-pinceles-siliconados-5-und\/#primaryimage\"},\"image\":{\"@id\":\"https:\/\/yoestudiosalud.es\/produit\/set-pinceles-siliconados-5-und\/#primaryimage\"},\"thumbnailUrl\":\"https:\/\/yoestudiosalud.es\/wp-content\/uploads\/2025\/06\/060068.jpg\",\"datePublished\":\"2025-06-12T11:01:03+00:00\",\"dateModified\":\"2025-06-17T20:52:01+00:00\",\"breadcrumb\":{\"@id\":\"https:\/\/yoestudiosalud.es\/produit\/set-pinceles-siliconados-5-und\/#breadcrumb\"},\"inLanguage\":\"fr-FR\",\"potentialAction\":[{\"@type\":\"ReadAction\",\"target\":[\"https:\/\/yoestudiosalud.es\/produit\/set-pinceles-siliconados-5-und\/\"]}]},{\"@type\":\"ImageObject\",\"inLanguage\":\"fr-FR\",\"@id\":\"https:\/\/yoestudiosalud.es\/produit\/set-pinceles-siliconados-5-und\/#primaryimage\",\"url\":\"https:\/\/yoestudiosalud.es\/wp-content\/uploads\/2025\/06\/060068.jpg\",\"contentUrl\":\"https:\/\/yoestudiosalud.es\/wp-content\/uploads\/2025\/06\/060068.jpg\",\"width\":650,\"height\":650},{\"@type\":\"BreadcrumbList\",\"@id\":\"https:\/\/yoestudiosalud.es\/produit\/set-pinceles-siliconados-5-und\/#breadcrumb\",\"itemListElement\":[{\"@type\":\"ListItem\",\"position\":1,\"name\":\"Portada\",\"item\":\"https:\/\/yoestudiosalud.es\/fr\/\"},{\"@type\":\"ListItem\",\"position\":2,\"name\":\"Boutique\",\"item\":\"https:\/\/yoestudiosalud.es\/fr\/boutique\/\"},{\"@type\":\"ListItem\",\"position\":3,\"name\":\"SET PINCEAUX EN SILICONE (5 UNIT\u00c9S)\"}]},{\"@type\":\"WebSite\",\"@id\":\"https:\/\/yoestudiosalud.es\/en\/#website\",\"url\":\"https:\/\/yoestudiosalud.es\/en\/\",\"name\":\"yoestudiosalud.es\",\"description\":\"Material para estudiantes del sector salud\",\"publisher\":{\"@id\":\"https:\/\/yoestudiosalud.es\/en\/#organization\"},\"potentialAction\":[{\"@type\":\"SearchAction\",\"target\":{\"@type\":\"EntryPoint\",\"urlTemplate\":\"https:\/\/yoestudiosalud.es\/en\/?s={search_term_string}\"},\"query-input\":{\"@type\":\"PropertyValueSpecification\",\"valueRequired\":true,\"valueName\":\"search_term_string\"}}],\"inLanguage\":\"fr-FR\"},{\"@type\":\"Organization\",\"@id\":\"https:\/\/yoestudiosalud.es\/en\/#organization\",\"name\":\"yoestudiosalud.es\",\"url\":\"https:\/\/yoestudiosalud.es\/en\/\",\"logo\":{\"@type\":\"ImageObject\",\"inLanguage\":\"fr-FR\",\"@id\":\"https:\/\/yoestudiosalud.es\/en\/#\/schema\/logo\/image\/\",\"url\":\"https:\/\/yoestudiosalud.es\/wp-content\/uploads\/2020\/04\/logonew-e1698080827687.png\",\"contentUrl\":\"https:\/\/yoestudiosalud.es\/wp-content\/uploads\/2020\/04\/logonew-e1698080827687.png\",\"width\":421,\"height\":393,\"caption\":\"yoestudiosalud.es\"},\"image\":{\"@id\":\"https:\/\/yoestudiosalud.es\/en\/#\/schema\/logo\/image\/\"}}]}<\/script>\n<!-- \/ Yoast SEO Premium plugin. -->","yoast_head_json":{"title":"SET PINCEAUX EN SILICONE (5 UNIT\u00c9S) - yoestudiosalud.es","robots":{"index":"index","follow":"follow","max-snippet":"max-snippet:-1","max-image-preview":"max-image-preview:large","max-video-preview":"max-video-preview:-1"},"canonical":"https:\/\/yoestudiosalud.es\/produit\/set-pinceles-siliconados-5-und\/","og_locale":"fr_FR","og_type":"article","og_title":"SET PINCEAUX EN SILICONE (5 UNIT\u00c9S)","og_description":"ENSEMBLE DE PINCEAUX EN SILICONE (5 UNIT\u00c9S) Am\u00e9liorez la pr\u00e9cision de vos proc\u00e9dures avec cet ensemble de pinceaux en silicone de haute qualit\u00e9. Chaque pinceau poss\u00e8de une pointe solide en silicone, id\u00e9ale pour modeler, sculpter et appliquer des mat\u00e9riaux composites en traitements dentaires. Ce set comprend 5 unit\u00e9s, con\u00e7ues pour offrir contr\u00f4le et exactitude dans les travaux esth\u00e9tiques dentaires.","og_url":"https:\/\/yoestudiosalud.es\/produit\/set-pinceles-siliconados-5-und\/","og_site_name":"yoestudiosalud.es","article_modified_time":"2025-06-17T20:52:01+00:00","og_image":[{"width":650,"height":650,"url":"https:\/\/yoestudiosalud.es\/wp-content\/uploads\/2025\/06\/060068.jpg","type":"image\/jpeg"}],"twitter_card":"summary_large_image","twitter_misc":{"Dur\u00e9e de lecture estim\u00e9e":"1 minute"},"schema":{"@context":"https:\/\/schema.org","@graph":[{"@type":"WebPage","@id":"https:\/\/yoestudiosalud.es\/produit\/set-pinceles-siliconados-5-und\/","url":"https:\/\/yoestudiosalud.es\/produit\/set-pinceles-siliconados-5-und\/","name":"SET PINCEAUX EN SILICONE (5 UNIT\u00c9S) - yoestudiosalud.es","isPartOf":{"@id":"https:\/\/yoestudiosalud.es\/en\/#website"},"primaryImageOfPage":{"@id":"https:\/\/yoestudiosalud.es\/produit\/set-pinceles-siliconados-5-und\/#primaryimage"},"image":{"@id":"https:\/\/yoestudiosalud.es\/produit\/set-pinceles-siliconados-5-und\/#primaryimage"},"thumbnailUrl":"https:\/\/yoestudiosalud.es\/wp-content\/uploads\/2025\/06\/060068.jpg","datePublished":"2025-06-12T11:01:03+00:00","dateModified":"2025-06-17T20:52:01+00:00","breadcrumb":{"@id":"https:\/\/yoestudiosalud.es\/produit\/set-pinceles-siliconados-5-und\/#breadcrumb"},"inLanguage":"fr-FR","potentialAction":[{"@type":"ReadAction","target":["https:\/\/yoestudiosalud.es\/produit\/set-pinceles-siliconados-5-und\/"]}]},{"@type":"ImageObject","inLanguage":"fr-FR","@id":"https:\/\/yoestudiosalud.es\/produit\/set-pinceles-siliconados-5-und\/#primaryimage","url":"https:\/\/yoestudiosalud.es\/wp-content\/uploads\/2025\/06\/060068.jpg","contentUrl":"https:\/\/yoestudiosalud.es\/wp-content\/uploads\/2025\/06\/060068.jpg","width":650,"height":650},{"@type":"BreadcrumbList","@id":"https:\/\/yoestudiosalud.es\/produit\/set-pinceles-siliconados-5-und\/#breadcrumb","itemListElement":[{"@type":"ListItem","position":1,"name":"Portada","item":"https:\/\/yoestudiosalud.es\/fr\/"},{"@type":"ListItem","position":2,"name":"Boutique","item":"https:\/\/yoestudiosalud.es\/fr\/boutique\/"},{"@type":"ListItem","position":3,"name":"SET PINCEAUX EN SILICONE (5 UNIT\u00c9S)"}]},{"@type":"WebSite","@id":"https:\/\/yoestudiosalud.es\/en\/#website","url":"https:\/\/yoestudiosalud.es\/en\/","name":"yoestudiosalud.es","description":"Material para estudiantes del sector salud","publisher":{"@id":"https:\/\/yoestudiosalud.es\/en\/#organization"},"potentialAction":[{"@type":"SearchAction","target":{"@type":"EntryPoint","urlTemplate":"https:\/\/yoestudiosalud.es\/en\/?s={search_term_string}"},"query-input":{"@type":"PropertyValueSpecification","valueRequired":true,"valueName":"search_term_string"}}],"inLanguage":"fr-FR"},{"@type":"Organization","@id":"https:\/\/yoestudiosalud.es\/en\/#organization","name":"yoestudiosalud.es","url":"https:\/\/yoestudiosalud.es\/en\/","logo":{"@type":"ImageObject","inLanguage":"fr-FR","@id":"https:\/\/yoestudiosalud.es\/en\/#\/schema\/logo\/image\/","url":"https:\/\/yoestudiosalud.es\/wp-content\/uploads\/2020\/04\/logonew-e1698080827687.png","contentUrl":"https:\/\/yoestudiosalud.es\/wp-content\/uploads\/2020\/04\/logonew-e1698080827687.png","width":421,"height":393,"caption":"yoestudiosalud.es"},"image":{"@id":"https:\/\/yoestudiosalud.es\/en\/#\/schema\/logo\/image\/"}}]}},"_links":{"self":[{"href":"https:\/\/yoestudiosalud.es\/fr\/wp-json\/wp\/v2\/product\/31991","targetHints":{"allow":["GET"]}}],"collection":[{"href":"https:\/\/yoestudiosalud.es\/fr\/wp-json\/wp\/v2\/product"}],"about":[{"href":"https:\/\/yoestudiosalud.es\/fr\/wp-json\/wp\/v2\/types\/product"}],"wp:featuredmedia":[{"embeddable":true,"href":"https:\/\/yoestudiosalud.es\/fr\/wp-json\/wp\/v2\/media\/31703"}],"wp:attachment":[{"href":"https:\/\/yoestudiosalud.es\/fr\/wp-json\/wp\/v2\/media?parent=31991"}],"wp:term":[{"taxonomy":"product_brand","embeddable":true,"href":"https:\/\/yoestudiosalud.es\/fr\/wp-json\/wp\/v2\/product_brand?post=31991"},{"taxonomy":"product_cat","embeddable":true,"href":"https:\/\/yoestudiosalud.es\/fr\/wp-json\/wp\/v2\/product_cat?post=31991"},{"taxonomy":"product_tag","embeddable":true,"href":"https:\/\/yoestudiosalud.es\/fr\/wp-json\/wp\/v2\/product_tag?post=31991"}],"curies":[{"name":"wp","href":"https:\/\/api.w.org\/{rel}","templated":true}]}}