{"id":31990,"date":"2025-06-12T14:03:32","date_gmt":"2025-06-12T12:03:32","guid":{"rendered":"https:\/\/yoestudiosalud.es\/producto\/dispensador-de-pellets\/"},"modified":"2025-06-17T22:54:09","modified_gmt":"2025-06-17T20:54:09","slug":"dispensador-de-pellets","status":"publish","type":"product","link":"https:\/\/yoestudiosalud.es\/fr\/produit\/dispensador-de-pellets\/","title":{"rendered":"DISTRIBUTEUR DE PELLETS"},"content":{"rendered":"<p data-start=\"552\" data-end=\"836\"><strong data-start=\"555\" data-end=\"590\">Le Distributeur de Pellets Dentaires<\/strong> est con\u00e7u pour faciliter la manipulation et le dosage pr\u00e9cis des pellets utilis\u00e9s dans les traitements odontologiques. Fabriqu\u00e9 avec des mat\u00e9riaux r\u00e9sistants et de qualit\u00e9 m\u00e9dicale, il garantit une utilisation hygi\u00e9nique, efficace et s\u00fbre en environnement clinique.<\/p>\n<p data-start=\"838\" data-end=\"1029\">Cet appareil est id\u00e9al pour les professionnels du secteur dentaire qui recherchent une solution pratique pour administrer des mat\u00e9riaux sous forme de pellets lors de proc\u00e9dures cliniques ou chirurgicales.<\/p>\n<p data-start=\"1031\" data-end=\"1062\"><strong data-start=\"1031\" data-end=\"1062\">Caract\u00e9ristiques principales :<\/strong><\/p>\n<ul data-start=\"1063\" data-end=\"1356\">\n<li data-start=\"1063\" data-end=\"1106\">\n<p data-start=\"1065\" data-end=\"1106\"><strong data-start=\"1067\" data-end=\"1104\">Dosage pr\u00e9cis et contr\u00f4l\u00e9<\/strong><\/p>\n<\/li>\n<li data-start=\"1107\" data-end=\"1188\">\n<p data-start=\"1109\" data-end=\"1188\"><strong data-start=\"1111\" data-end=\"1132\">Design ergonomique<\/strong><\/p>\n<\/li>\n<li data-start=\"1246\" data-end=\"1286\">\n<p data-start=\"1248\" data-end=\"1286\"><strong data-start=\"1250\" data-end=\"1284\">Facile \u00e0 nettoyer et \u00e0 st\u00e9riliser<\/strong><\/p>\n<\/li>\n<li data-start=\"1287\" data-end=\"1356\">\n<p data-start=\"1289\" data-end=\"1356\"><strong data-start=\"1291\" data-end=\"1356\">Compatible avec la majorit\u00e9 des pellets dentaires du march\u00e9<\/strong><\/p>\n<\/li>\n<\/ul>\n","protected":false},"excerpt":{"rendered":"<p>Distributeur ergonomique et pr\u00e9cis pour pellets dentaires. Id\u00e9al pour les cliniques et cabinets dentaires n\u00e9cessitant un dosage hygi\u00e9nique et contr\u00f4l\u00e9.<\/p>\n","protected":false},"featured_media":31709,"template":"","meta":[],"product_brand":[],"product_cat":[669,710],"product_tag":[705],"class_list":{"0":"post-31990","1":"product","2":"type-product","3":"status-publish","4":"has-post-thumbnail","6":"product_cat-general-fr","7":"product_cat-odontologie-fr","8":"product_tag-uev4","9":"pa_formacion-odontologia-fr","11":"first","12":"instock","13":"taxable","14":"shipping-taxable","15":"purchasable","16":"product-type-simple"},"yoast_head":"<!-- This site is optimized with the Yoast SEO Premium plugin v27.0 (Yoast SEO v27.2) - https:\/\/yoast.com\/product\/yoast-seo-premium-wordpress\/ -->\n<title>DISTRIBUTEUR DE PELLETS - yoestudiosalud.es<\/title>\n<meta name=\"robots\" content=\"index, follow, max-snippet:-1, max-image-preview:large, max-video-preview:-1\" \/>\n<link rel=\"canonical\" href=\"https:\/\/yoestudiosalud.es\/produit\/dispensador-de-pellets\/\" \/>\n<meta property=\"og:locale\" content=\"fr_FR\" \/>\n<meta property=\"og:type\" content=\"article\" \/>\n<meta property=\"og:title\" content=\"DISTRIBUTEUR DE PELLETS\" \/>\n<meta property=\"og:description\" content=\"Distributeur ergonomique et pr\u00e9cis pour pellets dentaires. Id\u00e9al pour les cliniques et cabinets dentaires n\u00e9cessitant un dosage hygi\u00e9nique et contr\u00f4l\u00e9.\" \/>\n<meta property=\"og:url\" content=\"https:\/\/yoestudiosalud.es\/produit\/dispensador-de-pellets\/\" \/>\n<meta property=\"og:site_name\" content=\"yoestudiosalud.es\" \/>\n<meta property=\"article:modified_time\" content=\"2025-06-17T20:54:09+00:00\" \/>\n<meta property=\"og:image\" content=\"https:\/\/yoestudiosalud.es\/wp-content\/uploads\/2025\/06\/003280.jpg\" \/>\n\t<meta property=\"og:image:width\" content=\"650\" \/>\n\t<meta property=\"og:image:height\" content=\"650\" \/>\n\t<meta property=\"og:image:type\" content=\"image\/jpeg\" \/>\n<meta name=\"twitter:card\" content=\"summary_large_image\" \/>\n<meta name=\"twitter:label1\" content=\"Dur\u00e9e de lecture estim\u00e9e\" \/>\n\t<meta name=\"twitter:data1\" content=\"1 minute\" \/>\n<script type=\"application\/ld+json\" class=\"yoast-schema-graph\">{\"@context\":\"https:\/\/schema.org\",\"@graph\":[{\"@type\":\"WebPage\",\"@id\":\"https:\/\/yoestudiosalud.es\/produit\/dispensador-de-pellets\/\",\"url\":\"https:\/\/yoestudiosalud.es\/produit\/dispensador-de-pellets\/\",\"name\":\"DISTRIBUTEUR DE PELLETS - yoestudiosalud.es\",\"isPartOf\":{\"@id\":\"https:\/\/yoestudiosalud.es\/en\/#website\"},\"primaryImageOfPage\":{\"@id\":\"https:\/\/yoestudiosalud.es\/produit\/dispensador-de-pellets\/#primaryimage\"},\"image\":{\"@id\":\"https:\/\/yoestudiosalud.es\/produit\/dispensador-de-pellets\/#primaryimage\"},\"thumbnailUrl\":\"https:\/\/yoestudiosalud.es\/wp-content\/uploads\/2025\/06\/003280.jpg\",\"datePublished\":\"2025-06-12T12:03:32+00:00\",\"dateModified\":\"2025-06-17T20:54:09+00:00\",\"breadcrumb\":{\"@id\":\"https:\/\/yoestudiosalud.es\/produit\/dispensador-de-pellets\/#breadcrumb\"},\"inLanguage\":\"fr-FR\",\"potentialAction\":[{\"@type\":\"ReadAction\",\"target\":[\"https:\/\/yoestudiosalud.es\/produit\/dispensador-de-pellets\/\"]}]},{\"@type\":\"ImageObject\",\"inLanguage\":\"fr-FR\",\"@id\":\"https:\/\/yoestudiosalud.es\/produit\/dispensador-de-pellets\/#primaryimage\",\"url\":\"https:\/\/yoestudiosalud.es\/wp-content\/uploads\/2025\/06\/003280.jpg\",\"contentUrl\":\"https:\/\/yoestudiosalud.es\/wp-content\/uploads\/2025\/06\/003280.jpg\",\"width\":650,\"height\":650},{\"@type\":\"BreadcrumbList\",\"@id\":\"https:\/\/yoestudiosalud.es\/produit\/dispensador-de-pellets\/#breadcrumb\",\"itemListElement\":[{\"@type\":\"ListItem\",\"position\":1,\"name\":\"Portada\",\"item\":\"https:\/\/yoestudiosalud.es\/fr\/\"},{\"@type\":\"ListItem\",\"position\":2,\"name\":\"Boutique\",\"item\":\"https:\/\/yoestudiosalud.es\/fr\/boutique\/\"},{\"@type\":\"ListItem\",\"position\":3,\"name\":\"DISTRIBUTEUR DE PELLETS\"}]},{\"@type\":\"WebSite\",\"@id\":\"https:\/\/yoestudiosalud.es\/en\/#website\",\"url\":\"https:\/\/yoestudiosalud.es\/en\/\",\"name\":\"yoestudiosalud.es\",\"description\":\"Material para estudiantes del sector salud\",\"publisher\":{\"@id\":\"https:\/\/yoestudiosalud.es\/en\/#organization\"},\"potentialAction\":[{\"@type\":\"SearchAction\",\"target\":{\"@type\":\"EntryPoint\",\"urlTemplate\":\"https:\/\/yoestudiosalud.es\/en\/?s={search_term_string}\"},\"query-input\":{\"@type\":\"PropertyValueSpecification\",\"valueRequired\":true,\"valueName\":\"search_term_string\"}}],\"inLanguage\":\"fr-FR\"},{\"@type\":\"Organization\",\"@id\":\"https:\/\/yoestudiosalud.es\/en\/#organization\",\"name\":\"yoestudiosalud.es\",\"url\":\"https:\/\/yoestudiosalud.es\/en\/\",\"logo\":{\"@type\":\"ImageObject\",\"inLanguage\":\"fr-FR\",\"@id\":\"https:\/\/yoestudiosalud.es\/en\/#\/schema\/logo\/image\/\",\"url\":\"https:\/\/yoestudiosalud.es\/wp-content\/uploads\/2020\/04\/logonew-e1698080827687.png\",\"contentUrl\":\"https:\/\/yoestudiosalud.es\/wp-content\/uploads\/2020\/04\/logonew-e1698080827687.png\",\"width\":421,\"height\":393,\"caption\":\"yoestudiosalud.es\"},\"image\":{\"@id\":\"https:\/\/yoestudiosalud.es\/en\/#\/schema\/logo\/image\/\"}}]}<\/script>\n<!-- \/ Yoast SEO Premium plugin. -->","yoast_head_json":{"title":"DISTRIBUTEUR DE PELLETS - yoestudiosalud.es","robots":{"index":"index","follow":"follow","max-snippet":"max-snippet:-1","max-image-preview":"max-image-preview:large","max-video-preview":"max-video-preview:-1"},"canonical":"https:\/\/yoestudiosalud.es\/produit\/dispensador-de-pellets\/","og_locale":"fr_FR","og_type":"article","og_title":"DISTRIBUTEUR DE PELLETS","og_description":"Distributeur ergonomique et pr\u00e9cis pour pellets dentaires. Id\u00e9al pour les cliniques et cabinets dentaires n\u00e9cessitant un dosage hygi\u00e9nique et contr\u00f4l\u00e9.","og_url":"https:\/\/yoestudiosalud.es\/produit\/dispensador-de-pellets\/","og_site_name":"yoestudiosalud.es","article_modified_time":"2025-06-17T20:54:09+00:00","og_image":[{"width":650,"height":650,"url":"https:\/\/yoestudiosalud.es\/wp-content\/uploads\/2025\/06\/003280.jpg","type":"image\/jpeg"}],"twitter_card":"summary_large_image","twitter_misc":{"Dur\u00e9e de lecture estim\u00e9e":"1 minute"},"schema":{"@context":"https:\/\/schema.org","@graph":[{"@type":"WebPage","@id":"https:\/\/yoestudiosalud.es\/produit\/dispensador-de-pellets\/","url":"https:\/\/yoestudiosalud.es\/produit\/dispensador-de-pellets\/","name":"DISTRIBUTEUR DE PELLETS - yoestudiosalud.es","isPartOf":{"@id":"https:\/\/yoestudiosalud.es\/en\/#website"},"primaryImageOfPage":{"@id":"https:\/\/yoestudiosalud.es\/produit\/dispensador-de-pellets\/#primaryimage"},"image":{"@id":"https:\/\/yoestudiosalud.es\/produit\/dispensador-de-pellets\/#primaryimage"},"thumbnailUrl":"https:\/\/yoestudiosalud.es\/wp-content\/uploads\/2025\/06\/003280.jpg","datePublished":"2025-06-12T12:03:32+00:00","dateModified":"2025-06-17T20:54:09+00:00","breadcrumb":{"@id":"https:\/\/yoestudiosalud.es\/produit\/dispensador-de-pellets\/#breadcrumb"},"inLanguage":"fr-FR","potentialAction":[{"@type":"ReadAction","target":["https:\/\/yoestudiosalud.es\/produit\/dispensador-de-pellets\/"]}]},{"@type":"ImageObject","inLanguage":"fr-FR","@id":"https:\/\/yoestudiosalud.es\/produit\/dispensador-de-pellets\/#primaryimage","url":"https:\/\/yoestudiosalud.es\/wp-content\/uploads\/2025\/06\/003280.jpg","contentUrl":"https:\/\/yoestudiosalud.es\/wp-content\/uploads\/2025\/06\/003280.jpg","width":650,"height":650},{"@type":"BreadcrumbList","@id":"https:\/\/yoestudiosalud.es\/produit\/dispensador-de-pellets\/#breadcrumb","itemListElement":[{"@type":"ListItem","position":1,"name":"Portada","item":"https:\/\/yoestudiosalud.es\/fr\/"},{"@type":"ListItem","position":2,"name":"Boutique","item":"https:\/\/yoestudiosalud.es\/fr\/boutique\/"},{"@type":"ListItem","position":3,"name":"DISTRIBUTEUR DE PELLETS"}]},{"@type":"WebSite","@id":"https:\/\/yoestudiosalud.es\/en\/#website","url":"https:\/\/yoestudiosalud.es\/en\/","name":"yoestudiosalud.es","description":"Material para estudiantes del sector salud","publisher":{"@id":"https:\/\/yoestudiosalud.es\/en\/#organization"},"potentialAction":[{"@type":"SearchAction","target":{"@type":"EntryPoint","urlTemplate":"https:\/\/yoestudiosalud.es\/en\/?s={search_term_string}"},"query-input":{"@type":"PropertyValueSpecification","valueRequired":true,"valueName":"search_term_string"}}],"inLanguage":"fr-FR"},{"@type":"Organization","@id":"https:\/\/yoestudiosalud.es\/en\/#organization","name":"yoestudiosalud.es","url":"https:\/\/yoestudiosalud.es\/en\/","logo":{"@type":"ImageObject","inLanguage":"fr-FR","@id":"https:\/\/yoestudiosalud.es\/en\/#\/schema\/logo\/image\/","url":"https:\/\/yoestudiosalud.es\/wp-content\/uploads\/2020\/04\/logonew-e1698080827687.png","contentUrl":"https:\/\/yoestudiosalud.es\/wp-content\/uploads\/2020\/04\/logonew-e1698080827687.png","width":421,"height":393,"caption":"yoestudiosalud.es"},"image":{"@id":"https:\/\/yoestudiosalud.es\/en\/#\/schema\/logo\/image\/"}}]}},"_links":{"self":[{"href":"https:\/\/yoestudiosalud.es\/fr\/wp-json\/wp\/v2\/product\/31990","targetHints":{"allow":["GET"]}}],"collection":[{"href":"https:\/\/yoestudiosalud.es\/fr\/wp-json\/wp\/v2\/product"}],"about":[{"href":"https:\/\/yoestudiosalud.es\/fr\/wp-json\/wp\/v2\/types\/product"}],"wp:featuredmedia":[{"embeddable":true,"href":"https:\/\/yoestudiosalud.es\/fr\/wp-json\/wp\/v2\/media\/31709"}],"wp:attachment":[{"href":"https:\/\/yoestudiosalud.es\/fr\/wp-json\/wp\/v2\/media?parent=31990"}],"wp:term":[{"taxonomy":"product_brand","embeddable":true,"href":"https:\/\/yoestudiosalud.es\/fr\/wp-json\/wp\/v2\/product_brand?post=31990"},{"taxonomy":"product_cat","embeddable":true,"href":"https:\/\/yoestudiosalud.es\/fr\/wp-json\/wp\/v2\/product_cat?post=31990"},{"taxonomy":"product_tag","embeddable":true,"href":"https:\/\/yoestudiosalud.es\/fr\/wp-json\/wp\/v2\/product_tag?post=31990"}],"curies":[{"name":"wp","href":"https:\/\/api.w.org\/{rel}","templated":true}]}}