{"id":31989,"date":"2025-06-12T14:26:18","date_gmt":"2025-06-12T12:26:18","guid":{"rendered":"https:\/\/yoestudiosalud.es\/producto\/horico-fg-697-016-801l-314-016\/"},"modified":"2025-06-17T22:55:09","modified_gmt":"2025-06-17T20:55:09","slug":"horico-fg-697-016-801l-314-016","status":"publish","type":"product","link":"https:\/\/yoestudiosalud.es\/fr\/produit\/horico-fg-697-016-801l-314-016\/","title":{"rendered":"HORICO FG 697 016 (801L.314.016)"},"content":{"rendered":"<p data-start=\"641\" data-end=\"968\"><strong data-start=\"644\" data-end=\"693\">La fraise dentaire HORICO FG 697 016 (801L.314.016)<\/strong> est un instrument de coupe rotatif \u00e0 <strong data-start=\"735\" data-end=\"751\">col long<\/strong> con\u00e7u pour un usage professionnel avec des turbines dentaires \u00e0 grande vitesse. Fabriqu\u00e9e par la c\u00e9l\u00e8bre marque allemande <strong data-start=\"864\" data-end=\"874\">HORICO<\/strong>, cette fraise offre des performances exceptionnelles, une pr\u00e9cision chirurgicale et une durabilit\u00e9 \u00e9prouv\u00e9e.<\/p>\n<p data-start=\"970\" data-end=\"1192\">Son design \u00e0 col long permet un meilleur acc\u00e8s aux zones difficiles, facilitant les interventions cliniques telles que la pr\u00e9paration de cavit\u00e9s profondes, l\u2019\u00e9limination de structures dentaires ou les ajustements en zones sous-gingivales.<\/p>\n<p data-start=\"1194\" data-end=\"1234\"><strong data-start=\"1194\" data-end=\"1234\">Caract\u00e9ristiques techniques principales :<\/strong><\/p>\n<ul data-start=\"1235\" data-end=\"1594\">\n<li data-start=\"1235\" data-end=\"1271\">\n<p data-start=\"1237\" data-end=\"1271\"><strong data-start=\"1240\" data-end=\"1257\">Code HORICO<\/strong> : FG 697 016<\/p>\n<\/li>\n<li data-start=\"1272\" data-end=\"1307\">\n<p data-start=\"1274\" data-end=\"1307\"><strong data-start=\"1277\" data-end=\"1291\">Code ISO<\/strong> : 801L.314.016<\/p>\n<\/li>\n<li data-start=\"1308\" data-end=\"1368\">\n<p data-start=\"1310\" data-end=\"1368\"><strong data-start=\"1313\" data-end=\"1321\">Type<\/strong> : Fraise en carbure de tungst\u00e8ne, col long<\/p>\n<\/li>\n<li data-start=\"1369\" data-end=\"1440\">\n<p data-start=\"1371\" data-end=\"1440\"><strong data-start=\"1374\" data-end=\"1386\">Connexion<\/strong> : FG (Friction Grip) pour turbines \u00e0 grande vitesse<\/p>\n<\/li>\n<li data-start=\"1441\" data-end=\"1507\">\n<p data-start=\"1443\" data-end=\"1507\"><strong data-start=\"1446\" data-end=\"1469\">Fabrication allemande<\/strong> avec certifications internationales<\/p>\n<\/li>\n<li data-start=\"1508\" data-end=\"1594\">\n<p data-start=\"1510\" data-end=\"1594\"><strong data-start=\"1513\" data-end=\"1542\">Coupe efficace et pr\u00e9cise<\/strong>, id\u00e9ale pour l\u2019odontologie restauratrice et conservatrice<\/p>\n<\/li>\n<\/ul>\n","protected":false},"excerpt":{"rendered":"<p>Fraise dentaire de haute pr\u00e9cision HORICO FG 697 016 \u00e0 col long, id\u00e9ale pour les proc\u00e9dures cliniques exigeantes. Fabriqu\u00e9e en Allemagne selon les normes de qualit\u00e9 les plus strictes.<\/p>\n","protected":false},"featured_media":31713,"template":"","meta":[],"product_brand":[],"product_cat":[710,715],"product_tag":[705],"class_list":{"0":"post-31989","1":"product","2":"type-product","3":"status-publish","4":"has-post-thumbnail","6":"product_cat-odontologie-fr","7":"product_cat-fraises-fr","8":"product_tag-uev4","9":"pa_formacion-odontologia-fr","11":"first","12":"instock","13":"taxable","14":"shipping-taxable","15":"purchasable","16":"product-type-simple"},"yoast_head":"<!-- This site is optimized with the Yoast SEO Premium plugin v27.0 (Yoast SEO v27.2) - https:\/\/yoast.com\/product\/yoast-seo-premium-wordpress\/ -->\n<title>HORICO FG 697 016 (801L.314.016) - yoestudiosalud.es<\/title>\n<meta name=\"robots\" content=\"index, follow, max-snippet:-1, max-image-preview:large, max-video-preview:-1\" \/>\n<link rel=\"canonical\" href=\"https:\/\/yoestudiosalud.es\/fr\/produit\/horico-fg-697-016-801l-314-016\/\" \/>\n<meta property=\"og:locale\" content=\"fr_FR\" \/>\n<meta property=\"og:type\" content=\"article\" \/>\n<meta property=\"og:title\" content=\"HORICO FG 697 016 (801L.314.016)\" \/>\n<meta property=\"og:description\" content=\"Fraise dentaire de haute pr\u00e9cision HORICO FG 697 016 \u00e0 col long, id\u00e9ale pour les proc\u00e9dures cliniques exigeantes. Fabriqu\u00e9e en Allemagne selon les normes de qualit\u00e9 les plus strictes.\" \/>\n<meta property=\"og:url\" content=\"https:\/\/yoestudiosalud.es\/fr\/produit\/horico-fg-697-016-801l-314-016\/\" \/>\n<meta property=\"og:site_name\" content=\"yoestudiosalud.es\" \/>\n<meta property=\"article:modified_time\" content=\"2025-06-17T20:55:09+00:00\" \/>\n<meta property=\"og:image\" content=\"https:\/\/yoestudiosalud.es\/wp-content\/uploads\/2025\/06\/060003.016.jpg\" \/>\n\t<meta property=\"og:image:width\" content=\"650\" \/>\n\t<meta property=\"og:image:height\" content=\"650\" \/>\n\t<meta property=\"og:image:type\" content=\"image\/jpeg\" \/>\n<meta name=\"twitter:card\" content=\"summary_large_image\" \/>\n<meta name=\"twitter:label1\" content=\"Dur\u00e9e de lecture estim\u00e9e\" \/>\n\t<meta name=\"twitter:data1\" content=\"1 minute\" \/>\n<script type=\"application\/ld+json\" class=\"yoast-schema-graph\">{\"@context\":\"https:\/\/schema.org\",\"@graph\":[{\"@type\":\"WebPage\",\"@id\":\"https:\/\/yoestudiosalud.es\/fr\/produit\/horico-fg-697-016-801l-314-016\/\",\"url\":\"https:\/\/yoestudiosalud.es\/fr\/produit\/horico-fg-697-016-801l-314-016\/\",\"name\":\"HORICO FG 697 016 (801L.314.016) - yoestudiosalud.es\",\"isPartOf\":{\"@id\":\"https:\/\/yoestudiosalud.es\/en\/#website\"},\"primaryImageOfPage\":{\"@id\":\"https:\/\/yoestudiosalud.es\/fr\/produit\/horico-fg-697-016-801l-314-016\/#primaryimage\"},\"image\":{\"@id\":\"https:\/\/yoestudiosalud.es\/fr\/produit\/horico-fg-697-016-801l-314-016\/#primaryimage\"},\"thumbnailUrl\":\"https:\/\/yoestudiosalud.es\/wp-content\/uploads\/2025\/06\/060003.016.jpg\",\"datePublished\":\"2025-06-12T12:26:18+00:00\",\"dateModified\":\"2025-06-17T20:55:09+00:00\",\"breadcrumb\":{\"@id\":\"https:\/\/yoestudiosalud.es\/fr\/produit\/horico-fg-697-016-801l-314-016\/#breadcrumb\"},\"inLanguage\":\"fr-FR\",\"potentialAction\":[{\"@type\":\"ReadAction\",\"target\":[\"https:\/\/yoestudiosalud.es\/fr\/produit\/horico-fg-697-016-801l-314-016\/\"]}]},{\"@type\":\"ImageObject\",\"inLanguage\":\"fr-FR\",\"@id\":\"https:\/\/yoestudiosalud.es\/fr\/produit\/horico-fg-697-016-801l-314-016\/#primaryimage\",\"url\":\"https:\/\/yoestudiosalud.es\/wp-content\/uploads\/2025\/06\/060003.016.jpg\",\"contentUrl\":\"https:\/\/yoestudiosalud.es\/wp-content\/uploads\/2025\/06\/060003.016.jpg\",\"width\":650,\"height\":650},{\"@type\":\"BreadcrumbList\",\"@id\":\"https:\/\/yoestudiosalud.es\/fr\/produit\/horico-fg-697-016-801l-314-016\/#breadcrumb\",\"itemListElement\":[{\"@type\":\"ListItem\",\"position\":1,\"name\":\"Portada\",\"item\":\"https:\/\/yoestudiosalud.es\/fr\/\"},{\"@type\":\"ListItem\",\"position\":2,\"name\":\"Boutique\",\"item\":\"https:\/\/yoestudiosalud.es\/fr\/boutique\/\"},{\"@type\":\"ListItem\",\"position\":3,\"name\":\"HORICO FG 697 016 (801L.314.016)\"}]},{\"@type\":\"WebSite\",\"@id\":\"https:\/\/yoestudiosalud.es\/en\/#website\",\"url\":\"https:\/\/yoestudiosalud.es\/en\/\",\"name\":\"yoestudiosalud.es\",\"description\":\"Material para estudiantes del sector salud\",\"publisher\":{\"@id\":\"https:\/\/yoestudiosalud.es\/en\/#organization\"},\"potentialAction\":[{\"@type\":\"SearchAction\",\"target\":{\"@type\":\"EntryPoint\",\"urlTemplate\":\"https:\/\/yoestudiosalud.es\/en\/?s={search_term_string}\"},\"query-input\":{\"@type\":\"PropertyValueSpecification\",\"valueRequired\":true,\"valueName\":\"search_term_string\"}}],\"inLanguage\":\"fr-FR\"},{\"@type\":\"Organization\",\"@id\":\"https:\/\/yoestudiosalud.es\/en\/#organization\",\"name\":\"yoestudiosalud.es\",\"url\":\"https:\/\/yoestudiosalud.es\/en\/\",\"logo\":{\"@type\":\"ImageObject\",\"inLanguage\":\"fr-FR\",\"@id\":\"https:\/\/yoestudiosalud.es\/en\/#\/schema\/logo\/image\/\",\"url\":\"https:\/\/yoestudiosalud.es\/wp-content\/uploads\/2020\/04\/logonew-e1698080827687.png\",\"contentUrl\":\"https:\/\/yoestudiosalud.es\/wp-content\/uploads\/2020\/04\/logonew-e1698080827687.png\",\"width\":421,\"height\":393,\"caption\":\"yoestudiosalud.es\"},\"image\":{\"@id\":\"https:\/\/yoestudiosalud.es\/en\/#\/schema\/logo\/image\/\"}}]}<\/script>\n<!-- \/ Yoast SEO Premium plugin. -->","yoast_head_json":{"title":"HORICO FG 697 016 (801L.314.016) - yoestudiosalud.es","robots":{"index":"index","follow":"follow","max-snippet":"max-snippet:-1","max-image-preview":"max-image-preview:large","max-video-preview":"max-video-preview:-1"},"canonical":"https:\/\/yoestudiosalud.es\/fr\/produit\/horico-fg-697-016-801l-314-016\/","og_locale":"fr_FR","og_type":"article","og_title":"HORICO FG 697 016 (801L.314.016)","og_description":"Fraise dentaire de haute pr\u00e9cision HORICO FG 697 016 \u00e0 col long, id\u00e9ale pour les proc\u00e9dures cliniques exigeantes. Fabriqu\u00e9e en Allemagne selon les normes de qualit\u00e9 les plus strictes.","og_url":"https:\/\/yoestudiosalud.es\/fr\/produit\/horico-fg-697-016-801l-314-016\/","og_site_name":"yoestudiosalud.es","article_modified_time":"2025-06-17T20:55:09+00:00","og_image":[{"width":650,"height":650,"url":"https:\/\/yoestudiosalud.es\/wp-content\/uploads\/2025\/06\/060003.016.jpg","type":"image\/jpeg"}],"twitter_card":"summary_large_image","twitter_misc":{"Dur\u00e9e de lecture estim\u00e9e":"1 minute"},"schema":{"@context":"https:\/\/schema.org","@graph":[{"@type":"WebPage","@id":"https:\/\/yoestudiosalud.es\/fr\/produit\/horico-fg-697-016-801l-314-016\/","url":"https:\/\/yoestudiosalud.es\/fr\/produit\/horico-fg-697-016-801l-314-016\/","name":"HORICO FG 697 016 (801L.314.016) - yoestudiosalud.es","isPartOf":{"@id":"https:\/\/yoestudiosalud.es\/en\/#website"},"primaryImageOfPage":{"@id":"https:\/\/yoestudiosalud.es\/fr\/produit\/horico-fg-697-016-801l-314-016\/#primaryimage"},"image":{"@id":"https:\/\/yoestudiosalud.es\/fr\/produit\/horico-fg-697-016-801l-314-016\/#primaryimage"},"thumbnailUrl":"https:\/\/yoestudiosalud.es\/wp-content\/uploads\/2025\/06\/060003.016.jpg","datePublished":"2025-06-12T12:26:18+00:00","dateModified":"2025-06-17T20:55:09+00:00","breadcrumb":{"@id":"https:\/\/yoestudiosalud.es\/fr\/produit\/horico-fg-697-016-801l-314-016\/#breadcrumb"},"inLanguage":"fr-FR","potentialAction":[{"@type":"ReadAction","target":["https:\/\/yoestudiosalud.es\/fr\/produit\/horico-fg-697-016-801l-314-016\/"]}]},{"@type":"ImageObject","inLanguage":"fr-FR","@id":"https:\/\/yoestudiosalud.es\/fr\/produit\/horico-fg-697-016-801l-314-016\/#primaryimage","url":"https:\/\/yoestudiosalud.es\/wp-content\/uploads\/2025\/06\/060003.016.jpg","contentUrl":"https:\/\/yoestudiosalud.es\/wp-content\/uploads\/2025\/06\/060003.016.jpg","width":650,"height":650},{"@type":"BreadcrumbList","@id":"https:\/\/yoestudiosalud.es\/fr\/produit\/horico-fg-697-016-801l-314-016\/#breadcrumb","itemListElement":[{"@type":"ListItem","position":1,"name":"Portada","item":"https:\/\/yoestudiosalud.es\/fr\/"},{"@type":"ListItem","position":2,"name":"Boutique","item":"https:\/\/yoestudiosalud.es\/fr\/boutique\/"},{"@type":"ListItem","position":3,"name":"HORICO FG 697 016 (801L.314.016)"}]},{"@type":"WebSite","@id":"https:\/\/yoestudiosalud.es\/en\/#website","url":"https:\/\/yoestudiosalud.es\/en\/","name":"yoestudiosalud.es","description":"Material para estudiantes del sector salud","publisher":{"@id":"https:\/\/yoestudiosalud.es\/en\/#organization"},"potentialAction":[{"@type":"SearchAction","target":{"@type":"EntryPoint","urlTemplate":"https:\/\/yoestudiosalud.es\/en\/?s={search_term_string}"},"query-input":{"@type":"PropertyValueSpecification","valueRequired":true,"valueName":"search_term_string"}}],"inLanguage":"fr-FR"},{"@type":"Organization","@id":"https:\/\/yoestudiosalud.es\/en\/#organization","name":"yoestudiosalud.es","url":"https:\/\/yoestudiosalud.es\/en\/","logo":{"@type":"ImageObject","inLanguage":"fr-FR","@id":"https:\/\/yoestudiosalud.es\/en\/#\/schema\/logo\/image\/","url":"https:\/\/yoestudiosalud.es\/wp-content\/uploads\/2020\/04\/logonew-e1698080827687.png","contentUrl":"https:\/\/yoestudiosalud.es\/wp-content\/uploads\/2020\/04\/logonew-e1698080827687.png","width":421,"height":393,"caption":"yoestudiosalud.es"},"image":{"@id":"https:\/\/yoestudiosalud.es\/en\/#\/schema\/logo\/image\/"}}]}},"_links":{"self":[{"href":"https:\/\/yoestudiosalud.es\/fr\/wp-json\/wp\/v2\/product\/31989","targetHints":{"allow":["GET"]}}],"collection":[{"href":"https:\/\/yoestudiosalud.es\/fr\/wp-json\/wp\/v2\/product"}],"about":[{"href":"https:\/\/yoestudiosalud.es\/fr\/wp-json\/wp\/v2\/types\/product"}],"wp:featuredmedia":[{"embeddable":true,"href":"https:\/\/yoestudiosalud.es\/fr\/wp-json\/wp\/v2\/media\/31713"}],"wp:attachment":[{"href":"https:\/\/yoestudiosalud.es\/fr\/wp-json\/wp\/v2\/media?parent=31989"}],"wp:term":[{"taxonomy":"product_brand","embeddable":true,"href":"https:\/\/yoestudiosalud.es\/fr\/wp-json\/wp\/v2\/product_brand?post=31989"},{"taxonomy":"product_cat","embeddable":true,"href":"https:\/\/yoestudiosalud.es\/fr\/wp-json\/wp\/v2\/product_cat?post=31989"},{"taxonomy":"product_tag","embeddable":true,"href":"https:\/\/yoestudiosalud.es\/fr\/wp-json\/wp\/v2\/product_tag?post=31989"}],"curies":[{"name":"wp","href":"https:\/\/api.w.org\/{rel}","templated":true}]}}