{"id":31987,"date":"2025-06-13T12:14:42","date_gmt":"2025-06-13T10:14:42","guid":{"rendered":"https:\/\/yoestudiosalud.es\/producto\/pack-complemento-uev-endoset\/"},"modified":"2025-08-11T19:09:17","modified_gmt":"2025-08-11T17:09:17","slug":"pack-complemento-uev-endoset","status":"publish","type":"product","link":"https:\/\/yoestudiosalud.es\/fr\/produit\/pack-complemento-uev-endoset\/","title":{"rendered":"PACK COMPL\u00c9MENTAIRE UEV ENDOSET"},"content":{"rendered":"<p>Le Pack Compl\u00e9mentaire UEV Endoset est un kit de rechange pour l\u2019Endoset Basic, comprenant un doublon des limes demand\u00e9es par le professeur.<\/p>\n<p>Le kit comprend :<\/p>\n<ul>\n<li>KERR\u00a9 K-FILE 21\u202fmm n\u00ba10<\/li>\n<li>KERR\u00a9 K-FILE 25\u202fmm n\u00ba8<\/li>\n<li>KERR\u00a9 K-FILE 25\u202fmm n\u00ba10<\/li>\n<li>KERR\u00a9 K-FLEXO 25\u202fmm n\u00ba15<\/li>\n<li>KERR\u00a9 K-FLEXO 25\u202fmm n\u00ba20<\/li>\n<\/ul>\n<p>L\u2019Endoset Basic avec le pack compl\u00e9mentaire couvre l\u2019int\u00e9gralit\u00e9 du mat\u00e9riel requis par le corps enseignant de l\u2019Universit\u00e9 Europ\u00e9enne de Valence, selon la liste publi\u00e9e pour l\u2019ann\u00e9e universitaire 2025-2026.<\/p>\n","protected":false},"excerpt":{"rendered":"<p>Le Pack Compl\u00e9mentaire UEV Endoset est un kit de rechange pour l\u2019Endoset Basic, incluant un doublon des limes demand\u00e9es par le professeur.<\/p>\n","protected":false},"featured_media":33457,"template":"","meta":[],"product_brand":[],"product_cat":[680,710],"product_tag":[705],"class_list":{"0":"post-31987","1":"product","2":"type-product","3":"status-publish","4":"has-post-thumbnail","6":"product_cat-endodontie-fr","7":"product_cat-odontologie-fr","8":"product_tag-uev4","9":"pa_formacion-odontologia-fr","11":"first","12":"onbackorder","13":"taxable","14":"shipping-taxable","15":"purchasable","16":"product-type-simple"},"yoast_head":"<!-- This site is optimized with the Yoast SEO Premium plugin v27.0 (Yoast SEO v27.4) - https:\/\/yoast.com\/product\/yoast-seo-premium-wordpress\/ -->\n<title>PACK COMPL\u00c9MENTAIRE UEV ENDOSET - yoestudiosalud.es pour etudiantes<\/title>\n<meta name=\"description\" content=\"Le pack d&#039;accessoires UEV Endoset comprend les limes K et K-FLEX restantes, comme demand\u00e9 par les enseignants de l&#039;UEV. Retrouvez tout sur YoEstudioSalud.es.\" \/>\n<meta name=\"robots\" content=\"index, follow, max-snippet:-1, max-image-preview:large, max-video-preview:-1\" \/>\n<link rel=\"canonical\" href=\"https:\/\/yoestudiosalud.es\/produit\/pack-complemento-uev-endoset\/\" \/>\n<meta property=\"og:locale\" content=\"fr_FR\" \/>\n<meta property=\"og:type\" content=\"article\" \/>\n<meta property=\"og:title\" content=\"PACK COMPL\u00c9MENTAIRE UEV ENDOSET\" \/>\n<meta property=\"og:description\" content=\"Le pack d&#039;accessoires UEV Endoset comprend les limes K et K-FLEX restantes, comme demand\u00e9 par les enseignants de l&#039;UEV. Retrouvez tout sur YoEstudioSalud.es.\" \/>\n<meta property=\"og:url\" content=\"https:\/\/yoestudiosalud.es\/produit\/pack-complemento-uev-endoset\/\" \/>\n<meta property=\"og:site_name\" content=\"yoestudiosalud.es\" \/>\n<meta property=\"article:modified_time\" content=\"2025-08-11T17:09:17+00:00\" \/>\n<meta property=\"og:image\" content=\"https:\/\/yoestudiosalud.es\/wp-content\/uploads\/2025\/06\/005054.C2025.jpg\" \/>\n\t<meta property=\"og:image:width\" content=\"650\" \/>\n\t<meta property=\"og:image:height\" content=\"650\" \/>\n\t<meta property=\"og:image:type\" content=\"image\/jpeg\" \/>\n<meta name=\"twitter:card\" content=\"summary_large_image\" \/>\n<script type=\"application\/ld+json\" class=\"yoast-schema-graph\">{\"@context\":\"https:\\\/\\\/schema.org\",\"@graph\":[{\"@type\":\"WebPage\",\"@id\":\"https:\\\/\\\/yoestudiosalud.es\\\/produit\\\/pack-complemento-uev-endoset\\\/\",\"url\":\"https:\\\/\\\/yoestudiosalud.es\\\/produit\\\/pack-complemento-uev-endoset\\\/\",\"name\":\"PACK COMPL\u00c9MENTAIRE UEV ENDOSET - yoestudiosalud.es pour etudiantes\",\"isPartOf\":{\"@id\":\"https:\\\/\\\/yoestudiosalud.es\\\/en\\\/#website\"},\"primaryImageOfPage\":{\"@id\":\"https:\\\/\\\/yoestudiosalud.es\\\/produit\\\/pack-complemento-uev-endoset\\\/#primaryimage\"},\"image\":{\"@id\":\"https:\\\/\\\/yoestudiosalud.es\\\/produit\\\/pack-complemento-uev-endoset\\\/#primaryimage\"},\"thumbnailUrl\":\"https:\\\/\\\/yoestudiosalud.es\\\/wp-content\\\/uploads\\\/2025\\\/06\\\/005054.C2025.jpg\",\"datePublished\":\"2025-06-13T10:14:42+00:00\",\"dateModified\":\"2025-08-11T17:09:17+00:00\",\"description\":\"Le pack d'accessoires UEV Endoset comprend les limes K et K-FLEX restantes, comme demand\u00e9 par les enseignants de l'UEV. Retrouvez tout sur YoEstudioSalud.es.\",\"breadcrumb\":{\"@id\":\"https:\\\/\\\/yoestudiosalud.es\\\/produit\\\/pack-complemento-uev-endoset\\\/#breadcrumb\"},\"inLanguage\":\"fr-FR\",\"potentialAction\":[{\"@type\":\"ReadAction\",\"target\":[\"https:\\\/\\\/yoestudiosalud.es\\\/produit\\\/pack-complemento-uev-endoset\\\/\"]}]},{\"@type\":\"ImageObject\",\"inLanguage\":\"fr-FR\",\"@id\":\"https:\\\/\\\/yoestudiosalud.es\\\/produit\\\/pack-complemento-uev-endoset\\\/#primaryimage\",\"url\":\"https:\\\/\\\/yoestudiosalud.es\\\/wp-content\\\/uploads\\\/2025\\\/06\\\/005054.C2025.jpg\",\"contentUrl\":\"https:\\\/\\\/yoestudiosalud.es\\\/wp-content\\\/uploads\\\/2025\\\/06\\\/005054.C2025.jpg\",\"width\":650,\"height\":650,\"caption\":\"PACK COMPL\u00c9MENTAIRE UEV ENDOSET\"},{\"@type\":\"BreadcrumbList\",\"@id\":\"https:\\\/\\\/yoestudiosalud.es\\\/produit\\\/pack-complemento-uev-endoset\\\/#breadcrumb\",\"itemListElement\":[{\"@type\":\"ListItem\",\"position\":1,\"name\":\"Portada\",\"item\":\"https:\\\/\\\/yoestudiosalud.es\\\/fr\\\/\"},{\"@type\":\"ListItem\",\"position\":2,\"name\":\"Boutique\",\"item\":\"https:\\\/\\\/yoestudiosalud.es\\\/fr\\\/boutique\\\/\"},{\"@type\":\"ListItem\",\"position\":3,\"name\":\"PACK COMPL\u00c9MENTAIRE UEV ENDOSET\"}]},{\"@type\":\"WebSite\",\"@id\":\"https:\\\/\\\/yoestudiosalud.es\\\/en\\\/#website\",\"url\":\"https:\\\/\\\/yoestudiosalud.es\\\/en\\\/\",\"name\":\"yoestudiosalud.es\",\"description\":\"Material para estudiantes del sector salud\",\"publisher\":{\"@id\":\"https:\\\/\\\/yoestudiosalud.es\\\/en\\\/#organization\"},\"potentialAction\":[{\"@type\":\"SearchAction\",\"target\":{\"@type\":\"EntryPoint\",\"urlTemplate\":\"https:\\\/\\\/yoestudiosalud.es\\\/en\\\/?s={search_term_string}\"},\"query-input\":{\"@type\":\"PropertyValueSpecification\",\"valueRequired\":true,\"valueName\":\"search_term_string\"}}],\"inLanguage\":\"fr-FR\"},{\"@type\":\"Organization\",\"@id\":\"https:\\\/\\\/yoestudiosalud.es\\\/en\\\/#organization\",\"name\":\"yoestudiosalud.es\",\"url\":\"https:\\\/\\\/yoestudiosalud.es\\\/en\\\/\",\"logo\":{\"@type\":\"ImageObject\",\"inLanguage\":\"fr-FR\",\"@id\":\"https:\\\/\\\/yoestudiosalud.es\\\/en\\\/#\\\/schema\\\/logo\\\/image\\\/\",\"url\":\"https:\\\/\\\/yoestudiosalud.es\\\/wp-content\\\/uploads\\\/2020\\\/04\\\/logonew-e1698080827687.png\",\"contentUrl\":\"https:\\\/\\\/yoestudiosalud.es\\\/wp-content\\\/uploads\\\/2020\\\/04\\\/logonew-e1698080827687.png\",\"width\":421,\"height\":393,\"caption\":\"yoestudiosalud.es\"},\"image\":{\"@id\":\"https:\\\/\\\/yoestudiosalud.es\\\/en\\\/#\\\/schema\\\/logo\\\/image\\\/\"}}]}<\/script>\n<!-- \/ Yoast SEO Premium plugin. -->","yoast_head_json":{"title":"PACK COMPL\u00c9MENTAIRE UEV ENDOSET - yoestudiosalud.es pour etudiantes","description":"Le pack d'accessoires UEV Endoset comprend les limes K et K-FLEX restantes, comme demand\u00e9 par les enseignants de l'UEV. Retrouvez tout sur YoEstudioSalud.es.","robots":{"index":"index","follow":"follow","max-snippet":"max-snippet:-1","max-image-preview":"max-image-preview:large","max-video-preview":"max-video-preview:-1"},"canonical":"https:\/\/yoestudiosalud.es\/produit\/pack-complemento-uev-endoset\/","og_locale":"fr_FR","og_type":"article","og_title":"PACK COMPL\u00c9MENTAIRE UEV ENDOSET","og_description":"Le pack d'accessoires UEV Endoset comprend les limes K et K-FLEX restantes, comme demand\u00e9 par les enseignants de l'UEV. Retrouvez tout sur YoEstudioSalud.es.","og_url":"https:\/\/yoestudiosalud.es\/produit\/pack-complemento-uev-endoset\/","og_site_name":"yoestudiosalud.es","article_modified_time":"2025-08-11T17:09:17+00:00","og_image":[{"width":650,"height":650,"url":"https:\/\/yoestudiosalud.es\/wp-content\/uploads\/2025\/06\/005054.C2025.jpg","type":"image\/jpeg"}],"twitter_card":"summary_large_image","schema":{"@context":"https:\/\/schema.org","@graph":[{"@type":"WebPage","@id":"https:\/\/yoestudiosalud.es\/produit\/pack-complemento-uev-endoset\/","url":"https:\/\/yoestudiosalud.es\/produit\/pack-complemento-uev-endoset\/","name":"PACK COMPL\u00c9MENTAIRE UEV ENDOSET - yoestudiosalud.es pour etudiantes","isPartOf":{"@id":"https:\/\/yoestudiosalud.es\/en\/#website"},"primaryImageOfPage":{"@id":"https:\/\/yoestudiosalud.es\/produit\/pack-complemento-uev-endoset\/#primaryimage"},"image":{"@id":"https:\/\/yoestudiosalud.es\/produit\/pack-complemento-uev-endoset\/#primaryimage"},"thumbnailUrl":"https:\/\/yoestudiosalud.es\/wp-content\/uploads\/2025\/06\/005054.C2025.jpg","datePublished":"2025-06-13T10:14:42+00:00","dateModified":"2025-08-11T17:09:17+00:00","description":"Le pack d'accessoires UEV Endoset comprend les limes K et K-FLEX restantes, comme demand\u00e9 par les enseignants de l'UEV. Retrouvez tout sur YoEstudioSalud.es.","breadcrumb":{"@id":"https:\/\/yoestudiosalud.es\/produit\/pack-complemento-uev-endoset\/#breadcrumb"},"inLanguage":"fr-FR","potentialAction":[{"@type":"ReadAction","target":["https:\/\/yoestudiosalud.es\/produit\/pack-complemento-uev-endoset\/"]}]},{"@type":"ImageObject","inLanguage":"fr-FR","@id":"https:\/\/yoestudiosalud.es\/produit\/pack-complemento-uev-endoset\/#primaryimage","url":"https:\/\/yoestudiosalud.es\/wp-content\/uploads\/2025\/06\/005054.C2025.jpg","contentUrl":"https:\/\/yoestudiosalud.es\/wp-content\/uploads\/2025\/06\/005054.C2025.jpg","width":650,"height":650,"caption":"PACK COMPL\u00c9MENTAIRE UEV ENDOSET"},{"@type":"BreadcrumbList","@id":"https:\/\/yoestudiosalud.es\/produit\/pack-complemento-uev-endoset\/#breadcrumb","itemListElement":[{"@type":"ListItem","position":1,"name":"Portada","item":"https:\/\/yoestudiosalud.es\/fr\/"},{"@type":"ListItem","position":2,"name":"Boutique","item":"https:\/\/yoestudiosalud.es\/fr\/boutique\/"},{"@type":"ListItem","position":3,"name":"PACK COMPL\u00c9MENTAIRE UEV ENDOSET"}]},{"@type":"WebSite","@id":"https:\/\/yoestudiosalud.es\/en\/#website","url":"https:\/\/yoestudiosalud.es\/en\/","name":"yoestudiosalud.es","description":"Material para estudiantes del sector salud","publisher":{"@id":"https:\/\/yoestudiosalud.es\/en\/#organization"},"potentialAction":[{"@type":"SearchAction","target":{"@type":"EntryPoint","urlTemplate":"https:\/\/yoestudiosalud.es\/en\/?s={search_term_string}"},"query-input":{"@type":"PropertyValueSpecification","valueRequired":true,"valueName":"search_term_string"}}],"inLanguage":"fr-FR"},{"@type":"Organization","@id":"https:\/\/yoestudiosalud.es\/en\/#organization","name":"yoestudiosalud.es","url":"https:\/\/yoestudiosalud.es\/en\/","logo":{"@type":"ImageObject","inLanguage":"fr-FR","@id":"https:\/\/yoestudiosalud.es\/en\/#\/schema\/logo\/image\/","url":"https:\/\/yoestudiosalud.es\/wp-content\/uploads\/2020\/04\/logonew-e1698080827687.png","contentUrl":"https:\/\/yoestudiosalud.es\/wp-content\/uploads\/2020\/04\/logonew-e1698080827687.png","width":421,"height":393,"caption":"yoestudiosalud.es"},"image":{"@id":"https:\/\/yoestudiosalud.es\/en\/#\/schema\/logo\/image\/"}}]}},"_links":{"self":[{"href":"https:\/\/yoestudiosalud.es\/fr\/wp-json\/wp\/v2\/product\/31987","targetHints":{"allow":["GET"]}}],"collection":[{"href":"https:\/\/yoestudiosalud.es\/fr\/wp-json\/wp\/v2\/product"}],"about":[{"href":"https:\/\/yoestudiosalud.es\/fr\/wp-json\/wp\/v2\/types\/product"}],"wp:featuredmedia":[{"embeddable":true,"href":"https:\/\/yoestudiosalud.es\/fr\/wp-json\/wp\/v2\/media\/33457"}],"wp:attachment":[{"href":"https:\/\/yoestudiosalud.es\/fr\/wp-json\/wp\/v2\/media?parent=31987"}],"wp:term":[{"taxonomy":"product_brand","embeddable":true,"href":"https:\/\/yoestudiosalud.es\/fr\/wp-json\/wp\/v2\/product_brand?post=31987"},{"taxonomy":"product_cat","embeddable":true,"href":"https:\/\/yoestudiosalud.es\/fr\/wp-json\/wp\/v2\/product_cat?post=31987"},{"taxonomy":"product_tag","embeddable":true,"href":"https:\/\/yoestudiosalud.es\/fr\/wp-json\/wp\/v2\/product_tag?post=31987"}],"curies":[{"name":"wp","href":"https:\/\/api.w.org\/{rel}","templated":true}]}}