{"id":31986,"date":"2025-06-13T13:02:30","date_gmt":"2025-06-13T11:02:30","guid":{"rendered":"https:\/\/yoestudiosalud.es\/producto\/pulidor-amarillo-0659hp-h9644\/"},"modified":"2025-06-17T22:58:04","modified_gmt":"2025-06-17T20:58:04","slug":"pulidor-amarillo-0659hp-h9644","status":"publish","type":"product","link":"https:\/\/yoestudiosalud.es\/fr\/produit\/pulidor-amarillo-0659hp-h9644\/","title":{"rendered":"PULIDOR AMARILLO (0654HP \/ H9644)"},"content":{"rendered":"<p data-start=\"229\" data-end=\"643\">Le <strong data-start=\"232\" data-end=\"261\">Polissoir Jaune (0654HP)<\/strong> de <strong data-start=\"265\" data-end=\"275\">Horico<\/strong> est une fraise de polissage dentaire de haute qualit\u00e9, sp\u00e9cialement con\u00e7ue pour une utilisation avec une <strong data-start=\"362\" data-end=\"385\">pi\u00e8ce \u00e0 main droite<\/strong>. Fabriqu\u00e9 par la c\u00e9l\u00e8bre marque allemande Horico, ce polissoir offre une finition pr\u00e9cise et lisse, id\u00e9ale pour les travaux cliniques exigeants.<\/p>\n<p data-start=\"645\" data-end=\"828\">Id\u00e9al pour les laboratoires et cliniques dentaires, le polissoir jaune garantit une performance fiable et durable, contribuant \u00e0 un travail d\u00e9taill\u00e9 et professionnel \u00e0 chaque intervention.<\/p>\n<p data-start=\"830\" data-end=\"861\"><strong data-start=\"830\" data-end=\"861\">Caract\u00e9ristiques principales :<\/strong><\/p>\n<ul data-start=\"862\" data-end=\"1100\">\n<li data-start=\"862\" data-end=\"913\">\n<p data-start=\"864\" data-end=\"913\">Polissoir dentaire de couleur jaune pour usage clinique<\/p>\n<\/li>\n<li data-start=\"914\" data-end=\"950\">\n<p data-start=\"916\" data-end=\"950\">Compatible avec pi\u00e8ce \u00e0 main droite<\/p>\n<\/li>\n<li data-start=\"951\" data-end=\"1011\">\n<p data-start=\"953\" data-end=\"1011\">Fabriqu\u00e9 par Horico, leader des fraises et polissoirs dentaires<\/p>\n<\/li>\n<li data-start=\"1012\" data-end=\"1069\">\n<p data-start=\"1014\" data-end=\"1069\">Code produit : 0654HP | Code alternatif : H9644<\/p>\n<\/li>\n<li data-start=\"1070\" data-end=\"1100\">\n<p data-start=\"1072\" data-end=\"1100\">Haute pr\u00e9cision et durabilit\u00e9<\/p>\n<\/li>\n<\/ul>\n","protected":false},"excerpt":{"rendered":"<p>Le <strong data-start=\"232\" data-end=\"261\">Polissoir Jaune (0654HP)<\/strong> de <strong data-start=\"265\" data-end=\"275\">Horico<\/strong> est une fraise de polissage dentaire de haute qualit\u00e9, sp\u00e9cialement con\u00e7ue pour une utilisation avec une <strong data-start=\"362\" data-end=\"385\">pi\u00e8ce \u00e0 main droite<\/strong>. Fabriqu\u00e9 par la renomm\u00e9e marque allemande Horico, ce polissoir offre une finition pr\u00e9cise et lisse, id\u00e9ale pour les travaux cliniques exigeants.<\/p>\n","protected":false},"featured_media":31941,"template":"","meta":[],"product_brand":[],"product_cat":[710,715],"product_tag":[763,679],"class_list":{"0":"post-31986","1":"product","2":"type-product","3":"status-publish","4":"has-post-thumbnail","6":"product_cat-odontologie-fr","7":"product_cat-fraises-fr","8":"product_tag-uev3","9":"product_tag-ceusp2-fr","10":"pa_formacion-odontologia-fr","12":"first","13":"instock","14":"taxable","15":"shipping-taxable","16":"purchasable","17":"product-type-simple"},"yoast_head":"<!-- This site is optimized with the Yoast SEO Premium plugin v27.0 (Yoast SEO v27.2) - https:\/\/yoast.com\/product\/yoast-seo-premium-wordpress\/ -->\n<title>PULIDOR AMARILLO (0654HP \/ H9644) - yoestudiosalud.es<\/title>\n<meta name=\"robots\" content=\"index, follow, max-snippet:-1, max-image-preview:large, max-video-preview:-1\" \/>\n<link rel=\"canonical\" href=\"https:\/\/yoestudiosalud.es\/produit\/pulidor-amarillo-0659hp-h9644-2\/\" \/>\n<meta property=\"og:locale\" content=\"fr_FR\" \/>\n<meta property=\"og:type\" content=\"article\" \/>\n<meta property=\"og:title\" content=\"PULIDOR AMARILLO (0654HP \/ H9644)\" \/>\n<meta property=\"og:description\" content=\"Le Polissoir Jaune (0654HP) de Horico est une fraise de polissage dentaire de haute qualit\u00e9, sp\u00e9cialement con\u00e7ue pour une utilisation avec une pi\u00e8ce \u00e0 main droite. Fabriqu\u00e9 par la renomm\u00e9e marque allemande Horico, ce polissoir offre une finition pr\u00e9cise et lisse, id\u00e9ale pour les travaux cliniques exigeants.\" \/>\n<meta property=\"og:url\" content=\"https:\/\/yoestudiosalud.es\/produit\/pulidor-amarillo-0659hp-h9644-2\/\" \/>\n<meta property=\"og:site_name\" content=\"yoestudiosalud.es\" \/>\n<meta property=\"article:modified_time\" content=\"2025-06-17T20:58:04+00:00\" \/>\n<meta property=\"og:image\" content=\"https:\/\/yoestudiosalud.es\/wp-content\/uploads\/2025\/06\/0601222.jpg\" \/>\n\t<meta property=\"og:image:width\" content=\"650\" \/>\n\t<meta property=\"og:image:height\" content=\"650\" \/>\n\t<meta property=\"og:image:type\" content=\"image\/jpeg\" \/>\n<meta name=\"twitter:card\" content=\"summary_large_image\" \/>\n<meta name=\"twitter:label1\" content=\"Dur\u00e9e de lecture estim\u00e9e\" \/>\n\t<meta name=\"twitter:data1\" content=\"1 minute\" \/>\n<script type=\"application\/ld+json\" class=\"yoast-schema-graph\">{\"@context\":\"https:\/\/schema.org\",\"@graph\":[{\"@type\":\"WebPage\",\"@id\":\"https:\/\/yoestudiosalud.es\/produit\/pulidor-amarillo-0659hp-h9644-2\/\",\"url\":\"https:\/\/yoestudiosalud.es\/produit\/pulidor-amarillo-0659hp-h9644-2\/\",\"name\":\"PULIDOR AMARILLO (0654HP \/ H9644) - yoestudiosalud.es\",\"isPartOf\":{\"@id\":\"https:\/\/yoestudiosalud.es\/en\/#website\"},\"primaryImageOfPage\":{\"@id\":\"https:\/\/yoestudiosalud.es\/produit\/pulidor-amarillo-0659hp-h9644-2\/#primaryimage\"},\"image\":{\"@id\":\"https:\/\/yoestudiosalud.es\/produit\/pulidor-amarillo-0659hp-h9644-2\/#primaryimage\"},\"thumbnailUrl\":\"https:\/\/yoestudiosalud.es\/wp-content\/uploads\/2025\/06\/0601222.jpg\",\"datePublished\":\"2025-06-13T11:02:30+00:00\",\"dateModified\":\"2025-06-17T20:58:04+00:00\",\"breadcrumb\":{\"@id\":\"https:\/\/yoestudiosalud.es\/produit\/pulidor-amarillo-0659hp-h9644-2\/#breadcrumb\"},\"inLanguage\":\"fr-FR\",\"potentialAction\":[{\"@type\":\"ReadAction\",\"target\":[\"https:\/\/yoestudiosalud.es\/produit\/pulidor-amarillo-0659hp-h9644-2\/\"]}]},{\"@type\":\"ImageObject\",\"inLanguage\":\"fr-FR\",\"@id\":\"https:\/\/yoestudiosalud.es\/produit\/pulidor-amarillo-0659hp-h9644-2\/#primaryimage\",\"url\":\"https:\/\/yoestudiosalud.es\/wp-content\/uploads\/2025\/06\/0601222.jpg\",\"contentUrl\":\"https:\/\/yoestudiosalud.es\/wp-content\/uploads\/2025\/06\/0601222.jpg\",\"width\":650,\"height\":650},{\"@type\":\"BreadcrumbList\",\"@id\":\"https:\/\/yoestudiosalud.es\/produit\/pulidor-amarillo-0659hp-h9644-2\/#breadcrumb\",\"itemListElement\":[{\"@type\":\"ListItem\",\"position\":1,\"name\":\"Portada\",\"item\":\"https:\/\/yoestudiosalud.es\/fr\/\"},{\"@type\":\"ListItem\",\"position\":2,\"name\":\"Boutique\",\"item\":\"https:\/\/yoestudiosalud.es\/fr\/boutique\/\"},{\"@type\":\"ListItem\",\"position\":3,\"name\":\"PULIDOR AMARILLO (0654HP \/ H9644)\"}]},{\"@type\":\"WebSite\",\"@id\":\"https:\/\/yoestudiosalud.es\/en\/#website\",\"url\":\"https:\/\/yoestudiosalud.es\/en\/\",\"name\":\"yoestudiosalud.es\",\"description\":\"Material para estudiantes del sector salud\",\"publisher\":{\"@id\":\"https:\/\/yoestudiosalud.es\/en\/#organization\"},\"potentialAction\":[{\"@type\":\"SearchAction\",\"target\":{\"@type\":\"EntryPoint\",\"urlTemplate\":\"https:\/\/yoestudiosalud.es\/en\/?s={search_term_string}\"},\"query-input\":{\"@type\":\"PropertyValueSpecification\",\"valueRequired\":true,\"valueName\":\"search_term_string\"}}],\"inLanguage\":\"fr-FR\"},{\"@type\":\"Organization\",\"@id\":\"https:\/\/yoestudiosalud.es\/en\/#organization\",\"name\":\"yoestudiosalud.es\",\"url\":\"https:\/\/yoestudiosalud.es\/en\/\",\"logo\":{\"@type\":\"ImageObject\",\"inLanguage\":\"fr-FR\",\"@id\":\"https:\/\/yoestudiosalud.es\/en\/#\/schema\/logo\/image\/\",\"url\":\"https:\/\/yoestudiosalud.es\/wp-content\/uploads\/2020\/04\/logonew-e1698080827687.png\",\"contentUrl\":\"https:\/\/yoestudiosalud.es\/wp-content\/uploads\/2020\/04\/logonew-e1698080827687.png\",\"width\":421,\"height\":393,\"caption\":\"yoestudiosalud.es\"},\"image\":{\"@id\":\"https:\/\/yoestudiosalud.es\/en\/#\/schema\/logo\/image\/\"}}]}<\/script>\n<!-- \/ Yoast SEO Premium plugin. -->","yoast_head_json":{"title":"PULIDOR AMARILLO (0654HP \/ H9644) - yoestudiosalud.es","robots":{"index":"index","follow":"follow","max-snippet":"max-snippet:-1","max-image-preview":"max-image-preview:large","max-video-preview":"max-video-preview:-1"},"canonical":"https:\/\/yoestudiosalud.es\/produit\/pulidor-amarillo-0659hp-h9644-2\/","og_locale":"fr_FR","og_type":"article","og_title":"PULIDOR AMARILLO (0654HP \/ H9644)","og_description":"Le Polissoir Jaune (0654HP) de Horico est une fraise de polissage dentaire de haute qualit\u00e9, sp\u00e9cialement con\u00e7ue pour une utilisation avec une pi\u00e8ce \u00e0 main droite. Fabriqu\u00e9 par la renomm\u00e9e marque allemande Horico, ce polissoir offre une finition pr\u00e9cise et lisse, id\u00e9ale pour les travaux cliniques exigeants.","og_url":"https:\/\/yoestudiosalud.es\/produit\/pulidor-amarillo-0659hp-h9644-2\/","og_site_name":"yoestudiosalud.es","article_modified_time":"2025-06-17T20:58:04+00:00","og_image":[{"width":650,"height":650,"url":"https:\/\/yoestudiosalud.es\/wp-content\/uploads\/2025\/06\/0601222.jpg","type":"image\/jpeg"}],"twitter_card":"summary_large_image","twitter_misc":{"Dur\u00e9e de lecture estim\u00e9e":"1 minute"},"schema":{"@context":"https:\/\/schema.org","@graph":[{"@type":"WebPage","@id":"https:\/\/yoestudiosalud.es\/produit\/pulidor-amarillo-0659hp-h9644-2\/","url":"https:\/\/yoestudiosalud.es\/produit\/pulidor-amarillo-0659hp-h9644-2\/","name":"PULIDOR AMARILLO (0654HP \/ H9644) - yoestudiosalud.es","isPartOf":{"@id":"https:\/\/yoestudiosalud.es\/en\/#website"},"primaryImageOfPage":{"@id":"https:\/\/yoestudiosalud.es\/produit\/pulidor-amarillo-0659hp-h9644-2\/#primaryimage"},"image":{"@id":"https:\/\/yoestudiosalud.es\/produit\/pulidor-amarillo-0659hp-h9644-2\/#primaryimage"},"thumbnailUrl":"https:\/\/yoestudiosalud.es\/wp-content\/uploads\/2025\/06\/0601222.jpg","datePublished":"2025-06-13T11:02:30+00:00","dateModified":"2025-06-17T20:58:04+00:00","breadcrumb":{"@id":"https:\/\/yoestudiosalud.es\/produit\/pulidor-amarillo-0659hp-h9644-2\/#breadcrumb"},"inLanguage":"fr-FR","potentialAction":[{"@type":"ReadAction","target":["https:\/\/yoestudiosalud.es\/produit\/pulidor-amarillo-0659hp-h9644-2\/"]}]},{"@type":"ImageObject","inLanguage":"fr-FR","@id":"https:\/\/yoestudiosalud.es\/produit\/pulidor-amarillo-0659hp-h9644-2\/#primaryimage","url":"https:\/\/yoestudiosalud.es\/wp-content\/uploads\/2025\/06\/0601222.jpg","contentUrl":"https:\/\/yoestudiosalud.es\/wp-content\/uploads\/2025\/06\/0601222.jpg","width":650,"height":650},{"@type":"BreadcrumbList","@id":"https:\/\/yoestudiosalud.es\/produit\/pulidor-amarillo-0659hp-h9644-2\/#breadcrumb","itemListElement":[{"@type":"ListItem","position":1,"name":"Portada","item":"https:\/\/yoestudiosalud.es\/fr\/"},{"@type":"ListItem","position":2,"name":"Boutique","item":"https:\/\/yoestudiosalud.es\/fr\/boutique\/"},{"@type":"ListItem","position":3,"name":"PULIDOR AMARILLO (0654HP \/ H9644)"}]},{"@type":"WebSite","@id":"https:\/\/yoestudiosalud.es\/en\/#website","url":"https:\/\/yoestudiosalud.es\/en\/","name":"yoestudiosalud.es","description":"Material para estudiantes del sector salud","publisher":{"@id":"https:\/\/yoestudiosalud.es\/en\/#organization"},"potentialAction":[{"@type":"SearchAction","target":{"@type":"EntryPoint","urlTemplate":"https:\/\/yoestudiosalud.es\/en\/?s={search_term_string}"},"query-input":{"@type":"PropertyValueSpecification","valueRequired":true,"valueName":"search_term_string"}}],"inLanguage":"fr-FR"},{"@type":"Organization","@id":"https:\/\/yoestudiosalud.es\/en\/#organization","name":"yoestudiosalud.es","url":"https:\/\/yoestudiosalud.es\/en\/","logo":{"@type":"ImageObject","inLanguage":"fr-FR","@id":"https:\/\/yoestudiosalud.es\/en\/#\/schema\/logo\/image\/","url":"https:\/\/yoestudiosalud.es\/wp-content\/uploads\/2020\/04\/logonew-e1698080827687.png","contentUrl":"https:\/\/yoestudiosalud.es\/wp-content\/uploads\/2020\/04\/logonew-e1698080827687.png","width":421,"height":393,"caption":"yoestudiosalud.es"},"image":{"@id":"https:\/\/yoestudiosalud.es\/en\/#\/schema\/logo\/image\/"}}]}},"_links":{"self":[{"href":"https:\/\/yoestudiosalud.es\/fr\/wp-json\/wp\/v2\/product\/31986","targetHints":{"allow":["GET"]}}],"collection":[{"href":"https:\/\/yoestudiosalud.es\/fr\/wp-json\/wp\/v2\/product"}],"about":[{"href":"https:\/\/yoestudiosalud.es\/fr\/wp-json\/wp\/v2\/types\/product"}],"wp:featuredmedia":[{"embeddable":true,"href":"https:\/\/yoestudiosalud.es\/fr\/wp-json\/wp\/v2\/media\/31941"}],"wp:attachment":[{"href":"https:\/\/yoestudiosalud.es\/fr\/wp-json\/wp\/v2\/media?parent=31986"}],"wp:term":[{"taxonomy":"product_brand","embeddable":true,"href":"https:\/\/yoestudiosalud.es\/fr\/wp-json\/wp\/v2\/product_brand?post=31986"},{"taxonomy":"product_cat","embeddable":true,"href":"https:\/\/yoestudiosalud.es\/fr\/wp-json\/wp\/v2\/product_cat?post=31986"},{"taxonomy":"product_tag","embeddable":true,"href":"https:\/\/yoestudiosalud.es\/fr\/wp-json\/wp\/v2\/product_tag?post=31986"}],"curies":[{"name":"wp","href":"https:\/\/api.w.org\/{rel}","templated":true}]}}