{"id":30420,"date":"2023-06-09T12:38:35","date_gmt":"2023-06-09T12:38:35","guid":{"rendered":"https:\/\/yoestudiosalud.es\/producto\/littmann-regle-pour-la-lecture-decg\/"},"modified":"2025-04-11T15:30:05","modified_gmt":"2025-04-11T15:30:05","slug":"littmann-regle-pour-la-lecture-decg","status":"publish","type":"product","link":"https:\/\/yoestudiosalud.es\/fr\/produit\/littmann-regle-pour-la-lecture-decg\/","title":{"rendered":"LITTMANN R\u00c8GLE POUR LA LECTURE D&#8217;ECG"},"content":{"rendered":"<p data-sourcepos=\"1:1-1:166\">La r\u00e8gle Littmann pour la lecture d&#8217;ECG est une carte utilis\u00e9e dans le domaine m\u00e9dical pour lire, analyser et interpr\u00e9ter les enregistrements \u00e9lectrocardiographiques.<\/p>\n<p data-sourcepos=\"3:1-3:179\">Son design pratique et fonctionnel permet aux professionnels de la sant\u00e9 d&#8217;effectuer des mesures pr\u00e9cises et de d\u00e9terminer efficacement les caract\u00e9ristiques des trac\u00e9s cardiaques.<\/p>\n<p data-sourcepos=\"5:1-5:329\">Cette carte-r\u00e8gle est compos\u00e9e d&#8217;un mat\u00e9riau r\u00e9sistant et transparent, g\u00e9n\u00e9ralement en plastique, avec diff\u00e9rentes \u00e9chelles et mesures grav\u00e9es sur sa surface. Ces \u00e9chelles comprennent la fr\u00e9quence cardiaque, la dur\u00e9e des intervalles, la hauteur des ondes et d&#8217;autres param\u00e8tres pertinents pour l&#8217;analyse de l&#8217;\u00e9lectrocardiogramme.<\/p>\n<p data-sourcepos=\"7:1-7:173\">En utilisant la carte-r\u00e8gle pour lire les \u00e9lectrocardiogrammes, le m\u00e9decin ou le sp\u00e9cialiste en \u00e9lectrocardiographie place la carte directement sur l&#8217;enregistrement imprim\u00e9.<\/p>\n<p data-sourcepos=\"9:1-11:30\">Gr\u00e2ce aux \u00e9chelles grav\u00e9es sur la carte, on peut mesurer avec pr\u00e9cision diff\u00e9rents aspects du trac\u00e9, tels que : Dur\u00e9e des intervalles PR, QRS et QT Hauteur des ondes P, QRS et T.<\/p>\n<p data-sourcepos=\"13:1-13:271\">La carte-r\u00e8gle Littmann pour la lecture d&#8217;ECG est particuli\u00e8rement utile pour effectuer des mesures rapides et pr\u00e9cises, ce qui permet au professionnel d&#8217;analyser et de diagnostiquer plus efficacement les troubles du rythme cardiaque et autres troubles cardiovasculaires.<\/p>\n<p data-sourcepos=\"15:1-15:141\">De plus, \u00e9tant transparente, la carte-r\u00e8gle facilite \u00e9galement l&#8217;identification des arythmies et des anomalies dans les \u00e9lectrocardiogrammes.<\/p>\n<p data-sourcepos=\"17:1-17:158\">La carte-r\u00e8gle pour lire les \u00e9lectrocardiogrammes n&#8217;est pas seulement utilis\u00e9e dans le domaine clinique, mais aussi dans la formation et l&#8217;\u00e9ducation m\u00e9dicale.<\/p>\n<p data-sourcepos=\"19:1-19:196\">Un outil d&#8217;une grande aide pour les \u00e9tudiants et les r\u00e9sidents qui apprennent \u00e0 interpr\u00e9ter les enregistrements \u00e9lectrocardiographiques, elle leur permet en outre d&#8217;effectuer des mesures pr\u00e9cises.<\/p>\n<p data-sourcepos=\"21:1-21:94\">Par cons\u00e9quent, cette carte aide \u00e0 mieux comprendre les diff\u00e9rents aspects du trac\u00e9 cardiaque.<\/p>\n<p data-sourcepos=\"23:1-23:262\">En r\u00e9sum\u00e9, la carte-r\u00e8gle Littmann pour la lecture d&#8217;ECG (\u00e9lectrocardiogrammes) est un outil essentiel dans le domaine m\u00e9dical. Avec un design fonctionnel et pratique, elle permet d&#8217;effectuer des mesures pr\u00e9cises et d&#8217;analyser efficacement les trac\u00e9s cardiaques.<\/p>\n<p data-sourcepos=\"25:1-25:206\">Avec son aide, le diagnostic et l&#8217;interpr\u00e9tation des \u00e9lectrocardiogrammes sont facilit\u00e9s, contribuant ainsi \u00e0 une meilleure prise en charge des troubles cardiovasculaires et \u00e0 des soins m\u00e9dicaux de qualit\u00e9.<\/p>\n","protected":false},"excerpt":{"rendered":"<p>La carte Littmann r\u00e8gle pour la lecture d&#8217;ECG est un outil essentiel dans le domaine m\u00e9dical. Son design fonctionnel et pratique permet aux professionnels d&#8217;effectuer des mesures pr\u00e9cises et d&#8217;analyser efficacement les trac\u00e9s cardiaques. Avec son aide, le diagnostic et l&#8217;interpr\u00e9tation des \u00e9lectrocardiogrammes sont facilit\u00e9s.<\/p>\n","protected":false},"featured_media":30417,"template":"","meta":[],"product_brand":[],"product_cat":[718,723],"product_tag":[],"class_list":{"0":"post-30420","1":"product","2":"type-product","3":"status-publish","4":"has-post-thumbnail","6":"product_cat-medicine-fr","7":"product_cat-equipmentm-fr","8":"pa_formacion-medicina-fr","10":"first","11":"instock","12":"sale","13":"taxable","14":"shipping-taxable","15":"purchasable","16":"product-type-simple"},"yoast_head":"<!-- This site is optimized with the Yoast SEO Premium plugin v27.0 (Yoast SEO v27.2) - https:\/\/yoast.com\/product\/yoast-seo-premium-wordpress\/ -->\n<title>LITTMANN R\u00c8GLE POUR LA LECTURE D&#039;ECG - yoestudiosalud.es le d\u00e9p\u00f4t m\u00e9dical<\/title>\n<meta name=\"description\" content=\"R\u00e8gle Littmann pour la lecture d&#039;ECG utilis\u00e9e dans le domaine m\u00e9dical pour lire, analyser et interpr\u00e9ter les enregistrements \u00e9lectrocardiographiques. Achetez-la en ligne !\" \/>\n<meta name=\"robots\" content=\"index, follow, max-snippet:-1, max-image-preview:large, max-video-preview:-1\" \/>\n<link rel=\"canonical\" href=\"https:\/\/yoestudiosalud.es\/produit\/littmann-regla-para-leer-ecg\/\" \/>\n<meta property=\"og:locale\" content=\"fr_FR\" \/>\n<meta property=\"og:type\" content=\"article\" \/>\n<meta property=\"og:title\" content=\"LITTMANN R\u00c8GLE POUR LA LECTURE D&#039;ECG\" \/>\n<meta property=\"og:description\" content=\"R\u00e8gle Littmann pour la lecture d&#039;ECG utilis\u00e9e dans le domaine m\u00e9dical pour lire, analyser et interpr\u00e9ter les enregistrements \u00e9lectrocardiographiques. Achetez-la en ligne !\" \/>\n<meta property=\"og:url\" content=\"https:\/\/yoestudiosalud.es\/produit\/littmann-regla-para-leer-ecg\/\" \/>\n<meta property=\"og:site_name\" content=\"yoestudiosalud.es\" \/>\n<meta property=\"article:modified_time\" content=\"2025-04-11T15:30:05+00:00\" \/>\n<meta property=\"og:image\" content=\"https:\/\/yoestudiosalud.es\/wp-content\/uploads\/2023\/06\/004039B.jpg\" \/>\n\t<meta property=\"og:image:width\" content=\"650\" \/>\n\t<meta property=\"og:image:height\" content=\"650\" \/>\n\t<meta property=\"og:image:type\" content=\"image\/jpeg\" \/>\n<meta name=\"twitter:card\" content=\"summary_large_image\" \/>\n<meta name=\"twitter:label1\" content=\"Dur\u00e9e de lecture estim\u00e9e\" \/>\n\t<meta name=\"twitter:data1\" content=\"2 minutes\" \/>\n<script type=\"application\/ld+json\" class=\"yoast-schema-graph\">{\"@context\":\"https:\/\/schema.org\",\"@graph\":[{\"@type\":\"WebPage\",\"@id\":\"https:\/\/yoestudiosalud.es\/produit\/littmann-regla-para-leer-ecg\/\",\"url\":\"https:\/\/yoestudiosalud.es\/produit\/littmann-regla-para-leer-ecg\/\",\"name\":\"LITTMANN R\u00c8GLE POUR LA LECTURE D'ECG - yoestudiosalud.es le d\u00e9p\u00f4t m\u00e9dical\",\"isPartOf\":{\"@id\":\"https:\/\/yoestudiosalud.es\/en\/#website\"},\"primaryImageOfPage\":{\"@id\":\"https:\/\/yoestudiosalud.es\/produit\/littmann-regla-para-leer-ecg\/#primaryimage\"},\"image\":{\"@id\":\"https:\/\/yoestudiosalud.es\/produit\/littmann-regla-para-leer-ecg\/#primaryimage\"},\"thumbnailUrl\":\"https:\/\/yoestudiosalud.es\/wp-content\/uploads\/2023\/06\/004039B.jpg\",\"datePublished\":\"2023-06-09T12:38:35+00:00\",\"dateModified\":\"2025-04-11T15:30:05+00:00\",\"description\":\"R\u00e8gle Littmann pour la lecture d'ECG utilis\u00e9e dans le domaine m\u00e9dical pour lire, analyser et interpr\u00e9ter les enregistrements \u00e9lectrocardiographiques. Achetez-la en ligne !\",\"breadcrumb\":{\"@id\":\"https:\/\/yoestudiosalud.es\/produit\/littmann-regla-para-leer-ecg\/#breadcrumb\"},\"inLanguage\":\"fr-FR\",\"potentialAction\":[{\"@type\":\"ReadAction\",\"target\":[\"https:\/\/yoestudiosalud.es\/produit\/littmann-regla-para-leer-ecg\/\"]}]},{\"@type\":\"ImageObject\",\"inLanguage\":\"fr-FR\",\"@id\":\"https:\/\/yoestudiosalud.es\/produit\/littmann-regla-para-leer-ecg\/#primaryimage\",\"url\":\"https:\/\/yoestudiosalud.es\/wp-content\/uploads\/2023\/06\/004039B.jpg\",\"contentUrl\":\"https:\/\/yoestudiosalud.es\/wp-content\/uploads\/2023\/06\/004039B.jpg\",\"width\":650,\"height\":650,\"caption\":\"LITTMANN REGLA PARA LEER ECG\"},{\"@type\":\"BreadcrumbList\",\"@id\":\"https:\/\/yoestudiosalud.es\/produit\/littmann-regla-para-leer-ecg\/#breadcrumb\",\"itemListElement\":[{\"@type\":\"ListItem\",\"position\":1,\"name\":\"Portada\",\"item\":\"https:\/\/yoestudiosalud.es\/fr\/\"},{\"@type\":\"ListItem\",\"position\":2,\"name\":\"Boutique\",\"item\":\"https:\/\/yoestudiosalud.es\/fr\/boutique\/\"},{\"@type\":\"ListItem\",\"position\":3,\"name\":\"LITTMANN R\u00c8GLE POUR LA LECTURE D&#8217;ECG\"}]},{\"@type\":\"WebSite\",\"@id\":\"https:\/\/yoestudiosalud.es\/en\/#website\",\"url\":\"https:\/\/yoestudiosalud.es\/en\/\",\"name\":\"yoestudiosalud.es\",\"description\":\"Material para estudiantes del sector salud\",\"publisher\":{\"@id\":\"https:\/\/yoestudiosalud.es\/en\/#organization\"},\"potentialAction\":[{\"@type\":\"SearchAction\",\"target\":{\"@type\":\"EntryPoint\",\"urlTemplate\":\"https:\/\/yoestudiosalud.es\/en\/?s={search_term_string}\"},\"query-input\":{\"@type\":\"PropertyValueSpecification\",\"valueRequired\":true,\"valueName\":\"search_term_string\"}}],\"inLanguage\":\"fr-FR\"},{\"@type\":\"Organization\",\"@id\":\"https:\/\/yoestudiosalud.es\/en\/#organization\",\"name\":\"yoestudiosalud.es\",\"url\":\"https:\/\/yoestudiosalud.es\/en\/\",\"logo\":{\"@type\":\"ImageObject\",\"inLanguage\":\"fr-FR\",\"@id\":\"https:\/\/yoestudiosalud.es\/en\/#\/schema\/logo\/image\/\",\"url\":\"https:\/\/yoestudiosalud.es\/wp-content\/uploads\/2020\/04\/logonew-e1698080827687.png\",\"contentUrl\":\"https:\/\/yoestudiosalud.es\/wp-content\/uploads\/2020\/04\/logonew-e1698080827687.png\",\"width\":421,\"height\":393,\"caption\":\"yoestudiosalud.es\"},\"image\":{\"@id\":\"https:\/\/yoestudiosalud.es\/en\/#\/schema\/logo\/image\/\"}}]}<\/script>\n<!-- \/ Yoast SEO Premium plugin. -->","yoast_head_json":{"title":"LITTMANN R\u00c8GLE POUR LA LECTURE D'ECG - yoestudiosalud.es le d\u00e9p\u00f4t m\u00e9dical","description":"R\u00e8gle Littmann pour la lecture d'ECG utilis\u00e9e dans le domaine m\u00e9dical pour lire, analyser et interpr\u00e9ter les enregistrements \u00e9lectrocardiographiques. Achetez-la en ligne !","robots":{"index":"index","follow":"follow","max-snippet":"max-snippet:-1","max-image-preview":"max-image-preview:large","max-video-preview":"max-video-preview:-1"},"canonical":"https:\/\/yoestudiosalud.es\/produit\/littmann-regla-para-leer-ecg\/","og_locale":"fr_FR","og_type":"article","og_title":"LITTMANN R\u00c8GLE POUR LA LECTURE D'ECG","og_description":"R\u00e8gle Littmann pour la lecture d'ECG utilis\u00e9e dans le domaine m\u00e9dical pour lire, analyser et interpr\u00e9ter les enregistrements \u00e9lectrocardiographiques. Achetez-la en ligne !","og_url":"https:\/\/yoestudiosalud.es\/produit\/littmann-regla-para-leer-ecg\/","og_site_name":"yoestudiosalud.es","article_modified_time":"2025-04-11T15:30:05+00:00","og_image":[{"width":650,"height":650,"url":"https:\/\/yoestudiosalud.es\/wp-content\/uploads\/2023\/06\/004039B.jpg","type":"image\/jpeg"}],"twitter_card":"summary_large_image","twitter_misc":{"Dur\u00e9e de lecture estim\u00e9e":"2 minutes"},"schema":{"@context":"https:\/\/schema.org","@graph":[{"@type":"WebPage","@id":"https:\/\/yoestudiosalud.es\/produit\/littmann-regla-para-leer-ecg\/","url":"https:\/\/yoestudiosalud.es\/produit\/littmann-regla-para-leer-ecg\/","name":"LITTMANN R\u00c8GLE POUR LA LECTURE D'ECG - yoestudiosalud.es le d\u00e9p\u00f4t m\u00e9dical","isPartOf":{"@id":"https:\/\/yoestudiosalud.es\/en\/#website"},"primaryImageOfPage":{"@id":"https:\/\/yoestudiosalud.es\/produit\/littmann-regla-para-leer-ecg\/#primaryimage"},"image":{"@id":"https:\/\/yoestudiosalud.es\/produit\/littmann-regla-para-leer-ecg\/#primaryimage"},"thumbnailUrl":"https:\/\/yoestudiosalud.es\/wp-content\/uploads\/2023\/06\/004039B.jpg","datePublished":"2023-06-09T12:38:35+00:00","dateModified":"2025-04-11T15:30:05+00:00","description":"R\u00e8gle Littmann pour la lecture d'ECG utilis\u00e9e dans le domaine m\u00e9dical pour lire, analyser et interpr\u00e9ter les enregistrements \u00e9lectrocardiographiques. Achetez-la en ligne !","breadcrumb":{"@id":"https:\/\/yoestudiosalud.es\/produit\/littmann-regla-para-leer-ecg\/#breadcrumb"},"inLanguage":"fr-FR","potentialAction":[{"@type":"ReadAction","target":["https:\/\/yoestudiosalud.es\/produit\/littmann-regla-para-leer-ecg\/"]}]},{"@type":"ImageObject","inLanguage":"fr-FR","@id":"https:\/\/yoestudiosalud.es\/produit\/littmann-regla-para-leer-ecg\/#primaryimage","url":"https:\/\/yoestudiosalud.es\/wp-content\/uploads\/2023\/06\/004039B.jpg","contentUrl":"https:\/\/yoestudiosalud.es\/wp-content\/uploads\/2023\/06\/004039B.jpg","width":650,"height":650,"caption":"LITTMANN REGLA PARA LEER ECG"},{"@type":"BreadcrumbList","@id":"https:\/\/yoestudiosalud.es\/produit\/littmann-regla-para-leer-ecg\/#breadcrumb","itemListElement":[{"@type":"ListItem","position":1,"name":"Portada","item":"https:\/\/yoestudiosalud.es\/fr\/"},{"@type":"ListItem","position":2,"name":"Boutique","item":"https:\/\/yoestudiosalud.es\/fr\/boutique\/"},{"@type":"ListItem","position":3,"name":"LITTMANN R\u00c8GLE POUR LA LECTURE D&#8217;ECG"}]},{"@type":"WebSite","@id":"https:\/\/yoestudiosalud.es\/en\/#website","url":"https:\/\/yoestudiosalud.es\/en\/","name":"yoestudiosalud.es","description":"Material para estudiantes del sector salud","publisher":{"@id":"https:\/\/yoestudiosalud.es\/en\/#organization"},"potentialAction":[{"@type":"SearchAction","target":{"@type":"EntryPoint","urlTemplate":"https:\/\/yoestudiosalud.es\/en\/?s={search_term_string}"},"query-input":{"@type":"PropertyValueSpecification","valueRequired":true,"valueName":"search_term_string"}}],"inLanguage":"fr-FR"},{"@type":"Organization","@id":"https:\/\/yoestudiosalud.es\/en\/#organization","name":"yoestudiosalud.es","url":"https:\/\/yoestudiosalud.es\/en\/","logo":{"@type":"ImageObject","inLanguage":"fr-FR","@id":"https:\/\/yoestudiosalud.es\/en\/#\/schema\/logo\/image\/","url":"https:\/\/yoestudiosalud.es\/wp-content\/uploads\/2020\/04\/logonew-e1698080827687.png","contentUrl":"https:\/\/yoestudiosalud.es\/wp-content\/uploads\/2020\/04\/logonew-e1698080827687.png","width":421,"height":393,"caption":"yoestudiosalud.es"},"image":{"@id":"https:\/\/yoestudiosalud.es\/en\/#\/schema\/logo\/image\/"}}]}},"_links":{"self":[{"href":"https:\/\/yoestudiosalud.es\/fr\/wp-json\/wp\/v2\/product\/30420","targetHints":{"allow":["GET"]}}],"collection":[{"href":"https:\/\/yoestudiosalud.es\/fr\/wp-json\/wp\/v2\/product"}],"about":[{"href":"https:\/\/yoestudiosalud.es\/fr\/wp-json\/wp\/v2\/types\/product"}],"wp:featuredmedia":[{"embeddable":true,"href":"https:\/\/yoestudiosalud.es\/fr\/wp-json\/wp\/v2\/media\/30417"}],"wp:attachment":[{"href":"https:\/\/yoestudiosalud.es\/fr\/wp-json\/wp\/v2\/media?parent=30420"}],"wp:term":[{"taxonomy":"product_brand","embeddable":true,"href":"https:\/\/yoestudiosalud.es\/fr\/wp-json\/wp\/v2\/product_brand?post=30420"},{"taxonomy":"product_cat","embeddable":true,"href":"https:\/\/yoestudiosalud.es\/fr\/wp-json\/wp\/v2\/product_cat?post=30420"},{"taxonomy":"product_tag","embeddable":true,"href":"https:\/\/yoestudiosalud.es\/fr\/wp-json\/wp\/v2\/product_tag?post=30420"}],"curies":[{"name":"wp","href":"https:\/\/api.w.org\/{rel}","templated":true}]}}